{"id":437,"date":"2025-07-10T08:36:22","date_gmt":"2025-07-10T06:36:22","guid":{"rendered":"https:\/\/univet.hu\/konyvtar\/journals\/"},"modified":"2026-01-12T13:55:14","modified_gmt":"2026-01-12T12:55:14","slug":"journals","status":"publish","type":"page","link":"https:\/\/univet.hu\/konyvtar\/en\/resources\/journals\/","title":{"rendered":"Journals"},"content":{"rendered":"<p>Subscribed journals are accessible from home via VPN for teachers and students.<\/p> <p>Journal packages (the journals included in the packages are only available online on the publisher&#8217;s website \u2013 <a href=\"https:\/\/univet.hu\/konyvtar\/wp-content\/uploads\/sites\/17\/2025\/10\/journal_subscription_2025.xlsx\">the complete list of titles for 2025 is available here<\/a>):<\/p> <table> <tbody> <tr> <td width=\"200px\"><strong>N\u00e9v<\/strong><\/td> <td width=\"100px\"><strong>El\u00e9r\u00e9s<\/strong><\/td> <td width=\"50px\"><strong>Link<\/strong><\/td> <td width=\"200px\"><strong>Inform\u00e1ci\u00f3k<\/strong><\/td> <\/tr> <tr> <td width=\"200px\">Akad\u00e9miai Kiad\u00f3<\/td> <td>campus \/ VPN<\/td> <td><a href=\"https:\/\/akjournals.com\/\" target=\"_blank\" rel=\"noopener noreferrer\">Link<\/a><\/td> <td>journals<\/td> <\/tr> <tr> <td>Cambridge University Press \u2013 mez\u0151gazdasgi foly\u00f3irat csomagja<\/td> <td>campus \/ VPN<\/td> <td><a href=\"https:\/\/www.cambridge.org\/core\">Link<\/a><\/td> <td>Agricultural and Resource Economics Review, Animal, Experimental Agriculture, Genetics Research, Invasive Plant Science and Management, Journal of Agricultural and Applied Economic, Journal of Agricultural Science, The, Journal of Dairy Research, Plant Genetic Resources, Renewable Agriculture and Food Systems, Seed Science Research, Weed Science, Weed Technology, World\u2019s Poultry Science Journal<\/td> <\/tr> <tr> <td>Nature<\/td> <td>campus \/ VPN<\/td> <td><a href=\"https:\/\/www.nature.com\/\">Link<\/a><\/td> <td>Nature journal<\/td> <\/tr> <tr> <td>Springer Link<\/td> <td>campus \/ VPN<\/td> <td><a href=\"https:\/\/link.springer.com\/\">Link<\/a><\/td> <td>Springer journals<\/td> <\/tr> <tr> <td>ScienceDirect<\/td> <td>campus \/ VPN<\/td> <td><a href=\"https:\/\/www.sciencedirect.com\/\">Link<\/a><\/td> <td>by Elsevier<\/td> <\/tr> <tr> <td>Wiley Online Library<\/td> <td>campus \/ VPN<\/td> <td><a href=\"https:\/\/onlinelibrary.wiley.com\/\">Link<\/a><\/td> <td>by Wiley<\/td> <\/tr> <\/tbody> <\/table> <p>Other journals:<\/p> <table width=\"524\"> <tbody> <tr> <td width=\"330\"><a href=\"https:\/\/journals.asm.org\/journal\/aem\">Applied And Environmental Microbiology<\/a><\/td> <td width=\"194\">1098-5336<\/td> <\/tr> <tr> <td><a href=\"https:\/\/www.tandfonline.com\/journals\/cavp20\">Avian Pathology\u00a0<\/a><\/td> <td width=\"194\">1465-3338<\/td> <\/tr> <tr> <td><a href=\"https:\/\/cdnsciencepub.com\/journal\/cjas\">Canadian Journal Of Animal Science<\/a><\/td> <td width=\"194\">1918-1825<\/td> <\/tr> <tr> <td><a href=\"https:\/\/journals.asm.org\/journal\/jcm\">Journal Of Clinical Microbiology<\/a><\/td> <td width=\"194\">1098-660X<\/td> <\/tr> <tr> <td><a href=\"https:\/\/bioone.org\/journals\/journal-of-herpetological-medicine-and-surgery\/current\">Journal Of Herpetological Medicine And Surgery<\/a><\/td> <td width=\"194\">2374-9504<\/td> <\/tr> <tr> <td><a href=\"https:\/\/avmajournals.avma.org\/view\/journals\/javma\/javma-overview.xml\">Journal of The American Veterinary Medical Association<\/a><\/td> <td width=\"194\">0003-1488<\/td> <\/tr> <tr> <td><a href=\"https:\/\/journals.sagepub.com\/home\/jov\">Journal Of Veterinary Dentistry<\/a><\/td> <td width=\"194\">2470-4083<\/td> <\/tr> <tr> <td><a href=\"https:\/\/meridian.allenpress.com\/jwd\">Journal Of Wildlife Diseases<\/a><\/td> <td width=\"194\">1943-3700<\/td> <\/tr> <tr> <td><a href=\"https:\/\/journals.sagepub.com\/home\/lan\">Laboratory Animals<\/a><\/td> <td width=\"194\">1758-1117<\/td> <\/tr> <tr> <td><a href=\"https:\/\/www.sciquest.org.nz\/nzvj\">New Zealand Veterinary Journal<\/a><\/td> <td width=\"194\">1176-0710<\/td> <\/tr> <tr> <td><a href=\"https:\/\/www.thieme-connect.com\/products\/ejournals\/journal\/10.1055\/s-00034912\">Tieraerztliche Praxis Ausgabe G<\/a><\/td> <td width=\"194\">2567\u20135834<\/td> <\/tr> <tr> <td><a href=\"https:\/\/www.thieme-connect.com\/products\/ejournals\/journal\/10.1055\/s-00034911\">Tieraerztliche Praxis Ausgabe K<\/a><\/td> <td width=\"194\">2567\u20135842<\/td> <\/tr> <tr> <td><a href=\"https:\/\/home.liebertpub.com\/publications\/vector-borne-and-zoonotic-diseases\/67\/overview\">Vector Borne And Zoonotic Diseases<\/a><\/td> <td width=\"194\">1557-7759<\/td> <\/tr> <tr> <td><a href=\"http:\/\/veterinary%20&amp;%20comparative%20orthopaedics%20&amp;%20traumatology\/\">Veterinary &amp; Comparative Orthopaedics &amp; Traumatology<\/a><\/td> <td width=\"194\">2567-6911<\/td> <\/tr> <\/tbody> <\/table> <p>&nbsp;<\/p> <table width=\"453\"> <tbody> <tr> <td width=\"359\"><a href=\"https:\/\/www.sciencedirect.com\/journal\/trends-in-parasitology\">Trends In Parasitology<\/a><\/td> <td width=\"94\">1471-5007<\/td> <\/tr> <tr> <td><a href=\"https:\/\/www.sciencedirect.com\/journal\/veterinary-clinics-of-north-america-equine-practice\">Veterinary Clinics Of North America : Equine Practice<\/a><\/td> <td width=\"94\">0749-0739<\/td> <\/tr> <tr> <td><a href=\"https:\/\/www.sciencedirect.com\/journal\/veterinary-clinics-of-north-america-exotic-animal-practice\">Veterinary Clinics Of North America : Exotic Animal Practice<\/a><\/td> <td width=\"94\">1094-9194<\/td> <\/tr> <tr> <td><a href=\"https:\/\/www.sciencedirect.com\/journal\/veterinary-clinics-of-north-america-food-animal-practice\">Veterinary Clinics Of North America : Food Animal Practice<\/a><\/td> <td width=\"94\">0749-0720<\/td> <\/tr> <tr> <td><a href=\"https:\/\/www.sciencedirect.com\/journal\/veterinary-clinics-of-north-america-small-animal-practice\">Veterinary Clinics Of North America : Small Animal Practice<\/a><\/td> <td width=\"94\">0195-5616<\/td> <\/tr> <\/tbody> <\/table> <p>Journals available through\u00a0<a href=\"http:\/\/search.ebscohost.com\/\" target=\"_blank\" rel=\"noopener noreferrer\">CAB Abstracts with full text:<\/a><\/p> <table width=\"603\"> <tbody> <tr> <td width=\"396\">Anthrozoos<\/td> <td width=\"207\">1753-0377<\/td> <\/tr> <tr> <td>Journal Of Animal Science<\/td> <td width=\"207\">1525-3163<\/td> <\/tr> <tr> <td>Journal Of Applied Animal Welfare Science<\/td> <td width=\"207\">1532-7604<\/td> <\/tr> <tr> <td>Journal Of Feline Medicine And Surgery<\/td> <td width=\"207\">1532-2750<\/td> <\/tr> <tr> <td>Journal Of The American Animal Hospital Association<\/td> <td width=\"207\">1547-3317<\/td> <\/tr> <tr> <td>Journal Of Veterinary Diagnostic Investigation<\/td> <td width=\"207\">1943-4936<\/td> <\/tr> <tr> <td>Journal Of Veterinary Medical Education<\/td> <td width=\"207\">1943-7218<\/td> <\/tr> <tr> <td>Veterinary Pathology<\/td> <td width=\"207\">1544-2217<\/td> <\/tr> <tr> <td>Veterinary Record<\/td> <td width=\"207\"><\/td> <\/tr> <tr> <td>In Practice<\/td> <\/tr> <\/tbody> <\/table> <p>&nbsp;<\/p>","protected":false},"excerpt":{"rendered":"<p>Subscribed journals are accessible from home via VPN for teachers and students. Journal packages (the journals included in the packages are only available online on the publisher&#8217;s website \u2013 the complete list of titles for 2025 is available here): N\u00e9v El\u00e9r\u00e9s Link Inform\u00e1ci\u00f3k Akad\u00e9miai Kiad\u00f3 campus \/ VPN Link journals Cambridge University Press \u2013 mez\u0151gazdasgi<\/p>\n","protected":false},"author":58,"featured_media":0,"parent":553,"menu_order":0,"comment_status":"closed","ping_status":"closed","template":"","meta":{"_acf_changed":false,"_eb_attr":"","footnotes":""},"categories":[23],"tags":[],"class_list":["post-437","page","type-page","status-publish","hentry","category-forrasok-en"],"acf":[],"yoast_head":"<!-- This site is optimized with the Yoast SEO plugin v27.2 - https:\/\/yoast.com\/product\/yoast-seo-wordpress\/ -->\n<title>Journals - Hut\u00ffra Ferenc K\u00f6nyvt\u00e1r, Lev\u00e9lt\u00e1r \u00e9s M\u00fazeum<\/title>\n<meta name=\"robots\" content=\"index, follow, max-snippet:-1, max-image-preview:large, max-video-preview:-1\" \/>\n<link rel=\"canonical\" href=\"https:\/\/univet.hu\/konyvtar\/en\/resources\/journals\/\" \/>\n<meta property=\"og:locale\" content=\"en_US\" \/>\n<meta property=\"og:type\" content=\"article\" \/>\n<meta property=\"og:title\" content=\"Journals - Hut\u00ffra Ferenc K\u00f6nyvt\u00e1r, Lev\u00e9lt\u00e1r \u00e9s M\u00fazeum\" \/>\n<meta property=\"og:description\" content=\"Subscribed journals are accessible from home via VPN for teachers and students. Journal packages (the journals included in the packages are only available online on the publisher&#8217;s website \u2013 the complete list of titles for 2025 is available here): N\u00e9v El\u00e9r\u00e9s Link Inform\u00e1ci\u00f3k Akad\u00e9miai Kiad\u00f3 campus \/ VPN Link journals Cambridge University Press \u2013 mez\u0151gazdasgi\" \/>\n<meta property=\"og:url\" content=\"https:\/\/univet.hu\/konyvtar\/en\/resources\/journals\/\" \/>\n<meta property=\"og:site_name\" content=\"Hut\u00ffra Ferenc K\u00f6nyvt\u00e1r, Lev\u00e9lt\u00e1r \u00e9s M\u00fazeum\" \/>\n<meta property=\"article:modified_time\" content=\"2026-01-12T12:55:14+00:00\" \/>\n<meta name=\"twitter:card\" content=\"summary_large_image\" \/>\n<meta name=\"twitter:label1\" content=\"Est. reading time\" \/>\n\t<meta name=\"twitter:data1\" content=\"2 minutes\" \/>\n<script type=\"application\/ld+json\" class=\"yoast-schema-graph\">{\"@context\":\"https:\/\/schema.org\",\"@graph\":[{\"@type\":\"WebPage\",\"@id\":\"https:\/\/univet.hu\/konyvtar\/en\/resources\/journals\/\",\"url\":\"https:\/\/univet.hu\/konyvtar\/en\/resources\/journals\/\",\"name\":\"Journals - Hut\u00ffra Ferenc K\u00f6nyvt\u00e1r, Lev\u00e9lt\u00e1r \u00e9s M\u00fazeum\",\"isPartOf\":{\"@id\":\"https:\/\/univet.hu\/konyvtar\/#website\"},\"datePublished\":\"2025-07-10T06:36:22+00:00\",\"dateModified\":\"2026-01-12T12:55:14+00:00\",\"breadcrumb\":{\"@id\":\"https:\/\/univet.hu\/konyvtar\/en\/resources\/journals\/#breadcrumb\"},\"inLanguage\":\"en-US\",\"potentialAction\":[{\"@type\":\"ReadAction\",\"target\":[\"https:\/\/univet.hu\/konyvtar\/en\/resources\/journals\/\"]}]},{\"@type\":\"BreadcrumbList\",\"@id\":\"https:\/\/univet.hu\/konyvtar\/en\/resources\/journals\/#breadcrumb\",\"itemListElement\":[{\"@type\":\"ListItem\",\"position\":1,\"name\":\"Kezd\u0151lap\",\"item\":\"https:\/\/univet.hu\/konyvtar\/\"},{\"@type\":\"ListItem\",\"position\":2,\"name\":\"Resources\",\"item\":\"https:\/\/univet.hu\/konyvtar\/en\/resources\/\"},{\"@type\":\"ListItem\",\"position\":3,\"name\":\"Journals\"}]},{\"@type\":\"WebSite\",\"@id\":\"https:\/\/univet.hu\/konyvtar\/#website\",\"url\":\"https:\/\/univet.hu\/konyvtar\/\",\"name\":\"Hut\u00ffra Ferenc K\u00f6nyvt\u00e1r, Lev\u00e9lt\u00e1r \u00e9s M\u00fazeum\",\"description\":\"\",\"potentialAction\":[{\"@type\":\"SearchAction\",\"target\":{\"@type\":\"EntryPoint\",\"urlTemplate\":\"https:\/\/univet.hu\/konyvtar\/?s={search_term_string}\"},\"query-input\":{\"@type\":\"PropertyValueSpecification\",\"valueRequired\":true,\"valueName\":\"search_term_string\"}}],\"inLanguage\":\"en-US\"}]}<\/script>\n<!-- \/ Yoast SEO plugin. -->","yoast_head_json":{"title":"Journals - Hut\u00ffra Ferenc K\u00f6nyvt\u00e1r, Lev\u00e9lt\u00e1r \u00e9s M\u00fazeum","robots":{"index":"index","follow":"follow","max-snippet":"max-snippet:-1","max-image-preview":"max-image-preview:large","max-video-preview":"max-video-preview:-1"},"canonical":"https:\/\/univet.hu\/konyvtar\/en\/resources\/journals\/","og_locale":"en_US","og_type":"article","og_title":"Journals - Hut\u00ffra Ferenc K\u00f6nyvt\u00e1r, Lev\u00e9lt\u00e1r \u00e9s M\u00fazeum","og_description":"Subscribed journals are accessible from home via VPN for teachers and students. Journal packages (the journals included in the packages are only available online on the publisher&#8217;s website \u2013 the complete list of titles for 2025 is available here): N\u00e9v El\u00e9r\u00e9s Link Inform\u00e1ci\u00f3k Akad\u00e9miai Kiad\u00f3 campus \/ VPN Link journals Cambridge University Press \u2013 mez\u0151gazdasgi","og_url":"https:\/\/univet.hu\/konyvtar\/en\/resources\/journals\/","og_site_name":"Hut\u00ffra Ferenc K\u00f6nyvt\u00e1r, Lev\u00e9lt\u00e1r \u00e9s M\u00fazeum","article_modified_time":"2026-01-12T12:55:14+00:00","twitter_card":"summary_large_image","twitter_misc":{"Est. reading time":"2 minutes"},"schema":{"@context":"https:\/\/schema.org","@graph":[{"@type":"WebPage","@id":"https:\/\/univet.hu\/konyvtar\/en\/resources\/journals\/","url":"https:\/\/univet.hu\/konyvtar\/en\/resources\/journals\/","name":"Journals - Hut\u00ffra Ferenc K\u00f6nyvt\u00e1r, Lev\u00e9lt\u00e1r \u00e9s M\u00fazeum","isPartOf":{"@id":"https:\/\/univet.hu\/konyvtar\/#website"},"datePublished":"2025-07-10T06:36:22+00:00","dateModified":"2026-01-12T12:55:14+00:00","breadcrumb":{"@id":"https:\/\/univet.hu\/konyvtar\/en\/resources\/journals\/#breadcrumb"},"inLanguage":"en-US","potentialAction":[{"@type":"ReadAction","target":["https:\/\/univet.hu\/konyvtar\/en\/resources\/journals\/"]}]},{"@type":"BreadcrumbList","@id":"https:\/\/univet.hu\/konyvtar\/en\/resources\/journals\/#breadcrumb","itemListElement":[{"@type":"ListItem","position":1,"name":"Kezd\u0151lap","item":"https:\/\/univet.hu\/konyvtar\/"},{"@type":"ListItem","position":2,"name":"Resources","item":"https:\/\/univet.hu\/konyvtar\/en\/resources\/"},{"@type":"ListItem","position":3,"name":"Journals"}]},{"@type":"WebSite","@id":"https:\/\/univet.hu\/konyvtar\/#website","url":"https:\/\/univet.hu\/konyvtar\/","name":"Hut\u00ffra Ferenc K\u00f6nyvt\u00e1r, Lev\u00e9lt\u00e1r \u00e9s M\u00fazeum","description":"","potentialAction":[{"@type":"SearchAction","target":{"@type":"EntryPoint","urlTemplate":"https:\/\/univet.hu\/konyvtar\/?s={search_term_string}"},"query-input":{"@type":"PropertyValueSpecification","valueRequired":true,"valueName":"search_term_string"}}],"inLanguage":"en-US"}]}},"_links":{"self":[{"href":"https:\/\/univet.hu\/konyvtar\/en\/wp-json\/wp\/v2\/pages\/437","targetHints":{"allow":["GET"]}}],"collection":[{"href":"https:\/\/univet.hu\/konyvtar\/en\/wp-json\/wp\/v2\/pages"}],"about":[{"href":"https:\/\/univet.hu\/konyvtar\/en\/wp-json\/wp\/v2\/types\/page"}],"author":[{"embeddable":true,"href":"https:\/\/univet.hu\/konyvtar\/en\/wp-json\/wp\/v2\/users\/58"}],"replies":[{"embeddable":true,"href":"https:\/\/univet.hu\/konyvtar\/en\/wp-json\/wp\/v2\/comments?post=437"}],"version-history":[{"count":5,"href":"https:\/\/univet.hu\/konyvtar\/en\/wp-json\/wp\/v2\/pages\/437\/revisions"}],"predecessor-version":[{"id":1049,"href":"https:\/\/univet.hu\/konyvtar\/en\/wp-json\/wp\/v2\/pages\/437\/revisions\/1049"}],"up":[{"embeddable":true,"href":"https:\/\/univet.hu\/konyvtar\/en\/wp-json\/wp\/v2\/pages\/553"}],"wp:attachment":[{"href":"https:\/\/univet.hu\/konyvtar\/en\/wp-json\/wp\/v2\/media?parent=437"}],"wp:term":[{"taxonomy":"category","embeddable":true,"href":"https:\/\/univet.hu\/konyvtar\/en\/wp-json\/wp\/v2\/categories?post=437"},{"taxonomy":"post_tag","embeddable":true,"href":"https:\/\/univet.hu\/konyvtar\/en\/wp-json\/wp\/v2\/tags?post=437"}],"curies":[{"name":"wp","href":"https:\/\/api.w.org\/{rel}","templated":true}]}}