{"id":440,"date":"2025-07-10T08:37:37","date_gmt":"2025-07-10T06:37:37","guid":{"rendered":"https:\/\/univet.hu\/konyvtar\/e-books\/"},"modified":"2026-01-12T13:55:14","modified_gmt":"2026-01-12T12:55:14","slug":"e-books","status":"publish","type":"page","link":"https:\/\/univet.hu\/konyvtar\/en\/resources\/e-books\/","title":{"rendered":"E-books"},"content":{"rendered":"<div> <p>Subscription ebooks are available to teachers and students from home through VPN access.\u00a0<a href=\"http:\/\/www2.univet.hu\/sc1\/static\/it\/vpn_reg.htm\" target=\"_blank\" rel=\"noopener noreferrer\">Information for VPN access can be found here.<\/a><\/p> <p><a href=\"https:\/\/ebookcentral.proquest.com\/lib\/u-vm\/home.action\" target=\"_blank\" rel=\"noopener\"><strong>E-books are available in the ProQuest Ebook Central.<\/strong><\/a><\/p> <\/div> <hr \/> <p>Free access:<\/p> <ul> <li><a href=\"http:\/\/www.europeana.eu\/\" target=\"_blank\" rel=\"noopener\">Europeana<\/a><\/li> <li><a title=\"FAO\" href=\"http:\/\/www.fao.org\/publications\/en\/\" target=\"_blank\" rel=\"noopener noreferrer\">FAO Publications<\/a><\/li> <li><a class=\"caption\" title=\"Biodiversity Heritage Library\" href=\"http:\/\/www.biodiversitylibrary.org\/\" target=\"_blank\" rel=\"noopener noreferrer\">Biodiversity Heritage Library<\/a><\/li> <li><a class=\"caption\" title=\"G\u00f6ttinger Digitalisierungszentrum\" href=\"http:\/\/gdz.sub.uni-goettingen.de\/dms\/colbrowse\/?DC=zoologica\" target=\"_blank\" rel=\"noopener noreferrer\">G\u00f6ttinger Digitalisierungszentrum<\/a><\/li> <li><a class=\"caption\" title=\"Magyar Elektronikus K\u00f6nyvt\u00e1r\" href=\"http:\/\/mek.oszk.hu\/\" target=\"_blank\" rel=\"noopener noreferrer\">Magyar Elektronikus K\u00f6nyvt\u00e1r<\/a><\/li> <li><a title=\"World Organisation for Animal Health\" href=\"http:\/\/www.oie.int\/publications-and-documentation\/general-information\/\" target=\"_blank\" rel=\"noopener noreferrer\">World Organisation for Animal Health<\/a><\/li> <\/ul>","protected":false},"excerpt":{"rendered":"<p>Subscription ebooks are available to teachers and students from home through VPN access.\u00a0Information for VPN access can be found here. E-books are available in the ProQuest Ebook Central. Free access: Europeana FAO Publications Biodiversity Heritage Library G\u00f6ttinger Digitalisierungszentrum Magyar Elektronikus K\u00f6nyvt\u00e1r World Organisation for Animal Health<\/p>\n","protected":false},"author":58,"featured_media":0,"parent":553,"menu_order":0,"comment_status":"closed","ping_status":"closed","template":"","meta":{"_acf_changed":false,"_eb_attr":"","footnotes":""},"categories":[23],"tags":[],"class_list":["post-440","page","type-page","status-publish","hentry","category-forrasok-en"],"acf":[],"yoast_head":"<!-- This site is optimized with the Yoast SEO plugin v27.2 - https:\/\/yoast.com\/product\/yoast-seo-wordpress\/ -->\n<title>E-books - Hut\u00ffra Ferenc K\u00f6nyvt\u00e1r, Lev\u00e9lt\u00e1r \u00e9s M\u00fazeum<\/title>\n<meta name=\"robots\" content=\"index, follow, max-snippet:-1, max-image-preview:large, max-video-preview:-1\" \/>\n<link rel=\"canonical\" href=\"https:\/\/univet.hu\/konyvtar\/en\/resources\/e-books\/\" \/>\n<meta property=\"og:locale\" content=\"en_US\" \/>\n<meta property=\"og:type\" content=\"article\" \/>\n<meta property=\"og:title\" content=\"E-books - Hut\u00ffra Ferenc K\u00f6nyvt\u00e1r, Lev\u00e9lt\u00e1r \u00e9s M\u00fazeum\" \/>\n<meta property=\"og:description\" content=\"Subscription ebooks are available to teachers and students from home through VPN access.\u00a0Information for VPN access can be found here. E-books are available in the ProQuest Ebook Central. Free access: Europeana FAO Publications Biodiversity Heritage Library G\u00f6ttinger Digitalisierungszentrum Magyar Elektronikus K\u00f6nyvt\u00e1r World Organisation for Animal Health\" \/>\n<meta property=\"og:url\" content=\"https:\/\/univet.hu\/konyvtar\/en\/resources\/e-books\/\" \/>\n<meta property=\"og:site_name\" content=\"Hut\u00ffra Ferenc K\u00f6nyvt\u00e1r, Lev\u00e9lt\u00e1r \u00e9s M\u00fazeum\" \/>\n<meta property=\"article:modified_time\" content=\"2026-01-12T12:55:14+00:00\" \/>\n<meta name=\"twitter:card\" content=\"summary_large_image\" \/>\n<meta name=\"twitter:label1\" content=\"Est. reading time\" \/>\n\t<meta name=\"twitter:data1\" content=\"1 minute\" \/>\n<script type=\"application\/ld+json\" class=\"yoast-schema-graph\">{\"@context\":\"https:\/\/schema.org\",\"@graph\":[{\"@type\":\"WebPage\",\"@id\":\"https:\/\/univet.hu\/konyvtar\/en\/resources\/e-books\/\",\"url\":\"https:\/\/univet.hu\/konyvtar\/en\/resources\/e-books\/\",\"name\":\"E-books - Hut\u00ffra Ferenc K\u00f6nyvt\u00e1r, Lev\u00e9lt\u00e1r \u00e9s M\u00fazeum\",\"isPartOf\":{\"@id\":\"https:\/\/univet.hu\/konyvtar\/#website\"},\"datePublished\":\"2025-07-10T06:37:37+00:00\",\"dateModified\":\"2026-01-12T12:55:14+00:00\",\"breadcrumb\":{\"@id\":\"https:\/\/univet.hu\/konyvtar\/en\/resources\/e-books\/#breadcrumb\"},\"inLanguage\":\"en-US\",\"potentialAction\":[{\"@type\":\"ReadAction\",\"target\":[\"https:\/\/univet.hu\/konyvtar\/en\/resources\/e-books\/\"]}]},{\"@type\":\"BreadcrumbList\",\"@id\":\"https:\/\/univet.hu\/konyvtar\/en\/resources\/e-books\/#breadcrumb\",\"itemListElement\":[{\"@type\":\"ListItem\",\"position\":1,\"name\":\"Kezd\u0151lap\",\"item\":\"https:\/\/univet.hu\/konyvtar\/\"},{\"@type\":\"ListItem\",\"position\":2,\"name\":\"Resources\",\"item\":\"https:\/\/univet.hu\/konyvtar\/en\/resources\/\"},{\"@type\":\"ListItem\",\"position\":3,\"name\":\"E-books\"}]},{\"@type\":\"WebSite\",\"@id\":\"https:\/\/univet.hu\/konyvtar\/#website\",\"url\":\"https:\/\/univet.hu\/konyvtar\/\",\"name\":\"Hut\u00ffra Ferenc K\u00f6nyvt\u00e1r, Lev\u00e9lt\u00e1r \u00e9s M\u00fazeum\",\"description\":\"\",\"potentialAction\":[{\"@type\":\"SearchAction\",\"target\":{\"@type\":\"EntryPoint\",\"urlTemplate\":\"https:\/\/univet.hu\/konyvtar\/?s={search_term_string}\"},\"query-input\":{\"@type\":\"PropertyValueSpecification\",\"valueRequired\":true,\"valueName\":\"search_term_string\"}}],\"inLanguage\":\"en-US\"}]}<\/script>\n<!-- \/ Yoast SEO plugin. -->","yoast_head_json":{"title":"E-books - Hut\u00ffra Ferenc K\u00f6nyvt\u00e1r, Lev\u00e9lt\u00e1r \u00e9s M\u00fazeum","robots":{"index":"index","follow":"follow","max-snippet":"max-snippet:-1","max-image-preview":"max-image-preview:large","max-video-preview":"max-video-preview:-1"},"canonical":"https:\/\/univet.hu\/konyvtar\/en\/resources\/e-books\/","og_locale":"en_US","og_type":"article","og_title":"E-books - Hut\u00ffra Ferenc K\u00f6nyvt\u00e1r, Lev\u00e9lt\u00e1r \u00e9s M\u00fazeum","og_description":"Subscription ebooks are available to teachers and students from home through VPN access.\u00a0Information for VPN access can be found here. E-books are available in the ProQuest Ebook Central. Free access: Europeana FAO Publications Biodiversity Heritage Library G\u00f6ttinger Digitalisierungszentrum Magyar Elektronikus K\u00f6nyvt\u00e1r World Organisation for Animal Health","og_url":"https:\/\/univet.hu\/konyvtar\/en\/resources\/e-books\/","og_site_name":"Hut\u00ffra Ferenc K\u00f6nyvt\u00e1r, Lev\u00e9lt\u00e1r \u00e9s M\u00fazeum","article_modified_time":"2026-01-12T12:55:14+00:00","twitter_card":"summary_large_image","twitter_misc":{"Est. reading time":"1 minute"},"schema":{"@context":"https:\/\/schema.org","@graph":[{"@type":"WebPage","@id":"https:\/\/univet.hu\/konyvtar\/en\/resources\/e-books\/","url":"https:\/\/univet.hu\/konyvtar\/en\/resources\/e-books\/","name":"E-books - Hut\u00ffra Ferenc K\u00f6nyvt\u00e1r, Lev\u00e9lt\u00e1r \u00e9s M\u00fazeum","isPartOf":{"@id":"https:\/\/univet.hu\/konyvtar\/#website"},"datePublished":"2025-07-10T06:37:37+00:00","dateModified":"2026-01-12T12:55:14+00:00","breadcrumb":{"@id":"https:\/\/univet.hu\/konyvtar\/en\/resources\/e-books\/#breadcrumb"},"inLanguage":"en-US","potentialAction":[{"@type":"ReadAction","target":["https:\/\/univet.hu\/konyvtar\/en\/resources\/e-books\/"]}]},{"@type":"BreadcrumbList","@id":"https:\/\/univet.hu\/konyvtar\/en\/resources\/e-books\/#breadcrumb","itemListElement":[{"@type":"ListItem","position":1,"name":"Kezd\u0151lap","item":"https:\/\/univet.hu\/konyvtar\/"},{"@type":"ListItem","position":2,"name":"Resources","item":"https:\/\/univet.hu\/konyvtar\/en\/resources\/"},{"@type":"ListItem","position":3,"name":"E-books"}]},{"@type":"WebSite","@id":"https:\/\/univet.hu\/konyvtar\/#website","url":"https:\/\/univet.hu\/konyvtar\/","name":"Hut\u00ffra Ferenc K\u00f6nyvt\u00e1r, Lev\u00e9lt\u00e1r \u00e9s M\u00fazeum","description":"","potentialAction":[{"@type":"SearchAction","target":{"@type":"EntryPoint","urlTemplate":"https:\/\/univet.hu\/konyvtar\/?s={search_term_string}"},"query-input":{"@type":"PropertyValueSpecification","valueRequired":true,"valueName":"search_term_string"}}],"inLanguage":"en-US"}]}},"_links":{"self":[{"href":"https:\/\/univet.hu\/konyvtar\/en\/wp-json\/wp\/v2\/pages\/440","targetHints":{"allow":["GET"]}}],"collection":[{"href":"https:\/\/univet.hu\/konyvtar\/en\/wp-json\/wp\/v2\/pages"}],"about":[{"href":"https:\/\/univet.hu\/konyvtar\/en\/wp-json\/wp\/v2\/types\/page"}],"author":[{"embeddable":true,"href":"https:\/\/univet.hu\/konyvtar\/en\/wp-json\/wp\/v2\/users\/58"}],"replies":[{"embeddable":true,"href":"https:\/\/univet.hu\/konyvtar\/en\/wp-json\/wp\/v2\/comments?post=440"}],"version-history":[{"count":2,"href":"https:\/\/univet.hu\/konyvtar\/en\/wp-json\/wp\/v2\/pages\/440\/revisions"}],"predecessor-version":[{"id":583,"href":"https:\/\/univet.hu\/konyvtar\/en\/wp-json\/wp\/v2\/pages\/440\/revisions\/583"}],"up":[{"embeddable":true,"href":"https:\/\/univet.hu\/konyvtar\/en\/wp-json\/wp\/v2\/pages\/553"}],"wp:attachment":[{"href":"https:\/\/univet.hu\/konyvtar\/en\/wp-json\/wp\/v2\/media?parent=440"}],"wp:term":[{"taxonomy":"category","embeddable":true,"href":"https:\/\/univet.hu\/konyvtar\/en\/wp-json\/wp\/v2\/categories?post=440"},{"taxonomy":"post_tag","embeddable":true,"href":"https:\/\/univet.hu\/konyvtar\/en\/wp-json\/wp\/v2\/tags?post=440"}],"curies":[{"name":"wp","href":"https:\/\/api.w.org\/{rel}","templated":true}]}}