{"id":443,"date":"2025-07-10T08:38:50","date_gmt":"2025-07-10T06:38:50","guid":{"rendered":"https:\/\/univet.hu\/konyvtar\/repository\/"},"modified":"2026-01-12T13:55:14","modified_gmt":"2026-01-12T12:55:14","slug":"repository","status":"publish","type":"page","link":"https:\/\/univet.hu\/konyvtar\/en\/resources\/repository\/","title":{"rendered":"Repository"},"content":{"rendered":"<p>Besides the\u00a0<em>Hungarian Scientific Publications Database<\/em>\u00a0<em>(<\/em>MTMT, namely\u00a0<em>Magyar Tudom\u00e1nyos M\u0171vek T\u00e1ra<\/em>), which comprises almost all publications of current employees of the University, more and more universities strive to collect and make accessible scientific papers, teaching materials, theses and doctoral dissertations in full text for free or within the university with the permission of the authors. We have been planning to initiate this service for the University Veterinary Medicine Budapest for many years.<\/p> <p>The\u00a0<a href=\"http:\/\/www.huveta.hu\/\" target=\"_blank\" rel=\"noopener noreferrer\"><strong>HuVetA<\/strong><\/a>\u00a0(<a href=\"http:\/\/www.huveta.hu\/\" target=\"_blank\" rel=\"noopener noreferrer\">Hungarian Veterinary Archive<\/a>) database contains thesis, PhD dissertations, library documents, and some historical works, you can search or browse either by categories and collections or by titles, by authors, by subjects and by date. The interface of the DSpace-based repository is still in English, but we are working on its translation.<\/p> <p style=\"text-align: center\"><strong><a href=\"http:\/\/www.huveta.hu\/\" target=\"_blank\" rel=\"noopener noreferrer\">Enter HuVetA<\/a><\/strong><\/p>","protected":false},"excerpt":{"rendered":"<p>Besides the\u00a0Hungarian Scientific Publications Database\u00a0(MTMT, namely\u00a0Magyar Tudom\u00e1nyos M\u0171vek T\u00e1ra), which comprises almost all publications of current employees of the University, more and more universities strive to collect and make accessible scientific papers, teaching materials, theses and doctoral dissertations in full text for free or within the university with the permission of the authors. We have<\/p>\n","protected":false},"author":58,"featured_media":0,"parent":553,"menu_order":0,"comment_status":"closed","ping_status":"closed","template":"","meta":{"_acf_changed":false,"_eb_attr":"","footnotes":""},"categories":[23],"tags":[],"class_list":["post-443","page","type-page","status-publish","hentry","category-forrasok-en"],"acf":[],"yoast_head":"<!-- This site is optimized with the Yoast SEO plugin v27.2 - https:\/\/yoast.com\/product\/yoast-seo-wordpress\/ -->\n<title>Repository - Hut\u00ffra Ferenc K\u00f6nyvt\u00e1r, Lev\u00e9lt\u00e1r \u00e9s M\u00fazeum<\/title>\n<meta name=\"robots\" content=\"index, follow, max-snippet:-1, max-image-preview:large, max-video-preview:-1\" \/>\n<link rel=\"canonical\" href=\"https:\/\/univet.hu\/konyvtar\/en\/resources\/repository\/\" \/>\n<meta property=\"og:locale\" content=\"en_US\" \/>\n<meta property=\"og:type\" content=\"article\" \/>\n<meta property=\"og:title\" content=\"Repository - Hut\u00ffra Ferenc K\u00f6nyvt\u00e1r, Lev\u00e9lt\u00e1r \u00e9s M\u00fazeum\" \/>\n<meta property=\"og:description\" content=\"Besides the\u00a0Hungarian Scientific Publications Database\u00a0(MTMT, namely\u00a0Magyar Tudom\u00e1nyos M\u0171vek T\u00e1ra), which comprises almost all publications of current employees of the University, more and more universities strive to collect and make accessible scientific papers, teaching materials, theses and doctoral dissertations in full text for free or within the university with the permission of the authors. We have\" \/>\n<meta property=\"og:url\" content=\"https:\/\/univet.hu\/konyvtar\/en\/resources\/repository\/\" \/>\n<meta property=\"og:site_name\" content=\"Hut\u00ffra Ferenc K\u00f6nyvt\u00e1r, Lev\u00e9lt\u00e1r \u00e9s M\u00fazeum\" \/>\n<meta property=\"article:modified_time\" content=\"2026-01-12T12:55:14+00:00\" \/>\n<meta name=\"twitter:card\" content=\"summary_large_image\" \/>\n<meta name=\"twitter:label1\" content=\"Est. reading time\" \/>\n\t<meta name=\"twitter:data1\" content=\"1 minute\" \/>\n<script type=\"application\/ld+json\" class=\"yoast-schema-graph\">{\"@context\":\"https:\/\/schema.org\",\"@graph\":[{\"@type\":\"WebPage\",\"@id\":\"https:\/\/univet.hu\/konyvtar\/en\/resources\/repository\/\",\"url\":\"https:\/\/univet.hu\/konyvtar\/en\/resources\/repository\/\",\"name\":\"Repository - Hut\u00ffra Ferenc K\u00f6nyvt\u00e1r, Lev\u00e9lt\u00e1r \u00e9s M\u00fazeum\",\"isPartOf\":{\"@id\":\"https:\/\/univet.hu\/konyvtar\/#website\"},\"datePublished\":\"2025-07-10T06:38:50+00:00\",\"dateModified\":\"2026-01-12T12:55:14+00:00\",\"breadcrumb\":{\"@id\":\"https:\/\/univet.hu\/konyvtar\/en\/resources\/repository\/#breadcrumb\"},\"inLanguage\":\"en-US\",\"potentialAction\":[{\"@type\":\"ReadAction\",\"target\":[\"https:\/\/univet.hu\/konyvtar\/en\/resources\/repository\/\"]}]},{\"@type\":\"BreadcrumbList\",\"@id\":\"https:\/\/univet.hu\/konyvtar\/en\/resources\/repository\/#breadcrumb\",\"itemListElement\":[{\"@type\":\"ListItem\",\"position\":1,\"name\":\"Kezd\u0151lap\",\"item\":\"https:\/\/univet.hu\/konyvtar\/\"},{\"@type\":\"ListItem\",\"position\":2,\"name\":\"Resources\",\"item\":\"https:\/\/univet.hu\/konyvtar\/en\/resources\/\"},{\"@type\":\"ListItem\",\"position\":3,\"name\":\"Repository\"}]},{\"@type\":\"WebSite\",\"@id\":\"https:\/\/univet.hu\/konyvtar\/#website\",\"url\":\"https:\/\/univet.hu\/konyvtar\/\",\"name\":\"Hut\u00ffra Ferenc K\u00f6nyvt\u00e1r, Lev\u00e9lt\u00e1r \u00e9s M\u00fazeum\",\"description\":\"\",\"potentialAction\":[{\"@type\":\"SearchAction\",\"target\":{\"@type\":\"EntryPoint\",\"urlTemplate\":\"https:\/\/univet.hu\/konyvtar\/?s={search_term_string}\"},\"query-input\":{\"@type\":\"PropertyValueSpecification\",\"valueRequired\":true,\"valueName\":\"search_term_string\"}}],\"inLanguage\":\"en-US\"}]}<\/script>\n<!-- \/ Yoast SEO plugin. -->","yoast_head_json":{"title":"Repository - Hut\u00ffra Ferenc K\u00f6nyvt\u00e1r, Lev\u00e9lt\u00e1r \u00e9s M\u00fazeum","robots":{"index":"index","follow":"follow","max-snippet":"max-snippet:-1","max-image-preview":"max-image-preview:large","max-video-preview":"max-video-preview:-1"},"canonical":"https:\/\/univet.hu\/konyvtar\/en\/resources\/repository\/","og_locale":"en_US","og_type":"article","og_title":"Repository - Hut\u00ffra Ferenc K\u00f6nyvt\u00e1r, Lev\u00e9lt\u00e1r \u00e9s M\u00fazeum","og_description":"Besides the\u00a0Hungarian Scientific Publications Database\u00a0(MTMT, namely\u00a0Magyar Tudom\u00e1nyos M\u0171vek T\u00e1ra), which comprises almost all publications of current employees of the University, more and more universities strive to collect and make accessible scientific papers, teaching materials, theses and doctoral dissertations in full text for free or within the university with the permission of the authors. We have","og_url":"https:\/\/univet.hu\/konyvtar\/en\/resources\/repository\/","og_site_name":"Hut\u00ffra Ferenc K\u00f6nyvt\u00e1r, Lev\u00e9lt\u00e1r \u00e9s M\u00fazeum","article_modified_time":"2026-01-12T12:55:14+00:00","twitter_card":"summary_large_image","twitter_misc":{"Est. reading time":"1 minute"},"schema":{"@context":"https:\/\/schema.org","@graph":[{"@type":"WebPage","@id":"https:\/\/univet.hu\/konyvtar\/en\/resources\/repository\/","url":"https:\/\/univet.hu\/konyvtar\/en\/resources\/repository\/","name":"Repository - Hut\u00ffra Ferenc K\u00f6nyvt\u00e1r, Lev\u00e9lt\u00e1r \u00e9s M\u00fazeum","isPartOf":{"@id":"https:\/\/univet.hu\/konyvtar\/#website"},"datePublished":"2025-07-10T06:38:50+00:00","dateModified":"2026-01-12T12:55:14+00:00","breadcrumb":{"@id":"https:\/\/univet.hu\/konyvtar\/en\/resources\/repository\/#breadcrumb"},"inLanguage":"en-US","potentialAction":[{"@type":"ReadAction","target":["https:\/\/univet.hu\/konyvtar\/en\/resources\/repository\/"]}]},{"@type":"BreadcrumbList","@id":"https:\/\/univet.hu\/konyvtar\/en\/resources\/repository\/#breadcrumb","itemListElement":[{"@type":"ListItem","position":1,"name":"Kezd\u0151lap","item":"https:\/\/univet.hu\/konyvtar\/"},{"@type":"ListItem","position":2,"name":"Resources","item":"https:\/\/univet.hu\/konyvtar\/en\/resources\/"},{"@type":"ListItem","position":3,"name":"Repository"}]},{"@type":"WebSite","@id":"https:\/\/univet.hu\/konyvtar\/#website","url":"https:\/\/univet.hu\/konyvtar\/","name":"Hut\u00ffra Ferenc K\u00f6nyvt\u00e1r, Lev\u00e9lt\u00e1r \u00e9s M\u00fazeum","description":"","potentialAction":[{"@type":"SearchAction","target":{"@type":"EntryPoint","urlTemplate":"https:\/\/univet.hu\/konyvtar\/?s={search_term_string}"},"query-input":{"@type":"PropertyValueSpecification","valueRequired":true,"valueName":"search_term_string"}}],"inLanguage":"en-US"}]}},"_links":{"self":[{"href":"https:\/\/univet.hu\/konyvtar\/en\/wp-json\/wp\/v2\/pages\/443","targetHints":{"allow":["GET"]}}],"collection":[{"href":"https:\/\/univet.hu\/konyvtar\/en\/wp-json\/wp\/v2\/pages"}],"about":[{"href":"https:\/\/univet.hu\/konyvtar\/en\/wp-json\/wp\/v2\/types\/page"}],"author":[{"embeddable":true,"href":"https:\/\/univet.hu\/konyvtar\/en\/wp-json\/wp\/v2\/users\/58"}],"replies":[{"embeddable":true,"href":"https:\/\/univet.hu\/konyvtar\/en\/wp-json\/wp\/v2\/comments?post=443"}],"version-history":[{"count":1,"href":"https:\/\/univet.hu\/konyvtar\/en\/wp-json\/wp\/v2\/pages\/443\/revisions"}],"predecessor-version":[{"id":557,"href":"https:\/\/univet.hu\/konyvtar\/en\/wp-json\/wp\/v2\/pages\/443\/revisions\/557"}],"up":[{"embeddable":true,"href":"https:\/\/univet.hu\/konyvtar\/en\/wp-json\/wp\/v2\/pages\/553"}],"wp:attachment":[{"href":"https:\/\/univet.hu\/konyvtar\/en\/wp-json\/wp\/v2\/media?parent=443"}],"wp:term":[{"taxonomy":"category","embeddable":true,"href":"https:\/\/univet.hu\/konyvtar\/en\/wp-json\/wp\/v2\/categories?post=443"},{"taxonomy":"post_tag","embeddable":true,"href":"https:\/\/univet.hu\/konyvtar\/en\/wp-json\/wp\/v2\/tags?post=443"}],"curies":[{"name":"wp","href":"https:\/\/api.w.org\/{rel}","templated":true}]}}