{"id":514,"date":"2025-07-10T09:13:24","date_gmt":"2025-07-10T07:13:24","guid":{"rendered":"https:\/\/univet.hu\/konyvtar\/fonds\/"},"modified":"2026-01-12T13:55:15","modified_gmt":"2026-01-12T12:55:15","slug":"fonds","status":"publish","type":"page","link":"https:\/\/univet.hu\/konyvtar\/en\/archives\/fonds\/","title":{"rendered":"Fonds"},"content":{"rendered":"<p>Only in Hungarian.<\/p> <ul> <li>Fond- \u00e9s \u00e1llagjegyz\u00e9k:\u00a0<a href=\"http:\/\/univa.mflsz.hu\/index.php\/allatorvostudomanyi-egyetem-hutyra-ferenc-konyvtar-leveltar-es-muzeum-iratanyaga\" target=\"_blank\" rel=\"noopener\">http:\/\/univa.mflsz.hu\/index.php\/allatorvostudomanyi-egyetem-hutyra-ferenc-konyvtar-leveltar-es-muzeum-iratanyaga<\/a><\/li> <li>A lev\u00e9lt\u00e1r anyag\u00e1r\u00f3l t\u00f6bb nyomat\u00e1sban megjelent k\u00f6tet ad t\u00e1j\u00e9koztat\u00e1st, amelyek\u00a0<a href=\"http:\/\/konyvtar.univet.hu\/?page_id=41\" target=\"_blank\" rel=\"noopener\">list\u00e1ja el\u00e9rhet\u0151 a k\u00f6nyvt\u00e1r katal\u00f3gus\u00e1ban<\/a>.<\/li> <li><a href=\"https:\/\/univet.hu\/konyvtar\/leveltar\/iratanyag\/az-allatorvostudomanyi-egyetem-elodintezmenyei\/\" target=\"_blank\" rel=\"noopener\">Az \u00c1llatorvostudom\u00e1nyi Egyetem el\u0151dint\u00e9zm\u00e9nyei<\/a><\/li> <\/ul>","protected":false},"excerpt":{"rendered":"<p>Only in Hungarian. Fond- \u00e9s \u00e1llagjegyz\u00e9k:\u00a0http:\/\/univa.mflsz.hu\/index.php\/allatorvostudomanyi-egyetem-hutyra-ferenc-konyvtar-leveltar-es-muzeum-iratanyaga A lev\u00e9lt\u00e1r anyag\u00e1r\u00f3l t\u00f6bb nyomat\u00e1sban megjelent k\u00f6tet ad t\u00e1j\u00e9koztat\u00e1st, amelyek\u00a0list\u00e1ja el\u00e9rhet\u0151 a k\u00f6nyvt\u00e1r katal\u00f3gus\u00e1ban. Az \u00c1llatorvostudom\u00e1nyi Egyetem el\u0151dint\u00e9zm\u00e9nyei<\/p>\n","protected":false},"author":58,"featured_media":0,"parent":560,"menu_order":0,"comment_status":"closed","ping_status":"closed","template":"","meta":{"_acf_changed":false,"_eb_attr":"","footnotes":""},"categories":[28],"tags":[],"class_list":["post-514","page","type-page","status-publish","hentry","category-leveltar-en"],"acf":[],"yoast_head":"<!-- This site is optimized with the Yoast SEO plugin v27.2 - https:\/\/yoast.com\/product\/yoast-seo-wordpress\/ -->\n<title>Fonds - Hut\u00ffra Ferenc K\u00f6nyvt\u00e1r, Lev\u00e9lt\u00e1r \u00e9s M\u00fazeum<\/title>\n<meta name=\"robots\" content=\"index, follow, max-snippet:-1, max-image-preview:large, max-video-preview:-1\" \/>\n<link rel=\"canonical\" href=\"https:\/\/univet.hu\/konyvtar\/en\/archives\/fonds\/\" \/>\n<meta property=\"og:locale\" content=\"en_US\" \/>\n<meta property=\"og:type\" content=\"article\" \/>\n<meta property=\"og:title\" content=\"Fonds - Hut\u00ffra Ferenc K\u00f6nyvt\u00e1r, Lev\u00e9lt\u00e1r \u00e9s M\u00fazeum\" \/>\n<meta property=\"og:description\" content=\"Only in Hungarian. Fond- \u00e9s \u00e1llagjegyz\u00e9k:\u00a0http:\/\/univa.mflsz.hu\/index.php\/allatorvostudomanyi-egyetem-hutyra-ferenc-konyvtar-leveltar-es-muzeum-iratanyaga A lev\u00e9lt\u00e1r anyag\u00e1r\u00f3l t\u00f6bb nyomat\u00e1sban megjelent k\u00f6tet ad t\u00e1j\u00e9koztat\u00e1st, amelyek\u00a0list\u00e1ja el\u00e9rhet\u0151 a k\u00f6nyvt\u00e1r katal\u00f3gus\u00e1ban. Az \u00c1llatorvostudom\u00e1nyi Egyetem el\u0151dint\u00e9zm\u00e9nyei\" \/>\n<meta property=\"og:url\" content=\"https:\/\/univet.hu\/konyvtar\/en\/archives\/fonds\/\" \/>\n<meta property=\"og:site_name\" content=\"Hut\u00ffra Ferenc K\u00f6nyvt\u00e1r, Lev\u00e9lt\u00e1r \u00e9s M\u00fazeum\" \/>\n<meta property=\"article:modified_time\" content=\"2026-01-12T12:55:15+00:00\" \/>\n<meta name=\"twitter:card\" content=\"summary_large_image\" \/>\n<script type=\"application\/ld+json\" class=\"yoast-schema-graph\">{\"@context\":\"https:\/\/schema.org\",\"@graph\":[{\"@type\":\"WebPage\",\"@id\":\"https:\/\/univet.hu\/konyvtar\/en\/archives\/fonds\/\",\"url\":\"https:\/\/univet.hu\/konyvtar\/en\/archives\/fonds\/\",\"name\":\"Fonds - Hut\u00ffra Ferenc K\u00f6nyvt\u00e1r, Lev\u00e9lt\u00e1r \u00e9s M\u00fazeum\",\"isPartOf\":{\"@id\":\"https:\/\/univet.hu\/konyvtar\/#website\"},\"datePublished\":\"2025-07-10T07:13:24+00:00\",\"dateModified\":\"2026-01-12T12:55:15+00:00\",\"breadcrumb\":{\"@id\":\"https:\/\/univet.hu\/konyvtar\/en\/archives\/fonds\/#breadcrumb\"},\"inLanguage\":\"en-US\",\"potentialAction\":[{\"@type\":\"ReadAction\",\"target\":[\"https:\/\/univet.hu\/konyvtar\/en\/archives\/fonds\/\"]}]},{\"@type\":\"BreadcrumbList\",\"@id\":\"https:\/\/univet.hu\/konyvtar\/en\/archives\/fonds\/#breadcrumb\",\"itemListElement\":[{\"@type\":\"ListItem\",\"position\":1,\"name\":\"Kezd\u0151lap\",\"item\":\"https:\/\/univet.hu\/konyvtar\/\"},{\"@type\":\"ListItem\",\"position\":2,\"name\":\"Archives\",\"item\":\"https:\/\/univet.hu\/konyvtar\/en\/archives\/\"},{\"@type\":\"ListItem\",\"position\":3,\"name\":\"Fonds\"}]},{\"@type\":\"WebSite\",\"@id\":\"https:\/\/univet.hu\/konyvtar\/#website\",\"url\":\"https:\/\/univet.hu\/konyvtar\/\",\"name\":\"Hut\u00ffra Ferenc K\u00f6nyvt\u00e1r, Lev\u00e9lt\u00e1r \u00e9s M\u00fazeum\",\"description\":\"\",\"potentialAction\":[{\"@type\":\"SearchAction\",\"target\":{\"@type\":\"EntryPoint\",\"urlTemplate\":\"https:\/\/univet.hu\/konyvtar\/?s={search_term_string}\"},\"query-input\":{\"@type\":\"PropertyValueSpecification\",\"valueRequired\":true,\"valueName\":\"search_term_string\"}}],\"inLanguage\":\"en-US\"}]}<\/script>\n<!-- \/ Yoast SEO plugin. -->","yoast_head_json":{"title":"Fonds - Hut\u00ffra Ferenc K\u00f6nyvt\u00e1r, Lev\u00e9lt\u00e1r \u00e9s M\u00fazeum","robots":{"index":"index","follow":"follow","max-snippet":"max-snippet:-1","max-image-preview":"max-image-preview:large","max-video-preview":"max-video-preview:-1"},"canonical":"https:\/\/univet.hu\/konyvtar\/en\/archives\/fonds\/","og_locale":"en_US","og_type":"article","og_title":"Fonds - Hut\u00ffra Ferenc K\u00f6nyvt\u00e1r, Lev\u00e9lt\u00e1r \u00e9s M\u00fazeum","og_description":"Only in Hungarian. Fond- \u00e9s \u00e1llagjegyz\u00e9k:\u00a0http:\/\/univa.mflsz.hu\/index.php\/allatorvostudomanyi-egyetem-hutyra-ferenc-konyvtar-leveltar-es-muzeum-iratanyaga A lev\u00e9lt\u00e1r anyag\u00e1r\u00f3l t\u00f6bb nyomat\u00e1sban megjelent k\u00f6tet ad t\u00e1j\u00e9koztat\u00e1st, amelyek\u00a0list\u00e1ja el\u00e9rhet\u0151 a k\u00f6nyvt\u00e1r katal\u00f3gus\u00e1ban. Az \u00c1llatorvostudom\u00e1nyi Egyetem el\u0151dint\u00e9zm\u00e9nyei","og_url":"https:\/\/univet.hu\/konyvtar\/en\/archives\/fonds\/","og_site_name":"Hut\u00ffra Ferenc K\u00f6nyvt\u00e1r, Lev\u00e9lt\u00e1r \u00e9s M\u00fazeum","article_modified_time":"2026-01-12T12:55:15+00:00","twitter_card":"summary_large_image","schema":{"@context":"https:\/\/schema.org","@graph":[{"@type":"WebPage","@id":"https:\/\/univet.hu\/konyvtar\/en\/archives\/fonds\/","url":"https:\/\/univet.hu\/konyvtar\/en\/archives\/fonds\/","name":"Fonds - Hut\u00ffra Ferenc K\u00f6nyvt\u00e1r, Lev\u00e9lt\u00e1r \u00e9s M\u00fazeum","isPartOf":{"@id":"https:\/\/univet.hu\/konyvtar\/#website"},"datePublished":"2025-07-10T07:13:24+00:00","dateModified":"2026-01-12T12:55:15+00:00","breadcrumb":{"@id":"https:\/\/univet.hu\/konyvtar\/en\/archives\/fonds\/#breadcrumb"},"inLanguage":"en-US","potentialAction":[{"@type":"ReadAction","target":["https:\/\/univet.hu\/konyvtar\/en\/archives\/fonds\/"]}]},{"@type":"BreadcrumbList","@id":"https:\/\/univet.hu\/konyvtar\/en\/archives\/fonds\/#breadcrumb","itemListElement":[{"@type":"ListItem","position":1,"name":"Kezd\u0151lap","item":"https:\/\/univet.hu\/konyvtar\/"},{"@type":"ListItem","position":2,"name":"Archives","item":"https:\/\/univet.hu\/konyvtar\/en\/archives\/"},{"@type":"ListItem","position":3,"name":"Fonds"}]},{"@type":"WebSite","@id":"https:\/\/univet.hu\/konyvtar\/#website","url":"https:\/\/univet.hu\/konyvtar\/","name":"Hut\u00ffra Ferenc K\u00f6nyvt\u00e1r, Lev\u00e9lt\u00e1r \u00e9s M\u00fazeum","description":"","potentialAction":[{"@type":"SearchAction","target":{"@type":"EntryPoint","urlTemplate":"https:\/\/univet.hu\/konyvtar\/?s={search_term_string}"},"query-input":{"@type":"PropertyValueSpecification","valueRequired":true,"valueName":"search_term_string"}}],"inLanguage":"en-US"}]}},"_links":{"self":[{"href":"https:\/\/univet.hu\/konyvtar\/en\/wp-json\/wp\/v2\/pages\/514","targetHints":{"allow":["GET"]}}],"collection":[{"href":"https:\/\/univet.hu\/konyvtar\/en\/wp-json\/wp\/v2\/pages"}],"about":[{"href":"https:\/\/univet.hu\/konyvtar\/en\/wp-json\/wp\/v2\/types\/page"}],"author":[{"embeddable":true,"href":"https:\/\/univet.hu\/konyvtar\/en\/wp-json\/wp\/v2\/users\/58"}],"replies":[{"embeddable":true,"href":"https:\/\/univet.hu\/konyvtar\/en\/wp-json\/wp\/v2\/comments?post=514"}],"version-history":[{"count":1,"href":"https:\/\/univet.hu\/konyvtar\/en\/wp-json\/wp\/v2\/pages\/514\/revisions"}],"predecessor-version":[{"id":561,"href":"https:\/\/univet.hu\/konyvtar\/en\/wp-json\/wp\/v2\/pages\/514\/revisions\/561"}],"up":[{"embeddable":true,"href":"https:\/\/univet.hu\/konyvtar\/en\/wp-json\/wp\/v2\/pages\/560"}],"wp:attachment":[{"href":"https:\/\/univet.hu\/konyvtar\/en\/wp-json\/wp\/v2\/media?parent=514"}],"wp:term":[{"taxonomy":"category","embeddable":true,"href":"https:\/\/univet.hu\/konyvtar\/en\/wp-json\/wp\/v2\/categories?post=514"},{"taxonomy":"post_tag","embeddable":true,"href":"https:\/\/univet.hu\/konyvtar\/en\/wp-json\/wp\/v2\/tags?post=514"}],"curies":[{"name":"wp","href":"https:\/\/api.w.org\/{rel}","templated":true}]}}