{"id":517,"date":"2025-07-10T09:17:47","date_gmt":"2025-07-10T07:17:47","guid":{"rendered":"https:\/\/univet.hu\/konyvtar\/publications\/"},"modified":"2026-01-12T13:55:15","modified_gmt":"2026-01-12T12:55:15","slug":"publications","status":"publish","type":"page","link":"https:\/\/univet.hu\/konyvtar\/en\/archives\/publications\/","title":{"rendered":"Publications"},"content":{"rendered":"<p><strong>Sorry, these are mostly in Hungarian only!<\/strong><\/p> <p>Az \u00c1llatorvostudom\u00e1nyi Egyetem k\u00f6nyvt\u00e1ra az 1980-as \u00e9vek \u00f3ta rendszeresen jelentet meg vagy m\u0171k\u00f6dik k\u00f6zre olyan k\u00f6nyvek \u00e9s cikkek elk\u00e9sz\u00edt\u00e9s\u00e9ben, amelyek az \u00e1llatorvosl\u00e1s illetve az egyetem m\u00faltj\u00e1val, jelen\u00e9vel kapcsolatosak.<\/p> <ul> <li><a href=\"http:\/\/tinyurl.com\/yc3wyn3m\">K\u00f6nyvek<\/a><\/li> <li><a href=\"http:\/\/konyvtar.univet.hu\/?page_id=215\">Noctua<\/a>\u00a0\u2013 a Noctua k\u00f6nyvt\u00e1ri h\u00edrlev\u00e9l 1997 \u00f3ta minden negyed\u00e9vben megjelenik.<\/li> <\/ul> <p>A Noctua has\u00e1bjain \u00e9vr\u0151l \u00e9vre jennek meg az \u00e1llatorvosl\u00e1s m\u00faltj\u00e1t feldolgoz\u00f3 cikkek, amelyb\u0151l az al\u00e1bbi lista egy figyelemfelkelt\u0151 v\u00e1logat\u00e1s:<\/p> <ul> <li>Osv\u00e1th Emese:\u00a0<a href=\"https:\/\/huveta.hu\/bitstream\/handle\/10832\/3659\/Noctua_Kam_A%cc%81o_2023-2.pdf?sequence=1&amp;isAllowed=y\">Raitsits Emilre eml\u00e9kez\u00fcnk doktor\u00e1l\u00e1s\u00e1nak 100. \u00e9vfordul\u00f3ja alkalm\u00e1b\u00f3l<\/a>. Noctua, 2023. 2. sz. pp. 76-77.<\/li> <li>Boz\u00f3 Bence P\u00e9ter:\u00a0<a href=\"https:\/\/huveta.hu\/bitstream\/handle\/10832\/3358\/Noctua_Kam_A%cc%81o_2023-1.pdf?sequence=1&amp;isAllowed=y\">160 \u00e9ve sz\u00fcletett Pl\u00f3sz B\u00e9la<\/a>. Noctua, 2023. 1. sz. pp. 51-52.<\/li> <li>Boz\u00f3 Bence P\u00e9ter:\u00a0<a href=\"https:\/\/huveta.hu\/bitstream\/handle\/10832\/3284\/Noctua_Kam_A%cc%81o_2022-4.pdf?sequence=1&amp;isAllowed=y\">\u00c1llatorvosl\u00e1sunk 100 \u00e9vvel ezel\u0151tt<\/a>. Noctua, 2022. 4. sz. pp. 56-58.<\/li> <li>Knoll Petra:\u00a0<a href=\"http:\/\/hdl.handle.net\/10832\/2436\">Egy 100 \u00e9ves foly\u00f3irat titkai \u2013 \u00c1llatorvosi k\u00f6zl\u00f6ny<\/a>. Noctua, 2020. 1. sz. pp. 81-82.<\/li> <li>Boz\u00f3 Bence P\u00e9ter:\u00a0<a href=\"http:\/\/hdl.handle.net\/10832\/2323\">150 \u00e9ve sz\u00fcletett Aujeszky Alad\u00e1r (1869\u20141933)<\/a>. Noctua, 2019. 4. sz. pp. 77-78.<\/li> <li>Kiss J\u00f3zsefn\u00e9 Ol\u00e1h Edit:\u00a0<a href=\"http:\/\/hdl.handle.net\/10832\/2322\">125 \u00e9ve sz\u00fcletett dr. Semsey G\u00e9za<\/a>. Noctua, 2019. 3. sz. p. 72.<\/li> <li>V\u00e1radi Ad\u00e9l: Ezt olvast\u00e1k 100 \u00e9ve az \u00c1llatorvosi Lapokban \u2013\u00a0<a href=\"http:\/\/hdl.handle.net\/10832\/2321\">100 \u00e9ves a Magyary-Kossa-f\u00e9le g\u00e1zkamra<\/a>. Noctua, 2019. 2. sz. pp. 88-89.<\/li> <li>Boz\u00f3 Bence P\u00e9ter:\u00a0<a href=\"http:\/\/hdl.handle.net\/10832\/2072\">Az \u00c1llatorvosi F\u0151iskola az I. vil\u00e1gh\u00e1bor\u00fa idej\u00e9n<\/a>. Noctua, 2018. 4. sz. pp. 58-60.<\/li> <li>Mudri Di\u00e1na: Jeles \u00e1llatorvosok \u2013 \u00e9vfordul\u00f3k \u2013\u00a0<a href=\"http:\/\/hdl.handle.net\/10832\/1720\">Monostori K\u00e1rolyr\u00f3l (1852-1917) hal\u00e1l\u00e1nak 100. \u00e9vfordul\u00f3j\u00e1ra<\/a>. Noctua, 2017. 3. sz. pp. 61-62.<\/li> <\/ul> <p>&nbsp;<\/p>","protected":false},"excerpt":{"rendered":"<p>Sorry, these are mostly in Hungarian only! Az \u00c1llatorvostudom\u00e1nyi Egyetem k\u00f6nyvt\u00e1ra az 1980-as \u00e9vek \u00f3ta rendszeresen jelentet meg vagy m\u0171k\u00f6dik k\u00f6zre olyan k\u00f6nyvek \u00e9s cikkek elk\u00e9sz\u00edt\u00e9s\u00e9ben, amelyek az \u00e1llatorvosl\u00e1s illetve az egyetem m\u00faltj\u00e1val, jelen\u00e9vel kapcsolatosak. K\u00f6nyvek Noctua\u00a0\u2013 a Noctua k\u00f6nyvt\u00e1ri h\u00edrlev\u00e9l 1997 \u00f3ta minden negyed\u00e9vben megjelenik. A Noctua has\u00e1bjain \u00e9vr\u0151l \u00e9vre jennek meg az \u00e1llatorvosl\u00e1s<\/p>\n","protected":false},"author":58,"featured_media":0,"parent":560,"menu_order":6,"comment_status":"closed","ping_status":"closed","template":"","meta":{"_acf_changed":false,"_eb_attr":"","footnotes":""},"categories":[28],"tags":[],"class_list":["post-517","page","type-page","status-publish","hentry","category-leveltar-en"],"acf":[],"yoast_head":"<!-- This site is optimized with the Yoast SEO plugin v27.2 - https:\/\/yoast.com\/product\/yoast-seo-wordpress\/ -->\n<title>Publications - Hut\u00ffra Ferenc K\u00f6nyvt\u00e1r, Lev\u00e9lt\u00e1r \u00e9s M\u00fazeum<\/title>\n<meta name=\"robots\" content=\"index, follow, max-snippet:-1, max-image-preview:large, max-video-preview:-1\" \/>\n<link rel=\"canonical\" href=\"https:\/\/univet.hu\/konyvtar\/en\/archives\/publications\/\" \/>\n<meta property=\"og:locale\" content=\"en_US\" \/>\n<meta property=\"og:type\" content=\"article\" \/>\n<meta property=\"og:title\" content=\"Publications - Hut\u00ffra Ferenc K\u00f6nyvt\u00e1r, Lev\u00e9lt\u00e1r \u00e9s M\u00fazeum\" \/>\n<meta property=\"og:description\" content=\"Sorry, these are mostly in Hungarian only! Az \u00c1llatorvostudom\u00e1nyi Egyetem k\u00f6nyvt\u00e1ra az 1980-as \u00e9vek \u00f3ta rendszeresen jelentet meg vagy m\u0171k\u00f6dik k\u00f6zre olyan k\u00f6nyvek \u00e9s cikkek elk\u00e9sz\u00edt\u00e9s\u00e9ben, amelyek az \u00e1llatorvosl\u00e1s illetve az egyetem m\u00faltj\u00e1val, jelen\u00e9vel kapcsolatosak. K\u00f6nyvek Noctua\u00a0\u2013 a Noctua k\u00f6nyvt\u00e1ri h\u00edrlev\u00e9l 1997 \u00f3ta minden negyed\u00e9vben megjelenik. A Noctua has\u00e1bjain \u00e9vr\u0151l \u00e9vre jennek meg az \u00e1llatorvosl\u00e1s\" \/>\n<meta property=\"og:url\" content=\"https:\/\/univet.hu\/konyvtar\/en\/archives\/publications\/\" \/>\n<meta property=\"og:site_name\" content=\"Hut\u00ffra Ferenc K\u00f6nyvt\u00e1r, Lev\u00e9lt\u00e1r \u00e9s M\u00fazeum\" \/>\n<meta property=\"article:modified_time\" content=\"2026-01-12T12:55:15+00:00\" \/>\n<meta name=\"twitter:card\" content=\"summary_large_image\" \/>\n<meta name=\"twitter:label1\" content=\"Est. reading time\" \/>\n\t<meta name=\"twitter:data1\" content=\"1 minute\" \/>\n<script type=\"application\/ld+json\" class=\"yoast-schema-graph\">{\"@context\":\"https:\/\/schema.org\",\"@graph\":[{\"@type\":\"WebPage\",\"@id\":\"https:\/\/univet.hu\/konyvtar\/en\/archives\/publications\/\",\"url\":\"https:\/\/univet.hu\/konyvtar\/en\/archives\/publications\/\",\"name\":\"Publications - Hut\u00ffra Ferenc K\u00f6nyvt\u00e1r, Lev\u00e9lt\u00e1r \u00e9s M\u00fazeum\",\"isPartOf\":{\"@id\":\"https:\/\/univet.hu\/konyvtar\/#website\"},\"datePublished\":\"2025-07-10T07:17:47+00:00\",\"dateModified\":\"2026-01-12T12:55:15+00:00\",\"breadcrumb\":{\"@id\":\"https:\/\/univet.hu\/konyvtar\/en\/archives\/publications\/#breadcrumb\"},\"inLanguage\":\"en-US\",\"potentialAction\":[{\"@type\":\"ReadAction\",\"target\":[\"https:\/\/univet.hu\/konyvtar\/en\/archives\/publications\/\"]}]},{\"@type\":\"BreadcrumbList\",\"@id\":\"https:\/\/univet.hu\/konyvtar\/en\/archives\/publications\/#breadcrumb\",\"itemListElement\":[{\"@type\":\"ListItem\",\"position\":1,\"name\":\"Kezd\u0151lap\",\"item\":\"https:\/\/univet.hu\/konyvtar\/\"},{\"@type\":\"ListItem\",\"position\":2,\"name\":\"Archives\",\"item\":\"https:\/\/univet.hu\/konyvtar\/en\/archives\/\"},{\"@type\":\"ListItem\",\"position\":3,\"name\":\"Publications\"}]},{\"@type\":\"WebSite\",\"@id\":\"https:\/\/univet.hu\/konyvtar\/#website\",\"url\":\"https:\/\/univet.hu\/konyvtar\/\",\"name\":\"Hut\u00ffra Ferenc K\u00f6nyvt\u00e1r, Lev\u00e9lt\u00e1r \u00e9s M\u00fazeum\",\"description\":\"\",\"potentialAction\":[{\"@type\":\"SearchAction\",\"target\":{\"@type\":\"EntryPoint\",\"urlTemplate\":\"https:\/\/univet.hu\/konyvtar\/?s={search_term_string}\"},\"query-input\":{\"@type\":\"PropertyValueSpecification\",\"valueRequired\":true,\"valueName\":\"search_term_string\"}}],\"inLanguage\":\"en-US\"}]}<\/script>\n<!-- \/ Yoast SEO plugin. -->","yoast_head_json":{"title":"Publications - Hut\u00ffra Ferenc K\u00f6nyvt\u00e1r, Lev\u00e9lt\u00e1r \u00e9s M\u00fazeum","robots":{"index":"index","follow":"follow","max-snippet":"max-snippet:-1","max-image-preview":"max-image-preview:large","max-video-preview":"max-video-preview:-1"},"canonical":"https:\/\/univet.hu\/konyvtar\/en\/archives\/publications\/","og_locale":"en_US","og_type":"article","og_title":"Publications - Hut\u00ffra Ferenc K\u00f6nyvt\u00e1r, Lev\u00e9lt\u00e1r \u00e9s M\u00fazeum","og_description":"Sorry, these are mostly in Hungarian only! Az \u00c1llatorvostudom\u00e1nyi Egyetem k\u00f6nyvt\u00e1ra az 1980-as \u00e9vek \u00f3ta rendszeresen jelentet meg vagy m\u0171k\u00f6dik k\u00f6zre olyan k\u00f6nyvek \u00e9s cikkek elk\u00e9sz\u00edt\u00e9s\u00e9ben, amelyek az \u00e1llatorvosl\u00e1s illetve az egyetem m\u00faltj\u00e1val, jelen\u00e9vel kapcsolatosak. K\u00f6nyvek Noctua\u00a0\u2013 a Noctua k\u00f6nyvt\u00e1ri h\u00edrlev\u00e9l 1997 \u00f3ta minden negyed\u00e9vben megjelenik. A Noctua has\u00e1bjain \u00e9vr\u0151l \u00e9vre jennek meg az \u00e1llatorvosl\u00e1s","og_url":"https:\/\/univet.hu\/konyvtar\/en\/archives\/publications\/","og_site_name":"Hut\u00ffra Ferenc K\u00f6nyvt\u00e1r, Lev\u00e9lt\u00e1r \u00e9s M\u00fazeum","article_modified_time":"2026-01-12T12:55:15+00:00","twitter_card":"summary_large_image","twitter_misc":{"Est. reading time":"1 minute"},"schema":{"@context":"https:\/\/schema.org","@graph":[{"@type":"WebPage","@id":"https:\/\/univet.hu\/konyvtar\/en\/archives\/publications\/","url":"https:\/\/univet.hu\/konyvtar\/en\/archives\/publications\/","name":"Publications - Hut\u00ffra Ferenc K\u00f6nyvt\u00e1r, Lev\u00e9lt\u00e1r \u00e9s M\u00fazeum","isPartOf":{"@id":"https:\/\/univet.hu\/konyvtar\/#website"},"datePublished":"2025-07-10T07:17:47+00:00","dateModified":"2026-01-12T12:55:15+00:00","breadcrumb":{"@id":"https:\/\/univet.hu\/konyvtar\/en\/archives\/publications\/#breadcrumb"},"inLanguage":"en-US","potentialAction":[{"@type":"ReadAction","target":["https:\/\/univet.hu\/konyvtar\/en\/archives\/publications\/"]}]},{"@type":"BreadcrumbList","@id":"https:\/\/univet.hu\/konyvtar\/en\/archives\/publications\/#breadcrumb","itemListElement":[{"@type":"ListItem","position":1,"name":"Kezd\u0151lap","item":"https:\/\/univet.hu\/konyvtar\/"},{"@type":"ListItem","position":2,"name":"Archives","item":"https:\/\/univet.hu\/konyvtar\/en\/archives\/"},{"@type":"ListItem","position":3,"name":"Publications"}]},{"@type":"WebSite","@id":"https:\/\/univet.hu\/konyvtar\/#website","url":"https:\/\/univet.hu\/konyvtar\/","name":"Hut\u00ffra Ferenc K\u00f6nyvt\u00e1r, Lev\u00e9lt\u00e1r \u00e9s M\u00fazeum","description":"","potentialAction":[{"@type":"SearchAction","target":{"@type":"EntryPoint","urlTemplate":"https:\/\/univet.hu\/konyvtar\/?s={search_term_string}"},"query-input":{"@type":"PropertyValueSpecification","valueRequired":true,"valueName":"search_term_string"}}],"inLanguage":"en-US"}]}},"_links":{"self":[{"href":"https:\/\/univet.hu\/konyvtar\/en\/wp-json\/wp\/v2\/pages\/517","targetHints":{"allow":["GET"]}}],"collection":[{"href":"https:\/\/univet.hu\/konyvtar\/en\/wp-json\/wp\/v2\/pages"}],"about":[{"href":"https:\/\/univet.hu\/konyvtar\/en\/wp-json\/wp\/v2\/types\/page"}],"author":[{"embeddable":true,"href":"https:\/\/univet.hu\/konyvtar\/en\/wp-json\/wp\/v2\/users\/58"}],"replies":[{"embeddable":true,"href":"https:\/\/univet.hu\/konyvtar\/en\/wp-json\/wp\/v2\/comments?post=517"}],"version-history":[{"count":1,"href":"https:\/\/univet.hu\/konyvtar\/en\/wp-json\/wp\/v2\/pages\/517\/revisions"}],"predecessor-version":[{"id":564,"href":"https:\/\/univet.hu\/konyvtar\/en\/wp-json\/wp\/v2\/pages\/517\/revisions\/564"}],"up":[{"embeddable":true,"href":"https:\/\/univet.hu\/konyvtar\/en\/wp-json\/wp\/v2\/pages\/560"}],"wp:attachment":[{"href":"https:\/\/univet.hu\/konyvtar\/en\/wp-json\/wp\/v2\/media?parent=517"}],"wp:term":[{"taxonomy":"category","embeddable":true,"href":"https:\/\/univet.hu\/konyvtar\/en\/wp-json\/wp\/v2\/categories?post=517"},{"taxonomy":"post_tag","embeddable":true,"href":"https:\/\/univet.hu\/konyvtar\/en\/wp-json\/wp\/v2\/tags?post=517"}],"curies":[{"name":"wp","href":"https:\/\/api.w.org\/{rel}","templated":true}]}}