{"id":526,"date":"2025-07-10T11:29:11","date_gmt":"2025-07-10T09:29:11","guid":{"rendered":"https:\/\/univet.hu\/konyvtar\/?page_id=526"},"modified":"2026-04-08T09:46:02","modified_gmt":"2026-04-08T07:46:02","slug":"opening-hours","status":"publish","type":"page","link":"https:\/\/univet.hu\/konyvtar\/en\/about\/opening-hours\/","title":{"rendered":"Opening hours"},"content":{"rendered":"<div class=\"entry-content\"> <h3>2025\/2026<\/h3> <ul> <li data-start=\"2\" data-end=\"173\">On Friday, May 1, the Reading room and the Equus study room will be closed due to the public holiday. The Equus study room will reopen on Saturday, May 2, and the Reading room will reopen on Monday, May 4, at the usual opening hours.<\/li> <li data-start=\"2\" data-end=\"173\">On Monday, May 25, the Reading room and the Equus study room will be closed due to Pentecost. They will reopen on Tuesday, May 26, at the usual opening hours.<\/li> <\/ul> <h3><span style=\"font-size: 14pt\">Standard opening hours<\/span><\/h3> <table> <tbody> <tr> <td style=\"text-align: center\">Reading room<\/td> <td style=\"text-align: center\">Equus study room<\/td> <\/tr> <tr> <td> <p style=\"text-align: center\"><strong>1 September 2025 \u2013 22 December 2025<\/strong><\/p> <p style=\"text-align: center\"><strong>5 January 2026 \u2013 29 March 2026<\/strong><\/p> <p style=\"text-align: center\"><strong>7 April 2026 \u2013 26 June 2026<\/strong><\/p> <\/td> <td> <p style=\"text-align: center\"><strong>1 September 2025 \u2013 22 December 2025<\/strong><\/p> <p style=\"text-align: center\"><strong>5 January 2026 \u2013 29 March 2026<\/strong><\/p> <p style=\"text-align: center\"><strong>7 April 2026 \u2013 26 June 2026<\/strong><\/p> <\/td> <\/tr> <tr> <td>Monday: 8.30 \u2013 18.00<\/td> <td>Monday: 7.00 \u2013 22.00<\/td> <\/tr> <tr> <td>Tuesday: 8.30 \u2013 18.00<\/td> <td>Tuesday: 7.00 \u2013 22.00<\/td> <\/tr> <tr> <td>Wednesday: 8.30 \u2013 18.00<\/td> <td>Wednesday: 7.00 \u2013 22.00<\/td> <\/tr> <tr> <td>Thursday: 8.30 \u2013 20.00<\/td> <td>Thursday: 7.00 \u2013 22.00<\/td> <\/tr> <tr> <td>Friday: 9.00 \u2013 17.00<\/td> <td>Friday: 7.00 \u2013 22.00<\/td> <\/tr> <tr> <td>Saturday: closed<\/td> <td>Saturday: 7.00 \u2013 22.00<\/td> <\/tr> <tr> <td>Sunday: closed<a id=\"covid\"><\/a><\/td> <td>Sunday: closed<a id=\"covid\"><\/a><\/td> <\/tr> <\/tbody> <\/table> <p>&nbsp;<\/p> <h3>Irregular opening hours<\/h3> <table> <tbody> <tr> <td style=\"text-align: center\">Reading room<\/td> <td style=\"text-align: center\"> <p>Reading room<\/p> <p><strong>Only for borrowing<\/strong><\/td> <td style=\"text-align: center\">Equus study room<\/td> <\/tr> <tr> <td> <p><strong>30 March 2026 \u2013 6 April 2026<\/strong><\/p> <p><strong>27 June 2026 \u2013 3 July 2026<\/strong><\/p> <p><strong>24 August 2026 \u2013 28 August 2026<\/strong><\/td> <td><strong>4 July 2026 \u2013 23 August 2026<\/strong><\/td> <td><strong>27 June 2026 \u2013 31 August 2026<\/strong><\/td> <\/tr> <tr> <td>Monday: 8.30 \u2013 16.00<\/td> <td>Monday: 8.30 \u2013 12.00<\/td> <td>Monday: closed<\/td> <\/tr> <tr> <td>Tuesday: 8.30 \u2013 16.00<\/td> <td>Tuesday: 12.30 \u2013 15.30<\/td> <td>Tuesday: closed<\/td> <\/tr> <tr> <td>Wednesday: 8.30 \u2013 16.00<\/td> <td>Wednesday: 8.30 \u2013 12.00<\/td> <td>Wednesday: closed<\/td> <\/tr> <tr> <td>Thursday: 8.30 \u2013 16.00<\/td> <td>Thursday: 12.30 \u2013 15.30<\/td> <td>Thursday: closed<\/td> <\/tr> <tr> <td>Friday: 9.00 \u2013 12.30<\/td> <td>Friday: 9.00 \u2013 12.00<\/td> <td>Friday: closed<\/td> <\/tr> <tr> <td>Saturday: closed<\/td> <td>Saturday: closed<\/td> <td>Saturday: closed<\/td> <\/tr> <tr> <td>Sunday: closed<a id=\"covid\"><\/a><\/td> <td>Sunday: closed<a id=\"covid\"><\/a><\/td> <td>Sunday: closed<a id=\"covid\"><\/a><\/td> <\/tr> <\/tbody> <\/table> <h3><\/h3> <h3><\/h3> <h3>Holiday Closings 2026<\/h3> <p><strong>Building D (Reading room and Equus study room)<\/strong><\/p> <ul> <li>New Year\u2019s Day<\/li> <li>National Holiday \u2013 15 March<\/li> <li>Good Friday and Easter\u2013 3-6 April<\/li> <li>Labour Day \u2013 1 May<\/li> <li>Whit Monday \u2013 25 May<\/li> <li>National Holiday \u2013 20-21 August<\/li> <li>National Holiday \u2013 23 October<\/li> <li>National Holiday \u2013 1 November<\/li> <li>Winter holiday \u2013 24 December \u2013 1 January<\/li> <\/ul> <\/div>","protected":false},"excerpt":{"rendered":"<p>2025\/2026 On Friday, May 1, the Reading room and the Equus study room will be closed due to the public holiday. The Equus study room will reopen on Saturday, May 2, and the Reading room will reopen on Monday, May 4, at the usual opening hours. On Monday, May 25, the Reading room and the<\/p>\n","protected":false},"author":4333,"featured_media":0,"parent":528,"menu_order":1,"comment_status":"closed","ping_status":"closed","template":"","meta":{"_acf_changed":false,"_eb_attr":"","footnotes":""},"categories":[32],"tags":[],"class_list":["post-526","page","type-page","status-publish","hentry","category-rolunk-2"],"acf":[],"yoast_head":"<!-- This site is optimized with the Yoast SEO plugin v27.2 - https:\/\/yoast.com\/product\/yoast-seo-wordpress\/ -->\n<title>Opening hours - Hut\u00ffra Ferenc K\u00f6nyvt\u00e1r, Lev\u00e9lt\u00e1r \u00e9s M\u00fazeum<\/title>\n<meta name=\"robots\" content=\"index, follow, max-snippet:-1, max-image-preview:large, max-video-preview:-1\" \/>\n<link rel=\"canonical\" href=\"https:\/\/univet.hu\/konyvtar\/en\/about\/opening-hours\/\" \/>\n<meta property=\"og:locale\" content=\"en_US\" \/>\n<meta property=\"og:type\" content=\"article\" \/>\n<meta property=\"og:title\" content=\"Opening hours - Hut\u00ffra Ferenc K\u00f6nyvt\u00e1r, Lev\u00e9lt\u00e1r \u00e9s M\u00fazeum\" \/>\n<meta property=\"og:description\" content=\"2025\/2026 On Friday, May 1, the Reading room and the Equus study room will be closed due to the public holiday. The Equus study room will reopen on Saturday, May 2, and the Reading room will reopen on Monday, May 4, at the usual opening hours. On Monday, May 25, the Reading room and the\" \/>\n<meta property=\"og:url\" content=\"https:\/\/univet.hu\/konyvtar\/en\/about\/opening-hours\/\" \/>\n<meta property=\"og:site_name\" content=\"Hut\u00ffra Ferenc K\u00f6nyvt\u00e1r, Lev\u00e9lt\u00e1r \u00e9s M\u00fazeum\" \/>\n<meta property=\"article:modified_time\" content=\"2026-04-08T07:46:02+00:00\" \/>\n<meta name=\"twitter:card\" content=\"summary_large_image\" \/>\n<meta name=\"twitter:label1\" content=\"Est. reading time\" \/>\n\t<meta name=\"twitter:data1\" content=\"3 minutes\" \/>\n<script type=\"application\/ld+json\" class=\"yoast-schema-graph\">{\"@context\":\"https:\/\/schema.org\",\"@graph\":[{\"@type\":\"WebPage\",\"@id\":\"https:\/\/univet.hu\/konyvtar\/en\/about\/opening-hours\/\",\"url\":\"https:\/\/univet.hu\/konyvtar\/en\/about\/opening-hours\/\",\"name\":\"Opening hours - Hut\u00ffra Ferenc K\u00f6nyvt\u00e1r, Lev\u00e9lt\u00e1r \u00e9s M\u00fazeum\",\"isPartOf\":{\"@id\":\"https:\/\/univet.hu\/konyvtar\/#website\"},\"datePublished\":\"2025-07-10T09:29:11+00:00\",\"dateModified\":\"2026-04-08T07:46:02+00:00\",\"breadcrumb\":{\"@id\":\"https:\/\/univet.hu\/konyvtar\/en\/about\/opening-hours\/#breadcrumb\"},\"inLanguage\":\"en-US\",\"potentialAction\":[{\"@type\":\"ReadAction\",\"target\":[\"https:\/\/univet.hu\/konyvtar\/en\/about\/opening-hours\/\"]}]},{\"@type\":\"BreadcrumbList\",\"@id\":\"https:\/\/univet.hu\/konyvtar\/en\/about\/opening-hours\/#breadcrumb\",\"itemListElement\":[{\"@type\":\"ListItem\",\"position\":1,\"name\":\"Kezd\u0151lap\",\"item\":\"https:\/\/univet.hu\/konyvtar\/\"},{\"@type\":\"ListItem\",\"position\":2,\"name\":\"About\",\"item\":\"https:\/\/univet.hu\/konyvtar\/en\/about\/\"},{\"@type\":\"ListItem\",\"position\":3,\"name\":\"Opening hours\"}]},{\"@type\":\"WebSite\",\"@id\":\"https:\/\/univet.hu\/konyvtar\/#website\",\"url\":\"https:\/\/univet.hu\/konyvtar\/\",\"name\":\"Hut\u00ffra Ferenc K\u00f6nyvt\u00e1r, Lev\u00e9lt\u00e1r \u00e9s M\u00fazeum\",\"description\":\"\",\"potentialAction\":[{\"@type\":\"SearchAction\",\"target\":{\"@type\":\"EntryPoint\",\"urlTemplate\":\"https:\/\/univet.hu\/konyvtar\/?s={search_term_string}\"},\"query-input\":{\"@type\":\"PropertyValueSpecification\",\"valueRequired\":true,\"valueName\":\"search_term_string\"}}],\"inLanguage\":\"en-US\"}]}<\/script>\n<!-- \/ Yoast SEO plugin. -->","yoast_head_json":{"title":"Opening hours - Hut\u00ffra Ferenc K\u00f6nyvt\u00e1r, Lev\u00e9lt\u00e1r \u00e9s M\u00fazeum","robots":{"index":"index","follow":"follow","max-snippet":"max-snippet:-1","max-image-preview":"max-image-preview:large","max-video-preview":"max-video-preview:-1"},"canonical":"https:\/\/univet.hu\/konyvtar\/en\/about\/opening-hours\/","og_locale":"en_US","og_type":"article","og_title":"Opening hours - Hut\u00ffra Ferenc K\u00f6nyvt\u00e1r, Lev\u00e9lt\u00e1r \u00e9s M\u00fazeum","og_description":"2025\/2026 On Friday, May 1, the Reading room and the Equus study room will be closed due to the public holiday. The Equus study room will reopen on Saturday, May 2, and the Reading room will reopen on Monday, May 4, at the usual opening hours. On Monday, May 25, the Reading room and the","og_url":"https:\/\/univet.hu\/konyvtar\/en\/about\/opening-hours\/","og_site_name":"Hut\u00ffra Ferenc K\u00f6nyvt\u00e1r, Lev\u00e9lt\u00e1r \u00e9s M\u00fazeum","article_modified_time":"2026-04-08T07:46:02+00:00","twitter_card":"summary_large_image","twitter_misc":{"Est. reading time":"3 minutes"},"schema":{"@context":"https:\/\/schema.org","@graph":[{"@type":"WebPage","@id":"https:\/\/univet.hu\/konyvtar\/en\/about\/opening-hours\/","url":"https:\/\/univet.hu\/konyvtar\/en\/about\/opening-hours\/","name":"Opening hours - Hut\u00ffra Ferenc K\u00f6nyvt\u00e1r, Lev\u00e9lt\u00e1r \u00e9s M\u00fazeum","isPartOf":{"@id":"https:\/\/univet.hu\/konyvtar\/#website"},"datePublished":"2025-07-10T09:29:11+00:00","dateModified":"2026-04-08T07:46:02+00:00","breadcrumb":{"@id":"https:\/\/univet.hu\/konyvtar\/en\/about\/opening-hours\/#breadcrumb"},"inLanguage":"en-US","potentialAction":[{"@type":"ReadAction","target":["https:\/\/univet.hu\/konyvtar\/en\/about\/opening-hours\/"]}]},{"@type":"BreadcrumbList","@id":"https:\/\/univet.hu\/konyvtar\/en\/about\/opening-hours\/#breadcrumb","itemListElement":[{"@type":"ListItem","position":1,"name":"Kezd\u0151lap","item":"https:\/\/univet.hu\/konyvtar\/"},{"@type":"ListItem","position":2,"name":"About","item":"https:\/\/univet.hu\/konyvtar\/en\/about\/"},{"@type":"ListItem","position":3,"name":"Opening hours"}]},{"@type":"WebSite","@id":"https:\/\/univet.hu\/konyvtar\/#website","url":"https:\/\/univet.hu\/konyvtar\/","name":"Hut\u00ffra Ferenc K\u00f6nyvt\u00e1r, Lev\u00e9lt\u00e1r \u00e9s M\u00fazeum","description":"","potentialAction":[{"@type":"SearchAction","target":{"@type":"EntryPoint","urlTemplate":"https:\/\/univet.hu\/konyvtar\/?s={search_term_string}"},"query-input":{"@type":"PropertyValueSpecification","valueRequired":true,"valueName":"search_term_string"}}],"inLanguage":"en-US"}]}},"_links":{"self":[{"href":"https:\/\/univet.hu\/konyvtar\/en\/wp-json\/wp\/v2\/pages\/526","targetHints":{"allow":["GET"]}}],"collection":[{"href":"https:\/\/univet.hu\/konyvtar\/en\/wp-json\/wp\/v2\/pages"}],"about":[{"href":"https:\/\/univet.hu\/konyvtar\/en\/wp-json\/wp\/v2\/types\/page"}],"author":[{"embeddable":true,"href":"https:\/\/univet.hu\/konyvtar\/en\/wp-json\/wp\/v2\/users\/4333"}],"replies":[{"embeddable":true,"href":"https:\/\/univet.hu\/konyvtar\/en\/wp-json\/wp\/v2\/comments?post=526"}],"version-history":[{"count":12,"href":"https:\/\/univet.hu\/konyvtar\/en\/wp-json\/wp\/v2\/pages\/526\/revisions"}],"predecessor-version":[{"id":1422,"href":"https:\/\/univet.hu\/konyvtar\/en\/wp-json\/wp\/v2\/pages\/526\/revisions\/1422"}],"up":[{"embeddable":true,"href":"https:\/\/univet.hu\/konyvtar\/en\/wp-json\/wp\/v2\/pages\/528"}],"wp:attachment":[{"href":"https:\/\/univet.hu\/konyvtar\/en\/wp-json\/wp\/v2\/media?parent=526"}],"wp:term":[{"taxonomy":"category","embeddable":true,"href":"https:\/\/univet.hu\/konyvtar\/en\/wp-json\/wp\/v2\/categories?post=526"},{"taxonomy":"post_tag","embeddable":true,"href":"https:\/\/univet.hu\/konyvtar\/en\/wp-json\/wp\/v2\/tags?post=526"}],"curies":[{"name":"wp","href":"https:\/\/api.w.org\/{rel}","templated":true}]}}