{"id":535,"date":"2025-07-10T11:44:47","date_gmt":"2025-07-10T09:44:47","guid":{"rendered":"https:\/\/univet.hu\/konyvtar\/?page_id=535"},"modified":"2026-01-22T09:30:54","modified_gmt":"2026-01-22T08:30:54","slug":"staff","status":"publish","type":"page","link":"https:\/\/univet.hu\/konyvtar\/en\/about\/staff\/","title":{"rendered":"Staff"},"content":{"rendered":"<h3>Hut\u00ffra Ferenc\u00a0Library, Archives and Museum<a href=\"https:\/\/univet.hu\/konyvtar\/en\/about\/staff\/cropped-logo_univet-2\/\" rel=\"attachment wp-att-90\"><img loading=\"lazy\" decoding=\"async\" class=\"size-full wp-image-90 alignright\" src=\"https:\/\/univet.hu\/konyvtar\/wp-content\/uploads\/sites\/17\/2025\/07\/cropped-logo_univet.png\" alt=\"\" width=\"240\" height=\"240\" srcset=\"https:\/\/univet.hu\/konyvtar\/wp-content\/uploads\/sites\/17\/2025\/07\/cropped-logo_univet.png 240w, https:\/\/univet.hu\/konyvtar\/wp-content\/uploads\/sites\/17\/2025\/07\/cropped-logo_univet-150x150.png 150w\" sizes=\"auto, (max-width: 240px) 100vw, 240px\" \/><\/a><\/h3> <p>University of Veterinary Medicine Budapest<\/p> <p><strong>Address:<\/strong> 1078 Budapest, Istv\u00e1n u. 2.<\/p> <p><strong>Telephone:<\/strong> +36 1 478 4226<\/p> <p><strong>E-mail:<\/strong>\u00a0<span id=\"cloake1a60f48c87bf7f600dd8eae7f92bd74\"><\/span><a class=\"decrypt\" rel=\"mjcsbszAvojwfu\/iv\" href=\"javascript:void(0);\">[Click to see email]<\/a><\/p> <p><strong>Dr. Winkler Bea PhD<\/strong> &#8211; library director general<br \/> E-mail: winkler.bea(at)univet.hu<br \/> Tel.: +36-1-478-4226\/8801<\/p> <p><strong>Bereczki-Bir\u00f3 Bettina<\/strong> &#8211; librarian<br \/> E-mail: biro.bettina(at)univet.hu<br \/> Tel.: +36-1-478-4100\/8802<\/p> <p><strong>Boz\u00f3 Bence<\/strong> &#8211; archivist<br \/> E-mail: bozo.bence(at)univet.hu<br \/> Tel.: +36-1-478-4100\/8804<\/p> <p><strong>Kiss J\u00f3zsefn\u00e9 Ol\u00e1h Edit<\/strong> &#8211; librarian<br \/> E-mail: olah.edit(at)univet.hu<br \/> Tel.: +36-1-478-4100\/8803<\/p> <p><strong>Lipt\u00e1k Fruzsina<\/strong> &#8211; librarian<br \/> E-mail: liptak.fruzsina(at)univet.hu<br \/> Tel.: +36-1-478-4100\/8490<\/p> <p><strong>Miszori Kata<\/strong> &#8211; librarian<br \/> E-mail: miszori.katalin(at)univet.hu<br \/> Tel.: +36-1-478-4100\/8812<\/p> <p><strong>Mudri Di\u00e1na<\/strong> &#8211; librarian<br \/> E-mail: mudri.diana(at)univet.hu<br \/> Tel.: +36-1-478-4100\/8800<\/p> <p><strong>Osv\u00e1th Emese <\/strong>&#8211; librarian<br \/> E-mail: osvath.emese(at)univet.hu<br \/> Tel.: +36-1-478-4100\/8816<\/p> <p><strong>P\u00e1lfyn\u00e9 Varga Orsolya<\/strong> &#8211; librarian<br \/> E-mail: varga.orsolya(at)univet.hu<br \/> Tel.: +36-1-478-4100\/8809<\/p> <p><strong>S\u00e1rk\u00e1ny Laura <\/strong>&#8211; librarian assistant<br \/> Email: sarkany.laura(at)univet.hu<br \/> Tel.: +36-1-478-4100\/8812<\/p> <p><strong>T\u00f3th L\u00e1szl\u00f3 Levente<\/strong> &#8211; librarian assistant<br \/> Email: toth.laszlo.levente(at)univet.hu<br \/> Tel.: +36-1-478-4100\/8808<\/p> <div> <div> <div> <div> <div> <div> <div> <div> <div> <div><\/div> <\/div> <\/div> <\/div> <\/div> <\/div> <\/div> <\/div> <\/div> <\/div>","protected":false},"excerpt":{"rendered":"<p>Hut\u00ffra Ferenc\u00a0Library, Archives and Museum University of Veterinary Medicine Budapest Address: 1078 Budapest, Istv\u00e1n u. 2. Telephone: +36 1 478 4226 E-mail:\u00a0[Click to see email] Dr. Winkler Bea PhD &#8211; library director general E-mail: winkler.bea(at)univet.hu Tel.: +36-1-478-4226\/8801 Bereczki-Bir\u00f3 Bettina &#8211; librarian E-mail: biro.bettina(at)univet.hu Tel.: +36-1-478-4100\/8802 Boz\u00f3 Bence &#8211; archivist E-mail: bozo.bence(at)univet.hu Tel.: +36-1-478-4100\/8804 Kiss J\u00f3zsefn\u00e9<\/p>\n","protected":false},"author":4333,"featured_media":0,"parent":528,"menu_order":2,"comment_status":"closed","ping_status":"closed","template":"","meta":{"_acf_changed":false,"_eb_attr":"","footnotes":""},"categories":[32],"tags":[],"class_list":["post-535","page","type-page","status-publish","hentry","category-rolunk-2"],"acf":[],"yoast_head":"<!-- This site is optimized with the Yoast SEO plugin v27.2 - https:\/\/yoast.com\/product\/yoast-seo-wordpress\/ -->\n<title>Staff - Hut\u00ffra Ferenc K\u00f6nyvt\u00e1r, Lev\u00e9lt\u00e1r \u00e9s M\u00fazeum<\/title>\n<meta name=\"robots\" content=\"index, follow, max-snippet:-1, max-image-preview:large, max-video-preview:-1\" \/>\n<link rel=\"canonical\" href=\"https:\/\/univet.hu\/konyvtar\/en\/about\/staff\/\" \/>\n<meta property=\"og:locale\" content=\"en_US\" \/>\n<meta property=\"og:type\" content=\"article\" \/>\n<meta property=\"og:title\" content=\"Staff - Hut\u00ffra Ferenc K\u00f6nyvt\u00e1r, Lev\u00e9lt\u00e1r \u00e9s M\u00fazeum\" \/>\n<meta property=\"og:description\" content=\"Hut\u00ffra Ferenc\u00a0Library, Archives and Museum University of Veterinary Medicine Budapest Address: 1078 Budapest, Istv\u00e1n u. 2. Telephone: +36 1 478 4226 E-mail:\u00a0[Click to see email] Dr. Winkler Bea PhD &#8211; library director general E-mail: winkler.bea(at)univet.hu Tel.: +36-1-478-4226\/8801 Bereczki-Bir\u00f3 Bettina &#8211; librarian E-mail: biro.bettina(at)univet.hu Tel.: +36-1-478-4100\/8802 Boz\u00f3 Bence &#8211; archivist E-mail: bozo.bence(at)univet.hu Tel.: +36-1-478-4100\/8804 Kiss J\u00f3zsefn\u00e9\" \/>\n<meta property=\"og:url\" content=\"https:\/\/univet.hu\/konyvtar\/en\/about\/staff\/\" \/>\n<meta property=\"og:site_name\" content=\"Hut\u00ffra Ferenc K\u00f6nyvt\u00e1r, Lev\u00e9lt\u00e1r \u00e9s M\u00fazeum\" \/>\n<meta property=\"article:modified_time\" content=\"2026-01-22T08:30:54+00:00\" \/>\n<meta property=\"og:image\" content=\"https:\/\/univet.hu\/konyvtar\/wp-content\/uploads\/sites\/17\/2025\/07\/cropped-logo_univet.png\" \/>\n\t<meta property=\"og:image:width\" content=\"240\" \/>\n\t<meta property=\"og:image:height\" content=\"240\" \/>\n\t<meta property=\"og:image:type\" content=\"image\/png\" \/>\n<meta name=\"twitter:card\" content=\"summary_large_image\" \/>\n<meta name=\"twitter:label1\" content=\"Est. reading time\" \/>\n\t<meta name=\"twitter:data1\" content=\"1 minute\" \/>\n<script type=\"application\/ld+json\" class=\"yoast-schema-graph\">{\"@context\":\"https:\/\/schema.org\",\"@graph\":[{\"@type\":\"WebPage\",\"@id\":\"https:\/\/univet.hu\/konyvtar\/en\/about\/staff\/\",\"url\":\"https:\/\/univet.hu\/konyvtar\/en\/about\/staff\/\",\"name\":\"Staff - Hut\u00ffra Ferenc K\u00f6nyvt\u00e1r, Lev\u00e9lt\u00e1r \u00e9s M\u00fazeum\",\"isPartOf\":{\"@id\":\"https:\/\/univet.hu\/konyvtar\/#website\"},\"primaryImageOfPage\":{\"@id\":\"https:\/\/univet.hu\/konyvtar\/en\/about\/staff\/#primaryimage\"},\"image\":{\"@id\":\"https:\/\/univet.hu\/konyvtar\/en\/about\/staff\/#primaryimage\"},\"thumbnailUrl\":\"https:\/\/univet.hu\/konyvtar\/wp-content\/uploads\/sites\/17\/2025\/07\/cropped-logo_univet.png\",\"datePublished\":\"2025-07-10T09:44:47+00:00\",\"dateModified\":\"2026-01-22T08:30:54+00:00\",\"breadcrumb\":{\"@id\":\"https:\/\/univet.hu\/konyvtar\/en\/about\/staff\/#breadcrumb\"},\"inLanguage\":\"en-US\",\"potentialAction\":[{\"@type\":\"ReadAction\",\"target\":[\"https:\/\/univet.hu\/konyvtar\/en\/about\/staff\/\"]}]},{\"@type\":\"ImageObject\",\"inLanguage\":\"en-US\",\"@id\":\"https:\/\/univet.hu\/konyvtar\/en\/about\/staff\/#primaryimage\",\"url\":\"https:\/\/univet.hu\/konyvtar\/wp-content\/uploads\/sites\/17\/2025\/07\/cropped-logo_univet.png\",\"contentUrl\":\"https:\/\/univet.hu\/konyvtar\/wp-content\/uploads\/sites\/17\/2025\/07\/cropped-logo_univet.png\"},{\"@type\":\"BreadcrumbList\",\"@id\":\"https:\/\/univet.hu\/konyvtar\/en\/about\/staff\/#breadcrumb\",\"itemListElement\":[{\"@type\":\"ListItem\",\"position\":1,\"name\":\"Kezd\u0151lap\",\"item\":\"https:\/\/univet.hu\/konyvtar\/\"},{\"@type\":\"ListItem\",\"position\":2,\"name\":\"About\",\"item\":\"https:\/\/univet.hu\/konyvtar\/en\/about\/\"},{\"@type\":\"ListItem\",\"position\":3,\"name\":\"Staff\"}]},{\"@type\":\"WebSite\",\"@id\":\"https:\/\/univet.hu\/konyvtar\/#website\",\"url\":\"https:\/\/univet.hu\/konyvtar\/\",\"name\":\"Hut\u00ffra Ferenc K\u00f6nyvt\u00e1r, Lev\u00e9lt\u00e1r \u00e9s M\u00fazeum\",\"description\":\"\",\"potentialAction\":[{\"@type\":\"SearchAction\",\"target\":{\"@type\":\"EntryPoint\",\"urlTemplate\":\"https:\/\/univet.hu\/konyvtar\/?s={search_term_string}\"},\"query-input\":{\"@type\":\"PropertyValueSpecification\",\"valueRequired\":true,\"valueName\":\"search_term_string\"}}],\"inLanguage\":\"en-US\"}]}<\/script>\n<!-- \/ Yoast SEO plugin. -->","yoast_head_json":{"title":"Staff - Hut\u00ffra Ferenc K\u00f6nyvt\u00e1r, Lev\u00e9lt\u00e1r \u00e9s M\u00fazeum","robots":{"index":"index","follow":"follow","max-snippet":"max-snippet:-1","max-image-preview":"max-image-preview:large","max-video-preview":"max-video-preview:-1"},"canonical":"https:\/\/univet.hu\/konyvtar\/en\/about\/staff\/","og_locale":"en_US","og_type":"article","og_title":"Staff - Hut\u00ffra Ferenc K\u00f6nyvt\u00e1r, Lev\u00e9lt\u00e1r \u00e9s M\u00fazeum","og_description":"Hut\u00ffra Ferenc\u00a0Library, Archives and Museum University of Veterinary Medicine Budapest Address: 1078 Budapest, Istv\u00e1n u. 2. Telephone: +36 1 478 4226 E-mail:\u00a0[Click to see email] Dr. Winkler Bea PhD &#8211; library director general E-mail: winkler.bea(at)univet.hu Tel.: +36-1-478-4226\/8801 Bereczki-Bir\u00f3 Bettina &#8211; librarian E-mail: biro.bettina(at)univet.hu Tel.: +36-1-478-4100\/8802 Boz\u00f3 Bence &#8211; archivist E-mail: bozo.bence(at)univet.hu Tel.: +36-1-478-4100\/8804 Kiss J\u00f3zsefn\u00e9","og_url":"https:\/\/univet.hu\/konyvtar\/en\/about\/staff\/","og_site_name":"Hut\u00ffra Ferenc K\u00f6nyvt\u00e1r, Lev\u00e9lt\u00e1r \u00e9s M\u00fazeum","article_modified_time":"2026-01-22T08:30:54+00:00","og_image":[{"width":240,"height":240,"url":"https:\/\/univet.hu\/konyvtar\/wp-content\/uploads\/sites\/17\/2025\/07\/cropped-logo_univet.png","type":"image\/png"}],"twitter_card":"summary_large_image","twitter_misc":{"Est. reading time":"1 minute"},"schema":{"@context":"https:\/\/schema.org","@graph":[{"@type":"WebPage","@id":"https:\/\/univet.hu\/konyvtar\/en\/about\/staff\/","url":"https:\/\/univet.hu\/konyvtar\/en\/about\/staff\/","name":"Staff - Hut\u00ffra Ferenc K\u00f6nyvt\u00e1r, Lev\u00e9lt\u00e1r \u00e9s M\u00fazeum","isPartOf":{"@id":"https:\/\/univet.hu\/konyvtar\/#website"},"primaryImageOfPage":{"@id":"https:\/\/univet.hu\/konyvtar\/en\/about\/staff\/#primaryimage"},"image":{"@id":"https:\/\/univet.hu\/konyvtar\/en\/about\/staff\/#primaryimage"},"thumbnailUrl":"https:\/\/univet.hu\/konyvtar\/wp-content\/uploads\/sites\/17\/2025\/07\/cropped-logo_univet.png","datePublished":"2025-07-10T09:44:47+00:00","dateModified":"2026-01-22T08:30:54+00:00","breadcrumb":{"@id":"https:\/\/univet.hu\/konyvtar\/en\/about\/staff\/#breadcrumb"},"inLanguage":"en-US","potentialAction":[{"@type":"ReadAction","target":["https:\/\/univet.hu\/konyvtar\/en\/about\/staff\/"]}]},{"@type":"ImageObject","inLanguage":"en-US","@id":"https:\/\/univet.hu\/konyvtar\/en\/about\/staff\/#primaryimage","url":"https:\/\/univet.hu\/konyvtar\/wp-content\/uploads\/sites\/17\/2025\/07\/cropped-logo_univet.png","contentUrl":"https:\/\/univet.hu\/konyvtar\/wp-content\/uploads\/sites\/17\/2025\/07\/cropped-logo_univet.png"},{"@type":"BreadcrumbList","@id":"https:\/\/univet.hu\/konyvtar\/en\/about\/staff\/#breadcrumb","itemListElement":[{"@type":"ListItem","position":1,"name":"Kezd\u0151lap","item":"https:\/\/univet.hu\/konyvtar\/"},{"@type":"ListItem","position":2,"name":"About","item":"https:\/\/univet.hu\/konyvtar\/en\/about\/"},{"@type":"ListItem","position":3,"name":"Staff"}]},{"@type":"WebSite","@id":"https:\/\/univet.hu\/konyvtar\/#website","url":"https:\/\/univet.hu\/konyvtar\/","name":"Hut\u00ffra Ferenc K\u00f6nyvt\u00e1r, Lev\u00e9lt\u00e1r \u00e9s M\u00fazeum","description":"","potentialAction":[{"@type":"SearchAction","target":{"@type":"EntryPoint","urlTemplate":"https:\/\/univet.hu\/konyvtar\/?s={search_term_string}"},"query-input":{"@type":"PropertyValueSpecification","valueRequired":true,"valueName":"search_term_string"}}],"inLanguage":"en-US"}]}},"_links":{"self":[{"href":"https:\/\/univet.hu\/konyvtar\/en\/wp-json\/wp\/v2\/pages\/535","targetHints":{"allow":["GET"]}}],"collection":[{"href":"https:\/\/univet.hu\/konyvtar\/en\/wp-json\/wp\/v2\/pages"}],"about":[{"href":"https:\/\/univet.hu\/konyvtar\/en\/wp-json\/wp\/v2\/types\/page"}],"author":[{"embeddable":true,"href":"https:\/\/univet.hu\/konyvtar\/en\/wp-json\/wp\/v2\/users\/4333"}],"replies":[{"embeddable":true,"href":"https:\/\/univet.hu\/konyvtar\/en\/wp-json\/wp\/v2\/comments?post=535"}],"version-history":[{"count":5,"href":"https:\/\/univet.hu\/konyvtar\/en\/wp-json\/wp\/v2\/pages\/535\/revisions"}],"predecessor-version":[{"id":1264,"href":"https:\/\/univet.hu\/konyvtar\/en\/wp-json\/wp\/v2\/pages\/535\/revisions\/1264"}],"up":[{"embeddable":true,"href":"https:\/\/univet.hu\/konyvtar\/en\/wp-json\/wp\/v2\/pages\/528"}],"wp:attachment":[{"href":"https:\/\/univet.hu\/konyvtar\/en\/wp-json\/wp\/v2\/media?parent=535"}],"wp:term":[{"taxonomy":"category","embeddable":true,"href":"https:\/\/univet.hu\/konyvtar\/en\/wp-json\/wp\/v2\/categories?post=535"},{"taxonomy":"post_tag","embeddable":true,"href":"https:\/\/univet.hu\/konyvtar\/en\/wp-json\/wp\/v2\/tags?post=535"}],"curies":[{"name":"wp","href":"https:\/\/api.w.org\/{rel}","templated":true}]}}