{"id":538,"date":"2025-07-10T11:49:06","date_gmt":"2025-07-10T09:49:06","guid":{"rendered":"https:\/\/univet.hu\/konyvtar\/?page_id=538"},"modified":"2026-01-12T13:55:13","modified_gmt":"2026-01-12T12:55:13","slug":"regulations","status":"publish","type":"page","link":"https:\/\/univet.hu\/konyvtar\/en\/about\/regulations\/","title":{"rendered":"Regulations"},"content":{"rendered":"<p><a href=\"https:\/\/univet.hu\/konyvtar\/en\/?attachment_id=542\">Annex 2: Rules and Regulations of Hut\u00ffra Ferenc Library<\/a><\/p> <p><a href=\"https:\/\/univet.hu\/konyvtar\/en\/?attachment_id=539\">Data privacy notice<\/a><\/p> <p>&nbsp;<\/p> <p><strong>Only in Hungarian:<\/strong><\/p> <p><a href=\"https:\/\/univet.hu\/konyvtar\/wp-content\/uploads\/sites\/17\/2025\/07\/ugyrend_20200229.pdf\" target=\"_blank\" rel=\"noopener\">A Hut\u00ffra Ferenc K\u00f6nyvt\u00e1r, Lev\u00e9lt\u00e1r \u00e9s M\u00fazeum \u00dcgyrendje<\/a><\/p> <ul> <li><a href=\"https:\/\/univet.hu\/konyvtar\/wp-content\/uploads\/sites\/17\/2025\/07\/1_melleklet.pdf\" target=\"_blank\" rel=\"noopener\">1. sz. mell\u00e9klet: A szervezeti egys\u00e9g \u00e1ltal vezetett nyilv\u00e1ntart\u00e1sok jegyz\u00e9ke<\/a><\/li> <li><a href=\"https:\/\/univet.hu\/konyvtar\/wp-content\/uploads\/sites\/17\/2025\/07\/ugyrend_2melleklet_hasznalati_szabalyzat_2025_m.pdf\" target=\"_blank\" rel=\"noopener\">2. sz. mell\u00e9klet: A Hut\u00ffra Ferenc K\u00f6nyvt\u00e1r haszn\u00e1lati szab\u00e1lyzata<\/a><\/li> <li><a href=\"https:\/\/univet.hu\/konyvtar\/wp-content\/uploads\/sites\/17\/2025\/07\/3_melleklet.pdf\" target=\"_blank\" rel=\"noopener\">3. sz. mell\u00e9klet: A K\u00f6nyvt\u00e1r gy\u0171jt\u0151k\u00f6ri \u00e9s gy\u0171jtem\u00e9nyszervez\u00e9si szab\u00e1lyzat<\/a><\/li> <li><a href=\"https:\/\/univet.hu\/konyvtar\/wp-content\/uploads\/sites\/17\/2025\/07\/4_melleklet.pdf\" target=\"_blank\" rel=\"noopener\">4. sz. mell\u00e9klet: A K\u00f6nyvt\u00e1r k\u00fcldet\u00e9snyilatkozat<\/a><\/li> <li><a href=\"https:\/\/univet.hu\/konyvtar\/wp-content\/uploads\/sites\/17\/2025\/07\/5_melleklet.pdf\" target=\"_blank\" rel=\"noopener\">5. sz. mell\u00e9klet: Az \u00c1llatorvostudom\u00e1nyi Egyetem lev\u00e9lt\u00e1r\u00e1nak kutat\u00f3termi szab\u00e1lyzata<\/a><\/li> <li><a href=\"https:\/\/univet.hu\/konyvtar\/wp-content\/uploads\/sites\/17\/2025\/07\/6_melleklet.pdf\" target=\"_blank\" rel=\"noopener\">6. sz. mell\u00e9klet: Az \u00c1llatorvos-t\u00f6rt\u00e9neti Gy\u0171jtem\u00e9ny k\u00fcldet\u00e9snyilatkozata<\/a><\/li> <\/ul> <p><a href=\"https:\/\/univet.hu\/konyvtar\/wp-content\/uploads\/sites\/17\/2025\/07\/Minosegpolitikai_nyilatkozat.pdf\" target=\"_blank\" rel=\"noopener\">Min\u0151s\u00e9gpolitikai nyilatkozat<\/a><\/p>","protected":false},"excerpt":{"rendered":"<p>Annex 2: Rules and Regulations of Hut\u00ffra Ferenc Library Data privacy notice &nbsp; Only in Hungarian: A Hut\u00ffra Ferenc K\u00f6nyvt\u00e1r, Lev\u00e9lt\u00e1r \u00e9s M\u00fazeum \u00dcgyrendje 1. sz. mell\u00e9klet: A szervezeti egys\u00e9g \u00e1ltal vezetett nyilv\u00e1ntart\u00e1sok jegyz\u00e9ke 2. sz. mell\u00e9klet: A Hut\u00ffra Ferenc K\u00f6nyvt\u00e1r haszn\u00e1lati szab\u00e1lyzata 3. sz. mell\u00e9klet: A K\u00f6nyvt\u00e1r gy\u0171jt\u0151k\u00f6ri \u00e9s gy\u0171jtem\u00e9nyszervez\u00e9si szab\u00e1lyzat 4. sz. mell\u00e9klet:<\/p>\n","protected":false},"author":4333,"featured_media":0,"parent":528,"menu_order":3,"comment_status":"closed","ping_status":"closed","template":"","meta":{"_acf_changed":false,"_eb_attr":"","footnotes":""},"categories":[32],"tags":[],"class_list":["post-538","page","type-page","status-publish","hentry","category-rolunk-2"],"acf":[],"yoast_head":"<!-- This site is optimized with the Yoast SEO plugin v27.2 - https:\/\/yoast.com\/product\/yoast-seo-wordpress\/ -->\n<title>Regulations - Hut\u00ffra Ferenc K\u00f6nyvt\u00e1r, Lev\u00e9lt\u00e1r \u00e9s M\u00fazeum<\/title>\n<meta name=\"robots\" content=\"index, follow, max-snippet:-1, max-image-preview:large, max-video-preview:-1\" \/>\n<link rel=\"canonical\" href=\"https:\/\/univet.hu\/konyvtar\/en\/about\/regulations\/\" \/>\n<meta property=\"og:locale\" content=\"en_US\" \/>\n<meta property=\"og:type\" content=\"article\" \/>\n<meta property=\"og:title\" content=\"Regulations - Hut\u00ffra Ferenc K\u00f6nyvt\u00e1r, Lev\u00e9lt\u00e1r \u00e9s M\u00fazeum\" \/>\n<meta property=\"og:description\" content=\"Annex 2: Rules and Regulations of Hut\u00ffra Ferenc Library Data privacy notice &nbsp; Only in Hungarian: A Hut\u00ffra Ferenc K\u00f6nyvt\u00e1r, Lev\u00e9lt\u00e1r \u00e9s M\u00fazeum \u00dcgyrendje 1. sz. mell\u00e9klet: A szervezeti egys\u00e9g \u00e1ltal vezetett nyilv\u00e1ntart\u00e1sok jegyz\u00e9ke 2. sz. mell\u00e9klet: A Hut\u00ffra Ferenc K\u00f6nyvt\u00e1r haszn\u00e1lati szab\u00e1lyzata 3. sz. mell\u00e9klet: A K\u00f6nyvt\u00e1r gy\u0171jt\u0151k\u00f6ri \u00e9s gy\u0171jtem\u00e9nyszervez\u00e9si szab\u00e1lyzat 4. sz. mell\u00e9klet:\" \/>\n<meta property=\"og:url\" content=\"https:\/\/univet.hu\/konyvtar\/en\/about\/regulations\/\" \/>\n<meta property=\"og:site_name\" content=\"Hut\u00ffra Ferenc K\u00f6nyvt\u00e1r, Lev\u00e9lt\u00e1r \u00e9s M\u00fazeum\" \/>\n<meta property=\"article:modified_time\" content=\"2026-01-12T12:55:13+00:00\" \/>\n<meta name=\"twitter:card\" content=\"summary_large_image\" \/>\n<meta name=\"twitter:label1\" content=\"Est. reading time\" \/>\n\t<meta name=\"twitter:data1\" content=\"1 minute\" \/>\n<script type=\"application\/ld+json\" class=\"yoast-schema-graph\">{\"@context\":\"https:\/\/schema.org\",\"@graph\":[{\"@type\":\"WebPage\",\"@id\":\"https:\/\/univet.hu\/konyvtar\/en\/about\/regulations\/\",\"url\":\"https:\/\/univet.hu\/konyvtar\/en\/about\/regulations\/\",\"name\":\"Regulations - Hut\u00ffra Ferenc K\u00f6nyvt\u00e1r, Lev\u00e9lt\u00e1r \u00e9s M\u00fazeum\",\"isPartOf\":{\"@id\":\"https:\/\/univet.hu\/konyvtar\/#website\"},\"datePublished\":\"2025-07-10T09:49:06+00:00\",\"dateModified\":\"2026-01-12T12:55:13+00:00\",\"breadcrumb\":{\"@id\":\"https:\/\/univet.hu\/konyvtar\/en\/about\/regulations\/#breadcrumb\"},\"inLanguage\":\"en-US\",\"potentialAction\":[{\"@type\":\"ReadAction\",\"target\":[\"https:\/\/univet.hu\/konyvtar\/en\/about\/regulations\/\"]}]},{\"@type\":\"BreadcrumbList\",\"@id\":\"https:\/\/univet.hu\/konyvtar\/en\/about\/regulations\/#breadcrumb\",\"itemListElement\":[{\"@type\":\"ListItem\",\"position\":1,\"name\":\"Kezd\u0151lap\",\"item\":\"https:\/\/univet.hu\/konyvtar\/\"},{\"@type\":\"ListItem\",\"position\":2,\"name\":\"About\",\"item\":\"https:\/\/univet.hu\/konyvtar\/en\/about\/\"},{\"@type\":\"ListItem\",\"position\":3,\"name\":\"Regulations\"}]},{\"@type\":\"WebSite\",\"@id\":\"https:\/\/univet.hu\/konyvtar\/#website\",\"url\":\"https:\/\/univet.hu\/konyvtar\/\",\"name\":\"Hut\u00ffra Ferenc K\u00f6nyvt\u00e1r, Lev\u00e9lt\u00e1r \u00e9s M\u00fazeum\",\"description\":\"\",\"potentialAction\":[{\"@type\":\"SearchAction\",\"target\":{\"@type\":\"EntryPoint\",\"urlTemplate\":\"https:\/\/univet.hu\/konyvtar\/?s={search_term_string}\"},\"query-input\":{\"@type\":\"PropertyValueSpecification\",\"valueRequired\":true,\"valueName\":\"search_term_string\"}}],\"inLanguage\":\"en-US\"}]}<\/script>\n<!-- \/ Yoast SEO plugin. -->","yoast_head_json":{"title":"Regulations - Hut\u00ffra Ferenc K\u00f6nyvt\u00e1r, Lev\u00e9lt\u00e1r \u00e9s M\u00fazeum","robots":{"index":"index","follow":"follow","max-snippet":"max-snippet:-1","max-image-preview":"max-image-preview:large","max-video-preview":"max-video-preview:-1"},"canonical":"https:\/\/univet.hu\/konyvtar\/en\/about\/regulations\/","og_locale":"en_US","og_type":"article","og_title":"Regulations - Hut\u00ffra Ferenc K\u00f6nyvt\u00e1r, Lev\u00e9lt\u00e1r \u00e9s M\u00fazeum","og_description":"Annex 2: Rules and Regulations of Hut\u00ffra Ferenc Library Data privacy notice &nbsp; Only in Hungarian: A Hut\u00ffra Ferenc K\u00f6nyvt\u00e1r, Lev\u00e9lt\u00e1r \u00e9s M\u00fazeum \u00dcgyrendje 1. sz. mell\u00e9klet: A szervezeti egys\u00e9g \u00e1ltal vezetett nyilv\u00e1ntart\u00e1sok jegyz\u00e9ke 2. sz. mell\u00e9klet: A Hut\u00ffra Ferenc K\u00f6nyvt\u00e1r haszn\u00e1lati szab\u00e1lyzata 3. sz. mell\u00e9klet: A K\u00f6nyvt\u00e1r gy\u0171jt\u0151k\u00f6ri \u00e9s gy\u0171jtem\u00e9nyszervez\u00e9si szab\u00e1lyzat 4. sz. mell\u00e9klet:","og_url":"https:\/\/univet.hu\/konyvtar\/en\/about\/regulations\/","og_site_name":"Hut\u00ffra Ferenc K\u00f6nyvt\u00e1r, Lev\u00e9lt\u00e1r \u00e9s M\u00fazeum","article_modified_time":"2026-01-12T12:55:13+00:00","twitter_card":"summary_large_image","twitter_misc":{"Est. reading time":"1 minute"},"schema":{"@context":"https:\/\/schema.org","@graph":[{"@type":"WebPage","@id":"https:\/\/univet.hu\/konyvtar\/en\/about\/regulations\/","url":"https:\/\/univet.hu\/konyvtar\/en\/about\/regulations\/","name":"Regulations - Hut\u00ffra Ferenc K\u00f6nyvt\u00e1r, Lev\u00e9lt\u00e1r \u00e9s M\u00fazeum","isPartOf":{"@id":"https:\/\/univet.hu\/konyvtar\/#website"},"datePublished":"2025-07-10T09:49:06+00:00","dateModified":"2026-01-12T12:55:13+00:00","breadcrumb":{"@id":"https:\/\/univet.hu\/konyvtar\/en\/about\/regulations\/#breadcrumb"},"inLanguage":"en-US","potentialAction":[{"@type":"ReadAction","target":["https:\/\/univet.hu\/konyvtar\/en\/about\/regulations\/"]}]},{"@type":"BreadcrumbList","@id":"https:\/\/univet.hu\/konyvtar\/en\/about\/regulations\/#breadcrumb","itemListElement":[{"@type":"ListItem","position":1,"name":"Kezd\u0151lap","item":"https:\/\/univet.hu\/konyvtar\/"},{"@type":"ListItem","position":2,"name":"About","item":"https:\/\/univet.hu\/konyvtar\/en\/about\/"},{"@type":"ListItem","position":3,"name":"Regulations"}]},{"@type":"WebSite","@id":"https:\/\/univet.hu\/konyvtar\/#website","url":"https:\/\/univet.hu\/konyvtar\/","name":"Hut\u00ffra Ferenc K\u00f6nyvt\u00e1r, Lev\u00e9lt\u00e1r \u00e9s M\u00fazeum","description":"","potentialAction":[{"@type":"SearchAction","target":{"@type":"EntryPoint","urlTemplate":"https:\/\/univet.hu\/konyvtar\/?s={search_term_string}"},"query-input":{"@type":"PropertyValueSpecification","valueRequired":true,"valueName":"search_term_string"}}],"inLanguage":"en-US"}]}},"_links":{"self":[{"href":"https:\/\/univet.hu\/konyvtar\/en\/wp-json\/wp\/v2\/pages\/538","targetHints":{"allow":["GET"]}}],"collection":[{"href":"https:\/\/univet.hu\/konyvtar\/en\/wp-json\/wp\/v2\/pages"}],"about":[{"href":"https:\/\/univet.hu\/konyvtar\/en\/wp-json\/wp\/v2\/types\/page"}],"author":[{"embeddable":true,"href":"https:\/\/univet.hu\/konyvtar\/en\/wp-json\/wp\/v2\/users\/4333"}],"replies":[{"embeddable":true,"href":"https:\/\/univet.hu\/konyvtar\/en\/wp-json\/wp\/v2\/comments?post=538"}],"version-history":[{"count":2,"href":"https:\/\/univet.hu\/konyvtar\/en\/wp-json\/wp\/v2\/pages\/538\/revisions"}],"predecessor-version":[{"id":628,"href":"https:\/\/univet.hu\/konyvtar\/en\/wp-json\/wp\/v2\/pages\/538\/revisions\/628"}],"up":[{"embeddable":true,"href":"https:\/\/univet.hu\/konyvtar\/en\/wp-json\/wp\/v2\/pages\/528"}],"wp:attachment":[{"href":"https:\/\/univet.hu\/konyvtar\/en\/wp-json\/wp\/v2\/media?parent=538"}],"wp:term":[{"taxonomy":"category","embeddable":true,"href":"https:\/\/univet.hu\/konyvtar\/en\/wp-json\/wp\/v2\/categories?post=538"},{"taxonomy":"post_tag","embeddable":true,"href":"https:\/\/univet.hu\/konyvtar\/en\/wp-json\/wp\/v2\/tags?post=538"}],"curies":[{"name":"wp","href":"https:\/\/api.w.org\/{rel}","templated":true}]}}