{"id":565,"date":"2025-07-10T12:01:57","date_gmt":"2025-07-10T10:01:57","guid":{"rendered":"https:\/\/univet.hu\/konyvtar\/about\/library-dogs\/"},"modified":"2026-01-12T13:55:13","modified_gmt":"2026-01-12T12:55:13","slug":"library-dogs","status":"publish","type":"page","link":"https:\/\/univet.hu\/konyvtar\/en\/about\/library-dogs\/","title":{"rendered":"Library and dogs"},"content":{"rendered":"<div> <div> <p class=\"x_MsoNormal\">Dear Students!<\/p> <p class=\"x_MsoNormal\">Problems and complaints about animals brought into the library have increased in the past, and for this reason we have created a rule that clearly and precisely defines the relationship between certain spaces in the library and the animals.<\/p> <p class=\"x_MsoNormal\">Most of the complaints about the presence of animals in the library were legitimate remarks about hygiene, behavioral problems (barking, growling, sitting on furniture, etc.) or the increasing noise of the former quiet learning spaces.<b>\u00a0<\/b><\/p> <p class=\"x_MsoNormal\"><b>In accordance with the above-mentioned, from December 3, 2021, the library\u2019s reading and learning spaces will be divided into two separate units:\u00a0<\/b><\/p> <ul> <li><b>Building D \u2013 including the reading room, the group room, the foyers, corridors and the reception area on the ground floor \u2013 is not accessible to animals<\/b><b>\u00a0<\/b><\/li> <li><b>Equus Study Room in building D, however, is an animal-friendly place.\u00a0<\/b><\/li> <\/ul> <p class=\"x_MsoNormal\">Please keep the above rules when visiting the library so that each student can find a suitable, supportive library environment for them.<\/p> <p class=\"x_MsoNormal\">We would like to support the operation of Equus Study Room as an animal-friendly place with rules to help us live together which will soon be placed in the room.<\/p> <p class=\"x_MsoNormal\">Thank you for your understanding and cooperation.<\/p> <p class=\"x_MsoNormal\">Budapest, December 2, 2021<\/p> <p class=\"x_MsoNormal\">Bea Winkler and the library staff<\/p> <p class=\"x_MsoNormal\" align=\"center\"><b><span lang=\"EN-GB\">Equus Study Room<\/span><\/b><\/p> <p class=\"x_MsoNormal\"><span lang=\"EN-GB\">1. Students can use Equus Study Room for the purposes of silent group study sessions and recreation.\u00a0<\/span><\/p> <p class=\"x_MsoNormal\"><span lang=\"EN-GB\">2. The room is a community area so you must observe the rules of appropriate social behaviour at all times.\u00a0<\/span><\/p> <p class=\"x_MsoNormal\"><span lang=\"EN-GB\">3. Users of the study room must comply with the house rules.\u00a0 <\/span><\/p> <p class=\"x_MsoNormal\" align=\"center\"><b><span lang=\"EN-GB\">House rules for Equus Study Room\u00a0<\/span><\/b><\/p> <p class=\"x_MsoNormal\"><b><span lang=\"EN-GB\">I. Rules of social behaviour<\/span><\/b><\/p> <p class=\"x_MsoNormal\"><span lang=\"EN-GB\">a) Please do not disturb your fellow students by making phone calls or talking.\u00a0<\/span><\/p> <p class=\"x_MsoNormal\"><span lang=\"EN-GB\">b) When you leave, please put your garbage in one of the garbage cans and leave the place in the condition you would like to find it.<\/span><\/p> <p class=\"x_MsoNormal\"><span lang=\"EN-GB\">c) Do not take off your shoes in the room and do not put your feet\/shoes on the chairs\/tables.<\/span><\/p> <p class=\"x_MsoNormal\"><span lang=\"EN-GB\">d) Do not consume smelly, aromatic food in the room.\u00a0<\/span><\/p> <p class=\"x_MsoNormal\">\u00a0<b><span lang=\"EN-GB\">II. Dog rules<\/span><\/b><\/p> <p class=\"x_MsoNormal\"><span lang=\"EN-GB\">a) Only properly socialized, human-friendly dogs are allowed in the room.\u00a0<\/span><\/p> <p class=\"x_MsoNormal\"><span lang=\"EN-GB\">b) Do not feed or give drinks to your dog in the room.\u00a0<\/span><\/p> <p class=\"x_MsoNormal\"><span lang=\"EN-GB\">c) Do not have your dog sit\/lie on the chairs, tables or sofas.\u00a0<\/span><\/p> <p class=\"x_MsoNormal\"><span lang=\"EN-GB\">d) All dog waste must be placed in dog poop bags and thrown in the outdoor garbage cans (it is forbidden to put them in indoor bins, bathroom or toilet bins)!<\/span><\/p> <p class=\"x_MsoNormal\"><b><span lang=\"EN-GB\">III. Personal belongings left in the room<\/span><\/b><\/p> <p class=\"x_MsoNormal\"><span lang=\"EN-GB\">a) We are not responsible for your personal items left in the room.\u00a0<\/span><\/p> <p class=\"x_MsoNormal\"><span lang=\"EN-GB\">b) Any items found on the tables etc. will be disposed of in the last week of each semester.\u00a0<\/span><\/p> <p class=\"x_MsoNormal\"><b><span lang=\"EN-GB\">IV. Books and magazines placed in the room<\/span><\/b><\/p> <p class=\"x_MsoNormal\"><span lang=\"EN-GB\">a) Free copies of books, notes and magazines are available in Equus Study Room. You are free to take them home, use them and return them or even add other items to the collection there.\u00a0<\/span><\/p> <\/div> <\/div>","protected":false},"excerpt":{"rendered":"<p>Dear Students! Problems and complaints about animals brought into the library have increased in the past, and for this reason we have created a rule that clearly and precisely defines the relationship between certain spaces in the library and the animals. Most of the complaints about the presence of animals in the library were legitimate<\/p>\n","protected":false},"author":4333,"featured_media":0,"parent":528,"menu_order":4,"comment_status":"closed","ping_status":"closed","template":"","meta":{"_acf_changed":false,"_eb_attr":"","footnotes":""},"categories":[32],"tags":[],"class_list":["post-565","page","type-page","status-publish","hentry","category-rolunk-2"],"acf":[],"yoast_head":"<!-- This site is optimized with the Yoast SEO plugin v27.2 - https:\/\/yoast.com\/product\/yoast-seo-wordpress\/ -->\n<title>Library and dogs - Hut\u00ffra Ferenc K\u00f6nyvt\u00e1r, Lev\u00e9lt\u00e1r \u00e9s M\u00fazeum<\/title>\n<meta name=\"robots\" content=\"index, follow, max-snippet:-1, max-image-preview:large, max-video-preview:-1\" \/>\n<link rel=\"canonical\" href=\"https:\/\/univet.hu\/konyvtar\/en\/about\/library-dogs\/\" \/>\n<meta property=\"og:locale\" content=\"en_US\" \/>\n<meta property=\"og:type\" content=\"article\" \/>\n<meta property=\"og:title\" content=\"Library and dogs - Hut\u00ffra Ferenc K\u00f6nyvt\u00e1r, Lev\u00e9lt\u00e1r \u00e9s M\u00fazeum\" \/>\n<meta property=\"og:description\" content=\"Dear Students! Problems and complaints about animals brought into the library have increased in the past, and for this reason we have created a rule that clearly and precisely defines the relationship between certain spaces in the library and the animals. Most of the complaints about the presence of animals in the library were legitimate\" \/>\n<meta property=\"og:url\" content=\"https:\/\/univet.hu\/konyvtar\/en\/about\/library-dogs\/\" \/>\n<meta property=\"og:site_name\" content=\"Hut\u00ffra Ferenc K\u00f6nyvt\u00e1r, Lev\u00e9lt\u00e1r \u00e9s M\u00fazeum\" \/>\n<meta property=\"article:modified_time\" content=\"2026-01-12T12:55:13+00:00\" \/>\n<meta name=\"twitter:card\" content=\"summary_large_image\" \/>\n<meta name=\"twitter:label1\" content=\"Est. reading time\" \/>\n\t<meta name=\"twitter:data1\" content=\"3 minutes\" \/>\n<script type=\"application\/ld+json\" class=\"yoast-schema-graph\">{\"@context\":\"https:\/\/schema.org\",\"@graph\":[{\"@type\":\"WebPage\",\"@id\":\"https:\/\/univet.hu\/konyvtar\/en\/about\/library-dogs\/\",\"url\":\"https:\/\/univet.hu\/konyvtar\/en\/about\/library-dogs\/\",\"name\":\"Library and dogs - Hut\u00ffra Ferenc K\u00f6nyvt\u00e1r, Lev\u00e9lt\u00e1r \u00e9s M\u00fazeum\",\"isPartOf\":{\"@id\":\"https:\/\/univet.hu\/konyvtar\/#website\"},\"datePublished\":\"2025-07-10T10:01:57+00:00\",\"dateModified\":\"2026-01-12T12:55:13+00:00\",\"breadcrumb\":{\"@id\":\"https:\/\/univet.hu\/konyvtar\/en\/about\/library-dogs\/#breadcrumb\"},\"inLanguage\":\"en-US\",\"potentialAction\":[{\"@type\":\"ReadAction\",\"target\":[\"https:\/\/univet.hu\/konyvtar\/en\/about\/library-dogs\/\"]}]},{\"@type\":\"BreadcrumbList\",\"@id\":\"https:\/\/univet.hu\/konyvtar\/en\/about\/library-dogs\/#breadcrumb\",\"itemListElement\":[{\"@type\":\"ListItem\",\"position\":1,\"name\":\"Kezd\u0151lap\",\"item\":\"https:\/\/univet.hu\/konyvtar\/\"},{\"@type\":\"ListItem\",\"position\":2,\"name\":\"About\",\"item\":\"https:\/\/univet.hu\/konyvtar\/en\/about\/\"},{\"@type\":\"ListItem\",\"position\":3,\"name\":\"Library and dogs\"}]},{\"@type\":\"WebSite\",\"@id\":\"https:\/\/univet.hu\/konyvtar\/#website\",\"url\":\"https:\/\/univet.hu\/konyvtar\/\",\"name\":\"Hut\u00ffra Ferenc K\u00f6nyvt\u00e1r, Lev\u00e9lt\u00e1r \u00e9s M\u00fazeum\",\"description\":\"\",\"potentialAction\":[{\"@type\":\"SearchAction\",\"target\":{\"@type\":\"EntryPoint\",\"urlTemplate\":\"https:\/\/univet.hu\/konyvtar\/?s={search_term_string}\"},\"query-input\":{\"@type\":\"PropertyValueSpecification\",\"valueRequired\":true,\"valueName\":\"search_term_string\"}}],\"inLanguage\":\"en-US\"}]}<\/script>\n<!-- \/ Yoast SEO plugin. -->","yoast_head_json":{"title":"Library and dogs - Hut\u00ffra Ferenc K\u00f6nyvt\u00e1r, Lev\u00e9lt\u00e1r \u00e9s M\u00fazeum","robots":{"index":"index","follow":"follow","max-snippet":"max-snippet:-1","max-image-preview":"max-image-preview:large","max-video-preview":"max-video-preview:-1"},"canonical":"https:\/\/univet.hu\/konyvtar\/en\/about\/library-dogs\/","og_locale":"en_US","og_type":"article","og_title":"Library and dogs - Hut\u00ffra Ferenc K\u00f6nyvt\u00e1r, Lev\u00e9lt\u00e1r \u00e9s M\u00fazeum","og_description":"Dear Students! Problems and complaints about animals brought into the library have increased in the past, and for this reason we have created a rule that clearly and precisely defines the relationship between certain spaces in the library and the animals. Most of the complaints about the presence of animals in the library were legitimate","og_url":"https:\/\/univet.hu\/konyvtar\/en\/about\/library-dogs\/","og_site_name":"Hut\u00ffra Ferenc K\u00f6nyvt\u00e1r, Lev\u00e9lt\u00e1r \u00e9s M\u00fazeum","article_modified_time":"2026-01-12T12:55:13+00:00","twitter_card":"summary_large_image","twitter_misc":{"Est. reading time":"3 minutes"},"schema":{"@context":"https:\/\/schema.org","@graph":[{"@type":"WebPage","@id":"https:\/\/univet.hu\/konyvtar\/en\/about\/library-dogs\/","url":"https:\/\/univet.hu\/konyvtar\/en\/about\/library-dogs\/","name":"Library and dogs - Hut\u00ffra Ferenc K\u00f6nyvt\u00e1r, Lev\u00e9lt\u00e1r \u00e9s M\u00fazeum","isPartOf":{"@id":"https:\/\/univet.hu\/konyvtar\/#website"},"datePublished":"2025-07-10T10:01:57+00:00","dateModified":"2026-01-12T12:55:13+00:00","breadcrumb":{"@id":"https:\/\/univet.hu\/konyvtar\/en\/about\/library-dogs\/#breadcrumb"},"inLanguage":"en-US","potentialAction":[{"@type":"ReadAction","target":["https:\/\/univet.hu\/konyvtar\/en\/about\/library-dogs\/"]}]},{"@type":"BreadcrumbList","@id":"https:\/\/univet.hu\/konyvtar\/en\/about\/library-dogs\/#breadcrumb","itemListElement":[{"@type":"ListItem","position":1,"name":"Kezd\u0151lap","item":"https:\/\/univet.hu\/konyvtar\/"},{"@type":"ListItem","position":2,"name":"About","item":"https:\/\/univet.hu\/konyvtar\/en\/about\/"},{"@type":"ListItem","position":3,"name":"Library and dogs"}]},{"@type":"WebSite","@id":"https:\/\/univet.hu\/konyvtar\/#website","url":"https:\/\/univet.hu\/konyvtar\/","name":"Hut\u00ffra Ferenc K\u00f6nyvt\u00e1r, Lev\u00e9lt\u00e1r \u00e9s M\u00fazeum","description":"","potentialAction":[{"@type":"SearchAction","target":{"@type":"EntryPoint","urlTemplate":"https:\/\/univet.hu\/konyvtar\/?s={search_term_string}"},"query-input":{"@type":"PropertyValueSpecification","valueRequired":true,"valueName":"search_term_string"}}],"inLanguage":"en-US"}]}},"_links":{"self":[{"href":"https:\/\/univet.hu\/konyvtar\/en\/wp-json\/wp\/v2\/pages\/565","targetHints":{"allow":["GET"]}}],"collection":[{"href":"https:\/\/univet.hu\/konyvtar\/en\/wp-json\/wp\/v2\/pages"}],"about":[{"href":"https:\/\/univet.hu\/konyvtar\/en\/wp-json\/wp\/v2\/types\/page"}],"author":[{"embeddable":true,"href":"https:\/\/univet.hu\/konyvtar\/en\/wp-json\/wp\/v2\/users\/4333"}],"replies":[{"embeddable":true,"href":"https:\/\/univet.hu\/konyvtar\/en\/wp-json\/wp\/v2\/comments?post=565"}],"version-history":[{"count":3,"href":"https:\/\/univet.hu\/konyvtar\/en\/wp-json\/wp\/v2\/pages\/565\/revisions"}],"predecessor-version":[{"id":629,"href":"https:\/\/univet.hu\/konyvtar\/en\/wp-json\/wp\/v2\/pages\/565\/revisions\/629"}],"up":[{"embeddable":true,"href":"https:\/\/univet.hu\/konyvtar\/en\/wp-json\/wp\/v2\/pages\/528"}],"wp:attachment":[{"href":"https:\/\/univet.hu\/konyvtar\/en\/wp-json\/wp\/v2\/media?parent=565"}],"wp:term":[{"taxonomy":"category","embeddable":true,"href":"https:\/\/univet.hu\/konyvtar\/en\/wp-json\/wp\/v2\/categories?post=565"},{"taxonomy":"post_tag","embeddable":true,"href":"https:\/\/univet.hu\/konyvtar\/en\/wp-json\/wp\/v2\/tags?post=565"}],"curies":[{"name":"wp","href":"https:\/\/api.w.org\/{rel}","templated":true}]}}