{"id":569,"date":"2025-07-10T12:05:15","date_gmt":"2025-07-10T10:05:15","guid":{"rendered":"https:\/\/univet.hu\/konyvtar\/?page_id=569"},"modified":"2026-01-12T13:55:13","modified_gmt":"2026-01-12T12:55:13","slug":"history","status":"publish","type":"page","link":"https:\/\/univet.hu\/konyvtar\/en\/about\/history\/","title":{"rendered":"History"},"content":{"rendered":"<div class=\"entry-content\"> <p>The Hut\u00ffra Ferenc Library, Archives, and Museum (University of Veterinary Medicine Budapest) is Hungary&#8217;s only veterinary library open to the public.<\/p> <p>The library is as old as the training of veterinarians itself. Our honored professors have gathered and organized Hungarian and foreign publications in veterinary science from the beginning. Among those who contributed to the development of the collection were S\u00e1ndor Tolnay, B\u00e9la N\u00e1daskay, who elaborated the classification system, and last but not least Gyula Magyary-Kossa, the editor of the catalogue. Thanks to their commitment and successors, such as Marek, Zimmermann, and Kotl\u00e1n, the prestigious Historic Book Collection now consists of 5000 volumes, entirely integrated in the catalogue. It contains rarities from the 16th century, basic veterinary works in German and Latin, manuscripts, and, naturally, the first editions of the works of the most outstanding Hungarian veterinarians.<\/p> <p>Our museum houses relics of the history of Hungarian veterinary education, and the archives are located in building \u201cH.\u201d<\/p> <p>The library was placed in the main building of the Hungarian Royal Veterinary College already in the first years of the 20th century. It was in 1983 that the time had come for the Central Library of the University of Veterinary Science to take possession of the simple, still representative building decorated with Zsolnay ceramics and designed by the famous architect of the Hungarian Parliament, Imre Steindl. The former pathology museum, later Auditorium, has become the library&#8217;s main reading room, and is decorated with a wrought iron chandelier, reconstructed after a picture by Zolt\u00e1n Tak\u00e1cs. 120 seats, modern services, and 14 computers await the readers in this historic atmosphere; 10 computers are in the computer lab, while the other four are in the periodicals\u2019 section.<\/p> <p>The library serves the lecturers, researchers, and students of the University. It is also responsible for providing information and documents to veterinarians\u2014whether private practitioners, vets in state veterinary service, or those working in the research or commercial sector\u2014and everybody who requires information or documents related to veterinary science. This is expected from the library, which is an academic and special library and a member of the National Document Provision System.<\/p> <\/div>","protected":false},"excerpt":{"rendered":"<p>The Hut\u00ffra Ferenc Library, Archives, and Museum (University of Veterinary Medicine Budapest) is Hungary&#8217;s only veterinary library open to the public. The library is as old as the training of veterinarians itself. Our honored professors have gathered and organized Hungarian and foreign publications in veterinary science from the beginning. Among those who contributed to the<\/p>\n","protected":false},"author":4333,"featured_media":0,"parent":528,"menu_order":6,"comment_status":"closed","ping_status":"closed","template":"","meta":{"_acf_changed":false,"_eb_attr":"","footnotes":""},"categories":[32],"tags":[],"class_list":["post-569","page","type-page","status-publish","hentry","category-rolunk-2"],"acf":[],"yoast_head":"<!-- This site is optimized with the Yoast SEO plugin v27.2 - https:\/\/yoast.com\/product\/yoast-seo-wordpress\/ -->\n<title>History - Hut\u00ffra Ferenc K\u00f6nyvt\u00e1r, Lev\u00e9lt\u00e1r \u00e9s M\u00fazeum<\/title>\n<meta name=\"robots\" content=\"index, follow, max-snippet:-1, max-image-preview:large, max-video-preview:-1\" \/>\n<link rel=\"canonical\" href=\"https:\/\/univet.hu\/konyvtar\/en\/about\/history\/\" \/>\n<meta property=\"og:locale\" content=\"en_US\" \/>\n<meta property=\"og:type\" content=\"article\" \/>\n<meta property=\"og:title\" content=\"History - Hut\u00ffra Ferenc K\u00f6nyvt\u00e1r, Lev\u00e9lt\u00e1r \u00e9s M\u00fazeum\" \/>\n<meta property=\"og:description\" content=\"The Hut\u00ffra Ferenc Library, Archives, and Museum (University of Veterinary Medicine Budapest) is Hungary&#8217;s only veterinary library open to the public. The library is as old as the training of veterinarians itself. Our honored professors have gathered and organized Hungarian and foreign publications in veterinary science from the beginning. Among those who contributed to the\" \/>\n<meta property=\"og:url\" content=\"https:\/\/univet.hu\/konyvtar\/en\/about\/history\/\" \/>\n<meta property=\"og:site_name\" content=\"Hut\u00ffra Ferenc K\u00f6nyvt\u00e1r, Lev\u00e9lt\u00e1r \u00e9s M\u00fazeum\" \/>\n<meta property=\"article:modified_time\" content=\"2026-01-12T12:55:13+00:00\" \/>\n<meta name=\"twitter:card\" content=\"summary_large_image\" \/>\n<meta name=\"twitter:label1\" content=\"Est. reading time\" \/>\n\t<meta name=\"twitter:data1\" content=\"2 minutes\" \/>\n<script type=\"application\/ld+json\" class=\"yoast-schema-graph\">{\"@context\":\"https:\/\/schema.org\",\"@graph\":[{\"@type\":\"WebPage\",\"@id\":\"https:\/\/univet.hu\/konyvtar\/en\/about\/history\/\",\"url\":\"https:\/\/univet.hu\/konyvtar\/en\/about\/history\/\",\"name\":\"History - Hut\u00ffra Ferenc K\u00f6nyvt\u00e1r, Lev\u00e9lt\u00e1r \u00e9s M\u00fazeum\",\"isPartOf\":{\"@id\":\"https:\/\/univet.hu\/konyvtar\/#website\"},\"datePublished\":\"2025-07-10T10:05:15+00:00\",\"dateModified\":\"2026-01-12T12:55:13+00:00\",\"breadcrumb\":{\"@id\":\"https:\/\/univet.hu\/konyvtar\/en\/about\/history\/#breadcrumb\"},\"inLanguage\":\"en-US\",\"potentialAction\":[{\"@type\":\"ReadAction\",\"target\":[\"https:\/\/univet.hu\/konyvtar\/en\/about\/history\/\"]}]},{\"@type\":\"BreadcrumbList\",\"@id\":\"https:\/\/univet.hu\/konyvtar\/en\/about\/history\/#breadcrumb\",\"itemListElement\":[{\"@type\":\"ListItem\",\"position\":1,\"name\":\"Kezd\u0151lap\",\"item\":\"https:\/\/univet.hu\/konyvtar\/\"},{\"@type\":\"ListItem\",\"position\":2,\"name\":\"About\",\"item\":\"https:\/\/univet.hu\/konyvtar\/en\/about\/\"},{\"@type\":\"ListItem\",\"position\":3,\"name\":\"History\"}]},{\"@type\":\"WebSite\",\"@id\":\"https:\/\/univet.hu\/konyvtar\/#website\",\"url\":\"https:\/\/univet.hu\/konyvtar\/\",\"name\":\"Hut\u00ffra Ferenc K\u00f6nyvt\u00e1r, Lev\u00e9lt\u00e1r \u00e9s M\u00fazeum\",\"description\":\"\",\"potentialAction\":[{\"@type\":\"SearchAction\",\"target\":{\"@type\":\"EntryPoint\",\"urlTemplate\":\"https:\/\/univet.hu\/konyvtar\/?s={search_term_string}\"},\"query-input\":{\"@type\":\"PropertyValueSpecification\",\"valueRequired\":true,\"valueName\":\"search_term_string\"}}],\"inLanguage\":\"en-US\"}]}<\/script>\n<!-- \/ Yoast SEO plugin. -->","yoast_head_json":{"title":"History - Hut\u00ffra Ferenc K\u00f6nyvt\u00e1r, Lev\u00e9lt\u00e1r \u00e9s M\u00fazeum","robots":{"index":"index","follow":"follow","max-snippet":"max-snippet:-1","max-image-preview":"max-image-preview:large","max-video-preview":"max-video-preview:-1"},"canonical":"https:\/\/univet.hu\/konyvtar\/en\/about\/history\/","og_locale":"en_US","og_type":"article","og_title":"History - Hut\u00ffra Ferenc K\u00f6nyvt\u00e1r, Lev\u00e9lt\u00e1r \u00e9s M\u00fazeum","og_description":"The Hut\u00ffra Ferenc Library, Archives, and Museum (University of Veterinary Medicine Budapest) is Hungary&#8217;s only veterinary library open to the public. The library is as old as the training of veterinarians itself. Our honored professors have gathered and organized Hungarian and foreign publications in veterinary science from the beginning. Among those who contributed to the","og_url":"https:\/\/univet.hu\/konyvtar\/en\/about\/history\/","og_site_name":"Hut\u00ffra Ferenc K\u00f6nyvt\u00e1r, Lev\u00e9lt\u00e1r \u00e9s M\u00fazeum","article_modified_time":"2026-01-12T12:55:13+00:00","twitter_card":"summary_large_image","twitter_misc":{"Est. reading time":"2 minutes"},"schema":{"@context":"https:\/\/schema.org","@graph":[{"@type":"WebPage","@id":"https:\/\/univet.hu\/konyvtar\/en\/about\/history\/","url":"https:\/\/univet.hu\/konyvtar\/en\/about\/history\/","name":"History - Hut\u00ffra Ferenc K\u00f6nyvt\u00e1r, Lev\u00e9lt\u00e1r \u00e9s M\u00fazeum","isPartOf":{"@id":"https:\/\/univet.hu\/konyvtar\/#website"},"datePublished":"2025-07-10T10:05:15+00:00","dateModified":"2026-01-12T12:55:13+00:00","breadcrumb":{"@id":"https:\/\/univet.hu\/konyvtar\/en\/about\/history\/#breadcrumb"},"inLanguage":"en-US","potentialAction":[{"@type":"ReadAction","target":["https:\/\/univet.hu\/konyvtar\/en\/about\/history\/"]}]},{"@type":"BreadcrumbList","@id":"https:\/\/univet.hu\/konyvtar\/en\/about\/history\/#breadcrumb","itemListElement":[{"@type":"ListItem","position":1,"name":"Kezd\u0151lap","item":"https:\/\/univet.hu\/konyvtar\/"},{"@type":"ListItem","position":2,"name":"About","item":"https:\/\/univet.hu\/konyvtar\/en\/about\/"},{"@type":"ListItem","position":3,"name":"History"}]},{"@type":"WebSite","@id":"https:\/\/univet.hu\/konyvtar\/#website","url":"https:\/\/univet.hu\/konyvtar\/","name":"Hut\u00ffra Ferenc K\u00f6nyvt\u00e1r, Lev\u00e9lt\u00e1r \u00e9s M\u00fazeum","description":"","potentialAction":[{"@type":"SearchAction","target":{"@type":"EntryPoint","urlTemplate":"https:\/\/univet.hu\/konyvtar\/?s={search_term_string}"},"query-input":{"@type":"PropertyValueSpecification","valueRequired":true,"valueName":"search_term_string"}}],"inLanguage":"en-US"}]}},"_links":{"self":[{"href":"https:\/\/univet.hu\/konyvtar\/en\/wp-json\/wp\/v2\/pages\/569","targetHints":{"allow":["GET"]}}],"collection":[{"href":"https:\/\/univet.hu\/konyvtar\/en\/wp-json\/wp\/v2\/pages"}],"about":[{"href":"https:\/\/univet.hu\/konyvtar\/en\/wp-json\/wp\/v2\/types\/page"}],"author":[{"embeddable":true,"href":"https:\/\/univet.hu\/konyvtar\/en\/wp-json\/wp\/v2\/users\/4333"}],"replies":[{"embeddable":true,"href":"https:\/\/univet.hu\/konyvtar\/en\/wp-json\/wp\/v2\/comments?post=569"}],"version-history":[{"count":4,"href":"https:\/\/univet.hu\/konyvtar\/en\/wp-json\/wp\/v2\/pages\/569\/revisions"}],"predecessor-version":[{"id":894,"href":"https:\/\/univet.hu\/konyvtar\/en\/wp-json\/wp\/v2\/pages\/569\/revisions\/894"}],"up":[{"embeddable":true,"href":"https:\/\/univet.hu\/konyvtar\/en\/wp-json\/wp\/v2\/pages\/528"}],"wp:attachment":[{"href":"https:\/\/univet.hu\/konyvtar\/en\/wp-json\/wp\/v2\/media?parent=569"}],"wp:term":[{"taxonomy":"category","embeddable":true,"href":"https:\/\/univet.hu\/konyvtar\/en\/wp-json\/wp\/v2\/categories?post=569"},{"taxonomy":"post_tag","embeddable":true,"href":"https:\/\/univet.hu\/konyvtar\/en\/wp-json\/wp\/v2\/tags?post=569"}],"curies":[{"name":"wp","href":"https:\/\/api.w.org\/{rel}","templated":true}]}}