{"id":571,"date":"2025-07-10T12:06:17","date_gmt":"2025-07-10T10:06:17","guid":{"rendered":"https:\/\/univet.hu\/konyvtar\/about\/newsletter\/"},"modified":"2026-01-12T13:55:13","modified_gmt":"2026-01-12T12:55:13","slug":"newsletter","status":"publish","type":"page","link":"https:\/\/univet.hu\/konyvtar\/en\/about\/newsletter\/","title":{"rendered":"Library newsletter"},"content":{"rendered":"<div class=\"entry-content\"> <div class=\"page-header\"> <h2>Noctua \u2013 Library newsletter<\/h2> <\/div> <div> <p>Noctua is a newsletter edited by the Hut\u00ffra Ferenc Library for veterinarians and the readers of the library.<\/p> <p>In the\u00a0<a href=\"http:\/\/huveta.hu\/handle\/10832\/33\" target=\"_blank\" rel=\"noopener noreferrer\">Archives of the newsletter<\/a>\u00a0you can find all the issues beginning with 1997 to date.<\/p> <p>A <a href=\"http:\/\/hdl.handle.net\/10832\/4518\" target=\"_blank\" rel=\"noopener\">2025. \u00e9vi (29. \u00e9vf.) 3. sz\u00e1m<\/a> tartalm\u00e1b\u00f3l:<\/p> <ul> <li>Szubjekt\u00edv besz\u00e1mol\u00f3k a M\u00fazeumok \u00e9jszak\u00e1j\u00e1r\u00f3l<\/li> <li>A 2024-es k\u00f6nyvt\u00e1ri el\u00e9gedetts\u00e9gm\u00e9r\u00e9s eredm\u00e9nyei<\/li> <\/ul> <p>A<a href=\"http:\/\/hdl.handle.net\/10832\/4477\" target=\"_blank\" rel=\"noopener\"> 2025. \u00e9vi (29. \u00e9vf.) 2. sz\u00e1m<\/a> tartalm\u00e1b\u00f3l:<\/p> <ul> <li>Tudom\u00e1nyos publik\u00e1l\u00e1s gyakorl\u00f3 \u00e1llatorvosk\u00e9nt, a k\u00f6nyvt\u00e1r t\u00e1mogat\u00e1s\u00e1val<\/li> <li>N\u00e9pszer\u0171 r\u00e9gebbi k\u00f6nyveink<\/li> <li>V\u00e1logat\u00e1s a 2025-ben eddig megjelent egyetemi OA-publik\u00e1ci\u00f3kb\u00f3l<\/li> <\/ul> <\/div> <\/div>","protected":false},"excerpt":{"rendered":"<p>Noctua \u2013 Library newsletter Noctua is a newsletter edited by the Hut\u00ffra Ferenc Library for veterinarians and the readers of the library. In the\u00a0Archives of the newsletter\u00a0you can find all the issues beginning with 1997 to date. A 2025. \u00e9vi (29. \u00e9vf.) 3. sz\u00e1m tartalm\u00e1b\u00f3l: Szubjekt\u00edv besz\u00e1mol\u00f3k a M\u00fazeumok \u00e9jszak\u00e1j\u00e1r\u00f3l A 2024-es k\u00f6nyvt\u00e1ri el\u00e9gedetts\u00e9gm\u00e9r\u00e9s eredm\u00e9nyei<\/p>\n","protected":false},"author":4333,"featured_media":0,"parent":528,"menu_order":7,"comment_status":"closed","ping_status":"closed","template":"","meta":{"_acf_changed":false,"_eb_attr":"","footnotes":""},"categories":[32],"tags":[],"class_list":["post-571","page","type-page","status-publish","hentry","category-rolunk-2"],"acf":[],"yoast_head":"<!-- This site is optimized with the Yoast SEO plugin v27.2 - https:\/\/yoast.com\/product\/yoast-seo-wordpress\/ -->\n<title>Library newsletter - Hut\u00ffra Ferenc K\u00f6nyvt\u00e1r, Lev\u00e9lt\u00e1r \u00e9s M\u00fazeum<\/title>\n<meta name=\"robots\" content=\"index, follow, max-snippet:-1, max-image-preview:large, max-video-preview:-1\" \/>\n<link rel=\"canonical\" href=\"https:\/\/univet.hu\/konyvtar\/en\/about\/newsletter\/\" \/>\n<meta property=\"og:locale\" content=\"en_US\" \/>\n<meta property=\"og:type\" content=\"article\" \/>\n<meta property=\"og:title\" content=\"Library newsletter - Hut\u00ffra Ferenc K\u00f6nyvt\u00e1r, Lev\u00e9lt\u00e1r \u00e9s M\u00fazeum\" \/>\n<meta property=\"og:description\" content=\"Noctua \u2013 Library newsletter Noctua is a newsletter edited by the Hut\u00ffra Ferenc Library for veterinarians and the readers of the library. In the\u00a0Archives of the newsletter\u00a0you can find all the issues beginning with 1997 to date. A 2025. \u00e9vi (29. \u00e9vf.) 3. sz\u00e1m tartalm\u00e1b\u00f3l: Szubjekt\u00edv besz\u00e1mol\u00f3k a M\u00fazeumok \u00e9jszak\u00e1j\u00e1r\u00f3l A 2024-es k\u00f6nyvt\u00e1ri el\u00e9gedetts\u00e9gm\u00e9r\u00e9s eredm\u00e9nyei\" \/>\n<meta property=\"og:url\" content=\"https:\/\/univet.hu\/konyvtar\/en\/about\/newsletter\/\" \/>\n<meta property=\"og:site_name\" content=\"Hut\u00ffra Ferenc K\u00f6nyvt\u00e1r, Lev\u00e9lt\u00e1r \u00e9s M\u00fazeum\" \/>\n<meta property=\"article:modified_time\" content=\"2026-01-12T12:55:13+00:00\" \/>\n<meta name=\"twitter:card\" content=\"summary_large_image\" \/>\n<meta name=\"twitter:label1\" content=\"Est. reading time\" \/>\n\t<meta name=\"twitter:data1\" content=\"1 minute\" \/>\n<script type=\"application\/ld+json\" class=\"yoast-schema-graph\">{\"@context\":\"https:\/\/schema.org\",\"@graph\":[{\"@type\":\"WebPage\",\"@id\":\"https:\/\/univet.hu\/konyvtar\/en\/about\/newsletter\/\",\"url\":\"https:\/\/univet.hu\/konyvtar\/en\/about\/newsletter\/\",\"name\":\"Library newsletter - Hut\u00ffra Ferenc K\u00f6nyvt\u00e1r, Lev\u00e9lt\u00e1r \u00e9s M\u00fazeum\",\"isPartOf\":{\"@id\":\"https:\/\/univet.hu\/konyvtar\/#website\"},\"datePublished\":\"2025-07-10T10:06:17+00:00\",\"dateModified\":\"2026-01-12T12:55:13+00:00\",\"breadcrumb\":{\"@id\":\"https:\/\/univet.hu\/konyvtar\/en\/about\/newsletter\/#breadcrumb\"},\"inLanguage\":\"en-US\",\"potentialAction\":[{\"@type\":\"ReadAction\",\"target\":[\"https:\/\/univet.hu\/konyvtar\/en\/about\/newsletter\/\"]}]},{\"@type\":\"BreadcrumbList\",\"@id\":\"https:\/\/univet.hu\/konyvtar\/en\/about\/newsletter\/#breadcrumb\",\"itemListElement\":[{\"@type\":\"ListItem\",\"position\":1,\"name\":\"Kezd\u0151lap\",\"item\":\"https:\/\/univet.hu\/konyvtar\/\"},{\"@type\":\"ListItem\",\"position\":2,\"name\":\"About\",\"item\":\"https:\/\/univet.hu\/konyvtar\/en\/about\/\"},{\"@type\":\"ListItem\",\"position\":3,\"name\":\"Library newsletter\"}]},{\"@type\":\"WebSite\",\"@id\":\"https:\/\/univet.hu\/konyvtar\/#website\",\"url\":\"https:\/\/univet.hu\/konyvtar\/\",\"name\":\"Hut\u00ffra Ferenc K\u00f6nyvt\u00e1r, Lev\u00e9lt\u00e1r \u00e9s M\u00fazeum\",\"description\":\"\",\"potentialAction\":[{\"@type\":\"SearchAction\",\"target\":{\"@type\":\"EntryPoint\",\"urlTemplate\":\"https:\/\/univet.hu\/konyvtar\/?s={search_term_string}\"},\"query-input\":{\"@type\":\"PropertyValueSpecification\",\"valueRequired\":true,\"valueName\":\"search_term_string\"}}],\"inLanguage\":\"en-US\"}]}<\/script>\n<!-- \/ Yoast SEO plugin. -->","yoast_head_json":{"title":"Library newsletter - Hut\u00ffra Ferenc K\u00f6nyvt\u00e1r, Lev\u00e9lt\u00e1r \u00e9s M\u00fazeum","robots":{"index":"index","follow":"follow","max-snippet":"max-snippet:-1","max-image-preview":"max-image-preview:large","max-video-preview":"max-video-preview:-1"},"canonical":"https:\/\/univet.hu\/konyvtar\/en\/about\/newsletter\/","og_locale":"en_US","og_type":"article","og_title":"Library newsletter - Hut\u00ffra Ferenc K\u00f6nyvt\u00e1r, Lev\u00e9lt\u00e1r \u00e9s M\u00fazeum","og_description":"Noctua \u2013 Library newsletter Noctua is a newsletter edited by the Hut\u00ffra Ferenc Library for veterinarians and the readers of the library. In the\u00a0Archives of the newsletter\u00a0you can find all the issues beginning with 1997 to date. A 2025. \u00e9vi (29. \u00e9vf.) 3. sz\u00e1m tartalm\u00e1b\u00f3l: Szubjekt\u00edv besz\u00e1mol\u00f3k a M\u00fazeumok \u00e9jszak\u00e1j\u00e1r\u00f3l A 2024-es k\u00f6nyvt\u00e1ri el\u00e9gedetts\u00e9gm\u00e9r\u00e9s eredm\u00e9nyei","og_url":"https:\/\/univet.hu\/konyvtar\/en\/about\/newsletter\/","og_site_name":"Hut\u00ffra Ferenc K\u00f6nyvt\u00e1r, Lev\u00e9lt\u00e1r \u00e9s M\u00fazeum","article_modified_time":"2026-01-12T12:55:13+00:00","twitter_card":"summary_large_image","twitter_misc":{"Est. reading time":"1 minute"},"schema":{"@context":"https:\/\/schema.org","@graph":[{"@type":"WebPage","@id":"https:\/\/univet.hu\/konyvtar\/en\/about\/newsletter\/","url":"https:\/\/univet.hu\/konyvtar\/en\/about\/newsletter\/","name":"Library newsletter - Hut\u00ffra Ferenc K\u00f6nyvt\u00e1r, Lev\u00e9lt\u00e1r \u00e9s M\u00fazeum","isPartOf":{"@id":"https:\/\/univet.hu\/konyvtar\/#website"},"datePublished":"2025-07-10T10:06:17+00:00","dateModified":"2026-01-12T12:55:13+00:00","breadcrumb":{"@id":"https:\/\/univet.hu\/konyvtar\/en\/about\/newsletter\/#breadcrumb"},"inLanguage":"en-US","potentialAction":[{"@type":"ReadAction","target":["https:\/\/univet.hu\/konyvtar\/en\/about\/newsletter\/"]}]},{"@type":"BreadcrumbList","@id":"https:\/\/univet.hu\/konyvtar\/en\/about\/newsletter\/#breadcrumb","itemListElement":[{"@type":"ListItem","position":1,"name":"Kezd\u0151lap","item":"https:\/\/univet.hu\/konyvtar\/"},{"@type":"ListItem","position":2,"name":"About","item":"https:\/\/univet.hu\/konyvtar\/en\/about\/"},{"@type":"ListItem","position":3,"name":"Library newsletter"}]},{"@type":"WebSite","@id":"https:\/\/univet.hu\/konyvtar\/#website","url":"https:\/\/univet.hu\/konyvtar\/","name":"Hut\u00ffra Ferenc K\u00f6nyvt\u00e1r, Lev\u00e9lt\u00e1r \u00e9s M\u00fazeum","description":"","potentialAction":[{"@type":"SearchAction","target":{"@type":"EntryPoint","urlTemplate":"https:\/\/univet.hu\/konyvtar\/?s={search_term_string}"},"query-input":{"@type":"PropertyValueSpecification","valueRequired":true,"valueName":"search_term_string"}}],"inLanguage":"en-US"}]}},"_links":{"self":[{"href":"https:\/\/univet.hu\/konyvtar\/en\/wp-json\/wp\/v2\/pages\/571","targetHints":{"allow":["GET"]}}],"collection":[{"href":"https:\/\/univet.hu\/konyvtar\/en\/wp-json\/wp\/v2\/pages"}],"about":[{"href":"https:\/\/univet.hu\/konyvtar\/en\/wp-json\/wp\/v2\/types\/page"}],"author":[{"embeddable":true,"href":"https:\/\/univet.hu\/konyvtar\/en\/wp-json\/wp\/v2\/users\/4333"}],"replies":[{"embeddable":true,"href":"https:\/\/univet.hu\/konyvtar\/en\/wp-json\/wp\/v2\/comments?post=571"}],"version-history":[{"count":3,"href":"https:\/\/univet.hu\/konyvtar\/en\/wp-json\/wp\/v2\/pages\/571\/revisions"}],"predecessor-version":[{"id":1143,"href":"https:\/\/univet.hu\/konyvtar\/en\/wp-json\/wp\/v2\/pages\/571\/revisions\/1143"}],"up":[{"embeddable":true,"href":"https:\/\/univet.hu\/konyvtar\/en\/wp-json\/wp\/v2\/pages\/528"}],"wp:attachment":[{"href":"https:\/\/univet.hu\/konyvtar\/en\/wp-json\/wp\/v2\/media?parent=571"}],"wp:term":[{"taxonomy":"category","embeddable":true,"href":"https:\/\/univet.hu\/konyvtar\/en\/wp-json\/wp\/v2\/categories?post=571"},{"taxonomy":"post_tag","embeddable":true,"href":"https:\/\/univet.hu\/konyvtar\/en\/wp-json\/wp\/v2\/tags?post=571"}],"curies":[{"name":"wp","href":"https:\/\/api.w.org\/{rel}","templated":true}]}}