{"id":579,"date":"2025-07-10T12:42:09","date_gmt":"2025-07-10T10:42:09","guid":{"rendered":"https:\/\/univet.hu\/konyvtar\/?page_id=579"},"modified":"2026-01-12T13:55:18","modified_gmt":"2026-01-12T12:55:18","slug":"informations","status":"publish","type":"page","link":"https:\/\/univet.hu\/konyvtar\/en\/museum\/informations\/","title":{"rendered":"Informations"},"content":{"rendered":"<div class=\"entry-content\"> <p><strong>Collection of Veterinary History<a href=\"https:\/\/univet.hu\/konyvtar\/en\/museum\/informations\/virtmuz-768x419-2\/\" rel=\"attachment wp-att-264\"><img loading=\"lazy\" decoding=\"async\" class=\"wp-image-264 size-medium alignright\" src=\"https:\/\/univet.hu\/konyvtar\/wp-content\/uploads\/sites\/17\/2025\/07\/virtmuz-768x419-1-300x164.png\" alt=\"\" width=\"300\" height=\"164\" srcset=\"https:\/\/univet.hu\/konyvtar\/wp-content\/uploads\/sites\/17\/2025\/07\/virtmuz-768x419-1-300x164.png 300w, https:\/\/univet.hu\/konyvtar\/wp-content\/uploads\/sites\/17\/2025\/07\/virtmuz-768x419-1.png 768w\" sizes=\"auto, (max-width: 300px) 100vw, 300px\" \/><\/a><\/strong><\/p> <p><strong>Address:<\/strong> 1078 Bp. Bethlen G. u. 22-24. (1078 Bp. Istv\u00e1n street 2.)<\/p> <p><strong>Telephone:<\/strong> 36 1 478 4100 \/ 8800<\/p> <p><strong>E-mail:<\/strong> <a class=\"decrypt\" rel=\"mjcsbszAvojwfu\/iv\" href=\"javascript:void(0);\">[Click to see email]<\/a><\/p> <p><strong>Opening hours: <\/strong>The <strong>exhibition<\/strong> can be visited <strong data-start=\"53\" data-end=\"76\">by appointment only<\/strong>. Please contact our staff using one of the details provided above!<\/p> <p>&nbsp;<\/p> <p><strong>History<\/strong><\/p> <p>The first organized collection of veterinary history relics was established in 1937 in the central building. The vicissitudes of WWII caused extensive damage and scattered most of the collection. The rich collection of relics was opened in 1984. It is presented to visitors in three sections: the museum, the archives, and the old book collection\u2014the unique collection of the Library\u2014which can be found in the library building.<\/p> <\/div>","protected":false},"excerpt":{"rendered":"<p>Collection of Veterinary History Address: 1078 Bp. Bethlen G. u. 22-24. (1078 Bp. Istv\u00e1n street 2.) Telephone: 36 1 478 4100 \/ 8800 E-mail: [Click to see email] Opening hours: The exhibition can be visited by appointment only. Please contact our staff using one of the details provided above! &nbsp; History The first organized collection<\/p>\n","protected":false},"author":4333,"featured_media":0,"parent":577,"menu_order":0,"comment_status":"closed","ping_status":"closed","template":"","meta":{"_acf_changed":false,"_eb_attr":"","footnotes":""},"categories":[33],"tags":[],"class_list":["post-579","page","type-page","status-publish","hentry","category-muzeum-2"],"acf":[],"yoast_head":"<!-- This site is optimized with the Yoast SEO plugin v27.2 - https:\/\/yoast.com\/product\/yoast-seo-wordpress\/ -->\n<title>Informations - Hut\u00ffra Ferenc K\u00f6nyvt\u00e1r, Lev\u00e9lt\u00e1r \u00e9s M\u00fazeum<\/title>\n<meta name=\"robots\" content=\"index, follow, max-snippet:-1, max-image-preview:large, max-video-preview:-1\" \/>\n<link rel=\"canonical\" href=\"https:\/\/univet.hu\/konyvtar\/en\/museum\/informations\/\" \/>\n<meta property=\"og:locale\" content=\"en_US\" \/>\n<meta property=\"og:type\" content=\"article\" \/>\n<meta property=\"og:title\" content=\"Informations - Hut\u00ffra Ferenc K\u00f6nyvt\u00e1r, Lev\u00e9lt\u00e1r \u00e9s M\u00fazeum\" \/>\n<meta property=\"og:description\" content=\"Collection of Veterinary History Address: 1078 Bp. Bethlen G. u. 22-24. (1078 Bp. Istv\u00e1n street 2.) Telephone: 36 1 478 4100 \/ 8800 E-mail: [Click to see email] Opening hours: The exhibition can be visited by appointment only. Please contact our staff using one of the details provided above! &nbsp; History The first organized collection\" \/>\n<meta property=\"og:url\" content=\"https:\/\/univet.hu\/konyvtar\/en\/museum\/informations\/\" \/>\n<meta property=\"og:site_name\" content=\"Hut\u00ffra Ferenc K\u00f6nyvt\u00e1r, Lev\u00e9lt\u00e1r \u00e9s M\u00fazeum\" \/>\n<meta property=\"article:modified_time\" content=\"2026-01-12T12:55:18+00:00\" \/>\n<meta property=\"og:image\" content=\"https:\/\/univet.hu\/konyvtar\/wp-content\/uploads\/sites\/17\/2025\/07\/virtmuz-768x419-1.png\" \/>\n\t<meta property=\"og:image:width\" content=\"768\" \/>\n\t<meta property=\"og:image:height\" content=\"419\" \/>\n\t<meta property=\"og:image:type\" content=\"image\/png\" \/>\n<meta name=\"twitter:card\" content=\"summary_large_image\" \/>\n<meta name=\"twitter:label1\" content=\"Est. reading time\" \/>\n\t<meta name=\"twitter:data1\" content=\"1 minute\" \/>\n<script type=\"application\/ld+json\" class=\"yoast-schema-graph\">{\"@context\":\"https:\/\/schema.org\",\"@graph\":[{\"@type\":\"WebPage\",\"@id\":\"https:\/\/univet.hu\/konyvtar\/en\/museum\/informations\/\",\"url\":\"https:\/\/univet.hu\/konyvtar\/en\/museum\/informations\/\",\"name\":\"Informations - Hut\u00ffra Ferenc K\u00f6nyvt\u00e1r, Lev\u00e9lt\u00e1r \u00e9s M\u00fazeum\",\"isPartOf\":{\"@id\":\"https:\/\/univet.hu\/konyvtar\/#website\"},\"primaryImageOfPage\":{\"@id\":\"https:\/\/univet.hu\/konyvtar\/en\/museum\/informations\/#primaryimage\"},\"image\":{\"@id\":\"https:\/\/univet.hu\/konyvtar\/en\/museum\/informations\/#primaryimage\"},\"thumbnailUrl\":\"https:\/\/univet.hu\/konyvtar\/wp-content\/uploads\/sites\/17\/2025\/07\/virtmuz-768x419-1-300x164.png\",\"datePublished\":\"2025-07-10T10:42:09+00:00\",\"dateModified\":\"2026-01-12T12:55:18+00:00\",\"breadcrumb\":{\"@id\":\"https:\/\/univet.hu\/konyvtar\/en\/museum\/informations\/#breadcrumb\"},\"inLanguage\":\"en-US\",\"potentialAction\":[{\"@type\":\"ReadAction\",\"target\":[\"https:\/\/univet.hu\/konyvtar\/en\/museum\/informations\/\"]}]},{\"@type\":\"ImageObject\",\"inLanguage\":\"en-US\",\"@id\":\"https:\/\/univet.hu\/konyvtar\/en\/museum\/informations\/#primaryimage\",\"url\":\"https:\/\/univet.hu\/konyvtar\/wp-content\/uploads\/sites\/17\/2025\/07\/virtmuz-768x419-1-300x164.png\",\"contentUrl\":\"https:\/\/univet.hu\/konyvtar\/wp-content\/uploads\/sites\/17\/2025\/07\/virtmuz-768x419-1-300x164.png\"},{\"@type\":\"BreadcrumbList\",\"@id\":\"https:\/\/univet.hu\/konyvtar\/en\/museum\/informations\/#breadcrumb\",\"itemListElement\":[{\"@type\":\"ListItem\",\"position\":1,\"name\":\"Kezd\u0151lap\",\"item\":\"https:\/\/univet.hu\/konyvtar\/\"},{\"@type\":\"ListItem\",\"position\":2,\"name\":\"Museum\",\"item\":\"https:\/\/univet.hu\/konyvtar\/en\/museum\/\"},{\"@type\":\"ListItem\",\"position\":3,\"name\":\"Informations\"}]},{\"@type\":\"WebSite\",\"@id\":\"https:\/\/univet.hu\/konyvtar\/#website\",\"url\":\"https:\/\/univet.hu\/konyvtar\/\",\"name\":\"Hut\u00ffra Ferenc K\u00f6nyvt\u00e1r, Lev\u00e9lt\u00e1r \u00e9s M\u00fazeum\",\"description\":\"\",\"potentialAction\":[{\"@type\":\"SearchAction\",\"target\":{\"@type\":\"EntryPoint\",\"urlTemplate\":\"https:\/\/univet.hu\/konyvtar\/?s={search_term_string}\"},\"query-input\":{\"@type\":\"PropertyValueSpecification\",\"valueRequired\":true,\"valueName\":\"search_term_string\"}}],\"inLanguage\":\"en-US\"}]}<\/script>\n<!-- \/ Yoast SEO plugin. -->","yoast_head_json":{"title":"Informations - Hut\u00ffra Ferenc K\u00f6nyvt\u00e1r, Lev\u00e9lt\u00e1r \u00e9s M\u00fazeum","robots":{"index":"index","follow":"follow","max-snippet":"max-snippet:-1","max-image-preview":"max-image-preview:large","max-video-preview":"max-video-preview:-1"},"canonical":"https:\/\/univet.hu\/konyvtar\/en\/museum\/informations\/","og_locale":"en_US","og_type":"article","og_title":"Informations - Hut\u00ffra Ferenc K\u00f6nyvt\u00e1r, Lev\u00e9lt\u00e1r \u00e9s M\u00fazeum","og_description":"Collection of Veterinary History Address: 1078 Bp. Bethlen G. u. 22-24. (1078 Bp. Istv\u00e1n street 2.) Telephone: 36 1 478 4100 \/ 8800 E-mail: [Click to see email] Opening hours: The exhibition can be visited by appointment only. Please contact our staff using one of the details provided above! &nbsp; History The first organized collection","og_url":"https:\/\/univet.hu\/konyvtar\/en\/museum\/informations\/","og_site_name":"Hut\u00ffra Ferenc K\u00f6nyvt\u00e1r, Lev\u00e9lt\u00e1r \u00e9s M\u00fazeum","article_modified_time":"2026-01-12T12:55:18+00:00","og_image":[{"width":768,"height":419,"url":"https:\/\/univet.hu\/konyvtar\/wp-content\/uploads\/sites\/17\/2025\/07\/virtmuz-768x419-1.png","type":"image\/png"}],"twitter_card":"summary_large_image","twitter_misc":{"Est. reading time":"1 minute"},"schema":{"@context":"https:\/\/schema.org","@graph":[{"@type":"WebPage","@id":"https:\/\/univet.hu\/konyvtar\/en\/museum\/informations\/","url":"https:\/\/univet.hu\/konyvtar\/en\/museum\/informations\/","name":"Informations - Hut\u00ffra Ferenc K\u00f6nyvt\u00e1r, Lev\u00e9lt\u00e1r \u00e9s M\u00fazeum","isPartOf":{"@id":"https:\/\/univet.hu\/konyvtar\/#website"},"primaryImageOfPage":{"@id":"https:\/\/univet.hu\/konyvtar\/en\/museum\/informations\/#primaryimage"},"image":{"@id":"https:\/\/univet.hu\/konyvtar\/en\/museum\/informations\/#primaryimage"},"thumbnailUrl":"https:\/\/univet.hu\/konyvtar\/wp-content\/uploads\/sites\/17\/2025\/07\/virtmuz-768x419-1-300x164.png","datePublished":"2025-07-10T10:42:09+00:00","dateModified":"2026-01-12T12:55:18+00:00","breadcrumb":{"@id":"https:\/\/univet.hu\/konyvtar\/en\/museum\/informations\/#breadcrumb"},"inLanguage":"en-US","potentialAction":[{"@type":"ReadAction","target":["https:\/\/univet.hu\/konyvtar\/en\/museum\/informations\/"]}]},{"@type":"ImageObject","inLanguage":"en-US","@id":"https:\/\/univet.hu\/konyvtar\/en\/museum\/informations\/#primaryimage","url":"https:\/\/univet.hu\/konyvtar\/wp-content\/uploads\/sites\/17\/2025\/07\/virtmuz-768x419-1-300x164.png","contentUrl":"https:\/\/univet.hu\/konyvtar\/wp-content\/uploads\/sites\/17\/2025\/07\/virtmuz-768x419-1-300x164.png"},{"@type":"BreadcrumbList","@id":"https:\/\/univet.hu\/konyvtar\/en\/museum\/informations\/#breadcrumb","itemListElement":[{"@type":"ListItem","position":1,"name":"Kezd\u0151lap","item":"https:\/\/univet.hu\/konyvtar\/"},{"@type":"ListItem","position":2,"name":"Museum","item":"https:\/\/univet.hu\/konyvtar\/en\/museum\/"},{"@type":"ListItem","position":3,"name":"Informations"}]},{"@type":"WebSite","@id":"https:\/\/univet.hu\/konyvtar\/#website","url":"https:\/\/univet.hu\/konyvtar\/","name":"Hut\u00ffra Ferenc K\u00f6nyvt\u00e1r, Lev\u00e9lt\u00e1r \u00e9s M\u00fazeum","description":"","potentialAction":[{"@type":"SearchAction","target":{"@type":"EntryPoint","urlTemplate":"https:\/\/univet.hu\/konyvtar\/?s={search_term_string}"},"query-input":{"@type":"PropertyValueSpecification","valueRequired":true,"valueName":"search_term_string"}}],"inLanguage":"en-US"}]}},"_links":{"self":[{"href":"https:\/\/univet.hu\/konyvtar\/en\/wp-json\/wp\/v2\/pages\/579","targetHints":{"allow":["GET"]}}],"collection":[{"href":"https:\/\/univet.hu\/konyvtar\/en\/wp-json\/wp\/v2\/pages"}],"about":[{"href":"https:\/\/univet.hu\/konyvtar\/en\/wp-json\/wp\/v2\/types\/page"}],"author":[{"embeddable":true,"href":"https:\/\/univet.hu\/konyvtar\/en\/wp-json\/wp\/v2\/users\/4333"}],"replies":[{"embeddable":true,"href":"https:\/\/univet.hu\/konyvtar\/en\/wp-json\/wp\/v2\/comments?post=579"}],"version-history":[{"count":2,"href":"https:\/\/univet.hu\/konyvtar\/en\/wp-json\/wp\/v2\/pages\/579\/revisions"}],"predecessor-version":[{"id":581,"href":"https:\/\/univet.hu\/konyvtar\/en\/wp-json\/wp\/v2\/pages\/579\/revisions\/581"}],"up":[{"embeddable":true,"href":"https:\/\/univet.hu\/konyvtar\/en\/wp-json\/wp\/v2\/pages\/577"}],"wp:attachment":[{"href":"https:\/\/univet.hu\/konyvtar\/en\/wp-json\/wp\/v2\/media?parent=579"}],"wp:term":[{"taxonomy":"category","embeddable":true,"href":"https:\/\/univet.hu\/konyvtar\/en\/wp-json\/wp\/v2\/categories?post=579"},{"taxonomy":"post_tag","embeddable":true,"href":"https:\/\/univet.hu\/konyvtar\/en\/wp-json\/wp\/v2\/tags?post=579"}],"curies":[{"name":"wp","href":"https:\/\/api.w.org\/{rel}","templated":true}]}}