{"id":587,"date":"2025-07-10T20:50:10","date_gmt":"2025-07-10T18:50:10","guid":{"rendered":"https:\/\/univet.hu\/konyvtar\/?page_id=587"},"modified":"2026-01-12T13:55:19","modified_gmt":"2026-01-12T12:55:19","slug":"permanent-exhibition","status":"publish","type":"page","link":"https:\/\/univet.hu\/konyvtar\/en\/museum\/permanent-exhibition\/","title":{"rendered":"Permanent exhibition"},"content":{"rendered":"<h5><strong>Our university history exhibition opened on 7 March 2018 at the University of Veterinary Medicine.<\/strong><\/h5> <p>The exhibition takes you through 10 eras in the development of veterinary education and science, from the founding of the University in 1787 to our regained independence in July 2016.<\/p> <p>&nbsp;<\/p> <p><strong>Address:<\/strong> 1078 Bp. Bethlen G. u. 22-24. (main entrance: 1078 Bp. Istv\u00e1n street 2.)<\/p> <p><strong>Telephone:<\/strong> 36 1 478 4100 \/ 8800<\/p> <p><strong>E-mail:<\/strong> <a class=\"decrypt\" rel=\"mjcsbszAvojwfu\/iv\" href=\"javascript:void(0);\">[Click to see email]<\/a><\/p> <p><strong>Opening hours:<\/strong> <strong>The exhibition can be visited by appointment only. Please contact our staff using one of the details provided!<\/strong><\/p> <p>&nbsp;<\/p> <p>In the meantime, we recommend the University Virtual Tour, which includes a visit to the University History Exhibition: <a href=\"https:\/\/univet.hu\/virttour\/hu\/\">https:\/\/univet.hu\/virttour\/hu\/<\/a><\/p> <p><a href=\"https:\/\/univet.hu\/konyvtar\/en\/museum\/informations\/virtmuz-768x419-2\/\" rel=\"attachment wp-att-264\"><img loading=\"lazy\" decoding=\"async\" class=\"size-full wp-image-264 aligncenter\" src=\"https:\/\/univet.hu\/konyvtar\/wp-content\/uploads\/sites\/17\/2025\/07\/virtmuz-768x419-1.png\" alt=\"\" width=\"768\" height=\"419\" srcset=\"https:\/\/univet.hu\/konyvtar\/wp-content\/uploads\/sites\/17\/2025\/07\/virtmuz-768x419-1.png 768w, https:\/\/univet.hu\/konyvtar\/wp-content\/uploads\/sites\/17\/2025\/07\/virtmuz-768x419-1-300x164.png 300w\" sizes=\"auto, (max-width: 768px) 100vw, 768px\" \/><\/a><\/p> <p><a href=\"https:\/\/univet.hu\/konyvtar\/en\/web_hk24-768x512-2\/\"><img loading=\"lazy\" decoding=\"async\" class=\"size-full wp-image-423 aligncenter\" src=\"https:\/\/univet.hu\/konyvtar\/wp-content\/uploads\/sites\/17\/2025\/07\/web_HK24-768x512-1.jpg\" alt=\"\" width=\"768\" height=\"512\" srcset=\"https:\/\/univet.hu\/konyvtar\/wp-content\/uploads\/sites\/17\/2025\/07\/web_HK24-768x512-1.jpg 768w, https:\/\/univet.hu\/konyvtar\/wp-content\/uploads\/sites\/17\/2025\/07\/web_HK24-768x512-1-300x200.jpg 300w\" sizes=\"auto, (max-width: 768px) 100vw, 768px\" \/><\/a><\/p>","protected":false},"excerpt":{"rendered":"<p>Our university history exhibition opened on 7 March 2018 at the University of Veterinary Medicine. The exhibition takes you through 10 eras in the development of veterinary education and science, from the founding of the University in 1787 to our regained independence in July 2016. &nbsp; Address: 1078 Bp. Bethlen G. u. 22-24. (main entrance:<\/p>\n","protected":false},"author":4333,"featured_media":0,"parent":577,"menu_order":0,"comment_status":"closed","ping_status":"open","template":"","meta":{"_acf_changed":false,"_eb_attr":"","footnotes":""},"categories":[33],"tags":[],"class_list":["post-587","page","type-page","status-publish","hentry","category-muzeum-2"],"acf":[],"yoast_head":"<!-- This site is optimized with the Yoast SEO plugin v27.2 - https:\/\/yoast.com\/product\/yoast-seo-wordpress\/ -->\n<title>Permanent exhibition - Hut\u00ffra Ferenc K\u00f6nyvt\u00e1r, Lev\u00e9lt\u00e1r \u00e9s M\u00fazeum<\/title>\n<meta name=\"robots\" content=\"index, follow, max-snippet:-1, max-image-preview:large, max-video-preview:-1\" \/>\n<link rel=\"canonical\" href=\"https:\/\/univet.hu\/konyvtar\/en\/museum\/permanent-exhibition\/\" \/>\n<meta property=\"og:locale\" content=\"en_US\" \/>\n<meta property=\"og:type\" content=\"article\" \/>\n<meta property=\"og:title\" content=\"Permanent exhibition - Hut\u00ffra Ferenc K\u00f6nyvt\u00e1r, Lev\u00e9lt\u00e1r \u00e9s M\u00fazeum\" \/>\n<meta property=\"og:description\" content=\"Our university history exhibition opened on 7 March 2018 at the University of Veterinary Medicine. The exhibition takes you through 10 eras in the development of veterinary education and science, from the founding of the University in 1787 to our regained independence in July 2016. &nbsp; Address: 1078 Bp. Bethlen G. u. 22-24. (main entrance:\" \/>\n<meta property=\"og:url\" content=\"https:\/\/univet.hu\/konyvtar\/en\/museum\/permanent-exhibition\/\" \/>\n<meta property=\"og:site_name\" content=\"Hut\u00ffra Ferenc K\u00f6nyvt\u00e1r, Lev\u00e9lt\u00e1r \u00e9s M\u00fazeum\" \/>\n<meta property=\"article:modified_time\" content=\"2026-01-12T12:55:19+00:00\" \/>\n<meta property=\"og:image\" content=\"https:\/\/univet.hu\/konyvtar\/wp-content\/uploads\/sites\/17\/2025\/07\/virtmuz-768x419-1.png\" \/>\n\t<meta property=\"og:image:width\" content=\"768\" \/>\n\t<meta property=\"og:image:height\" content=\"419\" \/>\n\t<meta property=\"og:image:type\" content=\"image\/png\" \/>\n<meta name=\"twitter:card\" content=\"summary_large_image\" \/>\n<meta name=\"twitter:label1\" content=\"Est. reading time\" \/>\n\t<meta name=\"twitter:data1\" content=\"1 minute\" \/>\n<script type=\"application\/ld+json\" class=\"yoast-schema-graph\">{\"@context\":\"https:\/\/schema.org\",\"@graph\":[{\"@type\":\"WebPage\",\"@id\":\"https:\/\/univet.hu\/konyvtar\/en\/museum\/permanent-exhibition\/\",\"url\":\"https:\/\/univet.hu\/konyvtar\/en\/museum\/permanent-exhibition\/\",\"name\":\"Permanent exhibition - Hut\u00ffra Ferenc K\u00f6nyvt\u00e1r, Lev\u00e9lt\u00e1r \u00e9s M\u00fazeum\",\"isPartOf\":{\"@id\":\"https:\/\/univet.hu\/konyvtar\/#website\"},\"primaryImageOfPage\":{\"@id\":\"https:\/\/univet.hu\/konyvtar\/en\/museum\/permanent-exhibition\/#primaryimage\"},\"image\":{\"@id\":\"https:\/\/univet.hu\/konyvtar\/en\/museum\/permanent-exhibition\/#primaryimage\"},\"thumbnailUrl\":\"https:\/\/univet.hu\/konyvtar\/wp-content\/uploads\/sites\/17\/2025\/07\/virtmuz-768x419-1.png\",\"datePublished\":\"2025-07-10T18:50:10+00:00\",\"dateModified\":\"2026-01-12T12:55:19+00:00\",\"breadcrumb\":{\"@id\":\"https:\/\/univet.hu\/konyvtar\/en\/museum\/permanent-exhibition\/#breadcrumb\"},\"inLanguage\":\"en-US\",\"potentialAction\":[{\"@type\":\"ReadAction\",\"target\":[\"https:\/\/univet.hu\/konyvtar\/en\/museum\/permanent-exhibition\/\"]}]},{\"@type\":\"ImageObject\",\"inLanguage\":\"en-US\",\"@id\":\"https:\/\/univet.hu\/konyvtar\/en\/museum\/permanent-exhibition\/#primaryimage\",\"url\":\"https:\/\/univet.hu\/konyvtar\/wp-content\/uploads\/sites\/17\/2025\/07\/virtmuz-768x419-1.png\",\"contentUrl\":\"https:\/\/univet.hu\/konyvtar\/wp-content\/uploads\/sites\/17\/2025\/07\/virtmuz-768x419-1.png\"},{\"@type\":\"BreadcrumbList\",\"@id\":\"https:\/\/univet.hu\/konyvtar\/en\/museum\/permanent-exhibition\/#breadcrumb\",\"itemListElement\":[{\"@type\":\"ListItem\",\"position\":1,\"name\":\"Kezd\u0151lap\",\"item\":\"https:\/\/univet.hu\/konyvtar\/\"},{\"@type\":\"ListItem\",\"position\":2,\"name\":\"Museum\",\"item\":\"https:\/\/univet.hu\/konyvtar\/en\/museum\/\"},{\"@type\":\"ListItem\",\"position\":3,\"name\":\"Permanent exhibition\"}]},{\"@type\":\"WebSite\",\"@id\":\"https:\/\/univet.hu\/konyvtar\/#website\",\"url\":\"https:\/\/univet.hu\/konyvtar\/\",\"name\":\"Hut\u00ffra Ferenc K\u00f6nyvt\u00e1r, Lev\u00e9lt\u00e1r \u00e9s M\u00fazeum\",\"description\":\"\",\"potentialAction\":[{\"@type\":\"SearchAction\",\"target\":{\"@type\":\"EntryPoint\",\"urlTemplate\":\"https:\/\/univet.hu\/konyvtar\/?s={search_term_string}\"},\"query-input\":{\"@type\":\"PropertyValueSpecification\",\"valueRequired\":true,\"valueName\":\"search_term_string\"}}],\"inLanguage\":\"en-US\"}]}<\/script>\n<!-- \/ Yoast SEO plugin. -->","yoast_head_json":{"title":"Permanent exhibition - Hut\u00ffra Ferenc K\u00f6nyvt\u00e1r, Lev\u00e9lt\u00e1r \u00e9s M\u00fazeum","robots":{"index":"index","follow":"follow","max-snippet":"max-snippet:-1","max-image-preview":"max-image-preview:large","max-video-preview":"max-video-preview:-1"},"canonical":"https:\/\/univet.hu\/konyvtar\/en\/museum\/permanent-exhibition\/","og_locale":"en_US","og_type":"article","og_title":"Permanent exhibition - Hut\u00ffra Ferenc K\u00f6nyvt\u00e1r, Lev\u00e9lt\u00e1r \u00e9s M\u00fazeum","og_description":"Our university history exhibition opened on 7 March 2018 at the University of Veterinary Medicine. The exhibition takes you through 10 eras in the development of veterinary education and science, from the founding of the University in 1787 to our regained independence in July 2016. &nbsp; Address: 1078 Bp. Bethlen G. u. 22-24. (main entrance:","og_url":"https:\/\/univet.hu\/konyvtar\/en\/museum\/permanent-exhibition\/","og_site_name":"Hut\u00ffra Ferenc K\u00f6nyvt\u00e1r, Lev\u00e9lt\u00e1r \u00e9s M\u00fazeum","article_modified_time":"2026-01-12T12:55:19+00:00","og_image":[{"width":768,"height":419,"url":"https:\/\/univet.hu\/konyvtar\/wp-content\/uploads\/sites\/17\/2025\/07\/virtmuz-768x419-1.png","type":"image\/png"}],"twitter_card":"summary_large_image","twitter_misc":{"Est. reading time":"1 minute"},"schema":{"@context":"https:\/\/schema.org","@graph":[{"@type":"WebPage","@id":"https:\/\/univet.hu\/konyvtar\/en\/museum\/permanent-exhibition\/","url":"https:\/\/univet.hu\/konyvtar\/en\/museum\/permanent-exhibition\/","name":"Permanent exhibition - Hut\u00ffra Ferenc K\u00f6nyvt\u00e1r, Lev\u00e9lt\u00e1r \u00e9s M\u00fazeum","isPartOf":{"@id":"https:\/\/univet.hu\/konyvtar\/#website"},"primaryImageOfPage":{"@id":"https:\/\/univet.hu\/konyvtar\/en\/museum\/permanent-exhibition\/#primaryimage"},"image":{"@id":"https:\/\/univet.hu\/konyvtar\/en\/museum\/permanent-exhibition\/#primaryimage"},"thumbnailUrl":"https:\/\/univet.hu\/konyvtar\/wp-content\/uploads\/sites\/17\/2025\/07\/virtmuz-768x419-1.png","datePublished":"2025-07-10T18:50:10+00:00","dateModified":"2026-01-12T12:55:19+00:00","breadcrumb":{"@id":"https:\/\/univet.hu\/konyvtar\/en\/museum\/permanent-exhibition\/#breadcrumb"},"inLanguage":"en-US","potentialAction":[{"@type":"ReadAction","target":["https:\/\/univet.hu\/konyvtar\/en\/museum\/permanent-exhibition\/"]}]},{"@type":"ImageObject","inLanguage":"en-US","@id":"https:\/\/univet.hu\/konyvtar\/en\/museum\/permanent-exhibition\/#primaryimage","url":"https:\/\/univet.hu\/konyvtar\/wp-content\/uploads\/sites\/17\/2025\/07\/virtmuz-768x419-1.png","contentUrl":"https:\/\/univet.hu\/konyvtar\/wp-content\/uploads\/sites\/17\/2025\/07\/virtmuz-768x419-1.png"},{"@type":"BreadcrumbList","@id":"https:\/\/univet.hu\/konyvtar\/en\/museum\/permanent-exhibition\/#breadcrumb","itemListElement":[{"@type":"ListItem","position":1,"name":"Kezd\u0151lap","item":"https:\/\/univet.hu\/konyvtar\/"},{"@type":"ListItem","position":2,"name":"Museum","item":"https:\/\/univet.hu\/konyvtar\/en\/museum\/"},{"@type":"ListItem","position":3,"name":"Permanent exhibition"}]},{"@type":"WebSite","@id":"https:\/\/univet.hu\/konyvtar\/#website","url":"https:\/\/univet.hu\/konyvtar\/","name":"Hut\u00ffra Ferenc K\u00f6nyvt\u00e1r, Lev\u00e9lt\u00e1r \u00e9s M\u00fazeum","description":"","potentialAction":[{"@type":"SearchAction","target":{"@type":"EntryPoint","urlTemplate":"https:\/\/univet.hu\/konyvtar\/?s={search_term_string}"},"query-input":{"@type":"PropertyValueSpecification","valueRequired":true,"valueName":"search_term_string"}}],"inLanguage":"en-US"}]}},"_links":{"self":[{"href":"https:\/\/univet.hu\/konyvtar\/en\/wp-json\/wp\/v2\/pages\/587","targetHints":{"allow":["GET"]}}],"collection":[{"href":"https:\/\/univet.hu\/konyvtar\/en\/wp-json\/wp\/v2\/pages"}],"about":[{"href":"https:\/\/univet.hu\/konyvtar\/en\/wp-json\/wp\/v2\/types\/page"}],"author":[{"embeddable":true,"href":"https:\/\/univet.hu\/konyvtar\/en\/wp-json\/wp\/v2\/users\/4333"}],"replies":[{"embeddable":true,"href":"https:\/\/univet.hu\/konyvtar\/en\/wp-json\/wp\/v2\/comments?post=587"}],"version-history":[{"count":1,"href":"https:\/\/univet.hu\/konyvtar\/en\/wp-json\/wp\/v2\/pages\/587\/revisions"}],"predecessor-version":[{"id":588,"href":"https:\/\/univet.hu\/konyvtar\/en\/wp-json\/wp\/v2\/pages\/587\/revisions\/588"}],"up":[{"embeddable":true,"href":"https:\/\/univet.hu\/konyvtar\/en\/wp-json\/wp\/v2\/pages\/577"}],"wp:attachment":[{"href":"https:\/\/univet.hu\/konyvtar\/en\/wp-json\/wp\/v2\/media?parent=587"}],"wp:term":[{"taxonomy":"category","embeddable":true,"href":"https:\/\/univet.hu\/konyvtar\/en\/wp-json\/wp\/v2\/categories?post=587"},{"taxonomy":"post_tag","embeddable":true,"href":"https:\/\/univet.hu\/konyvtar\/en\/wp-json\/wp\/v2\/tags?post=587"}],"curies":[{"name":"wp","href":"https:\/\/api.w.org\/{rel}","templated":true}]}}