{"id":589,"date":"2025-07-10T21:27:05","date_gmt":"2025-07-10T19:27:05","guid":{"rendered":"https:\/\/univet.hu\/konyvtar\/?page_id=589"},"modified":"2026-01-12T13:55:16","modified_gmt":"2026-01-12T12:55:16","slug":"exhibition-history-list","status":"publish","type":"page","link":"https:\/\/univet.hu\/konyvtar\/en\/museum\/exhibition-history-list\/","title":{"rendered":"Exhibition history list"},"content":{"rendered":"<div class=\"col-12 col-md-7 offset-md-1 px-0\"> <p>The exhibition archive is a selection of older temporary exhibitions that are no longer open to the public.<\/p> <p>&nbsp;<\/p> <ul> <li><a href=\"https:\/\/univet.hu\/konyvtar\/en\/museum\/exhibition-2023\/\">Ren\u00e1ta Lengyel&#8217;s art exhibition<\/a> (2023)<\/li> <li><a href=\"https:\/\/univet.hu\/konyvtar\/en\/museum\/exhibition-history-list\/flora-jakabs-photo-exhibition\/\">Fl\u00f3ra Jakab&#8217;s photo exhibition<\/a> (2017-2018)<\/li> <li><a href=\"https:\/\/univet.hu\/konyvtar\/en\/museum\/exhibition-history-list\/dr-perenyi-janoss-photo-exhibition\/\">Dr. Per\u00e9nyi J\u00e1nos\u2019s photo exhibition<\/a> (2017) <em>&#8211; only in Hungarian<\/em><\/li> <li><a href=\"https:\/\/univet.hu\/konyvtar\/en\/museum\/mosaic-from-the-history-of-food-inspection\/\">Mosaic from the history of food inspection<\/a> (2015-2016)<\/li> <li><a href=\"https:\/\/univet.hu\/konyvtar\/en\/museum\/malacological-exhibition\/\">Malacological exhibition<\/a>\u00a0(2013)<\/li> <li><a href=\"https:\/\/univet.hu\/konyvtar\/en\/museum\/exhibition-2011\/\">World renowned achievements of Hungarian veterinary science<\/a> (2011)<\/li> <li><a href=\"https:\/\/univet.hu\/konyvtar\/en\/museum\/piano-and-horseshoeing\/\">Piano and horseshoeing<\/a> (2009-2010)<\/li> <li><a href=\"https:\/\/univet.hu\/konyvtar\/en\/museum\/meat-inspection-exhibition\/\">Meat inspection from the pathologist\u2019s perspective<\/a><\/li> <li>Festival of Museums (<a href=\"https:\/\/univet.hu\/konyvtar\/en\/museum\/exhibition-history-list\/festival-of-museums-2014\/\">2014<\/a>, <a href=\"https:\/\/univet.hu\/konyvtar\/en\/museum\/exhibition-history-list\/festival-of-museums-2015\/\">2015<\/a> <em>&#8211;<\/em> o<em>nly in Hungarian,<\/em>\u00a0<a href=\"https:\/\/univet.hu\/konyvtar\/en\/museum\/exhibition-history-list\/festival-of-museums-2016\/\">2016<\/a>)<\/li> <li><a href=\"https:\/\/univet.hu\/konyvtar\/en\/museum\/exhibition-history-list\/gyula-magyary-kossa-memorial-meeting-2015\/\">Gyula Magyary-Kossa Memorial meeting<\/a> (2015) <em>&#8211; only in Hungarian<\/em><\/li> <li>Cultural Heritage Days (<a href=\"https:\/\/univet.hu\/konyvtar\/en\/museum\/exhibition-history-list\/cultural-heritage-days-2015\/\">2015<\/a>, <a href=\"https:\/\/univet.hu\/konyvtar\/en\/museum\/exhibition-history-list\/cultural-heritage-days-2016\/\">2016<\/a>, <a href=\"https:\/\/univet.hu\/konyvtar\/en\/museum\/exhibition-history-list\/cultural-heritage-days-2018\/\">2018<\/a>, <a href=\"https:\/\/univet.hu\/konyvtar\/en\/museum\/exhibition-history-list\/cultural-heritage-days-2023\/\">2023<\/a>) <em>&#8211; only in Hungarian<\/em><\/li> <\/ul> <\/div>","protected":false},"excerpt":{"rendered":"<p>The exhibition archive is a selection of older temporary exhibitions that are no longer open to the public. &nbsp; Ren\u00e1ta Lengyel&#8217;s art exhibition (2023) Fl\u00f3ra Jakab&#8217;s photo exhibition (2017-2018) Dr. Per\u00e9nyi J\u00e1nos\u2019s photo exhibition (2017) &#8211; only in Hungarian Mosaic from the history of food inspection (2015-2016) Malacological exhibition\u00a0(2013) World renowned achievements of Hungarian veterinary<\/p>\n","protected":false},"author":4333,"featured_media":0,"parent":577,"menu_order":0,"comment_status":"closed","ping_status":"open","template":"","meta":{"_acf_changed":false,"_eb_attr":"","footnotes":""},"categories":[33],"tags":[],"class_list":["post-589","page","type-page","status-publish","hentry","category-muzeum-2"],"acf":[],"yoast_head":"<!-- This site is optimized with the Yoast SEO plugin v27.2 - https:\/\/yoast.com\/product\/yoast-seo-wordpress\/ -->\n<title>Exhibition history list - Hut\u00ffra Ferenc K\u00f6nyvt\u00e1r, Lev\u00e9lt\u00e1r \u00e9s M\u00fazeum<\/title>\n<meta name=\"robots\" content=\"index, follow, max-snippet:-1, max-image-preview:large, max-video-preview:-1\" \/>\n<link rel=\"canonical\" href=\"https:\/\/univet.hu\/konyvtar\/en\/museum\/exhibition-history-list\/\" \/>\n<meta property=\"og:locale\" content=\"en_US\" \/>\n<meta property=\"og:type\" content=\"article\" \/>\n<meta property=\"og:title\" content=\"Exhibition history list - Hut\u00ffra Ferenc K\u00f6nyvt\u00e1r, Lev\u00e9lt\u00e1r \u00e9s M\u00fazeum\" \/>\n<meta property=\"og:description\" content=\"The exhibition archive is a selection of older temporary exhibitions that are no longer open to the public. &nbsp; Ren\u00e1ta Lengyel&#8217;s art exhibition (2023) Fl\u00f3ra Jakab&#8217;s photo exhibition (2017-2018) Dr. Per\u00e9nyi J\u00e1nos\u2019s photo exhibition (2017) &#8211; only in Hungarian Mosaic from the history of food inspection (2015-2016) Malacological exhibition\u00a0(2013) World renowned achievements of Hungarian veterinary\" \/>\n<meta property=\"og:url\" content=\"https:\/\/univet.hu\/konyvtar\/en\/museum\/exhibition-history-list\/\" \/>\n<meta property=\"og:site_name\" content=\"Hut\u00ffra Ferenc K\u00f6nyvt\u00e1r, Lev\u00e9lt\u00e1r \u00e9s M\u00fazeum\" \/>\n<meta property=\"article:modified_time\" content=\"2026-01-12T12:55:16+00:00\" \/>\n<meta name=\"twitter:card\" content=\"summary_large_image\" \/>\n<meta name=\"twitter:label1\" content=\"Est. reading time\" \/>\n\t<meta name=\"twitter:data1\" content=\"1 minute\" \/>\n<script type=\"application\/ld+json\" class=\"yoast-schema-graph\">{\"@context\":\"https:\/\/schema.org\",\"@graph\":[{\"@type\":\"WebPage\",\"@id\":\"https:\/\/univet.hu\/konyvtar\/en\/museum\/exhibition-history-list\/\",\"url\":\"https:\/\/univet.hu\/konyvtar\/en\/museum\/exhibition-history-list\/\",\"name\":\"Exhibition history list - Hut\u00ffra Ferenc K\u00f6nyvt\u00e1r, Lev\u00e9lt\u00e1r \u00e9s M\u00fazeum\",\"isPartOf\":{\"@id\":\"https:\/\/univet.hu\/konyvtar\/#website\"},\"datePublished\":\"2025-07-10T19:27:05+00:00\",\"dateModified\":\"2026-01-12T12:55:16+00:00\",\"breadcrumb\":{\"@id\":\"https:\/\/univet.hu\/konyvtar\/en\/museum\/exhibition-history-list\/#breadcrumb\"},\"inLanguage\":\"en-US\",\"potentialAction\":[{\"@type\":\"ReadAction\",\"target\":[\"https:\/\/univet.hu\/konyvtar\/en\/museum\/exhibition-history-list\/\"]}]},{\"@type\":\"BreadcrumbList\",\"@id\":\"https:\/\/univet.hu\/konyvtar\/en\/museum\/exhibition-history-list\/#breadcrumb\",\"itemListElement\":[{\"@type\":\"ListItem\",\"position\":1,\"name\":\"Kezd\u0151lap\",\"item\":\"https:\/\/univet.hu\/konyvtar\/\"},{\"@type\":\"ListItem\",\"position\":2,\"name\":\"Museum\",\"item\":\"https:\/\/univet.hu\/konyvtar\/en\/museum\/\"},{\"@type\":\"ListItem\",\"position\":3,\"name\":\"Exhibition history list\"}]},{\"@type\":\"WebSite\",\"@id\":\"https:\/\/univet.hu\/konyvtar\/#website\",\"url\":\"https:\/\/univet.hu\/konyvtar\/\",\"name\":\"Hut\u00ffra Ferenc K\u00f6nyvt\u00e1r, Lev\u00e9lt\u00e1r \u00e9s M\u00fazeum\",\"description\":\"\",\"potentialAction\":[{\"@type\":\"SearchAction\",\"target\":{\"@type\":\"EntryPoint\",\"urlTemplate\":\"https:\/\/univet.hu\/konyvtar\/?s={search_term_string}\"},\"query-input\":{\"@type\":\"PropertyValueSpecification\",\"valueRequired\":true,\"valueName\":\"search_term_string\"}}],\"inLanguage\":\"en-US\"}]}<\/script>\n<!-- \/ Yoast SEO plugin. -->","yoast_head_json":{"title":"Exhibition history list - Hut\u00ffra Ferenc K\u00f6nyvt\u00e1r, Lev\u00e9lt\u00e1r \u00e9s M\u00fazeum","robots":{"index":"index","follow":"follow","max-snippet":"max-snippet:-1","max-image-preview":"max-image-preview:large","max-video-preview":"max-video-preview:-1"},"canonical":"https:\/\/univet.hu\/konyvtar\/en\/museum\/exhibition-history-list\/","og_locale":"en_US","og_type":"article","og_title":"Exhibition history list - Hut\u00ffra Ferenc K\u00f6nyvt\u00e1r, Lev\u00e9lt\u00e1r \u00e9s M\u00fazeum","og_description":"The exhibition archive is a selection of older temporary exhibitions that are no longer open to the public. &nbsp; Ren\u00e1ta Lengyel&#8217;s art exhibition (2023) Fl\u00f3ra Jakab&#8217;s photo exhibition (2017-2018) Dr. Per\u00e9nyi J\u00e1nos\u2019s photo exhibition (2017) &#8211; only in Hungarian Mosaic from the history of food inspection (2015-2016) Malacological exhibition\u00a0(2013) World renowned achievements of Hungarian veterinary","og_url":"https:\/\/univet.hu\/konyvtar\/en\/museum\/exhibition-history-list\/","og_site_name":"Hut\u00ffra Ferenc K\u00f6nyvt\u00e1r, Lev\u00e9lt\u00e1r \u00e9s M\u00fazeum","article_modified_time":"2026-01-12T12:55:16+00:00","twitter_card":"summary_large_image","twitter_misc":{"Est. reading time":"1 minute"},"schema":{"@context":"https:\/\/schema.org","@graph":[{"@type":"WebPage","@id":"https:\/\/univet.hu\/konyvtar\/en\/museum\/exhibition-history-list\/","url":"https:\/\/univet.hu\/konyvtar\/en\/museum\/exhibition-history-list\/","name":"Exhibition history list - Hut\u00ffra Ferenc K\u00f6nyvt\u00e1r, Lev\u00e9lt\u00e1r \u00e9s M\u00fazeum","isPartOf":{"@id":"https:\/\/univet.hu\/konyvtar\/#website"},"datePublished":"2025-07-10T19:27:05+00:00","dateModified":"2026-01-12T12:55:16+00:00","breadcrumb":{"@id":"https:\/\/univet.hu\/konyvtar\/en\/museum\/exhibition-history-list\/#breadcrumb"},"inLanguage":"en-US","potentialAction":[{"@type":"ReadAction","target":["https:\/\/univet.hu\/konyvtar\/en\/museum\/exhibition-history-list\/"]}]},{"@type":"BreadcrumbList","@id":"https:\/\/univet.hu\/konyvtar\/en\/museum\/exhibition-history-list\/#breadcrumb","itemListElement":[{"@type":"ListItem","position":1,"name":"Kezd\u0151lap","item":"https:\/\/univet.hu\/konyvtar\/"},{"@type":"ListItem","position":2,"name":"Museum","item":"https:\/\/univet.hu\/konyvtar\/en\/museum\/"},{"@type":"ListItem","position":3,"name":"Exhibition history list"}]},{"@type":"WebSite","@id":"https:\/\/univet.hu\/konyvtar\/#website","url":"https:\/\/univet.hu\/konyvtar\/","name":"Hut\u00ffra Ferenc K\u00f6nyvt\u00e1r, Lev\u00e9lt\u00e1r \u00e9s M\u00fazeum","description":"","potentialAction":[{"@type":"SearchAction","target":{"@type":"EntryPoint","urlTemplate":"https:\/\/univet.hu\/konyvtar\/?s={search_term_string}"},"query-input":{"@type":"PropertyValueSpecification","valueRequired":true,"valueName":"search_term_string"}}],"inLanguage":"en-US"}]}},"_links":{"self":[{"href":"https:\/\/univet.hu\/konyvtar\/en\/wp-json\/wp\/v2\/pages\/589","targetHints":{"allow":["GET"]}}],"collection":[{"href":"https:\/\/univet.hu\/konyvtar\/en\/wp-json\/wp\/v2\/pages"}],"about":[{"href":"https:\/\/univet.hu\/konyvtar\/en\/wp-json\/wp\/v2\/types\/page"}],"author":[{"embeddable":true,"href":"https:\/\/univet.hu\/konyvtar\/en\/wp-json\/wp\/v2\/users\/4333"}],"replies":[{"embeddable":true,"href":"https:\/\/univet.hu\/konyvtar\/en\/wp-json\/wp\/v2\/comments?post=589"}],"version-history":[{"count":5,"href":"https:\/\/univet.hu\/konyvtar\/en\/wp-json\/wp\/v2\/pages\/589\/revisions"}],"predecessor-version":[{"id":695,"href":"https:\/\/univet.hu\/konyvtar\/en\/wp-json\/wp\/v2\/pages\/589\/revisions\/695"}],"up":[{"embeddable":true,"href":"https:\/\/univet.hu\/konyvtar\/en\/wp-json\/wp\/v2\/pages\/577"}],"wp:attachment":[{"href":"https:\/\/univet.hu\/konyvtar\/en\/wp-json\/wp\/v2\/media?parent=589"}],"wp:term":[{"taxonomy":"category","embeddable":true,"href":"https:\/\/univet.hu\/konyvtar\/en\/wp-json\/wp\/v2\/categories?post=589"},{"taxonomy":"post_tag","embeddable":true,"href":"https:\/\/univet.hu\/konyvtar\/en\/wp-json\/wp\/v2\/tags?post=589"}],"curies":[{"name":"wp","href":"https:\/\/api.w.org\/{rel}","templated":true}]}}