{"id":597,"date":"2025-07-10T21:08:08","date_gmt":"2025-07-10T19:08:08","guid":{"rendered":"https:\/\/univet.hu\/konyvtar\/?page_id=597"},"modified":"2026-01-12T13:55:18","modified_gmt":"2026-01-12T12:55:18","slug":"mosaic-from-the-history-of-food-inspection","status":"publish","type":"page","link":"https:\/\/univet.hu\/konyvtar\/en\/museum\/exhibition-history-list\/mosaic-from-the-history-of-food-inspection\/","title":{"rendered":"Mosaic from the history of food inspection"},"content":{"rendered":"<h5>Food safety in the household and in the laboratory<\/h5> <p>03.11.2015 \u2013 31.12.2016<\/p> <div>Safe food is literally a matter of life or death for people. Safe and healthy food plays a significant role in the increase of the lifespan of people we have been experiencing in recent decades. Today food products are manufactured with controlled, sterile technologies, and get to the shelves of shops in sealed packaging. It is possible to read the exact composition of the food on standardized labels, and laboratory examinations ensure their quality. But how has the inspection of food developed to the present level?<\/div> <div><\/div> <div><a href=\"https:\/\/univet.hu\/konyvtar\/en\/museum\/mosaic-from-the-history-of-food-inspection\/rsz_allatorvostorteneti3-685x1024-2\/\" rel=\"attachment wp-att-331\"><img loading=\"lazy\" decoding=\"async\" class=\"size-full wp-image-331 aligncenter\" src=\"https:\/\/univet.hu\/konyvtar\/wp-content\/uploads\/sites\/17\/2025\/07\/rsz_allatorvostorteneti3-685x1024-1.jpg\" alt=\"\" width=\"685\" height=\"1024\" srcset=\"https:\/\/univet.hu\/konyvtar\/wp-content\/uploads\/sites\/17\/2025\/07\/rsz_allatorvostorteneti3-685x1024-1.jpg 685w, https:\/\/univet.hu\/konyvtar\/wp-content\/uploads\/sites\/17\/2025\/07\/rsz_allatorvostorteneti3-685x1024-1-201x300.jpg 201w\" sizes=\"auto, (max-width: 685px) 100vw, 685px\" \/><\/a><\/div> <div><\/div> <div>The scientific basis of food inspection were laid at the turn of the 19th and 20th centuries, when meat and milk inspection, food analysis and food chemistry started to develop. Meanwhile the institutions supervising the safety of the food chain were also established. Already the guilds took care of their members selling quality products only. Later meat inspectors, then from the 19th century on qualified veterinarians supervised the proper and hygienic processing of livestock and meat at slaughterhouses and food factories. They provided for the safety of the products sold.<\/div> <p><a href=\"https:\/\/univet.hu\/konyvtar\/en\/museum\/mosaic-from-the-history-of-food-inspection\/rsz_allatorvostorteneti4-685x1024-2\/\" rel=\"attachment wp-att-328\"><img loading=\"lazy\" decoding=\"async\" class=\"aligncenter wp-image-328 size-full\" src=\"https:\/\/univet.hu\/konyvtar\/wp-content\/uploads\/sites\/17\/2025\/07\/rsz_allatorvostorteneti4-685x1024-1.jpg\" alt=\"\" width=\"685\" height=\"1024\" srcset=\"https:\/\/univet.hu\/konyvtar\/wp-content\/uploads\/sites\/17\/2025\/07\/rsz_allatorvostorteneti4-685x1024-1.jpg 685w, https:\/\/univet.hu\/konyvtar\/wp-content\/uploads\/sites\/17\/2025\/07\/rsz_allatorvostorteneti4-685x1024-1-201x300.jpg 201w\" sizes=\"auto, (max-width: 685px) 100vw, 685px\" \/><\/a><\/p> <div>As a matter of fact, it is impossible to give a comprehensive description of the history of food inspection. We can only present some old equipment used for the examination of food. Meanwhile we would like to show some food safety measures and secrets applied by housewives before the invention of refrigerators.<\/div> <div>We suggest to start your visit by studying the poster presenting the history of food inspection, then look at the showcases, and finally \u2013 as a summary of what you have seen \u2013 survey the poster presenting old and new methods of food examination.<\/div> <div> <div> <p><strong>Related programmes<\/strong><\/p> <p>It is possible to fix times for the following presentations which we offer for students from 10 to 18 years of age. Presentations and guided tours of the exhibition are held by the professionals working at the Faculty of Veterinary Science, SZIU, and the National Food Chain Safety Office (NFCSO).<br \/> (Contact Ad\u00e9l V\u00e1radi,\u00a0<span id=\"cloaked0af9dc3b920e5ec8ee60f5db04cd2d\"><a class=\"decrypt\" rel=\"wbsbej\/befmAbpul\/t{jf\/iv\" href=\"javascript:void(0);\">[Click to see email]<\/a><\/span>)<\/p> <\/div> <ul> <li>What is food chain safety?<\/li> <li>Fighting food related crime<\/li> <li>From organic food to food additives<\/li> <li>Parasites in food \u2013 to eat or not to eat?<\/li> <\/ul> <p><a href=\"https:\/\/univet.hu\/konyvtar\/en\/museum\/mosaic-from-the-history-of-food-inspection\/rsz_allatorvostorteneti2-768x514-2\/\" rel=\"attachment wp-att-325\"><img loading=\"lazy\" decoding=\"async\" class=\"size-full wp-image-325 aligncenter\" src=\"https:\/\/univet.hu\/konyvtar\/wp-content\/uploads\/sites\/17\/2025\/07\/rsz_allatorvostorteneti2-768x514-1.jpg\" alt=\"\" width=\"768\" height=\"514\" srcset=\"https:\/\/univet.hu\/konyvtar\/wp-content\/uploads\/sites\/17\/2025\/07\/rsz_allatorvostorteneti2-768x514-1.jpg 768w, https:\/\/univet.hu\/konyvtar\/wp-content\/uploads\/sites\/17\/2025\/07\/rsz_allatorvostorteneti2-768x514-1-300x201.jpg 300w\" sizes=\"auto, (max-width: 768px) 100vw, 768px\" \/><\/a><\/p> <\/div>","protected":false},"excerpt":{"rendered":"<p>Food safety in the household and in the laboratory 03.11.2015 \u2013 31.12.2016 Safe food is literally a matter of life or death for people. Safe and healthy food plays a significant role in the increase of the lifespan of people we have been experiencing in recent decades. Today food products are manufactured with controlled, sterile<\/p>\n","protected":false},"author":4333,"featured_media":0,"parent":589,"menu_order":0,"comment_status":"closed","ping_status":"closed","template":"","meta":{"_acf_changed":false,"_eb_attr":"","footnotes":""},"categories":[33],"tags":[],"class_list":["post-597","page","type-page","status-publish","hentry","category-muzeum-2"],"acf":[],"yoast_head":"<!-- This site is optimized with the Yoast SEO plugin v27.2 - https:\/\/yoast.com\/product\/yoast-seo-wordpress\/ -->\n<title>Mosaic from the history of food inspection - Hut\u00ffra Ferenc K\u00f6nyvt\u00e1r, Lev\u00e9lt\u00e1r \u00e9s M\u00fazeum<\/title>\n<meta name=\"robots\" content=\"index, follow, max-snippet:-1, max-image-preview:large, max-video-preview:-1\" \/>\n<link rel=\"canonical\" href=\"https:\/\/univet.hu\/konyvtar\/en\/museum\/exhibition-history-list\/mosaic-from-the-history-of-food-inspection\/\" \/>\n<meta property=\"og:locale\" content=\"en_US\" \/>\n<meta property=\"og:type\" content=\"article\" \/>\n<meta property=\"og:title\" content=\"Mosaic from the history of food inspection - Hut\u00ffra Ferenc K\u00f6nyvt\u00e1r, Lev\u00e9lt\u00e1r \u00e9s M\u00fazeum\" \/>\n<meta property=\"og:description\" content=\"Food safety in the household and in the laboratory 03.11.2015 \u2013 31.12.2016 Safe food is literally a matter of life or death for people. Safe and healthy food plays a significant role in the increase of the lifespan of people we have been experiencing in recent decades. Today food products are manufactured with controlled, sterile\" \/>\n<meta property=\"og:url\" content=\"https:\/\/univet.hu\/konyvtar\/en\/museum\/exhibition-history-list\/mosaic-from-the-history-of-food-inspection\/\" \/>\n<meta property=\"og:site_name\" content=\"Hut\u00ffra Ferenc K\u00f6nyvt\u00e1r, Lev\u00e9lt\u00e1r \u00e9s M\u00fazeum\" \/>\n<meta property=\"article:modified_time\" content=\"2026-01-12T12:55:18+00:00\" \/>\n<meta property=\"og:image\" content=\"https:\/\/univet.hu\/konyvtar\/wp-content\/uploads\/sites\/17\/2025\/07\/rsz_allatorvostorteneti3-685x1024-1.jpg\" \/>\n\t<meta property=\"og:image:width\" content=\"685\" \/>\n\t<meta property=\"og:image:height\" content=\"1024\" \/>\n\t<meta property=\"og:image:type\" content=\"image\/jpeg\" \/>\n<meta name=\"twitter:card\" content=\"summary_large_image\" \/>\n<meta name=\"twitter:label1\" content=\"Est. reading time\" \/>\n\t<meta name=\"twitter:data1\" content=\"3 minutes\" \/>\n<script type=\"application\/ld+json\" class=\"yoast-schema-graph\">{\"@context\":\"https:\/\/schema.org\",\"@graph\":[{\"@type\":\"WebPage\",\"@id\":\"https:\/\/univet.hu\/konyvtar\/en\/museum\/exhibition-history-list\/mosaic-from-the-history-of-food-inspection\/\",\"url\":\"https:\/\/univet.hu\/konyvtar\/en\/museum\/exhibition-history-list\/mosaic-from-the-history-of-food-inspection\/\",\"name\":\"Mosaic from the history of food inspection - Hut\u00ffra Ferenc K\u00f6nyvt\u00e1r, Lev\u00e9lt\u00e1r \u00e9s M\u00fazeum\",\"isPartOf\":{\"@id\":\"https:\/\/univet.hu\/konyvtar\/#website\"},\"primaryImageOfPage\":{\"@id\":\"https:\/\/univet.hu\/konyvtar\/en\/museum\/exhibition-history-list\/mosaic-from-the-history-of-food-inspection\/#primaryimage\"},\"image\":{\"@id\":\"https:\/\/univet.hu\/konyvtar\/en\/museum\/exhibition-history-list\/mosaic-from-the-history-of-food-inspection\/#primaryimage\"},\"thumbnailUrl\":\"https:\/\/univet.hu\/konyvtar\/wp-content\/uploads\/sites\/17\/2025\/07\/rsz_allatorvostorteneti3-685x1024-1.jpg\",\"datePublished\":\"2025-07-10T19:08:08+00:00\",\"dateModified\":\"2026-01-12T12:55:18+00:00\",\"breadcrumb\":{\"@id\":\"https:\/\/univet.hu\/konyvtar\/en\/museum\/exhibition-history-list\/mosaic-from-the-history-of-food-inspection\/#breadcrumb\"},\"inLanguage\":\"en-US\",\"potentialAction\":[{\"@type\":\"ReadAction\",\"target\":[\"https:\/\/univet.hu\/konyvtar\/en\/museum\/exhibition-history-list\/mosaic-from-the-history-of-food-inspection\/\"]}]},{\"@type\":\"ImageObject\",\"inLanguage\":\"en-US\",\"@id\":\"https:\/\/univet.hu\/konyvtar\/en\/museum\/exhibition-history-list\/mosaic-from-the-history-of-food-inspection\/#primaryimage\",\"url\":\"https:\/\/univet.hu\/konyvtar\/wp-content\/uploads\/sites\/17\/2025\/07\/rsz_allatorvostorteneti3-685x1024-1.jpg\",\"contentUrl\":\"https:\/\/univet.hu\/konyvtar\/wp-content\/uploads\/sites\/17\/2025\/07\/rsz_allatorvostorteneti3-685x1024-1.jpg\"},{\"@type\":\"BreadcrumbList\",\"@id\":\"https:\/\/univet.hu\/konyvtar\/en\/museum\/exhibition-history-list\/mosaic-from-the-history-of-food-inspection\/#breadcrumb\",\"itemListElement\":[{\"@type\":\"ListItem\",\"position\":1,\"name\":\"Kezd\u0151lap\",\"item\":\"https:\/\/univet.hu\/konyvtar\/\"},{\"@type\":\"ListItem\",\"position\":2,\"name\":\"Museum\",\"item\":\"https:\/\/univet.hu\/konyvtar\/en\/museum\/\"},{\"@type\":\"ListItem\",\"position\":3,\"name\":\"Exhibition history list\",\"item\":\"https:\/\/univet.hu\/konyvtar\/en\/museum\/exhibition-history-list\/\"},{\"@type\":\"ListItem\",\"position\":4,\"name\":\"Mosaic from the history of food inspection\"}]},{\"@type\":\"WebSite\",\"@id\":\"https:\/\/univet.hu\/konyvtar\/#website\",\"url\":\"https:\/\/univet.hu\/konyvtar\/\",\"name\":\"Hut\u00ffra Ferenc K\u00f6nyvt\u00e1r, Lev\u00e9lt\u00e1r \u00e9s M\u00fazeum\",\"description\":\"\",\"potentialAction\":[{\"@type\":\"SearchAction\",\"target\":{\"@type\":\"EntryPoint\",\"urlTemplate\":\"https:\/\/univet.hu\/konyvtar\/?s={search_term_string}\"},\"query-input\":{\"@type\":\"PropertyValueSpecification\",\"valueRequired\":true,\"valueName\":\"search_term_string\"}}],\"inLanguage\":\"en-US\"}]}<\/script>\n<!-- \/ Yoast SEO plugin. -->","yoast_head_json":{"title":"Mosaic from the history of food inspection - Hut\u00ffra Ferenc K\u00f6nyvt\u00e1r, Lev\u00e9lt\u00e1r \u00e9s M\u00fazeum","robots":{"index":"index","follow":"follow","max-snippet":"max-snippet:-1","max-image-preview":"max-image-preview:large","max-video-preview":"max-video-preview:-1"},"canonical":"https:\/\/univet.hu\/konyvtar\/en\/museum\/exhibition-history-list\/mosaic-from-the-history-of-food-inspection\/","og_locale":"en_US","og_type":"article","og_title":"Mosaic from the history of food inspection - Hut\u00ffra Ferenc K\u00f6nyvt\u00e1r, Lev\u00e9lt\u00e1r \u00e9s M\u00fazeum","og_description":"Food safety in the household and in the laboratory 03.11.2015 \u2013 31.12.2016 Safe food is literally a matter of life or death for people. Safe and healthy food plays a significant role in the increase of the lifespan of people we have been experiencing in recent decades. Today food products are manufactured with controlled, sterile","og_url":"https:\/\/univet.hu\/konyvtar\/en\/museum\/exhibition-history-list\/mosaic-from-the-history-of-food-inspection\/","og_site_name":"Hut\u00ffra Ferenc K\u00f6nyvt\u00e1r, Lev\u00e9lt\u00e1r \u00e9s M\u00fazeum","article_modified_time":"2026-01-12T12:55:18+00:00","og_image":[{"width":685,"height":1024,"url":"https:\/\/univet.hu\/konyvtar\/wp-content\/uploads\/sites\/17\/2025\/07\/rsz_allatorvostorteneti3-685x1024-1.jpg","type":"image\/jpeg"}],"twitter_card":"summary_large_image","twitter_misc":{"Est. reading time":"3 minutes"},"schema":{"@context":"https:\/\/schema.org","@graph":[{"@type":"WebPage","@id":"https:\/\/univet.hu\/konyvtar\/en\/museum\/exhibition-history-list\/mosaic-from-the-history-of-food-inspection\/","url":"https:\/\/univet.hu\/konyvtar\/en\/museum\/exhibition-history-list\/mosaic-from-the-history-of-food-inspection\/","name":"Mosaic from the history of food inspection - Hut\u00ffra Ferenc K\u00f6nyvt\u00e1r, Lev\u00e9lt\u00e1r \u00e9s M\u00fazeum","isPartOf":{"@id":"https:\/\/univet.hu\/konyvtar\/#website"},"primaryImageOfPage":{"@id":"https:\/\/univet.hu\/konyvtar\/en\/museum\/exhibition-history-list\/mosaic-from-the-history-of-food-inspection\/#primaryimage"},"image":{"@id":"https:\/\/univet.hu\/konyvtar\/en\/museum\/exhibition-history-list\/mosaic-from-the-history-of-food-inspection\/#primaryimage"},"thumbnailUrl":"https:\/\/univet.hu\/konyvtar\/wp-content\/uploads\/sites\/17\/2025\/07\/rsz_allatorvostorteneti3-685x1024-1.jpg","datePublished":"2025-07-10T19:08:08+00:00","dateModified":"2026-01-12T12:55:18+00:00","breadcrumb":{"@id":"https:\/\/univet.hu\/konyvtar\/en\/museum\/exhibition-history-list\/mosaic-from-the-history-of-food-inspection\/#breadcrumb"},"inLanguage":"en-US","potentialAction":[{"@type":"ReadAction","target":["https:\/\/univet.hu\/konyvtar\/en\/museum\/exhibition-history-list\/mosaic-from-the-history-of-food-inspection\/"]}]},{"@type":"ImageObject","inLanguage":"en-US","@id":"https:\/\/univet.hu\/konyvtar\/en\/museum\/exhibition-history-list\/mosaic-from-the-history-of-food-inspection\/#primaryimage","url":"https:\/\/univet.hu\/konyvtar\/wp-content\/uploads\/sites\/17\/2025\/07\/rsz_allatorvostorteneti3-685x1024-1.jpg","contentUrl":"https:\/\/univet.hu\/konyvtar\/wp-content\/uploads\/sites\/17\/2025\/07\/rsz_allatorvostorteneti3-685x1024-1.jpg"},{"@type":"BreadcrumbList","@id":"https:\/\/univet.hu\/konyvtar\/en\/museum\/exhibition-history-list\/mosaic-from-the-history-of-food-inspection\/#breadcrumb","itemListElement":[{"@type":"ListItem","position":1,"name":"Kezd\u0151lap","item":"https:\/\/univet.hu\/konyvtar\/"},{"@type":"ListItem","position":2,"name":"Museum","item":"https:\/\/univet.hu\/konyvtar\/en\/museum\/"},{"@type":"ListItem","position":3,"name":"Exhibition history list","item":"https:\/\/univet.hu\/konyvtar\/en\/museum\/exhibition-history-list\/"},{"@type":"ListItem","position":4,"name":"Mosaic from the history of food inspection"}]},{"@type":"WebSite","@id":"https:\/\/univet.hu\/konyvtar\/#website","url":"https:\/\/univet.hu\/konyvtar\/","name":"Hut\u00ffra Ferenc K\u00f6nyvt\u00e1r, Lev\u00e9lt\u00e1r \u00e9s M\u00fazeum","description":"","potentialAction":[{"@type":"SearchAction","target":{"@type":"EntryPoint","urlTemplate":"https:\/\/univet.hu\/konyvtar\/?s={search_term_string}"},"query-input":{"@type":"PropertyValueSpecification","valueRequired":true,"valueName":"search_term_string"}}],"inLanguage":"en-US"}]}},"_links":{"self":[{"href":"https:\/\/univet.hu\/konyvtar\/en\/wp-json\/wp\/v2\/pages\/597","targetHints":{"allow":["GET"]}}],"collection":[{"href":"https:\/\/univet.hu\/konyvtar\/en\/wp-json\/wp\/v2\/pages"}],"about":[{"href":"https:\/\/univet.hu\/konyvtar\/en\/wp-json\/wp\/v2\/types\/page"}],"author":[{"embeddable":true,"href":"https:\/\/univet.hu\/konyvtar\/en\/wp-json\/wp\/v2\/users\/4333"}],"replies":[{"embeddable":true,"href":"https:\/\/univet.hu\/konyvtar\/en\/wp-json\/wp\/v2\/comments?post=597"}],"version-history":[{"count":2,"href":"https:\/\/univet.hu\/konyvtar\/en\/wp-json\/wp\/v2\/pages\/597\/revisions"}],"predecessor-version":[{"id":599,"href":"https:\/\/univet.hu\/konyvtar\/en\/wp-json\/wp\/v2\/pages\/597\/revisions\/599"}],"up":[{"embeddable":true,"href":"https:\/\/univet.hu\/konyvtar\/en\/wp-json\/wp\/v2\/pages\/589"}],"wp:attachment":[{"href":"https:\/\/univet.hu\/konyvtar\/en\/wp-json\/wp\/v2\/media?parent=597"}],"wp:term":[{"taxonomy":"category","embeddable":true,"href":"https:\/\/univet.hu\/konyvtar\/en\/wp-json\/wp\/v2\/categories?post=597"},{"taxonomy":"post_tag","embeddable":true,"href":"https:\/\/univet.hu\/konyvtar\/en\/wp-json\/wp\/v2\/tags?post=597"}],"curies":[{"name":"wp","href":"https:\/\/api.w.org\/{rel}","templated":true}]}}