{"id":600,"date":"2025-07-10T21:13:42","date_gmt":"2025-07-10T19:13:42","guid":{"rendered":"https:\/\/univet.hu\/konyvtar\/?page_id=600"},"modified":"2026-01-12T13:55:17","modified_gmt":"2026-01-12T12:55:17","slug":"meat-inspection-exhibition","status":"publish","type":"page","link":"https:\/\/univet.hu\/konyvtar\/en\/museum\/exhibition-history-list\/meat-inspection-exhibition\/","title":{"rendered":"Meat inspection from the pathologist\u2019s perspective"},"content":{"rendered":"<div><strong>A selection from the material of the Pathology Museum and the \u201eColour atlas of veterinary pathology\u201d<\/strong><\/div> <div><\/div> <div>Meat inspection is one of the most important applications of veterinary pathology. The beginnings of official meat inspection date back to the second half of the 19th century in Hungary. The law regarding public health (no. 14 of 1876) was the first to state:<\/div> <div><em>13. \u00a7 Animals to be slaughtered on abattoirs for commercial purposes have to be examined from the point of view of their health. Would this inspection conclude that the meat of the animal meant for public consumption is harmful, slaughter for the above purpose must not be allowed. Besides this supervision all meat sold for consumption by the public is also subject to health inspection.<\/em><\/div> <div>Meat inspection was first carried out by medical doctors who did not have any knowledge of animal diseases. It was only 12 years later that the comprehensive and up-to-date law regarding the veterinary system (no. 7 of 1888) claimed:<\/div> <div><em>14. \u00a7 In communities where meat consumption is considerable, cattle may be slaughtered only on abattoirs. It is the minister of agriculture, industry and commerce in agreement with the minister of internal affairs who decide, upon the initiative of the administrative committee, in which communities abattoirs should be established. The health status of cattle, sheep, goats, and swine has to be checked by the official veterinarian before and after their slaughter. If there is no official veterinarian, a slaughter inspector should be employed for this job.\u201d<\/em><\/div> <div>Ferenc Hut\u00ffra gave an extensive report to the National Council of Public Health about the poor status of veterinarians employed in slaughterhouses who were neither respected, nor well-paid, and underlined the threat presented by insufficient meat inspection to public health.<\/div> <div>Following the law and \u2013 to a great extent due to the efforts of the Hungarian Royal Veterinary Academy \u2013 the professionalism of meat inspection increased. In 1905 the journal \u201eAbattoir reviews\u201d (V\u00e1g\u00f3h\u00eddi Szemle), in 1906 the supplement of the Veterinary Journal (\u00c1llatorvosi Lapok) entitled \u201eMeat inspection\u201d (H\u00fasvizsg\u00e1lat) were started. Unfortunately these journals ceased during World War 1.<\/div> <div>Between the two world wars the veterinarians of the abattoir had close contact with the veterinary school, and their work was a guarantee of excellent quality. Albert Breuer abandoned professorship for the sake of working at the slaughterhouse. His followers, G\u00e9za Semsey at the academy, on the one hand, and Mih\u00e1ly R\u00f3nai and Gyula Kaz\u00e1r respectively at the abattoir and others deserve mentioning from this period. Almost all the outstanding professors of the Academy contributed to the improvement of food safety. This is reflected in their works which you may see in the showcases.<\/div> <div>There are two proofs of the significance of veterinary pathology as a discipline which lays the foundations of correct diagnosis in clinical work, and of the recognition of infectious diseases or those threatening food safety. One is that most of the personalities occurring in the portraits started their career as pathologists. The other is the fact that the most impressive hall of the new campus, into which the veterinary school moved in 1881, was devoted to the museum of pathology. For over 20 years the room known today as the \u201eAuditorium\u201d hosted the preparations a small selection of which is presented at this exhibition. In the early 1900s the museum was moved to the newly erected top floor of the department of pathology. We would like to unveil a little bit of this unique collection which is not open to the public, but which served teaching and demonstration with indispensable relics. We also hope that after some renovation, the collection will be opened for students who are not satisfied with photos or films about diseases already extinct, and the deformities they cause in organs and tissues involved.<\/div> <div>You may also see modern photo illustrations from the \u201eAtlas of veterinary pathology\u201d issued in 2006 which supplement the presentation of pathologic states relevant from the point of view of meat inspection.<\/div> <div>As a matter of fact, such a small exhibition cannot cover all aspects of either pathology, or meat inspection. Relying on the two collections, we have only presented some diseases which are important in the context of food hygiene. We formed four groups: bacterial, viral, parasitic diseases, and \u201emiscellanea\u201d. We hope this will be enough to give you an impression what a broad spectrum of knowledge, what a special skill of observation are required of professional meat inspectors, and how complex is the series of decisions they have to make in order to achieve reliable judgements. Of course, we could not miss the opportunity to give an insight into the history of pathology and meat inspection to raise your interest in further studies.<\/div> <div>We offer our exhibition to students of veterinary science and the general public who surely enjoy a touch of bloody thrill, and can appreciate the bizarre beauty of the subject.<\/div> <div><\/div> <p>Professor Ferenc Vet\u00e9si retired department head Department of Pathology and Forensic Veterinary Medicine<\/p> <p>\u00c9va Orb\u00e1n curator Collection of Veterinary History<\/p>","protected":false},"excerpt":{"rendered":"<p>A selection from the material of the Pathology Museum and the \u201eColour atlas of veterinary pathology\u201d Meat inspection is one of the most important applications of veterinary pathology. The beginnings of official meat inspection date back to the second half of the 19th century in Hungary. The law regarding public health (no. 14 of 1876)<\/p>\n","protected":false},"author":4333,"featured_media":0,"parent":589,"menu_order":0,"comment_status":"closed","ping_status":"closed","template":"","meta":{"_acf_changed":false,"_eb_attr":"","footnotes":""},"categories":[33],"tags":[],"class_list":["post-600","page","type-page","status-publish","hentry","category-muzeum-2"],"acf":[],"yoast_head":"<!-- This site is optimized with the Yoast SEO plugin v27.2 - https:\/\/yoast.com\/product\/yoast-seo-wordpress\/ -->\n<title>Meat inspection from the pathologist\u2019s perspective - Hut\u00ffra Ferenc K\u00f6nyvt\u00e1r, Lev\u00e9lt\u00e1r \u00e9s M\u00fazeum<\/title>\n<meta name=\"robots\" content=\"index, follow, max-snippet:-1, max-image-preview:large, max-video-preview:-1\" \/>\n<link rel=\"canonical\" href=\"https:\/\/univet.hu\/konyvtar\/en\/museum\/exhibition-history-list\/meat-inspection-exhibition\/\" \/>\n<meta property=\"og:locale\" content=\"en_US\" \/>\n<meta property=\"og:type\" content=\"article\" \/>\n<meta property=\"og:title\" content=\"Meat inspection from the pathologist\u2019s perspective - Hut\u00ffra Ferenc K\u00f6nyvt\u00e1r, Lev\u00e9lt\u00e1r \u00e9s M\u00fazeum\" \/>\n<meta property=\"og:description\" content=\"A selection from the material of the Pathology Museum and the \u201eColour atlas of veterinary pathology\u201d Meat inspection is one of the most important applications of veterinary pathology. The beginnings of official meat inspection date back to the second half of the 19th century in Hungary. The law regarding public health (no. 14 of 1876)\" \/>\n<meta property=\"og:url\" content=\"https:\/\/univet.hu\/konyvtar\/en\/museum\/exhibition-history-list\/meat-inspection-exhibition\/\" \/>\n<meta property=\"og:site_name\" content=\"Hut\u00ffra Ferenc K\u00f6nyvt\u00e1r, Lev\u00e9lt\u00e1r \u00e9s M\u00fazeum\" \/>\n<meta property=\"article:modified_time\" content=\"2026-01-12T12:55:17+00:00\" \/>\n<meta name=\"twitter:card\" content=\"summary_large_image\" \/>\n<meta name=\"twitter:label1\" content=\"Est. reading time\" \/>\n\t<meta name=\"twitter:data1\" content=\"5 minutes\" \/>\n<script type=\"application\/ld+json\" class=\"yoast-schema-graph\">{\"@context\":\"https:\/\/schema.org\",\"@graph\":[{\"@type\":\"WebPage\",\"@id\":\"https:\/\/univet.hu\/konyvtar\/en\/museum\/exhibition-history-list\/meat-inspection-exhibition\/\",\"url\":\"https:\/\/univet.hu\/konyvtar\/en\/museum\/exhibition-history-list\/meat-inspection-exhibition\/\",\"name\":\"Meat inspection from the pathologist\u2019s perspective - Hut\u00ffra Ferenc K\u00f6nyvt\u00e1r, Lev\u00e9lt\u00e1r \u00e9s M\u00fazeum\",\"isPartOf\":{\"@id\":\"https:\/\/univet.hu\/konyvtar\/#website\"},\"datePublished\":\"2025-07-10T19:13:42+00:00\",\"dateModified\":\"2026-01-12T12:55:17+00:00\",\"breadcrumb\":{\"@id\":\"https:\/\/univet.hu\/konyvtar\/en\/museum\/exhibition-history-list\/meat-inspection-exhibition\/#breadcrumb\"},\"inLanguage\":\"en-US\",\"potentialAction\":[{\"@type\":\"ReadAction\",\"target\":[\"https:\/\/univet.hu\/konyvtar\/en\/museum\/exhibition-history-list\/meat-inspection-exhibition\/\"]}]},{\"@type\":\"BreadcrumbList\",\"@id\":\"https:\/\/univet.hu\/konyvtar\/en\/museum\/exhibition-history-list\/meat-inspection-exhibition\/#breadcrumb\",\"itemListElement\":[{\"@type\":\"ListItem\",\"position\":1,\"name\":\"Kezd\u0151lap\",\"item\":\"https:\/\/univet.hu\/konyvtar\/\"},{\"@type\":\"ListItem\",\"position\":2,\"name\":\"Museum\",\"item\":\"https:\/\/univet.hu\/konyvtar\/en\/museum\/\"},{\"@type\":\"ListItem\",\"position\":3,\"name\":\"Exhibition history list\",\"item\":\"https:\/\/univet.hu\/konyvtar\/en\/museum\/exhibition-history-list\/\"},{\"@type\":\"ListItem\",\"position\":4,\"name\":\"Meat inspection from the pathologist\u2019s perspective\"}]},{\"@type\":\"WebSite\",\"@id\":\"https:\/\/univet.hu\/konyvtar\/#website\",\"url\":\"https:\/\/univet.hu\/konyvtar\/\",\"name\":\"Hut\u00ffra Ferenc K\u00f6nyvt\u00e1r, Lev\u00e9lt\u00e1r \u00e9s M\u00fazeum\",\"description\":\"\",\"potentialAction\":[{\"@type\":\"SearchAction\",\"target\":{\"@type\":\"EntryPoint\",\"urlTemplate\":\"https:\/\/univet.hu\/konyvtar\/?s={search_term_string}\"},\"query-input\":{\"@type\":\"PropertyValueSpecification\",\"valueRequired\":true,\"valueName\":\"search_term_string\"}}],\"inLanguage\":\"en-US\"}]}<\/script>\n<!-- \/ Yoast SEO plugin. -->","yoast_head_json":{"title":"Meat inspection from the pathologist\u2019s perspective - Hut\u00ffra Ferenc K\u00f6nyvt\u00e1r, Lev\u00e9lt\u00e1r \u00e9s M\u00fazeum","robots":{"index":"index","follow":"follow","max-snippet":"max-snippet:-1","max-image-preview":"max-image-preview:large","max-video-preview":"max-video-preview:-1"},"canonical":"https:\/\/univet.hu\/konyvtar\/en\/museum\/exhibition-history-list\/meat-inspection-exhibition\/","og_locale":"en_US","og_type":"article","og_title":"Meat inspection from the pathologist\u2019s perspective - Hut\u00ffra Ferenc K\u00f6nyvt\u00e1r, Lev\u00e9lt\u00e1r \u00e9s M\u00fazeum","og_description":"A selection from the material of the Pathology Museum and the \u201eColour atlas of veterinary pathology\u201d Meat inspection is one of the most important applications of veterinary pathology. The beginnings of official meat inspection date back to the second half of the 19th century in Hungary. The law regarding public health (no. 14 of 1876)","og_url":"https:\/\/univet.hu\/konyvtar\/en\/museum\/exhibition-history-list\/meat-inspection-exhibition\/","og_site_name":"Hut\u00ffra Ferenc K\u00f6nyvt\u00e1r, Lev\u00e9lt\u00e1r \u00e9s M\u00fazeum","article_modified_time":"2026-01-12T12:55:17+00:00","twitter_card":"summary_large_image","twitter_misc":{"Est. reading time":"5 minutes"},"schema":{"@context":"https:\/\/schema.org","@graph":[{"@type":"WebPage","@id":"https:\/\/univet.hu\/konyvtar\/en\/museum\/exhibition-history-list\/meat-inspection-exhibition\/","url":"https:\/\/univet.hu\/konyvtar\/en\/museum\/exhibition-history-list\/meat-inspection-exhibition\/","name":"Meat inspection from the pathologist\u2019s perspective - Hut\u00ffra Ferenc K\u00f6nyvt\u00e1r, Lev\u00e9lt\u00e1r \u00e9s M\u00fazeum","isPartOf":{"@id":"https:\/\/univet.hu\/konyvtar\/#website"},"datePublished":"2025-07-10T19:13:42+00:00","dateModified":"2026-01-12T12:55:17+00:00","breadcrumb":{"@id":"https:\/\/univet.hu\/konyvtar\/en\/museum\/exhibition-history-list\/meat-inspection-exhibition\/#breadcrumb"},"inLanguage":"en-US","potentialAction":[{"@type":"ReadAction","target":["https:\/\/univet.hu\/konyvtar\/en\/museum\/exhibition-history-list\/meat-inspection-exhibition\/"]}]},{"@type":"BreadcrumbList","@id":"https:\/\/univet.hu\/konyvtar\/en\/museum\/exhibition-history-list\/meat-inspection-exhibition\/#breadcrumb","itemListElement":[{"@type":"ListItem","position":1,"name":"Kezd\u0151lap","item":"https:\/\/univet.hu\/konyvtar\/"},{"@type":"ListItem","position":2,"name":"Museum","item":"https:\/\/univet.hu\/konyvtar\/en\/museum\/"},{"@type":"ListItem","position":3,"name":"Exhibition history list","item":"https:\/\/univet.hu\/konyvtar\/en\/museum\/exhibition-history-list\/"},{"@type":"ListItem","position":4,"name":"Meat inspection from the pathologist\u2019s perspective"}]},{"@type":"WebSite","@id":"https:\/\/univet.hu\/konyvtar\/#website","url":"https:\/\/univet.hu\/konyvtar\/","name":"Hut\u00ffra Ferenc K\u00f6nyvt\u00e1r, Lev\u00e9lt\u00e1r \u00e9s M\u00fazeum","description":"","potentialAction":[{"@type":"SearchAction","target":{"@type":"EntryPoint","urlTemplate":"https:\/\/univet.hu\/konyvtar\/?s={search_term_string}"},"query-input":{"@type":"PropertyValueSpecification","valueRequired":true,"valueName":"search_term_string"}}],"inLanguage":"en-US"}]}},"_links":{"self":[{"href":"https:\/\/univet.hu\/konyvtar\/en\/wp-json\/wp\/v2\/pages\/600","targetHints":{"allow":["GET"]}}],"collection":[{"href":"https:\/\/univet.hu\/konyvtar\/en\/wp-json\/wp\/v2\/pages"}],"about":[{"href":"https:\/\/univet.hu\/konyvtar\/en\/wp-json\/wp\/v2\/types\/page"}],"author":[{"embeddable":true,"href":"https:\/\/univet.hu\/konyvtar\/en\/wp-json\/wp\/v2\/users\/4333"}],"replies":[{"embeddable":true,"href":"https:\/\/univet.hu\/konyvtar\/en\/wp-json\/wp\/v2\/comments?post=600"}],"version-history":[{"count":1,"href":"https:\/\/univet.hu\/konyvtar\/en\/wp-json\/wp\/v2\/pages\/600\/revisions"}],"predecessor-version":[{"id":603,"href":"https:\/\/univet.hu\/konyvtar\/en\/wp-json\/wp\/v2\/pages\/600\/revisions\/603"}],"up":[{"embeddable":true,"href":"https:\/\/univet.hu\/konyvtar\/en\/wp-json\/wp\/v2\/pages\/589"}],"wp:attachment":[{"href":"https:\/\/univet.hu\/konyvtar\/en\/wp-json\/wp\/v2\/media?parent=600"}],"wp:term":[{"taxonomy":"category","embeddable":true,"href":"https:\/\/univet.hu\/konyvtar\/en\/wp-json\/wp\/v2\/categories?post=600"},{"taxonomy":"post_tag","embeddable":true,"href":"https:\/\/univet.hu\/konyvtar\/en\/wp-json\/wp\/v2\/tags?post=600"}],"curies":[{"name":"wp","href":"https:\/\/api.w.org\/{rel}","templated":true}]}}