{"id":604,"date":"2025-07-10T21:17:56","date_gmt":"2025-07-10T19:17:56","guid":{"rendered":"https:\/\/univet.hu\/konyvtar\/?page_id=604"},"modified":"2026-01-12T13:55:18","modified_gmt":"2026-01-12T12:55:18","slug":"piano-and-horseshoeing","status":"publish","type":"page","link":"https:\/\/univet.hu\/konyvtar\/en\/museum\/exhibition-history-list\/piano-and-horseshoeing\/","title":{"rendered":"Piano and horseshoeing"},"content":{"rendered":"<p>Science and art in the life of the Varga and N\u00e1daskay families in the 19th and 20th centuries Poster<\/p> <p>15th of October 2009 \u2013 30th of June 2010<\/p> <p>&nbsp;<\/p> <p>In 1885 Franz Liszt visited Ferenc Varga, a professor of the veterinary school, at his home in R\u00e1kospalota \u2013 reported the social column of a newspaper. Where have they met first? How did Liszt get to the Varga family? Where was the villa? Does it still exist? Who were present? A number of exciting questions which show that even the brief report of a social event may condense the wealth of Hungarian science and culture.<\/p> <p>The answers to the questions were given by Mikl\u00f3s Szilv\u00e1si, a collector of Liszt relics and information. He was aided by Gy\u00f6rgyn\u00e9 Csan\u00e1di, Istv\u00e1nn\u00e9 Gergely, Gyula K\u00e1lm\u00e1n, \u00c1rp\u00e1d Kassai, Istv\u00e1nn\u00e9 T\u00fc\u0171 and many others.<\/p> <p>The exhibition is a commemoration to Ferenc Varga, DVM, Franciska T\u00e9ly (his wife), B\u00e9la N\u00e1daskay (his step son), Vilma Varga (his daughter) and disciple of Liszt. Mikl\u00f3s Szilv\u00e1si, who gathered the material of the exhibition, is visually impaired. He would have liked to have his exhibition in the permanent exhibition room of the visually impaired. It is a pity, there is no such place yet.<\/p> <p>The exhibition opens on 15th October 2009 and will close on 15th March 2010. Visually impaired people are welcome. There is an audio guide to the exhibition; explanations in Braille and an exciting touchable collection are made available.<\/p> <p>&nbsp;<\/p> <p><iframe loading=\"lazy\" title=\"Zongora_es_patkolastan.wmv\" width=\"1280\" height=\"960\" src=\"https:\/\/www.youtube.com\/embed\/6l0lQatziJ4?feature=oembed\" frameborder=\"0\" allow=\"accelerometer; autoplay; clipboard-write; encrypted-media; gyroscope; picture-in-picture; web-share\" referrerpolicy=\"strict-origin-when-cross-origin\" allowfullscreen><\/iframe><\/p>","protected":false},"excerpt":{"rendered":"<p>Science and art in the life of the Varga and N\u00e1daskay families in the 19th and 20th centuries Poster 15th of October 2009 \u2013 30th of June 2010 &nbsp; In 1885 Franz Liszt visited Ferenc Varga, a professor of the veterinary school, at his home in R\u00e1kospalota \u2013 reported the social column of a newspaper.<\/p>\n","protected":false},"author":4333,"featured_media":0,"parent":589,"menu_order":0,"comment_status":"closed","ping_status":"closed","template":"","meta":{"_acf_changed":false,"_eb_attr":"","footnotes":""},"categories":[33],"tags":[],"class_list":["post-604","page","type-page","status-publish","hentry","category-muzeum-2"],"acf":[],"yoast_head":"<!-- This site is optimized with the Yoast SEO plugin v27.2 - https:\/\/yoast.com\/product\/yoast-seo-wordpress\/ -->\n<title>Piano and horseshoeing - Hut\u00ffra Ferenc K\u00f6nyvt\u00e1r, Lev\u00e9lt\u00e1r \u00e9s M\u00fazeum<\/title>\n<meta name=\"robots\" content=\"index, follow, max-snippet:-1, max-image-preview:large, max-video-preview:-1\" \/>\n<link rel=\"canonical\" href=\"https:\/\/univet.hu\/konyvtar\/en\/museum\/exhibition-history-list\/piano-and-horseshoeing\/\" \/>\n<meta property=\"og:locale\" content=\"en_US\" \/>\n<meta property=\"og:type\" content=\"article\" \/>\n<meta property=\"og:title\" content=\"Piano and horseshoeing - Hut\u00ffra Ferenc K\u00f6nyvt\u00e1r, Lev\u00e9lt\u00e1r \u00e9s M\u00fazeum\" \/>\n<meta property=\"og:description\" content=\"Science and art in the life of the Varga and N\u00e1daskay families in the 19th and 20th centuries Poster 15th of October 2009 \u2013 30th of June 2010 &nbsp; In 1885 Franz Liszt visited Ferenc Varga, a professor of the veterinary school, at his home in R\u00e1kospalota \u2013 reported the social column of a newspaper.\" \/>\n<meta property=\"og:url\" content=\"https:\/\/univet.hu\/konyvtar\/en\/museum\/exhibition-history-list\/piano-and-horseshoeing\/\" \/>\n<meta property=\"og:site_name\" content=\"Hut\u00ffra Ferenc K\u00f6nyvt\u00e1r, Lev\u00e9lt\u00e1r \u00e9s M\u00fazeum\" \/>\n<meta property=\"article:modified_time\" content=\"2026-01-12T12:55:18+00:00\" \/>\n<meta name=\"twitter:card\" content=\"summary_large_image\" \/>\n<meta name=\"twitter:label1\" content=\"Est. reading time\" \/>\n\t<meta name=\"twitter:data1\" content=\"2 minutes\" \/>\n<script type=\"application\/ld+json\" class=\"yoast-schema-graph\">{\"@context\":\"https:\/\/schema.org\",\"@graph\":[{\"@type\":\"WebPage\",\"@id\":\"https:\/\/univet.hu\/konyvtar\/en\/museum\/exhibition-history-list\/piano-and-horseshoeing\/\",\"url\":\"https:\/\/univet.hu\/konyvtar\/en\/museum\/exhibition-history-list\/piano-and-horseshoeing\/\",\"name\":\"Piano and horseshoeing - Hut\u00ffra Ferenc K\u00f6nyvt\u00e1r, Lev\u00e9lt\u00e1r \u00e9s M\u00fazeum\",\"isPartOf\":{\"@id\":\"https:\/\/univet.hu\/konyvtar\/#website\"},\"datePublished\":\"2025-07-10T19:17:56+00:00\",\"dateModified\":\"2026-01-12T12:55:18+00:00\",\"breadcrumb\":{\"@id\":\"https:\/\/univet.hu\/konyvtar\/en\/museum\/exhibition-history-list\/piano-and-horseshoeing\/#breadcrumb\"},\"inLanguage\":\"en-US\",\"potentialAction\":[{\"@type\":\"ReadAction\",\"target\":[\"https:\/\/univet.hu\/konyvtar\/en\/museum\/exhibition-history-list\/piano-and-horseshoeing\/\"]}]},{\"@type\":\"BreadcrumbList\",\"@id\":\"https:\/\/univet.hu\/konyvtar\/en\/museum\/exhibition-history-list\/piano-and-horseshoeing\/#breadcrumb\",\"itemListElement\":[{\"@type\":\"ListItem\",\"position\":1,\"name\":\"Kezd\u0151lap\",\"item\":\"https:\/\/univet.hu\/konyvtar\/\"},{\"@type\":\"ListItem\",\"position\":2,\"name\":\"Museum\",\"item\":\"https:\/\/univet.hu\/konyvtar\/en\/museum\/\"},{\"@type\":\"ListItem\",\"position\":3,\"name\":\"Exhibition history list\",\"item\":\"https:\/\/univet.hu\/konyvtar\/en\/museum\/exhibition-history-list\/\"},{\"@type\":\"ListItem\",\"position\":4,\"name\":\"Piano and horseshoeing\"}]},{\"@type\":\"WebSite\",\"@id\":\"https:\/\/univet.hu\/konyvtar\/#website\",\"url\":\"https:\/\/univet.hu\/konyvtar\/\",\"name\":\"Hut\u00ffra Ferenc K\u00f6nyvt\u00e1r, Lev\u00e9lt\u00e1r \u00e9s M\u00fazeum\",\"description\":\"\",\"potentialAction\":[{\"@type\":\"SearchAction\",\"target\":{\"@type\":\"EntryPoint\",\"urlTemplate\":\"https:\/\/univet.hu\/konyvtar\/?s={search_term_string}\"},\"query-input\":{\"@type\":\"PropertyValueSpecification\",\"valueRequired\":true,\"valueName\":\"search_term_string\"}}],\"inLanguage\":\"en-US\"}]}<\/script>\n<!-- \/ Yoast SEO plugin. -->","yoast_head_json":{"title":"Piano and horseshoeing - Hut\u00ffra Ferenc K\u00f6nyvt\u00e1r, Lev\u00e9lt\u00e1r \u00e9s M\u00fazeum","robots":{"index":"index","follow":"follow","max-snippet":"max-snippet:-1","max-image-preview":"max-image-preview:large","max-video-preview":"max-video-preview:-1"},"canonical":"https:\/\/univet.hu\/konyvtar\/en\/museum\/exhibition-history-list\/piano-and-horseshoeing\/","og_locale":"en_US","og_type":"article","og_title":"Piano and horseshoeing - Hut\u00ffra Ferenc K\u00f6nyvt\u00e1r, Lev\u00e9lt\u00e1r \u00e9s M\u00fazeum","og_description":"Science and art in the life of the Varga and N\u00e1daskay families in the 19th and 20th centuries Poster 15th of October 2009 \u2013 30th of June 2010 &nbsp; In 1885 Franz Liszt visited Ferenc Varga, a professor of the veterinary school, at his home in R\u00e1kospalota \u2013 reported the social column of a newspaper.","og_url":"https:\/\/univet.hu\/konyvtar\/en\/museum\/exhibition-history-list\/piano-and-horseshoeing\/","og_site_name":"Hut\u00ffra Ferenc K\u00f6nyvt\u00e1r, Lev\u00e9lt\u00e1r \u00e9s M\u00fazeum","article_modified_time":"2026-01-12T12:55:18+00:00","twitter_card":"summary_large_image","twitter_misc":{"Est. reading time":"2 minutes"},"schema":{"@context":"https:\/\/schema.org","@graph":[{"@type":"WebPage","@id":"https:\/\/univet.hu\/konyvtar\/en\/museum\/exhibition-history-list\/piano-and-horseshoeing\/","url":"https:\/\/univet.hu\/konyvtar\/en\/museum\/exhibition-history-list\/piano-and-horseshoeing\/","name":"Piano and horseshoeing - Hut\u00ffra Ferenc K\u00f6nyvt\u00e1r, Lev\u00e9lt\u00e1r \u00e9s M\u00fazeum","isPartOf":{"@id":"https:\/\/univet.hu\/konyvtar\/#website"},"datePublished":"2025-07-10T19:17:56+00:00","dateModified":"2026-01-12T12:55:18+00:00","breadcrumb":{"@id":"https:\/\/univet.hu\/konyvtar\/en\/museum\/exhibition-history-list\/piano-and-horseshoeing\/#breadcrumb"},"inLanguage":"en-US","potentialAction":[{"@type":"ReadAction","target":["https:\/\/univet.hu\/konyvtar\/en\/museum\/exhibition-history-list\/piano-and-horseshoeing\/"]}]},{"@type":"BreadcrumbList","@id":"https:\/\/univet.hu\/konyvtar\/en\/museum\/exhibition-history-list\/piano-and-horseshoeing\/#breadcrumb","itemListElement":[{"@type":"ListItem","position":1,"name":"Kezd\u0151lap","item":"https:\/\/univet.hu\/konyvtar\/"},{"@type":"ListItem","position":2,"name":"Museum","item":"https:\/\/univet.hu\/konyvtar\/en\/museum\/"},{"@type":"ListItem","position":3,"name":"Exhibition history list","item":"https:\/\/univet.hu\/konyvtar\/en\/museum\/exhibition-history-list\/"},{"@type":"ListItem","position":4,"name":"Piano and horseshoeing"}]},{"@type":"WebSite","@id":"https:\/\/univet.hu\/konyvtar\/#website","url":"https:\/\/univet.hu\/konyvtar\/","name":"Hut\u00ffra Ferenc K\u00f6nyvt\u00e1r, Lev\u00e9lt\u00e1r \u00e9s M\u00fazeum","description":"","potentialAction":[{"@type":"SearchAction","target":{"@type":"EntryPoint","urlTemplate":"https:\/\/univet.hu\/konyvtar\/?s={search_term_string}"},"query-input":{"@type":"PropertyValueSpecification","valueRequired":true,"valueName":"search_term_string"}}],"inLanguage":"en-US"}]}},"_links":{"self":[{"href":"https:\/\/univet.hu\/konyvtar\/en\/wp-json\/wp\/v2\/pages\/604","targetHints":{"allow":["GET"]}}],"collection":[{"href":"https:\/\/univet.hu\/konyvtar\/en\/wp-json\/wp\/v2\/pages"}],"about":[{"href":"https:\/\/univet.hu\/konyvtar\/en\/wp-json\/wp\/v2\/types\/page"}],"author":[{"embeddable":true,"href":"https:\/\/univet.hu\/konyvtar\/en\/wp-json\/wp\/v2\/users\/4333"}],"replies":[{"embeddable":true,"href":"https:\/\/univet.hu\/konyvtar\/en\/wp-json\/wp\/v2\/comments?post=604"}],"version-history":[{"count":1,"href":"https:\/\/univet.hu\/konyvtar\/en\/wp-json\/wp\/v2\/pages\/604\/revisions"}],"predecessor-version":[{"id":605,"href":"https:\/\/univet.hu\/konyvtar\/en\/wp-json\/wp\/v2\/pages\/604\/revisions\/605"}],"up":[{"embeddable":true,"href":"https:\/\/univet.hu\/konyvtar\/en\/wp-json\/wp\/v2\/pages\/589"}],"wp:attachment":[{"href":"https:\/\/univet.hu\/konyvtar\/en\/wp-json\/wp\/v2\/media?parent=604"}],"wp:term":[{"taxonomy":"category","embeddable":true,"href":"https:\/\/univet.hu\/konyvtar\/en\/wp-json\/wp\/v2\/categories?post=604"},{"taxonomy":"post_tag","embeddable":true,"href":"https:\/\/univet.hu\/konyvtar\/en\/wp-json\/wp\/v2\/tags?post=604"}],"curies":[{"name":"wp","href":"https:\/\/api.w.org\/{rel}","templated":true}]}}