{"id":606,"date":"2025-07-10T21:24:58","date_gmt":"2025-07-10T19:24:58","guid":{"rendered":"https:\/\/univet.hu\/konyvtar\/?page_id=606"},"modified":"2026-01-12T13:55:18","modified_gmt":"2026-01-12T12:55:18","slug":"exhibition-2011","status":"publish","type":"page","link":"https:\/\/univet.hu\/konyvtar\/en\/museum\/exhibition-history-list\/exhibition-2011\/","title":{"rendered":"World renowned achievements of Hungarian veterinary science"},"content":{"rendered":"<ul> <li><a href=\"https:\/\/univet.hu\/konyvtar\/en\/?attachment_id=619\">Giants of microbiology and the Hungarian Royal State Institute of Bacteriology<\/a><\/li> <li><a href=\"https:\/\/univet.hu\/konyvtar\/en\/?attachment_id=616\">Inventors and innovators<\/a><\/li> <li><a href=\"https:\/\/univet.hu\/konyvtar\/en\/?attachment_id=613\">The work of Ferenc Hutyra and J\u00f3zsef Marek<\/a><\/li> <li><a href=\"https:\/\/univet.hu\/konyvtar\/en\/?attachment_id=610\">On the international stage<\/a><\/li> <li><a href=\"https:\/\/univet.hu\/konyvtar\/en\/?attachment_id=607\">Masters and students<\/a><\/li> <\/ul> <p>In Hungary the first and ever since the only veterinary training institution was founded in 1787 which may also be considered as the beginning of veterinary science. Alexander Tolnay, founder of the veterinary school, returned to Hungary from Vienna with the works of his professor Wolstein in his package and laid the foundations of Hungarian veterinary terminology by translating these books.<\/p> <p>The training of veterinarians developed in close connection with animal health in Hungary. Vilmos Zlam\u00e1l, professor of the veterinary department and clinic, had become the first chief veterinarian (\u201eregni veterinarius\u201d in 1838) and his followers also played an important role in the scientific support of veterinary service, in the elimination of devastating epidemics, in the organization of an effective veterinary and food control service, and in the elaboration of its legal background.<\/p> <p>Fighting devastating animal diseases and epidemics had an outstanding economic significance already in the 19th century, and freedom of the diseases is an important competitive edge in the international market. The series of discoveries in microbiology marked a new era in the development of medicine which had always inspired veterinarians. Difficulties arising and the scientific solutions which came into being to overcome these have spurred the dedicated professors of the Hungarian Royal Veterinary School, Academy and later College with outstanding talents for fantastic achievements which took Hungarian veterinary science and animal health to the forefront of the world. There were two decisive personalities of the period, Ferenc Hut\u00ffra, the long-sited organiser, and Jozsef Marek, the inventive scholar.<\/p> <p>The most concentrated presentation of Hungarian veterinary science took place at the turn of the 19-20th centuries at exhibitions and congresses. The discoveries and inventions including diseases, bacteria, viruses, procedures, medicines, and tools, are still named after the representatives of this period all over the world, and made Hungarian veterinary science well-known. There is also an important circulation of knowledge that has always characterized our veterinary school. Our professors have been visiting foreign institutions and still do so to incorporate best practices into training, or to participate in international research projects. Our students also wonder the world or come from different countries and return there taking the experience and knowledge of 225 years with them.<\/p> <p>&nbsp;<\/p> <p>They helped to create the exhibition:<\/p> <ul> <li>Dr. Bakonyi Tam\u00e1s<\/li> <li>Dr. Ball\u00e1sch Alajos<\/li> <li>Dr. Fekete S\u00e1ndor<\/li> <li>Dr. Fodor L\u00e1szl\u00f3<\/li> <li>Dr. Hull\u00e1r Istv\u00e1n<\/li> <li>Dr. Izing Simon<\/li> <li>Juh\u00e1sz D\u00e1vid<\/li> <li>Dr. K\u00f3tai Istv\u00e1n<\/li> <li>Dr. Majoros G\u00e1bor<\/li> <li>Dr. M\u00e1ndoki M\u00edra<\/li> <li>N\u00e9gyesi Barbara<\/li> <li>Dr. Per\u00e9nyi J\u00e1nos<\/li> <li>Dr. Per\u00e9nyin\u00e9 Dob\u00f3v\u00e1ri Judit<\/li> <li>Siba L\u00e1szl\u00f3<\/li> <li>Dr. S\u00f3tonyi P\u00e9ter<\/li> <li>Szab\u00e1ra L\u00e1szl\u00f3<\/li> <li>Dr. Szenci Ott\u00f3<\/li> <li>Szlat\u00e9nyi Magdolna<\/li> <li>Dr. Vet\u00e9si Ferenc<\/li> <li>Dr. V\u00f6r\u00f6s K\u00e1roly<\/li> <\/ul> <p>Curator of the exhibition: Orb\u00e1n \u00c9va<\/p> <p>16 October 2011<\/p> <p><a href=\"https:\/\/univet.hu\/konyvtar\/en\/museum\/world-renowned-achievements-of-hungarian-veterinary-science\/225-1024x512-2\/\" rel=\"attachment wp-att-351\"><img loading=\"lazy\" decoding=\"async\" class=\"alignnone size-full wp-image-351\" src=\"https:\/\/univet.hu\/konyvtar\/wp-content\/uploads\/sites\/17\/2025\/07\/225-1024x512-1.jpg\" alt=\"\" width=\"1024\" height=\"512\" srcset=\"https:\/\/univet.hu\/konyvtar\/wp-content\/uploads\/sites\/17\/2025\/07\/225-1024x512-1.jpg 1024w, https:\/\/univet.hu\/konyvtar\/wp-content\/uploads\/sites\/17\/2025\/07\/225-1024x512-1-300x150.jpg 300w, https:\/\/univet.hu\/konyvtar\/wp-content\/uploads\/sites\/17\/2025\/07\/225-1024x512-1-768x384.jpg 768w, https:\/\/univet.hu\/konyvtar\/wp-content\/uploads\/sites\/17\/2025\/07\/225-1024x512-1-440x220.jpg 440w\" sizes=\"auto, (max-width: 1024px) 100vw, 1024px\" \/><\/a><\/p>","protected":false},"excerpt":{"rendered":"<p>Giants of microbiology and the Hungarian Royal State Institute of Bacteriology Inventors and innovators The work of Ferenc Hutyra and J\u00f3zsef Marek On the international stage Masters and students In Hungary the first and ever since the only veterinary training institution was founded in 1787 which may also be considered as the beginning of veterinary<\/p>\n","protected":false},"author":4333,"featured_media":0,"parent":589,"menu_order":0,"comment_status":"closed","ping_status":"closed","template":"","meta":{"_acf_changed":false,"_eb_attr":"","footnotes":""},"categories":[33],"tags":[],"class_list":["post-606","page","type-page","status-publish","hentry","category-muzeum-2"],"acf":[],"yoast_head":"<!-- This site is optimized with the Yoast SEO plugin v27.2 - https:\/\/yoast.com\/product\/yoast-seo-wordpress\/ -->\n<title>World renowned achievements of Hungarian veterinary science - Hut\u00ffra Ferenc K\u00f6nyvt\u00e1r, Lev\u00e9lt\u00e1r \u00e9s M\u00fazeum<\/title>\n<meta name=\"robots\" content=\"index, follow, max-snippet:-1, max-image-preview:large, max-video-preview:-1\" \/>\n<link rel=\"canonical\" href=\"https:\/\/univet.hu\/konyvtar\/en\/museum\/exhibition-history-list\/exhibition-2011\/\" \/>\n<meta property=\"og:locale\" content=\"en_US\" \/>\n<meta property=\"og:type\" content=\"article\" \/>\n<meta property=\"og:title\" content=\"World renowned achievements of Hungarian veterinary science - Hut\u00ffra Ferenc K\u00f6nyvt\u00e1r, Lev\u00e9lt\u00e1r \u00e9s M\u00fazeum\" \/>\n<meta property=\"og:description\" content=\"Giants of microbiology and the Hungarian Royal State Institute of Bacteriology Inventors and innovators The work of Ferenc Hutyra and J\u00f3zsef Marek On the international stage Masters and students In Hungary the first and ever since the only veterinary training institution was founded in 1787 which may also be considered as the beginning of veterinary\" \/>\n<meta property=\"og:url\" content=\"https:\/\/univet.hu\/konyvtar\/en\/museum\/exhibition-history-list\/exhibition-2011\/\" \/>\n<meta property=\"og:site_name\" content=\"Hut\u00ffra Ferenc K\u00f6nyvt\u00e1r, Lev\u00e9lt\u00e1r \u00e9s M\u00fazeum\" \/>\n<meta property=\"article:modified_time\" content=\"2026-01-12T12:55:18+00:00\" \/>\n<meta property=\"og:image\" content=\"https:\/\/univet.hu\/konyvtar\/wp-content\/uploads\/sites\/17\/2025\/07\/225-1024x512-1.jpg\" \/>\n\t<meta property=\"og:image:width\" content=\"1024\" \/>\n\t<meta property=\"og:image:height\" content=\"512\" \/>\n\t<meta property=\"og:image:type\" content=\"image\/jpeg\" \/>\n<meta name=\"twitter:card\" content=\"summary_large_image\" \/>\n<meta name=\"twitter:label1\" content=\"Est. reading time\" \/>\n\t<meta name=\"twitter:data1\" content=\"3 minutes\" \/>\n<script type=\"application\/ld+json\" class=\"yoast-schema-graph\">{\"@context\":\"https:\/\/schema.org\",\"@graph\":[{\"@type\":\"WebPage\",\"@id\":\"https:\/\/univet.hu\/konyvtar\/en\/museum\/exhibition-history-list\/exhibition-2011\/\",\"url\":\"https:\/\/univet.hu\/konyvtar\/en\/museum\/exhibition-history-list\/exhibition-2011\/\",\"name\":\"World renowned achievements of Hungarian veterinary science - Hut\u00ffra Ferenc K\u00f6nyvt\u00e1r, Lev\u00e9lt\u00e1r \u00e9s M\u00fazeum\",\"isPartOf\":{\"@id\":\"https:\/\/univet.hu\/konyvtar\/#website\"},\"primaryImageOfPage\":{\"@id\":\"https:\/\/univet.hu\/konyvtar\/en\/museum\/exhibition-history-list\/exhibition-2011\/#primaryimage\"},\"image\":{\"@id\":\"https:\/\/univet.hu\/konyvtar\/en\/museum\/exhibition-history-list\/exhibition-2011\/#primaryimage\"},\"thumbnailUrl\":\"https:\/\/univet.hu\/konyvtar\/wp-content\/uploads\/sites\/17\/2025\/07\/225-1024x512-1.jpg\",\"datePublished\":\"2025-07-10T19:24:58+00:00\",\"dateModified\":\"2026-01-12T12:55:18+00:00\",\"breadcrumb\":{\"@id\":\"https:\/\/univet.hu\/konyvtar\/en\/museum\/exhibition-history-list\/exhibition-2011\/#breadcrumb\"},\"inLanguage\":\"en-US\",\"potentialAction\":[{\"@type\":\"ReadAction\",\"target\":[\"https:\/\/univet.hu\/konyvtar\/en\/museum\/exhibition-history-list\/exhibition-2011\/\"]}]},{\"@type\":\"ImageObject\",\"inLanguage\":\"en-US\",\"@id\":\"https:\/\/univet.hu\/konyvtar\/en\/museum\/exhibition-history-list\/exhibition-2011\/#primaryimage\",\"url\":\"https:\/\/univet.hu\/konyvtar\/wp-content\/uploads\/sites\/17\/2025\/07\/225-1024x512-1.jpg\",\"contentUrl\":\"https:\/\/univet.hu\/konyvtar\/wp-content\/uploads\/sites\/17\/2025\/07\/225-1024x512-1.jpg\"},{\"@type\":\"BreadcrumbList\",\"@id\":\"https:\/\/univet.hu\/konyvtar\/en\/museum\/exhibition-history-list\/exhibition-2011\/#breadcrumb\",\"itemListElement\":[{\"@type\":\"ListItem\",\"position\":1,\"name\":\"Kezd\u0151lap\",\"item\":\"https:\/\/univet.hu\/konyvtar\/\"},{\"@type\":\"ListItem\",\"position\":2,\"name\":\"Museum\",\"item\":\"https:\/\/univet.hu\/konyvtar\/en\/museum\/\"},{\"@type\":\"ListItem\",\"position\":3,\"name\":\"Exhibition history list\",\"item\":\"https:\/\/univet.hu\/konyvtar\/en\/museum\/exhibition-history-list\/\"},{\"@type\":\"ListItem\",\"position\":4,\"name\":\"World renowned achievements of Hungarian veterinary science\"}]},{\"@type\":\"WebSite\",\"@id\":\"https:\/\/univet.hu\/konyvtar\/#website\",\"url\":\"https:\/\/univet.hu\/konyvtar\/\",\"name\":\"Hut\u00ffra Ferenc K\u00f6nyvt\u00e1r, Lev\u00e9lt\u00e1r \u00e9s M\u00fazeum\",\"description\":\"\",\"potentialAction\":[{\"@type\":\"SearchAction\",\"target\":{\"@type\":\"EntryPoint\",\"urlTemplate\":\"https:\/\/univet.hu\/konyvtar\/?s={search_term_string}\"},\"query-input\":{\"@type\":\"PropertyValueSpecification\",\"valueRequired\":true,\"valueName\":\"search_term_string\"}}],\"inLanguage\":\"en-US\"}]}<\/script>\n<!-- \/ Yoast SEO plugin. -->","yoast_head_json":{"title":"World renowned achievements of Hungarian veterinary science - Hut\u00ffra Ferenc K\u00f6nyvt\u00e1r, Lev\u00e9lt\u00e1r \u00e9s M\u00fazeum","robots":{"index":"index","follow":"follow","max-snippet":"max-snippet:-1","max-image-preview":"max-image-preview:large","max-video-preview":"max-video-preview:-1"},"canonical":"https:\/\/univet.hu\/konyvtar\/en\/museum\/exhibition-history-list\/exhibition-2011\/","og_locale":"en_US","og_type":"article","og_title":"World renowned achievements of Hungarian veterinary science - Hut\u00ffra Ferenc K\u00f6nyvt\u00e1r, Lev\u00e9lt\u00e1r \u00e9s M\u00fazeum","og_description":"Giants of microbiology and the Hungarian Royal State Institute of Bacteriology Inventors and innovators The work of Ferenc Hutyra and J\u00f3zsef Marek On the international stage Masters and students In Hungary the first and ever since the only veterinary training institution was founded in 1787 which may also be considered as the beginning of veterinary","og_url":"https:\/\/univet.hu\/konyvtar\/en\/museum\/exhibition-history-list\/exhibition-2011\/","og_site_name":"Hut\u00ffra Ferenc K\u00f6nyvt\u00e1r, Lev\u00e9lt\u00e1r \u00e9s M\u00fazeum","article_modified_time":"2026-01-12T12:55:18+00:00","og_image":[{"width":1024,"height":512,"url":"https:\/\/univet.hu\/konyvtar\/wp-content\/uploads\/sites\/17\/2025\/07\/225-1024x512-1.jpg","type":"image\/jpeg"}],"twitter_card":"summary_large_image","twitter_misc":{"Est. reading time":"3 minutes"},"schema":{"@context":"https:\/\/schema.org","@graph":[{"@type":"WebPage","@id":"https:\/\/univet.hu\/konyvtar\/en\/museum\/exhibition-history-list\/exhibition-2011\/","url":"https:\/\/univet.hu\/konyvtar\/en\/museum\/exhibition-history-list\/exhibition-2011\/","name":"World renowned achievements of Hungarian veterinary science - Hut\u00ffra Ferenc K\u00f6nyvt\u00e1r, Lev\u00e9lt\u00e1r \u00e9s M\u00fazeum","isPartOf":{"@id":"https:\/\/univet.hu\/konyvtar\/#website"},"primaryImageOfPage":{"@id":"https:\/\/univet.hu\/konyvtar\/en\/museum\/exhibition-history-list\/exhibition-2011\/#primaryimage"},"image":{"@id":"https:\/\/univet.hu\/konyvtar\/en\/museum\/exhibition-history-list\/exhibition-2011\/#primaryimage"},"thumbnailUrl":"https:\/\/univet.hu\/konyvtar\/wp-content\/uploads\/sites\/17\/2025\/07\/225-1024x512-1.jpg","datePublished":"2025-07-10T19:24:58+00:00","dateModified":"2026-01-12T12:55:18+00:00","breadcrumb":{"@id":"https:\/\/univet.hu\/konyvtar\/en\/museum\/exhibition-history-list\/exhibition-2011\/#breadcrumb"},"inLanguage":"en-US","potentialAction":[{"@type":"ReadAction","target":["https:\/\/univet.hu\/konyvtar\/en\/museum\/exhibition-history-list\/exhibition-2011\/"]}]},{"@type":"ImageObject","inLanguage":"en-US","@id":"https:\/\/univet.hu\/konyvtar\/en\/museum\/exhibition-history-list\/exhibition-2011\/#primaryimage","url":"https:\/\/univet.hu\/konyvtar\/wp-content\/uploads\/sites\/17\/2025\/07\/225-1024x512-1.jpg","contentUrl":"https:\/\/univet.hu\/konyvtar\/wp-content\/uploads\/sites\/17\/2025\/07\/225-1024x512-1.jpg"},{"@type":"BreadcrumbList","@id":"https:\/\/univet.hu\/konyvtar\/en\/museum\/exhibition-history-list\/exhibition-2011\/#breadcrumb","itemListElement":[{"@type":"ListItem","position":1,"name":"Kezd\u0151lap","item":"https:\/\/univet.hu\/konyvtar\/"},{"@type":"ListItem","position":2,"name":"Museum","item":"https:\/\/univet.hu\/konyvtar\/en\/museum\/"},{"@type":"ListItem","position":3,"name":"Exhibition history list","item":"https:\/\/univet.hu\/konyvtar\/en\/museum\/exhibition-history-list\/"},{"@type":"ListItem","position":4,"name":"World renowned achievements of Hungarian veterinary science"}]},{"@type":"WebSite","@id":"https:\/\/univet.hu\/konyvtar\/#website","url":"https:\/\/univet.hu\/konyvtar\/","name":"Hut\u00ffra Ferenc K\u00f6nyvt\u00e1r, Lev\u00e9lt\u00e1r \u00e9s M\u00fazeum","description":"","potentialAction":[{"@type":"SearchAction","target":{"@type":"EntryPoint","urlTemplate":"https:\/\/univet.hu\/konyvtar\/?s={search_term_string}"},"query-input":{"@type":"PropertyValueSpecification","valueRequired":true,"valueName":"search_term_string"}}],"inLanguage":"en-US"}]}},"_links":{"self":[{"href":"https:\/\/univet.hu\/konyvtar\/en\/wp-json\/wp\/v2\/pages\/606","targetHints":{"allow":["GET"]}}],"collection":[{"href":"https:\/\/univet.hu\/konyvtar\/en\/wp-json\/wp\/v2\/pages"}],"about":[{"href":"https:\/\/univet.hu\/konyvtar\/en\/wp-json\/wp\/v2\/types\/page"}],"author":[{"embeddable":true,"href":"https:\/\/univet.hu\/konyvtar\/en\/wp-json\/wp\/v2\/users\/4333"}],"replies":[{"embeddable":true,"href":"https:\/\/univet.hu\/konyvtar\/en\/wp-json\/wp\/v2\/comments?post=606"}],"version-history":[{"count":2,"href":"https:\/\/univet.hu\/konyvtar\/en\/wp-json\/wp\/v2\/pages\/606\/revisions"}],"predecessor-version":[{"id":623,"href":"https:\/\/univet.hu\/konyvtar\/en\/wp-json\/wp\/v2\/pages\/606\/revisions\/623"}],"up":[{"embeddable":true,"href":"https:\/\/univet.hu\/konyvtar\/en\/wp-json\/wp\/v2\/pages\/589"}],"wp:attachment":[{"href":"https:\/\/univet.hu\/konyvtar\/en\/wp-json\/wp\/v2\/media?parent=606"}],"wp:term":[{"taxonomy":"category","embeddable":true,"href":"https:\/\/univet.hu\/konyvtar\/en\/wp-json\/wp\/v2\/categories?post=606"},{"taxonomy":"post_tag","embeddable":true,"href":"https:\/\/univet.hu\/konyvtar\/en\/wp-json\/wp\/v2\/tags?post=606"}],"curies":[{"name":"wp","href":"https:\/\/api.w.org\/{rel}","templated":true}]}}