{"id":639,"date":"2025-07-12T14:16:04","date_gmt":"2025-07-12T12:16:04","guid":{"rendered":"https:\/\/univet.hu\/konyvtar\/?page_id=639"},"modified":"2026-01-12T13:55:18","modified_gmt":"2026-01-12T12:55:18","slug":"night-of-museums","status":"publish","type":"page","link":"https:\/\/univet.hu\/konyvtar\/en\/museum\/night-of-museums\/","title":{"rendered":"Night of Museums"},"content":{"rendered":"<p>The Veterinary History Collection, more specifically the University of Veterinary Medicine (until 30 June 2016: SZIE Faculty of Veterinary Medicine) has been participating in the Night of Museums since 2010.<\/p> <p><a href=\"https:\/\/univet.hu\/konyvtar\/en\/museum\/night-of-museums\/kepernyokep-2025-07-12-141809\/\" rel=\"attachment wp-att-644\"><img loading=\"lazy\" decoding=\"async\" class=\"size-medium wp-image-644 alignright\" src=\"https:\/\/univet.hu\/konyvtar\/wp-content\/uploads\/sites\/17\/2025\/07\/Kepernyokep-2025-07-12-141809-300x189.png\" alt=\"\" width=\"300\" height=\"189\" srcset=\"https:\/\/univet.hu\/konyvtar\/wp-content\/uploads\/sites\/17\/2025\/07\/Kepernyokep-2025-07-12-141809-300x189.png 300w, https:\/\/univet.hu\/konyvtar\/wp-content\/uploads\/sites\/17\/2025\/07\/Kepernyokep-2025-07-12-141809-1024x645.png 1024w, https:\/\/univet.hu\/konyvtar\/wp-content\/uploads\/sites\/17\/2025\/07\/Kepernyokep-2025-07-12-141809-768x484.png 768w, https:\/\/univet.hu\/konyvtar\/wp-content\/uploads\/sites\/17\/2025\/07\/Kepernyokep-2025-07-12-141809.png 1136w\" sizes=\"auto, (max-width: 300px) 100vw, 300px\" \/><\/a><\/p> <p>In 2020, the event was cancelled due to the pandemic.<\/p> <p><strong>Programmes are only available in Hungarian.<\/strong><\/p>","protected":false},"excerpt":{"rendered":"<p>The Veterinary History Collection, more specifically the University of Veterinary Medicine (until 30 June 2016: SZIE Faculty of Veterinary Medicine) has been participating in the Night of Museums since 2010. In 2020, the event was cancelled due to the pandemic. Programmes are only available in Hungarian.<\/p>\n","protected":false},"author":4333,"featured_media":0,"parent":577,"menu_order":0,"comment_status":"closed","ping_status":"open","template":"","meta":{"_acf_changed":false,"_eb_attr":"","footnotes":""},"categories":[33],"tags":[],"class_list":["post-639","page","type-page","status-publish","hentry","category-muzeum-2"],"acf":[],"yoast_head":"<!-- This site is optimized with the Yoast SEO plugin v27.2 - https:\/\/yoast.com\/product\/yoast-seo-wordpress\/ -->\n<title>Night of Museums - Hut\u00ffra Ferenc K\u00f6nyvt\u00e1r, Lev\u00e9lt\u00e1r \u00e9s M\u00fazeum<\/title>\n<meta name=\"robots\" content=\"index, follow, max-snippet:-1, max-image-preview:large, max-video-preview:-1\" \/>\n<link rel=\"canonical\" href=\"https:\/\/univet.hu\/konyvtar\/en\/museum\/night-of-museums\/\" \/>\n<meta property=\"og:locale\" content=\"en_US\" \/>\n<meta property=\"og:type\" content=\"article\" \/>\n<meta property=\"og:title\" content=\"Night of Museums - Hut\u00ffra Ferenc K\u00f6nyvt\u00e1r, Lev\u00e9lt\u00e1r \u00e9s M\u00fazeum\" \/>\n<meta property=\"og:description\" content=\"The Veterinary History Collection, more specifically the University of Veterinary Medicine (until 30 June 2016: SZIE Faculty of Veterinary Medicine) has been participating in the Night of Museums since 2010. In 2020, the event was cancelled due to the pandemic. Programmes are only available in Hungarian.\" \/>\n<meta property=\"og:url\" content=\"https:\/\/univet.hu\/konyvtar\/en\/museum\/night-of-museums\/\" \/>\n<meta property=\"og:site_name\" content=\"Hut\u00ffra Ferenc K\u00f6nyvt\u00e1r, Lev\u00e9lt\u00e1r \u00e9s M\u00fazeum\" \/>\n<meta property=\"article:modified_time\" content=\"2026-01-12T12:55:18+00:00\" \/>\n<meta property=\"og:image\" content=\"https:\/\/univet.hu\/konyvtar\/wp-content\/uploads\/sites\/17\/2025\/07\/Kepernyokep-2025-07-12-141809.png\" \/>\n\t<meta property=\"og:image:width\" content=\"1136\" \/>\n\t<meta property=\"og:image:height\" content=\"716\" \/>\n\t<meta property=\"og:image:type\" content=\"image\/png\" \/>\n<meta name=\"twitter:card\" content=\"summary_large_image\" \/>\n<meta name=\"twitter:label1\" content=\"Est. reading time\" \/>\n\t<meta name=\"twitter:data1\" content=\"1 minute\" \/>\n<script type=\"application\/ld+json\" class=\"yoast-schema-graph\">{\"@context\":\"https:\/\/schema.org\",\"@graph\":[{\"@type\":\"WebPage\",\"@id\":\"https:\/\/univet.hu\/konyvtar\/en\/museum\/night-of-museums\/\",\"url\":\"https:\/\/univet.hu\/konyvtar\/en\/museum\/night-of-museums\/\",\"name\":\"Night of Museums - Hut\u00ffra Ferenc K\u00f6nyvt\u00e1r, Lev\u00e9lt\u00e1r \u00e9s M\u00fazeum\",\"isPartOf\":{\"@id\":\"https:\/\/univet.hu\/konyvtar\/#website\"},\"primaryImageOfPage\":{\"@id\":\"https:\/\/univet.hu\/konyvtar\/en\/museum\/night-of-museums\/#primaryimage\"},\"image\":{\"@id\":\"https:\/\/univet.hu\/konyvtar\/en\/museum\/night-of-museums\/#primaryimage\"},\"thumbnailUrl\":\"https:\/\/univet.hu\/konyvtar\/wp-content\/uploads\/sites\/17\/2025\/07\/Kepernyokep-2025-07-12-141809-300x189.png\",\"datePublished\":\"2025-07-12T12:16:04+00:00\",\"dateModified\":\"2026-01-12T12:55:18+00:00\",\"breadcrumb\":{\"@id\":\"https:\/\/univet.hu\/konyvtar\/en\/museum\/night-of-museums\/#breadcrumb\"},\"inLanguage\":\"en-US\",\"potentialAction\":[{\"@type\":\"ReadAction\",\"target\":[\"https:\/\/univet.hu\/konyvtar\/en\/museum\/night-of-museums\/\"]}]},{\"@type\":\"ImageObject\",\"inLanguage\":\"en-US\",\"@id\":\"https:\/\/univet.hu\/konyvtar\/en\/museum\/night-of-museums\/#primaryimage\",\"url\":\"https:\/\/univet.hu\/konyvtar\/wp-content\/uploads\/sites\/17\/2025\/07\/Kepernyokep-2025-07-12-141809-300x189.png\",\"contentUrl\":\"https:\/\/univet.hu\/konyvtar\/wp-content\/uploads\/sites\/17\/2025\/07\/Kepernyokep-2025-07-12-141809-300x189.png\"},{\"@type\":\"BreadcrumbList\",\"@id\":\"https:\/\/univet.hu\/konyvtar\/en\/museum\/night-of-museums\/#breadcrumb\",\"itemListElement\":[{\"@type\":\"ListItem\",\"position\":1,\"name\":\"Kezd\u0151lap\",\"item\":\"https:\/\/univet.hu\/konyvtar\/\"},{\"@type\":\"ListItem\",\"position\":2,\"name\":\"Museum\",\"item\":\"https:\/\/univet.hu\/konyvtar\/en\/museum\/\"},{\"@type\":\"ListItem\",\"position\":3,\"name\":\"Night of Museums\"}]},{\"@type\":\"WebSite\",\"@id\":\"https:\/\/univet.hu\/konyvtar\/#website\",\"url\":\"https:\/\/univet.hu\/konyvtar\/\",\"name\":\"Hut\u00ffra Ferenc K\u00f6nyvt\u00e1r, Lev\u00e9lt\u00e1r \u00e9s M\u00fazeum\",\"description\":\"\",\"potentialAction\":[{\"@type\":\"SearchAction\",\"target\":{\"@type\":\"EntryPoint\",\"urlTemplate\":\"https:\/\/univet.hu\/konyvtar\/?s={search_term_string}\"},\"query-input\":{\"@type\":\"PropertyValueSpecification\",\"valueRequired\":true,\"valueName\":\"search_term_string\"}}],\"inLanguage\":\"en-US\"}]}<\/script>\n<!-- \/ Yoast SEO plugin. -->","yoast_head_json":{"title":"Night of Museums - Hut\u00ffra Ferenc K\u00f6nyvt\u00e1r, Lev\u00e9lt\u00e1r \u00e9s M\u00fazeum","robots":{"index":"index","follow":"follow","max-snippet":"max-snippet:-1","max-image-preview":"max-image-preview:large","max-video-preview":"max-video-preview:-1"},"canonical":"https:\/\/univet.hu\/konyvtar\/en\/museum\/night-of-museums\/","og_locale":"en_US","og_type":"article","og_title":"Night of Museums - Hut\u00ffra Ferenc K\u00f6nyvt\u00e1r, Lev\u00e9lt\u00e1r \u00e9s M\u00fazeum","og_description":"The Veterinary History Collection, more specifically the University of Veterinary Medicine (until 30 June 2016: SZIE Faculty of Veterinary Medicine) has been participating in the Night of Museums since 2010. In 2020, the event was cancelled due to the pandemic. Programmes are only available in Hungarian.","og_url":"https:\/\/univet.hu\/konyvtar\/en\/museum\/night-of-museums\/","og_site_name":"Hut\u00ffra Ferenc K\u00f6nyvt\u00e1r, Lev\u00e9lt\u00e1r \u00e9s M\u00fazeum","article_modified_time":"2026-01-12T12:55:18+00:00","og_image":[{"width":1136,"height":716,"url":"https:\/\/univet.hu\/konyvtar\/wp-content\/uploads\/sites\/17\/2025\/07\/Kepernyokep-2025-07-12-141809.png","type":"image\/png"}],"twitter_card":"summary_large_image","twitter_misc":{"Est. reading time":"1 minute"},"schema":{"@context":"https:\/\/schema.org","@graph":[{"@type":"WebPage","@id":"https:\/\/univet.hu\/konyvtar\/en\/museum\/night-of-museums\/","url":"https:\/\/univet.hu\/konyvtar\/en\/museum\/night-of-museums\/","name":"Night of Museums - Hut\u00ffra Ferenc K\u00f6nyvt\u00e1r, Lev\u00e9lt\u00e1r \u00e9s M\u00fazeum","isPartOf":{"@id":"https:\/\/univet.hu\/konyvtar\/#website"},"primaryImageOfPage":{"@id":"https:\/\/univet.hu\/konyvtar\/en\/museum\/night-of-museums\/#primaryimage"},"image":{"@id":"https:\/\/univet.hu\/konyvtar\/en\/museum\/night-of-museums\/#primaryimage"},"thumbnailUrl":"https:\/\/univet.hu\/konyvtar\/wp-content\/uploads\/sites\/17\/2025\/07\/Kepernyokep-2025-07-12-141809-300x189.png","datePublished":"2025-07-12T12:16:04+00:00","dateModified":"2026-01-12T12:55:18+00:00","breadcrumb":{"@id":"https:\/\/univet.hu\/konyvtar\/en\/museum\/night-of-museums\/#breadcrumb"},"inLanguage":"en-US","potentialAction":[{"@type":"ReadAction","target":["https:\/\/univet.hu\/konyvtar\/en\/museum\/night-of-museums\/"]}]},{"@type":"ImageObject","inLanguage":"en-US","@id":"https:\/\/univet.hu\/konyvtar\/en\/museum\/night-of-museums\/#primaryimage","url":"https:\/\/univet.hu\/konyvtar\/wp-content\/uploads\/sites\/17\/2025\/07\/Kepernyokep-2025-07-12-141809-300x189.png","contentUrl":"https:\/\/univet.hu\/konyvtar\/wp-content\/uploads\/sites\/17\/2025\/07\/Kepernyokep-2025-07-12-141809-300x189.png"},{"@type":"BreadcrumbList","@id":"https:\/\/univet.hu\/konyvtar\/en\/museum\/night-of-museums\/#breadcrumb","itemListElement":[{"@type":"ListItem","position":1,"name":"Kezd\u0151lap","item":"https:\/\/univet.hu\/konyvtar\/"},{"@type":"ListItem","position":2,"name":"Museum","item":"https:\/\/univet.hu\/konyvtar\/en\/museum\/"},{"@type":"ListItem","position":3,"name":"Night of Museums"}]},{"@type":"WebSite","@id":"https:\/\/univet.hu\/konyvtar\/#website","url":"https:\/\/univet.hu\/konyvtar\/","name":"Hut\u00ffra Ferenc K\u00f6nyvt\u00e1r, Lev\u00e9lt\u00e1r \u00e9s M\u00fazeum","description":"","potentialAction":[{"@type":"SearchAction","target":{"@type":"EntryPoint","urlTemplate":"https:\/\/univet.hu\/konyvtar\/?s={search_term_string}"},"query-input":{"@type":"PropertyValueSpecification","valueRequired":true,"valueName":"search_term_string"}}],"inLanguage":"en-US"}]}},"_links":{"self":[{"href":"https:\/\/univet.hu\/konyvtar\/en\/wp-json\/wp\/v2\/pages\/639","targetHints":{"allow":["GET"]}}],"collection":[{"href":"https:\/\/univet.hu\/konyvtar\/en\/wp-json\/wp\/v2\/pages"}],"about":[{"href":"https:\/\/univet.hu\/konyvtar\/en\/wp-json\/wp\/v2\/types\/page"}],"author":[{"embeddable":true,"href":"https:\/\/univet.hu\/konyvtar\/en\/wp-json\/wp\/v2\/users\/4333"}],"replies":[{"embeddable":true,"href":"https:\/\/univet.hu\/konyvtar\/en\/wp-json\/wp\/v2\/comments?post=639"}],"version-history":[{"count":5,"href":"https:\/\/univet.hu\/konyvtar\/en\/wp-json\/wp\/v2\/pages\/639\/revisions"}],"predecessor-version":[{"id":643,"href":"https:\/\/univet.hu\/konyvtar\/en\/wp-json\/wp\/v2\/pages\/639\/revisions\/643"}],"up":[{"embeddable":true,"href":"https:\/\/univet.hu\/konyvtar\/en\/wp-json\/wp\/v2\/pages\/577"}],"wp:attachment":[{"href":"https:\/\/univet.hu\/konyvtar\/en\/wp-json\/wp\/v2\/media?parent=639"}],"wp:term":[{"taxonomy":"category","embeddable":true,"href":"https:\/\/univet.hu\/konyvtar\/en\/wp-json\/wp\/v2\/categories?post=639"},{"taxonomy":"post_tag","embeddable":true,"href":"https:\/\/univet.hu\/konyvtar\/en\/wp-json\/wp\/v2\/tags?post=639"}],"curies":[{"name":"wp","href":"https:\/\/api.w.org\/{rel}","templated":true}]}}