{"id":718,"date":"2025-08-27T14:51:33","date_gmt":"2025-08-27T12:51:33","guid":{"rendered":"https:\/\/univet.hu\/konyvtar\/education\/courses\/"},"modified":"2026-01-12T13:55:15","modified_gmt":"2026-01-12T12:55:15","slug":"courses","status":"publish","type":"page","link":"https:\/\/univet.hu\/konyvtar\/en\/education\/courses\/","title":{"rendered":"Courses"},"content":{"rendered":"<p><strong>Library use, information searching, databases<\/strong><\/p> <div>It is an important task of the library to lay the foundations of and enhance the computer and information \u2019literacy\u2019 of students, academic staff and veterinarians; to disseminate the new developments in the field of veterinary information; and to transfer knowledge and develop skills related to veterinary literature and information. In order to meet these goals we provide resources, publish aids, and offer several types of curricular and extra-curricular courses on different levels.<\/div> <p>The library provides support for students\u00a0writing their theses\u00a0and staff or veterinarians preparing publications.<\/p> <p><strong>Curricular courses<\/strong><\/p> <p>Course details can be found on the faculty homepage.<\/p> <p><i>Optional courses<\/i><\/p> <ul> <li>Library informatics<\/li> <li>Fundamentals of scientific writing<\/li> <\/ul> <p><strong>Extracurricular training, courses<\/strong><\/p> <p><i>Obligatory presentations and courses<\/i><\/p> <ul> <li>Library use, information resources \u2013 visit of freshmen in the first week of the academic year in September.<\/li> <li>Introduction to thesis writing (sources, searching for literature, use of literature, citing literature, formal requirements)<\/li> <\/ul> <p><i>Upon request\u201d courses<\/i><\/p> <ul> <li>Searching, use and citing literature<br \/> Introductory lecture and hands-on practice offered for students who would like to get a deeper insight into the possibilities of searching, but have no time to enroll in a full course. The library holds the course for a minimum of five students at any time in the required length.<\/li> <li>Presentations in any current, information related topic according to the needs of students.<\/li> <\/ul>","protected":false},"excerpt":{"rendered":"<p>Library use, information searching, databases It is an important task of the library to lay the foundations of and enhance the computer and information \u2019literacy\u2019 of students, academic staff and veterinarians; to disseminate the new developments in the field of veterinary information; and to transfer knowledge and develop skills related to veterinary literature and information.<\/p>\n","protected":false},"author":58,"featured_media":0,"parent":559,"menu_order":0,"comment_status":"closed","ping_status":"closed","template":"","meta":{"_acf_changed":false,"_eb_attr":"","footnotes":""},"categories":[25],"tags":[],"class_list":["post-718","page","type-page","status-publish","hentry","category-oktatas-en"],"acf":[],"yoast_head":"<!-- This site is optimized with the Yoast SEO plugin v27.2 - https:\/\/yoast.com\/product\/yoast-seo-wordpress\/ -->\n<title>Courses - Hut\u00ffra Ferenc K\u00f6nyvt\u00e1r, Lev\u00e9lt\u00e1r \u00e9s M\u00fazeum<\/title>\n<meta name=\"robots\" content=\"index, follow, max-snippet:-1, max-image-preview:large, max-video-preview:-1\" \/>\n<link rel=\"canonical\" href=\"https:\/\/univet.hu\/konyvtar\/en\/education\/courses\/\" \/>\n<meta property=\"og:locale\" content=\"en_US\" \/>\n<meta property=\"og:type\" content=\"article\" \/>\n<meta property=\"og:title\" content=\"Courses - Hut\u00ffra Ferenc K\u00f6nyvt\u00e1r, Lev\u00e9lt\u00e1r \u00e9s M\u00fazeum\" \/>\n<meta property=\"og:description\" content=\"Library use, information searching, databases It is an important task of the library to lay the foundations of and enhance the computer and information \u2019literacy\u2019 of students, academic staff and veterinarians; to disseminate the new developments in the field of veterinary information; and to transfer knowledge and develop skills related to veterinary literature and information.\" \/>\n<meta property=\"og:url\" content=\"https:\/\/univet.hu\/konyvtar\/en\/education\/courses\/\" \/>\n<meta property=\"og:site_name\" content=\"Hut\u00ffra Ferenc K\u00f6nyvt\u00e1r, Lev\u00e9lt\u00e1r \u00e9s M\u00fazeum\" \/>\n<meta property=\"article:modified_time\" content=\"2026-01-12T12:55:15+00:00\" \/>\n<meta name=\"twitter:card\" content=\"summary_large_image\" \/>\n<meta name=\"twitter:label1\" content=\"Est. reading time\" \/>\n\t<meta name=\"twitter:data1\" content=\"2 minutes\" \/>\n<script type=\"application\/ld+json\" class=\"yoast-schema-graph\">{\"@context\":\"https:\/\/schema.org\",\"@graph\":[{\"@type\":\"WebPage\",\"@id\":\"https:\/\/univet.hu\/konyvtar\/en\/education\/courses\/\",\"url\":\"https:\/\/univet.hu\/konyvtar\/en\/education\/courses\/\",\"name\":\"Courses - Hut\u00ffra Ferenc K\u00f6nyvt\u00e1r, Lev\u00e9lt\u00e1r \u00e9s M\u00fazeum\",\"isPartOf\":{\"@id\":\"https:\/\/univet.hu\/konyvtar\/#website\"},\"datePublished\":\"2025-08-27T12:51:33+00:00\",\"dateModified\":\"2026-01-12T12:55:15+00:00\",\"breadcrumb\":{\"@id\":\"https:\/\/univet.hu\/konyvtar\/en\/education\/courses\/#breadcrumb\"},\"inLanguage\":\"en-US\",\"potentialAction\":[{\"@type\":\"ReadAction\",\"target\":[\"https:\/\/univet.hu\/konyvtar\/en\/education\/courses\/\"]}]},{\"@type\":\"BreadcrumbList\",\"@id\":\"https:\/\/univet.hu\/konyvtar\/en\/education\/courses\/#breadcrumb\",\"itemListElement\":[{\"@type\":\"ListItem\",\"position\":1,\"name\":\"Kezd\u0151lap\",\"item\":\"https:\/\/univet.hu\/konyvtar\/\"},{\"@type\":\"ListItem\",\"position\":2,\"name\":\"Education\",\"item\":\"https:\/\/univet.hu\/konyvtar\/en\/education\/\"},{\"@type\":\"ListItem\",\"position\":3,\"name\":\"Courses\"}]},{\"@type\":\"WebSite\",\"@id\":\"https:\/\/univet.hu\/konyvtar\/#website\",\"url\":\"https:\/\/univet.hu\/konyvtar\/\",\"name\":\"Hut\u00ffra Ferenc K\u00f6nyvt\u00e1r, Lev\u00e9lt\u00e1r \u00e9s M\u00fazeum\",\"description\":\"\",\"potentialAction\":[{\"@type\":\"SearchAction\",\"target\":{\"@type\":\"EntryPoint\",\"urlTemplate\":\"https:\/\/univet.hu\/konyvtar\/?s={search_term_string}\"},\"query-input\":{\"@type\":\"PropertyValueSpecification\",\"valueRequired\":true,\"valueName\":\"search_term_string\"}}],\"inLanguage\":\"en-US\"}]}<\/script>\n<!-- \/ Yoast SEO plugin. -->","yoast_head_json":{"title":"Courses - Hut\u00ffra Ferenc K\u00f6nyvt\u00e1r, Lev\u00e9lt\u00e1r \u00e9s M\u00fazeum","robots":{"index":"index","follow":"follow","max-snippet":"max-snippet:-1","max-image-preview":"max-image-preview:large","max-video-preview":"max-video-preview:-1"},"canonical":"https:\/\/univet.hu\/konyvtar\/en\/education\/courses\/","og_locale":"en_US","og_type":"article","og_title":"Courses - Hut\u00ffra Ferenc K\u00f6nyvt\u00e1r, Lev\u00e9lt\u00e1r \u00e9s M\u00fazeum","og_description":"Library use, information searching, databases It is an important task of the library to lay the foundations of and enhance the computer and information \u2019literacy\u2019 of students, academic staff and veterinarians; to disseminate the new developments in the field of veterinary information; and to transfer knowledge and develop skills related to veterinary literature and information.","og_url":"https:\/\/univet.hu\/konyvtar\/en\/education\/courses\/","og_site_name":"Hut\u00ffra Ferenc K\u00f6nyvt\u00e1r, Lev\u00e9lt\u00e1r \u00e9s M\u00fazeum","article_modified_time":"2026-01-12T12:55:15+00:00","twitter_card":"summary_large_image","twitter_misc":{"Est. reading time":"2 minutes"},"schema":{"@context":"https:\/\/schema.org","@graph":[{"@type":"WebPage","@id":"https:\/\/univet.hu\/konyvtar\/en\/education\/courses\/","url":"https:\/\/univet.hu\/konyvtar\/en\/education\/courses\/","name":"Courses - Hut\u00ffra Ferenc K\u00f6nyvt\u00e1r, Lev\u00e9lt\u00e1r \u00e9s M\u00fazeum","isPartOf":{"@id":"https:\/\/univet.hu\/konyvtar\/#website"},"datePublished":"2025-08-27T12:51:33+00:00","dateModified":"2026-01-12T12:55:15+00:00","breadcrumb":{"@id":"https:\/\/univet.hu\/konyvtar\/en\/education\/courses\/#breadcrumb"},"inLanguage":"en-US","potentialAction":[{"@type":"ReadAction","target":["https:\/\/univet.hu\/konyvtar\/en\/education\/courses\/"]}]},{"@type":"BreadcrumbList","@id":"https:\/\/univet.hu\/konyvtar\/en\/education\/courses\/#breadcrumb","itemListElement":[{"@type":"ListItem","position":1,"name":"Kezd\u0151lap","item":"https:\/\/univet.hu\/konyvtar\/"},{"@type":"ListItem","position":2,"name":"Education","item":"https:\/\/univet.hu\/konyvtar\/en\/education\/"},{"@type":"ListItem","position":3,"name":"Courses"}]},{"@type":"WebSite","@id":"https:\/\/univet.hu\/konyvtar\/#website","url":"https:\/\/univet.hu\/konyvtar\/","name":"Hut\u00ffra Ferenc K\u00f6nyvt\u00e1r, Lev\u00e9lt\u00e1r \u00e9s M\u00fazeum","description":"","potentialAction":[{"@type":"SearchAction","target":{"@type":"EntryPoint","urlTemplate":"https:\/\/univet.hu\/konyvtar\/?s={search_term_string}"},"query-input":{"@type":"PropertyValueSpecification","valueRequired":true,"valueName":"search_term_string"}}],"inLanguage":"en-US"}]}},"_links":{"self":[{"href":"https:\/\/univet.hu\/konyvtar\/en\/wp-json\/wp\/v2\/pages\/718","targetHints":{"allow":["GET"]}}],"collection":[{"href":"https:\/\/univet.hu\/konyvtar\/en\/wp-json\/wp\/v2\/pages"}],"about":[{"href":"https:\/\/univet.hu\/konyvtar\/en\/wp-json\/wp\/v2\/types\/page"}],"author":[{"embeddable":true,"href":"https:\/\/univet.hu\/konyvtar\/en\/wp-json\/wp\/v2\/users\/58"}],"replies":[{"embeddable":true,"href":"https:\/\/univet.hu\/konyvtar\/en\/wp-json\/wp\/v2\/comments?post=718"}],"version-history":[{"count":1,"href":"https:\/\/univet.hu\/konyvtar\/en\/wp-json\/wp\/v2\/pages\/718\/revisions"}],"predecessor-version":[{"id":719,"href":"https:\/\/univet.hu\/konyvtar\/en\/wp-json\/wp\/v2\/pages\/718\/revisions\/719"}],"up":[{"embeddable":true,"href":"https:\/\/univet.hu\/konyvtar\/en\/wp-json\/wp\/v2\/pages\/559"}],"wp:attachment":[{"href":"https:\/\/univet.hu\/konyvtar\/en\/wp-json\/wp\/v2\/media?parent=718"}],"wp:term":[{"taxonomy":"category","embeddable":true,"href":"https:\/\/univet.hu\/konyvtar\/en\/wp-json\/wp\/v2\/categories?post=718"},{"taxonomy":"post_tag","embeddable":true,"href":"https:\/\/univet.hu\/konyvtar\/en\/wp-json\/wp\/v2\/tags?post=718"}],"curies":[{"name":"wp","href":"https:\/\/api.w.org\/{rel}","templated":true}]}}