{"id":721,"date":"2025-08-27T14:52:43","date_gmt":"2025-08-27T12:52:43","guid":{"rendered":"https:\/\/univet.hu\/konyvtar\/education\/search-school\/"},"modified":"2026-03-31T09:18:56","modified_gmt":"2026-03-31T07:18:56","slug":"search-school","status":"publish","type":"page","link":"https:\/\/univet.hu\/konyvtar\/en\/education\/search-school\/","title":{"rendered":"Search school"},"content":{"rendered":"<h4>Here are some brief summaries on how to search in bibliographic databases, catalogues, etc.<\/h4> <ul> <li>Pubmed \u2013\u00a0simple search and bool operators<\/li> <li>Pubmed \u2013\u00a0advanced search and results<\/li> <li><a href=\"https:\/\/univet.hu\/konyvtar\/en\/how-to-choose-the-right-academic-sources\/\">How can you tell in 2 minutes if an article is actually good enough for your thesis or TDK?<\/a><\/li> <li>Academic papers in life science<\/li> <li>Referable non-academic papers<\/li> <li>Finding academic papers<\/li> <\/ul> <h4>Videos<\/h4> <h5>1) Web of Science<\/h5> <ul> <li><a href=\"https:\/\/www.youtube.com\/watch?v=VxiDW3PBpig\" target=\"_blank\" rel=\"noopener noreferrer\">choose database<\/a><\/li> <li><a href=\"https:\/\/www.youtube.com\/watch?v=JC6vAMZoWBg\" target=\"_blank\" rel=\"noopener noreferrer\">search<\/a><\/li> <li><a href=\"https:\/\/www.youtube.com\/watch?v=tnm-x4tEGXo\" target=\"_blank\" rel=\"noopener noreferrer\">result list operations<\/a><\/li> <li><a href=\"https:\/\/www.youtube.com\/watch?v=pbBEfK0ttUg\" target=\"_blank\" rel=\"noopener noreferrer\">operations with sets<\/a><\/li> <li><a href=\"https:\/\/www.youtube.com\/watch?v=Ikwsl8LXKT0\" target=\"_blank\" rel=\"noopener noreferrer\">save to the reference manager<\/a><\/li> <\/ul>","protected":false},"excerpt":{"rendered":"<p>Here are some brief summaries on how to search in bibliographic databases, catalogues, etc. Pubmed \u2013\u00a0simple search and bool operators Pubmed \u2013\u00a0advanced search and results How can you tell in 2 minutes if an article is actually good enough for your thesis or TDK? Academic papers in life science Referable non-academic papers Finding academic papers<\/p>\n","protected":false},"author":58,"featured_media":0,"parent":559,"menu_order":3,"comment_status":"closed","ping_status":"closed","template":"","meta":{"_acf_changed":false,"_eb_attr":"","footnotes":""},"categories":[25],"tags":[],"class_list":["post-721","page","type-page","status-publish","hentry","category-oktatas-en"],"acf":[],"yoast_head":"<!-- This site is optimized with the Yoast SEO plugin v27.2 - https:\/\/yoast.com\/product\/yoast-seo-wordpress\/ -->\n<title>Search school - Hut\u00ffra Ferenc K\u00f6nyvt\u00e1r, Lev\u00e9lt\u00e1r \u00e9s M\u00fazeum<\/title>\n<meta name=\"robots\" content=\"index, follow, max-snippet:-1, max-image-preview:large, max-video-preview:-1\" \/>\n<link rel=\"canonical\" href=\"https:\/\/univet.hu\/konyvtar\/en\/education\/search-school\/\" \/>\n<meta property=\"og:locale\" content=\"en_US\" \/>\n<meta property=\"og:type\" content=\"article\" \/>\n<meta property=\"og:title\" content=\"Search school - Hut\u00ffra Ferenc K\u00f6nyvt\u00e1r, Lev\u00e9lt\u00e1r \u00e9s M\u00fazeum\" \/>\n<meta property=\"og:description\" content=\"Here are some brief summaries on how to search in bibliographic databases, catalogues, etc. Pubmed \u2013\u00a0simple search and bool operators Pubmed \u2013\u00a0advanced search and results How can you tell in 2 minutes if an article is actually good enough for your thesis or TDK? Academic papers in life science Referable non-academic papers Finding academic papers\" \/>\n<meta property=\"og:url\" content=\"https:\/\/univet.hu\/konyvtar\/en\/education\/search-school\/\" \/>\n<meta property=\"og:site_name\" content=\"Hut\u00ffra Ferenc K\u00f6nyvt\u00e1r, Lev\u00e9lt\u00e1r \u00e9s M\u00fazeum\" \/>\n<meta property=\"article:modified_time\" content=\"2026-03-31T07:18:56+00:00\" \/>\n<meta name=\"twitter:card\" content=\"summary_large_image\" \/>\n<meta name=\"twitter:label1\" content=\"Est. reading time\" \/>\n\t<meta name=\"twitter:data1\" content=\"1 minute\" \/>\n<script type=\"application\/ld+json\" class=\"yoast-schema-graph\">{\"@context\":\"https:\/\/schema.org\",\"@graph\":[{\"@type\":\"WebPage\",\"@id\":\"https:\/\/univet.hu\/konyvtar\/en\/education\/search-school\/\",\"url\":\"https:\/\/univet.hu\/konyvtar\/en\/education\/search-school\/\",\"name\":\"Search school - Hut\u00ffra Ferenc K\u00f6nyvt\u00e1r, Lev\u00e9lt\u00e1r \u00e9s M\u00fazeum\",\"isPartOf\":{\"@id\":\"https:\/\/univet.hu\/konyvtar\/#website\"},\"datePublished\":\"2025-08-27T12:52:43+00:00\",\"dateModified\":\"2026-03-31T07:18:56+00:00\",\"breadcrumb\":{\"@id\":\"https:\/\/univet.hu\/konyvtar\/en\/education\/search-school\/#breadcrumb\"},\"inLanguage\":\"en-US\",\"potentialAction\":[{\"@type\":\"ReadAction\",\"target\":[\"https:\/\/univet.hu\/konyvtar\/en\/education\/search-school\/\"]}]},{\"@type\":\"BreadcrumbList\",\"@id\":\"https:\/\/univet.hu\/konyvtar\/en\/education\/search-school\/#breadcrumb\",\"itemListElement\":[{\"@type\":\"ListItem\",\"position\":1,\"name\":\"Kezd\u0151lap\",\"item\":\"https:\/\/univet.hu\/konyvtar\/\"},{\"@type\":\"ListItem\",\"position\":2,\"name\":\"Education\",\"item\":\"https:\/\/univet.hu\/konyvtar\/en\/education\/\"},{\"@type\":\"ListItem\",\"position\":3,\"name\":\"Search school\"}]},{\"@type\":\"WebSite\",\"@id\":\"https:\/\/univet.hu\/konyvtar\/#website\",\"url\":\"https:\/\/univet.hu\/konyvtar\/\",\"name\":\"Hut\u00ffra Ferenc K\u00f6nyvt\u00e1r, Lev\u00e9lt\u00e1r \u00e9s M\u00fazeum\",\"description\":\"\",\"potentialAction\":[{\"@type\":\"SearchAction\",\"target\":{\"@type\":\"EntryPoint\",\"urlTemplate\":\"https:\/\/univet.hu\/konyvtar\/?s={search_term_string}\"},\"query-input\":{\"@type\":\"PropertyValueSpecification\",\"valueRequired\":true,\"valueName\":\"search_term_string\"}}],\"inLanguage\":\"en-US\"}]}<\/script>\n<!-- \/ Yoast SEO plugin. -->","yoast_head_json":{"title":"Search school - Hut\u00ffra Ferenc K\u00f6nyvt\u00e1r, Lev\u00e9lt\u00e1r \u00e9s M\u00fazeum","robots":{"index":"index","follow":"follow","max-snippet":"max-snippet:-1","max-image-preview":"max-image-preview:large","max-video-preview":"max-video-preview:-1"},"canonical":"https:\/\/univet.hu\/konyvtar\/en\/education\/search-school\/","og_locale":"en_US","og_type":"article","og_title":"Search school - Hut\u00ffra Ferenc K\u00f6nyvt\u00e1r, Lev\u00e9lt\u00e1r \u00e9s M\u00fazeum","og_description":"Here are some brief summaries on how to search in bibliographic databases, catalogues, etc. Pubmed \u2013\u00a0simple search and bool operators Pubmed \u2013\u00a0advanced search and results How can you tell in 2 minutes if an article is actually good enough for your thesis or TDK? Academic papers in life science Referable non-academic papers Finding academic papers","og_url":"https:\/\/univet.hu\/konyvtar\/en\/education\/search-school\/","og_site_name":"Hut\u00ffra Ferenc K\u00f6nyvt\u00e1r, Lev\u00e9lt\u00e1r \u00e9s M\u00fazeum","article_modified_time":"2026-03-31T07:18:56+00:00","twitter_card":"summary_large_image","twitter_misc":{"Est. reading time":"1 minute"},"schema":{"@context":"https:\/\/schema.org","@graph":[{"@type":"WebPage","@id":"https:\/\/univet.hu\/konyvtar\/en\/education\/search-school\/","url":"https:\/\/univet.hu\/konyvtar\/en\/education\/search-school\/","name":"Search school - Hut\u00ffra Ferenc K\u00f6nyvt\u00e1r, Lev\u00e9lt\u00e1r \u00e9s M\u00fazeum","isPartOf":{"@id":"https:\/\/univet.hu\/konyvtar\/#website"},"datePublished":"2025-08-27T12:52:43+00:00","dateModified":"2026-03-31T07:18:56+00:00","breadcrumb":{"@id":"https:\/\/univet.hu\/konyvtar\/en\/education\/search-school\/#breadcrumb"},"inLanguage":"en-US","potentialAction":[{"@type":"ReadAction","target":["https:\/\/univet.hu\/konyvtar\/en\/education\/search-school\/"]}]},{"@type":"BreadcrumbList","@id":"https:\/\/univet.hu\/konyvtar\/en\/education\/search-school\/#breadcrumb","itemListElement":[{"@type":"ListItem","position":1,"name":"Kezd\u0151lap","item":"https:\/\/univet.hu\/konyvtar\/"},{"@type":"ListItem","position":2,"name":"Education","item":"https:\/\/univet.hu\/konyvtar\/en\/education\/"},{"@type":"ListItem","position":3,"name":"Search school"}]},{"@type":"WebSite","@id":"https:\/\/univet.hu\/konyvtar\/#website","url":"https:\/\/univet.hu\/konyvtar\/","name":"Hut\u00ffra Ferenc K\u00f6nyvt\u00e1r, Lev\u00e9lt\u00e1r \u00e9s M\u00fazeum","description":"","potentialAction":[{"@type":"SearchAction","target":{"@type":"EntryPoint","urlTemplate":"https:\/\/univet.hu\/konyvtar\/?s={search_term_string}"},"query-input":{"@type":"PropertyValueSpecification","valueRequired":true,"valueName":"search_term_string"}}],"inLanguage":"en-US"}]}},"_links":{"self":[{"href":"https:\/\/univet.hu\/konyvtar\/en\/wp-json\/wp\/v2\/pages\/721","targetHints":{"allow":["GET"]}}],"collection":[{"href":"https:\/\/univet.hu\/konyvtar\/en\/wp-json\/wp\/v2\/pages"}],"about":[{"href":"https:\/\/univet.hu\/konyvtar\/en\/wp-json\/wp\/v2\/types\/page"}],"author":[{"embeddable":true,"href":"https:\/\/univet.hu\/konyvtar\/en\/wp-json\/wp\/v2\/users\/58"}],"replies":[{"embeddable":true,"href":"https:\/\/univet.hu\/konyvtar\/en\/wp-json\/wp\/v2\/comments?post=721"}],"version-history":[{"count":2,"href":"https:\/\/univet.hu\/konyvtar\/en\/wp-json\/wp\/v2\/pages\/721\/revisions"}],"predecessor-version":[{"id":1395,"href":"https:\/\/univet.hu\/konyvtar\/en\/wp-json\/wp\/v2\/pages\/721\/revisions\/1395"}],"up":[{"embeddable":true,"href":"https:\/\/univet.hu\/konyvtar\/en\/wp-json\/wp\/v2\/pages\/559"}],"wp:attachment":[{"href":"https:\/\/univet.hu\/konyvtar\/en\/wp-json\/wp\/v2\/media?parent=721"}],"wp:term":[{"taxonomy":"category","embeddable":true,"href":"https:\/\/univet.hu\/konyvtar\/en\/wp-json\/wp\/v2\/categories?post=721"},{"taxonomy":"post_tag","embeddable":true,"href":"https:\/\/univet.hu\/konyvtar\/en\/wp-json\/wp\/v2\/tags?post=721"}],"curies":[{"name":"wp","href":"https:\/\/api.w.org\/{rel}","templated":true}]}}