{"id":818,"date":"2025-09-12T05:24:33","date_gmt":"2025-09-12T03:24:33","guid":{"rendered":"https:\/\/univet.hu\/konyvtar\/?page_id=818"},"modified":"2026-03-31T09:56:03","modified_gmt":"2026-03-31T07:56:03","slug":"artificial-intelligence-ai","status":"publish","type":"page","link":"https:\/\/univet.hu\/konyvtar\/en\/artificial-intelligence-ai\/","title":{"rendered":"Artificial intelligence (AI)"},"content":{"rendered":"<p>Artificial intelligence (AI) is becoming increasingly important in information retrieval and many other fields. We\u2019d like to provide you with a brief overview of selected services, including learning, literature research, mapping academic resources, and other information management tasks. We\u2019d like to hear more suggestions and contributions to expand and enhance this collection.<\/p> <p><strong>The following solutions are not a substitute for critical thinking or evaluation of sources.<\/strong><\/p> <p data-start=\"26\" data-end=\"122\">University rules on the use of AI are available in the Study and Examination Regulations (TVSZ):<\/p> <p data-start=\"124\" data-end=\"350\" data-is-last-node=\"\" data-is-only-node=\"\"><em data-start=\"124\" data-end=\"177\">Academic Offences and Procedures, Section 37 \u2026 (4):<\/em> \u201cAny work produced using artificial intelligence in a manner not permitted by the University\u2019s Artificial Intelligence Regulations shall be treated the same as plagiarism.\u201d (24.07.2025.) \u2013 <a href=\"https:\/\/univet.hu\/wp-content\/uploads\/2025\/08\/TVSZ_compressed_compressed.pdf\" target=\"_blank\" rel=\"noopener\">https:\/\/univet.hu\/wp-content\/uploads\/2025\/08\/TVSZ_compressed_compressed.pdf<\/a><\/p> <article class=\"text-token-text-primary w-full\" dir=\"auto\" data-testid=\"conversation-turn-18\" data-scroll-anchor=\"true\"> <div class=\"text-base my-auto mx-auto py-5 [--thread-content-margin:--spacing(4)] @[37rem]:[--thread-content-margin:--spacing(6)] @[72rem]:[--thread-content-margin:--spacing(16)] px-(--thread-content-margin)\"> <div class=\"[--thread-content-max-width:32rem] @[34rem]:[--thread-content-max-width:40rem] @[64rem]:[--thread-content-max-width:48rem] mx-auto flex max-w-(--thread-content-max-width) flex-1 text-base gap-4 md:gap-5 lg:gap-6 group\/turn-messages focus-visible:outline-hidden\"> <div class=\"group\/conversation-turn relative flex w-full min-w-0 flex-col agent-turn\"> <div class=\"relative flex-col gap-1 md:gap-3\"> <div class=\"flex max-w-full flex-col grow\"> <div class=\"min-h-8 text-message relative flex w-full flex-col items-end gap-2 text-start break-words whitespace-normal [.text-message+&amp;]:mt-5\" dir=\"auto\" data-message-author-role=\"assistant\" data-message-id=\"e7b82e54-e705-4933-baeb-3c50dd9e2aea\" data-message-model-slug=\"gpt-4o\"> <div class=\"flex w-full flex-col gap-1 empty:hidden first:pt-[3px]\"> <div class=\"markdown prose dark:prose-invert w-full break-words light\"> <p data-start=\"44\" data-end=\"477\" data-is-last-node=\"\" data-is-only-node=\"\"><strong data-start=\"44\" data-end=\"101\">Feel free to experiment with artificial intelligence!<\/strong><br data-start=\"101\" data-end=\"104\" \/>Try out different AI tools and explore what they can do \u2014 write, ask, and create with them. Learn how to use these tools effectively and become familiar with their strengths and limitations. The more you practice, the easier it will be to see which one works best for each task. Use a variety of solutions \u2014 that\u2019s the only way to discover which ones truly best fit your needs.<\/p> <hr \/> <p><strong>1) <\/strong><strong data-start=\"57\" data-end=\"131\">Copilot \u2013\u00a0<\/strong><a href=\"https:\/\/copilot.microsoft.com\/\" target=\"_blank\" rel=\"noopener noreferrer\">https:\/\/copilot.microsoft.com\/<\/a><\/p> <p>Copliot is a Microsoft product \u2014 an artificial intelligence assistant. It wasn\u2019t designed for searching specialized information, and it may not perform well in that area. However, when it comes to understanding a concept or providing a general summary of a topic, along with listing the websites it used as sources, it can be pretty helpful. It is available in both the Bing search engine and Microsoft 365 (O365). It can write text, summarize documents, draft emails, generate analyses from Excel spreadsheets, and even create full PowerPoint presentations based on a few instructions.<\/p> <hr \/> <\/div> <\/div> <\/div> <\/div> <\/div> <\/div> <\/div> <\/div> <\/article> <p><strong>2) ChatGPT<\/strong>\u00a0 \u2013\u00a0<a href=\"https:\/\/chat.openai.com\/\" target=\"_blank\" rel=\"noopener noreferrer\">https:\/\/chat.openai.com\/<\/a><\/p> <p>The generative artificial intelligence developed by OpenAI is a large language model. It functions similarly to chatbots but far exceeds the capabilities of previously used such systems. During operation, it generates possible answers to questions based primarily on \u201cexperience\u201d derived from the large datasets used for training, with the help of mathematical (statistical) models. It does not think but works by predicting the likelihood of word sequences in a text. Previously, ChatGPT did not operate like search engines and aimed not to find the best answer but to generate multiple diverse responses. Today, some versions aim to \u201csearch\u201d like classical major search engines, though their performance in this area remains uncertain.<\/p> <p>It\u2019s important to remember that AI, including ChatGPT, fundamentally:<\/p> <ul> <li>Does not think,<\/li> <li>Does not evaluate sources like a human, and<\/li> <li>Cannot take responsibility if harm occurs due to data or materials provided.<\/li> <li>The materials used for training were not curated or evaluated and included both reliable and erroneous data.<\/li> <li>It can exhibit bias depending on the materials used for training (e.g., in controversial topics).<\/li> <li>It does not apply ethical considerations as humans do.<\/li> <li>Do not share personal information with it.<\/li> <\/ul> <p><em><strong>Not recommended for:<\/strong><\/em><\/p> <ul> <li>Directly searching scientific literature,<\/li> <li>Writing the text of academic papers.<\/li> <\/ul> <p><strong><em>Recommended for:<\/em><\/strong><\/p> <ul> <li>Creating search queries and strategies, e.g., for PubMed, Scopus, WoS, etc.<\/li> <li>Idea generation,<\/li> <li>Text generation to be used as a basis (refer to relevant academic regulations for further guidance),<\/li> <li>Summarization,<\/li> <li>Translation,<\/li> <li>Code generation, e.g., creating\u00a0<a href=\"http:\/\/konyvtar.univet.hu\/?page_id=3993\">flashcards<\/a>\u00a0for learning words, concepts, and active ingredients in Hungarian, English, or Latin.<\/li> <\/ul> <p>ChatGPT can perform internet searches with source attribution, although this feature is often tied to subscriptions or registration.<\/p> <hr \/> <p data-start=\"49\" data-end=\"94\"><strong data-start=\"49\" data-end=\"94\">3) Gemini \u2013<\/strong>\u00a0<a class=\"\" href=\"https:\/\/gemini.google.com\/app\" target=\"_new\" rel=\"noopener noreferrer\" data-start=\"63\" data-end=\"92\">https:\/\/gemini.google.com\/app<\/a><\/p> <p data-start=\"96\" data-end=\"349\">Google Gemini (formerly Bard) is Google\u2019s AI-powered assistant that helps you quickly gather information, write and summarize texts, brainstorm ideas, or complete tasks \u2014 directly from your browser, mobile device, or integrated with your Google account.<\/p> <p data-start=\"351\" data-end=\"374\">Its advantages include:<\/p> <ul> <li data-start=\"378\" data-end=\"461\">direct access via the Gemini web interface, or through the Google app on Android,<\/li> <li data-start=\"378\" data-end=\"461\">integration with Google tools like Drive, Gmail, and Docs,<\/li> <li data-start=\"378\" data-end=\"461\">real-time web search capabilities, providing up-to-date and relevant information.<\/li> <\/ul> <p data-start=\"610\" data-end=\"629\">It\u2019s excellent for:<\/p> <ul> <li data-start=\"633\" data-end=\"683\">brainstorming (e.g., articles, essays, letters),<\/li> <li data-start=\"633\" data-end=\"683\">quickly drafting or rephrasing text,<\/li> <li data-start=\"633\" data-end=\"683\">preparing presentations or emails,<\/li> <li data-start=\"633\" data-end=\"683\">and answering general questions efficiently<\/li> <\/ul> <hr \/> <p><strong>4) Semantic Scholar<\/strong>\u00a0(<a href=\"https:\/\/www.semanticscholar.org\/\" target=\"_blank\" rel=\"noopener noreferrer\">https:\/\/www.semanticscholar.org\/<\/a>): An AI-based research tool developed by the Allen Institute. It is available free to everyone (without registration). Semantic Scholar covers biology, medicine, computer science, geography, business, history, economics, etc. There are over 200 million articles from partners such as PubMed, Springer Nature, Taylor &amp; Francis, SAGE, Wiley, ACM, IEEE, arXiv, and Unpaywall.<\/p> <ul> <li>It helps you find relevant research.<\/li> <li>By analyzing citation relationships more qualitatively and understanding the context, you can discover deeper connections between publications.<\/li> <li>As authors, we can request email alerts on publications on topics of interest to us and articles that cite us.<\/li> <\/ul> <p>e.g., \u201cAfrican swine fever\u201d \u201csystematic review.\u201d<\/p> <hr \/> <p><strong id=\"chatpdf\">5) SciSpace<\/strong>\u00a0\u2013\u00a0<a id=\"OWA5e8127c6-54ae-f6bf-4b27-a710ea838fed\" title=\"https:\/\/scispace.com\/\" href=\"https:\/\/scispace.com\/\" target=\"_blank\" rel=\"noopener noreferrer\" data-linkindex=\"0\" data-auth=\"NotApplicable\">https:\/\/scispace.com\/<\/a>.<\/p> <p>SciSpace is a platform that enables free-text search across more than 270 million scientific publications, facilitating the understanding of their content and uncovering connections between them. It helps researchers and students process scientific materials more effectively. The platform searches for answers to user-posed questions within articles and provides or highlights those where the answers are found. Users can request details about the methods used in the articles and ask questions, to which SciSpace responds based on the content of the articles.<\/p> <hr \/> <p><strong>6) ChatPDF\u00a0<\/strong>\u2013\u00a0<a href=\"https:\/\/www.chatpdf.com\/\" target=\"_blank\" rel=\"noopener noreferrer\">https:\/\/www.chatpdf.com\/<\/a><\/p> <p>ChatPDF is an AI-powered tool that allows users to upload PDF documents and ask natural language questions about their content, receiving instant answers. This is especially useful for students, researchers, and professionals who need to extract information or quickly understand complex materials.<\/p>","protected":false},"excerpt":{"rendered":"<p>Artificial intelligence (AI) is becoming increasingly important in information retrieval and many other fields. We\u2019d like to provide you with a brief overview of selected services, including learning, literature research, mapping academic resources, and other information management tasks. We\u2019d like to hear more suggestions and contributions to expand and enhance this collection. The following solutions<\/p>\n","protected":false},"author":58,"featured_media":0,"parent":0,"menu_order":4,"comment_status":"closed","ping_status":"closed","template":"","meta":{"_acf_changed":false,"_eb_attr":"","footnotes":""},"categories":[25],"tags":[],"class_list":["post-818","page","type-page","status-publish","hentry","category-oktatas-en"],"acf":[],"yoast_head":"<!-- This site is optimized with the Yoast SEO plugin v27.2 - https:\/\/yoast.com\/product\/yoast-seo-wordpress\/ -->\n<title>Artificial intelligence (AI) - Hut\u00ffra Ferenc K\u00f6nyvt\u00e1r, Lev\u00e9lt\u00e1r \u00e9s M\u00fazeum<\/title>\n<meta name=\"robots\" content=\"index, follow, max-snippet:-1, max-image-preview:large, max-video-preview:-1\" \/>\n<link rel=\"canonical\" href=\"https:\/\/univet.hu\/konyvtar\/en\/artificial-intelligence-ai\/\" \/>\n<meta property=\"og:locale\" content=\"en_US\" \/>\n<meta property=\"og:type\" content=\"article\" \/>\n<meta property=\"og:title\" content=\"Artificial intelligence (AI) - Hut\u00ffra Ferenc K\u00f6nyvt\u00e1r, Lev\u00e9lt\u00e1r \u00e9s M\u00fazeum\" \/>\n<meta property=\"og:description\" content=\"Artificial intelligence (AI) is becoming increasingly important in information retrieval and many other fields. We\u2019d like to provide you with a brief overview of selected services, including learning, literature research, mapping academic resources, and other information management tasks. We\u2019d like to hear more suggestions and contributions to expand and enhance this collection. The following solutions\" \/>\n<meta property=\"og:url\" content=\"https:\/\/univet.hu\/konyvtar\/en\/artificial-intelligence-ai\/\" \/>\n<meta property=\"og:site_name\" content=\"Hut\u00ffra Ferenc K\u00f6nyvt\u00e1r, Lev\u00e9lt\u00e1r \u00e9s M\u00fazeum\" \/>\n<meta property=\"article:modified_time\" content=\"2026-03-31T07:56:03+00:00\" \/>\n<meta name=\"twitter:card\" content=\"summary_large_image\" \/>\n<meta name=\"twitter:label1\" content=\"Est. reading time\" \/>\n\t<meta name=\"twitter:data1\" content=\"5 minutes\" \/>\n<script type=\"application\/ld+json\" class=\"yoast-schema-graph\">{\"@context\":\"https:\/\/schema.org\",\"@graph\":[{\"@type\":\"WebPage\",\"@id\":\"https:\/\/univet.hu\/konyvtar\/en\/artificial-intelligence-ai\/\",\"url\":\"https:\/\/univet.hu\/konyvtar\/en\/artificial-intelligence-ai\/\",\"name\":\"Artificial intelligence (AI) - Hut\u00ffra Ferenc K\u00f6nyvt\u00e1r, Lev\u00e9lt\u00e1r \u00e9s M\u00fazeum\",\"isPartOf\":{\"@id\":\"https:\/\/univet.hu\/konyvtar\/#website\"},\"datePublished\":\"2025-09-12T03:24:33+00:00\",\"dateModified\":\"2026-03-31T07:56:03+00:00\",\"breadcrumb\":{\"@id\":\"https:\/\/univet.hu\/konyvtar\/en\/artificial-intelligence-ai\/#breadcrumb\"},\"inLanguage\":\"en-US\",\"potentialAction\":[{\"@type\":\"ReadAction\",\"target\":[\"https:\/\/univet.hu\/konyvtar\/en\/artificial-intelligence-ai\/\"]}]},{\"@type\":\"BreadcrumbList\",\"@id\":\"https:\/\/univet.hu\/konyvtar\/en\/artificial-intelligence-ai\/#breadcrumb\",\"itemListElement\":[{\"@type\":\"ListItem\",\"position\":1,\"name\":\"Kezd\u0151lap\",\"item\":\"https:\/\/univet.hu\/konyvtar\/\"},{\"@type\":\"ListItem\",\"position\":2,\"name\":\"Artificial intelligence (AI)\"}]},{\"@type\":\"WebSite\",\"@id\":\"https:\/\/univet.hu\/konyvtar\/#website\",\"url\":\"https:\/\/univet.hu\/konyvtar\/\",\"name\":\"Hut\u00ffra Ferenc K\u00f6nyvt\u00e1r, Lev\u00e9lt\u00e1r \u00e9s M\u00fazeum\",\"description\":\"\",\"potentialAction\":[{\"@type\":\"SearchAction\",\"target\":{\"@type\":\"EntryPoint\",\"urlTemplate\":\"https:\/\/univet.hu\/konyvtar\/?s={search_term_string}\"},\"query-input\":{\"@type\":\"PropertyValueSpecification\",\"valueRequired\":true,\"valueName\":\"search_term_string\"}}],\"inLanguage\":\"en-US\"}]}<\/script>\n<!-- \/ Yoast SEO plugin. -->","yoast_head_json":{"title":"Artificial intelligence (AI) - Hut\u00ffra Ferenc K\u00f6nyvt\u00e1r, Lev\u00e9lt\u00e1r \u00e9s M\u00fazeum","robots":{"index":"index","follow":"follow","max-snippet":"max-snippet:-1","max-image-preview":"max-image-preview:large","max-video-preview":"max-video-preview:-1"},"canonical":"https:\/\/univet.hu\/konyvtar\/en\/artificial-intelligence-ai\/","og_locale":"en_US","og_type":"article","og_title":"Artificial intelligence (AI) - Hut\u00ffra Ferenc K\u00f6nyvt\u00e1r, Lev\u00e9lt\u00e1r \u00e9s M\u00fazeum","og_description":"Artificial intelligence (AI) is becoming increasingly important in information retrieval and many other fields. We\u2019d like to provide you with a brief overview of selected services, including learning, literature research, mapping academic resources, and other information management tasks. We\u2019d like to hear more suggestions and contributions to expand and enhance this collection. The following solutions","og_url":"https:\/\/univet.hu\/konyvtar\/en\/artificial-intelligence-ai\/","og_site_name":"Hut\u00ffra Ferenc K\u00f6nyvt\u00e1r, Lev\u00e9lt\u00e1r \u00e9s M\u00fazeum","article_modified_time":"2026-03-31T07:56:03+00:00","twitter_card":"summary_large_image","twitter_misc":{"Est. reading time":"5 minutes"},"schema":{"@context":"https:\/\/schema.org","@graph":[{"@type":"WebPage","@id":"https:\/\/univet.hu\/konyvtar\/en\/artificial-intelligence-ai\/","url":"https:\/\/univet.hu\/konyvtar\/en\/artificial-intelligence-ai\/","name":"Artificial intelligence (AI) - Hut\u00ffra Ferenc K\u00f6nyvt\u00e1r, Lev\u00e9lt\u00e1r \u00e9s M\u00fazeum","isPartOf":{"@id":"https:\/\/univet.hu\/konyvtar\/#website"},"datePublished":"2025-09-12T03:24:33+00:00","dateModified":"2026-03-31T07:56:03+00:00","breadcrumb":{"@id":"https:\/\/univet.hu\/konyvtar\/en\/artificial-intelligence-ai\/#breadcrumb"},"inLanguage":"en-US","potentialAction":[{"@type":"ReadAction","target":["https:\/\/univet.hu\/konyvtar\/en\/artificial-intelligence-ai\/"]}]},{"@type":"BreadcrumbList","@id":"https:\/\/univet.hu\/konyvtar\/en\/artificial-intelligence-ai\/#breadcrumb","itemListElement":[{"@type":"ListItem","position":1,"name":"Kezd\u0151lap","item":"https:\/\/univet.hu\/konyvtar\/"},{"@type":"ListItem","position":2,"name":"Artificial intelligence (AI)"}]},{"@type":"WebSite","@id":"https:\/\/univet.hu\/konyvtar\/#website","url":"https:\/\/univet.hu\/konyvtar\/","name":"Hut\u00ffra Ferenc K\u00f6nyvt\u00e1r, Lev\u00e9lt\u00e1r \u00e9s M\u00fazeum","description":"","potentialAction":[{"@type":"SearchAction","target":{"@type":"EntryPoint","urlTemplate":"https:\/\/univet.hu\/konyvtar\/?s={search_term_string}"},"query-input":{"@type":"PropertyValueSpecification","valueRequired":true,"valueName":"search_term_string"}}],"inLanguage":"en-US"}]}},"_links":{"self":[{"href":"https:\/\/univet.hu\/konyvtar\/en\/wp-json\/wp\/v2\/pages\/818","targetHints":{"allow":["GET"]}}],"collection":[{"href":"https:\/\/univet.hu\/konyvtar\/en\/wp-json\/wp\/v2\/pages"}],"about":[{"href":"https:\/\/univet.hu\/konyvtar\/en\/wp-json\/wp\/v2\/types\/page"}],"author":[{"embeddable":true,"href":"https:\/\/univet.hu\/konyvtar\/en\/wp-json\/wp\/v2\/users\/58"}],"replies":[{"embeddable":true,"href":"https:\/\/univet.hu\/konyvtar\/en\/wp-json\/wp\/v2\/comments?post=818"}],"version-history":[{"count":3,"href":"https:\/\/univet.hu\/konyvtar\/en\/wp-json\/wp\/v2\/pages\/818\/revisions"}],"predecessor-version":[{"id":1420,"href":"https:\/\/univet.hu\/konyvtar\/en\/wp-json\/wp\/v2\/pages\/818\/revisions\/1420"}],"wp:attachment":[{"href":"https:\/\/univet.hu\/konyvtar\/en\/wp-json\/wp\/v2\/media?parent=818"}],"wp:term":[{"taxonomy":"category","embeddable":true,"href":"https:\/\/univet.hu\/konyvtar\/en\/wp-json\/wp\/v2\/categories?post=818"},{"taxonomy":"post_tag","embeddable":true,"href":"https:\/\/univet.hu\/konyvtar\/en\/wp-json\/wp\/v2\/tags?post=818"}],"curies":[{"name":"wp","href":"https:\/\/api.w.org\/{rel}","templated":true}]}}