{"id":824,"date":"2025-09-12T05:32:38","date_gmt":"2025-09-12T03:32:38","guid":{"rendered":"https:\/\/univet.hu\/konyvtar\/?page_id=824"},"modified":"2026-01-12T13:55:15","modified_gmt":"2026-01-12T12:55:15","slug":"regulation-of-ai-use","status":"publish","type":"page","link":"https:\/\/univet.hu\/konyvtar\/en\/artificial-intelligence-ai\/regulation-of-ai-use\/","title":{"rendered":"AI use policy"},"content":{"rendered":"<p>The university&#8217;s AI policy is available here: <a href=\"https:\/\/univet.hu\/konyvtar\/wp-content\/uploads\/sites\/17\/2025\/09\/MI_szabalyzat_angol.pdf\">https:\/\/univet.hu\/konyvtar\/wp-content\/uploads\/sites\/17\/2025\/09\/MI_szabalyzat_angol.pdf<\/a><\/p> <p data-start=\"1008\" data-end=\"1427\">For UVMB students, AI may be used under these Regulations only in those forms of written assessment\u2014such as assignments, theses, etc.\u2014where the student\u2019s intellectual product is the written work itself. Students are permitted to use AI technology ethically and judiciously\u00a0in the manner set out in \u00a7 3 when fulfilling their academic obligations.<\/p> <p data-start=\"1008\" data-end=\"1427\">","protected":false},"excerpt":{"rendered":"<p>The university&#8217;s AI policy is available here: https:\/\/univet.hu\/konyvtar\/wp-content\/uploads\/sites\/17\/2025\/09\/MI_szabalyzat_angol.pdf For UVMB students, AI may be used under these Regulations only in those forms of written assessment\u2014such as assignments, theses, etc.\u2014where the student\u2019s intellectual product is the written work itself. Students are permitted to use AI technology ethically and judiciously\u00a0in the manner set out in \u00a7 3<\/p>\n","protected":false},"author":58,"featured_media":0,"parent":818,"menu_order":0,"comment_status":"closed","ping_status":"closed","template":"","meta":{"_acf_changed":false,"_eb_attr":"","footnotes":""},"categories":[25],"tags":[],"class_list":["post-824","page","type-page","status-publish","hentry","category-oktatas-en"],"acf":[],"yoast_head":"<!-- This site is optimized with the Yoast SEO plugin v27.2 - https:\/\/yoast.com\/product\/yoast-seo-wordpress\/ -->\n<title>AI use policy - Hut\u00ffra Ferenc K\u00f6nyvt\u00e1r, Lev\u00e9lt\u00e1r \u00e9s M\u00fazeum<\/title>\n<meta name=\"robots\" content=\"index, follow, max-snippet:-1, max-image-preview:large, max-video-preview:-1\" \/>\n<link rel=\"canonical\" href=\"https:\/\/univet.hu\/konyvtar\/en\/artificial-intelligence-ai\/regulation-of-ai-use\/\" \/>\n<meta property=\"og:locale\" content=\"en_US\" \/>\n<meta property=\"og:type\" content=\"article\" \/>\n<meta property=\"og:title\" content=\"AI use policy - Hut\u00ffra Ferenc K\u00f6nyvt\u00e1r, Lev\u00e9lt\u00e1r \u00e9s M\u00fazeum\" \/>\n<meta property=\"og:description\" content=\"The university&#8217;s AI policy is available here: https:\/\/univet.hu\/konyvtar\/wp-content\/uploads\/sites\/17\/2025\/09\/MI_szabalyzat_angol.pdf For UVMB students, AI may be used under these Regulations only in those forms of written assessment\u2014such as assignments, theses, etc.\u2014where the student\u2019s intellectual product is the written work itself. Students are permitted to use AI technology ethically and judiciously\u00a0in the manner set out in \u00a7 3\" \/>\n<meta property=\"og:url\" content=\"https:\/\/univet.hu\/konyvtar\/en\/artificial-intelligence-ai\/regulation-of-ai-use\/\" \/>\n<meta property=\"og:site_name\" content=\"Hut\u00ffra Ferenc K\u00f6nyvt\u00e1r, Lev\u00e9lt\u00e1r \u00e9s M\u00fazeum\" \/>\n<meta property=\"article:modified_time\" content=\"2026-01-12T12:55:15+00:00\" \/>\n<meta name=\"twitter:card\" content=\"summary_large_image\" \/>\n<meta name=\"twitter:label1\" content=\"Est. reading time\" \/>\n\t<meta name=\"twitter:data1\" content=\"1 minute\" \/>\n<script type=\"application\/ld+json\" class=\"yoast-schema-graph\">{\"@context\":\"https:\/\/schema.org\",\"@graph\":[{\"@type\":\"WebPage\",\"@id\":\"https:\/\/univet.hu\/konyvtar\/en\/artificial-intelligence-ai\/regulation-of-ai-use\/\",\"url\":\"https:\/\/univet.hu\/konyvtar\/en\/artificial-intelligence-ai\/regulation-of-ai-use\/\",\"name\":\"AI use policy - Hut\u00ffra Ferenc K\u00f6nyvt\u00e1r, Lev\u00e9lt\u00e1r \u00e9s M\u00fazeum\",\"isPartOf\":{\"@id\":\"https:\/\/univet.hu\/konyvtar\/#website\"},\"datePublished\":\"2025-09-12T03:32:38+00:00\",\"dateModified\":\"2026-01-12T12:55:15+00:00\",\"breadcrumb\":{\"@id\":\"https:\/\/univet.hu\/konyvtar\/en\/artificial-intelligence-ai\/regulation-of-ai-use\/#breadcrumb\"},\"inLanguage\":\"en-US\",\"potentialAction\":[{\"@type\":\"ReadAction\",\"target\":[\"https:\/\/univet.hu\/konyvtar\/en\/artificial-intelligence-ai\/regulation-of-ai-use\/\"]}]},{\"@type\":\"BreadcrumbList\",\"@id\":\"https:\/\/univet.hu\/konyvtar\/en\/artificial-intelligence-ai\/regulation-of-ai-use\/#breadcrumb\",\"itemListElement\":[{\"@type\":\"ListItem\",\"position\":1,\"name\":\"Kezd\u0151lap\",\"item\":\"https:\/\/univet.hu\/konyvtar\/\"},{\"@type\":\"ListItem\",\"position\":2,\"name\":\"Artificial intelligence (AI)\",\"item\":\"https:\/\/univet.hu\/konyvtar\/en\/artificial-intelligence-ai\/\"},{\"@type\":\"ListItem\",\"position\":3,\"name\":\"AI use policy\"}]},{\"@type\":\"WebSite\",\"@id\":\"https:\/\/univet.hu\/konyvtar\/#website\",\"url\":\"https:\/\/univet.hu\/konyvtar\/\",\"name\":\"Hut\u00ffra Ferenc K\u00f6nyvt\u00e1r, Lev\u00e9lt\u00e1r \u00e9s M\u00fazeum\",\"description\":\"\",\"potentialAction\":[{\"@type\":\"SearchAction\",\"target\":{\"@type\":\"EntryPoint\",\"urlTemplate\":\"https:\/\/univet.hu\/konyvtar\/?s={search_term_string}\"},\"query-input\":{\"@type\":\"PropertyValueSpecification\",\"valueRequired\":true,\"valueName\":\"search_term_string\"}}],\"inLanguage\":\"en-US\"}]}<\/script>\n<!-- \/ Yoast SEO plugin. -->","yoast_head_json":{"title":"AI use policy - Hut\u00ffra Ferenc K\u00f6nyvt\u00e1r, Lev\u00e9lt\u00e1r \u00e9s M\u00fazeum","robots":{"index":"index","follow":"follow","max-snippet":"max-snippet:-1","max-image-preview":"max-image-preview:large","max-video-preview":"max-video-preview:-1"},"canonical":"https:\/\/univet.hu\/konyvtar\/en\/artificial-intelligence-ai\/regulation-of-ai-use\/","og_locale":"en_US","og_type":"article","og_title":"AI use policy - Hut\u00ffra Ferenc K\u00f6nyvt\u00e1r, Lev\u00e9lt\u00e1r \u00e9s M\u00fazeum","og_description":"The university&#8217;s AI policy is available here: https:\/\/univet.hu\/konyvtar\/wp-content\/uploads\/sites\/17\/2025\/09\/MI_szabalyzat_angol.pdf For UVMB students, AI may be used under these Regulations only in those forms of written assessment\u2014such as assignments, theses, etc.\u2014where the student\u2019s intellectual product is the written work itself. Students are permitted to use AI technology ethically and judiciously\u00a0in the manner set out in \u00a7 3","og_url":"https:\/\/univet.hu\/konyvtar\/en\/artificial-intelligence-ai\/regulation-of-ai-use\/","og_site_name":"Hut\u00ffra Ferenc K\u00f6nyvt\u00e1r, Lev\u00e9lt\u00e1r \u00e9s M\u00fazeum","article_modified_time":"2026-01-12T12:55:15+00:00","twitter_card":"summary_large_image","twitter_misc":{"Est. reading time":"1 minute"},"schema":{"@context":"https:\/\/schema.org","@graph":[{"@type":"WebPage","@id":"https:\/\/univet.hu\/konyvtar\/en\/artificial-intelligence-ai\/regulation-of-ai-use\/","url":"https:\/\/univet.hu\/konyvtar\/en\/artificial-intelligence-ai\/regulation-of-ai-use\/","name":"AI use policy - Hut\u00ffra Ferenc K\u00f6nyvt\u00e1r, Lev\u00e9lt\u00e1r \u00e9s M\u00fazeum","isPartOf":{"@id":"https:\/\/univet.hu\/konyvtar\/#website"},"datePublished":"2025-09-12T03:32:38+00:00","dateModified":"2026-01-12T12:55:15+00:00","breadcrumb":{"@id":"https:\/\/univet.hu\/konyvtar\/en\/artificial-intelligence-ai\/regulation-of-ai-use\/#breadcrumb"},"inLanguage":"en-US","potentialAction":[{"@type":"ReadAction","target":["https:\/\/univet.hu\/konyvtar\/en\/artificial-intelligence-ai\/regulation-of-ai-use\/"]}]},{"@type":"BreadcrumbList","@id":"https:\/\/univet.hu\/konyvtar\/en\/artificial-intelligence-ai\/regulation-of-ai-use\/#breadcrumb","itemListElement":[{"@type":"ListItem","position":1,"name":"Kezd\u0151lap","item":"https:\/\/univet.hu\/konyvtar\/"},{"@type":"ListItem","position":2,"name":"Artificial intelligence (AI)","item":"https:\/\/univet.hu\/konyvtar\/en\/artificial-intelligence-ai\/"},{"@type":"ListItem","position":3,"name":"AI use policy"}]},{"@type":"WebSite","@id":"https:\/\/univet.hu\/konyvtar\/#website","url":"https:\/\/univet.hu\/konyvtar\/","name":"Hut\u00ffra Ferenc K\u00f6nyvt\u00e1r, Lev\u00e9lt\u00e1r \u00e9s M\u00fazeum","description":"","potentialAction":[{"@type":"SearchAction","target":{"@type":"EntryPoint","urlTemplate":"https:\/\/univet.hu\/konyvtar\/?s={search_term_string}"},"query-input":{"@type":"PropertyValueSpecification","valueRequired":true,"valueName":"search_term_string"}}],"inLanguage":"en-US"}]}},"_links":{"self":[{"href":"https:\/\/univet.hu\/konyvtar\/en\/wp-json\/wp\/v2\/pages\/824","targetHints":{"allow":["GET"]}}],"collection":[{"href":"https:\/\/univet.hu\/konyvtar\/en\/wp-json\/wp\/v2\/pages"}],"about":[{"href":"https:\/\/univet.hu\/konyvtar\/en\/wp-json\/wp\/v2\/types\/page"}],"author":[{"embeddable":true,"href":"https:\/\/univet.hu\/konyvtar\/en\/wp-json\/wp\/v2\/users\/58"}],"replies":[{"embeddable":true,"href":"https:\/\/univet.hu\/konyvtar\/en\/wp-json\/wp\/v2\/comments?post=824"}],"version-history":[{"count":5,"href":"https:\/\/univet.hu\/konyvtar\/en\/wp-json\/wp\/v2\/pages\/824\/revisions"}],"predecessor-version":[{"id":938,"href":"https:\/\/univet.hu\/konyvtar\/en\/wp-json\/wp\/v2\/pages\/824\/revisions\/938"}],"up":[{"embeddable":true,"href":"https:\/\/univet.hu\/konyvtar\/en\/wp-json\/wp\/v2\/pages\/818"}],"wp:attachment":[{"href":"https:\/\/univet.hu\/konyvtar\/en\/wp-json\/wp\/v2\/media?parent=824"}],"wp:term":[{"taxonomy":"category","embeddable":true,"href":"https:\/\/univet.hu\/konyvtar\/en\/wp-json\/wp\/v2\/categories?post=824"},{"taxonomy":"post_tag","embeddable":true,"href":"https:\/\/univet.hu\/konyvtar\/en\/wp-json\/wp\/v2\/tags?post=824"}],"curies":[{"name":"wp","href":"https:\/\/api.w.org\/{rel}","templated":true}]}}