{"id":1238,"date":"2026-01-14T19:57:04","date_gmt":"2026-01-14T18:57:04","guid":{"rendered":"https:\/\/univet.hu\/konyvtar\/?page_id=1238"},"modified":"2026-01-16T07:21:37","modified_gmt":"2026-01-16T06:21:37","slug":"mi-es-a-szakirodalomkereses","status":"publish","type":"page","link":"https:\/\/univet.hu\/konyvtar\/mesterseges-intelligencia-mi\/mi-es-a-szakirodalomkereses\/","title":{"rendered":"Szakirodalom keres\u00e9se MI-vel"},"content":{"rendered":"<p>Web of Science &#8211; <a href=\"https:\/\/www.webofscience.com\/wos\/woscc\/basic-search\" target=\"_blank\" rel=\"noopener\">Smart Search<\/a><\/p> <p>Egyetemi k\u00f6nyvt\u00e1runk el\u0151fizet\u00e9s\u00e9nek k\u00f6sz\u00f6nhet\u0151en hallgat\u00f3ink \u00e9s oktat\u00f3ink ingyenesen hozz\u00e1f\u00e9rhetnek a Web of Science adatb\u00e1zishoz, mint a vil\u00e1g egyik legelismertebb tudom\u00e1nyos hivatkoz\u00e1si \u00e9s keres\u0151fel\u00fclet\u00e9hez.\u00a0 A Web of Science <strong><em>Smart Search<\/em> <\/strong>funkci\u00f3ja mesters\u00e9ges intelligenci\u00e1t haszn\u00e1l, hogy a kutat\u00e1s gyorsabb, relev\u00e1nsabb \u00e9s egyszer\u0171bb legyen, akkor is, ha m\u00e9g nem ismeri valaki pontosan a szakter\u00fclet \u00f6sszes kulcsszav\u00e1t.<\/p> <p>Mit tud a Smart Search?<\/p> <ul> <li>Keres\u00e9s term\u00e9szetes nyelven: teljes mondatokban is k\u00e9rdezhetsz (pl. \u201eleg\u00fajabb kutat\u00e1sok a kl\u00edmav\u00e1ltoz\u00e1s gazdas\u00e1gi hat\u00e1sair\u00f3l\u201d)<\/li> <li>Relev\u00e1nsabb tal\u00e1latok: a rendszer \u00e9rtelmezi a kutat\u00e1si sz\u00e1nd\u00e9kot, nem csak a kulcsszavakat (ezt is ellen\u0151rzini kell).<\/li> <li>Kapcsol\u00f3d\u00f3 t\u00e9m\u00e1k felismer\u00e9se: seg\u00edt \u00faj ir\u00e1nyokat \u00e9s \u00f6sszef\u00fcgg\u00e9seket felfedezni.<\/li> <li>Id\u0151megtakar\u00edt\u00e1s: kevesebb finom\u00edt\u00e1s, gyorsabb eredm\u00e9nylista.<\/li> <\/ul> <p><strong>Keres\u00e9s okosan a mesters\u00e9ges intelligenci\u00e1val &#8211; promptol\u00e1s \u00e9s egyebek<\/strong><\/p> <p>A chat form\u00e1tum\u00fa mesters\u00e9ges intelligenci\u00e1k ma m\u00e1r t\u00f6bbf\u00e9le keres\u00e9si \u00e9s felhaszn\u00e1l\u00e1si m\u00f3dot k\u00edn\u00e1lnak. A szakirodalom-kutat\u00e1s szempontj\u00e1b\u00f3l k\u00fcl\u00f6n\u00f6sen azok az eszk\u00f6z\u00f6k \u00e9rt\u00e9kesek, amelyek a lehet\u0151 legfrissebb, az interneten el\u00e9rhet\u0151 inform\u00e1ci\u00f3kat is k\u00e9pesek feldolgozni (persze a legjobb, ha egy szakmai adatb\u00e1zisban kere nek\u00fcnk).<\/p> <p>Alapvet\u0151en k\u00e9t f\u0151 megk\u00f6zel\u00edt\u00e9s l\u00e9tezik:<\/p> <p>1) Egyszer\u0171 (prompt-alap\u00fa) keres\u00e9s, amikor k\u00e9rd\u00e9seket tesz\u00fcnk fel, \u00e9s gyors \u00e1ttekint\u00e9st kapunk egy t\u00e9m\u00e1r\u00f3l.<\/p> <p>2) MI-\u00fcgyn\u00f6k\u00f6k (AI agent) haszn\u00e1lata, amelyek \u00f6sszetettebb feladatokat v\u00e9geznek: t\u00f6bb l\u00e9p\u00e9sben keresnek, sz\u0171rnek, \u00f6sszegeznek \u00e9s javaslatokat tesznek.<\/p> <p>Ezek a megold\u00e1sok hat\u00e9konyan t\u00e1mogatj\u00e1k az eligazod\u00e1st a szakirodalomban, k\u00fcl\u00f6n\u00f6sen akkor, ha a c\u00e9l a gyors t\u00e1j\u00e9koz\u00f3d\u00e1s, \u00faj ir\u00e1nyok felfedez\u00e9se \u00e9s relev\u00e1ns forr\u00e1sok azonos\u00edt\u00e1sa.<\/p> <p>Az MI seg\u00edt\u0151nk l\u00e9trehoz\u00e1s\u00e1hoz is haszn\u00e1lhat\u00f3 maga az MI is.<\/p> <p><span style=\"font-family: 'courier new', courier, monospace\">\u00cdrj egy promptot egy kutat\u00e1si asszisztens l\u00e9trehoz\u00e1s\u00e1hoz, aki egyetemi kutat\u00f3csoportban lektor\u00e1lt szakcikkeket keres, legyen prec\u00edz \u00e9s csak olyan szakirodalmat keressen, amely letor\u00e1lt \u00e9s megfelel az egyetmei min\u0151s\u00e9gi ir\u00e1nyelveknek, hogy ezt felhaszn\u00e1lva k\u00e9sz\u00edthessek egy agentet.<\/span><\/p> <p>A fenti promptra kapott els\u0151 v\u00e1lasz, amelyet mi magunk tudunk finom\u00edtani, miel\u0151tt az MI asszisztens\u00fcnket l\u00e9trehozn\u00e1nk, pl. szakrer\u00fcletre is sz\u0171k\u00edthet\u00fcnk stb.<\/p> <hr \/> <p data-start=\"168\" data-end=\"224\"><span style=\"color: #333333;font-family: 'courier new', courier, monospace;font-size: 12pt\"><strong data-start=\"168\" data-end=\"224\">KUTAT\u00c1SI ASSZISZTENS (SZAKIRODALOM-KERES\u00c9S)<\/strong><\/span><\/p> <p data-start=\"226\" data-end=\"396\"><span style=\"color: #333333;font-family: 'courier new', courier, monospace;font-size: 12pt\">Te egy <strong data-start=\"233\" data-end=\"296\">egyetemi kutat\u00f3csoport sz\u00e1m\u00e1ra dolgoz\u00f3 kutat\u00e1si asszisztens<\/strong> vagy.<\/span><br data-start=\"302\" data-end=\"305\" \/><span style=\"color: #333333;font-family: 'courier new', courier, monospace;font-size: 12pt\">Feladatod <strong data-start=\"315\" data-end=\"372\">kiz\u00e1r\u00f3lag lektor\u00e1lt, tudom\u00e1nyos min\u0151s\u00e9g\u0171 szakirodalom<\/strong> keres\u00e9se \u00e9s el\u0151sz\u0171r\u00e9se.<\/span><\/p> <h3 data-start=\"398\" data-end=\"435\"><span style=\"color: #333333;font-family: 'courier new', courier, monospace;font-size: 12pt\">Alapelvek \u00e9s min\u0151s\u00e9gi krit\u00e9riumok<\/span><\/h3> <ol data-start=\"436\" data-end=\"1077\"> <li data-start=\"436\" data-end=\"648\"> <p data-start=\"439\" data-end=\"523\"><span style=\"color: #333333;font-family: 'courier new', courier, monospace;font-size: 12pt\"><strong data-start=\"439\" data-end=\"484\">Csak lektor\u00e1lt (peer-reviewed) forr\u00e1sokat<\/strong> haszn\u00e1lhatsz.<\/span><br data-start=\"498\" data-end=\"501\" \/><span style=\"color: #333333;font-family: 'courier new', courier, monospace;font-size: 12pt\">Elfogadott t\u00edpusok:<\/span><\/p> <ul data-start=\"527\" data-end=\"648\"> <li data-start=\"527\" data-end=\"557\"> <p data-start=\"529\" data-end=\"557\"><span style=\"color: #333333;font-family: 'courier new', courier, monospace;font-size: 12pt\">tudom\u00e1nyos foly\u00f3iratcikkek<\/span><\/p> <\/li> <li data-start=\"561\" data-end=\"596\"> <p data-start=\"563\" data-end=\"596\"><span style=\"color: #333333;font-family: 'courier new', courier, monospace;font-size: 12pt\">lektor\u00e1lt konferenciakiadv\u00e1nyok<\/span><\/p> <\/li> <li data-start=\"600\" data-end=\"648\"> <p data-start=\"602\" data-end=\"648\"><span style=\"color: #333333;font-family: 'courier new', courier, monospace;font-size: 12pt\">szisztematikus \u00e1ttekint\u00e9sek \u00e9s metaelemz\u00e9sek<\/span><\/p> <\/li> <\/ul> <\/li> <li data-start=\"650\" data-end=\"873\"> <p data-start=\"653\" data-end=\"674\"><span style=\"color: #333333;font-family: 'courier new', courier, monospace;font-size: 12pt\"><strong data-start=\"653\" data-end=\"673\">Nem haszn\u00e1lhatsz<\/strong>:<\/span><\/p> <ul data-start=\"678\" data-end=\"873\"> <li data-start=\"678\" data-end=\"717\"> <p data-start=\"680\" data-end=\"717\"><span style=\"color: #333333;font-family: 'courier new', courier, monospace;font-size: 12pt\">blogokat, ismeretterjeszt\u0151 cikkeket<\/span><\/p> <\/li> <li data-start=\"721\" data-end=\"747\"> <p data-start=\"723\" data-end=\"747\"><span style=\"color: #333333;font-family: 'courier new', courier, monospace;font-size: 12pt\">pred\u00e1tor foly\u00f3iratokat<\/span><\/p> <\/li> <li data-start=\"751\" data-end=\"832\"> <p data-start=\"753\" data-end=\"832\"><span style=\"color: #333333;font-family: 'courier new', courier, monospace;font-size: 12pt\">nem ellen\u0151rz\u00f6tt preprinteket (pl. arXiv, SSRN), kiv\u00e9ve ha k\u00fcl\u00f6n enged\u00e9lyezett<\/span><\/p> <\/li> <li data-start=\"836\" data-end=\"873\"> <p data-start=\"838\" data-end=\"873\"><span style=\"color: #333333;font-family: 'courier new', courier, monospace;font-size: 12pt\">Wikip\u00e9dia-jelleg\u0171 \u00f6sszefoglal\u00f3kat<\/span><\/p> <\/li> <\/ul> <\/li> <li data-start=\"875\" data-end=\"1077\"> <p data-start=\"878\" data-end=\"980\"><span style=\"color: #333333;font-family: 'courier new', courier, monospace;font-size: 12pt\">A forr\u00e1soknak <strong data-start=\"892\" data-end=\"958\">meg kell felelni\u00fck az egyetemi kutat\u00e1si min\u0151s\u00e9gi ir\u00e1nyelveknek<\/strong>, k\u00fcl\u00f6n\u00f6s tekintettel:<\/span><\/p> <ul data-start=\"984\" data-end=\"1077\"> <li data-start=\"984\" data-end=\"1012\"> <p data-start=\"986\" data-end=\"1012\"><span style=\"color: #333333;font-family: 'courier new', courier, monospace;font-size: 12pt\">tudom\u00e1nyos megb\u00edzhat\u00f3s\u00e1g<\/span><\/p> <\/li> <li data-start=\"1016\" data-end=\"1040\"> <p data-start=\"1018\" data-end=\"1040\"><span style=\"color: #333333;font-family: 'courier new', courier, monospace;font-size: 12pt\">\u00e1tl\u00e1that\u00f3 m\u00f3dszertan<\/span><\/p> <\/li> <li data-start=\"1044\" data-end=\"1077\"> <p data-start=\"1046\" data-end=\"1077\"><span style=\"color: #333333;font-family: 'courier new', courier, monospace;font-size: 12pt\">korrekt hivatkoz\u00e1si gyakorlat<\/span><\/p> <\/li> <\/ul> <\/li> <\/ol> <h3 data-start=\"1079\" data-end=\"1105\"><span style=\"color: #333333;font-family: 'courier new', courier, monospace;font-size: 12pt\">Keres\u00e9si k\u00f6vetelm\u00e9nyek<\/span><\/h3> <ul data-start=\"1106\" data-end=\"1375\"> <li data-start=\"1106\" data-end=\"1202\"> <p data-start=\"1108\" data-end=\"1202\"><span style=\"color: #333333;font-family: 'courier new', courier, monospace;font-size: 12pt\">R\u00e9szes\u00edtsd el\u0151nyben az <strong data-start=\"1131\" data-end=\"1186\">aktu\u00e1lis (lehet\u0151leg az elm\u00falt 5\u201310 \u00e9vben megjelent)<\/strong> publik\u00e1ci\u00f3kat<\/span><\/p> <\/li> <li data-start=\"1203\" data-end=\"1285\"> <p data-start=\"1205\" data-end=\"1285\"><span style=\"color: #333333;font-family: 'courier new', courier, monospace;font-size: 12pt\">Haszn\u00e1lj <strong data-start=\"1214\" data-end=\"1242\">t\u00f6bb keres\u00e9si strat\u00e9gi\u00e1t<\/strong> (kulcsszavak, szinonim\u00e1k, fogalmi h\u00e1l\u00f3k)<\/span><\/p> <\/li> <li data-start=\"1286\" data-end=\"1375\"> <p data-start=\"1288\" data-end=\"1375\"><span style=\"color: #333333;font-family: 'courier new', courier, monospace;font-size: 12pt\">Ha el\u00e9rhet\u0151, id\u00e9zetts\u00e9g \u00e9s foly\u00f3irat-min\u0151s\u00e9g (pl. Q1\/Q2 besorol\u00e1s) alapj\u00e1n prioriz\u00e1lj<\/span><\/p> <\/li> <\/ul> <h3 data-start=\"1377\" data-end=\"1395\"><span style=\"color: #333333;font-family: 'courier new', courier, monospace;font-size: 12pt\">Elv\u00e1rt kimenet<\/span><\/h3> <p data-start=\"1396\" data-end=\"1452\"><span style=\"color: #333333;font-family: 'courier new', courier, monospace;font-size: 12pt\">Minden tal\u00e1lt publik\u00e1ci\u00f3t az al\u00e1bbi form\u00e1tumban adj meg:<\/span><\/p> <ul data-start=\"1453\" data-end=\"1697\"> <li data-start=\"1453\" data-end=\"1466\"> <p data-start=\"1455\" data-end=\"1466\"><span style=\"color: #333333;font-family: 'courier new', courier, monospace;font-size: 12pt\">Szerz\u0151(k)<\/span><\/p> <\/li> <li data-start=\"1467\" data-end=\"1485\"> <p data-start=\"1469\" data-end=\"1485\"><span style=\"color: #333333;font-family: 'courier new', courier, monospace;font-size: 12pt\">Megjelen\u00e9s \u00e9ve<\/span><\/p> <\/li> <li data-start=\"1486\" data-end=\"1493\"> <p data-start=\"1488\" data-end=\"1493\"><span style=\"color: #333333;font-family: 'courier new', courier, monospace;font-size: 12pt\">C\u00edm<\/span><\/p> <\/li> <li data-start=\"1494\" data-end=\"1526\"> <p data-start=\"1496\" data-end=\"1526\"><span style=\"color: #333333;font-family: 'courier new', courier, monospace;font-size: 12pt\">Foly\u00f3irat \/ konferencia neve<\/span><\/p> <\/li> <li data-start=\"1527\" data-end=\"1557\"> <p data-start=\"1529\" data-end=\"1557\"><span style=\"color: #333333;font-family: 'courier new', courier, monospace;font-size: 12pt\">DOI vagy stabil hivatkoz\u00e1s<\/span><\/p> <\/li> <li data-start=\"1558\" data-end=\"1617\"> <p data-start=\"1560\" data-end=\"1617\"><span style=\"color: #333333;font-family: 'courier new', courier, monospace;font-size: 12pt\">R\u00f6vid (2\u20133 mondatos) tudom\u00e1nyos relevancia-\u00f6sszefoglal\u00f3<\/span><\/p> <\/li> <li data-start=\"1618\" data-end=\"1697\"> <p data-start=\"1620\" data-end=\"1697\"><span style=\"color: #333333;font-family: 'courier new', courier, monospace;font-size: 12pt\">Indokl\u00e1s, mi\u00e9rt felel meg a lektor\u00e1lt \u00e9s egyetemi min\u0151s\u00e9gi k\u00f6vetelm\u00e9nyeknek<\/span><\/p> <\/li> <\/ul> <h3 data-start=\"1699\" data-end=\"1715\"><span style=\"color: #333333;font-family: 'courier new', courier, monospace;font-size: 12pt\">M\u0171k\u00f6d\u00e9si elv<\/span><\/h3> <ul data-start=\"1716\" data-end=\"1921\"> <li data-start=\"1716\" data-end=\"1781\"> <p data-start=\"1718\" data-end=\"1781\"><span style=\"color: #333333;font-family: 'courier new', courier, monospace;font-size: 12pt\">L\u00e9gy <strong data-start=\"1723\" data-end=\"1758\">prec\u00edz, kritikus \u00e9s konzervat\u00edv<\/strong> a forr\u00e1sv\u00e1laszt\u00e1sban<\/span><\/p> <\/li> <li data-start=\"1782\" data-end=\"1841\"> <p data-start=\"1784\" data-end=\"1841\"><span style=\"color: #333333;font-family: 'courier new', courier, monospace;font-size: 12pt\">Ha egy forr\u00e1s min\u0151s\u00e9ge bizonytalan, <strong data-start=\"1820\" data-end=\"1839\">ink\u00e1bb hagyd ki<\/strong><\/span><\/p> <\/li> <li data-start=\"1842\" data-end=\"1921\"> <p data-start=\"1844\" data-end=\"1921\"><span style=\"color: #333333;font-family: 'courier new', courier, monospace;font-size: 12pt\">Ha nem tal\u00e1lsz megfelel\u0151 lektor\u00e1lt szakirodalmat, ezt <strong data-start=\"1898\" data-end=\"1921\">jelezd egy\u00e9rtelm\u0171en<\/strong><\/span><\/p> <\/li> <\/ul> <p data-start=\"1923\" data-end=\"2061\"><span style=\"color: #333333;font-family: 'courier new', courier, monospace;font-size: 12pt\">C\u00e9lod, hogy a keres\u00e9si eredm\u00e9nyek <strong data-start=\"1957\" data-end=\"1997\">k\u00f6zvetlen\u00fcl felhaszn\u00e1lhat\u00f3k legyenek<\/strong> egy egyetemi kutat\u00e1shoz, publik\u00e1ci\u00f3hoz vagy p\u00e1ly\u00e1zati anyaghoz.<\/span><\/p> <hr \/> <p>A keres\u00e9shez r\u00f6vid p\u00e9lda prompt:<\/p> <p>a. <span style=\"font-family: 'courier new', courier, monospace\">keress nemzetk\u00f6zi szakcikket, amelyben a kuty\u00e1k cs\u00edp\u0151 iz\u00fcleti diszpl\u00e1zi\u00e1j\u00e1nak m\u0171t\u00e9t n\u00e9lk\u00fcli kezel\u00e9s lehet\u0151s\u00e9geir\u0151l van sz\u00f3 berni p\u00e1sztorokn\u00e1l.<\/span><br \/> b. <span style=\"font-family: 'courier new', courier, monospace\">keress olyan szakcikkeket, amelyek a gazd\u00e1k t\u00e1j\u00e9koztat\u00e1s\u00e1val kapcsolatos elv\u00e1r\u00e1sokat fogalmaznak meg, els\u0151sorban a 2020-as \u00e9vekt\u0151l a t\u00e1rs\u00e1llatokra vonatkoiz\u00f3an.<\/span><\/p> <p><strong>Mi a fontos a tal\u00e1latok \u00e9rt\u00e9kel\u00e9s\u00e9n\u00e9l?<\/strong><\/p> <p>A tal\u00e1latok \u00e1ttekint\u00e9sekor ne el\u00e9gedj\u00fcnk meg az MI vagy a keres\u0151rendszer \u00e1ltal adott le\u00edr\u00e1ssal. Ezek hasznos kiindul\u00f3pontok lehetnek, de nem helyettes\u00edtik a forr\u00e1s kritikus olvas\u00e1s\u00e1t.<\/p> <p>A megalapozott d\u00f6nt\u00e9shez:<\/p> <ul> <li>Olvassuk el az absztraktot, hogy pontos k\u00e9pet kapjunk a kutat\u00e1s c\u00e9lj\u00e1r\u00f3l, m\u00f3dszertan\u00e1r\u00f3l \u00e9s eredm\u00e9nyeir\u0151l.<\/li> <li>Ezut\u00e1n tekints\u00fck \u00e1t a k\u00f6vetkeztet\u00e9seket \/ \u00f6sszefoglal\u00f3t, ahol a szerz\u0151k \u00e9rtelmezik az eredm\u00e9nyeket.<\/li> <li>Ha konkr\u00e9t k\u00e9rd\u00e9s\u00fcnk van, keress\u00fcnk r\u00e1 a teljes sz\u00f6vegben az adott kulcssz\u00f3ra vagy fogalomra.<\/li> <li>Olvassuk el a cikket.<\/li> <li>Vizsg\u00e1ljuk meg az \u00e9rintett sz\u00f6vegr\u00e9szeket r\u00e9szletesen, hogy val\u00f3ban azt \u00e1ll\u00edtja-e a cikk, ami sz\u00e1munkra relev\u00e1ns.<\/li> <\/ul> <p>Csak \u00edgy gy\u0151z\u0151dhet\u00fcnk meg arr\u00f3l, hogy a publik\u00e1ci\u00f3 t\u00e9nylegesen tartalmazza-e azokat az inform\u00e1ci\u00f3kat, amelyekre a kutat\u00e1sunkhoz sz\u00fcks\u00e9g\u00fcnk van \u00e9s amelyekr\u0151l az MI azt \u00e1ll\u00edtotta, hogy szerepelnek benne.<\/p> <p>A d\u00f6nt\u00e9s \u00e9s a felel\u0151ss\u00e9g mindig az ember kez\u00e9ben marad. Nem passz\u00edvan \u201eelfogadjuk\u201d a kapott tal\u00e1latokat, hanem akt\u00edvan alak\u00edtjuk a folyamatot: pontos\u00edtjuk a k\u00e9rd\u00e9seinket, \u00fajrafogalmazzuk a keres\u00e9st, \u00e9s kritikusan \u00e9rt\u00e9kelj\u00fck az eredm\u00e9nyeket.<br \/> A mesters\u00e9ges intelligencia nem d\u00f6nthet helyett\u00fcnk, csup\u00e1n asszisztens, amely abban seg\u00edt, hogy a munka gyorsabb\u00e1, \u00e1tl\u00e1that\u00f3bb\u00e1 \u00e9s hat\u00e9konyabb\u00e1 v\u00e1ljon.<\/p>","protected":false},"excerpt":{"rendered":"<p>Web of Science &#8211; Smart Search Egyetemi k\u00f6nyvt\u00e1runk el\u0151fizet\u00e9s\u00e9nek k\u00f6sz\u00f6nhet\u0151en hallgat\u00f3ink \u00e9s oktat\u00f3ink ingyenesen hozz\u00e1f\u00e9rhetnek a Web of Science adatb\u00e1zishoz, mint a vil\u00e1g egyik legelismertebb tudom\u00e1nyos hivatkoz\u00e1si \u00e9s keres\u0151fel\u00fclet\u00e9hez.\u00a0 A Web of Science Smart Search funkci\u00f3ja mesters\u00e9ges intelligenci\u00e1t haszn\u00e1l, hogy a kutat\u00e1s gyorsabb, relev\u00e1nsabb \u00e9s egyszer\u0171bb legyen, akkor is, ha m\u00e9g nem ismeri valaki pontosan<\/p>\n","protected":false},"author":58,"featured_media":0,"parent":816,"menu_order":2,"comment_status":"closed","ping_status":"closed","template":"","meta":{"_acf_changed":false,"_eb_attr":"","footnotes":""},"categories":[34],"tags":[],"class_list":["post-1238","page","type-page","status-publish","hentry","category-mesterseges-intelligencia"],"acf":[],"yoast_head":"<!-- This site is optimized with the Yoast SEO plugin v27.2 - https:\/\/yoast.com\/product\/yoast-seo-wordpress\/ -->\n<title>Szakirodalom keres\u00e9se MI-vel - Hut\u00ffra Ferenc K\u00f6nyvt\u00e1r, Lev\u00e9lt\u00e1r \u00e9s M\u00fazeum<\/title>\n<meta name=\"robots\" content=\"index, follow, max-snippet:-1, max-image-preview:large, max-video-preview:-1\" \/>\n<link rel=\"canonical\" href=\"https:\/\/univet.hu\/konyvtar\/mesterseges-intelligencia-mi\/mi-es-a-szakirodalomkereses\/\" \/>\n<meta property=\"og:locale\" content=\"hu_HU\" \/>\n<meta property=\"og:type\" content=\"article\" \/>\n<meta property=\"og:title\" content=\"Szakirodalom keres\u00e9se MI-vel - Hut\u00ffra Ferenc K\u00f6nyvt\u00e1r, Lev\u00e9lt\u00e1r \u00e9s M\u00fazeum\" \/>\n<meta property=\"og:description\" content=\"Web of Science &#8211; Smart Search Egyetemi k\u00f6nyvt\u00e1runk el\u0151fizet\u00e9s\u00e9nek k\u00f6sz\u00f6nhet\u0151en hallgat\u00f3ink \u00e9s oktat\u00f3ink ingyenesen hozz\u00e1f\u00e9rhetnek a Web of Science adatb\u00e1zishoz, mint a vil\u00e1g egyik legelismertebb tudom\u00e1nyos hivatkoz\u00e1si \u00e9s keres\u0151fel\u00fclet\u00e9hez.\u00a0 A Web of Science Smart Search funkci\u00f3ja mesters\u00e9ges intelligenci\u00e1t haszn\u00e1l, hogy a kutat\u00e1s gyorsabb, relev\u00e1nsabb \u00e9s egyszer\u0171bb legyen, akkor is, ha m\u00e9g nem ismeri valaki pontosan\" \/>\n<meta property=\"og:url\" content=\"https:\/\/univet.hu\/konyvtar\/mesterseges-intelligencia-mi\/mi-es-a-szakirodalomkereses\/\" \/>\n<meta property=\"og:site_name\" content=\"Hut\u00ffra Ferenc K\u00f6nyvt\u00e1r, Lev\u00e9lt\u00e1r \u00e9s M\u00fazeum\" \/>\n<meta property=\"article:modified_time\" content=\"2026-01-16T06:21:37+00:00\" \/>\n<meta name=\"twitter:card\" content=\"summary_large_image\" \/>\n<meta name=\"twitter:label1\" content=\"Becs\u00fclt olvas\u00e1si id\u0151\" \/>\n\t<meta name=\"twitter:data1\" content=\"4 perc\" \/>\n<script type=\"application\/ld+json\" class=\"yoast-schema-graph\">{\"@context\":\"https:\/\/schema.org\",\"@graph\":[{\"@type\":\"WebPage\",\"@id\":\"https:\/\/univet.hu\/konyvtar\/mesterseges-intelligencia-mi\/mi-es-a-szakirodalomkereses\/\",\"url\":\"https:\/\/univet.hu\/konyvtar\/mesterseges-intelligencia-mi\/mi-es-a-szakirodalomkereses\/\",\"name\":\"Szakirodalom keres\u00e9se MI-vel - Hut\u00ffra Ferenc K\u00f6nyvt\u00e1r, Lev\u00e9lt\u00e1r \u00e9s M\u00fazeum\",\"isPartOf\":{\"@id\":\"https:\/\/univet.hu\/konyvtar\/#website\"},\"datePublished\":\"2026-01-14T18:57:04+00:00\",\"dateModified\":\"2026-01-16T06:21:37+00:00\",\"breadcrumb\":{\"@id\":\"https:\/\/univet.hu\/konyvtar\/mesterseges-intelligencia-mi\/mi-es-a-szakirodalomkereses\/#breadcrumb\"},\"inLanguage\":\"hu\",\"potentialAction\":[{\"@type\":\"ReadAction\",\"target\":[\"https:\/\/univet.hu\/konyvtar\/mesterseges-intelligencia-mi\/mi-es-a-szakirodalomkereses\/\"]}]},{\"@type\":\"BreadcrumbList\",\"@id\":\"https:\/\/univet.hu\/konyvtar\/mesterseges-intelligencia-mi\/mi-es-a-szakirodalomkereses\/#breadcrumb\",\"itemListElement\":[{\"@type\":\"ListItem\",\"position\":1,\"name\":\"Kezd\u0151lap\",\"item\":\"https:\/\/univet.hu\/konyvtar\/\"},{\"@type\":\"ListItem\",\"position\":2,\"name\":\"Mesters\u00e9ges intelligencia\",\"item\":\"https:\/\/univet.hu\/konyvtar\/mesterseges-intelligencia-mi\/\"},{\"@type\":\"ListItem\",\"position\":3,\"name\":\"Szakirodalom keres\u00e9se MI-vel\"}]},{\"@type\":\"WebSite\",\"@id\":\"https:\/\/univet.hu\/konyvtar\/#website\",\"url\":\"https:\/\/univet.hu\/konyvtar\/\",\"name\":\"Hut\u00ffra Ferenc K\u00f6nyvt\u00e1r, Lev\u00e9lt\u00e1r \u00e9s M\u00fazeum\",\"description\":\"\",\"potentialAction\":[{\"@type\":\"SearchAction\",\"target\":{\"@type\":\"EntryPoint\",\"urlTemplate\":\"https:\/\/univet.hu\/konyvtar\/?s={search_term_string}\"},\"query-input\":{\"@type\":\"PropertyValueSpecification\",\"valueRequired\":true,\"valueName\":\"search_term_string\"}}],\"inLanguage\":\"hu\"}]}<\/script>\n<!-- \/ Yoast SEO plugin. -->","yoast_head_json":{"title":"Szakirodalom keres\u00e9se MI-vel - Hut\u00ffra Ferenc K\u00f6nyvt\u00e1r, Lev\u00e9lt\u00e1r \u00e9s M\u00fazeum","robots":{"index":"index","follow":"follow","max-snippet":"max-snippet:-1","max-image-preview":"max-image-preview:large","max-video-preview":"max-video-preview:-1"},"canonical":"https:\/\/univet.hu\/konyvtar\/mesterseges-intelligencia-mi\/mi-es-a-szakirodalomkereses\/","og_locale":"hu_HU","og_type":"article","og_title":"Szakirodalom keres\u00e9se MI-vel - Hut\u00ffra Ferenc K\u00f6nyvt\u00e1r, Lev\u00e9lt\u00e1r \u00e9s M\u00fazeum","og_description":"Web of Science &#8211; Smart Search Egyetemi k\u00f6nyvt\u00e1runk el\u0151fizet\u00e9s\u00e9nek k\u00f6sz\u00f6nhet\u0151en hallgat\u00f3ink \u00e9s oktat\u00f3ink ingyenesen hozz\u00e1f\u00e9rhetnek a Web of Science adatb\u00e1zishoz, mint a vil\u00e1g egyik legelismertebb tudom\u00e1nyos hivatkoz\u00e1si \u00e9s keres\u0151fel\u00fclet\u00e9hez.\u00a0 A Web of Science Smart Search funkci\u00f3ja mesters\u00e9ges intelligenci\u00e1t haszn\u00e1l, hogy a kutat\u00e1s gyorsabb, relev\u00e1nsabb \u00e9s egyszer\u0171bb legyen, akkor is, ha m\u00e9g nem ismeri valaki pontosan","og_url":"https:\/\/univet.hu\/konyvtar\/mesterseges-intelligencia-mi\/mi-es-a-szakirodalomkereses\/","og_site_name":"Hut\u00ffra Ferenc K\u00f6nyvt\u00e1r, Lev\u00e9lt\u00e1r \u00e9s M\u00fazeum","article_modified_time":"2026-01-16T06:21:37+00:00","twitter_card":"summary_large_image","twitter_misc":{"Becs\u00fclt olvas\u00e1si id\u0151":"4 perc"},"schema":{"@context":"https:\/\/schema.org","@graph":[{"@type":"WebPage","@id":"https:\/\/univet.hu\/konyvtar\/mesterseges-intelligencia-mi\/mi-es-a-szakirodalomkereses\/","url":"https:\/\/univet.hu\/konyvtar\/mesterseges-intelligencia-mi\/mi-es-a-szakirodalomkereses\/","name":"Szakirodalom keres\u00e9se MI-vel - Hut\u00ffra Ferenc K\u00f6nyvt\u00e1r, Lev\u00e9lt\u00e1r \u00e9s M\u00fazeum","isPartOf":{"@id":"https:\/\/univet.hu\/konyvtar\/#website"},"datePublished":"2026-01-14T18:57:04+00:00","dateModified":"2026-01-16T06:21:37+00:00","breadcrumb":{"@id":"https:\/\/univet.hu\/konyvtar\/mesterseges-intelligencia-mi\/mi-es-a-szakirodalomkereses\/#breadcrumb"},"inLanguage":"hu","potentialAction":[{"@type":"ReadAction","target":["https:\/\/univet.hu\/konyvtar\/mesterseges-intelligencia-mi\/mi-es-a-szakirodalomkereses\/"]}]},{"@type":"BreadcrumbList","@id":"https:\/\/univet.hu\/konyvtar\/mesterseges-intelligencia-mi\/mi-es-a-szakirodalomkereses\/#breadcrumb","itemListElement":[{"@type":"ListItem","position":1,"name":"Kezd\u0151lap","item":"https:\/\/univet.hu\/konyvtar\/"},{"@type":"ListItem","position":2,"name":"Mesters\u00e9ges intelligencia","item":"https:\/\/univet.hu\/konyvtar\/mesterseges-intelligencia-mi\/"},{"@type":"ListItem","position":3,"name":"Szakirodalom keres\u00e9se MI-vel"}]},{"@type":"WebSite","@id":"https:\/\/univet.hu\/konyvtar\/#website","url":"https:\/\/univet.hu\/konyvtar\/","name":"Hut\u00ffra Ferenc K\u00f6nyvt\u00e1r, Lev\u00e9lt\u00e1r \u00e9s M\u00fazeum","description":"","potentialAction":[{"@type":"SearchAction","target":{"@type":"EntryPoint","urlTemplate":"https:\/\/univet.hu\/konyvtar\/?s={search_term_string}"},"query-input":{"@type":"PropertyValueSpecification","valueRequired":true,"valueName":"search_term_string"}}],"inLanguage":"hu"}]}},"_links":{"self":[{"href":"https:\/\/univet.hu\/konyvtar\/wp-json\/wp\/v2\/pages\/1238","targetHints":{"allow":["GET"]}}],"collection":[{"href":"https:\/\/univet.hu\/konyvtar\/wp-json\/wp\/v2\/pages"}],"about":[{"href":"https:\/\/univet.hu\/konyvtar\/wp-json\/wp\/v2\/types\/page"}],"author":[{"embeddable":true,"href":"https:\/\/univet.hu\/konyvtar\/wp-json\/wp\/v2\/users\/58"}],"replies":[{"embeddable":true,"href":"https:\/\/univet.hu\/konyvtar\/wp-json\/wp\/v2\/comments?post=1238"}],"version-history":[{"count":5,"href":"https:\/\/univet.hu\/konyvtar\/wp-json\/wp\/v2\/pages\/1238\/revisions"}],"predecessor-version":[{"id":1259,"href":"https:\/\/univet.hu\/konyvtar\/wp-json\/wp\/v2\/pages\/1238\/revisions\/1259"}],"up":[{"embeddable":true,"href":"https:\/\/univet.hu\/konyvtar\/wp-json\/wp\/v2\/pages\/816"}],"wp:attachment":[{"href":"https:\/\/univet.hu\/konyvtar\/wp-json\/wp\/v2\/media?parent=1238"}],"wp:term":[{"taxonomy":"category","embeddable":true,"href":"https:\/\/univet.hu\/konyvtar\/wp-json\/wp\/v2\/categories?post=1238"},{"taxonomy":"post_tag","embeddable":true,"href":"https:\/\/univet.hu\/konyvtar\/wp-json\/wp\/v2\/tags?post=1238"}],"curies":[{"name":"wp","href":"https:\/\/api.w.org\/{rel}","templated":true}]}}