{"id":1248,"date":"2026-01-16T07:04:49","date_gmt":"2026-01-16T06:04:49","guid":{"rendered":"https:\/\/univet.hu\/konyvtar\/?page_id=1248"},"modified":"2026-01-16T07:06:06","modified_gmt":"2026-01-16T06:06:06","slug":"mi-hatasa-a-kornyezetre","status":"publish","type":"page","link":"https:\/\/univet.hu\/konyvtar\/mesterseges-intelligencia-mi\/mi-hatasa-a-kornyezetre\/","title":{"rendered":"MI hat\u00e1sa a k\u00f6rnyezetre"},"content":{"rendered":"<p>A mesters\u00e9ges intelligencia alkalmaz\u00e1sa jelent\u0151s k\u00f6rnyezeti hat\u00e1ssal j\u00e1r, mert a modellek tan\u00edt\u00e1sa \u00e9s futtat\u00e1sa nagy energia- \u00e9s v\u00edzig\u00e9ny\u0171 adatk\u00f6zpontokra t\u00e1maszkodik. Ez n\u00f6velheti a sz\u00e9n-dioxid-kibocs\u00e1t\u00e1st \u00e9s az elektronikai hullad\u00e9k mennyis\u00e9g\u00e9t, k\u00fcl\u00f6n\u00f6sen akkor, ha az energia nem meg\u00fajul\u00f3 forr\u00e1sb\u00f3l sz\u00e1rmazik. Ugyanakkor az MI hat\u00e9konyabb\u00e1 teheti az ipari folyamatokat, az energiagazd\u00e1lkod\u00e1st \u00e9s a k\u00f6zleked\u00e9st, ami \u00f6sszess\u00e9g\u00e9ben cs\u00f6kkentheti a kibocs\u00e1t\u00e1sokat.<br data-start=\"468\" data-end=\"471\" \/>Az MI \u00f6kol\u00f3giai l\u00e1bnyomunk m\u00e9rs\u00e9kl\u00e9s\u00e9hez kulcsfontoss\u00e1g\u00fa az \u00e1tgondolt alkalmaz\u00e1s: csak akkor \u00e9s el\u0151re tervezetten haszn\u00e1ljuk az MI-t, amikor val\u00f3di hozz\u00e1adott \u00e9rt\u00e9ket teremt. Ker\u00fclj\u00fck a felesleges, mindenre kiterjed\u0151 \u00e9s sokszor ism\u00e9telt futtat\u00e1sokat, mert ezek ar\u00e1nytalanul n\u00f6velik az er\u0151forr\u00e1s-felhaszn\u00e1l\u00e1st. \u00c9rdemes kisebb, c\u00e9lzott modelleket v\u00e1lasztani, optimaliz\u00e1lni a feladatokat \u00e9s az eredm\u00e9nyek \u00fajrafelhaszn\u00e1l\u00e1s\u00e1t, valamint el\u0151nyben r\u00e9szes\u00edteni az energiahat\u00e9kony infrastrukt\u00far\u00e1t.<br data-start=\"1082\" data-end=\"1085\" \/><strong>V\u00e9gs\u0151 soron a tudatos d\u00f6nt\u00e9sek \u00e9s a m\u00e9rt\u00e9kletes haszn\u00e1lat teszik lehet\u0151v\u00e9, hogy az MI el\u0151nyeit kihaszn\u00e1lva k\u00f6zben felel\u0151sen b\u00e1njunk a bolyg\u00f3 er\u0151forr\u00e1saival.<\/strong><\/p>","protected":false},"excerpt":{"rendered":"<p>A mesters\u00e9ges intelligencia alkalmaz\u00e1sa jelent\u0151s k\u00f6rnyezeti hat\u00e1ssal j\u00e1r, mert a modellek tan\u00edt\u00e1sa \u00e9s futtat\u00e1sa nagy energia- \u00e9s v\u00edzig\u00e9ny\u0171 adatk\u00f6zpontokra t\u00e1maszkodik. Ez n\u00f6velheti a sz\u00e9n-dioxid-kibocs\u00e1t\u00e1st \u00e9s az elektronikai hullad\u00e9k mennyis\u00e9g\u00e9t, k\u00fcl\u00f6n\u00f6sen akkor, ha az energia nem meg\u00fajul\u00f3 forr\u00e1sb\u00f3l sz\u00e1rmazik. Ugyanakkor az MI hat\u00e9konyabb\u00e1 teheti az ipari folyamatokat, az energiagazd\u00e1lkod\u00e1st \u00e9s a k\u00f6zleked\u00e9st, ami \u00f6sszess\u00e9g\u00e9ben cs\u00f6kkentheti a<\/p>\n","protected":false},"author":58,"featured_media":0,"parent":816,"menu_order":3,"comment_status":"closed","ping_status":"closed","template":"","meta":{"_acf_changed":false,"_eb_attr":"","footnotes":""},"categories":[34],"tags":[],"class_list":["post-1248","page","type-page","status-publish","hentry","category-mesterseges-intelligencia"],"acf":[],"yoast_head":"<!-- This site is optimized with the Yoast SEO plugin v27.2 - https:\/\/yoast.com\/product\/yoast-seo-wordpress\/ -->\n<title>MI hat\u00e1sa a k\u00f6rnyezetre - Hut\u00ffra Ferenc K\u00f6nyvt\u00e1r, Lev\u00e9lt\u00e1r \u00e9s M\u00fazeum<\/title>\n<meta name=\"robots\" content=\"index, follow, max-snippet:-1, max-image-preview:large, max-video-preview:-1\" \/>\n<link rel=\"canonical\" href=\"https:\/\/univet.hu\/konyvtar\/mesterseges-intelligencia-mi\/mi-hatasa-a-kornyezetre\/\" \/>\n<meta property=\"og:locale\" content=\"hu_HU\" \/>\n<meta property=\"og:type\" content=\"article\" \/>\n<meta property=\"og:title\" content=\"MI hat\u00e1sa a k\u00f6rnyezetre - Hut\u00ffra Ferenc K\u00f6nyvt\u00e1r, Lev\u00e9lt\u00e1r \u00e9s M\u00fazeum\" \/>\n<meta property=\"og:description\" content=\"A mesters\u00e9ges intelligencia alkalmaz\u00e1sa jelent\u0151s k\u00f6rnyezeti hat\u00e1ssal j\u00e1r, mert a modellek tan\u00edt\u00e1sa \u00e9s futtat\u00e1sa nagy energia- \u00e9s v\u00edzig\u00e9ny\u0171 adatk\u00f6zpontokra t\u00e1maszkodik. Ez n\u00f6velheti a sz\u00e9n-dioxid-kibocs\u00e1t\u00e1st \u00e9s az elektronikai hullad\u00e9k mennyis\u00e9g\u00e9t, k\u00fcl\u00f6n\u00f6sen akkor, ha az energia nem meg\u00fajul\u00f3 forr\u00e1sb\u00f3l sz\u00e1rmazik. Ugyanakkor az MI hat\u00e9konyabb\u00e1 teheti az ipari folyamatokat, az energiagazd\u00e1lkod\u00e1st \u00e9s a k\u00f6zleked\u00e9st, ami \u00f6sszess\u00e9g\u00e9ben cs\u00f6kkentheti a\" \/>\n<meta property=\"og:url\" content=\"https:\/\/univet.hu\/konyvtar\/mesterseges-intelligencia-mi\/mi-hatasa-a-kornyezetre\/\" \/>\n<meta property=\"og:site_name\" content=\"Hut\u00ffra Ferenc K\u00f6nyvt\u00e1r, Lev\u00e9lt\u00e1r \u00e9s M\u00fazeum\" \/>\n<meta property=\"article:modified_time\" content=\"2026-01-16T06:06:06+00:00\" \/>\n<meta name=\"twitter:card\" content=\"summary_large_image\" \/>\n<meta name=\"twitter:label1\" content=\"Becs\u00fclt olvas\u00e1si id\u0151\" \/>\n\t<meta name=\"twitter:data1\" content=\"1 perc\" \/>\n<script type=\"application\/ld+json\" class=\"yoast-schema-graph\">{\"@context\":\"https:\/\/schema.org\",\"@graph\":[{\"@type\":\"WebPage\",\"@id\":\"https:\/\/univet.hu\/konyvtar\/mesterseges-intelligencia-mi\/mi-hatasa-a-kornyezetre\/\",\"url\":\"https:\/\/univet.hu\/konyvtar\/mesterseges-intelligencia-mi\/mi-hatasa-a-kornyezetre\/\",\"name\":\"MI hat\u00e1sa a k\u00f6rnyezetre - Hut\u00ffra Ferenc K\u00f6nyvt\u00e1r, Lev\u00e9lt\u00e1r \u00e9s M\u00fazeum\",\"isPartOf\":{\"@id\":\"https:\/\/univet.hu\/konyvtar\/#website\"},\"datePublished\":\"2026-01-16T06:04:49+00:00\",\"dateModified\":\"2026-01-16T06:06:06+00:00\",\"breadcrumb\":{\"@id\":\"https:\/\/univet.hu\/konyvtar\/mesterseges-intelligencia-mi\/mi-hatasa-a-kornyezetre\/#breadcrumb\"},\"inLanguage\":\"hu\",\"potentialAction\":[{\"@type\":\"ReadAction\",\"target\":[\"https:\/\/univet.hu\/konyvtar\/mesterseges-intelligencia-mi\/mi-hatasa-a-kornyezetre\/\"]}]},{\"@type\":\"BreadcrumbList\",\"@id\":\"https:\/\/univet.hu\/konyvtar\/mesterseges-intelligencia-mi\/mi-hatasa-a-kornyezetre\/#breadcrumb\",\"itemListElement\":[{\"@type\":\"ListItem\",\"position\":1,\"name\":\"Kezd\u0151lap\",\"item\":\"https:\/\/univet.hu\/konyvtar\/\"},{\"@type\":\"ListItem\",\"position\":2,\"name\":\"Mesters\u00e9ges intelligencia\",\"item\":\"https:\/\/univet.hu\/konyvtar\/mesterseges-intelligencia-mi\/\"},{\"@type\":\"ListItem\",\"position\":3,\"name\":\"MI hat\u00e1sa a k\u00f6rnyezetre\"}]},{\"@type\":\"WebSite\",\"@id\":\"https:\/\/univet.hu\/konyvtar\/#website\",\"url\":\"https:\/\/univet.hu\/konyvtar\/\",\"name\":\"Hut\u00ffra Ferenc K\u00f6nyvt\u00e1r, Lev\u00e9lt\u00e1r \u00e9s M\u00fazeum\",\"description\":\"\",\"potentialAction\":[{\"@type\":\"SearchAction\",\"target\":{\"@type\":\"EntryPoint\",\"urlTemplate\":\"https:\/\/univet.hu\/konyvtar\/?s={search_term_string}\"},\"query-input\":{\"@type\":\"PropertyValueSpecification\",\"valueRequired\":true,\"valueName\":\"search_term_string\"}}],\"inLanguage\":\"hu\"}]}<\/script>\n<!-- \/ Yoast SEO plugin. -->","yoast_head_json":{"title":"MI hat\u00e1sa a k\u00f6rnyezetre - Hut\u00ffra Ferenc K\u00f6nyvt\u00e1r, Lev\u00e9lt\u00e1r \u00e9s M\u00fazeum","robots":{"index":"index","follow":"follow","max-snippet":"max-snippet:-1","max-image-preview":"max-image-preview:large","max-video-preview":"max-video-preview:-1"},"canonical":"https:\/\/univet.hu\/konyvtar\/mesterseges-intelligencia-mi\/mi-hatasa-a-kornyezetre\/","og_locale":"hu_HU","og_type":"article","og_title":"MI hat\u00e1sa a k\u00f6rnyezetre - Hut\u00ffra Ferenc K\u00f6nyvt\u00e1r, Lev\u00e9lt\u00e1r \u00e9s M\u00fazeum","og_description":"A mesters\u00e9ges intelligencia alkalmaz\u00e1sa jelent\u0151s k\u00f6rnyezeti hat\u00e1ssal j\u00e1r, mert a modellek tan\u00edt\u00e1sa \u00e9s futtat\u00e1sa nagy energia- \u00e9s v\u00edzig\u00e9ny\u0171 adatk\u00f6zpontokra t\u00e1maszkodik. Ez n\u00f6velheti a sz\u00e9n-dioxid-kibocs\u00e1t\u00e1st \u00e9s az elektronikai hullad\u00e9k mennyis\u00e9g\u00e9t, k\u00fcl\u00f6n\u00f6sen akkor, ha az energia nem meg\u00fajul\u00f3 forr\u00e1sb\u00f3l sz\u00e1rmazik. Ugyanakkor az MI hat\u00e9konyabb\u00e1 teheti az ipari folyamatokat, az energiagazd\u00e1lkod\u00e1st \u00e9s a k\u00f6zleked\u00e9st, ami \u00f6sszess\u00e9g\u00e9ben cs\u00f6kkentheti a","og_url":"https:\/\/univet.hu\/konyvtar\/mesterseges-intelligencia-mi\/mi-hatasa-a-kornyezetre\/","og_site_name":"Hut\u00ffra Ferenc K\u00f6nyvt\u00e1r, Lev\u00e9lt\u00e1r \u00e9s M\u00fazeum","article_modified_time":"2026-01-16T06:06:06+00:00","twitter_card":"summary_large_image","twitter_misc":{"Becs\u00fclt olvas\u00e1si id\u0151":"1 perc"},"schema":{"@context":"https:\/\/schema.org","@graph":[{"@type":"WebPage","@id":"https:\/\/univet.hu\/konyvtar\/mesterseges-intelligencia-mi\/mi-hatasa-a-kornyezetre\/","url":"https:\/\/univet.hu\/konyvtar\/mesterseges-intelligencia-mi\/mi-hatasa-a-kornyezetre\/","name":"MI hat\u00e1sa a k\u00f6rnyezetre - Hut\u00ffra Ferenc K\u00f6nyvt\u00e1r, Lev\u00e9lt\u00e1r \u00e9s M\u00fazeum","isPartOf":{"@id":"https:\/\/univet.hu\/konyvtar\/#website"},"datePublished":"2026-01-16T06:04:49+00:00","dateModified":"2026-01-16T06:06:06+00:00","breadcrumb":{"@id":"https:\/\/univet.hu\/konyvtar\/mesterseges-intelligencia-mi\/mi-hatasa-a-kornyezetre\/#breadcrumb"},"inLanguage":"hu","potentialAction":[{"@type":"ReadAction","target":["https:\/\/univet.hu\/konyvtar\/mesterseges-intelligencia-mi\/mi-hatasa-a-kornyezetre\/"]}]},{"@type":"BreadcrumbList","@id":"https:\/\/univet.hu\/konyvtar\/mesterseges-intelligencia-mi\/mi-hatasa-a-kornyezetre\/#breadcrumb","itemListElement":[{"@type":"ListItem","position":1,"name":"Kezd\u0151lap","item":"https:\/\/univet.hu\/konyvtar\/"},{"@type":"ListItem","position":2,"name":"Mesters\u00e9ges intelligencia","item":"https:\/\/univet.hu\/konyvtar\/mesterseges-intelligencia-mi\/"},{"@type":"ListItem","position":3,"name":"MI hat\u00e1sa a k\u00f6rnyezetre"}]},{"@type":"WebSite","@id":"https:\/\/univet.hu\/konyvtar\/#website","url":"https:\/\/univet.hu\/konyvtar\/","name":"Hut\u00ffra Ferenc K\u00f6nyvt\u00e1r, Lev\u00e9lt\u00e1r \u00e9s M\u00fazeum","description":"","potentialAction":[{"@type":"SearchAction","target":{"@type":"EntryPoint","urlTemplate":"https:\/\/univet.hu\/konyvtar\/?s={search_term_string}"},"query-input":{"@type":"PropertyValueSpecification","valueRequired":true,"valueName":"search_term_string"}}],"inLanguage":"hu"}]}},"_links":{"self":[{"href":"https:\/\/univet.hu\/konyvtar\/wp-json\/wp\/v2\/pages\/1248","targetHints":{"allow":["GET"]}}],"collection":[{"href":"https:\/\/univet.hu\/konyvtar\/wp-json\/wp\/v2\/pages"}],"about":[{"href":"https:\/\/univet.hu\/konyvtar\/wp-json\/wp\/v2\/types\/page"}],"author":[{"embeddable":true,"href":"https:\/\/univet.hu\/konyvtar\/wp-json\/wp\/v2\/users\/58"}],"replies":[{"embeddable":true,"href":"https:\/\/univet.hu\/konyvtar\/wp-json\/wp\/v2\/comments?post=1248"}],"version-history":[{"count":1,"href":"https:\/\/univet.hu\/konyvtar\/wp-json\/wp\/v2\/pages\/1248\/revisions"}],"predecessor-version":[{"id":1249,"href":"https:\/\/univet.hu\/konyvtar\/wp-json\/wp\/v2\/pages\/1248\/revisions\/1249"}],"up":[{"embeddable":true,"href":"https:\/\/univet.hu\/konyvtar\/wp-json\/wp\/v2\/pages\/816"}],"wp:attachment":[{"href":"https:\/\/univet.hu\/konyvtar\/wp-json\/wp\/v2\/media?parent=1248"}],"wp:term":[{"taxonomy":"category","embeddable":true,"href":"https:\/\/univet.hu\/konyvtar\/wp-json\/wp\/v2\/categories?post=1248"},{"taxonomy":"post_tag","embeddable":true,"href":"https:\/\/univet.hu\/konyvtar\/wp-json\/wp\/v2\/tags?post=1248"}],"curies":[{"name":"wp","href":"https:\/\/api.w.org\/{rel}","templated":true}]}}