{"id":137,"date":"2025-07-09T12:27:06","date_gmt":"2025-07-09T10:27:06","guid":{"rendered":"https:\/\/univet.hu\/konyvtar\/?page_id=137"},"modified":"2026-03-12T09:29:43","modified_gmt":"2026-03-12T08:29:43","slug":"folyoiratok","status":"publish","type":"page","link":"https:\/\/univet.hu\/konyvtar\/forrasok\/folyoiratok\/","title":{"rendered":"Foly\u00f3iratok"},"content":{"rendered":"<p>Az el\u0151fizetett foly\u00f3iratok az \u00c1llatorvostudom\u00e1nyi Egyetem oktat\u00f3i, kutat\u00f3i, dolgoz\u00f3i \u00e9s a hallgat\u00f3k sz\u00e1m\u00e1ra VPN hozz\u00e1f\u00e9r\u00e9ssel otthonr\u00f3l is el\u00e9rhet\u0151k.\u00a0<a href=\"http:\/\/www2.univet.hu\/sc1\/static\/it\/vpn_reg.htm\" target=\"_blank\" rel=\"noopener noreferrer\">Inform\u00e1ci\u00f3k a VPN-r\u0151l itt tal\u00e1lhat\u00f3k.<\/a><\/p> <p>Foly\u00f3iratcsomagok (a csomagokban tal\u00e1lhat\u00f3 foly\u00f3iratok csak online \u00e9rhet\u0151k el, a kiad\u00f3 oldal\u00e1n &#8211; <a href=\"https:\/\/univet.hu\/konyvtar\/wp-content\/uploads\/sites\/17\/2025\/10\/journal_subscription_2025.xlsx\">a teljes 2026-os c\u00edm lista el\u00e9rhet\u0151 itt<\/a>):<\/p> <table> <tbody> <tr> <td><strong>N\u00e9v<\/strong><\/td> <td><strong>El\u00e9r\u00e9s<\/strong><\/td> <td><strong>Link<\/strong><\/td> <td><strong>Inform\u00e1ci\u00f3k<\/strong><\/td> <\/tr> <tr> <td>Akad\u00e9miai Kiad\u00f3<\/td> <td>campus \/ VPN<\/td> <td><a href=\"https:\/\/akjournals.com\/\" target=\"_blank\" rel=\"noopener noreferrer\">Link<\/a><\/td> <td>A pontos c\u00edmlista a szerz\u0151d\u00e9s\u00a0<a href=\"http:\/\/eisz.mtak.hu\/images\/szerzodesek\/Akademiai_Kiado_Folyoiratcsomag_2019.pdf\" target=\"_blank\" rel=\"noopener\">10-13. oldalain olvashat\u00f3<\/a><\/td> <\/tr> <tr> <td>Cambridge University Press \u2013 mez\u0151gazdasgi foly\u00f3irat csomagja<\/td> <td>campus \/ VPN<\/td> <td><a href=\"https:\/\/www.cambridge.org\/core\" target=\"_blank\" rel=\"noopener\">Link<\/a><\/td> <td>Agricultural and Resource Economics Review, Animal, Experimental Agriculture, Genetics Research, Invasive Plant Science and Management, Journal of Agricultural and Applied Economic, Journal of Agricultural Science, The, Journal of Dairy Research, Plant Genetic Resources, Renewable Agriculture and Food Systems, Seed Science Research, Weed Science, Weed Technology, World\u2019s Poultry Science Journal<\/td> <\/tr> <tr> <td>Nature<\/td> <td>campus \/ VPN<\/td> <td><a href=\"https:\/\/www.nature.com\/\" target=\"_blank\" rel=\"noopener\">Link<\/a><\/td> <td><\/td> <\/tr> <tr> <td>SpringerLink<\/td> <td>campus \/ VPN<\/td> <td><a href=\"https:\/\/link.springer.com\/\" target=\"_blank\" rel=\"noopener\">Link<\/a><\/td> <td>Pontos c\u00edmlista a szerz\u0151d\u00e9s\u00a0<a href=\"http:\/\/eisz.mtak.hu\/images\/szerzodesek\/SpringerNature_2018-2019.pdf\" target=\"_blank\" rel=\"noopener\">18. oldal\u00e1t\u00f3l olvashat\u00f3<\/a>, \u00f6sszesen t\u00f6bb mint 2000 foly\u00f3iratc\u00edmet tartalmaz.<\/td> <\/tr> <tr> <td>ScienceDirect<\/td> <td>campus \/ VPN<\/td> <td><a href=\"https:\/\/www.sciencedirect.com\/\" target=\"_blank\" rel=\"noopener\">Link<\/a><\/td> <td>Az Elsevier kiad\u00f3 foly\u00f3irat csomagja.<\/td> <\/tr> <tr> <td>Wiley Online Library<\/td> <td>campus \/ VPN<\/td> <td><a href=\"https:\/\/onlinelibrary.wiley.com\/\" target=\"_blank\" rel=\"noopener\">Link<\/a><\/td> <td>T\u00f6bb mint 1500 foly\u00f3irat \u00e9rhet\u0151 el, a\u00a0<a href=\"http:\/\/eisz.mtak.hu\/index.php\/hu\/adatbazisok.html#wiley-online-library\" target=\"_blank\" rel=\"noopener\">c\u00edmlista let\u00f6lthet\u0151 itt.<\/a><\/td> <\/tr> <\/tbody> <\/table> <p>Egyedi el\u0151fizet\u00e9sek k\u00fclf\u00f6ldi foly\u00f3iratokra 2025-ben:<\/p> <table> <tbody> <tr style=\"height: 24px\"> <td style=\"height: 24px\"><a href=\"https:\/\/journals.asm.org\/journal\/aem\" target=\"_blank\" rel=\"noopener\">Applied And Environmental Microbiology<\/a><\/td> <td style=\"height: 24px\">1098-5336<\/td> <\/tr> <tr style=\"height: 24px\"> <td style=\"height: 24px\"><a href=\"https:\/\/www.tandfonline.com\/journals\/cavp20\" target=\"_blank\" rel=\"noopener\">Avian Pathology\u00a0<\/a><\/td> <td style=\"height: 24px\">1465-3338<\/td> <\/tr> <tr style=\"height: 24px\"> <td style=\"height: 24px\"><a href=\"https:\/\/cdnsciencepub.com\/journal\/cjas\" target=\"_blank\" rel=\"noopener\">Canadian Journal Of Animal Science<\/a><\/td> <td style=\"height: 24px\">1918-1825<\/td> <\/tr> <tr style=\"height: 24px\"> <td style=\"height: 24px\"><a href=\"https:\/\/journals.asm.org\/journal\/jcm\" target=\"_blank\" rel=\"noopener\">Journal Of Clinical Microbiology<\/a><\/td> <td style=\"height: 24px\">1098-660X<\/td> <\/tr> <tr style=\"height: 48px\"> <td style=\"height: 48px\"><a href=\"https:\/\/bioone.org\/journals\/journal-of-herpetological-medicine-and-surgery\/current\" target=\"_blank\" rel=\"noopener\">Journal Of Herpetological Medicine And Surgery<\/a><\/td> <td style=\"height: 48px\">2374-9504<\/td> <\/tr> <tr style=\"height: 48px\"> <td style=\"height: 48px\"><a href=\"https:\/\/avmajournals.avma.org\/view\/journals\/javma\/javma-overview.xml\" target=\"_blank\" rel=\"noopener\">Journal of The American Veterinary Medical Association<\/a><\/td> <td style=\"height: 48px\">0003-1488<\/td> <\/tr> <tr style=\"height: 24px\"> <td style=\"height: 24px\"><a href=\"https:\/\/journals.sagepub.com\/home\/jov\" target=\"_blank\" rel=\"noopener\">Journal Of Veterinary Dentistry<\/a><\/td> <td style=\"height: 24px\">2470-4083<\/td> <\/tr> <tr style=\"height: 24px\"> <td style=\"height: 24px\"><a href=\"https:\/\/meridian.allenpress.com\/jwd\" target=\"_blank\" rel=\"noopener\">Journal Of Wildlife Diseases<\/a><\/td> <td style=\"height: 24px\">1943-3700<\/td> <\/tr> <tr style=\"height: 24px\"> <td style=\"height: 24px\"><a href=\"https:\/\/journals.sagepub.com\/home\/lan\" target=\"_blank\" rel=\"noopener\">Laboratory Animals<\/a><\/td> <td style=\"height: 24px\">1758-1117<\/td> <\/tr> <tr style=\"height: 24px\"> <td style=\"height: 24px\"><a href=\"https:\/\/www.sciquest.org.nz\/nzvj\" target=\"_blank\" rel=\"noopener\">New Zealand Veterinary Journal<\/a><\/td> <td style=\"height: 24px\">1176-0710<\/td> <\/tr> <tr style=\"height: 24px\"> <td style=\"height: 24px\"><a href=\"https:\/\/www.thieme-connect.com\/products\/ejournals\/journal\/10.1055\/s-00034912\" target=\"_blank\" rel=\"noopener\">Tieraerztliche Praxis Ausgabe G<\/a><\/td> <td style=\"height: 24px\">2567\u20135834<\/td> <\/tr> <tr style=\"height: 24px\"> <td style=\"height: 24px\"><a href=\"https:\/\/www.thieme-connect.com\/products\/ejournals\/journal\/10.1055\/s-00034911\" target=\"_blank\" rel=\"noopener\">Tieraerztliche Praxis Ausgabe K<\/a><\/td> <td style=\"height: 24px\">2567\u20135842<\/td> <\/tr> <tr style=\"height: 24px\"> <td style=\"height: 24px\"><a href=\"https:\/\/home.liebertpub.com\/publications\/vector-borne-and-zoonotic-diseases\/67\/overview\" target=\"_blank\" rel=\"noopener\">Vector Borne And Zoonotic Diseases<\/a><\/td> <td style=\"height: 24px\">1557-7759<\/td> <\/tr> <tr style=\"height: 48px\"> <td style=\"height: 48px\"><a href=\"http:\/\/veterinary%20&amp;%20comparative%20orthopaedics%20&amp;%20traumatology\/\" target=\"_blank\" rel=\"noopener\">Veterinary &amp; Comparative Orthopaedics &amp; Traumatology<\/a><\/td> <td style=\"height: 48px\">2567-6911<\/td> <\/tr> <\/tbody> <\/table> <table> <tbody> <tr> <td><a href=\"https:\/\/www.sciencedirect.com\/journal\/trends-in-parasitology\">Trends In Parasitology<\/a><\/td> <td>1471-5007<\/td> <\/tr> <tr> <td><a href=\"https:\/\/www.sciencedirect.com\/journal\/veterinary-clinics-of-north-america-equine-practice\" target=\"_blank\" rel=\"noopener\">Veterinary Clinics Of North America : Equine Practice<\/a><\/td> <td>0749-0739<\/td> <\/tr> <tr> <td><a href=\"https:\/\/www.sciencedirect.com\/journal\/veterinary-clinics-of-north-america-exotic-animal-practice\" target=\"_blank\" rel=\"noopener\">Veterinary Clinics Of North America : Exotic Animal Practice<\/a><\/td> <td>1094-9194<\/td> <\/tr> <tr> <td><a href=\"https:\/\/www.sciencedirect.com\/journal\/veterinary-clinics-of-north-america-food-animal-practice\" target=\"_blank\" rel=\"noopener\">Veterinary Clinics Of North America : Food Animal Practice<\/a><\/td> <td>0749-0720<\/td> <\/tr> <tr> <td><a href=\"https:\/\/www.sciencedirect.com\/journal\/veterinary-clinics-of-north-america-small-animal-practice\" target=\"_blank\" rel=\"noopener\">Veterinary Clinics Of North America : Small Animal Practice<\/a><\/td> <td>0195-5616<\/td> <\/tr> <\/tbody> <\/table> <p>A\u00a0<a href=\"http:\/\/search.ebscohost.com\/\" target=\"_blank\" rel=\"noopener noreferrer\">CAB Abstracts\u200b\u200b\u200b\u200b\u200b\u200b\u200b with Full Text<\/a>\u00a0keret\u00e9ben el\u00e9rhet\u0151 foly\u00f3iratok:<\/p> <table> <tbody> <tr> <td>Anthrozoos<\/td> <td>1753-0377<\/td> <\/tr> <tr> <td>Journal Of Animal Science<\/td> <td>1525-3163<\/td> <\/tr> <tr> <td>Journal Of Applied Animal Welfare Science<\/td> <td>1532-7604<\/td> <\/tr> <tr> <td>Journal Of Feline Medicine And Surgery<\/td> <td>1532-2750<\/td> <\/tr> <tr> <td>Journal Of The American Animal Hospital Association<\/td> <td>1547-3317<\/td> <\/tr> <tr> <td>Journal Of Veterinary Diagnostic Investigation<\/td> <td>1943-4936<\/td> <\/tr> <tr> <td>Journal Of Veterinary Medical Education<\/td> <td>1943-7218<\/td> <\/tr> <tr> <td>Veterinary Pathology<\/td> <td>1544-2217<\/td> <\/tr> <tr> <td>Veterinary Record<\/td> <td><\/td> <\/tr> <tr> <td>In Practice<\/td> <td><\/td> <\/tr> <\/tbody> <\/table> <p>&nbsp;<\/p>","protected":false},"excerpt":{"rendered":"<p>Az el\u0151fizetett foly\u00f3iratok az \u00c1llatorvostudom\u00e1nyi Egyetem oktat\u00f3i, kutat\u00f3i, dolgoz\u00f3i \u00e9s a hallgat\u00f3k sz\u00e1m\u00e1ra VPN hozz\u00e1f\u00e9r\u00e9ssel otthonr\u00f3l is el\u00e9rhet\u0151k.\u00a0Inform\u00e1ci\u00f3k a VPN-r\u0151l itt tal\u00e1lhat\u00f3k. Foly\u00f3iratcsomagok (a csomagokban tal\u00e1lhat\u00f3 foly\u00f3iratok csak online \u00e9rhet\u0151k el, a kiad\u00f3 oldal\u00e1n &#8211; a teljes 2026-os c\u00edm lista el\u00e9rhet\u0151 itt): N\u00e9v El\u00e9r\u00e9s Link Inform\u00e1ci\u00f3k Akad\u00e9miai Kiad\u00f3 campus \/ VPN Link A pontos c\u00edmlista<\/p>\n","protected":false},"author":58,"featured_media":0,"parent":96,"menu_order":0,"comment_status":"closed","ping_status":"closed","template":"","meta":{"_acf_changed":false,"_eb_attr":"","footnotes":""},"categories":[18],"tags":[],"class_list":["post-137","page","type-page","status-publish","hentry","category-forrasok"],"acf":[],"yoast_head":"<!-- This site is optimized with the Yoast SEO plugin v27.2 - https:\/\/yoast.com\/product\/yoast-seo-wordpress\/ -->\n<title>Foly\u00f3iratok - Hut\u00ffra Ferenc K\u00f6nyvt\u00e1r, Lev\u00e9lt\u00e1r \u00e9s M\u00fazeum<\/title>\n<meta name=\"robots\" content=\"index, follow, max-snippet:-1, max-image-preview:large, max-video-preview:-1\" \/>\n<link rel=\"canonical\" href=\"https:\/\/univet.hu\/konyvtar\/forrasok\/folyoiratok\/\" \/>\n<meta property=\"og:locale\" content=\"hu_HU\" \/>\n<meta property=\"og:type\" content=\"article\" \/>\n<meta property=\"og:title\" content=\"Foly\u00f3iratok - Hut\u00ffra Ferenc K\u00f6nyvt\u00e1r, Lev\u00e9lt\u00e1r \u00e9s M\u00fazeum\" \/>\n<meta property=\"og:description\" content=\"Az el\u0151fizetett foly\u00f3iratok az \u00c1llatorvostudom\u00e1nyi Egyetem oktat\u00f3i, kutat\u00f3i, dolgoz\u00f3i \u00e9s a hallgat\u00f3k sz\u00e1m\u00e1ra VPN hozz\u00e1f\u00e9r\u00e9ssel otthonr\u00f3l is el\u00e9rhet\u0151k.\u00a0Inform\u00e1ci\u00f3k a VPN-r\u0151l itt tal\u00e1lhat\u00f3k. Foly\u00f3iratcsomagok (a csomagokban tal\u00e1lhat\u00f3 foly\u00f3iratok csak online \u00e9rhet\u0151k el, a kiad\u00f3 oldal\u00e1n &#8211; a teljes 2026-os c\u00edm lista el\u00e9rhet\u0151 itt): N\u00e9v El\u00e9r\u00e9s Link Inform\u00e1ci\u00f3k Akad\u00e9miai Kiad\u00f3 campus \/ VPN Link A pontos c\u00edmlista\" \/>\n<meta property=\"og:url\" content=\"https:\/\/univet.hu\/konyvtar\/forrasok\/folyoiratok\/\" \/>\n<meta property=\"og:site_name\" content=\"Hut\u00ffra Ferenc K\u00f6nyvt\u00e1r, Lev\u00e9lt\u00e1r \u00e9s M\u00fazeum\" \/>\n<meta property=\"article:modified_time\" content=\"2026-03-12T08:29:43+00:00\" \/>\n<meta name=\"twitter:card\" content=\"summary_large_image\" \/>\n<meta name=\"twitter:label1\" content=\"Becs\u00fclt olvas\u00e1si id\u0151\" \/>\n\t<meta name=\"twitter:data1\" content=\"2 perc\" \/>\n<script type=\"application\/ld+json\" class=\"yoast-schema-graph\">{\"@context\":\"https:\/\/schema.org\",\"@graph\":[{\"@type\":\"WebPage\",\"@id\":\"https:\/\/univet.hu\/konyvtar\/forrasok\/folyoiratok\/\",\"url\":\"https:\/\/univet.hu\/konyvtar\/forrasok\/folyoiratok\/\",\"name\":\"Foly\u00f3iratok - Hut\u00ffra Ferenc K\u00f6nyvt\u00e1r, Lev\u00e9lt\u00e1r \u00e9s M\u00fazeum\",\"isPartOf\":{\"@id\":\"https:\/\/univet.hu\/konyvtar\/#website\"},\"datePublished\":\"2025-07-09T10:27:06+00:00\",\"dateModified\":\"2026-03-12T08:29:43+00:00\",\"breadcrumb\":{\"@id\":\"https:\/\/univet.hu\/konyvtar\/forrasok\/folyoiratok\/#breadcrumb\"},\"inLanguage\":\"hu\",\"potentialAction\":[{\"@type\":\"ReadAction\",\"target\":[\"https:\/\/univet.hu\/konyvtar\/forrasok\/folyoiratok\/\"]}]},{\"@type\":\"BreadcrumbList\",\"@id\":\"https:\/\/univet.hu\/konyvtar\/forrasok\/folyoiratok\/#breadcrumb\",\"itemListElement\":[{\"@type\":\"ListItem\",\"position\":1,\"name\":\"Kezd\u0151lap\",\"item\":\"https:\/\/univet.hu\/konyvtar\/\"},{\"@type\":\"ListItem\",\"position\":2,\"name\":\"Forr\u00e1sok\",\"item\":\"https:\/\/univet.hu\/konyvtar\/forrasok\/\"},{\"@type\":\"ListItem\",\"position\":3,\"name\":\"Foly\u00f3iratok\"}]},{\"@type\":\"WebSite\",\"@id\":\"https:\/\/univet.hu\/konyvtar\/#website\",\"url\":\"https:\/\/univet.hu\/konyvtar\/\",\"name\":\"Hut\u00ffra Ferenc K\u00f6nyvt\u00e1r, Lev\u00e9lt\u00e1r \u00e9s M\u00fazeum\",\"description\":\"\",\"potentialAction\":[{\"@type\":\"SearchAction\",\"target\":{\"@type\":\"EntryPoint\",\"urlTemplate\":\"https:\/\/univet.hu\/konyvtar\/?s={search_term_string}\"},\"query-input\":{\"@type\":\"PropertyValueSpecification\",\"valueRequired\":true,\"valueName\":\"search_term_string\"}}],\"inLanguage\":\"hu\"}]}<\/script>\n<!-- \/ Yoast SEO plugin. -->","yoast_head_json":{"title":"Foly\u00f3iratok - Hut\u00ffra Ferenc K\u00f6nyvt\u00e1r, Lev\u00e9lt\u00e1r \u00e9s M\u00fazeum","robots":{"index":"index","follow":"follow","max-snippet":"max-snippet:-1","max-image-preview":"max-image-preview:large","max-video-preview":"max-video-preview:-1"},"canonical":"https:\/\/univet.hu\/konyvtar\/forrasok\/folyoiratok\/","og_locale":"hu_HU","og_type":"article","og_title":"Foly\u00f3iratok - Hut\u00ffra Ferenc K\u00f6nyvt\u00e1r, Lev\u00e9lt\u00e1r \u00e9s M\u00fazeum","og_description":"Az el\u0151fizetett foly\u00f3iratok az \u00c1llatorvostudom\u00e1nyi Egyetem oktat\u00f3i, kutat\u00f3i, dolgoz\u00f3i \u00e9s a hallgat\u00f3k sz\u00e1m\u00e1ra VPN hozz\u00e1f\u00e9r\u00e9ssel otthonr\u00f3l is el\u00e9rhet\u0151k.\u00a0Inform\u00e1ci\u00f3k a VPN-r\u0151l itt tal\u00e1lhat\u00f3k. Foly\u00f3iratcsomagok (a csomagokban tal\u00e1lhat\u00f3 foly\u00f3iratok csak online \u00e9rhet\u0151k el, a kiad\u00f3 oldal\u00e1n &#8211; a teljes 2026-os c\u00edm lista el\u00e9rhet\u0151 itt): N\u00e9v El\u00e9r\u00e9s Link Inform\u00e1ci\u00f3k Akad\u00e9miai Kiad\u00f3 campus \/ VPN Link A pontos c\u00edmlista","og_url":"https:\/\/univet.hu\/konyvtar\/forrasok\/folyoiratok\/","og_site_name":"Hut\u00ffra Ferenc K\u00f6nyvt\u00e1r, Lev\u00e9lt\u00e1r \u00e9s M\u00fazeum","article_modified_time":"2026-03-12T08:29:43+00:00","twitter_card":"summary_large_image","twitter_misc":{"Becs\u00fclt olvas\u00e1si id\u0151":"2 perc"},"schema":{"@context":"https:\/\/schema.org","@graph":[{"@type":"WebPage","@id":"https:\/\/univet.hu\/konyvtar\/forrasok\/folyoiratok\/","url":"https:\/\/univet.hu\/konyvtar\/forrasok\/folyoiratok\/","name":"Foly\u00f3iratok - Hut\u00ffra Ferenc K\u00f6nyvt\u00e1r, Lev\u00e9lt\u00e1r \u00e9s M\u00fazeum","isPartOf":{"@id":"https:\/\/univet.hu\/konyvtar\/#website"},"datePublished":"2025-07-09T10:27:06+00:00","dateModified":"2026-03-12T08:29:43+00:00","breadcrumb":{"@id":"https:\/\/univet.hu\/konyvtar\/forrasok\/folyoiratok\/#breadcrumb"},"inLanguage":"hu","potentialAction":[{"@type":"ReadAction","target":["https:\/\/univet.hu\/konyvtar\/forrasok\/folyoiratok\/"]}]},{"@type":"BreadcrumbList","@id":"https:\/\/univet.hu\/konyvtar\/forrasok\/folyoiratok\/#breadcrumb","itemListElement":[{"@type":"ListItem","position":1,"name":"Kezd\u0151lap","item":"https:\/\/univet.hu\/konyvtar\/"},{"@type":"ListItem","position":2,"name":"Forr\u00e1sok","item":"https:\/\/univet.hu\/konyvtar\/forrasok\/"},{"@type":"ListItem","position":3,"name":"Foly\u00f3iratok"}]},{"@type":"WebSite","@id":"https:\/\/univet.hu\/konyvtar\/#website","url":"https:\/\/univet.hu\/konyvtar\/","name":"Hut\u00ffra Ferenc K\u00f6nyvt\u00e1r, Lev\u00e9lt\u00e1r \u00e9s M\u00fazeum","description":"","potentialAction":[{"@type":"SearchAction","target":{"@type":"EntryPoint","urlTemplate":"https:\/\/univet.hu\/konyvtar\/?s={search_term_string}"},"query-input":{"@type":"PropertyValueSpecification","valueRequired":true,"valueName":"search_term_string"}}],"inLanguage":"hu"}]}},"_links":{"self":[{"href":"https:\/\/univet.hu\/konyvtar\/wp-json\/wp\/v2\/pages\/137","targetHints":{"allow":["GET"]}}],"collection":[{"href":"https:\/\/univet.hu\/konyvtar\/wp-json\/wp\/v2\/pages"}],"about":[{"href":"https:\/\/univet.hu\/konyvtar\/wp-json\/wp\/v2\/types\/page"}],"author":[{"embeddable":true,"href":"https:\/\/univet.hu\/konyvtar\/wp-json\/wp\/v2\/users\/58"}],"replies":[{"embeddable":true,"href":"https:\/\/univet.hu\/konyvtar\/wp-json\/wp\/v2\/comments?post=137"}],"version-history":[{"count":5,"href":"https:\/\/univet.hu\/konyvtar\/wp-json\/wp\/v2\/pages\/137\/revisions"}],"predecessor-version":[{"id":1356,"href":"https:\/\/univet.hu\/konyvtar\/wp-json\/wp\/v2\/pages\/137\/revisions\/1356"}],"up":[{"embeddable":true,"href":"https:\/\/univet.hu\/konyvtar\/wp-json\/wp\/v2\/pages\/96"}],"wp:attachment":[{"href":"https:\/\/univet.hu\/konyvtar\/wp-json\/wp\/v2\/media?parent=137"}],"wp:term":[{"taxonomy":"category","embeddable":true,"href":"https:\/\/univet.hu\/konyvtar\/wp-json\/wp\/v2\/categories?post=137"},{"taxonomy":"post_tag","embeddable":true,"href":"https:\/\/univet.hu\/konyvtar\/wp-json\/wp\/v2\/tags?post=137"}],"curies":[{"name":"wp","href":"https:\/\/api.w.org\/{rel}","templated":true}]}}