{"id":1388,"date":"2026-03-30T21:52:20","date_gmt":"2026-03-30T19:52:20","guid":{"rendered":"https:\/\/univet.hu\/konyvtar\/?page_id=1388"},"modified":"2026-03-31T09:50:04","modified_gmt":"2026-03-31T07:50:04","slug":"hogyan-valaszd-ki-a-megfelelo-szakirodalmat","status":"publish","type":"page","link":"https:\/\/univet.hu\/konyvtar\/oktatas\/keresesi-segedletek\/hogyan-valaszd-ki-a-megfelelo-szakirodalmat\/","title":{"rendered":"Hogyan tudod 2 perc alatt eld\u00f6nteni, hogy a cikk megfelel\u0151 min\u0151s\u00e9g\u0171-e diplomamunk\u00e1hoz\/TDK-hoz?"},"content":{"rendered":"<p>A digit\u00e1lis korban nem az inform\u00e1ci\u00f3 hi\u00e1nya a probl\u00e9ma, hanem az, hogy megtal\u00e1ljuk \u00e9s felismerj\u00fck a val\u00f3ban megb\u00edzhat\u00f3 forr\u00e1sokat.\u00a0Fontos szab\u00e1ly: tudom\u00e1nyos munk\u00e1khoz\u00a0 (diplomamunka, TDK) els\u0151sorban szakirodalmat (tudom\u00e1nyos cikkeket, k\u00f6nyveket) haszn\u00e1lj. Blogok, ismeretterjeszt\u0151 oldalak \u00e9s egy\u00e9b webes tartalmak \u00e1ltal\u00e1ban nem tekinthet\u0151k megfelel\u0151 forr\u00e1snak. De honnan tudhatod, hogy egy cikk val\u00f3ban megb\u00edzhat\u00f3?<\/p> <p><strong>Forr\u00e1s\u00e9rt\u00e9kel\u00e9s 2 percben:\u00a0<\/strong><\/p> <h4><strong>1) A szerz\u0151 hiteles? Az els\u0151 vagy utols\u00f3 szerz\u0151t n\u00e9zd meg!\u00a0<\/strong><\/h4> <p>Els\u0151 l\u00e9p\u00e9sk\u00e9nt n\u00e9zd meg, ki \u00edrta a cikket \u00e9s gondold v\u00e9gig:<\/p> <ul> <li>Egyetemi oktat\u00f3 vagy kutat\u00f3 a szerz\u0151?<\/li> <li>Valamely ismert int\u00e9zm\u00e9nyhez tartozik?<\/li> <li>Vannak m\u00e1s publik\u00e1ci\u00f3i, esetleg pont ebben a t\u00e9m\u00e1ban?<\/li> <\/ul> <p>Min\u00e9l t\u00f6bb k\u00e9rd\u00e9sre igen a v\u00e1lasz, min\u00e9l megb\u00edzhat\u00f3bb a h\u00e1tt\u00e9r, ann\u00e1l megb\u00edzhat\u00f3bb a szerz\u0151.<\/p> <p>Hogyan ellen\u0151rizheted a szerz\u0151t? Az al\u00e1bbi k\u00e9t oldalon a szerz\u0151 nev\u00e9re keresve l\u00e1thatod munkahelyeit \u00e9s publik\u00e1ci\u00f3it:<\/p> <ul> <li>Magyar szerz\u0151k eset\u00e9n MTMT: <a href=\"https:\/\/m2.mtmt.hu\/gui2\/\" target=\"_blank\" rel=\"noopener\">Magyar Tudom\u00e1nyos M\u0171vek T\u00e1ra<\/a><\/li> <li>Nemzetk\u00f6zi szerz\u0151k eset\u00e9n pedig az: <a href=\"https:\/\/orcid.org\/\" target=\"_blank\" rel=\"noopener\">ORCID<\/a><\/li> <\/ul> <h4><strong>2) A foly\u00f3irat megb\u00edzhat\u00f3?<\/strong><\/h4> <p>Nem csak a szerz\u0151 sz\u00e1m\u00edt, az is fontos, hol jelent meg a cikk, ez\u00e9rt vizsg\u00e1ld meg:<\/p> <ul> <li>Lektor\u00e1lt (peer-reviewed) foly\u00f3iratban jelent meg?<\/li> <li>Ismert, megb\u00edzhat\u00f3 kiad\u00f3 adta ki?<\/li> <li>Van impakt faktora vagy kvartilis besorol\u00e1sa?<\/li> <\/ul> <p>A val\u00f3di tudom\u00e1nyos foly\u00f3iratok cikkei szigor\u00fa ellen\u0151rz\u00e9si folyamaton mennek kereszt\u00fcl, ez\u00e9rt \u00e1ltal\u00e1ban megb\u00edzhat\u00f3bbak.<\/p> <ul> <li>Az MTMT-ben hazai \u00e9s nemzetk\u00f6zi foly\u00f3iratok is ellen\u0151rizhet\u0151k: <a href=\"https:\/\/www.mtmt.hu\/folyoirat\/\" target=\"_blank\" rel=\"noopener\">https:\/\/www.mtmt.hu\/folyoirat\/.<\/a> A tal\u00e1lati lsit\u00e1ban \u00edgy n\u00e9z ki a nem megfelel\u0151 a foly\u00f3irat (r\u00f3zsasz\u00edn a h\u00e1ttere):<img loading=\"lazy\" decoding=\"async\" class=\"alignnone size-large wp-image-1408\" src=\"https:\/\/univet.hu\/konyvtar\/wp-content\/uploads\/sites\/17\/2026\/03\/problemas-1024x112.png\" alt=\"\" width=\"1024\" height=\"112\" srcset=\"https:\/\/univet.hu\/konyvtar\/wp-content\/uploads\/sites\/17\/2026\/03\/problemas-1024x112.png 1024w, https:\/\/univet.hu\/konyvtar\/wp-content\/uploads\/sites\/17\/2026\/03\/problemas-300x33.png 300w, https:\/\/univet.hu\/konyvtar\/wp-content\/uploads\/sites\/17\/2026\/03\/problemas-768x84.png 768w, https:\/\/univet.hu\/konyvtar\/wp-content\/uploads\/sites\/17\/2026\/03\/problemas-1536x168.png 1536w, https:\/\/univet.hu\/konyvtar\/wp-content\/uploads\/sites\/17\/2026\/03\/problemas.png 1743w\" sizes=\"auto, (max-width: 1024px) 100vw, 1024px\" \/><\/li> <\/ul> <h4>\u00d6sszegz\u00e9s<\/h4> <p>Amikor egy cikket kiv\u00e1lasztasz, mindig tedd fel magadnak a k\u00e9rd\u00e9st:<\/p> <ul> <li>Ki \u00edrta?<\/li> <li>Hol jelent meg?<\/li> <li>Megb\u00edzhat\u00f3?<\/li> <\/ul> <p>Ha ezekre j\u00f3 v\u00e1laszokat kapsz, nagy val\u00f3sz\u00edn\u0171s\u00e9ggel megfelel\u0151 forr\u00e1st tal\u00e1lt\u00e1l. A j\u00f3 forr\u00e1sv\u00e1laszt\u00e1s nemcsak jobb jegyet jelent, hanem azt is, hogy val\u00f3ban hiteles inform\u00e1ci\u00f3ra \u00e9p\u00edtesz.<\/p>","protected":false},"excerpt":{"rendered":"<p>A digit\u00e1lis korban nem az inform\u00e1ci\u00f3 hi\u00e1nya a probl\u00e9ma, hanem az, hogy megtal\u00e1ljuk \u00e9s felismerj\u00fck a val\u00f3ban megb\u00edzhat\u00f3 forr\u00e1sokat.\u00a0Fontos szab\u00e1ly: tudom\u00e1nyos munk\u00e1khoz\u00a0 (diplomamunka, TDK) els\u0151sorban szakirodalmat (tudom\u00e1nyos cikkeket, k\u00f6nyveket) haszn\u00e1lj. Blogok, ismeretterjeszt\u0151 oldalak \u00e9s egy\u00e9b webes tartalmak \u00e1ltal\u00e1ban nem tekinthet\u0151k megfelel\u0151 forr\u00e1snak. De honnan tudhatod, hogy egy cikk val\u00f3ban megb\u00edzhat\u00f3? Forr\u00e1s\u00e9rt\u00e9kel\u00e9s 2 percben:\u00a0 1) A<\/p>\n","protected":false},"author":58,"featured_media":0,"parent":212,"menu_order":4,"comment_status":"closed","ping_status":"closed","template":"","meta":{"_acf_changed":false,"_eb_attr":"","footnotes":""},"categories":[1],"tags":[],"class_list":["post-1388","page","type-page","status-publish","hentry","category-uncategorized-hu"],"acf":[],"yoast_head":"<!-- This site is optimized with the Yoast SEO plugin v27.2 - https:\/\/yoast.com\/product\/yoast-seo-wordpress\/ -->\n<title>Hogyan tudod 2 perc alatt eld\u00f6nteni, hogy a cikk megfelel\u0151 min\u0151s\u00e9g\u0171-e diplomamunk\u00e1hoz\/TDK-hoz? - Hut\u00ffra Ferenc K\u00f6nyvt\u00e1r, Lev\u00e9lt\u00e1r \u00e9s M\u00fazeum<\/title>\n<meta name=\"robots\" content=\"index, follow, max-snippet:-1, max-image-preview:large, max-video-preview:-1\" \/>\n<link rel=\"canonical\" href=\"https:\/\/univet.hu\/konyvtar\/oktatas\/keresesi-segedletek\/hogyan-valaszd-ki-a-megfelelo-szakirodalmat\/\" \/>\n<meta property=\"og:locale\" content=\"hu_HU\" \/>\n<meta property=\"og:type\" content=\"article\" \/>\n<meta property=\"og:title\" content=\"Hogyan tudod 2 perc alatt eld\u00f6nteni, hogy a cikk megfelel\u0151 min\u0151s\u00e9g\u0171-e diplomamunk\u00e1hoz\/TDK-hoz? - Hut\u00ffra Ferenc K\u00f6nyvt\u00e1r, Lev\u00e9lt\u00e1r \u00e9s M\u00fazeum\" \/>\n<meta property=\"og:description\" content=\"A digit\u00e1lis korban nem az inform\u00e1ci\u00f3 hi\u00e1nya a probl\u00e9ma, hanem az, hogy megtal\u00e1ljuk \u00e9s felismerj\u00fck a val\u00f3ban megb\u00edzhat\u00f3 forr\u00e1sokat.\u00a0Fontos szab\u00e1ly: tudom\u00e1nyos munk\u00e1khoz\u00a0 (diplomamunka, TDK) els\u0151sorban szakirodalmat (tudom\u00e1nyos cikkeket, k\u00f6nyveket) haszn\u00e1lj. Blogok, ismeretterjeszt\u0151 oldalak \u00e9s egy\u00e9b webes tartalmak \u00e1ltal\u00e1ban nem tekinthet\u0151k megfelel\u0151 forr\u00e1snak. De honnan tudhatod, hogy egy cikk val\u00f3ban megb\u00edzhat\u00f3? Forr\u00e1s\u00e9rt\u00e9kel\u00e9s 2 percben:\u00a0 1) A\" \/>\n<meta property=\"og:url\" content=\"https:\/\/univet.hu\/konyvtar\/oktatas\/keresesi-segedletek\/hogyan-valaszd-ki-a-megfelelo-szakirodalmat\/\" \/>\n<meta property=\"og:site_name\" content=\"Hut\u00ffra Ferenc K\u00f6nyvt\u00e1r, Lev\u00e9lt\u00e1r \u00e9s M\u00fazeum\" \/>\n<meta property=\"article:modified_time\" content=\"2026-03-31T07:50:04+00:00\" \/>\n<meta property=\"og:image\" content=\"https:\/\/univet.hu\/konyvtar\/wp-content\/uploads\/sites\/17\/2026\/03\/problemas.png\" \/>\n\t<meta property=\"og:image:width\" content=\"1743\" \/>\n\t<meta property=\"og:image:height\" content=\"191\" \/>\n\t<meta property=\"og:image:type\" content=\"image\/png\" \/>\n<meta name=\"twitter:card\" content=\"summary_large_image\" \/>\n<meta name=\"twitter:label1\" content=\"Becs\u00fclt olvas\u00e1si id\u0151\" \/>\n\t<meta name=\"twitter:data1\" content=\"2 perc\" \/>\n<script type=\"application\/ld+json\" class=\"yoast-schema-graph\">{\"@context\":\"https:\/\/schema.org\",\"@graph\":[{\"@type\":\"WebPage\",\"@id\":\"https:\/\/univet.hu\/konyvtar\/oktatas\/keresesi-segedletek\/hogyan-valaszd-ki-a-megfelelo-szakirodalmat\/\",\"url\":\"https:\/\/univet.hu\/konyvtar\/oktatas\/keresesi-segedletek\/hogyan-valaszd-ki-a-megfelelo-szakirodalmat\/\",\"name\":\"Hogyan tudod 2 perc alatt eld\u00f6nteni, hogy a cikk megfelel\u0151 min\u0151s\u00e9g\u0171-e diplomamunk\u00e1hoz\/TDK-hoz? - Hut\u00ffra Ferenc K\u00f6nyvt\u00e1r, Lev\u00e9lt\u00e1r \u00e9s M\u00fazeum\",\"isPartOf\":{\"@id\":\"https:\/\/univet.hu\/konyvtar\/#website\"},\"primaryImageOfPage\":{\"@id\":\"https:\/\/univet.hu\/konyvtar\/oktatas\/keresesi-segedletek\/hogyan-valaszd-ki-a-megfelelo-szakirodalmat\/#primaryimage\"},\"image\":{\"@id\":\"https:\/\/univet.hu\/konyvtar\/oktatas\/keresesi-segedletek\/hogyan-valaszd-ki-a-megfelelo-szakirodalmat\/#primaryimage\"},\"thumbnailUrl\":\"https:\/\/univet.hu\/konyvtar\/wp-content\/uploads\/sites\/17\/2026\/03\/problemas-1024x112.png\",\"datePublished\":\"2026-03-30T19:52:20+00:00\",\"dateModified\":\"2026-03-31T07:50:04+00:00\",\"breadcrumb\":{\"@id\":\"https:\/\/univet.hu\/konyvtar\/oktatas\/keresesi-segedletek\/hogyan-valaszd-ki-a-megfelelo-szakirodalmat\/#breadcrumb\"},\"inLanguage\":\"hu\",\"potentialAction\":[{\"@type\":\"ReadAction\",\"target\":[\"https:\/\/univet.hu\/konyvtar\/oktatas\/keresesi-segedletek\/hogyan-valaszd-ki-a-megfelelo-szakirodalmat\/\"]}]},{\"@type\":\"ImageObject\",\"inLanguage\":\"hu\",\"@id\":\"https:\/\/univet.hu\/konyvtar\/oktatas\/keresesi-segedletek\/hogyan-valaszd-ki-a-megfelelo-szakirodalmat\/#primaryimage\",\"url\":\"https:\/\/univet.hu\/konyvtar\/wp-content\/uploads\/sites\/17\/2026\/03\/problemas.png\",\"contentUrl\":\"https:\/\/univet.hu\/konyvtar\/wp-content\/uploads\/sites\/17\/2026\/03\/problemas.png\",\"width\":1743,\"height\":191},{\"@type\":\"BreadcrumbList\",\"@id\":\"https:\/\/univet.hu\/konyvtar\/oktatas\/keresesi-segedletek\/hogyan-valaszd-ki-a-megfelelo-szakirodalmat\/#breadcrumb\",\"itemListElement\":[{\"@type\":\"ListItem\",\"position\":1,\"name\":\"Kezd\u0151lap\",\"item\":\"https:\/\/univet.hu\/konyvtar\/\"},{\"@type\":\"ListItem\",\"position\":2,\"name\":\"Oktat\u00e1s\",\"item\":\"https:\/\/univet.hu\/konyvtar\/oktatas\/\"},{\"@type\":\"ListItem\",\"position\":3,\"name\":\"Keres\u00e9si seg\u00e9dletek\",\"item\":\"https:\/\/univet.hu\/konyvtar\/oktatas\/keresesi-segedletek\/\"},{\"@type\":\"ListItem\",\"position\":4,\"name\":\"Hogyan tudod 2 perc alatt eld\u00f6nteni, hogy a cikk megfelel\u0151 min\u0151s\u00e9g\u0171-e diplomamunk\u00e1hoz\/TDK-hoz?\"}]},{\"@type\":\"WebSite\",\"@id\":\"https:\/\/univet.hu\/konyvtar\/#website\",\"url\":\"https:\/\/univet.hu\/konyvtar\/\",\"name\":\"Hut\u00ffra Ferenc K\u00f6nyvt\u00e1r, Lev\u00e9lt\u00e1r \u00e9s M\u00fazeum\",\"description\":\"\",\"potentialAction\":[{\"@type\":\"SearchAction\",\"target\":{\"@type\":\"EntryPoint\",\"urlTemplate\":\"https:\/\/univet.hu\/konyvtar\/?s={search_term_string}\"},\"query-input\":{\"@type\":\"PropertyValueSpecification\",\"valueRequired\":true,\"valueName\":\"search_term_string\"}}],\"inLanguage\":\"hu\"}]}<\/script>\n<!-- \/ Yoast SEO plugin. -->","yoast_head_json":{"title":"Hogyan tudod 2 perc alatt eld\u00f6nteni, hogy a cikk megfelel\u0151 min\u0151s\u00e9g\u0171-e diplomamunk\u00e1hoz\/TDK-hoz? - Hut\u00ffra Ferenc K\u00f6nyvt\u00e1r, Lev\u00e9lt\u00e1r \u00e9s M\u00fazeum","robots":{"index":"index","follow":"follow","max-snippet":"max-snippet:-1","max-image-preview":"max-image-preview:large","max-video-preview":"max-video-preview:-1"},"canonical":"https:\/\/univet.hu\/konyvtar\/oktatas\/keresesi-segedletek\/hogyan-valaszd-ki-a-megfelelo-szakirodalmat\/","og_locale":"hu_HU","og_type":"article","og_title":"Hogyan tudod 2 perc alatt eld\u00f6nteni, hogy a cikk megfelel\u0151 min\u0151s\u00e9g\u0171-e diplomamunk\u00e1hoz\/TDK-hoz? - Hut\u00ffra Ferenc K\u00f6nyvt\u00e1r, Lev\u00e9lt\u00e1r \u00e9s M\u00fazeum","og_description":"A digit\u00e1lis korban nem az inform\u00e1ci\u00f3 hi\u00e1nya a probl\u00e9ma, hanem az, hogy megtal\u00e1ljuk \u00e9s felismerj\u00fck a val\u00f3ban megb\u00edzhat\u00f3 forr\u00e1sokat.\u00a0Fontos szab\u00e1ly: tudom\u00e1nyos munk\u00e1khoz\u00a0 (diplomamunka, TDK) els\u0151sorban szakirodalmat (tudom\u00e1nyos cikkeket, k\u00f6nyveket) haszn\u00e1lj. Blogok, ismeretterjeszt\u0151 oldalak \u00e9s egy\u00e9b webes tartalmak \u00e1ltal\u00e1ban nem tekinthet\u0151k megfelel\u0151 forr\u00e1snak. De honnan tudhatod, hogy egy cikk val\u00f3ban megb\u00edzhat\u00f3? Forr\u00e1s\u00e9rt\u00e9kel\u00e9s 2 percben:\u00a0 1) A","og_url":"https:\/\/univet.hu\/konyvtar\/oktatas\/keresesi-segedletek\/hogyan-valaszd-ki-a-megfelelo-szakirodalmat\/","og_site_name":"Hut\u00ffra Ferenc K\u00f6nyvt\u00e1r, Lev\u00e9lt\u00e1r \u00e9s M\u00fazeum","article_modified_time":"2026-03-31T07:50:04+00:00","og_image":[{"width":1743,"height":191,"url":"https:\/\/univet.hu\/konyvtar\/wp-content\/uploads\/sites\/17\/2026\/03\/problemas.png","type":"image\/png"}],"twitter_card":"summary_large_image","twitter_misc":{"Becs\u00fclt olvas\u00e1si id\u0151":"2 perc"},"schema":{"@context":"https:\/\/schema.org","@graph":[{"@type":"WebPage","@id":"https:\/\/univet.hu\/konyvtar\/oktatas\/keresesi-segedletek\/hogyan-valaszd-ki-a-megfelelo-szakirodalmat\/","url":"https:\/\/univet.hu\/konyvtar\/oktatas\/keresesi-segedletek\/hogyan-valaszd-ki-a-megfelelo-szakirodalmat\/","name":"Hogyan tudod 2 perc alatt eld\u00f6nteni, hogy a cikk megfelel\u0151 min\u0151s\u00e9g\u0171-e diplomamunk\u00e1hoz\/TDK-hoz? - Hut\u00ffra Ferenc K\u00f6nyvt\u00e1r, Lev\u00e9lt\u00e1r \u00e9s M\u00fazeum","isPartOf":{"@id":"https:\/\/univet.hu\/konyvtar\/#website"},"primaryImageOfPage":{"@id":"https:\/\/univet.hu\/konyvtar\/oktatas\/keresesi-segedletek\/hogyan-valaszd-ki-a-megfelelo-szakirodalmat\/#primaryimage"},"image":{"@id":"https:\/\/univet.hu\/konyvtar\/oktatas\/keresesi-segedletek\/hogyan-valaszd-ki-a-megfelelo-szakirodalmat\/#primaryimage"},"thumbnailUrl":"https:\/\/univet.hu\/konyvtar\/wp-content\/uploads\/sites\/17\/2026\/03\/problemas-1024x112.png","datePublished":"2026-03-30T19:52:20+00:00","dateModified":"2026-03-31T07:50:04+00:00","breadcrumb":{"@id":"https:\/\/univet.hu\/konyvtar\/oktatas\/keresesi-segedletek\/hogyan-valaszd-ki-a-megfelelo-szakirodalmat\/#breadcrumb"},"inLanguage":"hu","potentialAction":[{"@type":"ReadAction","target":["https:\/\/univet.hu\/konyvtar\/oktatas\/keresesi-segedletek\/hogyan-valaszd-ki-a-megfelelo-szakirodalmat\/"]}]},{"@type":"ImageObject","inLanguage":"hu","@id":"https:\/\/univet.hu\/konyvtar\/oktatas\/keresesi-segedletek\/hogyan-valaszd-ki-a-megfelelo-szakirodalmat\/#primaryimage","url":"https:\/\/univet.hu\/konyvtar\/wp-content\/uploads\/sites\/17\/2026\/03\/problemas.png","contentUrl":"https:\/\/univet.hu\/konyvtar\/wp-content\/uploads\/sites\/17\/2026\/03\/problemas.png","width":1743,"height":191},{"@type":"BreadcrumbList","@id":"https:\/\/univet.hu\/konyvtar\/oktatas\/keresesi-segedletek\/hogyan-valaszd-ki-a-megfelelo-szakirodalmat\/#breadcrumb","itemListElement":[{"@type":"ListItem","position":1,"name":"Kezd\u0151lap","item":"https:\/\/univet.hu\/konyvtar\/"},{"@type":"ListItem","position":2,"name":"Oktat\u00e1s","item":"https:\/\/univet.hu\/konyvtar\/oktatas\/"},{"@type":"ListItem","position":3,"name":"Keres\u00e9si seg\u00e9dletek","item":"https:\/\/univet.hu\/konyvtar\/oktatas\/keresesi-segedletek\/"},{"@type":"ListItem","position":4,"name":"Hogyan tudod 2 perc alatt eld\u00f6nteni, hogy a cikk megfelel\u0151 min\u0151s\u00e9g\u0171-e diplomamunk\u00e1hoz\/TDK-hoz?"}]},{"@type":"WebSite","@id":"https:\/\/univet.hu\/konyvtar\/#website","url":"https:\/\/univet.hu\/konyvtar\/","name":"Hut\u00ffra Ferenc K\u00f6nyvt\u00e1r, Lev\u00e9lt\u00e1r \u00e9s M\u00fazeum","description":"","potentialAction":[{"@type":"SearchAction","target":{"@type":"EntryPoint","urlTemplate":"https:\/\/univet.hu\/konyvtar\/?s={search_term_string}"},"query-input":{"@type":"PropertyValueSpecification","valueRequired":true,"valueName":"search_term_string"}}],"inLanguage":"hu"}]}},"_links":{"self":[{"href":"https:\/\/univet.hu\/konyvtar\/wp-json\/wp\/v2\/pages\/1388","targetHints":{"allow":["GET"]}}],"collection":[{"href":"https:\/\/univet.hu\/konyvtar\/wp-json\/wp\/v2\/pages"}],"about":[{"href":"https:\/\/univet.hu\/konyvtar\/wp-json\/wp\/v2\/types\/page"}],"author":[{"embeddable":true,"href":"https:\/\/univet.hu\/konyvtar\/wp-json\/wp\/v2\/users\/58"}],"replies":[{"embeddable":true,"href":"https:\/\/univet.hu\/konyvtar\/wp-json\/wp\/v2\/comments?post=1388"}],"version-history":[{"count":5,"href":"https:\/\/univet.hu\/konyvtar\/wp-json\/wp\/v2\/pages\/1388\/revisions"}],"predecessor-version":[{"id":1416,"href":"https:\/\/univet.hu\/konyvtar\/wp-json\/wp\/v2\/pages\/1388\/revisions\/1416"}],"up":[{"embeddable":true,"href":"https:\/\/univet.hu\/konyvtar\/wp-json\/wp\/v2\/pages\/212"}],"wp:attachment":[{"href":"https:\/\/univet.hu\/konyvtar\/wp-json\/wp\/v2\/media?parent=1388"}],"wp:term":[{"taxonomy":"category","embeddable":true,"href":"https:\/\/univet.hu\/konyvtar\/wp-json\/wp\/v2\/categories?post=1388"},{"taxonomy":"post_tag","embeddable":true,"href":"https:\/\/univet.hu\/konyvtar\/wp-json\/wp\/v2\/tags?post=1388"}],"curies":[{"name":"wp","href":"https:\/\/api.w.org\/{rel}","templated":true}]}}