{"id":142,"date":"2025-07-09T12:31:30","date_gmt":"2025-07-09T10:31:30","guid":{"rendered":"https:\/\/univet.hu\/konyvtar\/rolunk\/kutyak\/"},"modified":"2026-01-12T13:54:48","modified_gmt":"2026-01-12T12:54:48","slug":"konyvtar-es-a-kutyak","status":"publish","type":"page","link":"https:\/\/univet.hu\/konyvtar\/rolunk\/konyvtar-es-a-kutyak\/","title":{"rendered":"K\u00f6nyvt\u00e1r \u00e9s a kuty\u00e1k"},"content":{"rendered":"<div class=\"entry-content\"> <div> <div> <p>Tisztelt Hallgat\u00f3k, Olvas\u00f3k!<\/p> <\/div> <div> <p>Kor\u00e1bban megszaporodtak a k\u00f6nyvt\u00e1rba behozott \u00e1llatokkal kapcsolatos probl\u00e9m\u00e1k \u00e9s panaszok, ez\u00e9rt 2021. december\u00e9ben \u00faj szab\u00e1lyt alkottunk, amely egy\u00e9rtelm\u0171en \u00e9s pontosan meghat\u00e1rozza a k\u00f6nyvt\u00e1r egyes tereinek \u00e9s az \u00e1llatoknak a viszony\u00e1t.<\/p> <\/div> <div> <p>A\u00a0felmer\u00fclt\u00a0panaszok nagy r\u00e9sze jogos \u00e9szrev\u00e9tel volt, amely\u00a0az \u00e1llatok k\u00f6nyvt\u00e1ri megjelen\u00e9se kapcs\u00e1n felmer\u00fclt\u00a0higi\u00e9niai, viselked\u00e9ssel\u00a0kapcsolatos (ugat\u00e1s, morg\u00e1s, b\u00fatorokon \u00fcl\u00e9s stb.)\u00a0probl\u00e9m\u00e1kra\u00a0vagy a kor\u00e1bbi nyugalmas tanul\u00e1sra alkalmas terek zajoss\u00e1 v\u00e1l\u00e1s\u00e1ra vonatkozott.<\/p> <\/div> <div> <p><b>A fentiekre v\u00e1laszk\u00e9ppen\u00a02021. december\u00a03-t\u00f3l a k\u00f6nyvt\u00e1r olvas\u00e1sra \u00e9s tanul\u00e1sra alkalmas tereit\u00a0k\u00e9t elk\u00fcl\u00f6n\u00fcl\u0151 egys\u00e9gre osztjuk:\u00a0<\/b><\/p> <\/div> <ul type=\"disc\"> <li><b>a D \u00e9p\u00fclet emelet\u00e9nek olvas\u00f3i terei, bele\u00e9rtve az el\u0151tereket, a folyos\u00f3kat \u00e9s a f\u00f6ldszinti fogad\u00f3teret is, \u00e1llatok sz\u00e1m\u00e1ra nem l\u00e1togathat\u00f3k;<\/b><\/li> <\/ul> <\/div> <div> <ul type=\"disc\"> <li><b>az D \u00e9p\u00fclet Equus <\/b><b>tanul\u00f3helye ezzel szemben \u00e1llatbar\u00e1t hely.\u00a0<\/b><\/li> <\/ul> <div> <p>K\u00e9rj\u00fck, hogy mindig a fenti szab\u00e1lyoknak megfelel\u0151en l\u00e1togass\u00e1k a k\u00f6nyvt\u00e1rat, hogy minden hallgat\u00f3 megtal\u00e1lhassa a sz\u00e1m\u00e1ra megfelel\u0151, t\u00e1mogat\u00f3 k\u00f6nyvt\u00e1ri k\u00f6rnyezetet.<\/p> <\/div> <div> <p>Az Equus tanul\u00f3hely \u00e1llatbar\u00e1t helyk\u00e9nt t\u00f6rt\u00e9n\u0151 \u00fczemel\u00e9s\u00e9t az egy\u00fctt\u00e9l\u00e9st seg\u00edt\u0151 szab\u00e1lyokkal k\u00edv\u00e1njuk seg\u00edteni, amelyeket hamarosan a teremben is kif\u00fcggeszt\u00fcnk.<\/p> <\/div> <div> <p>Meg\u00e9rt\u00e9s\u00fcket \u00e9s seg\u00edt\u0151 egy\u00fcttm\u0171k\u00f6d\u00e9s\u00fcket el\u0151re is k\u00f6sz\u00f6nj\u00fck!<\/p> <\/div> <div> <p>Budapest, 2021.12.02.<\/p> <p>&nbsp;<\/p> <p>Winkler Bea \u00e9s a k\u00f6nyvt\u00e1r teljes csapata<\/p> <p>&nbsp;<\/p> <\/div> <\/div> <p>&nbsp;<\/p> <\/div> <div class=\"entry-content\"> <div> <p align=\"center\"><b>Az Equus<\/b><b> tanul\u00f3hely haszn\u00e1lata<\/b><\/p> <\/div> <div> <p>1. A hallgat\u00f3k rendelkez\u00e9s\u00e9re \u00e1ll\u00f3 Equus tanul\u00f3hely terei a k\u00f6z\u00f6s, csendes tanul\u00e1sra \u00e9s rekre\u00e1ci\u00f3s c\u00e9lra egyar\u00e1nt ig\u00e9nybe vehet\u0151k.<\/p> <\/div> <div> <p>2. A terem k\u00f6z\u00f6ss\u00e9gi t\u00e9r, ez\u00e9rt mindenki a t\u00e1rsas egy\u00fctt\u00e9l\u00e9snek megfelel\u0151en k\u00f6teles viselkedni.<\/p> <\/div> <div> <p>3. A tereket ig\u00e9nybe vev\u0151k k\u00f6telesek tartani magukat az al\u00e1bbi h\u00e1zirendben foglaltakhoz.<\/p> <\/div> <div> <p align=\"center\"><b>Az Equus tanul\u00f3hely<\/b><b>\u00a0h\u00e1zirendje<\/b><\/p> <\/div> <div> <p><b>I. Az egy\u00fctt\u00e9l\u00e9s szab\u00e1lyai<\/b><\/p> <\/div> <div> <p>a) K\u00e9rj\u00fck, telefon\u00e1l\u00e1ssal, besz\u00e9lget\u00e9ssel ne zavarja hallgat\u00f3t\u00e1rsait a tanul\u00e1sban.<\/p> <\/div> <div> <p>b) T\u00e1voz\u00e1skor k\u00e9rj\u00fck,\u00a0szemet\u00e9t\u00a0a kihelyezett kuk\u00e1k valamelyik\u00e9ben helyezze el \u00e9s hagyjon rendet maga ut\u00e1n.<\/p> <\/div> <div> <p>c) A teremben tilos mez\u00edtl\u00e1b\/zokniban tart\u00f3zkodni \u00e9s l\u00e1bat\/cip\u0151t a sz\u00e9kekre\/asztalra feltenni.<\/p> <\/div> <div> <p>d) A teremben tilos er\u0151s illat\u00fa, arom\u00e1s \u00e9teleket fogyasztani.<\/p> <\/div> <div> <p>\u00a0<b>II. A kuty\u00e1kra vonatkoz\u00f3 szab\u00e1lyok<\/b><\/p> <\/div> <div> <p>a) A termet csak j\u00f3l szocializ\u00e1lt, m\u00e1s kuty\u00e1kkal \u00e9s az emberekkel j\u00f3l kij\u00f6v\u0151 kuty\u00e1val lehet l\u00e1togatni.<\/p> <\/div> <div> <p>b) A teremben kuty\u00e1t etetni\/itatni tilos.<\/p> <\/div> <div> <p>c) Kuty\u00e1t sz\u00e9kre, asztalra, kanap\u00e9ra \u00fcltetni\/fektetni tilos.<\/p> <\/div> <div> <p>d) Kutya\u00fcr\u00fcl\u00e9ket csak a szabadt\u00e9ren elhelyezett kuk\u00e1kba szabad kidobni, zacsk\u00f3ba csomagolva (az \u00e9p\u00fcletben l\u00e9v\u0151 kuk\u00e1kba, mosd\u00f3k kuk\u00e1j\u00e1ba,\u00a0wc-be\u00a0tilos)!<\/p> <\/div> <div> <p><b>III. A teremben hagyott szem\u00e9lyes t\u00e1rgyak<\/b><\/p> <\/div> <div> <p>a) A teremben hagyott szem\u00e9lyes t\u00e1rgyak\u00e9rt semmilyen felel\u0151ss\u00e9get nem v\u00e1llalunk.<\/p> <\/div> <div> <p>b) A termekb\u0151l minden vizsgaid\u0151szak utols\u00f3 het\u00e9ben az ott tal\u00e1lhat\u00f3 t\u00e1rgyak elsz\u00e1ll\u00edt\u00e1sra ker\u00fclnek.<\/p> <\/div> <div> <p><b>IV. A teremben kihelyezett k\u00f6nyvek \u00e9s foly\u00f3iratok<\/b><\/p> <\/div> <div> <p>a) Az Equus tanul\u00f3helyen ker\u00fclnek elhelyez\u00e9sre a szabadon elvihet\u0151 k\u00f6nyvek, jegyzetek \u00e9s foly\u00f3iratok. Azokat b\u00e1rki szabadon hazaviheti, haszn\u00e1lhatja, visszahozhatja, de ak\u00e1r b\u0151v\u00edtheti is az ott tal\u00e1lhat\u00f3 gy\u0171jtem\u00e9nyt.<\/p> <\/div> <\/div>","protected":false},"excerpt":{"rendered":"<p>Tisztelt Hallgat\u00f3k, Olvas\u00f3k! Kor\u00e1bban megszaporodtak a k\u00f6nyvt\u00e1rba behozott \u00e1llatokkal kapcsolatos probl\u00e9m\u00e1k \u00e9s panaszok, ez\u00e9rt 2021. december\u00e9ben \u00faj szab\u00e1lyt alkottunk, amely egy\u00e9rtelm\u0171en \u00e9s pontosan meghat\u00e1rozza a k\u00f6nyvt\u00e1r egyes tereinek \u00e9s az \u00e1llatoknak a viszony\u00e1t. A\u00a0felmer\u00fclt\u00a0panaszok nagy r\u00e9sze jogos \u00e9szrev\u00e9tel volt, amely\u00a0az \u00e1llatok k\u00f6nyvt\u00e1ri megjelen\u00e9se kapcs\u00e1n felmer\u00fclt\u00a0higi\u00e9niai, viselked\u00e9ssel\u00a0kapcsolatos (ugat\u00e1s, morg\u00e1s, b\u00fatorokon \u00fcl\u00e9s stb.)\u00a0probl\u00e9m\u00e1kra\u00a0vagy a kor\u00e1bbi nyugalmas tanul\u00e1sra<\/p>\n","protected":false},"author":4333,"featured_media":0,"parent":36,"menu_order":4,"comment_status":"closed","ping_status":"closed","template":"","meta":{"_acf_changed":false,"_eb_attr":"","footnotes":""},"categories":[17],"tags":[],"class_list":["post-142","page","type-page","status-publish","hentry","category-rolunk"],"acf":[],"yoast_head":"<!-- This site is optimized with the Yoast SEO plugin v27.2 - https:\/\/yoast.com\/product\/yoast-seo-wordpress\/ -->\n<title>K\u00f6nyvt\u00e1r \u00e9s a kuty\u00e1k - Hut\u00ffra Ferenc K\u00f6nyvt\u00e1r, Lev\u00e9lt\u00e1r \u00e9s M\u00fazeum<\/title>\n<meta name=\"robots\" content=\"index, follow, max-snippet:-1, max-image-preview:large, max-video-preview:-1\" \/>\n<link rel=\"canonical\" href=\"https:\/\/univet.hu\/konyvtar\/rolunk\/konyvtar-es-a-kutyak\/\" \/>\n<meta property=\"og:locale\" content=\"hu_HU\" \/>\n<meta property=\"og:type\" content=\"article\" \/>\n<meta property=\"og:title\" content=\"K\u00f6nyvt\u00e1r \u00e9s a kuty\u00e1k - Hut\u00ffra Ferenc K\u00f6nyvt\u00e1r, Lev\u00e9lt\u00e1r \u00e9s M\u00fazeum\" \/>\n<meta property=\"og:description\" content=\"Tisztelt Hallgat\u00f3k, Olvas\u00f3k! Kor\u00e1bban megszaporodtak a k\u00f6nyvt\u00e1rba behozott \u00e1llatokkal kapcsolatos probl\u00e9m\u00e1k \u00e9s panaszok, ez\u00e9rt 2021. december\u00e9ben \u00faj szab\u00e1lyt alkottunk, amely egy\u00e9rtelm\u0171en \u00e9s pontosan meghat\u00e1rozza a k\u00f6nyvt\u00e1r egyes tereinek \u00e9s az \u00e1llatoknak a viszony\u00e1t. A\u00a0felmer\u00fclt\u00a0panaszok nagy r\u00e9sze jogos \u00e9szrev\u00e9tel volt, amely\u00a0az \u00e1llatok k\u00f6nyvt\u00e1ri megjelen\u00e9se kapcs\u00e1n felmer\u00fclt\u00a0higi\u00e9niai, viselked\u00e9ssel\u00a0kapcsolatos (ugat\u00e1s, morg\u00e1s, b\u00fatorokon \u00fcl\u00e9s stb.)\u00a0probl\u00e9m\u00e1kra\u00a0vagy a kor\u00e1bbi nyugalmas tanul\u00e1sra\" \/>\n<meta property=\"og:url\" content=\"https:\/\/univet.hu\/konyvtar\/rolunk\/konyvtar-es-a-kutyak\/\" \/>\n<meta property=\"og:site_name\" content=\"Hut\u00ffra Ferenc K\u00f6nyvt\u00e1r, Lev\u00e9lt\u00e1r \u00e9s M\u00fazeum\" \/>\n<meta property=\"article:modified_time\" content=\"2026-01-12T12:54:48+00:00\" \/>\n<meta name=\"twitter:card\" content=\"summary_large_image\" \/>\n<meta name=\"twitter:label1\" content=\"Becs\u00fclt olvas\u00e1si id\u0151\" \/>\n\t<meta name=\"twitter:data1\" content=\"3 perc\" \/>\n<script type=\"application\/ld+json\" class=\"yoast-schema-graph\">{\"@context\":\"https:\/\/schema.org\",\"@graph\":[{\"@type\":\"WebPage\",\"@id\":\"https:\/\/univet.hu\/konyvtar\/rolunk\/konyvtar-es-a-kutyak\/\",\"url\":\"https:\/\/univet.hu\/konyvtar\/rolunk\/konyvtar-es-a-kutyak\/\",\"name\":\"K\u00f6nyvt\u00e1r \u00e9s a kuty\u00e1k - Hut\u00ffra Ferenc K\u00f6nyvt\u00e1r, Lev\u00e9lt\u00e1r \u00e9s M\u00fazeum\",\"isPartOf\":{\"@id\":\"https:\/\/univet.hu\/konyvtar\/#website\"},\"datePublished\":\"2025-07-09T10:31:30+00:00\",\"dateModified\":\"2026-01-12T12:54:48+00:00\",\"breadcrumb\":{\"@id\":\"https:\/\/univet.hu\/konyvtar\/rolunk\/konyvtar-es-a-kutyak\/#breadcrumb\"},\"inLanguage\":\"hu\",\"potentialAction\":[{\"@type\":\"ReadAction\",\"target\":[\"https:\/\/univet.hu\/konyvtar\/rolunk\/konyvtar-es-a-kutyak\/\"]}]},{\"@type\":\"BreadcrumbList\",\"@id\":\"https:\/\/univet.hu\/konyvtar\/rolunk\/konyvtar-es-a-kutyak\/#breadcrumb\",\"itemListElement\":[{\"@type\":\"ListItem\",\"position\":1,\"name\":\"Kezd\u0151lap\",\"item\":\"https:\/\/univet.hu\/konyvtar\/\"},{\"@type\":\"ListItem\",\"position\":2,\"name\":\"R\u00f3lunk\",\"item\":\"https:\/\/univet.hu\/konyvtar\/rolunk\/\"},{\"@type\":\"ListItem\",\"position\":3,\"name\":\"K\u00f6nyvt\u00e1r \u00e9s a kuty\u00e1k\"}]},{\"@type\":\"WebSite\",\"@id\":\"https:\/\/univet.hu\/konyvtar\/#website\",\"url\":\"https:\/\/univet.hu\/konyvtar\/\",\"name\":\"Hut\u00ffra Ferenc K\u00f6nyvt\u00e1r, Lev\u00e9lt\u00e1r \u00e9s M\u00fazeum\",\"description\":\"\",\"potentialAction\":[{\"@type\":\"SearchAction\",\"target\":{\"@type\":\"EntryPoint\",\"urlTemplate\":\"https:\/\/univet.hu\/konyvtar\/?s={search_term_string}\"},\"query-input\":{\"@type\":\"PropertyValueSpecification\",\"valueRequired\":true,\"valueName\":\"search_term_string\"}}],\"inLanguage\":\"hu\"}]}<\/script>\n<!-- \/ Yoast SEO plugin. -->","yoast_head_json":{"title":"K\u00f6nyvt\u00e1r \u00e9s a kuty\u00e1k - Hut\u00ffra Ferenc K\u00f6nyvt\u00e1r, Lev\u00e9lt\u00e1r \u00e9s M\u00fazeum","robots":{"index":"index","follow":"follow","max-snippet":"max-snippet:-1","max-image-preview":"max-image-preview:large","max-video-preview":"max-video-preview:-1"},"canonical":"https:\/\/univet.hu\/konyvtar\/rolunk\/konyvtar-es-a-kutyak\/","og_locale":"hu_HU","og_type":"article","og_title":"K\u00f6nyvt\u00e1r \u00e9s a kuty\u00e1k - Hut\u00ffra Ferenc K\u00f6nyvt\u00e1r, Lev\u00e9lt\u00e1r \u00e9s M\u00fazeum","og_description":"Tisztelt Hallgat\u00f3k, Olvas\u00f3k! Kor\u00e1bban megszaporodtak a k\u00f6nyvt\u00e1rba behozott \u00e1llatokkal kapcsolatos probl\u00e9m\u00e1k \u00e9s panaszok, ez\u00e9rt 2021. december\u00e9ben \u00faj szab\u00e1lyt alkottunk, amely egy\u00e9rtelm\u0171en \u00e9s pontosan meghat\u00e1rozza a k\u00f6nyvt\u00e1r egyes tereinek \u00e9s az \u00e1llatoknak a viszony\u00e1t. A\u00a0felmer\u00fclt\u00a0panaszok nagy r\u00e9sze jogos \u00e9szrev\u00e9tel volt, amely\u00a0az \u00e1llatok k\u00f6nyvt\u00e1ri megjelen\u00e9se kapcs\u00e1n felmer\u00fclt\u00a0higi\u00e9niai, viselked\u00e9ssel\u00a0kapcsolatos (ugat\u00e1s, morg\u00e1s, b\u00fatorokon \u00fcl\u00e9s stb.)\u00a0probl\u00e9m\u00e1kra\u00a0vagy a kor\u00e1bbi nyugalmas tanul\u00e1sra","og_url":"https:\/\/univet.hu\/konyvtar\/rolunk\/konyvtar-es-a-kutyak\/","og_site_name":"Hut\u00ffra Ferenc K\u00f6nyvt\u00e1r, Lev\u00e9lt\u00e1r \u00e9s M\u00fazeum","article_modified_time":"2026-01-12T12:54:48+00:00","twitter_card":"summary_large_image","twitter_misc":{"Becs\u00fclt olvas\u00e1si id\u0151":"3 perc"},"schema":{"@context":"https:\/\/schema.org","@graph":[{"@type":"WebPage","@id":"https:\/\/univet.hu\/konyvtar\/rolunk\/konyvtar-es-a-kutyak\/","url":"https:\/\/univet.hu\/konyvtar\/rolunk\/konyvtar-es-a-kutyak\/","name":"K\u00f6nyvt\u00e1r \u00e9s a kuty\u00e1k - Hut\u00ffra Ferenc K\u00f6nyvt\u00e1r, Lev\u00e9lt\u00e1r \u00e9s M\u00fazeum","isPartOf":{"@id":"https:\/\/univet.hu\/konyvtar\/#website"},"datePublished":"2025-07-09T10:31:30+00:00","dateModified":"2026-01-12T12:54:48+00:00","breadcrumb":{"@id":"https:\/\/univet.hu\/konyvtar\/rolunk\/konyvtar-es-a-kutyak\/#breadcrumb"},"inLanguage":"hu","potentialAction":[{"@type":"ReadAction","target":["https:\/\/univet.hu\/konyvtar\/rolunk\/konyvtar-es-a-kutyak\/"]}]},{"@type":"BreadcrumbList","@id":"https:\/\/univet.hu\/konyvtar\/rolunk\/konyvtar-es-a-kutyak\/#breadcrumb","itemListElement":[{"@type":"ListItem","position":1,"name":"Kezd\u0151lap","item":"https:\/\/univet.hu\/konyvtar\/"},{"@type":"ListItem","position":2,"name":"R\u00f3lunk","item":"https:\/\/univet.hu\/konyvtar\/rolunk\/"},{"@type":"ListItem","position":3,"name":"K\u00f6nyvt\u00e1r \u00e9s a kuty\u00e1k"}]},{"@type":"WebSite","@id":"https:\/\/univet.hu\/konyvtar\/#website","url":"https:\/\/univet.hu\/konyvtar\/","name":"Hut\u00ffra Ferenc K\u00f6nyvt\u00e1r, Lev\u00e9lt\u00e1r \u00e9s M\u00fazeum","description":"","potentialAction":[{"@type":"SearchAction","target":{"@type":"EntryPoint","urlTemplate":"https:\/\/univet.hu\/konyvtar\/?s={search_term_string}"},"query-input":{"@type":"PropertyValueSpecification","valueRequired":true,"valueName":"search_term_string"}}],"inLanguage":"hu"}]}},"_links":{"self":[{"href":"https:\/\/univet.hu\/konyvtar\/wp-json\/wp\/v2\/pages\/142","targetHints":{"allow":["GET"]}}],"collection":[{"href":"https:\/\/univet.hu\/konyvtar\/wp-json\/wp\/v2\/pages"}],"about":[{"href":"https:\/\/univet.hu\/konyvtar\/wp-json\/wp\/v2\/types\/page"}],"author":[{"embeddable":true,"href":"https:\/\/univet.hu\/konyvtar\/wp-json\/wp\/v2\/users\/4333"}],"replies":[{"embeddable":true,"href":"https:\/\/univet.hu\/konyvtar\/wp-json\/wp\/v2\/comments?post=142"}],"version-history":[{"count":1,"href":"https:\/\/univet.hu\/konyvtar\/wp-json\/wp\/v2\/pages\/142\/revisions"}],"predecessor-version":[{"id":144,"href":"https:\/\/univet.hu\/konyvtar\/wp-json\/wp\/v2\/pages\/142\/revisions\/144"}],"up":[{"embeddable":true,"href":"https:\/\/univet.hu\/konyvtar\/wp-json\/wp\/v2\/pages\/36"}],"wp:attachment":[{"href":"https:\/\/univet.hu\/konyvtar\/wp-json\/wp\/v2\/media?parent=142"}],"wp:term":[{"taxonomy":"category","embeddable":true,"href":"https:\/\/univet.hu\/konyvtar\/wp-json\/wp\/v2\/categories?post=142"},{"taxonomy":"post_tag","embeddable":true,"href":"https:\/\/univet.hu\/konyvtar\/wp-json\/wp\/v2\/tags?post=142"}],"curies":[{"name":"wp","href":"https:\/\/api.w.org\/{rel}","templated":true}]}}