{"id":164,"date":"2025-07-09T12:44:59","date_gmt":"2025-07-09T10:44:59","guid":{"rendered":"https:\/\/univet.hu\/konyvtar\/?page_id=164"},"modified":"2026-01-12T13:54:49","modified_gmt":"2026-01-12T12:54:49","slug":"kurzusok-kepzesek","status":"publish","type":"page","link":"https:\/\/univet.hu\/konyvtar\/oktatas\/kurzusok-kepzesek\/","title":{"rendered":"Kurzusok, k\u00e9pz\u00e9sek"},"content":{"rendered":"<p><strong>K\u00f6nyvt\u00e1rhaszn\u00e1lat, inform\u00e1ci\u00f3keres\u00e9s, adatb\u00e1zisok<\/strong><\/p> <div>A k\u00f6nyvt\u00e1r fontos feladat\u00e1nak tekinti a hallgat\u00f3k, oktat\u00f3k, kutat\u00f3k \u00e9s \u00e1llatorvosok digit\u00e1lis, inform\u00e1ci\u00f3s \u00e9s Mi m\u0171velts\u00e9g\u00e9nek megalapoz\u00e1s\u00e1t \u00e9s fejleszt\u00e9s\u00e9t; a szakirodalmi inform\u00e1ci\u00f3val kapcsolatos \u00faj fejlem\u00e9nyek k\u00f6zvet\u00edt\u00e9s\u00e9t; az ezek haszn\u00e1lat\u00e1hoz sz\u00fcks\u00e9ges naprak\u00e9sz ismeretek \u00e1tad\u00e1s\u00e1t \u00e9s k\u00e9szs\u00e9gek fejleszt\u00e9s\u00e9t. Ennek \u00e9rdek\u00e9ben gy\u0171jtj\u00fck a forr\u00e1sokat, seg\u00e9danyagokat tesz\u00fcnk k\u00f6zz\u00e9 \u00e9s t\u00f6bb szinten \u00e9s form\u00e1ban k\u00edn\u00e1lunk tanfolyamokat tantervi keretben \u00e9s azon k\u00edv\u00fcl is.<\/div> <p>Kiemelt feladatunk a\u00a0<strong>diplomadolgozat \u00edr\u00e1s<\/strong>\u00a0\u00e9s a<strong>\u00a0publik\u00e1l\u00e1s<\/strong>\u00a0t\u00e1mogat\u00e1sa.<\/p> <p><strong>Tantervi tanfolyamok<\/strong><\/p> <p>A tantervi t\u00e1rgyak r\u00e9szletes bemutat\u00e1sa az egyetem honlapj\u00e1n tal\u00e1lhat\u00f3.<\/p> <p><i>K\u00f6telez\u0151 tant\u00e1rgyak<\/i><\/p> <ul> <li><strong><a href=\"http:\/\/univet.hu\/hu\/hallgato\/kurzusok\/konyvtari-informatika-biolbsc\" target=\"_blank\" rel=\"noopener noreferrer\">K\u00f6nyvt\u00e1ri informatika<\/a><\/strong>\u00a0\u2013 Biol\u00f3gus BSc<\/li> <li><strong><a href=\"http:\/\/univet.hu\/hu\/hallgato\/kurzusok\/szakirodalmazas-szeminarium\" target=\"_blank\" rel=\"noopener noreferrer\">Szakirodalmaz\u00e1s szemin\u00e1rium<\/a><\/strong>\u00a0\u2013 Biol\u00f3gus MSc<\/li> <li>Publik\u00e1l\u00e1si ismeretek \u2013 Biol\u00f3gus MSc<\/li> <li><strong><a href=\"http:\/\/univet.hu\/hu\/hallgato\/doktori-iskola\/tantargyak\" target=\"_blank\" rel=\"noopener noreferrer\">K\u00f6nyvt\u00e1ri informatika<\/a><\/strong> \u2013 PhD hallgat\u00f3knak<\/li> <li>K\u00f6nyvt\u00e1ri informatika \u2013 szak\u00e1llatorvos-k\u00e9pz\u00e9s: r\u00e9szletesebben a\u00a0<strong>TKK \u00a0honlapj\u00e1n\u00a0<\/strong>az adott kurzus tanterv\u00e9ben olvashat\u00f3<\/li> <li>Szakdolgozati el\u0151k\u00e9sz\u00edt\u0151 \u2013 \u00e1llatorvos szak<\/li> <\/ul> <p><i>Fakultat\u00edv tant\u00e1rgyak<\/i><\/p> <ul> <li><strong><a href=\"http:\/\/univet.hu\/hu\/hallgato\/kurzusok\/konyvtari-informatika\" target=\"_blank\" rel=\"noopener noreferrer\">K\u00f6nyvt\u00e1ri informatika<\/a><\/strong> \u2013 \u00e1llatorvos szak (fakultat\u00edv C)<\/li> <li><strong><a href=\"http:\/\/univet.hu\/hu\/hallgato\/kurzusok\/a-tudomanyos-kozles-alapjai\" target=\"_blank\" rel=\"noopener noreferrer\">A tudom\u00e1nyos k\u00f6zl\u00e9s alapjai<\/a><\/strong>\u00a0 \u2013 \u00e1llatorvos szak (fakultat\u00edv C)<\/li> <\/ul> <p><strong>Tanterven k\u00edv\u00fcli oktat\u00e1s, tanfolyamok<\/strong><\/p> <p><i>K\u00f6telez\u0151 bemutat\u00e1sok, tanfolyamok<\/i><\/p> <ul> <li>K\u00f6nyvt\u00e1rhaszn\u00e1lat\u2013 Az els\u0151\u00e9ves hallgat\u00f3k l\u00e1togat\u00e1sa szeptemberben, az els\u0151 oktat\u00e1si h\u00e9ten (beoszt\u00e1s szerint).<\/li> <li>Szakdolgozati el\u0151k\u00e9sz\u00edt\u0151<\/li> <\/ul> <p><i>\u201eRendelhet\u0151\u201d tanfolyamok<\/i><\/p> <ul> <li>Irodalomkutat\u00e1s \u00e9s cikk\u00edr\u00e1s tr\u00e9ning TDK-z\u00f3 hallgat\u00f3k sz\u00e1m\u00e1ra<\/li> <li>A szakirodalom keres\u00e9se, haszn\u00e1lata \u00e9s hivatkoz\u00e1sa \u2013 Bevezet\u0151 el\u0151ad\u00e1s \u00e9s gyakorlat azon hallgat\u00f3k sz\u00e1m\u00e1ra, akik alaposabban szeretn\u00e9k megismerni a lehet\u0151s\u00e9geket \u00e9s a keres\u00e9s fog\u00e1sait, de nincs idej\u00fck egy teljes kurzust v\u00e9gighallgatni. Minimum \u00f6t f\u0151 jelentkez\u00e9se eset\u00e9n b\u00e1rmely id\u0151pontban \u00e9s \u00f3rasz\u00e1mban megtartjuk a tanfolyamot.<\/li> <li>Alkalmi tanfolyamok aktu\u00e1lis t\u00e9m\u00e1kban az ig\u00e9nyeknek megfelel\u0151 form\u00e1ban, id\u0151pontban.<\/li> <\/ul>","protected":false},"excerpt":{"rendered":"<p>K\u00f6nyvt\u00e1rhaszn\u00e1lat, inform\u00e1ci\u00f3keres\u00e9s, adatb\u00e1zisok A k\u00f6nyvt\u00e1r fontos feladat\u00e1nak tekinti a hallgat\u00f3k, oktat\u00f3k, kutat\u00f3k \u00e9s \u00e1llatorvosok digit\u00e1lis, inform\u00e1ci\u00f3s \u00e9s Mi m\u0171velts\u00e9g\u00e9nek megalapoz\u00e1s\u00e1t \u00e9s fejleszt\u00e9s\u00e9t; a szakirodalmi inform\u00e1ci\u00f3val kapcsolatos \u00faj fejlem\u00e9nyek k\u00f6zvet\u00edt\u00e9s\u00e9t; az ezek haszn\u00e1lat\u00e1hoz sz\u00fcks\u00e9ges naprak\u00e9sz ismeretek \u00e1tad\u00e1s\u00e1t \u00e9s k\u00e9szs\u00e9gek fejleszt\u00e9s\u00e9t. Ennek \u00e9rdek\u00e9ben gy\u0171jtj\u00fck a forr\u00e1sokat, seg\u00e9danyagokat tesz\u00fcnk k\u00f6zz\u00e9 \u00e9s t\u00f6bb szinten \u00e9s form\u00e1ban k\u00edn\u00e1lunk tanfolyamokat tantervi<\/p>\n","protected":false},"author":58,"featured_media":0,"parent":162,"menu_order":0,"comment_status":"closed","ping_status":"closed","template":"","meta":{"_acf_changed":false,"_eb_attr":"","footnotes":""},"categories":[19],"tags":[],"class_list":["post-164","page","type-page","status-publish","hentry","category-oktatas"],"acf":[],"yoast_head":"<!-- This site is optimized with the Yoast SEO plugin v27.2 - https:\/\/yoast.com\/product\/yoast-seo-wordpress\/ -->\n<title>Kurzusok, k\u00e9pz\u00e9sek - Hut\u00ffra Ferenc K\u00f6nyvt\u00e1r, Lev\u00e9lt\u00e1r \u00e9s M\u00fazeum<\/title>\n<meta name=\"robots\" content=\"index, follow, max-snippet:-1, max-image-preview:large, max-video-preview:-1\" \/>\n<link rel=\"canonical\" href=\"https:\/\/univet.hu\/konyvtar\/oktatas\/kurzusok-kepzesek\/\" \/>\n<meta property=\"og:locale\" content=\"hu_HU\" \/>\n<meta property=\"og:type\" content=\"article\" \/>\n<meta property=\"og:title\" content=\"Kurzusok, k\u00e9pz\u00e9sek - Hut\u00ffra Ferenc K\u00f6nyvt\u00e1r, Lev\u00e9lt\u00e1r \u00e9s M\u00fazeum\" \/>\n<meta property=\"og:description\" content=\"K\u00f6nyvt\u00e1rhaszn\u00e1lat, inform\u00e1ci\u00f3keres\u00e9s, adatb\u00e1zisok A k\u00f6nyvt\u00e1r fontos feladat\u00e1nak tekinti a hallgat\u00f3k, oktat\u00f3k, kutat\u00f3k \u00e9s \u00e1llatorvosok digit\u00e1lis, inform\u00e1ci\u00f3s \u00e9s Mi m\u0171velts\u00e9g\u00e9nek megalapoz\u00e1s\u00e1t \u00e9s fejleszt\u00e9s\u00e9t; a szakirodalmi inform\u00e1ci\u00f3val kapcsolatos \u00faj fejlem\u00e9nyek k\u00f6zvet\u00edt\u00e9s\u00e9t; az ezek haszn\u00e1lat\u00e1hoz sz\u00fcks\u00e9ges naprak\u00e9sz ismeretek \u00e1tad\u00e1s\u00e1t \u00e9s k\u00e9szs\u00e9gek fejleszt\u00e9s\u00e9t. Ennek \u00e9rdek\u00e9ben gy\u0171jtj\u00fck a forr\u00e1sokat, seg\u00e9danyagokat tesz\u00fcnk k\u00f6zz\u00e9 \u00e9s t\u00f6bb szinten \u00e9s form\u00e1ban k\u00edn\u00e1lunk tanfolyamokat tantervi\" \/>\n<meta property=\"og:url\" content=\"https:\/\/univet.hu\/konyvtar\/oktatas\/kurzusok-kepzesek\/\" \/>\n<meta property=\"og:site_name\" content=\"Hut\u00ffra Ferenc K\u00f6nyvt\u00e1r, Lev\u00e9lt\u00e1r \u00e9s M\u00fazeum\" \/>\n<meta property=\"article:modified_time\" content=\"2026-01-12T12:54:49+00:00\" \/>\n<meta name=\"twitter:card\" content=\"summary_large_image\" \/>\n<meta name=\"twitter:label1\" content=\"Becs\u00fclt olvas\u00e1si id\u0151\" \/>\n\t<meta name=\"twitter:data1\" content=\"2 perc\" \/>\n<script type=\"application\/ld+json\" class=\"yoast-schema-graph\">{\"@context\":\"https:\/\/schema.org\",\"@graph\":[{\"@type\":\"WebPage\",\"@id\":\"https:\/\/univet.hu\/konyvtar\/oktatas\/kurzusok-kepzesek\/\",\"url\":\"https:\/\/univet.hu\/konyvtar\/oktatas\/kurzusok-kepzesek\/\",\"name\":\"Kurzusok, k\u00e9pz\u00e9sek - Hut\u00ffra Ferenc K\u00f6nyvt\u00e1r, Lev\u00e9lt\u00e1r \u00e9s M\u00fazeum\",\"isPartOf\":{\"@id\":\"https:\/\/univet.hu\/konyvtar\/#website\"},\"datePublished\":\"2025-07-09T10:44:59+00:00\",\"dateModified\":\"2026-01-12T12:54:49+00:00\",\"breadcrumb\":{\"@id\":\"https:\/\/univet.hu\/konyvtar\/oktatas\/kurzusok-kepzesek\/#breadcrumb\"},\"inLanguage\":\"hu\",\"potentialAction\":[{\"@type\":\"ReadAction\",\"target\":[\"https:\/\/univet.hu\/konyvtar\/oktatas\/kurzusok-kepzesek\/\"]}]},{\"@type\":\"BreadcrumbList\",\"@id\":\"https:\/\/univet.hu\/konyvtar\/oktatas\/kurzusok-kepzesek\/#breadcrumb\",\"itemListElement\":[{\"@type\":\"ListItem\",\"position\":1,\"name\":\"Kezd\u0151lap\",\"item\":\"https:\/\/univet.hu\/konyvtar\/\"},{\"@type\":\"ListItem\",\"position\":2,\"name\":\"Oktat\u00e1s\",\"item\":\"https:\/\/univet.hu\/konyvtar\/oktatas\/\"},{\"@type\":\"ListItem\",\"position\":3,\"name\":\"Kurzusok, k\u00e9pz\u00e9sek\"}]},{\"@type\":\"WebSite\",\"@id\":\"https:\/\/univet.hu\/konyvtar\/#website\",\"url\":\"https:\/\/univet.hu\/konyvtar\/\",\"name\":\"Hut\u00ffra Ferenc K\u00f6nyvt\u00e1r, Lev\u00e9lt\u00e1r \u00e9s M\u00fazeum\",\"description\":\"\",\"potentialAction\":[{\"@type\":\"SearchAction\",\"target\":{\"@type\":\"EntryPoint\",\"urlTemplate\":\"https:\/\/univet.hu\/konyvtar\/?s={search_term_string}\"},\"query-input\":{\"@type\":\"PropertyValueSpecification\",\"valueRequired\":true,\"valueName\":\"search_term_string\"}}],\"inLanguage\":\"hu\"}]}<\/script>\n<!-- \/ Yoast SEO plugin. -->","yoast_head_json":{"title":"Kurzusok, k\u00e9pz\u00e9sek - Hut\u00ffra Ferenc K\u00f6nyvt\u00e1r, Lev\u00e9lt\u00e1r \u00e9s M\u00fazeum","robots":{"index":"index","follow":"follow","max-snippet":"max-snippet:-1","max-image-preview":"max-image-preview:large","max-video-preview":"max-video-preview:-1"},"canonical":"https:\/\/univet.hu\/konyvtar\/oktatas\/kurzusok-kepzesek\/","og_locale":"hu_HU","og_type":"article","og_title":"Kurzusok, k\u00e9pz\u00e9sek - Hut\u00ffra Ferenc K\u00f6nyvt\u00e1r, Lev\u00e9lt\u00e1r \u00e9s M\u00fazeum","og_description":"K\u00f6nyvt\u00e1rhaszn\u00e1lat, inform\u00e1ci\u00f3keres\u00e9s, adatb\u00e1zisok A k\u00f6nyvt\u00e1r fontos feladat\u00e1nak tekinti a hallgat\u00f3k, oktat\u00f3k, kutat\u00f3k \u00e9s \u00e1llatorvosok digit\u00e1lis, inform\u00e1ci\u00f3s \u00e9s Mi m\u0171velts\u00e9g\u00e9nek megalapoz\u00e1s\u00e1t \u00e9s fejleszt\u00e9s\u00e9t; a szakirodalmi inform\u00e1ci\u00f3val kapcsolatos \u00faj fejlem\u00e9nyek k\u00f6zvet\u00edt\u00e9s\u00e9t; az ezek haszn\u00e1lat\u00e1hoz sz\u00fcks\u00e9ges naprak\u00e9sz ismeretek \u00e1tad\u00e1s\u00e1t \u00e9s k\u00e9szs\u00e9gek fejleszt\u00e9s\u00e9t. Ennek \u00e9rdek\u00e9ben gy\u0171jtj\u00fck a forr\u00e1sokat, seg\u00e9danyagokat tesz\u00fcnk k\u00f6zz\u00e9 \u00e9s t\u00f6bb szinten \u00e9s form\u00e1ban k\u00edn\u00e1lunk tanfolyamokat tantervi","og_url":"https:\/\/univet.hu\/konyvtar\/oktatas\/kurzusok-kepzesek\/","og_site_name":"Hut\u00ffra Ferenc K\u00f6nyvt\u00e1r, Lev\u00e9lt\u00e1r \u00e9s M\u00fazeum","article_modified_time":"2026-01-12T12:54:49+00:00","twitter_card":"summary_large_image","twitter_misc":{"Becs\u00fclt olvas\u00e1si id\u0151":"2 perc"},"schema":{"@context":"https:\/\/schema.org","@graph":[{"@type":"WebPage","@id":"https:\/\/univet.hu\/konyvtar\/oktatas\/kurzusok-kepzesek\/","url":"https:\/\/univet.hu\/konyvtar\/oktatas\/kurzusok-kepzesek\/","name":"Kurzusok, k\u00e9pz\u00e9sek - Hut\u00ffra Ferenc K\u00f6nyvt\u00e1r, Lev\u00e9lt\u00e1r \u00e9s M\u00fazeum","isPartOf":{"@id":"https:\/\/univet.hu\/konyvtar\/#website"},"datePublished":"2025-07-09T10:44:59+00:00","dateModified":"2026-01-12T12:54:49+00:00","breadcrumb":{"@id":"https:\/\/univet.hu\/konyvtar\/oktatas\/kurzusok-kepzesek\/#breadcrumb"},"inLanguage":"hu","potentialAction":[{"@type":"ReadAction","target":["https:\/\/univet.hu\/konyvtar\/oktatas\/kurzusok-kepzesek\/"]}]},{"@type":"BreadcrumbList","@id":"https:\/\/univet.hu\/konyvtar\/oktatas\/kurzusok-kepzesek\/#breadcrumb","itemListElement":[{"@type":"ListItem","position":1,"name":"Kezd\u0151lap","item":"https:\/\/univet.hu\/konyvtar\/"},{"@type":"ListItem","position":2,"name":"Oktat\u00e1s","item":"https:\/\/univet.hu\/konyvtar\/oktatas\/"},{"@type":"ListItem","position":3,"name":"Kurzusok, k\u00e9pz\u00e9sek"}]},{"@type":"WebSite","@id":"https:\/\/univet.hu\/konyvtar\/#website","url":"https:\/\/univet.hu\/konyvtar\/","name":"Hut\u00ffra Ferenc K\u00f6nyvt\u00e1r, Lev\u00e9lt\u00e1r \u00e9s M\u00fazeum","description":"","potentialAction":[{"@type":"SearchAction","target":{"@type":"EntryPoint","urlTemplate":"https:\/\/univet.hu\/konyvtar\/?s={search_term_string}"},"query-input":{"@type":"PropertyValueSpecification","valueRequired":true,"valueName":"search_term_string"}}],"inLanguage":"hu"}]}},"_links":{"self":[{"href":"https:\/\/univet.hu\/konyvtar\/wp-json\/wp\/v2\/pages\/164","targetHints":{"allow":["GET"]}}],"collection":[{"href":"https:\/\/univet.hu\/konyvtar\/wp-json\/wp\/v2\/pages"}],"about":[{"href":"https:\/\/univet.hu\/konyvtar\/wp-json\/wp\/v2\/types\/page"}],"author":[{"embeddable":true,"href":"https:\/\/univet.hu\/konyvtar\/wp-json\/wp\/v2\/users\/58"}],"replies":[{"embeddable":true,"href":"https:\/\/univet.hu\/konyvtar\/wp-json\/wp\/v2\/comments?post=164"}],"version-history":[{"count":3,"href":"https:\/\/univet.hu\/konyvtar\/wp-json\/wp\/v2\/pages\/164\/revisions"}],"predecessor-version":[{"id":167,"href":"https:\/\/univet.hu\/konyvtar\/wp-json\/wp\/v2\/pages\/164\/revisions\/167"}],"up":[{"embeddable":true,"href":"https:\/\/univet.hu\/konyvtar\/wp-json\/wp\/v2\/pages\/162"}],"wp:attachment":[{"href":"https:\/\/univet.hu\/konyvtar\/wp-json\/wp\/v2\/media?parent=164"}],"wp:term":[{"taxonomy":"category","embeddable":true,"href":"https:\/\/univet.hu\/konyvtar\/wp-json\/wp\/v2\/categories?post=164"},{"taxonomy":"post_tag","embeddable":true,"href":"https:\/\/univet.hu\/konyvtar\/wp-json\/wp\/v2\/tags?post=164"}],"curies":[{"name":"wp","href":"https:\/\/api.w.org\/{rel}","templated":true}]}}