{"id":19,"date":"2025-07-09T10:58:46","date_gmt":"2025-07-09T08:58:46","guid":{"rendered":"https:\/\/univet.hu\/konyvtar\/?page_id=19"},"modified":"2026-01-12T13:54:48","modified_gmt":"2026-01-12T12:54:48","slug":"kolcsonzes","status":"publish","type":"page","link":"https:\/\/univet.hu\/konyvtar\/szolgaltatasok\/kolcsonzes\/","title":{"rendered":"K\u00f6lcs\u00f6nz\u00e9s"},"content":{"rendered":"<p>A beiratkozott olvas\u00f3k szem\u00e9lyesen k\u00f6lcs\u00f6n\u00f6zhetnek k\u00f6nyveket.<\/p> <h4>Beiratkoz\u00e1s<\/h4> <ol> <li>K\u00e9rj\u00fck regisztr\u00e1ljon (ak\u00e1r otthonr\u00f3l) a\u00a0<a href=\"http:\/\/opac.univet.hu\/liberty\/libraryHome.do\">k\u00f6nyvt\u00e1ri rendszerbe<\/a>\u00a0(az oldalon jobbra fent tal\u00e1lhat\u00f3 az \u0171rlap Regisztr\u00e1ci\u00f3 n\u00e9ven).<\/li> <li>F\u00e1radjon be a k\u00f6nyvt\u00e1rba.<\/li> <li>A k\u00f6nyvt\u00e1rosi pultn\u00e1l k\u00e9rj\u00fck mutassa be igazolv\u00e1ny\u00e1t.<\/li> <li>A beiratkoz\u00e1si lapra \u00edrja r\u00e1 nev\u00e9t, a beiratkoz\u00e1s napj\u00e1t \u00e9s \u00edrja al\u00e1.<\/li> <li>Fizesse be az els\u0151 \u00e9ves beiratkoz\u00e1si d\u00edjat (csak k\u00fcls\u0151s olvas\u00f3k eset\u00e9ben).<\/li> <li>Megkapja olvas\u00f3jegy\u00e9t \u00e9s m\u00e1ris k\u00f6lcs\u00f6n\u00f6zhet a k\u00f6nyvt\u00e1rosn\u00e1l vagy az \u00f6nk\u00f6lcs\u00f6nz\u0151 pultban.<\/li> <\/ol> <h4>K\u00f6lcs\u00f6n\u00f6z\u00e9s \u00e9s \u00f6nk\u00f6lcs\u00f6nz\u0151 pult<\/h4> <p>A k\u00f6nyvt\u00e1rnak van egy \u00d6nk\u00f6lcs\u00f6nz\u0151 pultja, szemben a k\u00f6nyvt\u00e1ri szolg\u00e1ltat\u00e1si ponttal a D \u00e9p\u00fclet emelet\u00e9n.<\/p> <p>Itt olvas\u00f3jegy\u00e9vel<\/p> <ul> <li>k\u00f6nyvek k\u00f6lcs\u00f6nz\u00e9s\u00e9re,<\/li> <li>k\u00f6lcs\u00f6nz\u00e9sek meghosszabb\u00edt\u00e1s\u00e1ra<\/li> <li>\u00e9s k\u00f6nyvek visszaad\u00e1s\u00e1ra van lehet\u0151s\u00e9ge.<\/li> <\/ul> <p>Ha nem szeretn\u00e9 haszn\u00e1lni az \u00f6nkiszolg\u00e1l\u00f3 megold\u00e1st, az olvas\u00f3teremben el\u00e9rhet\u0151 k\u00f6nyvt\u00e1ros seg\u00edt a k\u00f6lcs\u00f6nz\u00e9sben.<\/p> <p>Amennyiben m\u00e9g nem k\u00f6lcs\u00f6nz\u00f6tt k\u00f6nyveket, keressen meg minket \u00e9s seg\u00edt\u00fcnk az \u00f6nk\u00f6lcs\u00f6nz\u0151 haszn\u00e1lat\u00e1ban.<\/p>","protected":false},"excerpt":{"rendered":"<p>A beiratkozott olvas\u00f3k szem\u00e9lyesen k\u00f6lcs\u00f6n\u00f6zhetnek k\u00f6nyveket. Beiratkoz\u00e1s K\u00e9rj\u00fck regisztr\u00e1ljon (ak\u00e1r otthonr\u00f3l) a\u00a0k\u00f6nyvt\u00e1ri rendszerbe\u00a0(az oldalon jobbra fent tal\u00e1lhat\u00f3 az \u0171rlap Regisztr\u00e1ci\u00f3 n\u00e9ven). F\u00e1radjon be a k\u00f6nyvt\u00e1rba. A k\u00f6nyvt\u00e1rosi pultn\u00e1l k\u00e9rj\u00fck mutassa be igazolv\u00e1ny\u00e1t. A beiratkoz\u00e1si lapra \u00edrja r\u00e1 nev\u00e9t, a beiratkoz\u00e1s napj\u00e1t \u00e9s \u00edrja al\u00e1. Fizesse be az els\u0151 \u00e9ves beiratkoz\u00e1si d\u00edjat (csak k\u00fcls\u0151s olvas\u00f3k eset\u00e9ben).<\/p>\n","protected":false},"author":58,"featured_media":0,"parent":27,"menu_order":0,"comment_status":"closed","ping_status":"closed","template":"","meta":{"_acf_changed":false,"_eb_attr":"","footnotes":""},"categories":[16],"tags":[],"class_list":["post-19","page","type-page","status-publish","hentry","category-szolgaltatasok"],"acf":[],"yoast_head":"<!-- This site is optimized with the Yoast SEO plugin v27.2 - https:\/\/yoast.com\/product\/yoast-seo-wordpress\/ -->\n<title>K\u00f6lcs\u00f6nz\u00e9s - Hut\u00ffra Ferenc K\u00f6nyvt\u00e1r, Lev\u00e9lt\u00e1r \u00e9s M\u00fazeum<\/title>\n<meta name=\"robots\" content=\"index, follow, max-snippet:-1, max-image-preview:large, max-video-preview:-1\" \/>\n<link rel=\"canonical\" href=\"https:\/\/univet.hu\/konyvtar\/szolgaltatasok\/kolcsonzes\/\" \/>\n<meta property=\"og:locale\" content=\"hu_HU\" \/>\n<meta property=\"og:type\" content=\"article\" \/>\n<meta property=\"og:title\" content=\"K\u00f6lcs\u00f6nz\u00e9s - Hut\u00ffra Ferenc K\u00f6nyvt\u00e1r, Lev\u00e9lt\u00e1r \u00e9s M\u00fazeum\" \/>\n<meta property=\"og:description\" content=\"A beiratkozott olvas\u00f3k szem\u00e9lyesen k\u00f6lcs\u00f6n\u00f6zhetnek k\u00f6nyveket. Beiratkoz\u00e1s K\u00e9rj\u00fck regisztr\u00e1ljon (ak\u00e1r otthonr\u00f3l) a\u00a0k\u00f6nyvt\u00e1ri rendszerbe\u00a0(az oldalon jobbra fent tal\u00e1lhat\u00f3 az \u0171rlap Regisztr\u00e1ci\u00f3 n\u00e9ven). F\u00e1radjon be a k\u00f6nyvt\u00e1rba. A k\u00f6nyvt\u00e1rosi pultn\u00e1l k\u00e9rj\u00fck mutassa be igazolv\u00e1ny\u00e1t. A beiratkoz\u00e1si lapra \u00edrja r\u00e1 nev\u00e9t, a beiratkoz\u00e1s napj\u00e1t \u00e9s \u00edrja al\u00e1. Fizesse be az els\u0151 \u00e9ves beiratkoz\u00e1si d\u00edjat (csak k\u00fcls\u0151s olvas\u00f3k eset\u00e9ben).\" \/>\n<meta property=\"og:url\" content=\"https:\/\/univet.hu\/konyvtar\/szolgaltatasok\/kolcsonzes\/\" \/>\n<meta property=\"og:site_name\" content=\"Hut\u00ffra Ferenc K\u00f6nyvt\u00e1r, Lev\u00e9lt\u00e1r \u00e9s M\u00fazeum\" \/>\n<meta property=\"article:modified_time\" content=\"2026-01-12T12:54:48+00:00\" \/>\n<meta name=\"twitter:card\" content=\"summary_large_image\" \/>\n<meta name=\"twitter:label1\" content=\"Becs\u00fclt olvas\u00e1si id\u0151\" \/>\n\t<meta name=\"twitter:data1\" content=\"1 perc\" \/>\n<script type=\"application\/ld+json\" class=\"yoast-schema-graph\">{\"@context\":\"https:\/\/schema.org\",\"@graph\":[{\"@type\":\"WebPage\",\"@id\":\"https:\/\/univet.hu\/konyvtar\/szolgaltatasok\/kolcsonzes\/\",\"url\":\"https:\/\/univet.hu\/konyvtar\/szolgaltatasok\/kolcsonzes\/\",\"name\":\"K\u00f6lcs\u00f6nz\u00e9s - Hut\u00ffra Ferenc K\u00f6nyvt\u00e1r, Lev\u00e9lt\u00e1r \u00e9s M\u00fazeum\",\"isPartOf\":{\"@id\":\"https:\/\/univet.hu\/konyvtar\/#website\"},\"datePublished\":\"2025-07-09T08:58:46+00:00\",\"dateModified\":\"2026-01-12T12:54:48+00:00\",\"breadcrumb\":{\"@id\":\"https:\/\/univet.hu\/konyvtar\/szolgaltatasok\/kolcsonzes\/#breadcrumb\"},\"inLanguage\":\"hu\",\"potentialAction\":[{\"@type\":\"ReadAction\",\"target\":[\"https:\/\/univet.hu\/konyvtar\/szolgaltatasok\/kolcsonzes\/\"]}]},{\"@type\":\"BreadcrumbList\",\"@id\":\"https:\/\/univet.hu\/konyvtar\/szolgaltatasok\/kolcsonzes\/#breadcrumb\",\"itemListElement\":[{\"@type\":\"ListItem\",\"position\":1,\"name\":\"Kezd\u0151lap\",\"item\":\"https:\/\/univet.hu\/konyvtar\/\"},{\"@type\":\"ListItem\",\"position\":2,\"name\":\"Szolg\u00e1ltat\u00e1sok\",\"item\":\"https:\/\/univet.hu\/konyvtar\/szolgaltatasok\/\"},{\"@type\":\"ListItem\",\"position\":3,\"name\":\"K\u00f6lcs\u00f6nz\u00e9s\"}]},{\"@type\":\"WebSite\",\"@id\":\"https:\/\/univet.hu\/konyvtar\/#website\",\"url\":\"https:\/\/univet.hu\/konyvtar\/\",\"name\":\"Hut\u00ffra Ferenc K\u00f6nyvt\u00e1r, Lev\u00e9lt\u00e1r \u00e9s M\u00fazeum\",\"description\":\"\",\"potentialAction\":[{\"@type\":\"SearchAction\",\"target\":{\"@type\":\"EntryPoint\",\"urlTemplate\":\"https:\/\/univet.hu\/konyvtar\/?s={search_term_string}\"},\"query-input\":{\"@type\":\"PropertyValueSpecification\",\"valueRequired\":true,\"valueName\":\"search_term_string\"}}],\"inLanguage\":\"hu\"}]}<\/script>\n<!-- \/ Yoast SEO plugin. -->","yoast_head_json":{"title":"K\u00f6lcs\u00f6nz\u00e9s - Hut\u00ffra Ferenc K\u00f6nyvt\u00e1r, Lev\u00e9lt\u00e1r \u00e9s M\u00fazeum","robots":{"index":"index","follow":"follow","max-snippet":"max-snippet:-1","max-image-preview":"max-image-preview:large","max-video-preview":"max-video-preview:-1"},"canonical":"https:\/\/univet.hu\/konyvtar\/szolgaltatasok\/kolcsonzes\/","og_locale":"hu_HU","og_type":"article","og_title":"K\u00f6lcs\u00f6nz\u00e9s - Hut\u00ffra Ferenc K\u00f6nyvt\u00e1r, Lev\u00e9lt\u00e1r \u00e9s M\u00fazeum","og_description":"A beiratkozott olvas\u00f3k szem\u00e9lyesen k\u00f6lcs\u00f6n\u00f6zhetnek k\u00f6nyveket. Beiratkoz\u00e1s K\u00e9rj\u00fck regisztr\u00e1ljon (ak\u00e1r otthonr\u00f3l) a\u00a0k\u00f6nyvt\u00e1ri rendszerbe\u00a0(az oldalon jobbra fent tal\u00e1lhat\u00f3 az \u0171rlap Regisztr\u00e1ci\u00f3 n\u00e9ven). F\u00e1radjon be a k\u00f6nyvt\u00e1rba. A k\u00f6nyvt\u00e1rosi pultn\u00e1l k\u00e9rj\u00fck mutassa be igazolv\u00e1ny\u00e1t. A beiratkoz\u00e1si lapra \u00edrja r\u00e1 nev\u00e9t, a beiratkoz\u00e1s napj\u00e1t \u00e9s \u00edrja al\u00e1. Fizesse be az els\u0151 \u00e9ves beiratkoz\u00e1si d\u00edjat (csak k\u00fcls\u0151s olvas\u00f3k eset\u00e9ben).","og_url":"https:\/\/univet.hu\/konyvtar\/szolgaltatasok\/kolcsonzes\/","og_site_name":"Hut\u00ffra Ferenc K\u00f6nyvt\u00e1r, Lev\u00e9lt\u00e1r \u00e9s M\u00fazeum","article_modified_time":"2026-01-12T12:54:48+00:00","twitter_card":"summary_large_image","twitter_misc":{"Becs\u00fclt olvas\u00e1si id\u0151":"1 perc"},"schema":{"@context":"https:\/\/schema.org","@graph":[{"@type":"WebPage","@id":"https:\/\/univet.hu\/konyvtar\/szolgaltatasok\/kolcsonzes\/","url":"https:\/\/univet.hu\/konyvtar\/szolgaltatasok\/kolcsonzes\/","name":"K\u00f6lcs\u00f6nz\u00e9s - Hut\u00ffra Ferenc K\u00f6nyvt\u00e1r, Lev\u00e9lt\u00e1r \u00e9s M\u00fazeum","isPartOf":{"@id":"https:\/\/univet.hu\/konyvtar\/#website"},"datePublished":"2025-07-09T08:58:46+00:00","dateModified":"2026-01-12T12:54:48+00:00","breadcrumb":{"@id":"https:\/\/univet.hu\/konyvtar\/szolgaltatasok\/kolcsonzes\/#breadcrumb"},"inLanguage":"hu","potentialAction":[{"@type":"ReadAction","target":["https:\/\/univet.hu\/konyvtar\/szolgaltatasok\/kolcsonzes\/"]}]},{"@type":"BreadcrumbList","@id":"https:\/\/univet.hu\/konyvtar\/szolgaltatasok\/kolcsonzes\/#breadcrumb","itemListElement":[{"@type":"ListItem","position":1,"name":"Kezd\u0151lap","item":"https:\/\/univet.hu\/konyvtar\/"},{"@type":"ListItem","position":2,"name":"Szolg\u00e1ltat\u00e1sok","item":"https:\/\/univet.hu\/konyvtar\/szolgaltatasok\/"},{"@type":"ListItem","position":3,"name":"K\u00f6lcs\u00f6nz\u00e9s"}]},{"@type":"WebSite","@id":"https:\/\/univet.hu\/konyvtar\/#website","url":"https:\/\/univet.hu\/konyvtar\/","name":"Hut\u00ffra Ferenc K\u00f6nyvt\u00e1r, Lev\u00e9lt\u00e1r \u00e9s M\u00fazeum","description":"","potentialAction":[{"@type":"SearchAction","target":{"@type":"EntryPoint","urlTemplate":"https:\/\/univet.hu\/konyvtar\/?s={search_term_string}"},"query-input":{"@type":"PropertyValueSpecification","valueRequired":true,"valueName":"search_term_string"}}],"inLanguage":"hu"}]}},"_links":{"self":[{"href":"https:\/\/univet.hu\/konyvtar\/wp-json\/wp\/v2\/pages\/19","targetHints":{"allow":["GET"]}}],"collection":[{"href":"https:\/\/univet.hu\/konyvtar\/wp-json\/wp\/v2\/pages"}],"about":[{"href":"https:\/\/univet.hu\/konyvtar\/wp-json\/wp\/v2\/types\/page"}],"author":[{"embeddable":true,"href":"https:\/\/univet.hu\/konyvtar\/wp-json\/wp\/v2\/users\/58"}],"replies":[{"embeddable":true,"href":"https:\/\/univet.hu\/konyvtar\/wp-json\/wp\/v2\/comments?post=19"}],"version-history":[{"count":3,"href":"https:\/\/univet.hu\/konyvtar\/wp-json\/wp\/v2\/pages\/19\/revisions"}],"predecessor-version":[{"id":26,"href":"https:\/\/univet.hu\/konyvtar\/wp-json\/wp\/v2\/pages\/19\/revisions\/26"}],"up":[{"embeddable":true,"href":"https:\/\/univet.hu\/konyvtar\/wp-json\/wp\/v2\/pages\/27"}],"wp:attachment":[{"href":"https:\/\/univet.hu\/konyvtar\/wp-json\/wp\/v2\/media?parent=19"}],"wp:term":[{"taxonomy":"category","embeddable":true,"href":"https:\/\/univet.hu\/konyvtar\/wp-json\/wp\/v2\/categories?post=19"},{"taxonomy":"post_tag","embeddable":true,"href":"https:\/\/univet.hu\/konyvtar\/wp-json\/wp\/v2\/tags?post=19"}],"curies":[{"name":"wp","href":"https:\/\/api.w.org\/{rel}","templated":true}]}}