{"id":212,"date":"2025-07-09T13:07:41","date_gmt":"2025-07-09T11:07:41","guid":{"rendered":"https:\/\/univet.hu\/konyvtar\/?page_id=212"},"modified":"2026-03-31T09:17:35","modified_gmt":"2026-03-31T07:17:35","slug":"keresesi-segedletek","status":"publish","type":"page","link":"https:\/\/univet.hu\/konyvtar\/oktatas\/keresesi-segedletek\/","title":{"rendered":"Keres\u00e9si seg\u00e9dletek"},"content":{"rendered":"<p>Az oldal folyamatosan friss\u00fcl, ahogy elk\u00e9sz\u00fclnek az \u00faj anyagok!<\/p> <p><strong>Infografik\u00e1k \u00e9s r\u00f6vid le\u00edr\u00e1sok a keres\u00e9s seg\u00edt\u00e9s\u00e9re<\/strong><\/p> <ul> <li>PubMed \u2013 <a href=\"https:\/\/univet.hu\/konyvtar\/wp-content\/uploads\/sites\/17\/2025\/07\/Pubmed_egyszeru-1.pdf\" target=\"_blank\" rel=\"noopener\">egyszer\u0171 keres\u00e9s \u00e9s a bool oper\u00e1torok (\u00e9s, vagy, nem)<\/a><\/li> <li>PubMed \u2013 <a href=\"https:\/\/univet.hu\/konyvtar\/wp-content\/uploads\/sites\/17\/2025\/07\/Pubmed-https___pubmed.ncbi_.nlm_.nih_.gov_-1.pdf\" target=\"_blank\" rel=\"noopener\">\u00f6sszetett keres\u00e9s \u00e9s a tal\u00e1lati oldal<\/a><\/li> <li><a href=\"https:\/\/univet.hu\/konyvtar\/hogyan-valaszd-ki-a-megfelelo-szakirodalmat\/\">Hogyan tudod 2 perc alatt eld\u00f6nteni, hogy a cikk megfelel\u0151 min\u0151s\u00e9g\u0171-e a diplomamunk\u00e1hoz\/TDK-hoz?\u00a0<\/a><\/li> <li><a href=\"https:\/\/univet.hu\/konyvtar\/wp-content\/uploads\/sites\/17\/2025\/07\/ATE_01.pdf\" target=\"_blank\" rel=\"noopener\">Az \u00e9lettudom\u00e1nyi k\u00f6zlem\u00e9ny<\/a><\/li> <li><a href=\"https:\/\/univet.hu\/konyvtar\/wp-content\/uploads\/sites\/17\/2025\/07\/ATE_03.pdf\" target=\"_blank\" rel=\"noopener\">Hivatkozhat\u00f3 nem tudom\u00e1nyos k\u00f6zlem\u00e9nyek<\/a><\/li> <li><a href=\"https:\/\/univet.hu\/konyvtar\/wp-content\/uploads\/sites\/17\/2025\/07\/ATE_05.pdf\" target=\"_blank\" rel=\"noopener\">Szakirodalmaz\u00e1s<\/a><\/li> <\/ul> <p><strong>R\u00f6vid cikkek:<\/strong><\/p> <ul> <li><a href=\"https:\/\/huveta.hu\/bitstream\/handle\/10832\/4355\/Noctua_Kam_A%cc%81o_2025-1%20%282%29.pdf?sequence=1&amp;isAllowed=y\" target=\"_blank\" rel=\"noopener noreferrer\">Szakirodalom keres\u00e9se gyorsan \u00e9s hat\u00e9konyan<\/a>. Noctua 2025. 29. \u00e9vf. 1. sz\u00e1m p. 76-77.<\/li> <li><a href=\"https:\/\/huveta.hu\/bitstream\/handle\/10832\/4130\/Noctua_Kam_A%cc%81o_2024-4.pdf?sequence=1&amp;isAllowed=y\" target=\"_blank\" rel=\"noopener noreferrer\">Innov\u00e1ci\u00f3 az inform\u00e1ci\u00f3k keres\u00e9s\u00e9ben: a searchRxiv bemutat\u00e1sa<\/a>. Noctua 2024. 28. \u00e9vf. 4. sz\u00e1m p. 35.<\/li> <li><a href=\"https:\/\/huveta.hu\/bitstream\/handle\/10832\/3660\/Noctua_Kam_A%cc%81o_2023-3.pdf?sequence=1&amp;isAllowed=y\" target=\"_blank\" rel=\"noopener noreferrer\">A k\u00f6nyvt\u00e1r katal\u00f3gusa: k\u00f6nyvt\u00e1ri katal\u00f3gus, cikkadatb\u00e1zis, tan\u00e1csad\u00f3 \u00e9s \u00fcgyint\u00e9z\u0151<\/a>. Noctua 2023. 27. \u00e9vf. 3. sz\u00e1m p. 50-52.<\/li> <li><a href=\"https:\/\/huveta.hu\/bitstream\/handle\/10832\/3152\/Noctua_Kam_A%cc%81o_2022-2%20%282%29.pdf?sequence=1&amp;isAllowed=y\" target=\"_blank\" rel=\"noopener noreferrer\">Cikkek a vil\u00e1gh\u00e1l\u00f3n el\u0151fizet\u00e9ssel vagy an\u00e9lk\u00fcl<\/a>. Noctua 2022. 26. \u00e9vf. 3. sz\u00e1m p. 60-61.<\/li> <\/ul> <p><strong>Vide\u00f3s seg\u00e9dletek<\/strong><\/p> <p>1) Web of Science<\/p> <ul> <li><a href=\"https:\/\/www.youtube.com\/watch?v=RxeVuWLMnTE\" target=\"_blank\" rel=\"noopener noreferrer\">adatb\u00e1zis v\u00e1laszt\u00e1s<\/a><\/li> <li><a href=\"https:\/\/www.youtube.com\/watch?v=7Grj41ZRqP0\" target=\"_blank\" rel=\"noopener noreferrer\">keres\u00e9s<\/a><\/li> <li><a href=\"https:\/\/www.youtube.com\/watch?v=1jVhHa95WCc\" target=\"_blank\" rel=\"noopener noreferrer\">tal\u00e1lati lista<\/a><\/li> <li><a href=\"https:\/\/www.youtube.com\/watch?v=PqLx--WLAwg\" target=\"_blank\" rel=\"noopener noreferrer\">halmazm\u0171veletek (a keres\u00e9s egy m\u00e1sik m\u00f3dja)<\/a><\/li> <li><a href=\"https:\/\/www.youtube.com\/watch?v=RYdy_9NAAvM\" target=\"_blank\" rel=\"noopener noreferrer\">hivatkoz\u00e1skezel\u0151 haszn\u00e1lata (EndNote web \u00e9s Zotero)<\/a><\/li> <\/ul>","protected":false},"excerpt":{"rendered":"<p>Az oldal folyamatosan friss\u00fcl, ahogy elk\u00e9sz\u00fclnek az \u00faj anyagok! Infografik\u00e1k \u00e9s r\u00f6vid le\u00edr\u00e1sok a keres\u00e9s seg\u00edt\u00e9s\u00e9re PubMed \u2013 egyszer\u0171 keres\u00e9s \u00e9s a bool oper\u00e1torok (\u00e9s, vagy, nem) PubMed \u2013 \u00f6sszetett keres\u00e9s \u00e9s a tal\u00e1lati oldal Hogyan tudod 2 perc alatt eld\u00f6nteni, hogy a cikk megfelel\u0151 min\u0151s\u00e9g\u0171-e a diplomamunk\u00e1hoz\/TDK-hoz?\u00a0 Az \u00e9lettudom\u00e1nyi k\u00f6zlem\u00e9ny Hivatkozhat\u00f3 nem tudom\u00e1nyos k\u00f6zlem\u00e9nyek<\/p>\n","protected":false},"author":58,"featured_media":0,"parent":162,"menu_order":0,"comment_status":"closed","ping_status":"closed","template":"","meta":{"_acf_changed":false,"_eb_attr":"","footnotes":""},"categories":[19],"tags":[],"class_list":["post-212","page","type-page","status-publish","hentry","category-oktatas"],"acf":[],"yoast_head":"<!-- This site is optimized with the Yoast SEO plugin v27.2 - https:\/\/yoast.com\/product\/yoast-seo-wordpress\/ -->\n<title>Keres\u00e9si seg\u00e9dletek - Hut\u00ffra Ferenc K\u00f6nyvt\u00e1r, Lev\u00e9lt\u00e1r \u00e9s M\u00fazeum<\/title>\n<meta name=\"robots\" content=\"index, follow, max-snippet:-1, max-image-preview:large, max-video-preview:-1\" \/>\n<link rel=\"canonical\" href=\"https:\/\/univet.hu\/konyvtar\/oktatas\/keresesi-segedletek\/\" \/>\n<meta property=\"og:locale\" content=\"hu_HU\" \/>\n<meta property=\"og:type\" content=\"article\" \/>\n<meta property=\"og:title\" content=\"Keres\u00e9si seg\u00e9dletek - Hut\u00ffra Ferenc K\u00f6nyvt\u00e1r, Lev\u00e9lt\u00e1r \u00e9s M\u00fazeum\" \/>\n<meta property=\"og:description\" content=\"Az oldal folyamatosan friss\u00fcl, ahogy elk\u00e9sz\u00fclnek az \u00faj anyagok! Infografik\u00e1k \u00e9s r\u00f6vid le\u00edr\u00e1sok a keres\u00e9s seg\u00edt\u00e9s\u00e9re PubMed \u2013 egyszer\u0171 keres\u00e9s \u00e9s a bool oper\u00e1torok (\u00e9s, vagy, nem) PubMed \u2013 \u00f6sszetett keres\u00e9s \u00e9s a tal\u00e1lati oldal Hogyan tudod 2 perc alatt eld\u00f6nteni, hogy a cikk megfelel\u0151 min\u0151s\u00e9g\u0171-e a diplomamunk\u00e1hoz\/TDK-hoz?\u00a0 Az \u00e9lettudom\u00e1nyi k\u00f6zlem\u00e9ny Hivatkozhat\u00f3 nem tudom\u00e1nyos k\u00f6zlem\u00e9nyek\" \/>\n<meta property=\"og:url\" content=\"https:\/\/univet.hu\/konyvtar\/oktatas\/keresesi-segedletek\/\" \/>\n<meta property=\"og:site_name\" content=\"Hut\u00ffra Ferenc K\u00f6nyvt\u00e1r, Lev\u00e9lt\u00e1r \u00e9s M\u00fazeum\" \/>\n<meta property=\"article:modified_time\" content=\"2026-03-31T07:17:35+00:00\" \/>\n<meta name=\"twitter:card\" content=\"summary_large_image\" \/>\n<meta name=\"twitter:label1\" content=\"Becs\u00fclt olvas\u00e1si id\u0151\" \/>\n\t<meta name=\"twitter:data1\" content=\"1 perc\" \/>\n<script type=\"application\/ld+json\" class=\"yoast-schema-graph\">{\"@context\":\"https:\/\/schema.org\",\"@graph\":[{\"@type\":\"WebPage\",\"@id\":\"https:\/\/univet.hu\/konyvtar\/oktatas\/keresesi-segedletek\/\",\"url\":\"https:\/\/univet.hu\/konyvtar\/oktatas\/keresesi-segedletek\/\",\"name\":\"Keres\u00e9si seg\u00e9dletek - Hut\u00ffra Ferenc K\u00f6nyvt\u00e1r, Lev\u00e9lt\u00e1r \u00e9s M\u00fazeum\",\"isPartOf\":{\"@id\":\"https:\/\/univet.hu\/konyvtar\/#website\"},\"datePublished\":\"2025-07-09T11:07:41+00:00\",\"dateModified\":\"2026-03-31T07:17:35+00:00\",\"breadcrumb\":{\"@id\":\"https:\/\/univet.hu\/konyvtar\/oktatas\/keresesi-segedletek\/#breadcrumb\"},\"inLanguage\":\"hu\",\"potentialAction\":[{\"@type\":\"ReadAction\",\"target\":[\"https:\/\/univet.hu\/konyvtar\/oktatas\/keresesi-segedletek\/\"]}]},{\"@type\":\"BreadcrumbList\",\"@id\":\"https:\/\/univet.hu\/konyvtar\/oktatas\/keresesi-segedletek\/#breadcrumb\",\"itemListElement\":[{\"@type\":\"ListItem\",\"position\":1,\"name\":\"Kezd\u0151lap\",\"item\":\"https:\/\/univet.hu\/konyvtar\/\"},{\"@type\":\"ListItem\",\"position\":2,\"name\":\"Oktat\u00e1s\",\"item\":\"https:\/\/univet.hu\/konyvtar\/oktatas\/\"},{\"@type\":\"ListItem\",\"position\":3,\"name\":\"Keres\u00e9si seg\u00e9dletek\"}]},{\"@type\":\"WebSite\",\"@id\":\"https:\/\/univet.hu\/konyvtar\/#website\",\"url\":\"https:\/\/univet.hu\/konyvtar\/\",\"name\":\"Hut\u00ffra Ferenc K\u00f6nyvt\u00e1r, Lev\u00e9lt\u00e1r \u00e9s M\u00fazeum\",\"description\":\"\",\"potentialAction\":[{\"@type\":\"SearchAction\",\"target\":{\"@type\":\"EntryPoint\",\"urlTemplate\":\"https:\/\/univet.hu\/konyvtar\/?s={search_term_string}\"},\"query-input\":{\"@type\":\"PropertyValueSpecification\",\"valueRequired\":true,\"valueName\":\"search_term_string\"}}],\"inLanguage\":\"hu\"}]}<\/script>\n<!-- \/ Yoast SEO plugin. -->","yoast_head_json":{"title":"Keres\u00e9si seg\u00e9dletek - Hut\u00ffra Ferenc K\u00f6nyvt\u00e1r, Lev\u00e9lt\u00e1r \u00e9s M\u00fazeum","robots":{"index":"index","follow":"follow","max-snippet":"max-snippet:-1","max-image-preview":"max-image-preview:large","max-video-preview":"max-video-preview:-1"},"canonical":"https:\/\/univet.hu\/konyvtar\/oktatas\/keresesi-segedletek\/","og_locale":"hu_HU","og_type":"article","og_title":"Keres\u00e9si seg\u00e9dletek - Hut\u00ffra Ferenc K\u00f6nyvt\u00e1r, Lev\u00e9lt\u00e1r \u00e9s M\u00fazeum","og_description":"Az oldal folyamatosan friss\u00fcl, ahogy elk\u00e9sz\u00fclnek az \u00faj anyagok! Infografik\u00e1k \u00e9s r\u00f6vid le\u00edr\u00e1sok a keres\u00e9s seg\u00edt\u00e9s\u00e9re PubMed \u2013 egyszer\u0171 keres\u00e9s \u00e9s a bool oper\u00e1torok (\u00e9s, vagy, nem) PubMed \u2013 \u00f6sszetett keres\u00e9s \u00e9s a tal\u00e1lati oldal Hogyan tudod 2 perc alatt eld\u00f6nteni, hogy a cikk megfelel\u0151 min\u0151s\u00e9g\u0171-e a diplomamunk\u00e1hoz\/TDK-hoz?\u00a0 Az \u00e9lettudom\u00e1nyi k\u00f6zlem\u00e9ny Hivatkozhat\u00f3 nem tudom\u00e1nyos k\u00f6zlem\u00e9nyek","og_url":"https:\/\/univet.hu\/konyvtar\/oktatas\/keresesi-segedletek\/","og_site_name":"Hut\u00ffra Ferenc K\u00f6nyvt\u00e1r, Lev\u00e9lt\u00e1r \u00e9s M\u00fazeum","article_modified_time":"2026-03-31T07:17:35+00:00","twitter_card":"summary_large_image","twitter_misc":{"Becs\u00fclt olvas\u00e1si id\u0151":"1 perc"},"schema":{"@context":"https:\/\/schema.org","@graph":[{"@type":"WebPage","@id":"https:\/\/univet.hu\/konyvtar\/oktatas\/keresesi-segedletek\/","url":"https:\/\/univet.hu\/konyvtar\/oktatas\/keresesi-segedletek\/","name":"Keres\u00e9si seg\u00e9dletek - Hut\u00ffra Ferenc K\u00f6nyvt\u00e1r, Lev\u00e9lt\u00e1r \u00e9s M\u00fazeum","isPartOf":{"@id":"https:\/\/univet.hu\/konyvtar\/#website"},"datePublished":"2025-07-09T11:07:41+00:00","dateModified":"2026-03-31T07:17:35+00:00","breadcrumb":{"@id":"https:\/\/univet.hu\/konyvtar\/oktatas\/keresesi-segedletek\/#breadcrumb"},"inLanguage":"hu","potentialAction":[{"@type":"ReadAction","target":["https:\/\/univet.hu\/konyvtar\/oktatas\/keresesi-segedletek\/"]}]},{"@type":"BreadcrumbList","@id":"https:\/\/univet.hu\/konyvtar\/oktatas\/keresesi-segedletek\/#breadcrumb","itemListElement":[{"@type":"ListItem","position":1,"name":"Kezd\u0151lap","item":"https:\/\/univet.hu\/konyvtar\/"},{"@type":"ListItem","position":2,"name":"Oktat\u00e1s","item":"https:\/\/univet.hu\/konyvtar\/oktatas\/"},{"@type":"ListItem","position":3,"name":"Keres\u00e9si seg\u00e9dletek"}]},{"@type":"WebSite","@id":"https:\/\/univet.hu\/konyvtar\/#website","url":"https:\/\/univet.hu\/konyvtar\/","name":"Hut\u00ffra Ferenc K\u00f6nyvt\u00e1r, Lev\u00e9lt\u00e1r \u00e9s M\u00fazeum","description":"","potentialAction":[{"@type":"SearchAction","target":{"@type":"EntryPoint","urlTemplate":"https:\/\/univet.hu\/konyvtar\/?s={search_term_string}"},"query-input":{"@type":"PropertyValueSpecification","valueRequired":true,"valueName":"search_term_string"}}],"inLanguage":"hu"}]}},"_links":{"self":[{"href":"https:\/\/univet.hu\/konyvtar\/wp-json\/wp\/v2\/pages\/212","targetHints":{"allow":["GET"]}}],"collection":[{"href":"https:\/\/univet.hu\/konyvtar\/wp-json\/wp\/v2\/pages"}],"about":[{"href":"https:\/\/univet.hu\/konyvtar\/wp-json\/wp\/v2\/types\/page"}],"author":[{"embeddable":true,"href":"https:\/\/univet.hu\/konyvtar\/wp-json\/wp\/v2\/users\/58"}],"replies":[{"embeddable":true,"href":"https:\/\/univet.hu\/konyvtar\/wp-json\/wp\/v2\/comments?post=212"}],"version-history":[{"count":5,"href":"https:\/\/univet.hu\/konyvtar\/wp-json\/wp\/v2\/pages\/212\/revisions"}],"predecessor-version":[{"id":1394,"href":"https:\/\/univet.hu\/konyvtar\/wp-json\/wp\/v2\/pages\/212\/revisions\/1394"}],"up":[{"embeddable":true,"href":"https:\/\/univet.hu\/konyvtar\/wp-json\/wp\/v2\/pages\/162"}],"wp:attachment":[{"href":"https:\/\/univet.hu\/konyvtar\/wp-json\/wp\/v2\/media?parent=212"}],"wp:term":[{"taxonomy":"category","embeddable":true,"href":"https:\/\/univet.hu\/konyvtar\/wp-json\/wp\/v2\/categories?post=212"},{"taxonomy":"post_tag","embeddable":true,"href":"https:\/\/univet.hu\/konyvtar\/wp-json\/wp\/v2\/tags?post=212"}],"curies":[{"name":"wp","href":"https:\/\/api.w.org\/{rel}","templated":true}]}}