{"id":245,"date":"2025-07-09T13:20:48","date_gmt":"2025-07-09T11:20:48","guid":{"rendered":"https:\/\/univet.hu\/konyvtar\/?page_id=245"},"modified":"2026-01-12T13:54:50","modified_gmt":"2026-01-12T12:54:50","slug":"iratanyag","status":"publish","type":"page","link":"https:\/\/univet.hu\/konyvtar\/leveltar\/iratanyag\/","title":{"rendered":"Iratanyag"},"content":{"rendered":"<ul> <li>Fond- \u00e9s \u00e1llagjegyz\u00e9k:\u00a0<a href=\"http:\/\/univa.mflsz.hu\/index.php\/allatorvostudomanyi-egyetem-hutyra-ferenc-konyvtar-leveltar-es-muzeum-iratanyaga\" target=\"_blank\" rel=\"noopener\">http:\/\/univa.mflsz.hu\/index.php\/allatorvostudomanyi-egyetem-hutyra-ferenc-konyvtar-leveltar-es-muzeum-iratanyaga<\/a><\/li> <li>A lev\u00e9lt\u00e1r anyag\u00e1r\u00f3l t\u00f6bb nyomat\u00e1sban megjelent k\u00f6tet ad t\u00e1j\u00e9koztat\u00e1st, amelyek\u00a0<a href=\"http:\/\/konyvtar.univet.hu\/?page_id=41\" target=\"_blank\" rel=\"noopener\">list\u00e1ja el\u00e9rhet\u0151 a k\u00f6nyvt\u00e1r katal\u00f3gus\u00e1ban<\/a>.<\/li> <li><a href=\"https:\/\/univet.hu\/konyvtar\/leveltar\/iratanyag\/az-allatorvostudomanyi-egyetem-elodintezmenyei\/\" target=\"_blank\" rel=\"noopener\">Az \u00c1llatorvostudom\u00e1nyi Egyetem el\u0151dint\u00e9zm\u00e9nyei<\/a><\/li> <\/ul>","protected":false},"excerpt":{"rendered":"<p>Fond- \u00e9s \u00e1llagjegyz\u00e9k:\u00a0http:\/\/univa.mflsz.hu\/index.php\/allatorvostudomanyi-egyetem-hutyra-ferenc-konyvtar-leveltar-es-muzeum-iratanyaga A lev\u00e9lt\u00e1r anyag\u00e1r\u00f3l t\u00f6bb nyomat\u00e1sban megjelent k\u00f6tet ad t\u00e1j\u00e9koztat\u00e1st, amelyek\u00a0list\u00e1ja el\u00e9rhet\u0151 a k\u00f6nyvt\u00e1r katal\u00f3gus\u00e1ban. Az \u00c1llatorvostudom\u00e1nyi Egyetem el\u0151dint\u00e9zm\u00e9nyei<\/p>\n","protected":false},"author":58,"featured_media":0,"parent":233,"menu_order":0,"comment_status":"closed","ping_status":"closed","template":"","meta":{"_acf_changed":false,"_eb_attr":"","footnotes":""},"categories":[20],"tags":[],"class_list":["post-245","page","type-page","status-publish","hentry","category-leveltar"],"acf":[],"yoast_head":"<!-- This site is optimized with the Yoast SEO plugin v27.2 - https:\/\/yoast.com\/product\/yoast-seo-wordpress\/ -->\n<title>Iratanyag - Hut\u00ffra Ferenc K\u00f6nyvt\u00e1r, Lev\u00e9lt\u00e1r \u00e9s M\u00fazeum<\/title>\n<meta name=\"robots\" content=\"index, follow, max-snippet:-1, max-image-preview:large, max-video-preview:-1\" \/>\n<link rel=\"canonical\" href=\"https:\/\/univet.hu\/konyvtar\/leveltar\/iratanyag\/\" \/>\n<meta property=\"og:locale\" content=\"hu_HU\" \/>\n<meta property=\"og:type\" content=\"article\" \/>\n<meta property=\"og:title\" content=\"Iratanyag - Hut\u00ffra Ferenc K\u00f6nyvt\u00e1r, Lev\u00e9lt\u00e1r \u00e9s M\u00fazeum\" \/>\n<meta property=\"og:description\" content=\"Fond- \u00e9s \u00e1llagjegyz\u00e9k:\u00a0http:\/\/univa.mflsz.hu\/index.php\/allatorvostudomanyi-egyetem-hutyra-ferenc-konyvtar-leveltar-es-muzeum-iratanyaga A lev\u00e9lt\u00e1r anyag\u00e1r\u00f3l t\u00f6bb nyomat\u00e1sban megjelent k\u00f6tet ad t\u00e1j\u00e9koztat\u00e1st, amelyek\u00a0list\u00e1ja el\u00e9rhet\u0151 a k\u00f6nyvt\u00e1r katal\u00f3gus\u00e1ban. Az \u00c1llatorvostudom\u00e1nyi Egyetem el\u0151dint\u00e9zm\u00e9nyei\" \/>\n<meta property=\"og:url\" content=\"https:\/\/univet.hu\/konyvtar\/leveltar\/iratanyag\/\" \/>\n<meta property=\"og:site_name\" content=\"Hut\u00ffra Ferenc K\u00f6nyvt\u00e1r, Lev\u00e9lt\u00e1r \u00e9s M\u00fazeum\" \/>\n<meta property=\"article:modified_time\" content=\"2026-01-12T12:54:50+00:00\" \/>\n<meta name=\"twitter:card\" content=\"summary_large_image\" \/>\n<meta name=\"twitter:label1\" content=\"Becs\u00fclt olvas\u00e1si id\u0151\" \/>\n\t<meta name=\"twitter:data1\" content=\"1 perc\" \/>\n<script type=\"application\/ld+json\" class=\"yoast-schema-graph\">{\"@context\":\"https:\/\/schema.org\",\"@graph\":[{\"@type\":\"WebPage\",\"@id\":\"https:\/\/univet.hu\/konyvtar\/leveltar\/iratanyag\/\",\"url\":\"https:\/\/univet.hu\/konyvtar\/leveltar\/iratanyag\/\",\"name\":\"Iratanyag - Hut\u00ffra Ferenc K\u00f6nyvt\u00e1r, Lev\u00e9lt\u00e1r \u00e9s M\u00fazeum\",\"isPartOf\":{\"@id\":\"https:\/\/univet.hu\/konyvtar\/#website\"},\"datePublished\":\"2025-07-09T11:20:48+00:00\",\"dateModified\":\"2026-01-12T12:54:50+00:00\",\"breadcrumb\":{\"@id\":\"https:\/\/univet.hu\/konyvtar\/leveltar\/iratanyag\/#breadcrumb\"},\"inLanguage\":\"hu\",\"potentialAction\":[{\"@type\":\"ReadAction\",\"target\":[\"https:\/\/univet.hu\/konyvtar\/leveltar\/iratanyag\/\"]}]},{\"@type\":\"BreadcrumbList\",\"@id\":\"https:\/\/univet.hu\/konyvtar\/leveltar\/iratanyag\/#breadcrumb\",\"itemListElement\":[{\"@type\":\"ListItem\",\"position\":1,\"name\":\"Kezd\u0151lap\",\"item\":\"https:\/\/univet.hu\/konyvtar\/\"},{\"@type\":\"ListItem\",\"position\":2,\"name\":\"Lev\u00e9lt\u00e1r\",\"item\":\"https:\/\/univet.hu\/konyvtar\/leveltar\/\"},{\"@type\":\"ListItem\",\"position\":3,\"name\":\"Iratanyag\"}]},{\"@type\":\"WebSite\",\"@id\":\"https:\/\/univet.hu\/konyvtar\/#website\",\"url\":\"https:\/\/univet.hu\/konyvtar\/\",\"name\":\"Hut\u00ffra Ferenc K\u00f6nyvt\u00e1r, Lev\u00e9lt\u00e1r \u00e9s M\u00fazeum\",\"description\":\"\",\"potentialAction\":[{\"@type\":\"SearchAction\",\"target\":{\"@type\":\"EntryPoint\",\"urlTemplate\":\"https:\/\/univet.hu\/konyvtar\/?s={search_term_string}\"},\"query-input\":{\"@type\":\"PropertyValueSpecification\",\"valueRequired\":true,\"valueName\":\"search_term_string\"}}],\"inLanguage\":\"hu\"}]}<\/script>\n<!-- \/ Yoast SEO plugin. -->","yoast_head_json":{"title":"Iratanyag - Hut\u00ffra Ferenc K\u00f6nyvt\u00e1r, Lev\u00e9lt\u00e1r \u00e9s M\u00fazeum","robots":{"index":"index","follow":"follow","max-snippet":"max-snippet:-1","max-image-preview":"max-image-preview:large","max-video-preview":"max-video-preview:-1"},"canonical":"https:\/\/univet.hu\/konyvtar\/leveltar\/iratanyag\/","og_locale":"hu_HU","og_type":"article","og_title":"Iratanyag - Hut\u00ffra Ferenc K\u00f6nyvt\u00e1r, Lev\u00e9lt\u00e1r \u00e9s M\u00fazeum","og_description":"Fond- \u00e9s \u00e1llagjegyz\u00e9k:\u00a0http:\/\/univa.mflsz.hu\/index.php\/allatorvostudomanyi-egyetem-hutyra-ferenc-konyvtar-leveltar-es-muzeum-iratanyaga A lev\u00e9lt\u00e1r anyag\u00e1r\u00f3l t\u00f6bb nyomat\u00e1sban megjelent k\u00f6tet ad t\u00e1j\u00e9koztat\u00e1st, amelyek\u00a0list\u00e1ja el\u00e9rhet\u0151 a k\u00f6nyvt\u00e1r katal\u00f3gus\u00e1ban. Az \u00c1llatorvostudom\u00e1nyi Egyetem el\u0151dint\u00e9zm\u00e9nyei","og_url":"https:\/\/univet.hu\/konyvtar\/leveltar\/iratanyag\/","og_site_name":"Hut\u00ffra Ferenc K\u00f6nyvt\u00e1r, Lev\u00e9lt\u00e1r \u00e9s M\u00fazeum","article_modified_time":"2026-01-12T12:54:50+00:00","twitter_card":"summary_large_image","twitter_misc":{"Becs\u00fclt olvas\u00e1si id\u0151":"1 perc"},"schema":{"@context":"https:\/\/schema.org","@graph":[{"@type":"WebPage","@id":"https:\/\/univet.hu\/konyvtar\/leveltar\/iratanyag\/","url":"https:\/\/univet.hu\/konyvtar\/leveltar\/iratanyag\/","name":"Iratanyag - Hut\u00ffra Ferenc K\u00f6nyvt\u00e1r, Lev\u00e9lt\u00e1r \u00e9s M\u00fazeum","isPartOf":{"@id":"https:\/\/univet.hu\/konyvtar\/#website"},"datePublished":"2025-07-09T11:20:48+00:00","dateModified":"2026-01-12T12:54:50+00:00","breadcrumb":{"@id":"https:\/\/univet.hu\/konyvtar\/leveltar\/iratanyag\/#breadcrumb"},"inLanguage":"hu","potentialAction":[{"@type":"ReadAction","target":["https:\/\/univet.hu\/konyvtar\/leveltar\/iratanyag\/"]}]},{"@type":"BreadcrumbList","@id":"https:\/\/univet.hu\/konyvtar\/leveltar\/iratanyag\/#breadcrumb","itemListElement":[{"@type":"ListItem","position":1,"name":"Kezd\u0151lap","item":"https:\/\/univet.hu\/konyvtar\/"},{"@type":"ListItem","position":2,"name":"Lev\u00e9lt\u00e1r","item":"https:\/\/univet.hu\/konyvtar\/leveltar\/"},{"@type":"ListItem","position":3,"name":"Iratanyag"}]},{"@type":"WebSite","@id":"https:\/\/univet.hu\/konyvtar\/#website","url":"https:\/\/univet.hu\/konyvtar\/","name":"Hut\u00ffra Ferenc K\u00f6nyvt\u00e1r, Lev\u00e9lt\u00e1r \u00e9s M\u00fazeum","description":"","potentialAction":[{"@type":"SearchAction","target":{"@type":"EntryPoint","urlTemplate":"https:\/\/univet.hu\/konyvtar\/?s={search_term_string}"},"query-input":{"@type":"PropertyValueSpecification","valueRequired":true,"valueName":"search_term_string"}}],"inLanguage":"hu"}]}},"_links":{"self":[{"href":"https:\/\/univet.hu\/konyvtar\/wp-json\/wp\/v2\/pages\/245","targetHints":{"allow":["GET"]}}],"collection":[{"href":"https:\/\/univet.hu\/konyvtar\/wp-json\/wp\/v2\/pages"}],"about":[{"href":"https:\/\/univet.hu\/konyvtar\/wp-json\/wp\/v2\/types\/page"}],"author":[{"embeddable":true,"href":"https:\/\/univet.hu\/konyvtar\/wp-json\/wp\/v2\/users\/58"}],"replies":[{"embeddable":true,"href":"https:\/\/univet.hu\/konyvtar\/wp-json\/wp\/v2\/comments?post=245"}],"version-history":[{"count":4,"href":"https:\/\/univet.hu\/konyvtar\/wp-json\/wp\/v2\/pages\/245\/revisions"}],"predecessor-version":[{"id":251,"href":"https:\/\/univet.hu\/konyvtar\/wp-json\/wp\/v2\/pages\/245\/revisions\/251"}],"up":[{"embeddable":true,"href":"https:\/\/univet.hu\/konyvtar\/wp-json\/wp\/v2\/pages\/233"}],"wp:attachment":[{"href":"https:\/\/univet.hu\/konyvtar\/wp-json\/wp\/v2\/media?parent=245"}],"wp:term":[{"taxonomy":"category","embeddable":true,"href":"https:\/\/univet.hu\/konyvtar\/wp-json\/wp\/v2\/categories?post=245"},{"taxonomy":"post_tag","embeddable":true,"href":"https:\/\/univet.hu\/konyvtar\/wp-json\/wp\/v2\/tags?post=245"}],"curies":[{"name":"wp","href":"https:\/\/api.w.org\/{rel}","templated":true}]}}