{"id":255,"date":"2025-07-09T13:34:53","date_gmt":"2025-07-09T11:34:53","guid":{"rendered":"https:\/\/univet.hu\/konyvtar\/rolunk\/hirlevel\/"},"modified":"2026-01-12T13:54:48","modified_gmt":"2026-01-12T12:54:48","slug":"hirlevel","status":"publish","type":"page","link":"https:\/\/univet.hu\/konyvtar\/rolunk\/hirlevel\/","title":{"rendered":"H\u00edrlev\u00e9l"},"content":{"rendered":"<div class=\"entry-content\"> <div class=\"page-header\"> <h2>Noctua \u2013 k\u00f6nyvt\u00e1ri h\u00edrlev\u00e9l<\/h2> <p>Megjelenik minden negyed\u00e9vben, a Kamarai \u00c1llatorvos c. lap r\u00e9szek\u00e9nt.<\/p> <\/div> <div> <p>Kor\u00e1bbi lapsz\u00e1maink a <a href=\"http:\/\/huveta.hu\/handle\/10832\/33\" target=\"_blank\" rel=\"noopener noreferrer\">HuVetA<\/a> fel\u00fclet\u00e9n teljes sz\u00f6veggel szabadon hozz\u00e1f\u00e9rhet\u0151k.<\/p> <p><strong>Aj\u00e1nl\u00f3<\/strong><\/p> <p>A <a href=\"http:\/\/hdl.handle.net\/10832\/4518\" target=\"_blank\" rel=\"noopener\">2025. \u00e9vi (29. \u00e9vf.) 3. sz\u00e1m<\/a> tartalm\u00e1b\u00f3l:<\/p> <ul> <li>Szubjekt\u00edv besz\u00e1mol\u00f3k a M\u00fazeumok \u00e9jszak\u00e1j\u00e1r\u00f3l<\/li> <li>A 2024-es k\u00f6nyvt\u00e1ri el\u00e9gedetts\u00e9gm\u00e9r\u00e9s eredm\u00e9nyei<\/li> <\/ul> <p>A<a href=\"http:\/\/hdl.handle.net\/10832\/4477\" target=\"_blank\" rel=\"noopener\"> 2025. \u00e9vi (29. \u00e9vf.) 2. sz\u00e1m<\/a> tartalm\u00e1b\u00f3l:<\/p> <ul> <li>Tudom\u00e1nyos publik\u00e1l\u00e1s gyakorl\u00f3 \u00e1llatorvosk\u00e9nt, a k\u00f6nyvt\u00e1r t\u00e1mogat\u00e1s\u00e1val<\/li> <li>N\u00e9pszer\u0171 r\u00e9gebbi k\u00f6nyveink<\/li> <li>V\u00e1logat\u00e1s a 2025-ben eddig megjelent egyetemi OA-publik\u00e1ci\u00f3kb\u00f3l<\/li> <\/ul> <p>A <a href=\"https:\/\/huveta.hu\/handle\/10832\/4355\">2025. \u00e9vi (29. \u00e9vf.) 1 sz\u00e1m<\/a> tartalm\u00e1b\u00f3l:<\/p> <ul> <li>Szakirodalom keres\u00e9se gyorsan \u00e9s hat\u00e9konyan<\/li> <li>Az MI-m\u0171velts\u00e9g<\/li> <li>Mit olvasnak az \u00e1llatorvosok? R\u00f6vid interj\u00fa k\u00f6nyvekr\u0151l dr. Sterczer \u00c1gnessel<\/li> <\/ul> <p>A <a href=\"http:\/\/hdl.handle.net\/10832\/4130\">2024. \u00e9vi (28. \u00e9vf.) 4. sz\u00e1m<\/a> tartalm\u00e1b\u00f3l:<\/p> <ul> <li>Els\u0151\u00e9ves hallgat\u00f3k k\u00f6nyvt\u00e1ri l\u00e1togat\u00e1sa,<\/li> <li>Innov\u00e1ci\u00f3 az inform\u00e1ci\u00f3k keres\u00e9s\u00e9ben: a searchRxiv bemutat\u00e1sa,<\/li> <li>Szerz\u0151i azonos\u00edt\u00f3k a vil\u00e1gban<\/li> <\/ul> <p>&nbsp;<\/p> <p>A kor\u00e1bbi lapsz\u00e1mok tartalomjegyz\u00e9ke a MATARK\u00c1ban a Kamarai \u00c1llatorvos c. lapn\u00e1l kereshet\u0151: <a href=\"https:\/\/matarka.hu\/szam_list.php?fsz=1848\" target=\"_blank\" rel=\"noopener noreferrer\">https:\/\/matarka.hu\/szam_list.php?fsz=1848<\/a><\/p> <\/div> <\/div>","protected":false},"excerpt":{"rendered":"<p>Noctua \u2013 k\u00f6nyvt\u00e1ri h\u00edrlev\u00e9l Megjelenik minden negyed\u00e9vben, a Kamarai \u00c1llatorvos c. lap r\u00e9szek\u00e9nt. Kor\u00e1bbi lapsz\u00e1maink a HuVetA fel\u00fclet\u00e9n teljes sz\u00f6veggel szabadon hozz\u00e1f\u00e9rhet\u0151k. Aj\u00e1nl\u00f3 A 2025. \u00e9vi (29. \u00e9vf.) 3. sz\u00e1m tartalm\u00e1b\u00f3l: Szubjekt\u00edv besz\u00e1mol\u00f3k a M\u00fazeumok \u00e9jszak\u00e1j\u00e1r\u00f3l A 2024-es k\u00f6nyvt\u00e1ri el\u00e9gedetts\u00e9gm\u00e9r\u00e9s eredm\u00e9nyei A 2025. \u00e9vi (29. \u00e9vf.) 2. sz\u00e1m tartalm\u00e1b\u00f3l: Tudom\u00e1nyos publik\u00e1l\u00e1s gyakorl\u00f3 \u00e1llatorvosk\u00e9nt, a k\u00f6nyvt\u00e1r<\/p>\n","protected":false},"author":4333,"featured_media":0,"parent":36,"menu_order":7,"comment_status":"closed","ping_status":"closed","template":"","meta":{"_acf_changed":false,"_eb_attr":"","footnotes":""},"categories":[17],"tags":[],"class_list":["post-255","page","type-page","status-publish","hentry","category-rolunk"],"acf":[],"yoast_head":"<!-- This site is optimized with the Yoast SEO plugin v27.2 - https:\/\/yoast.com\/product\/yoast-seo-wordpress\/ -->\n<title>H\u00edrlev\u00e9l - Hut\u00ffra Ferenc K\u00f6nyvt\u00e1r, Lev\u00e9lt\u00e1r \u00e9s M\u00fazeum<\/title>\n<meta name=\"robots\" content=\"index, follow, max-snippet:-1, max-image-preview:large, max-video-preview:-1\" \/>\n<link rel=\"canonical\" href=\"https:\/\/univet.hu\/konyvtar\/rolunk\/hirlevel\/\" \/>\n<meta property=\"og:locale\" content=\"hu_HU\" \/>\n<meta property=\"og:type\" content=\"article\" \/>\n<meta property=\"og:title\" content=\"H\u00edrlev\u00e9l - Hut\u00ffra Ferenc K\u00f6nyvt\u00e1r, Lev\u00e9lt\u00e1r \u00e9s M\u00fazeum\" \/>\n<meta property=\"og:description\" content=\"Noctua \u2013 k\u00f6nyvt\u00e1ri h\u00edrlev\u00e9l Megjelenik minden negyed\u00e9vben, a Kamarai \u00c1llatorvos c. lap r\u00e9szek\u00e9nt. Kor\u00e1bbi lapsz\u00e1maink a HuVetA fel\u00fclet\u00e9n teljes sz\u00f6veggel szabadon hozz\u00e1f\u00e9rhet\u0151k. Aj\u00e1nl\u00f3 A 2025. \u00e9vi (29. \u00e9vf.) 3. sz\u00e1m tartalm\u00e1b\u00f3l: Szubjekt\u00edv besz\u00e1mol\u00f3k a M\u00fazeumok \u00e9jszak\u00e1j\u00e1r\u00f3l A 2024-es k\u00f6nyvt\u00e1ri el\u00e9gedetts\u00e9gm\u00e9r\u00e9s eredm\u00e9nyei A 2025. \u00e9vi (29. \u00e9vf.) 2. sz\u00e1m tartalm\u00e1b\u00f3l: Tudom\u00e1nyos publik\u00e1l\u00e1s gyakorl\u00f3 \u00e1llatorvosk\u00e9nt, a k\u00f6nyvt\u00e1r\" \/>\n<meta property=\"og:url\" content=\"https:\/\/univet.hu\/konyvtar\/rolunk\/hirlevel\/\" \/>\n<meta property=\"og:site_name\" content=\"Hut\u00ffra Ferenc K\u00f6nyvt\u00e1r, Lev\u00e9lt\u00e1r \u00e9s M\u00fazeum\" \/>\n<meta property=\"article:modified_time\" content=\"2026-01-12T12:54:48+00:00\" \/>\n<meta name=\"twitter:card\" content=\"summary_large_image\" \/>\n<meta name=\"twitter:label1\" content=\"Becs\u00fclt olvas\u00e1si id\u0151\" \/>\n\t<meta name=\"twitter:data1\" content=\"1 perc\" \/>\n<script type=\"application\/ld+json\" class=\"yoast-schema-graph\">{\"@context\":\"https:\/\/schema.org\",\"@graph\":[{\"@type\":\"WebPage\",\"@id\":\"https:\/\/univet.hu\/konyvtar\/rolunk\/hirlevel\/\",\"url\":\"https:\/\/univet.hu\/konyvtar\/rolunk\/hirlevel\/\",\"name\":\"H\u00edrlev\u00e9l - Hut\u00ffra Ferenc K\u00f6nyvt\u00e1r, Lev\u00e9lt\u00e1r \u00e9s M\u00fazeum\",\"isPartOf\":{\"@id\":\"https:\/\/univet.hu\/konyvtar\/#website\"},\"datePublished\":\"2025-07-09T11:34:53+00:00\",\"dateModified\":\"2026-01-12T12:54:48+00:00\",\"breadcrumb\":{\"@id\":\"https:\/\/univet.hu\/konyvtar\/rolunk\/hirlevel\/#breadcrumb\"},\"inLanguage\":\"hu\",\"potentialAction\":[{\"@type\":\"ReadAction\",\"target\":[\"https:\/\/univet.hu\/konyvtar\/rolunk\/hirlevel\/\"]}]},{\"@type\":\"BreadcrumbList\",\"@id\":\"https:\/\/univet.hu\/konyvtar\/rolunk\/hirlevel\/#breadcrumb\",\"itemListElement\":[{\"@type\":\"ListItem\",\"position\":1,\"name\":\"Kezd\u0151lap\",\"item\":\"https:\/\/univet.hu\/konyvtar\/\"},{\"@type\":\"ListItem\",\"position\":2,\"name\":\"R\u00f3lunk\",\"item\":\"https:\/\/univet.hu\/konyvtar\/rolunk\/\"},{\"@type\":\"ListItem\",\"position\":3,\"name\":\"H\u00edrlev\u00e9l\"}]},{\"@type\":\"WebSite\",\"@id\":\"https:\/\/univet.hu\/konyvtar\/#website\",\"url\":\"https:\/\/univet.hu\/konyvtar\/\",\"name\":\"Hut\u00ffra Ferenc K\u00f6nyvt\u00e1r, Lev\u00e9lt\u00e1r \u00e9s M\u00fazeum\",\"description\":\"\",\"potentialAction\":[{\"@type\":\"SearchAction\",\"target\":{\"@type\":\"EntryPoint\",\"urlTemplate\":\"https:\/\/univet.hu\/konyvtar\/?s={search_term_string}\"},\"query-input\":{\"@type\":\"PropertyValueSpecification\",\"valueRequired\":true,\"valueName\":\"search_term_string\"}}],\"inLanguage\":\"hu\"}]}<\/script>\n<!-- \/ Yoast SEO plugin. -->","yoast_head_json":{"title":"H\u00edrlev\u00e9l - Hut\u00ffra Ferenc K\u00f6nyvt\u00e1r, Lev\u00e9lt\u00e1r \u00e9s M\u00fazeum","robots":{"index":"index","follow":"follow","max-snippet":"max-snippet:-1","max-image-preview":"max-image-preview:large","max-video-preview":"max-video-preview:-1"},"canonical":"https:\/\/univet.hu\/konyvtar\/rolunk\/hirlevel\/","og_locale":"hu_HU","og_type":"article","og_title":"H\u00edrlev\u00e9l - Hut\u00ffra Ferenc K\u00f6nyvt\u00e1r, Lev\u00e9lt\u00e1r \u00e9s M\u00fazeum","og_description":"Noctua \u2013 k\u00f6nyvt\u00e1ri h\u00edrlev\u00e9l Megjelenik minden negyed\u00e9vben, a Kamarai \u00c1llatorvos c. lap r\u00e9szek\u00e9nt. Kor\u00e1bbi lapsz\u00e1maink a HuVetA fel\u00fclet\u00e9n teljes sz\u00f6veggel szabadon hozz\u00e1f\u00e9rhet\u0151k. Aj\u00e1nl\u00f3 A 2025. \u00e9vi (29. \u00e9vf.) 3. sz\u00e1m tartalm\u00e1b\u00f3l: Szubjekt\u00edv besz\u00e1mol\u00f3k a M\u00fazeumok \u00e9jszak\u00e1j\u00e1r\u00f3l A 2024-es k\u00f6nyvt\u00e1ri el\u00e9gedetts\u00e9gm\u00e9r\u00e9s eredm\u00e9nyei A 2025. \u00e9vi (29. \u00e9vf.) 2. sz\u00e1m tartalm\u00e1b\u00f3l: Tudom\u00e1nyos publik\u00e1l\u00e1s gyakorl\u00f3 \u00e1llatorvosk\u00e9nt, a k\u00f6nyvt\u00e1r","og_url":"https:\/\/univet.hu\/konyvtar\/rolunk\/hirlevel\/","og_site_name":"Hut\u00ffra Ferenc K\u00f6nyvt\u00e1r, Lev\u00e9lt\u00e1r \u00e9s M\u00fazeum","article_modified_time":"2026-01-12T12:54:48+00:00","twitter_card":"summary_large_image","twitter_misc":{"Becs\u00fclt olvas\u00e1si id\u0151":"1 perc"},"schema":{"@context":"https:\/\/schema.org","@graph":[{"@type":"WebPage","@id":"https:\/\/univet.hu\/konyvtar\/rolunk\/hirlevel\/","url":"https:\/\/univet.hu\/konyvtar\/rolunk\/hirlevel\/","name":"H\u00edrlev\u00e9l - Hut\u00ffra Ferenc K\u00f6nyvt\u00e1r, Lev\u00e9lt\u00e1r \u00e9s M\u00fazeum","isPartOf":{"@id":"https:\/\/univet.hu\/konyvtar\/#website"},"datePublished":"2025-07-09T11:34:53+00:00","dateModified":"2026-01-12T12:54:48+00:00","breadcrumb":{"@id":"https:\/\/univet.hu\/konyvtar\/rolunk\/hirlevel\/#breadcrumb"},"inLanguage":"hu","potentialAction":[{"@type":"ReadAction","target":["https:\/\/univet.hu\/konyvtar\/rolunk\/hirlevel\/"]}]},{"@type":"BreadcrumbList","@id":"https:\/\/univet.hu\/konyvtar\/rolunk\/hirlevel\/#breadcrumb","itemListElement":[{"@type":"ListItem","position":1,"name":"Kezd\u0151lap","item":"https:\/\/univet.hu\/konyvtar\/"},{"@type":"ListItem","position":2,"name":"R\u00f3lunk","item":"https:\/\/univet.hu\/konyvtar\/rolunk\/"},{"@type":"ListItem","position":3,"name":"H\u00edrlev\u00e9l"}]},{"@type":"WebSite","@id":"https:\/\/univet.hu\/konyvtar\/#website","url":"https:\/\/univet.hu\/konyvtar\/","name":"Hut\u00ffra Ferenc K\u00f6nyvt\u00e1r, Lev\u00e9lt\u00e1r \u00e9s M\u00fazeum","description":"","potentialAction":[{"@type":"SearchAction","target":{"@type":"EntryPoint","urlTemplate":"https:\/\/univet.hu\/konyvtar\/?s={search_term_string}"},"query-input":{"@type":"PropertyValueSpecification","valueRequired":true,"valueName":"search_term_string"}}],"inLanguage":"hu"}]}},"_links":{"self":[{"href":"https:\/\/univet.hu\/konyvtar\/wp-json\/wp\/v2\/pages\/255","targetHints":{"allow":["GET"]}}],"collection":[{"href":"https:\/\/univet.hu\/konyvtar\/wp-json\/wp\/v2\/pages"}],"about":[{"href":"https:\/\/univet.hu\/konyvtar\/wp-json\/wp\/v2\/types\/page"}],"author":[{"embeddable":true,"href":"https:\/\/univet.hu\/konyvtar\/wp-json\/wp\/v2\/users\/4333"}],"replies":[{"embeddable":true,"href":"https:\/\/univet.hu\/konyvtar\/wp-json\/wp\/v2\/comments?post=255"}],"version-history":[{"count":5,"href":"https:\/\/univet.hu\/konyvtar\/wp-json\/wp\/v2\/pages\/255\/revisions"}],"predecessor-version":[{"id":1144,"href":"https:\/\/univet.hu\/konyvtar\/wp-json\/wp\/v2\/pages\/255\/revisions\/1144"}],"up":[{"embeddable":true,"href":"https:\/\/univet.hu\/konyvtar\/wp-json\/wp\/v2\/pages\/36"}],"wp:attachment":[{"href":"https:\/\/univet.hu\/konyvtar\/wp-json\/wp\/v2\/media?parent=255"}],"wp:term":[{"taxonomy":"category","embeddable":true,"href":"https:\/\/univet.hu\/konyvtar\/wp-json\/wp\/v2\/categories?post=255"},{"taxonomy":"post_tag","embeddable":true,"href":"https:\/\/univet.hu\/konyvtar\/wp-json\/wp\/v2\/tags?post=255"}],"curies":[{"name":"wp","href":"https:\/\/api.w.org\/{rel}","templated":true}]}}