{"id":270,"date":"2025-07-09T13:51:19","date_gmt":"2025-07-09T11:51:19","guid":{"rendered":"https:\/\/univet.hu\/konyvtar\/?page_id=270"},"modified":"2026-01-12T13:54:50","modified_gmt":"2026-01-12T12:54:50","slug":"keptar","status":"publish","type":"page","link":"https:\/\/univet.hu\/konyvtar\/leveltar\/keptar\/","title":{"rendered":"K\u00e9pt\u00e1r"},"content":{"rendered":"<p>Lev\u00e9lt\u00e1runk\u00a0 k\u00e9pi eml\u00e9kekben is gazdag: grafik\u00e1k, nyomatok, f\u00e9nyk\u00e9pek, festm\u00e9nyek \u00f6r\u00f6k\u00edtik meg az \u00e1llatorvosk\u00e9pz\u00e9s \u00e9s az \u00e1llatorvosl\u00e1s t\u00f6rt\u00e9net\u00e9t. E dokumentumok egy r\u00e9sze az \u00c1llatorvos-t\u00f6rt\u00e9neti Gy\u0171jtem\u00e9ny (M\u00fazeum) ki\u00e1ll\u00edt\u00e1s\u00e1n tekinthet\u0151 meg, nagyobb r\u00e9sz\u00fck azonban a lev\u00e9lt\u00e1ri dobozokban, albumokban \u201cszunnyad\u201d.<\/p> <p>A k\u00f6vetkez\u0151kben az eddig feldolgozott anyagokat t\u00e1rjuk az \u00e9rdekl\u0151d\u0151k el\u00e9 n\u00e9h\u00e1ny k\u00fcl\u00f6n gy\u0171jtem\u00e9ny\u00fcnkben:<\/p> <ul> <li><a href=\"http:\/\/konyvtar.univet.hu\/fotocd\/\">Az \u00e1llatorvos-k\u00e9pz\u00e9s nagy alakjai \u00e9s a jeles \u00e9vfordul\u00f3k: az egyetlen felv\u00e9telen meg\u00f6r\u00f6k\u00edtett 150., \u00e9s a gazdagon dokument\u00e1lt 175. \u00e9s 200. \u00e9vfordul\u00f3<\/a><\/li> <li><a href=\"http:\/\/konyvtar.univet.hu\/plak\/\">Numizmatikai eml\u00e9kek<\/a><\/li> <li><a href=\"http:\/\/konyvtar.univet.hu\/portre\/\">Jeles napok, jeles emberek<\/a><\/li> <li><a href=\"http:\/\/konyvtar.univet.hu\/sirok\/\">Az \u00e1llatorvos-k\u00e9pz\u00e9s 1818-t\u00f3l 2004-ig elhunyt tan\u00e1rainak \u00e9s el\u0151ad\u00f3inak s\u00edrjai<\/a><\/li> <\/ul>","protected":false},"excerpt":{"rendered":"<p>Lev\u00e9lt\u00e1runk\u00a0 k\u00e9pi eml\u00e9kekben is gazdag: grafik\u00e1k, nyomatok, f\u00e9nyk\u00e9pek, festm\u00e9nyek \u00f6r\u00f6k\u00edtik meg az \u00e1llatorvosk\u00e9pz\u00e9s \u00e9s az \u00e1llatorvosl\u00e1s t\u00f6rt\u00e9net\u00e9t. E dokumentumok egy r\u00e9sze az \u00c1llatorvos-t\u00f6rt\u00e9neti Gy\u0171jtem\u00e9ny (M\u00fazeum) ki\u00e1ll\u00edt\u00e1s\u00e1n tekinthet\u0151 meg, nagyobb r\u00e9sz\u00fck azonban a lev\u00e9lt\u00e1ri dobozokban, albumokban \u201cszunnyad\u201d. A k\u00f6vetkez\u0151kben az eddig feldolgozott anyagokat t\u00e1rjuk az \u00e9rdekl\u0151d\u0151k el\u00e9 n\u00e9h\u00e1ny k\u00fcl\u00f6n gy\u0171jtem\u00e9ny\u00fcnkben: Az \u00e1llatorvos-k\u00e9pz\u00e9s nagy alakjai \u00e9s a<\/p>\n","protected":false},"author":58,"featured_media":0,"parent":233,"menu_order":5,"comment_status":"closed","ping_status":"closed","template":"","meta":{"_acf_changed":false,"_eb_attr":"","footnotes":""},"categories":[20],"tags":[],"class_list":["post-270","page","type-page","status-publish","hentry","category-leveltar"],"acf":[],"yoast_head":"<!-- This site is optimized with the Yoast SEO plugin v27.2 - https:\/\/yoast.com\/product\/yoast-seo-wordpress\/ -->\n<title>K\u00e9pt\u00e1r - Hut\u00ffra Ferenc K\u00f6nyvt\u00e1r, Lev\u00e9lt\u00e1r \u00e9s M\u00fazeum<\/title>\n<meta name=\"robots\" content=\"index, follow, max-snippet:-1, max-image-preview:large, max-video-preview:-1\" \/>\n<link rel=\"canonical\" href=\"https:\/\/univet.hu\/konyvtar\/leveltar\/keptar\/\" \/>\n<meta property=\"og:locale\" content=\"hu_HU\" \/>\n<meta property=\"og:type\" content=\"article\" \/>\n<meta property=\"og:title\" content=\"K\u00e9pt\u00e1r - Hut\u00ffra Ferenc K\u00f6nyvt\u00e1r, Lev\u00e9lt\u00e1r \u00e9s M\u00fazeum\" \/>\n<meta property=\"og:description\" content=\"Lev\u00e9lt\u00e1runk\u00a0 k\u00e9pi eml\u00e9kekben is gazdag: grafik\u00e1k, nyomatok, f\u00e9nyk\u00e9pek, festm\u00e9nyek \u00f6r\u00f6k\u00edtik meg az \u00e1llatorvosk\u00e9pz\u00e9s \u00e9s az \u00e1llatorvosl\u00e1s t\u00f6rt\u00e9net\u00e9t. E dokumentumok egy r\u00e9sze az \u00c1llatorvos-t\u00f6rt\u00e9neti Gy\u0171jtem\u00e9ny (M\u00fazeum) ki\u00e1ll\u00edt\u00e1s\u00e1n tekinthet\u0151 meg, nagyobb r\u00e9sz\u00fck azonban a lev\u00e9lt\u00e1ri dobozokban, albumokban \u201cszunnyad\u201d. A k\u00f6vetkez\u0151kben az eddig feldolgozott anyagokat t\u00e1rjuk az \u00e9rdekl\u0151d\u0151k el\u00e9 n\u00e9h\u00e1ny k\u00fcl\u00f6n gy\u0171jtem\u00e9ny\u00fcnkben: Az \u00e1llatorvos-k\u00e9pz\u00e9s nagy alakjai \u00e9s a\" \/>\n<meta property=\"og:url\" content=\"https:\/\/univet.hu\/konyvtar\/leveltar\/keptar\/\" \/>\n<meta property=\"og:site_name\" content=\"Hut\u00ffra Ferenc K\u00f6nyvt\u00e1r, Lev\u00e9lt\u00e1r \u00e9s M\u00fazeum\" \/>\n<meta property=\"article:modified_time\" content=\"2026-01-12T12:54:50+00:00\" \/>\n<meta name=\"twitter:card\" content=\"summary_large_image\" \/>\n<meta name=\"twitter:label1\" content=\"Becs\u00fclt olvas\u00e1si id\u0151\" \/>\n\t<meta name=\"twitter:data1\" content=\"1 perc\" \/>\n<script type=\"application\/ld+json\" class=\"yoast-schema-graph\">{\"@context\":\"https:\/\/schema.org\",\"@graph\":[{\"@type\":\"WebPage\",\"@id\":\"https:\/\/univet.hu\/konyvtar\/leveltar\/keptar\/\",\"url\":\"https:\/\/univet.hu\/konyvtar\/leveltar\/keptar\/\",\"name\":\"K\u00e9pt\u00e1r - Hut\u00ffra Ferenc K\u00f6nyvt\u00e1r, Lev\u00e9lt\u00e1r \u00e9s M\u00fazeum\",\"isPartOf\":{\"@id\":\"https:\/\/univet.hu\/konyvtar\/#website\"},\"datePublished\":\"2025-07-09T11:51:19+00:00\",\"dateModified\":\"2026-01-12T12:54:50+00:00\",\"breadcrumb\":{\"@id\":\"https:\/\/univet.hu\/konyvtar\/leveltar\/keptar\/#breadcrumb\"},\"inLanguage\":\"hu\",\"potentialAction\":[{\"@type\":\"ReadAction\",\"target\":[\"https:\/\/univet.hu\/konyvtar\/leveltar\/keptar\/\"]}]},{\"@type\":\"BreadcrumbList\",\"@id\":\"https:\/\/univet.hu\/konyvtar\/leveltar\/keptar\/#breadcrumb\",\"itemListElement\":[{\"@type\":\"ListItem\",\"position\":1,\"name\":\"Kezd\u0151lap\",\"item\":\"https:\/\/univet.hu\/konyvtar\/\"},{\"@type\":\"ListItem\",\"position\":2,\"name\":\"Lev\u00e9lt\u00e1r\",\"item\":\"https:\/\/univet.hu\/konyvtar\/leveltar\/\"},{\"@type\":\"ListItem\",\"position\":3,\"name\":\"K\u00e9pt\u00e1r\"}]},{\"@type\":\"WebSite\",\"@id\":\"https:\/\/univet.hu\/konyvtar\/#website\",\"url\":\"https:\/\/univet.hu\/konyvtar\/\",\"name\":\"Hut\u00ffra Ferenc K\u00f6nyvt\u00e1r, Lev\u00e9lt\u00e1r \u00e9s M\u00fazeum\",\"description\":\"\",\"potentialAction\":[{\"@type\":\"SearchAction\",\"target\":{\"@type\":\"EntryPoint\",\"urlTemplate\":\"https:\/\/univet.hu\/konyvtar\/?s={search_term_string}\"},\"query-input\":{\"@type\":\"PropertyValueSpecification\",\"valueRequired\":true,\"valueName\":\"search_term_string\"}}],\"inLanguage\":\"hu\"}]}<\/script>\n<!-- \/ Yoast SEO plugin. -->","yoast_head_json":{"title":"K\u00e9pt\u00e1r - Hut\u00ffra Ferenc K\u00f6nyvt\u00e1r, Lev\u00e9lt\u00e1r \u00e9s M\u00fazeum","robots":{"index":"index","follow":"follow","max-snippet":"max-snippet:-1","max-image-preview":"max-image-preview:large","max-video-preview":"max-video-preview:-1"},"canonical":"https:\/\/univet.hu\/konyvtar\/leveltar\/keptar\/","og_locale":"hu_HU","og_type":"article","og_title":"K\u00e9pt\u00e1r - Hut\u00ffra Ferenc K\u00f6nyvt\u00e1r, Lev\u00e9lt\u00e1r \u00e9s M\u00fazeum","og_description":"Lev\u00e9lt\u00e1runk\u00a0 k\u00e9pi eml\u00e9kekben is gazdag: grafik\u00e1k, nyomatok, f\u00e9nyk\u00e9pek, festm\u00e9nyek \u00f6r\u00f6k\u00edtik meg az \u00e1llatorvosk\u00e9pz\u00e9s \u00e9s az \u00e1llatorvosl\u00e1s t\u00f6rt\u00e9net\u00e9t. E dokumentumok egy r\u00e9sze az \u00c1llatorvos-t\u00f6rt\u00e9neti Gy\u0171jtem\u00e9ny (M\u00fazeum) ki\u00e1ll\u00edt\u00e1s\u00e1n tekinthet\u0151 meg, nagyobb r\u00e9sz\u00fck azonban a lev\u00e9lt\u00e1ri dobozokban, albumokban \u201cszunnyad\u201d. A k\u00f6vetkez\u0151kben az eddig feldolgozott anyagokat t\u00e1rjuk az \u00e9rdekl\u0151d\u0151k el\u00e9 n\u00e9h\u00e1ny k\u00fcl\u00f6n gy\u0171jtem\u00e9ny\u00fcnkben: Az \u00e1llatorvos-k\u00e9pz\u00e9s nagy alakjai \u00e9s a","og_url":"https:\/\/univet.hu\/konyvtar\/leveltar\/keptar\/","og_site_name":"Hut\u00ffra Ferenc K\u00f6nyvt\u00e1r, Lev\u00e9lt\u00e1r \u00e9s M\u00fazeum","article_modified_time":"2026-01-12T12:54:50+00:00","twitter_card":"summary_large_image","twitter_misc":{"Becs\u00fclt olvas\u00e1si id\u0151":"1 perc"},"schema":{"@context":"https:\/\/schema.org","@graph":[{"@type":"WebPage","@id":"https:\/\/univet.hu\/konyvtar\/leveltar\/keptar\/","url":"https:\/\/univet.hu\/konyvtar\/leveltar\/keptar\/","name":"K\u00e9pt\u00e1r - Hut\u00ffra Ferenc K\u00f6nyvt\u00e1r, Lev\u00e9lt\u00e1r \u00e9s M\u00fazeum","isPartOf":{"@id":"https:\/\/univet.hu\/konyvtar\/#website"},"datePublished":"2025-07-09T11:51:19+00:00","dateModified":"2026-01-12T12:54:50+00:00","breadcrumb":{"@id":"https:\/\/univet.hu\/konyvtar\/leveltar\/keptar\/#breadcrumb"},"inLanguage":"hu","potentialAction":[{"@type":"ReadAction","target":["https:\/\/univet.hu\/konyvtar\/leveltar\/keptar\/"]}]},{"@type":"BreadcrumbList","@id":"https:\/\/univet.hu\/konyvtar\/leveltar\/keptar\/#breadcrumb","itemListElement":[{"@type":"ListItem","position":1,"name":"Kezd\u0151lap","item":"https:\/\/univet.hu\/konyvtar\/"},{"@type":"ListItem","position":2,"name":"Lev\u00e9lt\u00e1r","item":"https:\/\/univet.hu\/konyvtar\/leveltar\/"},{"@type":"ListItem","position":3,"name":"K\u00e9pt\u00e1r"}]},{"@type":"WebSite","@id":"https:\/\/univet.hu\/konyvtar\/#website","url":"https:\/\/univet.hu\/konyvtar\/","name":"Hut\u00ffra Ferenc K\u00f6nyvt\u00e1r, Lev\u00e9lt\u00e1r \u00e9s M\u00fazeum","description":"","potentialAction":[{"@type":"SearchAction","target":{"@type":"EntryPoint","urlTemplate":"https:\/\/univet.hu\/konyvtar\/?s={search_term_string}"},"query-input":{"@type":"PropertyValueSpecification","valueRequired":true,"valueName":"search_term_string"}}],"inLanguage":"hu"}]}},"_links":{"self":[{"href":"https:\/\/univet.hu\/konyvtar\/wp-json\/wp\/v2\/pages\/270","targetHints":{"allow":["GET"]}}],"collection":[{"href":"https:\/\/univet.hu\/konyvtar\/wp-json\/wp\/v2\/pages"}],"about":[{"href":"https:\/\/univet.hu\/konyvtar\/wp-json\/wp\/v2\/types\/page"}],"author":[{"embeddable":true,"href":"https:\/\/univet.hu\/konyvtar\/wp-json\/wp\/v2\/users\/58"}],"replies":[{"embeddable":true,"href":"https:\/\/univet.hu\/konyvtar\/wp-json\/wp\/v2\/comments?post=270"}],"version-history":[{"count":1,"href":"https:\/\/univet.hu\/konyvtar\/wp-json\/wp\/v2\/pages\/270\/revisions"}],"predecessor-version":[{"id":271,"href":"https:\/\/univet.hu\/konyvtar\/wp-json\/wp\/v2\/pages\/270\/revisions\/271"}],"up":[{"embeddable":true,"href":"https:\/\/univet.hu\/konyvtar\/wp-json\/wp\/v2\/pages\/233"}],"wp:attachment":[{"href":"https:\/\/univet.hu\/konyvtar\/wp-json\/wp\/v2\/media?parent=270"}],"wp:term":[{"taxonomy":"category","embeddable":true,"href":"https:\/\/univet.hu\/konyvtar\/wp-json\/wp\/v2\/categories?post=270"},{"taxonomy":"post_tag","embeddable":true,"href":"https:\/\/univet.hu\/konyvtar\/wp-json\/wp\/v2\/tags?post=270"}],"curies":[{"name":"wp","href":"https:\/\/api.w.org\/{rel}","templated":true}]}}