{"id":276,"date":"2025-07-09T14:05:40","date_gmt":"2025-07-09T12:05:40","guid":{"rendered":"https:\/\/univet.hu\/konyvtar\/muzeum\/allando_kiallitas\/"},"modified":"2026-01-12T13:54:51","modified_gmt":"2026-01-12T12:54:51","slug":"allando-kiallitas","status":"publish","type":"page","link":"https:\/\/univet.hu\/konyvtar\/muzeum\/allando-kiallitas\/","title":{"rendered":"\u00c1lland\u00f3 ki\u00e1ll\u00edt\u00e1s"},"content":{"rendered":"<div class=\"page-header\"> <h4>Egyetemt\u00f6rt\u00e9neti ki\u00e1ll\u00edt\u00e1sunk\u00a02018. m\u00e1rcius 7-\u00e9n nyitotta meg kapuit az \u00c1llatorvostudom\u00e1nyi Egyetemen.<\/h4> <p>A ki\u00e1ll\u00edt\u00e1s az egyetem 1787-es alap\u00edt\u00e1s\u00e1t\u00f3l 2016. j\u00faliusig, az ism\u00e9t elnyert \u00f6n\u00e1ll\u00f3s\u00e1gunkig 10 korszakra bontva vezeti v\u00e9gig a l\u00e1togat\u00f3t az \u00e1llatorvosi oktat\u00e1s \u00e9s tudom\u00e1ny fejl\u0151d\u00e9s\u00e9n.<\/p> <p><strong>Az Egyetemt\u00f6rt\u00e9neti ki\u00e1ll\u00edt\u00e1s el\u0151zetes bejelentkez\u00e9ssel l\u00e1togathat\u00f3, ez\u00e9rt k\u00e9rj\u00fck keresse munkat\u00e1rsaikat az al\u00e1bbi el\u00e9rhet\u0151s\u00e9gek egyik\u00e9n!\u00a0<\/strong><\/p> <p><strong>El\u0151zetes bejelentkez\u00e9s:<\/strong> +36 1 478 4100 mell\u00e9k: 8800<\/p> <p><strong>E-mail: <\/strong><a class=\"decrypt\" rel=\"mjcsbszAvojwfu\/iv\" href=\"javascript:void(0);\">[Kattintson az emailc\u00edmhez]<\/a><\/p> <p><strong>C\u00edm:<\/strong> 1071 Budapest, Bethlen G\u00e1bor utca 20-24. (bej\u00e1rat: 1078 Bp. Istv\u00e1n u. 2.)<\/p> <p>&nbsp;<\/p> <p>Addig is aj\u00e1nljuk az <strong>Egyetemi virtu\u00e1lis s\u00e9t\u00e1t<\/strong>, amelynek keret\u00e9ben megl\u00e1togathat\u00f3 az <strong>Egyetemt\u00f6rt\u00e9neti ki\u00e1ll\u00edt\u00e1s <\/strong>is: <a href=\"https:\/\/univet.hu\/virttour\/hu\/\">https:\/\/univet.hu\/virttour\/hu\/<\/a><\/p> <p><a href=\"https:\/\/univet.hu\/virttour\/hu\/\"><img loading=\"lazy\" decoding=\"async\" class=\"aligncenter size-large wp-image-2336\" src=\"http:\/\/konyvtar.univet.hu\/wp-content\/uploads\/2020\/03\/virtmuz-1024x558.png\" alt=\"\" width=\"640\" height=\"349\" \/><\/a><\/p> <p><a href=\"https:\/\/univet.hu\/virttour\/hu\/\"><img loading=\"lazy\" decoding=\"async\" class=\"aligncenter size-large wp-image-2340\" src=\"http:\/\/konyvtar.univet.hu\/wp-content\/uploads\/2020\/03\/virtmuz2-1024x561.png\" alt=\"\" width=\"640\" height=\"351\" \/><\/a><\/p> <\/div>","protected":false},"excerpt":{"rendered":"<p>Egyetemt\u00f6rt\u00e9neti ki\u00e1ll\u00edt\u00e1sunk\u00a02018. m\u00e1rcius 7-\u00e9n nyitotta meg kapuit az \u00c1llatorvostudom\u00e1nyi Egyetemen. A ki\u00e1ll\u00edt\u00e1s az egyetem 1787-es alap\u00edt\u00e1s\u00e1t\u00f3l 2016. j\u00faliusig, az ism\u00e9t elnyert \u00f6n\u00e1ll\u00f3s\u00e1gunkig 10 korszakra bontva vezeti v\u00e9gig a l\u00e1togat\u00f3t az \u00e1llatorvosi oktat\u00e1s \u00e9s tudom\u00e1ny fejl\u0151d\u00e9s\u00e9n. Az Egyetemt\u00f6rt\u00e9neti ki\u00e1ll\u00edt\u00e1s el\u0151zetes bejelentkez\u00e9ssel l\u00e1togathat\u00f3, ez\u00e9rt k\u00e9rj\u00fck keresse munkat\u00e1rsaikat az al\u00e1bbi el\u00e9rhet\u0151s\u00e9gek egyik\u00e9n!\u00a0 El\u0151zetes bejelentkez\u00e9s: +36 1 478 4100<\/p>\n","protected":false},"author":4333,"featured_media":0,"parent":260,"menu_order":0,"comment_status":"closed","ping_status":"open","template":"","meta":{"_acf_changed":false,"_eb_attr":"","footnotes":""},"categories":[21],"tags":[],"class_list":["post-276","page","type-page","status-publish","hentry","category-muzeum"],"acf":[],"yoast_head":"<!-- This site is optimized with the Yoast SEO plugin v27.2 - https:\/\/yoast.com\/product\/yoast-seo-wordpress\/ -->\n<title>\u00c1lland\u00f3 ki\u00e1ll\u00edt\u00e1s - Hut\u00ffra Ferenc K\u00f6nyvt\u00e1r, Lev\u00e9lt\u00e1r \u00e9s M\u00fazeum<\/title>\n<meta name=\"robots\" content=\"index, follow, max-snippet:-1, max-image-preview:large, max-video-preview:-1\" \/>\n<link rel=\"canonical\" href=\"https:\/\/univet.hu\/konyvtar\/muzeum\/allando-kiallitas\/\" \/>\n<meta property=\"og:locale\" content=\"hu_HU\" \/>\n<meta property=\"og:type\" content=\"article\" \/>\n<meta property=\"og:title\" content=\"\u00c1lland\u00f3 ki\u00e1ll\u00edt\u00e1s - Hut\u00ffra Ferenc K\u00f6nyvt\u00e1r, Lev\u00e9lt\u00e1r \u00e9s M\u00fazeum\" \/>\n<meta property=\"og:description\" content=\"Egyetemt\u00f6rt\u00e9neti ki\u00e1ll\u00edt\u00e1sunk\u00a02018. m\u00e1rcius 7-\u00e9n nyitotta meg kapuit az \u00c1llatorvostudom\u00e1nyi Egyetemen. A ki\u00e1ll\u00edt\u00e1s az egyetem 1787-es alap\u00edt\u00e1s\u00e1t\u00f3l 2016. j\u00faliusig, az ism\u00e9t elnyert \u00f6n\u00e1ll\u00f3s\u00e1gunkig 10 korszakra bontva vezeti v\u00e9gig a l\u00e1togat\u00f3t az \u00e1llatorvosi oktat\u00e1s \u00e9s tudom\u00e1ny fejl\u0151d\u00e9s\u00e9n. Az Egyetemt\u00f6rt\u00e9neti ki\u00e1ll\u00edt\u00e1s el\u0151zetes bejelentkez\u00e9ssel l\u00e1togathat\u00f3, ez\u00e9rt k\u00e9rj\u00fck keresse munkat\u00e1rsaikat az al\u00e1bbi el\u00e9rhet\u0151s\u00e9gek egyik\u00e9n!\u00a0 El\u0151zetes bejelentkez\u00e9s: +36 1 478 4100\" \/>\n<meta property=\"og:url\" content=\"https:\/\/univet.hu\/konyvtar\/muzeum\/allando-kiallitas\/\" \/>\n<meta property=\"og:site_name\" content=\"Hut\u00ffra Ferenc K\u00f6nyvt\u00e1r, Lev\u00e9lt\u00e1r \u00e9s M\u00fazeum\" \/>\n<meta property=\"article:modified_time\" content=\"2026-01-12T12:54:51+00:00\" \/>\n<meta name=\"twitter:card\" content=\"summary_large_image\" \/>\n<meta name=\"twitter:label1\" content=\"Becs\u00fclt olvas\u00e1si id\u0151\" \/>\n\t<meta name=\"twitter:data1\" content=\"1 perc\" \/>\n<script type=\"application\/ld+json\" class=\"yoast-schema-graph\">{\"@context\":\"https:\/\/schema.org\",\"@graph\":[{\"@type\":\"WebPage\",\"@id\":\"https:\/\/univet.hu\/konyvtar\/muzeum\/allando-kiallitas\/\",\"url\":\"https:\/\/univet.hu\/konyvtar\/muzeum\/allando-kiallitas\/\",\"name\":\"\u00c1lland\u00f3 ki\u00e1ll\u00edt\u00e1s - Hut\u00ffra Ferenc K\u00f6nyvt\u00e1r, Lev\u00e9lt\u00e1r \u00e9s M\u00fazeum\",\"isPartOf\":{\"@id\":\"https:\/\/univet.hu\/konyvtar\/#website\"},\"primaryImageOfPage\":{\"@id\":\"https:\/\/univet.hu\/konyvtar\/muzeum\/allando-kiallitas\/#primaryimage\"},\"image\":{\"@id\":\"https:\/\/univet.hu\/konyvtar\/muzeum\/allando-kiallitas\/#primaryimage\"},\"thumbnailUrl\":\"http:\/\/konyvtar.univet.hu\/wp-content\/uploads\/2020\/03\/virtmuz-1024x558.png\",\"datePublished\":\"2025-07-09T12:05:40+00:00\",\"dateModified\":\"2026-01-12T12:54:51+00:00\",\"breadcrumb\":{\"@id\":\"https:\/\/univet.hu\/konyvtar\/muzeum\/allando-kiallitas\/#breadcrumb\"},\"inLanguage\":\"hu\",\"potentialAction\":[{\"@type\":\"ReadAction\",\"target\":[\"https:\/\/univet.hu\/konyvtar\/muzeum\/allando-kiallitas\/\"]}]},{\"@type\":\"ImageObject\",\"inLanguage\":\"hu\",\"@id\":\"https:\/\/univet.hu\/konyvtar\/muzeum\/allando-kiallitas\/#primaryimage\",\"url\":\"http:\/\/konyvtar.univet.hu\/wp-content\/uploads\/2020\/03\/virtmuz-1024x558.png\",\"contentUrl\":\"http:\/\/konyvtar.univet.hu\/wp-content\/uploads\/2020\/03\/virtmuz-1024x558.png\"},{\"@type\":\"BreadcrumbList\",\"@id\":\"https:\/\/univet.hu\/konyvtar\/muzeum\/allando-kiallitas\/#breadcrumb\",\"itemListElement\":[{\"@type\":\"ListItem\",\"position\":1,\"name\":\"Kezd\u0151lap\",\"item\":\"https:\/\/univet.hu\/konyvtar\/\"},{\"@type\":\"ListItem\",\"position\":2,\"name\":\"M\u00fazeum\",\"item\":\"https:\/\/univet.hu\/konyvtar\/muzeum\/\"},{\"@type\":\"ListItem\",\"position\":3,\"name\":\"\u00c1lland\u00f3 ki\u00e1ll\u00edt\u00e1s\"}]},{\"@type\":\"WebSite\",\"@id\":\"https:\/\/univet.hu\/konyvtar\/#website\",\"url\":\"https:\/\/univet.hu\/konyvtar\/\",\"name\":\"Hut\u00ffra Ferenc K\u00f6nyvt\u00e1r, Lev\u00e9lt\u00e1r \u00e9s M\u00fazeum\",\"description\":\"\",\"potentialAction\":[{\"@type\":\"SearchAction\",\"target\":{\"@type\":\"EntryPoint\",\"urlTemplate\":\"https:\/\/univet.hu\/konyvtar\/?s={search_term_string}\"},\"query-input\":{\"@type\":\"PropertyValueSpecification\",\"valueRequired\":true,\"valueName\":\"search_term_string\"}}],\"inLanguage\":\"hu\"}]}<\/script>\n<!-- \/ Yoast SEO plugin. -->","yoast_head_json":{"title":"\u00c1lland\u00f3 ki\u00e1ll\u00edt\u00e1s - Hut\u00ffra Ferenc K\u00f6nyvt\u00e1r, Lev\u00e9lt\u00e1r \u00e9s M\u00fazeum","robots":{"index":"index","follow":"follow","max-snippet":"max-snippet:-1","max-image-preview":"max-image-preview:large","max-video-preview":"max-video-preview:-1"},"canonical":"https:\/\/univet.hu\/konyvtar\/muzeum\/allando-kiallitas\/","og_locale":"hu_HU","og_type":"article","og_title":"\u00c1lland\u00f3 ki\u00e1ll\u00edt\u00e1s - Hut\u00ffra Ferenc K\u00f6nyvt\u00e1r, Lev\u00e9lt\u00e1r \u00e9s M\u00fazeum","og_description":"Egyetemt\u00f6rt\u00e9neti ki\u00e1ll\u00edt\u00e1sunk\u00a02018. m\u00e1rcius 7-\u00e9n nyitotta meg kapuit az \u00c1llatorvostudom\u00e1nyi Egyetemen. A ki\u00e1ll\u00edt\u00e1s az egyetem 1787-es alap\u00edt\u00e1s\u00e1t\u00f3l 2016. j\u00faliusig, az ism\u00e9t elnyert \u00f6n\u00e1ll\u00f3s\u00e1gunkig 10 korszakra bontva vezeti v\u00e9gig a l\u00e1togat\u00f3t az \u00e1llatorvosi oktat\u00e1s \u00e9s tudom\u00e1ny fejl\u0151d\u00e9s\u00e9n. Az Egyetemt\u00f6rt\u00e9neti ki\u00e1ll\u00edt\u00e1s el\u0151zetes bejelentkez\u00e9ssel l\u00e1togathat\u00f3, ez\u00e9rt k\u00e9rj\u00fck keresse munkat\u00e1rsaikat az al\u00e1bbi el\u00e9rhet\u0151s\u00e9gek egyik\u00e9n!\u00a0 El\u0151zetes bejelentkez\u00e9s: +36 1 478 4100","og_url":"https:\/\/univet.hu\/konyvtar\/muzeum\/allando-kiallitas\/","og_site_name":"Hut\u00ffra Ferenc K\u00f6nyvt\u00e1r, Lev\u00e9lt\u00e1r \u00e9s M\u00fazeum","article_modified_time":"2026-01-12T12:54:51+00:00","twitter_card":"summary_large_image","twitter_misc":{"Becs\u00fclt olvas\u00e1si id\u0151":"1 perc"},"schema":{"@context":"https:\/\/schema.org","@graph":[{"@type":"WebPage","@id":"https:\/\/univet.hu\/konyvtar\/muzeum\/allando-kiallitas\/","url":"https:\/\/univet.hu\/konyvtar\/muzeum\/allando-kiallitas\/","name":"\u00c1lland\u00f3 ki\u00e1ll\u00edt\u00e1s - Hut\u00ffra Ferenc K\u00f6nyvt\u00e1r, Lev\u00e9lt\u00e1r \u00e9s M\u00fazeum","isPartOf":{"@id":"https:\/\/univet.hu\/konyvtar\/#website"},"primaryImageOfPage":{"@id":"https:\/\/univet.hu\/konyvtar\/muzeum\/allando-kiallitas\/#primaryimage"},"image":{"@id":"https:\/\/univet.hu\/konyvtar\/muzeum\/allando-kiallitas\/#primaryimage"},"thumbnailUrl":"http:\/\/konyvtar.univet.hu\/wp-content\/uploads\/2020\/03\/virtmuz-1024x558.png","datePublished":"2025-07-09T12:05:40+00:00","dateModified":"2026-01-12T12:54:51+00:00","breadcrumb":{"@id":"https:\/\/univet.hu\/konyvtar\/muzeum\/allando-kiallitas\/#breadcrumb"},"inLanguage":"hu","potentialAction":[{"@type":"ReadAction","target":["https:\/\/univet.hu\/konyvtar\/muzeum\/allando-kiallitas\/"]}]},{"@type":"ImageObject","inLanguage":"hu","@id":"https:\/\/univet.hu\/konyvtar\/muzeum\/allando-kiallitas\/#primaryimage","url":"http:\/\/konyvtar.univet.hu\/wp-content\/uploads\/2020\/03\/virtmuz-1024x558.png","contentUrl":"http:\/\/konyvtar.univet.hu\/wp-content\/uploads\/2020\/03\/virtmuz-1024x558.png"},{"@type":"BreadcrumbList","@id":"https:\/\/univet.hu\/konyvtar\/muzeum\/allando-kiallitas\/#breadcrumb","itemListElement":[{"@type":"ListItem","position":1,"name":"Kezd\u0151lap","item":"https:\/\/univet.hu\/konyvtar\/"},{"@type":"ListItem","position":2,"name":"M\u00fazeum","item":"https:\/\/univet.hu\/konyvtar\/muzeum\/"},{"@type":"ListItem","position":3,"name":"\u00c1lland\u00f3 ki\u00e1ll\u00edt\u00e1s"}]},{"@type":"WebSite","@id":"https:\/\/univet.hu\/konyvtar\/#website","url":"https:\/\/univet.hu\/konyvtar\/","name":"Hut\u00ffra Ferenc K\u00f6nyvt\u00e1r, Lev\u00e9lt\u00e1r \u00e9s M\u00fazeum","description":"","potentialAction":[{"@type":"SearchAction","target":{"@type":"EntryPoint","urlTemplate":"https:\/\/univet.hu\/konyvtar\/?s={search_term_string}"},"query-input":{"@type":"PropertyValueSpecification","valueRequired":true,"valueName":"search_term_string"}}],"inLanguage":"hu"}]}},"_links":{"self":[{"href":"https:\/\/univet.hu\/konyvtar\/wp-json\/wp\/v2\/pages\/276","targetHints":{"allow":["GET"]}}],"collection":[{"href":"https:\/\/univet.hu\/konyvtar\/wp-json\/wp\/v2\/pages"}],"about":[{"href":"https:\/\/univet.hu\/konyvtar\/wp-json\/wp\/v2\/types\/page"}],"author":[{"embeddable":true,"href":"https:\/\/univet.hu\/konyvtar\/wp-json\/wp\/v2\/users\/4333"}],"replies":[{"embeddable":true,"href":"https:\/\/univet.hu\/konyvtar\/wp-json\/wp\/v2\/comments?post=276"}],"version-history":[{"count":4,"href":"https:\/\/univet.hu\/konyvtar\/wp-json\/wp\/v2\/pages\/276\/revisions"}],"predecessor-version":[{"id":280,"href":"https:\/\/univet.hu\/konyvtar\/wp-json\/wp\/v2\/pages\/276\/revisions\/280"}],"up":[{"embeddable":true,"href":"https:\/\/univet.hu\/konyvtar\/wp-json\/wp\/v2\/pages\/260"}],"wp:attachment":[{"href":"https:\/\/univet.hu\/konyvtar\/wp-json\/wp\/v2\/media?parent=276"}],"wp:term":[{"taxonomy":"category","embeddable":true,"href":"https:\/\/univet.hu\/konyvtar\/wp-json\/wp\/v2\/categories?post=276"},{"taxonomy":"post_tag","embeddable":true,"href":"https:\/\/univet.hu\/konyvtar\/wp-json\/wp\/v2\/tags?post=276"}],"curies":[{"name":"wp","href":"https:\/\/api.w.org\/{rel}","templated":true}]}}