{"id":281,"date":"2025-07-09T14:25:43","date_gmt":"2025-07-09T12:25:43","guid":{"rendered":"https:\/\/univet.hu\/konyvtar\/muzeum\/archivum\/"},"modified":"2026-01-12T13:54:51","modified_gmt":"2026-01-12T12:54:51","slug":"kiallitas-archivum","status":"publish","type":"page","link":"https:\/\/univet.hu\/konyvtar\/muzeum\/kiallitas-archivum\/","title":{"rendered":"Ki\u00e1ll\u00edt\u00e1s arch\u00edvum"},"content":{"rendered":"<p>A ki\u00e1ll\u00edt\u00e1s arch\u00edvumban r\u00e9gebbi, m\u00e1r nem l\u00e1togathat\u00f3 id\u0151szaki ki\u00e1ll\u00edt\u00e1saink anyagib\u00f3l szemezget\u00fcnk.<\/p> <p>&nbsp;<\/p> <ul> <li><a href=\"https:\/\/univet.hu\/konyvtar\/kiallitas2023\/\">Lengyel Ren\u00e1ta m\u0171v\u00e9szeti ki\u00e1ll\u00edt\u00e1sa<\/a> (2023)<\/li> <li><a href=\"https:\/\/univet.hu\/konyvtar\/jakab-flora-fotokiallitasa\/\">Jakab Fl\u00f3ra fot\u00f3ki\u00e1ll\u00edt\u00e1sa<\/a> (2017-2018)<\/li> <li><a href=\"https:\/\/univet.hu\/konyvtar\/daruvonulas-kiallitas\/\">Dr. Per\u00e9nyi J\u00e1nos: Daruvonul\u00e1s a Hortob\u00e1gyon<\/a> (2017)<\/li> <li><a href=\"https:\/\/univet.hu\/konyvtar\/mozaikok-kiallitas\/\">Mozaikok az \u00e9lelmiszer-vizsg\u00e1lat t\u00f6rt\u00e9net\u00e9b\u0151l<\/a> (2015-2016)<\/li> <li><a href=\"https:\/\/univet.hu\/konyvtar\/csigakiallitas\/\">Csigaki\u00e1ll\u00edt\u00e1s<\/a> (2013)<\/li> <li><a href=\"https:\/\/univet.hu\/konyvtar\/kiallitas-2011\/\">Mit adott a magyar \u00e1llatorvos-tudom\u00e1ny a vil\u00e1gnak?<\/a> (2011)<\/li> <li><a href=\"https:\/\/univet.hu\/konyvtar\/muzeum\/kiallitas-archivum\/zongora-es-patkolastan-kiallitas\/\">Zongora \u00e9s patkol\u00e1stan<\/a> (2009-2010)<\/li> <li><a href=\"https:\/\/univet.hu\/konyvtar\/husvizsgalat-patologus-szemmel\/\">H\u00fasvizsg\u00e1lat patol\u00f3gus szemmel<\/a><\/li> <li>M\u00fazeumok Maj\u00e1lisa (<a href=\"https:\/\/univet.hu\/konyvtar\/muzeumok-majalisa-2014\/\">2014<\/a>, <a href=\"https:\/\/univet.hu\/konyvtar\/muzeumok-majalisa-2015\/\">2015<\/a>, <a href=\"https:\/\/univet.hu\/konyvtar\/muzeumok-majalisa-2016\/\">2016<\/a>)<\/li> <li><a href=\"https:\/\/univet.hu\/konyvtar\/emlekules-2015\/\">Magyary-Kossa Gyula eml\u00e9k\u00fcl\u00e9s<\/a> (2015)<\/li> <li>Kultur\u00e1lis \u00d6r\u00f6ks\u00e9g Napjai (<a href=\"https:\/\/univet.hu\/konyvtar\/kulturalis-orokseg-napjai-2015\/\">2015<\/a>, <a href=\"https:\/\/univet.hu\/konyvtar\/kulturalis-orokseg-napjai-2016\/\">2016<\/a>, <a href=\"https:\/\/univet.hu\/konyvtar\/kulturalis-orokseg-napjai-2018\/\">2018<\/a>, <a href=\"https:\/\/univet.hu\/konyvtar\/kulturalis-orokseg-napjai-2023\/\">2023<\/a>)<\/li> <\/ul>","protected":false},"excerpt":{"rendered":"<p>A ki\u00e1ll\u00edt\u00e1s arch\u00edvumban r\u00e9gebbi, m\u00e1r nem l\u00e1togathat\u00f3 id\u0151szaki ki\u00e1ll\u00edt\u00e1saink anyagib\u00f3l szemezget\u00fcnk. &nbsp; Lengyel Ren\u00e1ta m\u0171v\u00e9szeti ki\u00e1ll\u00edt\u00e1sa (2023) Jakab Fl\u00f3ra fot\u00f3ki\u00e1ll\u00edt\u00e1sa (2017-2018) Dr. Per\u00e9nyi J\u00e1nos: Daruvonul\u00e1s a Hortob\u00e1gyon (2017) Mozaikok az \u00e9lelmiszer-vizsg\u00e1lat t\u00f6rt\u00e9net\u00e9b\u0151l (2015-2016) Csigaki\u00e1ll\u00edt\u00e1s (2013) Mit adott a magyar \u00e1llatorvos-tudom\u00e1ny a vil\u00e1gnak? (2011) Zongora \u00e9s patkol\u00e1stan (2009-2010) H\u00fasvizsg\u00e1lat patol\u00f3gus szemmel M\u00fazeumok Maj\u00e1lisa (2014, 2015, 2016)<\/p>\n","protected":false},"author":4333,"featured_media":0,"parent":260,"menu_order":0,"comment_status":"closed","ping_status":"open","template":"","meta":{"_acf_changed":false,"_eb_attr":"","footnotes":""},"categories":[21],"tags":[],"class_list":["post-281","page","type-page","status-publish","hentry","category-muzeum"],"acf":[],"yoast_head":"<!-- This site is optimized with the Yoast SEO plugin v27.2 - https:\/\/yoast.com\/product\/yoast-seo-wordpress\/ -->\n<title>Ki\u00e1ll\u00edt\u00e1s arch\u00edvum - Hut\u00ffra Ferenc K\u00f6nyvt\u00e1r, Lev\u00e9lt\u00e1r \u00e9s M\u00fazeum<\/title>\n<meta name=\"robots\" content=\"index, follow, max-snippet:-1, max-image-preview:large, max-video-preview:-1\" \/>\n<link rel=\"canonical\" href=\"https:\/\/univet.hu\/konyvtar\/muzeum\/kiallitas-archivum\/\" \/>\n<meta property=\"og:locale\" content=\"hu_HU\" \/>\n<meta property=\"og:type\" content=\"article\" \/>\n<meta property=\"og:title\" content=\"Ki\u00e1ll\u00edt\u00e1s arch\u00edvum - Hut\u00ffra Ferenc K\u00f6nyvt\u00e1r, Lev\u00e9lt\u00e1r \u00e9s M\u00fazeum\" \/>\n<meta property=\"og:description\" content=\"A ki\u00e1ll\u00edt\u00e1s arch\u00edvumban r\u00e9gebbi, m\u00e1r nem l\u00e1togathat\u00f3 id\u0151szaki ki\u00e1ll\u00edt\u00e1saink anyagib\u00f3l szemezget\u00fcnk. &nbsp; Lengyel Ren\u00e1ta m\u0171v\u00e9szeti ki\u00e1ll\u00edt\u00e1sa (2023) Jakab Fl\u00f3ra fot\u00f3ki\u00e1ll\u00edt\u00e1sa (2017-2018) Dr. Per\u00e9nyi J\u00e1nos: Daruvonul\u00e1s a Hortob\u00e1gyon (2017) Mozaikok az \u00e9lelmiszer-vizsg\u00e1lat t\u00f6rt\u00e9net\u00e9b\u0151l (2015-2016) Csigaki\u00e1ll\u00edt\u00e1s (2013) Mit adott a magyar \u00e1llatorvos-tudom\u00e1ny a vil\u00e1gnak? (2011) Zongora \u00e9s patkol\u00e1stan (2009-2010) H\u00fasvizsg\u00e1lat patol\u00f3gus szemmel M\u00fazeumok Maj\u00e1lisa (2014, 2015, 2016)\" \/>\n<meta property=\"og:url\" content=\"https:\/\/univet.hu\/konyvtar\/muzeum\/kiallitas-archivum\/\" \/>\n<meta property=\"og:site_name\" content=\"Hut\u00ffra Ferenc K\u00f6nyvt\u00e1r, Lev\u00e9lt\u00e1r \u00e9s M\u00fazeum\" \/>\n<meta property=\"article:modified_time\" content=\"2026-01-12T12:54:51+00:00\" \/>\n<meta name=\"twitter:card\" content=\"summary_large_image\" \/>\n<meta name=\"twitter:label1\" content=\"Becs\u00fclt olvas\u00e1si id\u0151\" \/>\n\t<meta name=\"twitter:data1\" content=\"1 perc\" \/>\n<script type=\"application\/ld+json\" class=\"yoast-schema-graph\">{\"@context\":\"https:\/\/schema.org\",\"@graph\":[{\"@type\":\"WebPage\",\"@id\":\"https:\/\/univet.hu\/konyvtar\/muzeum\/kiallitas-archivum\/\",\"url\":\"https:\/\/univet.hu\/konyvtar\/muzeum\/kiallitas-archivum\/\",\"name\":\"Ki\u00e1ll\u00edt\u00e1s arch\u00edvum - Hut\u00ffra Ferenc K\u00f6nyvt\u00e1r, Lev\u00e9lt\u00e1r \u00e9s M\u00fazeum\",\"isPartOf\":{\"@id\":\"https:\/\/univet.hu\/konyvtar\/#website\"},\"datePublished\":\"2025-07-09T12:25:43+00:00\",\"dateModified\":\"2026-01-12T12:54:51+00:00\",\"breadcrumb\":{\"@id\":\"https:\/\/univet.hu\/konyvtar\/muzeum\/kiallitas-archivum\/#breadcrumb\"},\"inLanguage\":\"hu\",\"potentialAction\":[{\"@type\":\"ReadAction\",\"target\":[\"https:\/\/univet.hu\/konyvtar\/muzeum\/kiallitas-archivum\/\"]}]},{\"@type\":\"BreadcrumbList\",\"@id\":\"https:\/\/univet.hu\/konyvtar\/muzeum\/kiallitas-archivum\/#breadcrumb\",\"itemListElement\":[{\"@type\":\"ListItem\",\"position\":1,\"name\":\"Kezd\u0151lap\",\"item\":\"https:\/\/univet.hu\/konyvtar\/\"},{\"@type\":\"ListItem\",\"position\":2,\"name\":\"M\u00fazeum\",\"item\":\"https:\/\/univet.hu\/konyvtar\/muzeum\/\"},{\"@type\":\"ListItem\",\"position\":3,\"name\":\"Ki\u00e1ll\u00edt\u00e1s arch\u00edvum\"}]},{\"@type\":\"WebSite\",\"@id\":\"https:\/\/univet.hu\/konyvtar\/#website\",\"url\":\"https:\/\/univet.hu\/konyvtar\/\",\"name\":\"Hut\u00ffra Ferenc K\u00f6nyvt\u00e1r, Lev\u00e9lt\u00e1r \u00e9s M\u00fazeum\",\"description\":\"\",\"potentialAction\":[{\"@type\":\"SearchAction\",\"target\":{\"@type\":\"EntryPoint\",\"urlTemplate\":\"https:\/\/univet.hu\/konyvtar\/?s={search_term_string}\"},\"query-input\":{\"@type\":\"PropertyValueSpecification\",\"valueRequired\":true,\"valueName\":\"search_term_string\"}}],\"inLanguage\":\"hu\"}]}<\/script>\n<!-- \/ Yoast SEO plugin. -->","yoast_head_json":{"title":"Ki\u00e1ll\u00edt\u00e1s arch\u00edvum - Hut\u00ffra Ferenc K\u00f6nyvt\u00e1r, Lev\u00e9lt\u00e1r \u00e9s M\u00fazeum","robots":{"index":"index","follow":"follow","max-snippet":"max-snippet:-1","max-image-preview":"max-image-preview:large","max-video-preview":"max-video-preview:-1"},"canonical":"https:\/\/univet.hu\/konyvtar\/muzeum\/kiallitas-archivum\/","og_locale":"hu_HU","og_type":"article","og_title":"Ki\u00e1ll\u00edt\u00e1s arch\u00edvum - Hut\u00ffra Ferenc K\u00f6nyvt\u00e1r, Lev\u00e9lt\u00e1r \u00e9s M\u00fazeum","og_description":"A ki\u00e1ll\u00edt\u00e1s arch\u00edvumban r\u00e9gebbi, m\u00e1r nem l\u00e1togathat\u00f3 id\u0151szaki ki\u00e1ll\u00edt\u00e1saink anyagib\u00f3l szemezget\u00fcnk. &nbsp; Lengyel Ren\u00e1ta m\u0171v\u00e9szeti ki\u00e1ll\u00edt\u00e1sa (2023) Jakab Fl\u00f3ra fot\u00f3ki\u00e1ll\u00edt\u00e1sa (2017-2018) Dr. Per\u00e9nyi J\u00e1nos: Daruvonul\u00e1s a Hortob\u00e1gyon (2017) Mozaikok az \u00e9lelmiszer-vizsg\u00e1lat t\u00f6rt\u00e9net\u00e9b\u0151l (2015-2016) Csigaki\u00e1ll\u00edt\u00e1s (2013) Mit adott a magyar \u00e1llatorvos-tudom\u00e1ny a vil\u00e1gnak? (2011) Zongora \u00e9s patkol\u00e1stan (2009-2010) H\u00fasvizsg\u00e1lat patol\u00f3gus szemmel M\u00fazeumok Maj\u00e1lisa (2014, 2015, 2016)","og_url":"https:\/\/univet.hu\/konyvtar\/muzeum\/kiallitas-archivum\/","og_site_name":"Hut\u00ffra Ferenc K\u00f6nyvt\u00e1r, Lev\u00e9lt\u00e1r \u00e9s M\u00fazeum","article_modified_time":"2026-01-12T12:54:51+00:00","twitter_card":"summary_large_image","twitter_misc":{"Becs\u00fclt olvas\u00e1si id\u0151":"1 perc"},"schema":{"@context":"https:\/\/schema.org","@graph":[{"@type":"WebPage","@id":"https:\/\/univet.hu\/konyvtar\/muzeum\/kiallitas-archivum\/","url":"https:\/\/univet.hu\/konyvtar\/muzeum\/kiallitas-archivum\/","name":"Ki\u00e1ll\u00edt\u00e1s arch\u00edvum - Hut\u00ffra Ferenc K\u00f6nyvt\u00e1r, Lev\u00e9lt\u00e1r \u00e9s M\u00fazeum","isPartOf":{"@id":"https:\/\/univet.hu\/konyvtar\/#website"},"datePublished":"2025-07-09T12:25:43+00:00","dateModified":"2026-01-12T12:54:51+00:00","breadcrumb":{"@id":"https:\/\/univet.hu\/konyvtar\/muzeum\/kiallitas-archivum\/#breadcrumb"},"inLanguage":"hu","potentialAction":[{"@type":"ReadAction","target":["https:\/\/univet.hu\/konyvtar\/muzeum\/kiallitas-archivum\/"]}]},{"@type":"BreadcrumbList","@id":"https:\/\/univet.hu\/konyvtar\/muzeum\/kiallitas-archivum\/#breadcrumb","itemListElement":[{"@type":"ListItem","position":1,"name":"Kezd\u0151lap","item":"https:\/\/univet.hu\/konyvtar\/"},{"@type":"ListItem","position":2,"name":"M\u00fazeum","item":"https:\/\/univet.hu\/konyvtar\/muzeum\/"},{"@type":"ListItem","position":3,"name":"Ki\u00e1ll\u00edt\u00e1s arch\u00edvum"}]},{"@type":"WebSite","@id":"https:\/\/univet.hu\/konyvtar\/#website","url":"https:\/\/univet.hu\/konyvtar\/","name":"Hut\u00ffra Ferenc K\u00f6nyvt\u00e1r, Lev\u00e9lt\u00e1r \u00e9s M\u00fazeum","description":"","potentialAction":[{"@type":"SearchAction","target":{"@type":"EntryPoint","urlTemplate":"https:\/\/univet.hu\/konyvtar\/?s={search_term_string}"},"query-input":{"@type":"PropertyValueSpecification","valueRequired":true,"valueName":"search_term_string"}}],"inLanguage":"hu"}]}},"_links":{"self":[{"href":"https:\/\/univet.hu\/konyvtar\/wp-json\/wp\/v2\/pages\/281","targetHints":{"allow":["GET"]}}],"collection":[{"href":"https:\/\/univet.hu\/konyvtar\/wp-json\/wp\/v2\/pages"}],"about":[{"href":"https:\/\/univet.hu\/konyvtar\/wp-json\/wp\/v2\/types\/page"}],"author":[{"embeddable":true,"href":"https:\/\/univet.hu\/konyvtar\/wp-json\/wp\/v2\/users\/4333"}],"replies":[{"embeddable":true,"href":"https:\/\/univet.hu\/konyvtar\/wp-json\/wp\/v2\/comments?post=281"}],"version-history":[{"count":5,"href":"https:\/\/univet.hu\/konyvtar\/wp-json\/wp\/v2\/pages\/281\/revisions"}],"predecessor-version":[{"id":602,"href":"https:\/\/univet.hu\/konyvtar\/wp-json\/wp\/v2\/pages\/281\/revisions\/602"}],"up":[{"embeddable":true,"href":"https:\/\/univet.hu\/konyvtar\/wp-json\/wp\/v2\/pages\/260"}],"wp:attachment":[{"href":"https:\/\/univet.hu\/konyvtar\/wp-json\/wp\/v2\/media?parent=281"}],"wp:term":[{"taxonomy":"category","embeddable":true,"href":"https:\/\/univet.hu\/konyvtar\/wp-json\/wp\/v2\/categories?post=281"},{"taxonomy":"post_tag","embeddable":true,"href":"https:\/\/univet.hu\/konyvtar\/wp-json\/wp\/v2\/tags?post=281"}],"curies":[{"name":"wp","href":"https:\/\/api.w.org\/{rel}","templated":true}]}}