{"id":291,"date":"2025-07-09T14:50:43","date_gmt":"2025-07-09T12:50:43","guid":{"rendered":"https:\/\/univet.hu\/konyvtar\/?page_id=291"},"modified":"2026-01-12T13:54:51","modified_gmt":"2026-01-12T12:54:51","slug":"daruvonulas-kiallitas","status":"publish","type":"page","link":"https:\/\/univet.hu\/konyvtar\/muzeum\/kiallitas-archivum\/daruvonulas-kiallitas\/","title":{"rendered":"Daruvonul\u00e1s Hortob\u00e1gyon &#8211; ki\u00e1ll\u00edt\u00e1s"},"content":{"rendered":"<p><strong>Dr. Per\u00e9nyi J\u00e1nos<\/strong> fot\u00f3z\u00e1s ir\u00e1nti vonzalma m\u00e1r egyetemista kor\u00e1ban kezd\u0151d\u00f6tt, de 2002 \u00f3ta fot\u00f3zik \u00fajra akt\u00edvan. Kezdetben els\u0151sorban a term\u00e9szetfot\u00f3z\u00e1s, f\u0151leg a madarak, \u00e9s k\u00fcl\u00f6n\u00f6sen a Magyarorsz\u00e1gon \u00e1tvonul\u00f3 darvak meg\u00f6r\u00f6k\u00edt\u00e9se \u00e9rdekelte. K\u00e9s\u0151bb a term\u00e9szetfot\u00f3k mellett megkedvelte a riport, a portr\u00e9- \u00e9s a szociofot\u00f3z\u00e1s m\u0171fajait is. Sok id\u0151t t\u00f6lt az erd\u00e9lyi hagyom\u00e1nyos \u00e1llattart\u00e1s meg\u00f6r\u00f6k\u00edt\u00e9s\u00e9vel is.<\/p> <p>K\u00e9pei, audiovizu\u00e1lis munk\u00e1i sz\u00e1mos hazai \u00e9s nemzetk\u00f6zi p\u00e1ly\u00e1zaton ker\u00fcltek d\u00edjaz\u00e1sra, eddig kilenc egy\u00e9ni fot\u00f3ki\u00e1ll\u00edt\u00e1st rendezett.<\/p> <p><img loading=\"lazy\" decoding=\"async\" class=\"alignnone size-medium wp-image-298\" src=\"https:\/\/univet.hu\/konyvtar\/wp-content\/uploads\/sites\/17\/2025\/07\/PJM3_63617-768x384-1-300x150.jpg\" alt=\"\" width=\"300\" height=\"150\" srcset=\"https:\/\/univet.hu\/konyvtar\/wp-content\/uploads\/sites\/17\/2025\/07\/PJM3_63617-768x384-1-300x150.jpg 300w, https:\/\/univet.hu\/konyvtar\/wp-content\/uploads\/sites\/17\/2025\/07\/PJM3_63617-768x384-1-440x220.jpg 440w, https:\/\/univet.hu\/konyvtar\/wp-content\/uploads\/sites\/17\/2025\/07\/PJM3_63617-768x384-1.jpg 768w\" sizes=\"auto, (max-width: 300px) 100vw, 300px\" \/> <img loading=\"lazy\" decoding=\"async\" class=\"alignnone size-medium wp-image-295\" src=\"https:\/\/univet.hu\/konyvtar\/wp-content\/uploads\/sites\/17\/2025\/07\/7D_00240-768x384-1-300x150.jpg\" alt=\"\" width=\"300\" height=\"150\" srcset=\"https:\/\/univet.hu\/konyvtar\/wp-content\/uploads\/sites\/17\/2025\/07\/7D_00240-768x384-1-300x150.jpg 300w, https:\/\/univet.hu\/konyvtar\/wp-content\/uploads\/sites\/17\/2025\/07\/7D_00240-768x384-1-440x220.jpg 440w, https:\/\/univet.hu\/konyvtar\/wp-content\/uploads\/sites\/17\/2025\/07\/7D_00240-768x384-1.jpg 768w\" sizes=\"auto, (max-width: 300px) 100vw, 300px\" \/> <img loading=\"lazy\" decoding=\"async\" class=\"alignnone size-medium wp-image-292\" src=\"https:\/\/univet.hu\/konyvtar\/wp-content\/uploads\/sites\/17\/2025\/07\/7D_00633-768x384-1-300x150.jpg\" alt=\"\" width=\"300\" height=\"150\" srcset=\"https:\/\/univet.hu\/konyvtar\/wp-content\/uploads\/sites\/17\/2025\/07\/7D_00633-768x384-1-300x150.jpg 300w, https:\/\/univet.hu\/konyvtar\/wp-content\/uploads\/sites\/17\/2025\/07\/7D_00633-768x384-1-440x220.jpg 440w, https:\/\/univet.hu\/konyvtar\/wp-content\/uploads\/sites\/17\/2025\/07\/7D_00633-768x384-1.jpg 768w\" sizes=\"auto, (max-width: 300px) 100vw, 300px\" \/><\/p> <p>A \u201cDaruvonul\u00e1s a Hortob\u00e1gyon\u201d c\u00edm\u0171 ki\u00e1ll\u00edt\u00e1s keret\u00e9ben az \u00e9rdekl\u0151d\u0151k 25 csod\u00e1latos k\u00e9pet\u00a0tekinthetnek meg, amely bepillant\u00e1st enged a sokak \u00e1ltal v\u00e1gyott, de kevesek \u00e1ltal el\u00e9rhet\u0151 daru vonul\u00e1s legszebb pillanataiba.<\/p> <p>\u00daj id\u0151szaki ki\u00e1ll\u00edt\u00e1sunk 2017. okt\u00f3ber 25-t\u0151l l\u00e1togathat\u00f3 az Egyetem aul\u00e1j\u00e1ban.<\/p> <p>&nbsp;<\/p> <p>A bel\u00e9p\u00e9s ingyenes, de el\u0151zetes id\u0151pont egyeztet\u00e9s\u00a0sz\u00fcks\u00e9ges a 06-1-4784226-os\u00a0telefonsz\u00e1mon vagy a <a class=\"decrypt\" rel=\"mjcsbszAvojwfu\/iv\" href=\"javascript:void(0);\">[Kattintson az emailc\u00edmhez]<\/a> email c\u00edmen.<\/p> <p>Minden \u00e9rdekl\u0151d\u0151t v\u00e1runk szeretettel.<\/p> <p>&nbsp;<\/p> <p><iframe loading=\"lazy\" title=\"Daruvonul\u00e1s a Hortob\u00e1gyon - Dr. Per\u00e9nyi J\u00e1nos fot\u00f3ki\u00e1ll\u00edt\u00e1sa\" width=\"1280\" height=\"720\" src=\"https:\/\/www.youtube.com\/embed\/FuQzgs0LGcc?feature=oembed\" frameborder=\"0\" allow=\"accelerometer; autoplay; clipboard-write; encrypted-media; gyroscope; picture-in-picture; web-share\" referrerpolicy=\"strict-origin-when-cross-origin\" allowfullscreen><\/iframe><\/p>","protected":false},"excerpt":{"rendered":"<p>Dr. Per\u00e9nyi J\u00e1nos fot\u00f3z\u00e1s ir\u00e1nti vonzalma m\u00e1r egyetemista kor\u00e1ban kezd\u0151d\u00f6tt, de 2002 \u00f3ta fot\u00f3zik \u00fajra akt\u00edvan. Kezdetben els\u0151sorban a term\u00e9szetfot\u00f3z\u00e1s, f\u0151leg a madarak, \u00e9s k\u00fcl\u00f6n\u00f6sen a Magyarorsz\u00e1gon \u00e1tvonul\u00f3 darvak meg\u00f6r\u00f6k\u00edt\u00e9se \u00e9rdekelte. K\u00e9s\u0151bb a term\u00e9szetfot\u00f3k mellett megkedvelte a riport, a portr\u00e9- \u00e9s a szociofot\u00f3z\u00e1s m\u0171fajait is. Sok id\u0151t t\u00f6lt az erd\u00e9lyi hagyom\u00e1nyos \u00e1llattart\u00e1s meg\u00f6r\u00f6k\u00edt\u00e9s\u00e9vel is. K\u00e9pei,<\/p>\n","protected":false},"author":4333,"featured_media":0,"parent":281,"menu_order":0,"comment_status":"closed","ping_status":"closed","template":"","meta":{"_acf_changed":false,"_eb_attr":"","footnotes":""},"categories":[21],"tags":[],"class_list":["post-291","page","type-page","status-publish","hentry","category-muzeum"],"acf":[],"yoast_head":"<!-- This site is optimized with the Yoast SEO plugin v27.2 - https:\/\/yoast.com\/product\/yoast-seo-wordpress\/ -->\n<title>Daruvonul\u00e1s Hortob\u00e1gyon - ki\u00e1ll\u00edt\u00e1s - Hut\u00ffra Ferenc K\u00f6nyvt\u00e1r, Lev\u00e9lt\u00e1r \u00e9s M\u00fazeum<\/title>\n<meta name=\"robots\" content=\"index, follow, max-snippet:-1, max-image-preview:large, max-video-preview:-1\" \/>\n<link rel=\"canonical\" href=\"https:\/\/univet.hu\/konyvtar\/muzeum\/kiallitas-archivum\/daruvonulas-kiallitas\/\" \/>\n<meta property=\"og:locale\" content=\"hu_HU\" \/>\n<meta property=\"og:type\" content=\"article\" \/>\n<meta property=\"og:title\" content=\"Daruvonul\u00e1s Hortob\u00e1gyon - ki\u00e1ll\u00edt\u00e1s - Hut\u00ffra Ferenc K\u00f6nyvt\u00e1r, Lev\u00e9lt\u00e1r \u00e9s M\u00fazeum\" \/>\n<meta property=\"og:description\" content=\"Dr. Per\u00e9nyi J\u00e1nos fot\u00f3z\u00e1s ir\u00e1nti vonzalma m\u00e1r egyetemista kor\u00e1ban kezd\u0151d\u00f6tt, de 2002 \u00f3ta fot\u00f3zik \u00fajra akt\u00edvan. Kezdetben els\u0151sorban a term\u00e9szetfot\u00f3z\u00e1s, f\u0151leg a madarak, \u00e9s k\u00fcl\u00f6n\u00f6sen a Magyarorsz\u00e1gon \u00e1tvonul\u00f3 darvak meg\u00f6r\u00f6k\u00edt\u00e9se \u00e9rdekelte. K\u00e9s\u0151bb a term\u00e9szetfot\u00f3k mellett megkedvelte a riport, a portr\u00e9- \u00e9s a szociofot\u00f3z\u00e1s m\u0171fajait is. Sok id\u0151t t\u00f6lt az erd\u00e9lyi hagyom\u00e1nyos \u00e1llattart\u00e1s meg\u00f6r\u00f6k\u00edt\u00e9s\u00e9vel is. K\u00e9pei,\" \/>\n<meta property=\"og:url\" content=\"https:\/\/univet.hu\/konyvtar\/muzeum\/kiallitas-archivum\/daruvonulas-kiallitas\/\" \/>\n<meta property=\"og:site_name\" content=\"Hut\u00ffra Ferenc K\u00f6nyvt\u00e1r, Lev\u00e9lt\u00e1r \u00e9s M\u00fazeum\" \/>\n<meta property=\"article:modified_time\" content=\"2026-01-12T12:54:51+00:00\" \/>\n<meta property=\"og:image\" content=\"https:\/\/univet.hu\/konyvtar\/wp-content\/uploads\/sites\/17\/2025\/07\/PJM3_63617-768x384-1.jpg\" \/>\n\t<meta property=\"og:image:width\" content=\"768\" \/>\n\t<meta property=\"og:image:height\" content=\"384\" \/>\n\t<meta property=\"og:image:type\" content=\"image\/jpeg\" \/>\n<meta name=\"twitter:card\" content=\"summary_large_image\" \/>\n<meta name=\"twitter:label1\" content=\"Becs\u00fclt olvas\u00e1si id\u0151\" \/>\n\t<meta name=\"twitter:data1\" content=\"2 perc\" \/>\n<script type=\"application\/ld+json\" class=\"yoast-schema-graph\">{\"@context\":\"https:\/\/schema.org\",\"@graph\":[{\"@type\":\"WebPage\",\"@id\":\"https:\/\/univet.hu\/konyvtar\/muzeum\/kiallitas-archivum\/daruvonulas-kiallitas\/\",\"url\":\"https:\/\/univet.hu\/konyvtar\/muzeum\/kiallitas-archivum\/daruvonulas-kiallitas\/\",\"name\":\"Daruvonul\u00e1s Hortob\u00e1gyon - ki\u00e1ll\u00edt\u00e1s - Hut\u00ffra Ferenc K\u00f6nyvt\u00e1r, Lev\u00e9lt\u00e1r \u00e9s M\u00fazeum\",\"isPartOf\":{\"@id\":\"https:\/\/univet.hu\/konyvtar\/#website\"},\"primaryImageOfPage\":{\"@id\":\"https:\/\/univet.hu\/konyvtar\/muzeum\/kiallitas-archivum\/daruvonulas-kiallitas\/#primaryimage\"},\"image\":{\"@id\":\"https:\/\/univet.hu\/konyvtar\/muzeum\/kiallitas-archivum\/daruvonulas-kiallitas\/#primaryimage\"},\"thumbnailUrl\":\"https:\/\/univet.hu\/konyvtar\/wp-content\/uploads\/sites\/17\/2025\/07\/PJM3_63617-768x384-1-300x150.jpg\",\"datePublished\":\"2025-07-09T12:50:43+00:00\",\"dateModified\":\"2026-01-12T12:54:51+00:00\",\"breadcrumb\":{\"@id\":\"https:\/\/univet.hu\/konyvtar\/muzeum\/kiallitas-archivum\/daruvonulas-kiallitas\/#breadcrumb\"},\"inLanguage\":\"hu\",\"potentialAction\":[{\"@type\":\"ReadAction\",\"target\":[\"https:\/\/univet.hu\/konyvtar\/muzeum\/kiallitas-archivum\/daruvonulas-kiallitas\/\"]}]},{\"@type\":\"ImageObject\",\"inLanguage\":\"hu\",\"@id\":\"https:\/\/univet.hu\/konyvtar\/muzeum\/kiallitas-archivum\/daruvonulas-kiallitas\/#primaryimage\",\"url\":\"https:\/\/univet.hu\/konyvtar\/wp-content\/uploads\/sites\/17\/2025\/07\/PJM3_63617-768x384-1.jpg\",\"contentUrl\":\"https:\/\/univet.hu\/konyvtar\/wp-content\/uploads\/sites\/17\/2025\/07\/PJM3_63617-768x384-1.jpg\",\"width\":768,\"height\":384},{\"@type\":\"BreadcrumbList\",\"@id\":\"https:\/\/univet.hu\/konyvtar\/muzeum\/kiallitas-archivum\/daruvonulas-kiallitas\/#breadcrumb\",\"itemListElement\":[{\"@type\":\"ListItem\",\"position\":1,\"name\":\"Kezd\u0151lap\",\"item\":\"https:\/\/univet.hu\/konyvtar\/\"},{\"@type\":\"ListItem\",\"position\":2,\"name\":\"M\u00fazeum\",\"item\":\"https:\/\/univet.hu\/konyvtar\/muzeum\/\"},{\"@type\":\"ListItem\",\"position\":3,\"name\":\"Ki\u00e1ll\u00edt\u00e1s arch\u00edvum\",\"item\":\"https:\/\/univet.hu\/konyvtar\/muzeum\/kiallitas-archivum\/\"},{\"@type\":\"ListItem\",\"position\":4,\"name\":\"Daruvonul\u00e1s Hortob\u00e1gyon &#8211; ki\u00e1ll\u00edt\u00e1s\"}]},{\"@type\":\"WebSite\",\"@id\":\"https:\/\/univet.hu\/konyvtar\/#website\",\"url\":\"https:\/\/univet.hu\/konyvtar\/\",\"name\":\"Hut\u00ffra Ferenc K\u00f6nyvt\u00e1r, Lev\u00e9lt\u00e1r \u00e9s M\u00fazeum\",\"description\":\"\",\"potentialAction\":[{\"@type\":\"SearchAction\",\"target\":{\"@type\":\"EntryPoint\",\"urlTemplate\":\"https:\/\/univet.hu\/konyvtar\/?s={search_term_string}\"},\"query-input\":{\"@type\":\"PropertyValueSpecification\",\"valueRequired\":true,\"valueName\":\"search_term_string\"}}],\"inLanguage\":\"hu\"}]}<\/script>\n<!-- \/ Yoast SEO plugin. -->","yoast_head_json":{"title":"Daruvonul\u00e1s Hortob\u00e1gyon - ki\u00e1ll\u00edt\u00e1s - Hut\u00ffra Ferenc K\u00f6nyvt\u00e1r, Lev\u00e9lt\u00e1r \u00e9s M\u00fazeum","robots":{"index":"index","follow":"follow","max-snippet":"max-snippet:-1","max-image-preview":"max-image-preview:large","max-video-preview":"max-video-preview:-1"},"canonical":"https:\/\/univet.hu\/konyvtar\/muzeum\/kiallitas-archivum\/daruvonulas-kiallitas\/","og_locale":"hu_HU","og_type":"article","og_title":"Daruvonul\u00e1s Hortob\u00e1gyon - ki\u00e1ll\u00edt\u00e1s - Hut\u00ffra Ferenc K\u00f6nyvt\u00e1r, Lev\u00e9lt\u00e1r \u00e9s M\u00fazeum","og_description":"Dr. Per\u00e9nyi J\u00e1nos fot\u00f3z\u00e1s ir\u00e1nti vonzalma m\u00e1r egyetemista kor\u00e1ban kezd\u0151d\u00f6tt, de 2002 \u00f3ta fot\u00f3zik \u00fajra akt\u00edvan. Kezdetben els\u0151sorban a term\u00e9szetfot\u00f3z\u00e1s, f\u0151leg a madarak, \u00e9s k\u00fcl\u00f6n\u00f6sen a Magyarorsz\u00e1gon \u00e1tvonul\u00f3 darvak meg\u00f6r\u00f6k\u00edt\u00e9se \u00e9rdekelte. K\u00e9s\u0151bb a term\u00e9szetfot\u00f3k mellett megkedvelte a riport, a portr\u00e9- \u00e9s a szociofot\u00f3z\u00e1s m\u0171fajait is. Sok id\u0151t t\u00f6lt az erd\u00e9lyi hagyom\u00e1nyos \u00e1llattart\u00e1s meg\u00f6r\u00f6k\u00edt\u00e9s\u00e9vel is. K\u00e9pei,","og_url":"https:\/\/univet.hu\/konyvtar\/muzeum\/kiallitas-archivum\/daruvonulas-kiallitas\/","og_site_name":"Hut\u00ffra Ferenc K\u00f6nyvt\u00e1r, Lev\u00e9lt\u00e1r \u00e9s M\u00fazeum","article_modified_time":"2026-01-12T12:54:51+00:00","og_image":[{"width":768,"height":384,"url":"https:\/\/univet.hu\/konyvtar\/wp-content\/uploads\/sites\/17\/2025\/07\/PJM3_63617-768x384-1.jpg","type":"image\/jpeg"}],"twitter_card":"summary_large_image","twitter_misc":{"Becs\u00fclt olvas\u00e1si id\u0151":"2 perc"},"schema":{"@context":"https:\/\/schema.org","@graph":[{"@type":"WebPage","@id":"https:\/\/univet.hu\/konyvtar\/muzeum\/kiallitas-archivum\/daruvonulas-kiallitas\/","url":"https:\/\/univet.hu\/konyvtar\/muzeum\/kiallitas-archivum\/daruvonulas-kiallitas\/","name":"Daruvonul\u00e1s Hortob\u00e1gyon - ki\u00e1ll\u00edt\u00e1s - Hut\u00ffra Ferenc K\u00f6nyvt\u00e1r, Lev\u00e9lt\u00e1r \u00e9s M\u00fazeum","isPartOf":{"@id":"https:\/\/univet.hu\/konyvtar\/#website"},"primaryImageOfPage":{"@id":"https:\/\/univet.hu\/konyvtar\/muzeum\/kiallitas-archivum\/daruvonulas-kiallitas\/#primaryimage"},"image":{"@id":"https:\/\/univet.hu\/konyvtar\/muzeum\/kiallitas-archivum\/daruvonulas-kiallitas\/#primaryimage"},"thumbnailUrl":"https:\/\/univet.hu\/konyvtar\/wp-content\/uploads\/sites\/17\/2025\/07\/PJM3_63617-768x384-1-300x150.jpg","datePublished":"2025-07-09T12:50:43+00:00","dateModified":"2026-01-12T12:54:51+00:00","breadcrumb":{"@id":"https:\/\/univet.hu\/konyvtar\/muzeum\/kiallitas-archivum\/daruvonulas-kiallitas\/#breadcrumb"},"inLanguage":"hu","potentialAction":[{"@type":"ReadAction","target":["https:\/\/univet.hu\/konyvtar\/muzeum\/kiallitas-archivum\/daruvonulas-kiallitas\/"]}]},{"@type":"ImageObject","inLanguage":"hu","@id":"https:\/\/univet.hu\/konyvtar\/muzeum\/kiallitas-archivum\/daruvonulas-kiallitas\/#primaryimage","url":"https:\/\/univet.hu\/konyvtar\/wp-content\/uploads\/sites\/17\/2025\/07\/PJM3_63617-768x384-1.jpg","contentUrl":"https:\/\/univet.hu\/konyvtar\/wp-content\/uploads\/sites\/17\/2025\/07\/PJM3_63617-768x384-1.jpg","width":768,"height":384},{"@type":"BreadcrumbList","@id":"https:\/\/univet.hu\/konyvtar\/muzeum\/kiallitas-archivum\/daruvonulas-kiallitas\/#breadcrumb","itemListElement":[{"@type":"ListItem","position":1,"name":"Kezd\u0151lap","item":"https:\/\/univet.hu\/konyvtar\/"},{"@type":"ListItem","position":2,"name":"M\u00fazeum","item":"https:\/\/univet.hu\/konyvtar\/muzeum\/"},{"@type":"ListItem","position":3,"name":"Ki\u00e1ll\u00edt\u00e1s arch\u00edvum","item":"https:\/\/univet.hu\/konyvtar\/muzeum\/kiallitas-archivum\/"},{"@type":"ListItem","position":4,"name":"Daruvonul\u00e1s Hortob\u00e1gyon &#8211; ki\u00e1ll\u00edt\u00e1s"}]},{"@type":"WebSite","@id":"https:\/\/univet.hu\/konyvtar\/#website","url":"https:\/\/univet.hu\/konyvtar\/","name":"Hut\u00ffra Ferenc K\u00f6nyvt\u00e1r, Lev\u00e9lt\u00e1r \u00e9s M\u00fazeum","description":"","potentialAction":[{"@type":"SearchAction","target":{"@type":"EntryPoint","urlTemplate":"https:\/\/univet.hu\/konyvtar\/?s={search_term_string}"},"query-input":{"@type":"PropertyValueSpecification","valueRequired":true,"valueName":"search_term_string"}}],"inLanguage":"hu"}]}},"_links":{"self":[{"href":"https:\/\/univet.hu\/konyvtar\/wp-json\/wp\/v2\/pages\/291","targetHints":{"allow":["GET"]}}],"collection":[{"href":"https:\/\/univet.hu\/konyvtar\/wp-json\/wp\/v2\/pages"}],"about":[{"href":"https:\/\/univet.hu\/konyvtar\/wp-json\/wp\/v2\/types\/page"}],"author":[{"embeddable":true,"href":"https:\/\/univet.hu\/konyvtar\/wp-json\/wp\/v2\/users\/4333"}],"replies":[{"embeddable":true,"href":"https:\/\/univet.hu\/konyvtar\/wp-json\/wp\/v2\/comments?post=291"}],"version-history":[{"count":3,"href":"https:\/\/univet.hu\/konyvtar\/wp-json\/wp\/v2\/pages\/291\/revisions"}],"predecessor-version":[{"id":525,"href":"https:\/\/univet.hu\/konyvtar\/wp-json\/wp\/v2\/pages\/291\/revisions\/525"}],"up":[{"embeddable":true,"href":"https:\/\/univet.hu\/konyvtar\/wp-json\/wp\/v2\/pages\/281"}],"wp:attachment":[{"href":"https:\/\/univet.hu\/konyvtar\/wp-json\/wp\/v2\/media?parent=291"}],"wp:term":[{"taxonomy":"category","embeddable":true,"href":"https:\/\/univet.hu\/konyvtar\/wp-json\/wp\/v2\/categories?post=291"},{"taxonomy":"post_tag","embeddable":true,"href":"https:\/\/univet.hu\/konyvtar\/wp-json\/wp\/v2\/tags?post=291"}],"curies":[{"name":"wp","href":"https:\/\/api.w.org\/{rel}","templated":true}]}}