{"id":323,"date":"2025-07-09T15:09:40","date_gmt":"2025-07-09T13:09:40","guid":{"rendered":"https:\/\/univet.hu\/konyvtar\/?page_id=323"},"modified":"2026-01-12T13:54:52","modified_gmt":"2026-01-12T12:54:52","slug":"mozaikok-kiallitas","status":"publish","type":"page","link":"https:\/\/univet.hu\/konyvtar\/muzeum\/kiallitas-archivum\/mozaikok-kiallitas\/","title":{"rendered":"Mozaikok az \u00e9lelmiszer-vizsg\u00e1lat t\u00f6rt\u00e9net\u00e9b\u0151l"},"content":{"rendered":"<div> <p style=\"text-align: center\"><strong>\u00c9lelmiszer-biztons\u00e1g a h\u00e1ztart\u00e1sban \u00e9s a laborat\u00f3riumban<\/strong><\/p> <p style=\"text-align: center\"><strong>\u00e9lelmiszer-vizsg\u00e1lat, h\u00e1ztart\u00e1s<\/strong><\/p> <p><strong>Nyitva tart\u00e1s:<\/strong> 2015.11.03. \u2013 2016.12.31.<\/p> <p>Az emberek sz\u00e1m\u00e1ra a biztons\u00e1gos \u00e9lelmiszer sz\u00f3 szerint \u00e9letbev\u00e1g\u00f3an fontos. Az eg\u00e9szs\u00e9g\u00fcgyi szempontb\u00f3l biztons\u00e1gos \u00e9lelmiszereknek meghat\u00e1roz\u00f3 szerep\u00fck van az ut\u00f3bbi \u00e9vtizedekben jelent\u0151sen megn\u0151tt \u00e1tlagos emberi \u00e9letkorban. Hogyan jutottunk el addig, hogy ma m\u00e1r ellen\u0151rz\u00f6tt, steril rendszerekben k\u00e9sz\u00fclt \u00e9lelmiszerek ker\u00fclnek a boltok polcaira, hogy elolvashatjuk az \u00e9lelmiszer pontos \u00f6sszet\u00e9tel\u00e9t \u00e9s laborat\u00f3riumi vizsg\u00e1latok igazolj\u00e1k min\u0151s\u00e9g\u00e9t?<\/p> <p><img loading=\"lazy\" decoding=\"async\" class=\"aligncenter wp-image-330 size-full\" src=\"https:\/\/univet.hu\/konyvtar\/wp-content\/uploads\/sites\/17\/2025\/07\/rsz_allatorvostorteneti3-685x1024-1.jpg\" alt=\"\" width=\"685\" height=\"1024\" srcset=\"https:\/\/univet.hu\/konyvtar\/wp-content\/uploads\/sites\/17\/2025\/07\/rsz_allatorvostorteneti3-685x1024-1.jpg 685w, https:\/\/univet.hu\/konyvtar\/wp-content\/uploads\/sites\/17\/2025\/07\/rsz_allatorvostorteneti3-685x1024-1-201x300.jpg 201w\" sizes=\"auto, (max-width: 685px) 100vw, 685px\" \/><\/p> <\/div> <div><\/div> <div>Az \u00e9lelmiszer-vizsg\u00e1latot a 19-20. sz\u00e1zad fordul\u00f3j\u00e1n helyezt\u00e9k tudom\u00e1nyos alapokra, amikor a h\u00fas- \u00e9s tejvizsg\u00e1lat, valamint az \u00e9lelmiszer-analitika \u00e9s -k\u00e9mia fejl\u0151d\u00e9snek indult. Ezzel p\u00e1rhuzamosan fejl\u0151d\u00e9snek indult az int\u00e9zm\u00e9nyh\u00e1l\u00f3zat, amely fel\u00fcgyeli az \u00e9lelmiszer-l\u00e1nc biztons\u00e1g\u00e1t. M\u00e1r a c\u00e9hek vigy\u00e1ztak arra, hogy tagjaik min\u0151s\u00e9gi \u00e1rut adjanak el, k\u00e9s\u0151bb h\u00fasl\u00e1t\u00f3k, majd a 19. sz\u00e1zadt\u00f3l hat\u00f3s\u00e1gi jogk\u00f6rrel felruh\u00e1zott \u00e1llatorvosok fel\u00fcgyelt\u00e9k a v\u00e1g\u00f3\u00e1llatok \u00e9s az \u00e1llati term\u00e9kek szakszer\u0171, higi\u00e9nikus feldolgoz\u00e1s\u00e1t \u00e9s kiz\u00e1r\u00f3lag az eg\u00e9szs\u00e9gre \u00e1rtalmatlan term\u00e9kek forgalomba hozatal\u00e1t.<\/div> <div><\/div> <div><img loading=\"lazy\" decoding=\"async\" class=\"aligncenter wp-image-327 size-full\" src=\"https:\/\/univet.hu\/konyvtar\/wp-content\/uploads\/sites\/17\/2025\/07\/rsz_allatorvostorteneti4-685x1024-1.jpg\" alt=\"\" width=\"685\" height=\"1024\" srcset=\"https:\/\/univet.hu\/konyvtar\/wp-content\/uploads\/sites\/17\/2025\/07\/rsz_allatorvostorteneti4-685x1024-1.jpg 685w, https:\/\/univet.hu\/konyvtar\/wp-content\/uploads\/sites\/17\/2025\/07\/rsz_allatorvostorteneti4-685x1024-1-201x300.jpg 201w\" sizes=\"auto, (max-width: 685px) 100vw, 685px\" \/><\/div> <div><\/div> <div>Kamara-ki\u00e1ll\u00edt\u00e1sunkon term\u00e9szetesen nem tudjuk az \u00e9lelmiszer-vizsg\u00e1lat t\u00f6rt\u00e9net\u00e9nek minden r\u00e9szlet\u00e9t nyomon k\u00f6vetni, legfeljebb arra v\u00e1llalkozhatunk, hogy n\u00e9h\u00e1ny eszk\u00f6zt \u00e9s m\u00f3dszert bemutassunk a r\u00e9gebbi \u00e9s \u00fajabb id\u0151kb\u0151l. Szeretn\u00e9nk egy kis bepillant\u00e1st engedni abba is, hogy r\u00e9gen, j\u00f3val a h\u0171t\u0151szekr\u00e9nyek elterjed\u00e9se el\u0151tt, a h\u00e1ztart\u00e1sokban milyen \u201e\u00e9lelmiszer-biztons\u00e1gi\u201d rendszab\u00e1lyokat \u00e9s fort\u00e9lyokat alkalmaztak a h\u00e1ziasszonyok.<br \/> Javasoljuk, hogy kezdj\u00e9k a t\u00e1rlatn\u00e9z\u00e9st az \u00e9lelmiszer-vizsg\u00e1lat t\u00f6rt\u00e9net\u00e9t bemutat\u00f3 poszter \u00e1ttekint\u00e9s\u00e9vel, majd b\u00f6ng\u00e9sszenek a t\u00e1rl\u00f3kban, v\u00e9g\u00fcl \u2013 \u00f6sszefoglal\u00e1sk\u00e9nt \u2013 n\u00e9zz\u00e9k meg a r\u00e9gi \u00e9s \u00faj vizsg\u00e1latokat bemutat\u00f3 poszter\u00fcnket.<\/div> <div><\/div> <div><strong>Kapcsol\u00f3d\u00f3 programok<\/strong><\/div> <div> <p>El\u0151re egyeztetett id\u0151pontban fels\u0151 tagozatos \u00e1ltal\u00e1nos iskol\u00e1sok \u00e9s k\u00f6z\u00e9piskol\u00e1sok sz\u00e1m\u00e1ra az al\u00e1bbi t\u00e9m\u00e1kban a SZIE \u00c1llatorvos-tudom\u00e1nyi Kar, illetve a Nemzeti \u00c9lelmiszerl\u00e1nc-biztons\u00e1gi Hivatal (N\u00c9BIH) szak\u00e9rt\u0151 el\u0151ad\u00f3ival bemutat\u00f3t \u00e9s t\u00e1rlatvezet\u00e9st szervez\u00fcnk.<\/p> <ul> <li>Mi is az \u00e9lelmiszerl\u00e1nc-biztons\u00e1g?<\/li> <li>K\u00fczdelem az \u00e9lelmiszerb\u0171n\u00f6z\u00e9s ellen<\/li> <li>A bio\u00e9lelmiszerekt\u0151l az adal\u00e9kanyagokig<\/li> <li>Parazit\u00e1k az \u00e9telben \u2013 egyem vagy ne egyem?<\/li> <\/ul> <p><img loading=\"lazy\" decoding=\"async\" class=\"aligncenter wp-image-324 size-full\" src=\"https:\/\/univet.hu\/konyvtar\/wp-content\/uploads\/sites\/17\/2025\/07\/rsz_allatorvostorteneti2-768x514-1.jpg\" alt=\"\" width=\"768\" height=\"514\" srcset=\"https:\/\/univet.hu\/konyvtar\/wp-content\/uploads\/sites\/17\/2025\/07\/rsz_allatorvostorteneti2-768x514-1.jpg 768w, https:\/\/univet.hu\/konyvtar\/wp-content\/uploads\/sites\/17\/2025\/07\/rsz_allatorvostorteneti2-768x514-1-300x201.jpg 300w\" sizes=\"auto, (max-width: 768px) 100vw, 768px\" \/><\/p> <p>&nbsp;<\/p> <p>A T\u00e1rlatr\u00f3l T\u00e1rlatra (MEBT \/ KONTAKT R\u00c1DI\u00d3) 2016. m\u00e1jus 12-i m\u0171sor\u00e1nak vend\u00e9ge volt Orb\u00e1n \u00c9va igazgat\u00f3asszony, ahol a\u00a0Mozaikok az \u00e9lelmiszervizsg\u00e1lat t\u00f6rt\u00e9net\u00e9b\u0151l c\u00edm\u0171 ki\u00e1ll\u00edt\u00e1s kapcs\u00e1n besz\u00e9lgettek vele.<\/p> <p>&nbsp;<\/p> <p><iframe loading=\"lazy\" title=\"T\u00e1rlat:  Mozaikok az \u00e9lelmiszervizsg\u00e1lat t\u00f6rt\u00e9net\u00e9b\u0151l\" width=\"1280\" height=\"960\" src=\"https:\/\/www.youtube.com\/embed\/R8c1bow8VfY?feature=oembed\" frameborder=\"0\" allow=\"accelerometer; autoplay; clipboard-write; encrypted-media; gyroscope; picture-in-picture; web-share\" referrerpolicy=\"strict-origin-when-cross-origin\" allowfullscreen><\/iframe><\/p> <\/div>","protected":false},"excerpt":{"rendered":"<p>\u00c9lelmiszer-biztons\u00e1g a h\u00e1ztart\u00e1sban \u00e9s a laborat\u00f3riumban \u00e9lelmiszer-vizsg\u00e1lat, h\u00e1ztart\u00e1s Nyitva tart\u00e1s: 2015.11.03. \u2013 2016.12.31. Az emberek sz\u00e1m\u00e1ra a biztons\u00e1gos \u00e9lelmiszer sz\u00f3 szerint \u00e9letbev\u00e1g\u00f3an fontos. Az eg\u00e9szs\u00e9g\u00fcgyi szempontb\u00f3l biztons\u00e1gos \u00e9lelmiszereknek meghat\u00e1roz\u00f3 szerep\u00fck van az ut\u00f3bbi \u00e9vtizedekben jelent\u0151sen megn\u0151tt \u00e1tlagos emberi \u00e9letkorban. Hogyan jutottunk el addig, hogy ma m\u00e1r ellen\u0151rz\u00f6tt, steril rendszerekben k\u00e9sz\u00fclt \u00e9lelmiszerek ker\u00fclnek a boltok polcaira,<\/p>\n","protected":false},"author":4333,"featured_media":0,"parent":281,"menu_order":0,"comment_status":"closed","ping_status":"closed","template":"","meta":{"_acf_changed":false,"_eb_attr":"","footnotes":""},"categories":[21],"tags":[],"class_list":["post-323","page","type-page","status-publish","hentry","category-muzeum"],"acf":[],"yoast_head":"<!-- This site is optimized with the Yoast SEO plugin v27.2 - https:\/\/yoast.com\/product\/yoast-seo-wordpress\/ -->\n<title>Mozaikok az \u00e9lelmiszer-vizsg\u00e1lat t\u00f6rt\u00e9net\u00e9b\u0151l - Hut\u00ffra Ferenc K\u00f6nyvt\u00e1r, Lev\u00e9lt\u00e1r \u00e9s M\u00fazeum<\/title>\n<meta name=\"robots\" content=\"index, follow, max-snippet:-1, max-image-preview:large, max-video-preview:-1\" \/>\n<link rel=\"canonical\" href=\"https:\/\/univet.hu\/konyvtar\/muzeum\/kiallitas-archivum\/mozaikok-kiallitas\/\" \/>\n<meta property=\"og:locale\" content=\"hu_HU\" \/>\n<meta property=\"og:type\" content=\"article\" \/>\n<meta property=\"og:title\" content=\"Mozaikok az \u00e9lelmiszer-vizsg\u00e1lat t\u00f6rt\u00e9net\u00e9b\u0151l - Hut\u00ffra Ferenc K\u00f6nyvt\u00e1r, Lev\u00e9lt\u00e1r \u00e9s M\u00fazeum\" \/>\n<meta property=\"og:description\" content=\"\u00c9lelmiszer-biztons\u00e1g a h\u00e1ztart\u00e1sban \u00e9s a laborat\u00f3riumban \u00e9lelmiszer-vizsg\u00e1lat, h\u00e1ztart\u00e1s Nyitva tart\u00e1s: 2015.11.03. \u2013 2016.12.31. Az emberek sz\u00e1m\u00e1ra a biztons\u00e1gos \u00e9lelmiszer sz\u00f3 szerint \u00e9letbev\u00e1g\u00f3an fontos. Az eg\u00e9szs\u00e9g\u00fcgyi szempontb\u00f3l biztons\u00e1gos \u00e9lelmiszereknek meghat\u00e1roz\u00f3 szerep\u00fck van az ut\u00f3bbi \u00e9vtizedekben jelent\u0151sen megn\u0151tt \u00e1tlagos emberi \u00e9letkorban. Hogyan jutottunk el addig, hogy ma m\u00e1r ellen\u0151rz\u00f6tt, steril rendszerekben k\u00e9sz\u00fclt \u00e9lelmiszerek ker\u00fclnek a boltok polcaira,\" \/>\n<meta property=\"og:url\" content=\"https:\/\/univet.hu\/konyvtar\/muzeum\/kiallitas-archivum\/mozaikok-kiallitas\/\" \/>\n<meta property=\"og:site_name\" content=\"Hut\u00ffra Ferenc K\u00f6nyvt\u00e1r, Lev\u00e9lt\u00e1r \u00e9s M\u00fazeum\" \/>\n<meta property=\"article:modified_time\" content=\"2026-01-12T12:54:52+00:00\" \/>\n<meta property=\"og:image\" content=\"https:\/\/univet.hu\/konyvtar\/wp-content\/uploads\/sites\/17\/2025\/07\/rsz_allatorvostorteneti3-685x1024-1.jpg\" \/>\n\t<meta property=\"og:image:width\" content=\"685\" \/>\n\t<meta property=\"og:image:height\" content=\"1024\" \/>\n\t<meta property=\"og:image:type\" content=\"image\/jpeg\" \/>\n<meta name=\"twitter:card\" content=\"summary_large_image\" \/>\n<meta name=\"twitter:label1\" content=\"Becs\u00fclt olvas\u00e1si id\u0151\" \/>\n\t<meta name=\"twitter:data1\" content=\"3 perc\" \/>\n<script type=\"application\/ld+json\" class=\"yoast-schema-graph\">{\"@context\":\"https:\/\/schema.org\",\"@graph\":[{\"@type\":\"WebPage\",\"@id\":\"https:\/\/univet.hu\/konyvtar\/muzeum\/kiallitas-archivum\/mozaikok-kiallitas\/\",\"url\":\"https:\/\/univet.hu\/konyvtar\/muzeum\/kiallitas-archivum\/mozaikok-kiallitas\/\",\"name\":\"Mozaikok az \u00e9lelmiszer-vizsg\u00e1lat t\u00f6rt\u00e9net\u00e9b\u0151l - Hut\u00ffra Ferenc K\u00f6nyvt\u00e1r, Lev\u00e9lt\u00e1r \u00e9s M\u00fazeum\",\"isPartOf\":{\"@id\":\"https:\/\/univet.hu\/konyvtar\/#website\"},\"primaryImageOfPage\":{\"@id\":\"https:\/\/univet.hu\/konyvtar\/muzeum\/kiallitas-archivum\/mozaikok-kiallitas\/#primaryimage\"},\"image\":{\"@id\":\"https:\/\/univet.hu\/konyvtar\/muzeum\/kiallitas-archivum\/mozaikok-kiallitas\/#primaryimage\"},\"thumbnailUrl\":\"https:\/\/univet.hu\/konyvtar\/wp-content\/uploads\/sites\/17\/2025\/07\/rsz_allatorvostorteneti3-685x1024-1.jpg\",\"datePublished\":\"2025-07-09T13:09:40+00:00\",\"dateModified\":\"2026-01-12T12:54:52+00:00\",\"breadcrumb\":{\"@id\":\"https:\/\/univet.hu\/konyvtar\/muzeum\/kiallitas-archivum\/mozaikok-kiallitas\/#breadcrumb\"},\"inLanguage\":\"hu\",\"potentialAction\":[{\"@type\":\"ReadAction\",\"target\":[\"https:\/\/univet.hu\/konyvtar\/muzeum\/kiallitas-archivum\/mozaikok-kiallitas\/\"]}]},{\"@type\":\"ImageObject\",\"inLanguage\":\"hu\",\"@id\":\"https:\/\/univet.hu\/konyvtar\/muzeum\/kiallitas-archivum\/mozaikok-kiallitas\/#primaryimage\",\"url\":\"https:\/\/univet.hu\/konyvtar\/wp-content\/uploads\/sites\/17\/2025\/07\/rsz_allatorvostorteneti3-685x1024-1.jpg\",\"contentUrl\":\"https:\/\/univet.hu\/konyvtar\/wp-content\/uploads\/sites\/17\/2025\/07\/rsz_allatorvostorteneti3-685x1024-1.jpg\",\"width\":685,\"height\":1024},{\"@type\":\"BreadcrumbList\",\"@id\":\"https:\/\/univet.hu\/konyvtar\/muzeum\/kiallitas-archivum\/mozaikok-kiallitas\/#breadcrumb\",\"itemListElement\":[{\"@type\":\"ListItem\",\"position\":1,\"name\":\"Kezd\u0151lap\",\"item\":\"https:\/\/univet.hu\/konyvtar\/\"},{\"@type\":\"ListItem\",\"position\":2,\"name\":\"M\u00fazeum\",\"item\":\"https:\/\/univet.hu\/konyvtar\/muzeum\/\"},{\"@type\":\"ListItem\",\"position\":3,\"name\":\"Ki\u00e1ll\u00edt\u00e1s arch\u00edvum\",\"item\":\"https:\/\/univet.hu\/konyvtar\/muzeum\/kiallitas-archivum\/\"},{\"@type\":\"ListItem\",\"position\":4,\"name\":\"Mozaikok az \u00e9lelmiszer-vizsg\u00e1lat t\u00f6rt\u00e9net\u00e9b\u0151l\"}]},{\"@type\":\"WebSite\",\"@id\":\"https:\/\/univet.hu\/konyvtar\/#website\",\"url\":\"https:\/\/univet.hu\/konyvtar\/\",\"name\":\"Hut\u00ffra Ferenc K\u00f6nyvt\u00e1r, Lev\u00e9lt\u00e1r \u00e9s M\u00fazeum\",\"description\":\"\",\"potentialAction\":[{\"@type\":\"SearchAction\",\"target\":{\"@type\":\"EntryPoint\",\"urlTemplate\":\"https:\/\/univet.hu\/konyvtar\/?s={search_term_string}\"},\"query-input\":{\"@type\":\"PropertyValueSpecification\",\"valueRequired\":true,\"valueName\":\"search_term_string\"}}],\"inLanguage\":\"hu\"}]}<\/script>\n<!-- \/ Yoast SEO plugin. -->","yoast_head_json":{"title":"Mozaikok az \u00e9lelmiszer-vizsg\u00e1lat t\u00f6rt\u00e9net\u00e9b\u0151l - Hut\u00ffra Ferenc K\u00f6nyvt\u00e1r, Lev\u00e9lt\u00e1r \u00e9s M\u00fazeum","robots":{"index":"index","follow":"follow","max-snippet":"max-snippet:-1","max-image-preview":"max-image-preview:large","max-video-preview":"max-video-preview:-1"},"canonical":"https:\/\/univet.hu\/konyvtar\/muzeum\/kiallitas-archivum\/mozaikok-kiallitas\/","og_locale":"hu_HU","og_type":"article","og_title":"Mozaikok az \u00e9lelmiszer-vizsg\u00e1lat t\u00f6rt\u00e9net\u00e9b\u0151l - Hut\u00ffra Ferenc K\u00f6nyvt\u00e1r, Lev\u00e9lt\u00e1r \u00e9s M\u00fazeum","og_description":"\u00c9lelmiszer-biztons\u00e1g a h\u00e1ztart\u00e1sban \u00e9s a laborat\u00f3riumban \u00e9lelmiszer-vizsg\u00e1lat, h\u00e1ztart\u00e1s Nyitva tart\u00e1s: 2015.11.03. \u2013 2016.12.31. Az emberek sz\u00e1m\u00e1ra a biztons\u00e1gos \u00e9lelmiszer sz\u00f3 szerint \u00e9letbev\u00e1g\u00f3an fontos. Az eg\u00e9szs\u00e9g\u00fcgyi szempontb\u00f3l biztons\u00e1gos \u00e9lelmiszereknek meghat\u00e1roz\u00f3 szerep\u00fck van az ut\u00f3bbi \u00e9vtizedekben jelent\u0151sen megn\u0151tt \u00e1tlagos emberi \u00e9letkorban. Hogyan jutottunk el addig, hogy ma m\u00e1r ellen\u0151rz\u00f6tt, steril rendszerekben k\u00e9sz\u00fclt \u00e9lelmiszerek ker\u00fclnek a boltok polcaira,","og_url":"https:\/\/univet.hu\/konyvtar\/muzeum\/kiallitas-archivum\/mozaikok-kiallitas\/","og_site_name":"Hut\u00ffra Ferenc K\u00f6nyvt\u00e1r, Lev\u00e9lt\u00e1r \u00e9s M\u00fazeum","article_modified_time":"2026-01-12T12:54:52+00:00","og_image":[{"width":685,"height":1024,"url":"https:\/\/univet.hu\/konyvtar\/wp-content\/uploads\/sites\/17\/2025\/07\/rsz_allatorvostorteneti3-685x1024-1.jpg","type":"image\/jpeg"}],"twitter_card":"summary_large_image","twitter_misc":{"Becs\u00fclt olvas\u00e1si id\u0151":"3 perc"},"schema":{"@context":"https:\/\/schema.org","@graph":[{"@type":"WebPage","@id":"https:\/\/univet.hu\/konyvtar\/muzeum\/kiallitas-archivum\/mozaikok-kiallitas\/","url":"https:\/\/univet.hu\/konyvtar\/muzeum\/kiallitas-archivum\/mozaikok-kiallitas\/","name":"Mozaikok az \u00e9lelmiszer-vizsg\u00e1lat t\u00f6rt\u00e9net\u00e9b\u0151l - Hut\u00ffra Ferenc K\u00f6nyvt\u00e1r, Lev\u00e9lt\u00e1r \u00e9s M\u00fazeum","isPartOf":{"@id":"https:\/\/univet.hu\/konyvtar\/#website"},"primaryImageOfPage":{"@id":"https:\/\/univet.hu\/konyvtar\/muzeum\/kiallitas-archivum\/mozaikok-kiallitas\/#primaryimage"},"image":{"@id":"https:\/\/univet.hu\/konyvtar\/muzeum\/kiallitas-archivum\/mozaikok-kiallitas\/#primaryimage"},"thumbnailUrl":"https:\/\/univet.hu\/konyvtar\/wp-content\/uploads\/sites\/17\/2025\/07\/rsz_allatorvostorteneti3-685x1024-1.jpg","datePublished":"2025-07-09T13:09:40+00:00","dateModified":"2026-01-12T12:54:52+00:00","breadcrumb":{"@id":"https:\/\/univet.hu\/konyvtar\/muzeum\/kiallitas-archivum\/mozaikok-kiallitas\/#breadcrumb"},"inLanguage":"hu","potentialAction":[{"@type":"ReadAction","target":["https:\/\/univet.hu\/konyvtar\/muzeum\/kiallitas-archivum\/mozaikok-kiallitas\/"]}]},{"@type":"ImageObject","inLanguage":"hu","@id":"https:\/\/univet.hu\/konyvtar\/muzeum\/kiallitas-archivum\/mozaikok-kiallitas\/#primaryimage","url":"https:\/\/univet.hu\/konyvtar\/wp-content\/uploads\/sites\/17\/2025\/07\/rsz_allatorvostorteneti3-685x1024-1.jpg","contentUrl":"https:\/\/univet.hu\/konyvtar\/wp-content\/uploads\/sites\/17\/2025\/07\/rsz_allatorvostorteneti3-685x1024-1.jpg","width":685,"height":1024},{"@type":"BreadcrumbList","@id":"https:\/\/univet.hu\/konyvtar\/muzeum\/kiallitas-archivum\/mozaikok-kiallitas\/#breadcrumb","itemListElement":[{"@type":"ListItem","position":1,"name":"Kezd\u0151lap","item":"https:\/\/univet.hu\/konyvtar\/"},{"@type":"ListItem","position":2,"name":"M\u00fazeum","item":"https:\/\/univet.hu\/konyvtar\/muzeum\/"},{"@type":"ListItem","position":3,"name":"Ki\u00e1ll\u00edt\u00e1s arch\u00edvum","item":"https:\/\/univet.hu\/konyvtar\/muzeum\/kiallitas-archivum\/"},{"@type":"ListItem","position":4,"name":"Mozaikok az \u00e9lelmiszer-vizsg\u00e1lat t\u00f6rt\u00e9net\u00e9b\u0151l"}]},{"@type":"WebSite","@id":"https:\/\/univet.hu\/konyvtar\/#website","url":"https:\/\/univet.hu\/konyvtar\/","name":"Hut\u00ffra Ferenc K\u00f6nyvt\u00e1r, Lev\u00e9lt\u00e1r \u00e9s M\u00fazeum","description":"","potentialAction":[{"@type":"SearchAction","target":{"@type":"EntryPoint","urlTemplate":"https:\/\/univet.hu\/konyvtar\/?s={search_term_string}"},"query-input":{"@type":"PropertyValueSpecification","valueRequired":true,"valueName":"search_term_string"}}],"inLanguage":"hu"}]}},"_links":{"self":[{"href":"https:\/\/univet.hu\/konyvtar\/wp-json\/wp\/v2\/pages\/323","targetHints":{"allow":["GET"]}}],"collection":[{"href":"https:\/\/univet.hu\/konyvtar\/wp-json\/wp\/v2\/pages"}],"about":[{"href":"https:\/\/univet.hu\/konyvtar\/wp-json\/wp\/v2\/types\/page"}],"author":[{"embeddable":true,"href":"https:\/\/univet.hu\/konyvtar\/wp-json\/wp\/v2\/users\/4333"}],"replies":[{"embeddable":true,"href":"https:\/\/univet.hu\/konyvtar\/wp-json\/wp\/v2\/comments?post=323"}],"version-history":[{"count":1,"href":"https:\/\/univet.hu\/konyvtar\/wp-json\/wp\/v2\/pages\/323\/revisions"}],"predecessor-version":[{"id":333,"href":"https:\/\/univet.hu\/konyvtar\/wp-json\/wp\/v2\/pages\/323\/revisions\/333"}],"up":[{"embeddable":true,"href":"https:\/\/univet.hu\/konyvtar\/wp-json\/wp\/v2\/pages\/281"}],"wp:attachment":[{"href":"https:\/\/univet.hu\/konyvtar\/wp-json\/wp\/v2\/media?parent=323"}],"wp:term":[{"taxonomy":"category","embeddable":true,"href":"https:\/\/univet.hu\/konyvtar\/wp-json\/wp\/v2\/categories?post=323"},{"taxonomy":"post_tag","embeddable":true,"href":"https:\/\/univet.hu\/konyvtar\/wp-json\/wp\/v2\/tags?post=323"}],"curies":[{"name":"wp","href":"https:\/\/api.w.org\/{rel}","templated":true}]}}