{"id":334,"date":"2025-07-09T15:15:11","date_gmt":"2025-07-09T13:15:11","guid":{"rendered":"https:\/\/univet.hu\/konyvtar\/?page_id=334"},"modified":"2026-01-12T13:54:52","modified_gmt":"2026-01-12T12:54:52","slug":"zongora-es-patkolastan-kiallitas","status":"publish","type":"page","link":"https:\/\/univet.hu\/konyvtar\/muzeum\/kiallitas-archivum\/zongora-es-patkolastan-kiallitas\/","title":{"rendered":"Zongora \u00e9s patkol\u00e1stan"},"content":{"rendered":"<p>M\u0171v\u00e9szet \u00e9s tudom\u00e1ny a N\u00e1daskay \u00e9s Varga csal\u00e1dokban a 19\u201320. sz\u00e1zadban c\u00edm\u0171, l\u00e1t\u00e1ss\u00e9r\u00fcltek sz\u00e1m\u00e1ra is \u00e9lm\u00e9nyt ny\u00fajt\u00f3 ki\u00e1ll\u00edt\u00e1s<\/p> <p>2009. okt\u00f3ber 15-t\u0151l 2010. j\u00fanius 30-ig<\/p> <p>Ki\u00e1ll\u00edt\u00e1sunk egy h\u00edr nyom\u00e1ba ered: 1885-ben Liszt Ferenc l\u00e1togat\u00e1st tett dr. Varga Ferenc \u00e1llatorvosi akad\u00e9miai tan\u00e1r r\u00e1kospalotai otthon\u00e1ban.<\/p> <ul> <li>Honn\u00e9t ismert\u00e9k egym\u00e1st?<\/li> <li>Hogyan ker\u00fclt Liszt Varg\u00e1\u00e9khoz?<\/li> <li>Hol volt az a r\u00e1kospalotai \u00e9p\u00fclet, s vajon megvan-e m\u00e9g?<\/li> <li>Kik voltak jelen?<\/li> <\/ul> <p>Megannyi izgalmas k\u00e9rd\u00e9s, amelyek azt mutatj\u00e1k, hogy egy kis h\u00edrben, mint cseppben a tenger, megmutatkozhat a magyar tudom\u00e1ny \u00e9s kult\u00fara gazdags\u00e1ga.<\/p> <p>A k\u00e9rd\u00e9sekre a v\u00e1laszt Szilv\u00e1si Mikl\u00f3s (el\u00e9rhet\u0151s\u00e9ge: e-mail:\u00a0<span id=\"cloakd79f4d51137dd988a87c7524f5bd50f6\"><a class=\"decrypt\" rel=\"t{jmwbtjnjlmptAdjuspnbjm\/iv\" href=\"javascript:void(0);\">[Kattintson az emailc\u00edmhez]<\/a><\/span>\u00a0, telefon: +36 1 220 5183 vagy +36 30 210 0471) adta meg. Seg\u00edt\u0151i voltak: Csan\u00e1dy Gy\u00f6rgyn\u00e9, Gergely Istv\u00e1nn\u00e9, K\u00e1lm\u00e1n Gyula, Kassai \u00c1rp\u00e1d, T\u00fc\u0171 Istv\u00e1nn\u00e9 \u00e9s m\u00e9g sokan m\u00e1sok. Ki\u00e1ll\u00edt\u00e1sunkkal szeretn\u00e9nk eml\u00e9ket \u00e1ll\u00edtani dr. Varga Ferencnek, T\u00e9ly Francisk\u00e1nak, N\u00e1daskay B\u00e9l\u00e1nak, Varga Vilm\u00e1nak \u00e9s mester\u00e9nek, Liszt Ferencnek. A korabeli fotogr\u00e1fi\u00e1kon \u00e9s dokumentumokon k\u00edv\u00fcl Varga Ferenc h\u00e1zainak makettjei, t\u00e1rnoki n\u00e9pviselet, \u00e1llatorvosi eszk\u00f6z\u00f6k, a l\u00f3 \u00e9s a kutya anat\u00f3mi\u00e1ja \u00e9s a patkol\u00e1stan rejtelmei tapint\u00e1ssal is megismerhet\u0151k. Liszt Ferenc zen\u00e9je mellett hangos t\u00e1rlatvezet\u00e9st is biztos\u00edtunk.<\/p> <p><iframe loading=\"lazy\" title=\"Zongora_es_patkolastan.wmv\" width=\"1280\" height=\"960\" src=\"https:\/\/www.youtube.com\/embed\/6l0lQatziJ4?feature=oembed\" frameborder=\"0\" allow=\"accelerometer; autoplay; clipboard-write; encrypted-media; gyroscope; picture-in-picture; web-share\" referrerpolicy=\"strict-origin-when-cross-origin\" allowfullscreen><\/iframe><\/p>","protected":false},"excerpt":{"rendered":"<p>M\u0171v\u00e9szet \u00e9s tudom\u00e1ny a N\u00e1daskay \u00e9s Varga csal\u00e1dokban a 19\u201320. sz\u00e1zadban c\u00edm\u0171, l\u00e1t\u00e1ss\u00e9r\u00fcltek sz\u00e1m\u00e1ra is \u00e9lm\u00e9nyt ny\u00fajt\u00f3 ki\u00e1ll\u00edt\u00e1s 2009. okt\u00f3ber 15-t\u0151l 2010. j\u00fanius 30-ig Ki\u00e1ll\u00edt\u00e1sunk egy h\u00edr nyom\u00e1ba ered: 1885-ben Liszt Ferenc l\u00e1togat\u00e1st tett dr. Varga Ferenc \u00e1llatorvosi akad\u00e9miai tan\u00e1r r\u00e1kospalotai otthon\u00e1ban. Honn\u00e9t ismert\u00e9k egym\u00e1st? Hogyan ker\u00fclt Liszt Varg\u00e1\u00e9khoz? Hol volt az a r\u00e1kospalotai \u00e9p\u00fclet,<\/p>\n","protected":false},"author":4333,"featured_media":0,"parent":281,"menu_order":0,"comment_status":"closed","ping_status":"closed","template":"","meta":{"_acf_changed":false,"_eb_attr":"","footnotes":""},"categories":[21],"tags":[],"class_list":["post-334","page","type-page","status-publish","hentry","category-muzeum"],"acf":[],"yoast_head":"<!-- This site is optimized with the Yoast SEO plugin v27.2 - https:\/\/yoast.com\/product\/yoast-seo-wordpress\/ -->\n<title>Zongora \u00e9s patkol\u00e1stan - Hut\u00ffra Ferenc K\u00f6nyvt\u00e1r, Lev\u00e9lt\u00e1r \u00e9s M\u00fazeum<\/title>\n<meta name=\"robots\" content=\"index, follow, max-snippet:-1, max-image-preview:large, max-video-preview:-1\" \/>\n<link rel=\"canonical\" href=\"https:\/\/univet.hu\/konyvtar\/muzeum\/kiallitas-archivum\/zongora-es-patkolastan-kiallitas\/\" \/>\n<meta property=\"og:locale\" content=\"hu_HU\" \/>\n<meta property=\"og:type\" content=\"article\" \/>\n<meta property=\"og:title\" content=\"Zongora \u00e9s patkol\u00e1stan - Hut\u00ffra Ferenc K\u00f6nyvt\u00e1r, Lev\u00e9lt\u00e1r \u00e9s M\u00fazeum\" \/>\n<meta property=\"og:description\" content=\"M\u0171v\u00e9szet \u00e9s tudom\u00e1ny a N\u00e1daskay \u00e9s Varga csal\u00e1dokban a 19\u201320. sz\u00e1zadban c\u00edm\u0171, l\u00e1t\u00e1ss\u00e9r\u00fcltek sz\u00e1m\u00e1ra is \u00e9lm\u00e9nyt ny\u00fajt\u00f3 ki\u00e1ll\u00edt\u00e1s 2009. okt\u00f3ber 15-t\u0151l 2010. j\u00fanius 30-ig Ki\u00e1ll\u00edt\u00e1sunk egy h\u00edr nyom\u00e1ba ered: 1885-ben Liszt Ferenc l\u00e1togat\u00e1st tett dr. Varga Ferenc \u00e1llatorvosi akad\u00e9miai tan\u00e1r r\u00e1kospalotai otthon\u00e1ban. Honn\u00e9t ismert\u00e9k egym\u00e1st? Hogyan ker\u00fclt Liszt Varg\u00e1\u00e9khoz? Hol volt az a r\u00e1kospalotai \u00e9p\u00fclet,\" \/>\n<meta property=\"og:url\" content=\"https:\/\/univet.hu\/konyvtar\/muzeum\/kiallitas-archivum\/zongora-es-patkolastan-kiallitas\/\" \/>\n<meta property=\"og:site_name\" content=\"Hut\u00ffra Ferenc K\u00f6nyvt\u00e1r, Lev\u00e9lt\u00e1r \u00e9s M\u00fazeum\" \/>\n<meta property=\"article:modified_time\" content=\"2026-01-12T12:54:52+00:00\" \/>\n<meta name=\"twitter:card\" content=\"summary_large_image\" \/>\n<meta name=\"twitter:label1\" content=\"Becs\u00fclt olvas\u00e1si id\u0151\" \/>\n\t<meta name=\"twitter:data1\" content=\"1 perc\" \/>\n<script type=\"application\/ld+json\" class=\"yoast-schema-graph\">{\"@context\":\"https:\/\/schema.org\",\"@graph\":[{\"@type\":\"WebPage\",\"@id\":\"https:\/\/univet.hu\/konyvtar\/muzeum\/kiallitas-archivum\/zongora-es-patkolastan-kiallitas\/\",\"url\":\"https:\/\/univet.hu\/konyvtar\/muzeum\/kiallitas-archivum\/zongora-es-patkolastan-kiallitas\/\",\"name\":\"Zongora \u00e9s patkol\u00e1stan - Hut\u00ffra Ferenc K\u00f6nyvt\u00e1r, Lev\u00e9lt\u00e1r \u00e9s M\u00fazeum\",\"isPartOf\":{\"@id\":\"https:\/\/univet.hu\/konyvtar\/#website\"},\"datePublished\":\"2025-07-09T13:15:11+00:00\",\"dateModified\":\"2026-01-12T12:54:52+00:00\",\"breadcrumb\":{\"@id\":\"https:\/\/univet.hu\/konyvtar\/muzeum\/kiallitas-archivum\/zongora-es-patkolastan-kiallitas\/#breadcrumb\"},\"inLanguage\":\"hu\",\"potentialAction\":[{\"@type\":\"ReadAction\",\"target\":[\"https:\/\/univet.hu\/konyvtar\/muzeum\/kiallitas-archivum\/zongora-es-patkolastan-kiallitas\/\"]}]},{\"@type\":\"BreadcrumbList\",\"@id\":\"https:\/\/univet.hu\/konyvtar\/muzeum\/kiallitas-archivum\/zongora-es-patkolastan-kiallitas\/#breadcrumb\",\"itemListElement\":[{\"@type\":\"ListItem\",\"position\":1,\"name\":\"Kezd\u0151lap\",\"item\":\"https:\/\/univet.hu\/konyvtar\/\"},{\"@type\":\"ListItem\",\"position\":2,\"name\":\"M\u00fazeum\",\"item\":\"https:\/\/univet.hu\/konyvtar\/muzeum\/\"},{\"@type\":\"ListItem\",\"position\":3,\"name\":\"Ki\u00e1ll\u00edt\u00e1s arch\u00edvum\",\"item\":\"https:\/\/univet.hu\/konyvtar\/muzeum\/kiallitas-archivum\/\"},{\"@type\":\"ListItem\",\"position\":4,\"name\":\"Zongora \u00e9s patkol\u00e1stan\"}]},{\"@type\":\"WebSite\",\"@id\":\"https:\/\/univet.hu\/konyvtar\/#website\",\"url\":\"https:\/\/univet.hu\/konyvtar\/\",\"name\":\"Hut\u00ffra Ferenc K\u00f6nyvt\u00e1r, Lev\u00e9lt\u00e1r \u00e9s M\u00fazeum\",\"description\":\"\",\"potentialAction\":[{\"@type\":\"SearchAction\",\"target\":{\"@type\":\"EntryPoint\",\"urlTemplate\":\"https:\/\/univet.hu\/konyvtar\/?s={search_term_string}\"},\"query-input\":{\"@type\":\"PropertyValueSpecification\",\"valueRequired\":true,\"valueName\":\"search_term_string\"}}],\"inLanguage\":\"hu\"}]}<\/script>\n<!-- \/ Yoast SEO plugin. -->","yoast_head_json":{"title":"Zongora \u00e9s patkol\u00e1stan - Hut\u00ffra Ferenc K\u00f6nyvt\u00e1r, Lev\u00e9lt\u00e1r \u00e9s M\u00fazeum","robots":{"index":"index","follow":"follow","max-snippet":"max-snippet:-1","max-image-preview":"max-image-preview:large","max-video-preview":"max-video-preview:-1"},"canonical":"https:\/\/univet.hu\/konyvtar\/muzeum\/kiallitas-archivum\/zongora-es-patkolastan-kiallitas\/","og_locale":"hu_HU","og_type":"article","og_title":"Zongora \u00e9s patkol\u00e1stan - Hut\u00ffra Ferenc K\u00f6nyvt\u00e1r, Lev\u00e9lt\u00e1r \u00e9s M\u00fazeum","og_description":"M\u0171v\u00e9szet \u00e9s tudom\u00e1ny a N\u00e1daskay \u00e9s Varga csal\u00e1dokban a 19\u201320. sz\u00e1zadban c\u00edm\u0171, l\u00e1t\u00e1ss\u00e9r\u00fcltek sz\u00e1m\u00e1ra is \u00e9lm\u00e9nyt ny\u00fajt\u00f3 ki\u00e1ll\u00edt\u00e1s 2009. okt\u00f3ber 15-t\u0151l 2010. j\u00fanius 30-ig Ki\u00e1ll\u00edt\u00e1sunk egy h\u00edr nyom\u00e1ba ered: 1885-ben Liszt Ferenc l\u00e1togat\u00e1st tett dr. Varga Ferenc \u00e1llatorvosi akad\u00e9miai tan\u00e1r r\u00e1kospalotai otthon\u00e1ban. Honn\u00e9t ismert\u00e9k egym\u00e1st? Hogyan ker\u00fclt Liszt Varg\u00e1\u00e9khoz? Hol volt az a r\u00e1kospalotai \u00e9p\u00fclet,","og_url":"https:\/\/univet.hu\/konyvtar\/muzeum\/kiallitas-archivum\/zongora-es-patkolastan-kiallitas\/","og_site_name":"Hut\u00ffra Ferenc K\u00f6nyvt\u00e1r, Lev\u00e9lt\u00e1r \u00e9s M\u00fazeum","article_modified_time":"2026-01-12T12:54:52+00:00","twitter_card":"summary_large_image","twitter_misc":{"Becs\u00fclt olvas\u00e1si id\u0151":"1 perc"},"schema":{"@context":"https:\/\/schema.org","@graph":[{"@type":"WebPage","@id":"https:\/\/univet.hu\/konyvtar\/muzeum\/kiallitas-archivum\/zongora-es-patkolastan-kiallitas\/","url":"https:\/\/univet.hu\/konyvtar\/muzeum\/kiallitas-archivum\/zongora-es-patkolastan-kiallitas\/","name":"Zongora \u00e9s patkol\u00e1stan - Hut\u00ffra Ferenc K\u00f6nyvt\u00e1r, Lev\u00e9lt\u00e1r \u00e9s M\u00fazeum","isPartOf":{"@id":"https:\/\/univet.hu\/konyvtar\/#website"},"datePublished":"2025-07-09T13:15:11+00:00","dateModified":"2026-01-12T12:54:52+00:00","breadcrumb":{"@id":"https:\/\/univet.hu\/konyvtar\/muzeum\/kiallitas-archivum\/zongora-es-patkolastan-kiallitas\/#breadcrumb"},"inLanguage":"hu","potentialAction":[{"@type":"ReadAction","target":["https:\/\/univet.hu\/konyvtar\/muzeum\/kiallitas-archivum\/zongora-es-patkolastan-kiallitas\/"]}]},{"@type":"BreadcrumbList","@id":"https:\/\/univet.hu\/konyvtar\/muzeum\/kiallitas-archivum\/zongora-es-patkolastan-kiallitas\/#breadcrumb","itemListElement":[{"@type":"ListItem","position":1,"name":"Kezd\u0151lap","item":"https:\/\/univet.hu\/konyvtar\/"},{"@type":"ListItem","position":2,"name":"M\u00fazeum","item":"https:\/\/univet.hu\/konyvtar\/muzeum\/"},{"@type":"ListItem","position":3,"name":"Ki\u00e1ll\u00edt\u00e1s arch\u00edvum","item":"https:\/\/univet.hu\/konyvtar\/muzeum\/kiallitas-archivum\/"},{"@type":"ListItem","position":4,"name":"Zongora \u00e9s patkol\u00e1stan"}]},{"@type":"WebSite","@id":"https:\/\/univet.hu\/konyvtar\/#website","url":"https:\/\/univet.hu\/konyvtar\/","name":"Hut\u00ffra Ferenc K\u00f6nyvt\u00e1r, Lev\u00e9lt\u00e1r \u00e9s M\u00fazeum","description":"","potentialAction":[{"@type":"SearchAction","target":{"@type":"EntryPoint","urlTemplate":"https:\/\/univet.hu\/konyvtar\/?s={search_term_string}"},"query-input":{"@type":"PropertyValueSpecification","valueRequired":true,"valueName":"search_term_string"}}],"inLanguage":"hu"}]}},"_links":{"self":[{"href":"https:\/\/univet.hu\/konyvtar\/wp-json\/wp\/v2\/pages\/334","targetHints":{"allow":["GET"]}}],"collection":[{"href":"https:\/\/univet.hu\/konyvtar\/wp-json\/wp\/v2\/pages"}],"about":[{"href":"https:\/\/univet.hu\/konyvtar\/wp-json\/wp\/v2\/types\/page"}],"author":[{"embeddable":true,"href":"https:\/\/univet.hu\/konyvtar\/wp-json\/wp\/v2\/users\/4333"}],"replies":[{"embeddable":true,"href":"https:\/\/univet.hu\/konyvtar\/wp-json\/wp\/v2\/comments?post=334"}],"version-history":[{"count":1,"href":"https:\/\/univet.hu\/konyvtar\/wp-json\/wp\/v2\/pages\/334\/revisions"}],"predecessor-version":[{"id":335,"href":"https:\/\/univet.hu\/konyvtar\/wp-json\/wp\/v2\/pages\/334\/revisions\/335"}],"up":[{"embeddable":true,"href":"https:\/\/univet.hu\/konyvtar\/wp-json\/wp\/v2\/pages\/281"}],"wp:attachment":[{"href":"https:\/\/univet.hu\/konyvtar\/wp-json\/wp\/v2\/media?parent=334"}],"wp:term":[{"taxonomy":"category","embeddable":true,"href":"https:\/\/univet.hu\/konyvtar\/wp-json\/wp\/v2\/categories?post=334"},{"taxonomy":"post_tag","embeddable":true,"href":"https:\/\/univet.hu\/konyvtar\/wp-json\/wp\/v2\/tags?post=334"}],"curies":[{"name":"wp","href":"https:\/\/api.w.org\/{rel}","templated":true}]}}