{"id":337,"date":"2025-07-09T15:24:20","date_gmt":"2025-07-09T13:24:20","guid":{"rendered":"https:\/\/univet.hu\/konyvtar\/?page_id=337"},"modified":"2026-01-12T13:54:52","modified_gmt":"2026-01-12T12:54:52","slug":"kiallitas-2011","status":"publish","type":"page","link":"https:\/\/univet.hu\/konyvtar\/muzeum\/kiallitas-archivum\/kiallitas-2011\/","title":{"rendered":"Mit adott a magyar \u00e1llatorvos-tudom\u00e1ny a vil\u00e1gnak?"},"content":{"rendered":"<ul> <li><a href=\"https:\/\/univet.hu\/konyvtar\/wp-content\/uploads\/sites\/17\/2025\/07\/mikrobi.pdf\">A mikrobiol\u00f3gia nagyjai \u00e9s a Magyar kir\u00e1lyi \u00c1llami Bakteriol\u00f3giai Int\u00e9zet<\/a><\/li> <li><a href=\"https:\/\/univet.hu\/konyvtar\/wp-content\/uploads\/sites\/17\/2025\/07\/felfedezok_ujitok.pdf\">Felfedez\u0151k \u00e9s \u00faj\u00edt\u00f3k<\/a><\/li> <li>Hut\u00ffra Ferenc \u00e9s Marek J\u00f3zsef munk\u00e1ss\u00e1ga<\/li> <li><a href=\"https:\/\/univet.hu\/konyvtar\/wp-content\/uploads\/sites\/17\/2025\/07\/nemzetkozi_bemutatkozas.pdf\">Nemzetk\u00f6zi bemutatkoz\u00e1s (P\u00e1rizsi vil\u00e1gki\u00e1ll\u00edt\u00e1s, 1900)<\/a><\/li> <li><a href=\"https:\/\/univet.hu\/konyvtar\/?attachment_id=347\">Mesterek \u00e9s tan\u00edtv\u00e1nyok<\/a><\/li> <\/ul> <div>\u00c1llatorvos-tudom\u00e1nyr\u00f3l Magyarorsz\u00e1gon a mindm\u00e1ig egyetlen \u00e1llatorvosi tanint\u00e9zet alap\u00edt\u00e1s\u00e1t\u00f3l, 1787-t\u0151l kezdve besz\u00e9lhet\u00fcnk. Amikor az iskolaalap\u00edt\u00f3 Tolnay S\u00e1ndor tanulm\u00e1nyait befejezv\u00e9n B\u00e9csb\u0151l hazat\u00e9rt, mag\u00e1val hozta mestere, Wolstein m\u0171veit, \u00e9s ezek leford\u00edt\u00e1s\u00e1val megteremtette a magyar \u00e1llatorvosi szaknyelvet.<\/div> <div>Az \u00e1llatorvosk\u00e9pz\u00e9s \u00e9s az \u00e1llateg\u00e9szs\u00e9g\u00fcgy haz\u00e1nkban szoros egys\u00e9gben fejl\u0151d\u00f6tt. Zlam\u00e1l Vilmos, az \u00e1llatgy\u00f3gy\u00e1szati tansz\u00e9k \u00e9s \u00e1llatgy\u00f3gyint\u00e9zet professzora lett az els\u0151 \u201eorsz\u00e1gos f\u0151\u00e1llatorvos\u201d (\u201eregni veterinarius\u201d, 1838), \u00e9s ut\u00f3dai is nagy szerepet v\u00e1llaltak a hazai \u00e1llatorvosi ell\u00e1t\u00e1s tudom\u00e1nyos megalapoz\u00e1s\u00e1ban, az akkor puszt\u00edt\u00f3 \u00e1llatj\u00e1rv\u00e1nyok visszaszor\u00edt\u00e1s\u00e1ban, a hat\u00e9kony \u00e1llat-eg\u00e9szs\u00e9g\u00fcgyi \u00e9s \u00e9lelmiszer-ellen\u0151rz\u0151 szervezet kialak\u00edt\u00e1s\u00e1ban, a sz\u00fcks\u00e9ges jogi h\u00e1tt\u00e9r megteremt\u00e9s\u00e9ben.<\/div> <div>Az \u00e1llatbetegs\u00e9gek \u00e9s -j\u00e1rv\u00e1nyok lek\u00fczd\u00e9s\u00e9nek m\u00e1r a 19. sz\u00e1zadban nagy gazdas\u00e1gi jelent\u0151s\u00e9ge volt, \u00e9s a betegs\u00e9gekt\u0151l val\u00f3 mentess\u00e9g a mai napig komoly versenyel\u0151nyt jelent a piac\u00e9rt k\u00fczd\u0151 gazdas\u00e1goknak. Az \u00e1llatorvosokat mindig inspir\u00e1l\u00f3 orvostudom\u00e1ny fejl\u0151d\u00e9s\u00e9ben \u00faj korszakot nyitott az 1800-as \u00e9vek m\u00e1sodik fel\u00e9ben a mikrobiol\u00f3giai felfedez\u00e9sek sorozata. Az egym\u00e1s ut\u00e1n jelentkez\u0151 neh\u00e9zs\u00e9gek \u00e9s az ezek lek\u00fczd\u00e9s\u00e9re alkalmas tudom\u00e1nyos eredm\u00e9nyek a M. kir. \u00c1llatorvosi Tanint\u00e9zet, Akad\u00e9mia majd F\u0151iskola elk\u00f6telezett \u00e9s kiv\u00e1l\u00f3 tehets\u00e9g\u0171 professzorait kimagasl\u00f3 teljes\u00edtm\u00e9nyekre \u00f6szt\u00f6n\u00f6zt\u00e9k, amelyek vil\u00e1gsz\u00ednvonalra emelt\u00e9k a hazai \u00e1llatorvos-tudom\u00e1nyt \u00e9s \u00e1llateg\u00e9szs\u00e9g\u00fcgyet. Kiemelkedik k\u00f6z\u00fcl\u00fck Hutyra Ferenc, a korszakot meghat\u00e1roz\u00f3 egy\u00e9nis\u00e9g, koncepci\u00f3zus szervez\u0151 \u00e9s Marek J\u00f3zsef az invenci\u00f3zus tud\u00f3s.<\/div> <div>A tud\u00f3s hazai \u00e1llatorvosok eredm\u00e9nyeinek legkoncentr\u00e1ltabb bemutat\u00e1s\u00e1ra a 19-20. sz\u00e1zad fordul\u00f3j\u00e1n ker\u00fclt sor ki\u00e1ll\u00edt\u00e1sokon, konferenci\u00e1kon. Az ezekre \u00e9p\u00fcl\u0151 felfedez\u00e9sek, \u00faj\u00edt\u00e1sok, betegs\u00e9gek, bakt\u00e9riumok, v\u00edrusok, elj\u00e1r\u00e1sok, gy\u00f3gyszerek \u00e9s eszk\u00f6z\u00f6k m\u00e1ig az \u0151 nev\u00fcket viselik, \u00e9s ezek tett\u00e9k vil\u00e1gszerte ismertt\u00e9 a hazai \u00e1llatorvos-tudom\u00e1nyt. Nem elhanyagolhat\u00f3 az a szellemi \u201ev\u00e9rkering\u00e9s\u201d sem, amelynek az \u00e1llatorvosi tanint\u00e9zet mindig is r\u00e9szese volt. Professzoraink j\u00e1rt\u00e1k \u00e9s j\u00e1rj\u00e1k a vil\u00e1got, be\u00e9p\u00edtik k\u00fclf\u00f6ldi tapasztalataikat a k\u00e9pz\u00e9sbe, nemzetk\u00f6zi kutat\u00e1si programokban vesznek r\u00e9szt. Hallgat\u00f3ink is j\u00e1rj\u00e1k a vil\u00e1got, vagy \u00e9ppen m\u00e1s orsz\u00e1gokb\u00f3l \u00e9rkeznek, s oda t\u00e9rnek vissza magukkal v\u00edve l\u00e1thatatlan \u00fatraval\u00f3k\u00e9nt 225 \u00e9v tapasztalatait \u00e9s tud\u00e1s\u00e1t.<\/div> <div>Ismerkedj\u00fcnk meg alaposabban a hazai \u00e1llatorvos-tudom\u00e1ny nemzetk\u00f6zi jelent\u0151s\u00e9g\u0171 eredm\u00e9nyeivel!<\/div> <div>Ki\u00e1ll\u00edt\u00e1sunkkal az \u00c1llatorvosok \u00c9v\u00e9t \u00fcnnepelj\u00fck Ki\u00e1ll\u00edt\u00e1sunkkal a magyar \u00e1llatorvosk\u00e9pz\u00e9s 225. \u00e9vfordul\u00f3j\u00e1t k\u00f6sz\u00f6ntj\u00fck!<\/div> <div>A ki\u00e1ll\u00edt\u00e1s l\u00e9trehoz\u00e1s\u00e1ban k\u00f6zrem\u0171k\u00f6dtek:<\/div> <ul> <li>Dr. Bakonyi Tam\u00e1s<\/li> <li>Dr. Ball\u00e1sch Alajos<\/li> <li>Dr. Fekete S\u00e1ndor<\/li> <li>Dr. Fodor L\u00e1szl\u00f3<\/li> <li>Dr. Hull\u00e1r Istv\u00e1n<\/li> <li>Dr. Izing Simon<\/li> <li>Juh\u00e1sz D\u00e1vid<\/li> <li>Dr. K\u00f3tai Istv\u00e1n<\/li> <li>Dr. Majoros G\u00e1bor<\/li> <li>Dr. M\u00e1ndoki M\u00edra<\/li> <li>N\u00e9gyesi Barbara<\/li> <li>Dr. Per\u00e9nyi J\u00e1nos<\/li> <li>Dr. Per\u00e9nyin\u00e9 Dob\u00f3v\u00e1ri Judit<\/li> <li>Siba L\u00e1szl\u00f3<\/li> <li>Dr. S\u00f3tonyi P\u00e9ter<\/li> <li>Szab\u00e1ra L\u00e1szl\u00f3<\/li> <li>Dr. Szenci Ott\u00f3<\/li> <li>Szlat\u00e9nyi Magdolna<\/li> <li>Dr. Vet\u00e9si Ferenc<\/li> <li>Dr. V\u00f6r\u00f6s K\u00e1roly<\/li> <\/ul> <p>A ki\u00e1ll\u00edt\u00e1s kur\u00e1tora: Orb\u00e1n \u00c9va<\/p> <p>2011. okt\u00f3ber 16.<\/p> <p><a href=\"https:\/\/univet.hu\/konyvtar\/mit-adott-a-magyar-allatorvos-tudomany-a-vilagnak\/225-1024x512\/\" rel=\"attachment wp-att-350\"><img loading=\"lazy\" decoding=\"async\" class=\"aligncenter wp-image-350 size-full\" src=\"https:\/\/univet.hu\/konyvtar\/wp-content\/uploads\/sites\/17\/2025\/07\/225-1024x512-1.jpg\" alt=\"\" width=\"1024\" height=\"512\" srcset=\"https:\/\/univet.hu\/konyvtar\/wp-content\/uploads\/sites\/17\/2025\/07\/225-1024x512-1.jpg 1024w, https:\/\/univet.hu\/konyvtar\/wp-content\/uploads\/sites\/17\/2025\/07\/225-1024x512-1-300x150.jpg 300w, https:\/\/univet.hu\/konyvtar\/wp-content\/uploads\/sites\/17\/2025\/07\/225-1024x512-1-768x384.jpg 768w, https:\/\/univet.hu\/konyvtar\/wp-content\/uploads\/sites\/17\/2025\/07\/225-1024x512-1-440x220.jpg 440w\" sizes=\"auto, (max-width: 1024px) 100vw, 1024px\" \/><\/a><\/p>","protected":false},"excerpt":{"rendered":"<p>A mikrobiol\u00f3gia nagyjai \u00e9s a Magyar kir\u00e1lyi \u00c1llami Bakteriol\u00f3giai Int\u00e9zet Felfedez\u0151k \u00e9s \u00faj\u00edt\u00f3k Hut\u00ffra Ferenc \u00e9s Marek J\u00f3zsef munk\u00e1ss\u00e1ga Nemzetk\u00f6zi bemutatkoz\u00e1s (P\u00e1rizsi vil\u00e1gki\u00e1ll\u00edt\u00e1s, 1900) Mesterek \u00e9s tan\u00edtv\u00e1nyok \u00c1llatorvos-tudom\u00e1nyr\u00f3l Magyarorsz\u00e1gon a mindm\u00e1ig egyetlen \u00e1llatorvosi tanint\u00e9zet alap\u00edt\u00e1s\u00e1t\u00f3l, 1787-t\u0151l kezdve besz\u00e9lhet\u00fcnk. Amikor az iskolaalap\u00edt\u00f3 Tolnay S\u00e1ndor tanulm\u00e1nyait befejezv\u00e9n B\u00e9csb\u0151l hazat\u00e9rt, mag\u00e1val hozta mestere, Wolstein m\u0171veit, \u00e9s ezek leford\u00edt\u00e1s\u00e1val<\/p>\n","protected":false},"author":4333,"featured_media":0,"parent":281,"menu_order":0,"comment_status":"closed","ping_status":"closed","template":"","meta":{"_acf_changed":false,"_eb_attr":"","footnotes":""},"categories":[21],"tags":[],"class_list":["post-337","page","type-page","status-publish","hentry","category-muzeum"],"acf":[],"yoast_head":"<!-- This site is optimized with the Yoast SEO plugin v27.2 - https:\/\/yoast.com\/product\/yoast-seo-wordpress\/ -->\n<title>Mit adott a magyar \u00e1llatorvos-tudom\u00e1ny a vil\u00e1gnak? - Hut\u00ffra Ferenc K\u00f6nyvt\u00e1r, Lev\u00e9lt\u00e1r \u00e9s M\u00fazeum<\/title>\n<meta name=\"robots\" content=\"index, follow, max-snippet:-1, max-image-preview:large, max-video-preview:-1\" \/>\n<link rel=\"canonical\" href=\"https:\/\/univet.hu\/konyvtar\/muzeum\/kiallitas-archivum\/kiallitas-2011\/\" \/>\n<meta property=\"og:locale\" content=\"hu_HU\" \/>\n<meta property=\"og:type\" content=\"article\" \/>\n<meta property=\"og:title\" content=\"Mit adott a magyar \u00e1llatorvos-tudom\u00e1ny a vil\u00e1gnak? - Hut\u00ffra Ferenc K\u00f6nyvt\u00e1r, Lev\u00e9lt\u00e1r \u00e9s M\u00fazeum\" \/>\n<meta property=\"og:description\" content=\"A mikrobiol\u00f3gia nagyjai \u00e9s a Magyar kir\u00e1lyi \u00c1llami Bakteriol\u00f3giai Int\u00e9zet Felfedez\u0151k \u00e9s \u00faj\u00edt\u00f3k Hut\u00ffra Ferenc \u00e9s Marek J\u00f3zsef munk\u00e1ss\u00e1ga Nemzetk\u00f6zi bemutatkoz\u00e1s (P\u00e1rizsi vil\u00e1gki\u00e1ll\u00edt\u00e1s, 1900) Mesterek \u00e9s tan\u00edtv\u00e1nyok \u00c1llatorvos-tudom\u00e1nyr\u00f3l Magyarorsz\u00e1gon a mindm\u00e1ig egyetlen \u00e1llatorvosi tanint\u00e9zet alap\u00edt\u00e1s\u00e1t\u00f3l, 1787-t\u0151l kezdve besz\u00e9lhet\u00fcnk. Amikor az iskolaalap\u00edt\u00f3 Tolnay S\u00e1ndor tanulm\u00e1nyait befejezv\u00e9n B\u00e9csb\u0151l hazat\u00e9rt, mag\u00e1val hozta mestere, Wolstein m\u0171veit, \u00e9s ezek leford\u00edt\u00e1s\u00e1val\" \/>\n<meta property=\"og:url\" content=\"https:\/\/univet.hu\/konyvtar\/muzeum\/kiallitas-archivum\/kiallitas-2011\/\" \/>\n<meta property=\"og:site_name\" content=\"Hut\u00ffra Ferenc K\u00f6nyvt\u00e1r, Lev\u00e9lt\u00e1r \u00e9s M\u00fazeum\" \/>\n<meta property=\"article:modified_time\" content=\"2026-01-12T12:54:52+00:00\" \/>\n<meta property=\"og:image\" content=\"https:\/\/univet.hu\/konyvtar\/wp-content\/uploads\/sites\/17\/2025\/07\/225-1024x512-1.jpg\" \/>\n\t<meta property=\"og:image:width\" content=\"1024\" \/>\n\t<meta property=\"og:image:height\" content=\"512\" \/>\n\t<meta property=\"og:image:type\" content=\"image\/jpeg\" \/>\n<meta name=\"twitter:card\" content=\"summary_large_image\" \/>\n<meta name=\"twitter:label1\" content=\"Becs\u00fclt olvas\u00e1si id\u0151\" \/>\n\t<meta name=\"twitter:data1\" content=\"3 perc\" \/>\n<script type=\"application\/ld+json\" class=\"yoast-schema-graph\">{\"@context\":\"https:\/\/schema.org\",\"@graph\":[{\"@type\":\"WebPage\",\"@id\":\"https:\/\/univet.hu\/konyvtar\/muzeum\/kiallitas-archivum\/kiallitas-2011\/\",\"url\":\"https:\/\/univet.hu\/konyvtar\/muzeum\/kiallitas-archivum\/kiallitas-2011\/\",\"name\":\"Mit adott a magyar \u00e1llatorvos-tudom\u00e1ny a vil\u00e1gnak? - Hut\u00ffra Ferenc K\u00f6nyvt\u00e1r, Lev\u00e9lt\u00e1r \u00e9s M\u00fazeum\",\"isPartOf\":{\"@id\":\"https:\/\/univet.hu\/konyvtar\/#website\"},\"primaryImageOfPage\":{\"@id\":\"https:\/\/univet.hu\/konyvtar\/muzeum\/kiallitas-archivum\/kiallitas-2011\/#primaryimage\"},\"image\":{\"@id\":\"https:\/\/univet.hu\/konyvtar\/muzeum\/kiallitas-archivum\/kiallitas-2011\/#primaryimage\"},\"thumbnailUrl\":\"https:\/\/univet.hu\/konyvtar\/wp-content\/uploads\/sites\/17\/2025\/07\/225-1024x512-1.jpg\",\"datePublished\":\"2025-07-09T13:24:20+00:00\",\"dateModified\":\"2026-01-12T12:54:52+00:00\",\"breadcrumb\":{\"@id\":\"https:\/\/univet.hu\/konyvtar\/muzeum\/kiallitas-archivum\/kiallitas-2011\/#breadcrumb\"},\"inLanguage\":\"hu\",\"potentialAction\":[{\"@type\":\"ReadAction\",\"target\":[\"https:\/\/univet.hu\/konyvtar\/muzeum\/kiallitas-archivum\/kiallitas-2011\/\"]}]},{\"@type\":\"ImageObject\",\"inLanguage\":\"hu\",\"@id\":\"https:\/\/univet.hu\/konyvtar\/muzeum\/kiallitas-archivum\/kiallitas-2011\/#primaryimage\",\"url\":\"https:\/\/univet.hu\/konyvtar\/wp-content\/uploads\/sites\/17\/2025\/07\/225-1024x512-1.jpg\",\"contentUrl\":\"https:\/\/univet.hu\/konyvtar\/wp-content\/uploads\/sites\/17\/2025\/07\/225-1024x512-1.jpg\",\"width\":1024,\"height\":512},{\"@type\":\"BreadcrumbList\",\"@id\":\"https:\/\/univet.hu\/konyvtar\/muzeum\/kiallitas-archivum\/kiallitas-2011\/#breadcrumb\",\"itemListElement\":[{\"@type\":\"ListItem\",\"position\":1,\"name\":\"Kezd\u0151lap\",\"item\":\"https:\/\/univet.hu\/konyvtar\/\"},{\"@type\":\"ListItem\",\"position\":2,\"name\":\"M\u00fazeum\",\"item\":\"https:\/\/univet.hu\/konyvtar\/muzeum\/\"},{\"@type\":\"ListItem\",\"position\":3,\"name\":\"Ki\u00e1ll\u00edt\u00e1s arch\u00edvum\",\"item\":\"https:\/\/univet.hu\/konyvtar\/muzeum\/kiallitas-archivum\/\"},{\"@type\":\"ListItem\",\"position\":4,\"name\":\"Mit adott a magyar \u00e1llatorvos-tudom\u00e1ny a vil\u00e1gnak?\"}]},{\"@type\":\"WebSite\",\"@id\":\"https:\/\/univet.hu\/konyvtar\/#website\",\"url\":\"https:\/\/univet.hu\/konyvtar\/\",\"name\":\"Hut\u00ffra Ferenc K\u00f6nyvt\u00e1r, Lev\u00e9lt\u00e1r \u00e9s M\u00fazeum\",\"description\":\"\",\"potentialAction\":[{\"@type\":\"SearchAction\",\"target\":{\"@type\":\"EntryPoint\",\"urlTemplate\":\"https:\/\/univet.hu\/konyvtar\/?s={search_term_string}\"},\"query-input\":{\"@type\":\"PropertyValueSpecification\",\"valueRequired\":true,\"valueName\":\"search_term_string\"}}],\"inLanguage\":\"hu\"}]}<\/script>\n<!-- \/ Yoast SEO plugin. -->","yoast_head_json":{"title":"Mit adott a magyar \u00e1llatorvos-tudom\u00e1ny a vil\u00e1gnak? - Hut\u00ffra Ferenc K\u00f6nyvt\u00e1r, Lev\u00e9lt\u00e1r \u00e9s M\u00fazeum","robots":{"index":"index","follow":"follow","max-snippet":"max-snippet:-1","max-image-preview":"max-image-preview:large","max-video-preview":"max-video-preview:-1"},"canonical":"https:\/\/univet.hu\/konyvtar\/muzeum\/kiallitas-archivum\/kiallitas-2011\/","og_locale":"hu_HU","og_type":"article","og_title":"Mit adott a magyar \u00e1llatorvos-tudom\u00e1ny a vil\u00e1gnak? - Hut\u00ffra Ferenc K\u00f6nyvt\u00e1r, Lev\u00e9lt\u00e1r \u00e9s M\u00fazeum","og_description":"A mikrobiol\u00f3gia nagyjai \u00e9s a Magyar kir\u00e1lyi \u00c1llami Bakteriol\u00f3giai Int\u00e9zet Felfedez\u0151k \u00e9s \u00faj\u00edt\u00f3k Hut\u00ffra Ferenc \u00e9s Marek J\u00f3zsef munk\u00e1ss\u00e1ga Nemzetk\u00f6zi bemutatkoz\u00e1s (P\u00e1rizsi vil\u00e1gki\u00e1ll\u00edt\u00e1s, 1900) Mesterek \u00e9s tan\u00edtv\u00e1nyok \u00c1llatorvos-tudom\u00e1nyr\u00f3l Magyarorsz\u00e1gon a mindm\u00e1ig egyetlen \u00e1llatorvosi tanint\u00e9zet alap\u00edt\u00e1s\u00e1t\u00f3l, 1787-t\u0151l kezdve besz\u00e9lhet\u00fcnk. Amikor az iskolaalap\u00edt\u00f3 Tolnay S\u00e1ndor tanulm\u00e1nyait befejezv\u00e9n B\u00e9csb\u0151l hazat\u00e9rt, mag\u00e1val hozta mestere, Wolstein m\u0171veit, \u00e9s ezek leford\u00edt\u00e1s\u00e1val","og_url":"https:\/\/univet.hu\/konyvtar\/muzeum\/kiallitas-archivum\/kiallitas-2011\/","og_site_name":"Hut\u00ffra Ferenc K\u00f6nyvt\u00e1r, Lev\u00e9lt\u00e1r \u00e9s M\u00fazeum","article_modified_time":"2026-01-12T12:54:52+00:00","og_image":[{"width":1024,"height":512,"url":"https:\/\/univet.hu\/konyvtar\/wp-content\/uploads\/sites\/17\/2025\/07\/225-1024x512-1.jpg","type":"image\/jpeg"}],"twitter_card":"summary_large_image","twitter_misc":{"Becs\u00fclt olvas\u00e1si id\u0151":"3 perc"},"schema":{"@context":"https:\/\/schema.org","@graph":[{"@type":"WebPage","@id":"https:\/\/univet.hu\/konyvtar\/muzeum\/kiallitas-archivum\/kiallitas-2011\/","url":"https:\/\/univet.hu\/konyvtar\/muzeum\/kiallitas-archivum\/kiallitas-2011\/","name":"Mit adott a magyar \u00e1llatorvos-tudom\u00e1ny a vil\u00e1gnak? - Hut\u00ffra Ferenc K\u00f6nyvt\u00e1r, Lev\u00e9lt\u00e1r \u00e9s M\u00fazeum","isPartOf":{"@id":"https:\/\/univet.hu\/konyvtar\/#website"},"primaryImageOfPage":{"@id":"https:\/\/univet.hu\/konyvtar\/muzeum\/kiallitas-archivum\/kiallitas-2011\/#primaryimage"},"image":{"@id":"https:\/\/univet.hu\/konyvtar\/muzeum\/kiallitas-archivum\/kiallitas-2011\/#primaryimage"},"thumbnailUrl":"https:\/\/univet.hu\/konyvtar\/wp-content\/uploads\/sites\/17\/2025\/07\/225-1024x512-1.jpg","datePublished":"2025-07-09T13:24:20+00:00","dateModified":"2026-01-12T12:54:52+00:00","breadcrumb":{"@id":"https:\/\/univet.hu\/konyvtar\/muzeum\/kiallitas-archivum\/kiallitas-2011\/#breadcrumb"},"inLanguage":"hu","potentialAction":[{"@type":"ReadAction","target":["https:\/\/univet.hu\/konyvtar\/muzeum\/kiallitas-archivum\/kiallitas-2011\/"]}]},{"@type":"ImageObject","inLanguage":"hu","@id":"https:\/\/univet.hu\/konyvtar\/muzeum\/kiallitas-archivum\/kiallitas-2011\/#primaryimage","url":"https:\/\/univet.hu\/konyvtar\/wp-content\/uploads\/sites\/17\/2025\/07\/225-1024x512-1.jpg","contentUrl":"https:\/\/univet.hu\/konyvtar\/wp-content\/uploads\/sites\/17\/2025\/07\/225-1024x512-1.jpg","width":1024,"height":512},{"@type":"BreadcrumbList","@id":"https:\/\/univet.hu\/konyvtar\/muzeum\/kiallitas-archivum\/kiallitas-2011\/#breadcrumb","itemListElement":[{"@type":"ListItem","position":1,"name":"Kezd\u0151lap","item":"https:\/\/univet.hu\/konyvtar\/"},{"@type":"ListItem","position":2,"name":"M\u00fazeum","item":"https:\/\/univet.hu\/konyvtar\/muzeum\/"},{"@type":"ListItem","position":3,"name":"Ki\u00e1ll\u00edt\u00e1s arch\u00edvum","item":"https:\/\/univet.hu\/konyvtar\/muzeum\/kiallitas-archivum\/"},{"@type":"ListItem","position":4,"name":"Mit adott a magyar \u00e1llatorvos-tudom\u00e1ny a vil\u00e1gnak?"}]},{"@type":"WebSite","@id":"https:\/\/univet.hu\/konyvtar\/#website","url":"https:\/\/univet.hu\/konyvtar\/","name":"Hut\u00ffra Ferenc K\u00f6nyvt\u00e1r, Lev\u00e9lt\u00e1r \u00e9s M\u00fazeum","description":"","potentialAction":[{"@type":"SearchAction","target":{"@type":"EntryPoint","urlTemplate":"https:\/\/univet.hu\/konyvtar\/?s={search_term_string}"},"query-input":{"@type":"PropertyValueSpecification","valueRequired":true,"valueName":"search_term_string"}}],"inLanguage":"hu"}]}},"_links":{"self":[{"href":"https:\/\/univet.hu\/konyvtar\/wp-json\/wp\/v2\/pages\/337","targetHints":{"allow":["GET"]}}],"collection":[{"href":"https:\/\/univet.hu\/konyvtar\/wp-json\/wp\/v2\/pages"}],"about":[{"href":"https:\/\/univet.hu\/konyvtar\/wp-json\/wp\/v2\/types\/page"}],"author":[{"embeddable":true,"href":"https:\/\/univet.hu\/konyvtar\/wp-json\/wp\/v2\/users\/4333"}],"replies":[{"embeddable":true,"href":"https:\/\/univet.hu\/konyvtar\/wp-json\/wp\/v2\/comments?post=337"}],"version-history":[{"count":2,"href":"https:\/\/univet.hu\/konyvtar\/wp-json\/wp\/v2\/pages\/337\/revisions"}],"predecessor-version":[{"id":354,"href":"https:\/\/univet.hu\/konyvtar\/wp-json\/wp\/v2\/pages\/337\/revisions\/354"}],"up":[{"embeddable":true,"href":"https:\/\/univet.hu\/konyvtar\/wp-json\/wp\/v2\/pages\/281"}],"wp:attachment":[{"href":"https:\/\/univet.hu\/konyvtar\/wp-json\/wp\/v2\/media?parent=337"}],"wp:term":[{"taxonomy":"category","embeddable":true,"href":"https:\/\/univet.hu\/konyvtar\/wp-json\/wp\/v2\/categories?post=337"},{"taxonomy":"post_tag","embeddable":true,"href":"https:\/\/univet.hu\/konyvtar\/wp-json\/wp\/v2\/tags?post=337"}],"curies":[{"name":"wp","href":"https:\/\/api.w.org\/{rel}","templated":true}]}}