{"id":355,"date":"2025-07-09T15:27:16","date_gmt":"2025-07-09T13:27:16","guid":{"rendered":"https:\/\/univet.hu\/konyvtar\/?page_id=355"},"modified":"2026-01-12T13:54:52","modified_gmt":"2026-01-12T12:54:52","slug":"muzeumok-majalisa-2014","status":"publish","type":"page","link":"https:\/\/univet.hu\/konyvtar\/muzeum\/kiallitas-archivum\/muzeumok-majalisa-2014\/","title":{"rendered":"M\u00fazeumok Maj\u00e1lisa 2014. m\u00e1jus 17."},"content":{"rendered":"<div><strong>L\u00f3doktorok P\u00e1rizst\u00f3l Isonz\u00f3ig<\/strong><\/div> <div><\/div> <p>Az \u00c1llatorvos-t\u00f6rt\u00e9neti Gy\u0171jtem\u00e9ny az \u00e1llatorvos-t\u00f6rt\u00e9nelemnek egy dics\u0151s\u00e9ges \u00e9s egy keserves korszak\u00e1t mutatja be. A 19. sz\u00e1zad v\u00e9g\u00e9re a puszt\u00edt\u00f3 keleti marhav\u00e9sz megf\u00e9kez\u00e9s\u00e9vel az \u00e1llatorvosok komoly t\u00e1rsadalmi megbecs\u00fcl\u00e9st v\u00edvtak ki maguknak. 1881-ben \u00f6n\u00e1ll\u00f3 \u00e9p\u00fcletegy\u00fcttest kapott az \u00e1llatorvosi tanint\u00e9zet, amely 1896-ban az Ezred\u00e9ves Orsz\u00e1gos Ki\u00e1ll\u00edt\u00e1son, majd 1900-ban a p\u00e1rizsi vil\u00e1gki\u00e1ll\u00edt\u00e1son is nagy sikerrel szerepelt. A mez\u0151gazdas\u00e1gi pavilont a M. kir. \u00c1llatorvosi F\u0151iskola rektora, Hut\u00ffra Ferenc szervezte. Az \u00e1llat-eg\u00e9szs\u00e9g\u00fcgyi \u00e9s \u00e1llatorvosi eredm\u00e9nyeket a f\u0151iskola oktat\u00f3i mutatt\u00e1k be, akik k\u00f6z\u00fcl t\u00f6bben elnyert\u00e9k a ki\u00e1ll\u00edt\u00e1s arany- \u00e9s ez\u00fcst \u00e9rmeit.<\/p> <div>A p\u00e1rizsi f\u00e9nyeket azonban hamar felv\u00e1ltott\u00e1k az I. vil\u00e1gh\u00e1bor\u00fa komor \u00e9vei \u00e9s szenved\u00e9sei, amelyekben a katon\u00e1k osztoztak az \u0151ket k\u00eds\u00e9r\u0151, szolg\u00e1l\u00f3 lovakkal. Bemutatjuk a frontszolg\u00e1latos \u00e1llatorvosok munk\u00e1j\u00e1t, a lovak megpr\u00f3b\u00e1ltat\u00e1sait \u00e9s a h\u00e1bor\u00fa \u00e1llat-eg\u00e9szs\u00e9g\u00fcgyi k\u00f6vetkezm\u00e9nyeit.<\/div> <div>A k\u00e9pek \u00e9s a dokumentumok mellett a l\u00e1togathat\u00f3k megismerkedhetnek a hatalmas l\u00f3csontokkal, kipr\u00f3b\u00e1lhatj\u00e1k a l\u00f3gy\u00f3gy\u00e1szat eszk\u00f6zeit: a sz\u00e1jterpeszt\u0151t, fogreszel\u0151t, fogh\u00faz\u00f3t, patakutat\u00f3t \u00e9s megismerhetik a gy\u00f3gypatk\u00f3kat. Az ifjabb koroszt\u00e1ly lovas kifest\u0151vel, kirak\u00f3val sz\u00f3rakozhat, s akinek kedve van elm\u00e9lyedni az inform\u00e1ci\u00f3kban, rejtv\u00e9nyt is fejthet majd.<\/div> <div><\/div> <div> <p><iframe loading=\"lazy\" title=\"M\u00fazeumok Maj\u00e1lis\u00e1n 2014\" width=\"1280\" height=\"960\" src=\"https:\/\/www.youtube.com\/embed\/g6YmdlHTb2c?feature=oembed\" frameborder=\"0\" allow=\"accelerometer; autoplay; clipboard-write; encrypted-media; gyroscope; picture-in-picture; web-share\" referrerpolicy=\"strict-origin-when-cross-origin\" allowfullscreen><\/iframe><\/p> <\/div>","protected":false},"excerpt":{"rendered":"<p>L\u00f3doktorok P\u00e1rizst\u00f3l Isonz\u00f3ig Az \u00c1llatorvos-t\u00f6rt\u00e9neti Gy\u0171jtem\u00e9ny az \u00e1llatorvos-t\u00f6rt\u00e9nelemnek egy dics\u0151s\u00e9ges \u00e9s egy keserves korszak\u00e1t mutatja be. A 19. sz\u00e1zad v\u00e9g\u00e9re a puszt\u00edt\u00f3 keleti marhav\u00e9sz megf\u00e9kez\u00e9s\u00e9vel az \u00e1llatorvosok komoly t\u00e1rsadalmi megbecs\u00fcl\u00e9st v\u00edvtak ki maguknak. 1881-ben \u00f6n\u00e1ll\u00f3 \u00e9p\u00fcletegy\u00fcttest kapott az \u00e1llatorvosi tanint\u00e9zet, amely 1896-ban az Ezred\u00e9ves Orsz\u00e1gos Ki\u00e1ll\u00edt\u00e1son, majd 1900-ban a p\u00e1rizsi vil\u00e1gki\u00e1ll\u00edt\u00e1son is nagy sikerrel szerepelt.<\/p>\n","protected":false},"author":4333,"featured_media":0,"parent":281,"menu_order":0,"comment_status":"closed","ping_status":"closed","template":"","meta":{"_acf_changed":false,"_eb_attr":"","footnotes":""},"categories":[21],"tags":[],"class_list":["post-355","page","type-page","status-publish","hentry","category-muzeum"],"acf":[],"yoast_head":"<!-- This site is optimized with the Yoast SEO plugin v27.2 - https:\/\/yoast.com\/product\/yoast-seo-wordpress\/ -->\n<title>M\u00fazeumok Maj\u00e1lisa 2014. m\u00e1jus 17. - Hut\u00ffra Ferenc K\u00f6nyvt\u00e1r, Lev\u00e9lt\u00e1r \u00e9s M\u00fazeum<\/title>\n<meta name=\"robots\" content=\"index, follow, max-snippet:-1, max-image-preview:large, max-video-preview:-1\" \/>\n<link rel=\"canonical\" href=\"https:\/\/univet.hu\/konyvtar\/muzeum\/kiallitas-archivum\/muzeumok-majalisa-2014\/\" \/>\n<meta property=\"og:locale\" content=\"hu_HU\" \/>\n<meta property=\"og:type\" content=\"article\" \/>\n<meta property=\"og:title\" content=\"M\u00fazeumok Maj\u00e1lisa 2014. m\u00e1jus 17. - Hut\u00ffra Ferenc K\u00f6nyvt\u00e1r, Lev\u00e9lt\u00e1r \u00e9s M\u00fazeum\" \/>\n<meta property=\"og:description\" content=\"L\u00f3doktorok P\u00e1rizst\u00f3l Isonz\u00f3ig Az \u00c1llatorvos-t\u00f6rt\u00e9neti Gy\u0171jtem\u00e9ny az \u00e1llatorvos-t\u00f6rt\u00e9nelemnek egy dics\u0151s\u00e9ges \u00e9s egy keserves korszak\u00e1t mutatja be. A 19. sz\u00e1zad v\u00e9g\u00e9re a puszt\u00edt\u00f3 keleti marhav\u00e9sz megf\u00e9kez\u00e9s\u00e9vel az \u00e1llatorvosok komoly t\u00e1rsadalmi megbecs\u00fcl\u00e9st v\u00edvtak ki maguknak. 1881-ben \u00f6n\u00e1ll\u00f3 \u00e9p\u00fcletegy\u00fcttest kapott az \u00e1llatorvosi tanint\u00e9zet, amely 1896-ban az Ezred\u00e9ves Orsz\u00e1gos Ki\u00e1ll\u00edt\u00e1son, majd 1900-ban a p\u00e1rizsi vil\u00e1gki\u00e1ll\u00edt\u00e1son is nagy sikerrel szerepelt.\" \/>\n<meta property=\"og:url\" content=\"https:\/\/univet.hu\/konyvtar\/muzeum\/kiallitas-archivum\/muzeumok-majalisa-2014\/\" \/>\n<meta property=\"og:site_name\" content=\"Hut\u00ffra Ferenc K\u00f6nyvt\u00e1r, Lev\u00e9lt\u00e1r \u00e9s M\u00fazeum\" \/>\n<meta property=\"article:modified_time\" content=\"2026-01-12T12:54:52+00:00\" \/>\n<meta name=\"twitter:card\" content=\"summary_large_image\" \/>\n<meta name=\"twitter:label1\" content=\"Becs\u00fclt olvas\u00e1si id\u0151\" \/>\n\t<meta name=\"twitter:data1\" content=\"1 perc\" \/>\n<script type=\"application\/ld+json\" class=\"yoast-schema-graph\">{\"@context\":\"https:\/\/schema.org\",\"@graph\":[{\"@type\":\"WebPage\",\"@id\":\"https:\/\/univet.hu\/konyvtar\/muzeum\/kiallitas-archivum\/muzeumok-majalisa-2014\/\",\"url\":\"https:\/\/univet.hu\/konyvtar\/muzeum\/kiallitas-archivum\/muzeumok-majalisa-2014\/\",\"name\":\"M\u00fazeumok Maj\u00e1lisa 2014. m\u00e1jus 17. - Hut\u00ffra Ferenc K\u00f6nyvt\u00e1r, Lev\u00e9lt\u00e1r \u00e9s M\u00fazeum\",\"isPartOf\":{\"@id\":\"https:\/\/univet.hu\/konyvtar\/#website\"},\"datePublished\":\"2025-07-09T13:27:16+00:00\",\"dateModified\":\"2026-01-12T12:54:52+00:00\",\"breadcrumb\":{\"@id\":\"https:\/\/univet.hu\/konyvtar\/muzeum\/kiallitas-archivum\/muzeumok-majalisa-2014\/#breadcrumb\"},\"inLanguage\":\"hu\",\"potentialAction\":[{\"@type\":\"ReadAction\",\"target\":[\"https:\/\/univet.hu\/konyvtar\/muzeum\/kiallitas-archivum\/muzeumok-majalisa-2014\/\"]}]},{\"@type\":\"BreadcrumbList\",\"@id\":\"https:\/\/univet.hu\/konyvtar\/muzeum\/kiallitas-archivum\/muzeumok-majalisa-2014\/#breadcrumb\",\"itemListElement\":[{\"@type\":\"ListItem\",\"position\":1,\"name\":\"Kezd\u0151lap\",\"item\":\"https:\/\/univet.hu\/konyvtar\/\"},{\"@type\":\"ListItem\",\"position\":2,\"name\":\"M\u00fazeum\",\"item\":\"https:\/\/univet.hu\/konyvtar\/muzeum\/\"},{\"@type\":\"ListItem\",\"position\":3,\"name\":\"Ki\u00e1ll\u00edt\u00e1s arch\u00edvum\",\"item\":\"https:\/\/univet.hu\/konyvtar\/muzeum\/kiallitas-archivum\/\"},{\"@type\":\"ListItem\",\"position\":4,\"name\":\"M\u00fazeumok Maj\u00e1lisa 2014. m\u00e1jus 17.\"}]},{\"@type\":\"WebSite\",\"@id\":\"https:\/\/univet.hu\/konyvtar\/#website\",\"url\":\"https:\/\/univet.hu\/konyvtar\/\",\"name\":\"Hut\u00ffra Ferenc K\u00f6nyvt\u00e1r, Lev\u00e9lt\u00e1r \u00e9s M\u00fazeum\",\"description\":\"\",\"potentialAction\":[{\"@type\":\"SearchAction\",\"target\":{\"@type\":\"EntryPoint\",\"urlTemplate\":\"https:\/\/univet.hu\/konyvtar\/?s={search_term_string}\"},\"query-input\":{\"@type\":\"PropertyValueSpecification\",\"valueRequired\":true,\"valueName\":\"search_term_string\"}}],\"inLanguage\":\"hu\"}]}<\/script>\n<!-- \/ Yoast SEO plugin. -->","yoast_head_json":{"title":"M\u00fazeumok Maj\u00e1lisa 2014. m\u00e1jus 17. - Hut\u00ffra Ferenc K\u00f6nyvt\u00e1r, Lev\u00e9lt\u00e1r \u00e9s M\u00fazeum","robots":{"index":"index","follow":"follow","max-snippet":"max-snippet:-1","max-image-preview":"max-image-preview:large","max-video-preview":"max-video-preview:-1"},"canonical":"https:\/\/univet.hu\/konyvtar\/muzeum\/kiallitas-archivum\/muzeumok-majalisa-2014\/","og_locale":"hu_HU","og_type":"article","og_title":"M\u00fazeumok Maj\u00e1lisa 2014. m\u00e1jus 17. - Hut\u00ffra Ferenc K\u00f6nyvt\u00e1r, Lev\u00e9lt\u00e1r \u00e9s M\u00fazeum","og_description":"L\u00f3doktorok P\u00e1rizst\u00f3l Isonz\u00f3ig Az \u00c1llatorvos-t\u00f6rt\u00e9neti Gy\u0171jtem\u00e9ny az \u00e1llatorvos-t\u00f6rt\u00e9nelemnek egy dics\u0151s\u00e9ges \u00e9s egy keserves korszak\u00e1t mutatja be. A 19. sz\u00e1zad v\u00e9g\u00e9re a puszt\u00edt\u00f3 keleti marhav\u00e9sz megf\u00e9kez\u00e9s\u00e9vel az \u00e1llatorvosok komoly t\u00e1rsadalmi megbecs\u00fcl\u00e9st v\u00edvtak ki maguknak. 1881-ben \u00f6n\u00e1ll\u00f3 \u00e9p\u00fcletegy\u00fcttest kapott az \u00e1llatorvosi tanint\u00e9zet, amely 1896-ban az Ezred\u00e9ves Orsz\u00e1gos Ki\u00e1ll\u00edt\u00e1son, majd 1900-ban a p\u00e1rizsi vil\u00e1gki\u00e1ll\u00edt\u00e1son is nagy sikerrel szerepelt.","og_url":"https:\/\/univet.hu\/konyvtar\/muzeum\/kiallitas-archivum\/muzeumok-majalisa-2014\/","og_site_name":"Hut\u00ffra Ferenc K\u00f6nyvt\u00e1r, Lev\u00e9lt\u00e1r \u00e9s M\u00fazeum","article_modified_time":"2026-01-12T12:54:52+00:00","twitter_card":"summary_large_image","twitter_misc":{"Becs\u00fclt olvas\u00e1si id\u0151":"1 perc"},"schema":{"@context":"https:\/\/schema.org","@graph":[{"@type":"WebPage","@id":"https:\/\/univet.hu\/konyvtar\/muzeum\/kiallitas-archivum\/muzeumok-majalisa-2014\/","url":"https:\/\/univet.hu\/konyvtar\/muzeum\/kiallitas-archivum\/muzeumok-majalisa-2014\/","name":"M\u00fazeumok Maj\u00e1lisa 2014. m\u00e1jus 17. - Hut\u00ffra Ferenc K\u00f6nyvt\u00e1r, Lev\u00e9lt\u00e1r \u00e9s M\u00fazeum","isPartOf":{"@id":"https:\/\/univet.hu\/konyvtar\/#website"},"datePublished":"2025-07-09T13:27:16+00:00","dateModified":"2026-01-12T12:54:52+00:00","breadcrumb":{"@id":"https:\/\/univet.hu\/konyvtar\/muzeum\/kiallitas-archivum\/muzeumok-majalisa-2014\/#breadcrumb"},"inLanguage":"hu","potentialAction":[{"@type":"ReadAction","target":["https:\/\/univet.hu\/konyvtar\/muzeum\/kiallitas-archivum\/muzeumok-majalisa-2014\/"]}]},{"@type":"BreadcrumbList","@id":"https:\/\/univet.hu\/konyvtar\/muzeum\/kiallitas-archivum\/muzeumok-majalisa-2014\/#breadcrumb","itemListElement":[{"@type":"ListItem","position":1,"name":"Kezd\u0151lap","item":"https:\/\/univet.hu\/konyvtar\/"},{"@type":"ListItem","position":2,"name":"M\u00fazeum","item":"https:\/\/univet.hu\/konyvtar\/muzeum\/"},{"@type":"ListItem","position":3,"name":"Ki\u00e1ll\u00edt\u00e1s arch\u00edvum","item":"https:\/\/univet.hu\/konyvtar\/muzeum\/kiallitas-archivum\/"},{"@type":"ListItem","position":4,"name":"M\u00fazeumok Maj\u00e1lisa 2014. m\u00e1jus 17."}]},{"@type":"WebSite","@id":"https:\/\/univet.hu\/konyvtar\/#website","url":"https:\/\/univet.hu\/konyvtar\/","name":"Hut\u00ffra Ferenc K\u00f6nyvt\u00e1r, Lev\u00e9lt\u00e1r \u00e9s M\u00fazeum","description":"","potentialAction":[{"@type":"SearchAction","target":{"@type":"EntryPoint","urlTemplate":"https:\/\/univet.hu\/konyvtar\/?s={search_term_string}"},"query-input":{"@type":"PropertyValueSpecification","valueRequired":true,"valueName":"search_term_string"}}],"inLanguage":"hu"}]}},"_links":{"self":[{"href":"https:\/\/univet.hu\/konyvtar\/wp-json\/wp\/v2\/pages\/355","targetHints":{"allow":["GET"]}}],"collection":[{"href":"https:\/\/univet.hu\/konyvtar\/wp-json\/wp\/v2\/pages"}],"about":[{"href":"https:\/\/univet.hu\/konyvtar\/wp-json\/wp\/v2\/types\/page"}],"author":[{"embeddable":true,"href":"https:\/\/univet.hu\/konyvtar\/wp-json\/wp\/v2\/users\/4333"}],"replies":[{"embeddable":true,"href":"https:\/\/univet.hu\/konyvtar\/wp-json\/wp\/v2\/comments?post=355"}],"version-history":[{"count":4,"href":"https:\/\/univet.hu\/konyvtar\/wp-json\/wp\/v2\/pages\/355\/revisions"}],"predecessor-version":[{"id":370,"href":"https:\/\/univet.hu\/konyvtar\/wp-json\/wp\/v2\/pages\/355\/revisions\/370"}],"up":[{"embeddable":true,"href":"https:\/\/univet.hu\/konyvtar\/wp-json\/wp\/v2\/pages\/281"}],"wp:attachment":[{"href":"https:\/\/univet.hu\/konyvtar\/wp-json\/wp\/v2\/media?parent=355"}],"wp:term":[{"taxonomy":"category","embeddable":true,"href":"https:\/\/univet.hu\/konyvtar\/wp-json\/wp\/v2\/categories?post=355"},{"taxonomy":"post_tag","embeddable":true,"href":"https:\/\/univet.hu\/konyvtar\/wp-json\/wp\/v2\/tags?post=355"}],"curies":[{"name":"wp","href":"https:\/\/api.w.org\/{rel}","templated":true}]}}