{"id":364,"date":"2025-07-09T15:46:02","date_gmt":"2025-07-09T13:46:02","guid":{"rendered":"https:\/\/univet.hu\/konyvtar\/?page_id=364"},"modified":"2026-01-12T13:54:52","modified_gmt":"2026-01-12T12:54:52","slug":"muzeumok-majalisa-2016","status":"publish","type":"page","link":"https:\/\/univet.hu\/konyvtar\/muzeum\/kiallitas-archivum\/muzeumok-majalisa-2016\/","title":{"rendered":"M\u00fazeumok Maj\u00e1lisa 2016. m\u00e1jus 21-22."},"content":{"rendered":"<div class=\"page-header\"> <h4><strong>21. M\u00fazeumok Maj\u00e1lisa,\u00a0M\u00fazeumkert<\/strong><\/h4> <\/div> <div> <p><strong>Tudom\u00e1ny \u00e9s m\u0171v\u00e9szet az \u00e1llatorvosok szalonj\u00e1ban<\/strong><\/p> <div>Dr. Varga Ferenc (1835\u20131908), \u00e1llatorvosi tanint\u00e9zeti igazgat\u00f3 r\u00e1kospalotai vill\u00e1j\u00e1ban sz\u00e1mos alkalommal adott helyt tud\u00f3s besz\u00e9lget\u00e9seknek \u00e9s ked\u00e9lyes h\u00e1zizen\u00e9l\u00e9snek. Ez is szerepet j\u00e1tszhatott az \u00e1llatorvosi k\u00f6z\u00e9let \u00e9s a szakma akkoriban kibontakoz\u00f3 meg\u00fajul\u00e1s\u00e1ban, valamint a n\u00e9pszer\u0171 \u00fcd\u00fcl\u0151hely t\u00e1rsas\u00e1gi \u00e9let\u00e9nek fellend\u00edt\u00e9s\u00e9ben. Nevelt fi\u00e1val, dr. N\u00e1daskay B\u00e9l\u00e1val(1848-1933) megind\u00edtott\u00e1k az els\u0151 magyar \u00e1llatorvosi foly\u00f3iratot, a Veterinariust, \u00e9s l\u00e9trehozt\u00e1k a Magyarorsz\u00e1gi \u00c1llatorvosi Egyletet. N\u00e1daskay kiv\u00e1l\u00f3 anat\u00f3musk\u00e9nt is kamatoztatta soksz\u00edn\u0171 m\u0171v\u00e9szi tehets\u00e9g\u00e9t. M\u00fazeuma d\u00edjnyertes prepar\u00e1tumaiban, anat\u00f3miai szobraiban, festm\u00e9nyeiben ma is gy\u00f6ny\u00f6rk\u00f6dhet\u00fcnk. Emellett zen\u00e9lt \u00e9s korcsoly\u00e1zott is. Varga 1885-ben k\u00e9t \u00edzben Liszt Ferencet is vend\u00e9g\u00fcl l\u00e1tta. L\u00e1nya, Vilma (k\u00e9s\u0151bbi zongoram\u0171v\u00e9sz \u00e9s zenetan\u00e1r) k\u00e9t \u00e9vig Liszt mag\u00e1ntan\u00edtv\u00e1nya \u00e9s a Mester eml\u00e9k\u00e9nek h\u0171s\u00e9ges \u00e1pol\u00f3ja volt. Ezt a szalont mutatjuk be, \u00e9s tud\u00e1spr\u00f3b\u00e1val, sokf\u00e9le j\u00e1t\u00e9kkal v\u00e1rjuk a kedves \u00e9rdekl\u0151d\u0151ket!<\/div> <p>Bemutat\u00f3nk egy kor\u00e1bbi id\u0151szaki ki\u00e1ll\u00edt\u00e1son alapul:\u00a0Zongora \u00e9s patkol\u00e1stan<\/p> <p><iframe loading=\"lazy\" title=\"Tudom\u00e1ny \u00e9s m\u0171v\u00e9szet az \u00e1llatorvosok szalonj\u00e1ban - M\u00fazeumok Maj\u00e1lisa 2016\" width=\"1280\" height=\"960\" src=\"https:\/\/www.youtube.com\/embed\/2PQnG_S4phY?feature=oembed\" frameborder=\"0\" allow=\"accelerometer; autoplay; clipboard-write; encrypted-media; gyroscope; picture-in-picture; web-share\" referrerpolicy=\"strict-origin-when-cross-origin\" allowfullscreen><\/iframe><\/p> <\/div>","protected":false},"excerpt":{"rendered":"<p>21. M\u00fazeumok Maj\u00e1lisa,\u00a0M\u00fazeumkert Tudom\u00e1ny \u00e9s m\u0171v\u00e9szet az \u00e1llatorvosok szalonj\u00e1ban Dr. Varga Ferenc (1835\u20131908), \u00e1llatorvosi tanint\u00e9zeti igazgat\u00f3 r\u00e1kospalotai vill\u00e1j\u00e1ban sz\u00e1mos alkalommal adott helyt tud\u00f3s besz\u00e9lget\u00e9seknek \u00e9s ked\u00e9lyes h\u00e1zizen\u00e9l\u00e9snek. Ez is szerepet j\u00e1tszhatott az \u00e1llatorvosi k\u00f6z\u00e9let \u00e9s a szakma akkoriban kibontakoz\u00f3 meg\u00fajul\u00e1s\u00e1ban, valamint a n\u00e9pszer\u0171 \u00fcd\u00fcl\u0151hely t\u00e1rsas\u00e1gi \u00e9let\u00e9nek fellend\u00edt\u00e9s\u00e9ben. Nevelt fi\u00e1val, dr. N\u00e1daskay B\u00e9l\u00e1val(1848-1933) megind\u00edtott\u00e1k az els\u0151<\/p>\n","protected":false},"author":4333,"featured_media":0,"parent":281,"menu_order":0,"comment_status":"closed","ping_status":"closed","template":"","meta":{"_acf_changed":false,"_eb_attr":"","footnotes":""},"categories":[21],"tags":[],"class_list":["post-364","page","type-page","status-publish","hentry","category-muzeum"],"acf":[],"yoast_head":"<!-- This site is optimized with the Yoast SEO plugin v27.2 - https:\/\/yoast.com\/product\/yoast-seo-wordpress\/ -->\n<title>M\u00fazeumok Maj\u00e1lisa 2016. m\u00e1jus 21-22. - Hut\u00ffra Ferenc K\u00f6nyvt\u00e1r, Lev\u00e9lt\u00e1r \u00e9s M\u00fazeum<\/title>\n<meta name=\"robots\" content=\"index, follow, max-snippet:-1, max-image-preview:large, max-video-preview:-1\" \/>\n<link rel=\"canonical\" href=\"https:\/\/univet.hu\/konyvtar\/muzeum\/kiallitas-archivum\/muzeumok-majalisa-2016\/\" \/>\n<meta property=\"og:locale\" content=\"hu_HU\" \/>\n<meta property=\"og:type\" content=\"article\" \/>\n<meta property=\"og:title\" content=\"M\u00fazeumok Maj\u00e1lisa 2016. m\u00e1jus 21-22. - Hut\u00ffra Ferenc K\u00f6nyvt\u00e1r, Lev\u00e9lt\u00e1r \u00e9s M\u00fazeum\" \/>\n<meta property=\"og:description\" content=\"21. M\u00fazeumok Maj\u00e1lisa,\u00a0M\u00fazeumkert Tudom\u00e1ny \u00e9s m\u0171v\u00e9szet az \u00e1llatorvosok szalonj\u00e1ban Dr. Varga Ferenc (1835\u20131908), \u00e1llatorvosi tanint\u00e9zeti igazgat\u00f3 r\u00e1kospalotai vill\u00e1j\u00e1ban sz\u00e1mos alkalommal adott helyt tud\u00f3s besz\u00e9lget\u00e9seknek \u00e9s ked\u00e9lyes h\u00e1zizen\u00e9l\u00e9snek. Ez is szerepet j\u00e1tszhatott az \u00e1llatorvosi k\u00f6z\u00e9let \u00e9s a szakma akkoriban kibontakoz\u00f3 meg\u00fajul\u00e1s\u00e1ban, valamint a n\u00e9pszer\u0171 \u00fcd\u00fcl\u0151hely t\u00e1rsas\u00e1gi \u00e9let\u00e9nek fellend\u00edt\u00e9s\u00e9ben. Nevelt fi\u00e1val, dr. N\u00e1daskay B\u00e9l\u00e1val(1848-1933) megind\u00edtott\u00e1k az els\u0151\" \/>\n<meta property=\"og:url\" content=\"https:\/\/univet.hu\/konyvtar\/muzeum\/kiallitas-archivum\/muzeumok-majalisa-2016\/\" \/>\n<meta property=\"og:site_name\" content=\"Hut\u00ffra Ferenc K\u00f6nyvt\u00e1r, Lev\u00e9lt\u00e1r \u00e9s M\u00fazeum\" \/>\n<meta property=\"article:modified_time\" content=\"2026-01-12T12:54:52+00:00\" \/>\n<meta name=\"twitter:card\" content=\"summary_large_image\" \/>\n<meta name=\"twitter:label1\" content=\"Becs\u00fclt olvas\u00e1si id\u0151\" \/>\n\t<meta name=\"twitter:data1\" content=\"1 perc\" \/>\n<script type=\"application\/ld+json\" class=\"yoast-schema-graph\">{\"@context\":\"https:\/\/schema.org\",\"@graph\":[{\"@type\":\"WebPage\",\"@id\":\"https:\/\/univet.hu\/konyvtar\/muzeum\/kiallitas-archivum\/muzeumok-majalisa-2016\/\",\"url\":\"https:\/\/univet.hu\/konyvtar\/muzeum\/kiallitas-archivum\/muzeumok-majalisa-2016\/\",\"name\":\"M\u00fazeumok Maj\u00e1lisa 2016. m\u00e1jus 21-22. - Hut\u00ffra Ferenc K\u00f6nyvt\u00e1r, Lev\u00e9lt\u00e1r \u00e9s M\u00fazeum\",\"isPartOf\":{\"@id\":\"https:\/\/univet.hu\/konyvtar\/#website\"},\"datePublished\":\"2025-07-09T13:46:02+00:00\",\"dateModified\":\"2026-01-12T12:54:52+00:00\",\"breadcrumb\":{\"@id\":\"https:\/\/univet.hu\/konyvtar\/muzeum\/kiallitas-archivum\/muzeumok-majalisa-2016\/#breadcrumb\"},\"inLanguage\":\"hu\",\"potentialAction\":[{\"@type\":\"ReadAction\",\"target\":[\"https:\/\/univet.hu\/konyvtar\/muzeum\/kiallitas-archivum\/muzeumok-majalisa-2016\/\"]}]},{\"@type\":\"BreadcrumbList\",\"@id\":\"https:\/\/univet.hu\/konyvtar\/muzeum\/kiallitas-archivum\/muzeumok-majalisa-2016\/#breadcrumb\",\"itemListElement\":[{\"@type\":\"ListItem\",\"position\":1,\"name\":\"Kezd\u0151lap\",\"item\":\"https:\/\/univet.hu\/konyvtar\/\"},{\"@type\":\"ListItem\",\"position\":2,\"name\":\"M\u00fazeum\",\"item\":\"https:\/\/univet.hu\/konyvtar\/muzeum\/\"},{\"@type\":\"ListItem\",\"position\":3,\"name\":\"Ki\u00e1ll\u00edt\u00e1s arch\u00edvum\",\"item\":\"https:\/\/univet.hu\/konyvtar\/muzeum\/kiallitas-archivum\/\"},{\"@type\":\"ListItem\",\"position\":4,\"name\":\"M\u00fazeumok Maj\u00e1lisa 2016. m\u00e1jus 21-22.\"}]},{\"@type\":\"WebSite\",\"@id\":\"https:\/\/univet.hu\/konyvtar\/#website\",\"url\":\"https:\/\/univet.hu\/konyvtar\/\",\"name\":\"Hut\u00ffra Ferenc K\u00f6nyvt\u00e1r, Lev\u00e9lt\u00e1r \u00e9s M\u00fazeum\",\"description\":\"\",\"potentialAction\":[{\"@type\":\"SearchAction\",\"target\":{\"@type\":\"EntryPoint\",\"urlTemplate\":\"https:\/\/univet.hu\/konyvtar\/?s={search_term_string}\"},\"query-input\":{\"@type\":\"PropertyValueSpecification\",\"valueRequired\":true,\"valueName\":\"search_term_string\"}}],\"inLanguage\":\"hu\"}]}<\/script>\n<!-- \/ Yoast SEO plugin. -->","yoast_head_json":{"title":"M\u00fazeumok Maj\u00e1lisa 2016. m\u00e1jus 21-22. - Hut\u00ffra Ferenc K\u00f6nyvt\u00e1r, Lev\u00e9lt\u00e1r \u00e9s M\u00fazeum","robots":{"index":"index","follow":"follow","max-snippet":"max-snippet:-1","max-image-preview":"max-image-preview:large","max-video-preview":"max-video-preview:-1"},"canonical":"https:\/\/univet.hu\/konyvtar\/muzeum\/kiallitas-archivum\/muzeumok-majalisa-2016\/","og_locale":"hu_HU","og_type":"article","og_title":"M\u00fazeumok Maj\u00e1lisa 2016. m\u00e1jus 21-22. - Hut\u00ffra Ferenc K\u00f6nyvt\u00e1r, Lev\u00e9lt\u00e1r \u00e9s M\u00fazeum","og_description":"21. M\u00fazeumok Maj\u00e1lisa,\u00a0M\u00fazeumkert Tudom\u00e1ny \u00e9s m\u0171v\u00e9szet az \u00e1llatorvosok szalonj\u00e1ban Dr. Varga Ferenc (1835\u20131908), \u00e1llatorvosi tanint\u00e9zeti igazgat\u00f3 r\u00e1kospalotai vill\u00e1j\u00e1ban sz\u00e1mos alkalommal adott helyt tud\u00f3s besz\u00e9lget\u00e9seknek \u00e9s ked\u00e9lyes h\u00e1zizen\u00e9l\u00e9snek. Ez is szerepet j\u00e1tszhatott az \u00e1llatorvosi k\u00f6z\u00e9let \u00e9s a szakma akkoriban kibontakoz\u00f3 meg\u00fajul\u00e1s\u00e1ban, valamint a n\u00e9pszer\u0171 \u00fcd\u00fcl\u0151hely t\u00e1rsas\u00e1gi \u00e9let\u00e9nek fellend\u00edt\u00e9s\u00e9ben. Nevelt fi\u00e1val, dr. N\u00e1daskay B\u00e9l\u00e1val(1848-1933) megind\u00edtott\u00e1k az els\u0151","og_url":"https:\/\/univet.hu\/konyvtar\/muzeum\/kiallitas-archivum\/muzeumok-majalisa-2016\/","og_site_name":"Hut\u00ffra Ferenc K\u00f6nyvt\u00e1r, Lev\u00e9lt\u00e1r \u00e9s M\u00fazeum","article_modified_time":"2026-01-12T12:54:52+00:00","twitter_card":"summary_large_image","twitter_misc":{"Becs\u00fclt olvas\u00e1si id\u0151":"1 perc"},"schema":{"@context":"https:\/\/schema.org","@graph":[{"@type":"WebPage","@id":"https:\/\/univet.hu\/konyvtar\/muzeum\/kiallitas-archivum\/muzeumok-majalisa-2016\/","url":"https:\/\/univet.hu\/konyvtar\/muzeum\/kiallitas-archivum\/muzeumok-majalisa-2016\/","name":"M\u00fazeumok Maj\u00e1lisa 2016. m\u00e1jus 21-22. - Hut\u00ffra Ferenc K\u00f6nyvt\u00e1r, Lev\u00e9lt\u00e1r \u00e9s M\u00fazeum","isPartOf":{"@id":"https:\/\/univet.hu\/konyvtar\/#website"},"datePublished":"2025-07-09T13:46:02+00:00","dateModified":"2026-01-12T12:54:52+00:00","breadcrumb":{"@id":"https:\/\/univet.hu\/konyvtar\/muzeum\/kiallitas-archivum\/muzeumok-majalisa-2016\/#breadcrumb"},"inLanguage":"hu","potentialAction":[{"@type":"ReadAction","target":["https:\/\/univet.hu\/konyvtar\/muzeum\/kiallitas-archivum\/muzeumok-majalisa-2016\/"]}]},{"@type":"BreadcrumbList","@id":"https:\/\/univet.hu\/konyvtar\/muzeum\/kiallitas-archivum\/muzeumok-majalisa-2016\/#breadcrumb","itemListElement":[{"@type":"ListItem","position":1,"name":"Kezd\u0151lap","item":"https:\/\/univet.hu\/konyvtar\/"},{"@type":"ListItem","position":2,"name":"M\u00fazeum","item":"https:\/\/univet.hu\/konyvtar\/muzeum\/"},{"@type":"ListItem","position":3,"name":"Ki\u00e1ll\u00edt\u00e1s arch\u00edvum","item":"https:\/\/univet.hu\/konyvtar\/muzeum\/kiallitas-archivum\/"},{"@type":"ListItem","position":4,"name":"M\u00fazeumok Maj\u00e1lisa 2016. m\u00e1jus 21-22."}]},{"@type":"WebSite","@id":"https:\/\/univet.hu\/konyvtar\/#website","url":"https:\/\/univet.hu\/konyvtar\/","name":"Hut\u00ffra Ferenc K\u00f6nyvt\u00e1r, Lev\u00e9lt\u00e1r \u00e9s M\u00fazeum","description":"","potentialAction":[{"@type":"SearchAction","target":{"@type":"EntryPoint","urlTemplate":"https:\/\/univet.hu\/konyvtar\/?s={search_term_string}"},"query-input":{"@type":"PropertyValueSpecification","valueRequired":true,"valueName":"search_term_string"}}],"inLanguage":"hu"}]}},"_links":{"self":[{"href":"https:\/\/univet.hu\/konyvtar\/wp-json\/wp\/v2\/pages\/364","targetHints":{"allow":["GET"]}}],"collection":[{"href":"https:\/\/univet.hu\/konyvtar\/wp-json\/wp\/v2\/pages"}],"about":[{"href":"https:\/\/univet.hu\/konyvtar\/wp-json\/wp\/v2\/types\/page"}],"author":[{"embeddable":true,"href":"https:\/\/univet.hu\/konyvtar\/wp-json\/wp\/v2\/users\/4333"}],"replies":[{"embeddable":true,"href":"https:\/\/univet.hu\/konyvtar\/wp-json\/wp\/v2\/comments?post=364"}],"version-history":[{"count":3,"href":"https:\/\/univet.hu\/konyvtar\/wp-json\/wp\/v2\/pages\/364\/revisions"}],"predecessor-version":[{"id":367,"href":"https:\/\/univet.hu\/konyvtar\/wp-json\/wp\/v2\/pages\/364\/revisions\/367"}],"up":[{"embeddable":true,"href":"https:\/\/univet.hu\/konyvtar\/wp-json\/wp\/v2\/pages\/281"}],"wp:attachment":[{"href":"https:\/\/univet.hu\/konyvtar\/wp-json\/wp\/v2\/media?parent=364"}],"wp:term":[{"taxonomy":"category","embeddable":true,"href":"https:\/\/univet.hu\/konyvtar\/wp-json\/wp\/v2\/categories?post=364"},{"taxonomy":"post_tag","embeddable":true,"href":"https:\/\/univet.hu\/konyvtar\/wp-json\/wp\/v2\/tags?post=364"}],"curies":[{"name":"wp","href":"https:\/\/api.w.org\/{rel}","templated":true}]}}