{"id":37,"date":"2025-07-09T11:17:16","date_gmt":"2025-07-09T09:17:16","guid":{"rendered":"https:\/\/univet.hu\/konyvtar\/?page_id=37"},"modified":"2026-01-12T13:54:49","modified_gmt":"2026-01-12T12:54:49","slug":"konyvtari-szolgaltatasok","status":"publish","type":"page","link":"https:\/\/univet.hu\/konyvtar\/szolgaltatasok\/konyvtari-szolgaltatasok\/","title":{"rendered":"K\u00f6nyvt\u00e1ri szolg\u00e1ltat\u00e1sok"},"content":{"rendered":"<h4>I. Orsz\u00e1gos szolg\u00e1ltat\u00e1sok:<\/h4> <p><a href=\"http:\/\/www.odrportal.hu\/\" target=\"_blank\" rel=\"noopener noreferrer\">Orsz\u00e1gos Dokumentum-ell\u00e1t\u00e1si Rendszer<\/a> (ODR): a\u00a0k\u00f6nyvt\u00e1ri dokumentumok lel\u0151hely-nyilv\u00e1ntart\u00e1sa (Magyar Orsz\u00e1gos K\u00f6z\u00f6s Katal\u00f3gus) \u00e9s a k\u00f6nyvt\u00e1rk\u00f6zi k\u00f6lcs\u00f6nz\u00e9s f\u00f3ruma.<\/p> <p><a href=\"https:\/\/eisz.mtak.hu\/index.php\/hu\/\" target=\"_blank\" rel=\"noopener noreferrer\">Elektronikus Inform\u00e1ci\u00f3szolg\u00e1ltat\u00e1s:<\/a> Nemzeti program, amely nemzetk\u00f6zi \u00e9s magyar inform\u00e1ci\u00f3forr\u00e1sok haszn\u00e1lat\u00e1t teszi lehet\u0151v\u00e9 a fels\u0151oktat\u00e1s hallgat\u00f3i, oktat\u00f3i \u00e9s kutat\u00f3i, valamint a nonprofit kutat\u00f3int\u00e9zetek sz\u00e1m\u00e1ra.<\/p> <p><a href=\"https:\/\/www.mtmt.hu\/\/\" target=\"_blank\" rel=\"noopener noreferrer\">Magyar Tudom\u00e1nyos M\u0171vek T\u00e1ra<\/a> (MTMT): a\u00a0tudom\u00e1nyos m\u0171vek nemzeti bibliogr\u00e1fiai adatb\u00e1zisa.<\/p> <h4>II. Ingyenes alapszolg\u00e1ltat\u00e1sok (regisztr\u00e1ci\u00f3hoz k\u00f6t\u00f6tt)<\/h4> <ul> <li>a k\u00f6nyvt\u00e1r l\u00e1togat\u00e1sa,<\/li> <li>a k\u00f6nyvt\u00e1r \u00e1llom\u00e1ny\u00e1nak \u00e9s elektronikus forr\u00e1sainak helyben haszn\u00e1lata,<\/li> <li>az \u00e1llom\u00e1nyt felt\u00e1r\u00f3 katal\u00f3gusok \u00e9s egy\u00e9b adatb\u00e1zisok helyben haszn\u00e1lata,<\/li> <li>a teljes k\u00f6nyvt\u00e1ri rendszerre \u00e9s ennek szolg\u00e1ltat\u00e1saira vonatkoz\u00f3 inform\u00e1ci\u00f3.<\/li> <\/ul> <h4>III. Dokumentumszolg\u00e1ltat\u00e1s<\/h4> <ul> <li><strong>k\u00f6lcs\u00f6nz\u00e9s<\/strong><br \/> A beiratkozott olvas\u00f3k szem\u00e9lyesen k\u00f6lcs\u00f6n\u00f6zhetnek k\u00f6nyveket \u00e9s audiovizu\u00e1lis dokumentumokat.<\/li> <li><strong>f\u00e9nym\u00e1sol\u00e1s \u00e9s szkennel\u00e9s<\/strong><br \/> A f\u00e9nym\u00e1sol\u00e1s \u00e9s szkennel\u00e9s rendelhet\u0151 vagy \u00f6n\u00e1ll\u00f3an v\u00e9gezhet\u0151.<\/li> <li><strong>k\u00f6nyvt\u00e1rk\u00f6zi k\u00f6lcs\u00f6nz\u00e9s<\/strong><br \/> M\u00e1s k\u00f6nyvt\u00e1rakb\u00f3l \u2013 ak\u00e1r belf\u00f6ldi, ak\u00e1r k\u00fclf\u00f6ldi int\u00e9zm\u00e9nyekb\u0151l \u2013 olyan dokumentumok eredeti vagy m\u00e1solati p\u00e9ld\u00e1ny\u00e1nak k\u00f6lcs\u00f6nz\u00e9se, amelyek a saj\u00e1t k\u00f6nyvt\u00e1runkban nem el\u00e9rhet\u0151k.<\/li> <li><strong>szakmat\u00f6rt\u00e9neti m\u0171vek tanulm\u00e1nyoz\u00e1sa<\/strong><br \/> A Magyary-Kossa Szakmat\u00f6rt\u00e9neti K\u00f6nyvgy\u0171jtem\u00e9ny teljesen feldolgozott a katal\u00f3gusban. A m\u0171vek tanulm\u00e1nyoz\u00e1sa az olvas\u00f3teremben lehets\u00e9ges a kutat\u00e1si szab\u00e1lyzat alapj\u00e1n.<\/li> <li><strong>HuVetA (Magyar \u00c1llatorvos-tudom\u00e1nyi Arch\u00edvum)<\/strong><br \/> Szakdolgozatok, disszert\u00e1ci\u00f3k, t\u00f6rt\u00e9neti m\u0171vek (r\u00e9szben szabad hozz\u00e1f\u00e9r\u00e9ssel). T\u00e1j\u00e9koztat\u00e1s a szabad hozz\u00e1f\u00e9r\u00e9s\u0171 publik\u00e1l\u00e1s lehet\u0151s\u00e9geir\u0151l, gyakorlat\u00e1r\u00f3l.<\/li> <\/ul> <h4>IV. Inform\u00e1ci\u00f3keres\u00e9s \u00f6n\u00e1ll\u00f3an, vagy a k\u00f6nyvt\u00e1ros seg\u00edts\u00e9g\u00e9vel<\/h4> <ul> <li><strong>Magyar \u00c1llatorvosi Bibliogr\u00e1fia<\/strong><br \/> T\u00e1j\u00e9koztat\u00e1s a magyar \u00e1llatorvosok publik\u00e1ci\u00f3ir\u00f3l.<\/li> <li><strong>inform\u00e1ci\u00f3szolg\u00e1ltat\u00e1s<\/strong><br \/> Inform\u00e1ci\u00f3keres\u00e9s adatb\u00e1zisokban:<\/p> <ul style=\"list-style-type: circle\"> <li>CAB Abstracts with full text: mez\u0151gazdas\u00e1gi \u00e9s \u00e1llatorvosi irodalom<\/li> <li>Web of Science, Science Direct, SpringerLink, Wiley Online Library: interdiszciplin\u00e1ris adatb\u00e1zisok stb.<\/li> <\/ul> <\/li> <li><strong>jogi inform\u00e1ci\u00f3<\/strong><br \/> T\u00e1j\u00e9koztat\u00e1s hat\u00e1lyos magyar, illetve eur\u00f3pai uni\u00f3s jogszab\u00e1lyokr\u00f3l.<\/li> <li><strong>forr\u00e1st\u00e1j\u00e9koztat\u00e1<\/strong>s<br \/> T\u00e1j\u00e9koztat\u00e1s a k\u00f6nyvt\u00e1r \u00e9s m\u00e1s k\u00f6nyvt\u00e1rak \u00e1llom\u00e1ny\u00e1r\u00f3l, c\u00edm\u00e9r\u0151l, nyitva tart\u00e1s\u00e1r\u00f3l, szolg\u00e1ltat\u00e1sair\u00f3l stb.<\/li> <\/ul> <h4>V. Publik\u00e1l\u00e1st \u00e9s a tudom\u00e1nyos teljes\u00edtm\u00e9ny \u00e9rt\u00e9kel\u00e9s\u00e9t seg\u00edt\u0151 szolg\u00e1ltat\u00e1sok<\/h4> <ul> <li><a href=\"http:\/\/konyvtar.univet.hu\/?page_id=70\"><strong>Magyar Tudom\u00e1nyos M\u0171vek T\u00e1ra (MTMT)<\/strong><\/a><br \/> T\u00e1mogat\u00e1s a publik\u00e1ci\u00f3s adatb\u00e1zisok haszn\u00e1lat\u00e1hoz.<\/li> <li><strong>m\u00f3dszertani tan\u00e1csad\u00e1s<\/strong><br \/> A publik\u00e1l\u00e1s, diplomamunka-k\u00e9sz\u00edt\u00e9s, bibliogr\u00e1fiai hivatkoz\u00e1s t\u00e1mogat\u00e1sa.<\/li> <li><strong>tudom\u00e1nymetriai t\u00e1j\u00e9koztat\u00e1s<\/strong><br \/> T\u00e1j\u00e9koztat\u00e1s tudom\u00e1nymetriai mutat\u00f3kr\u00f3l (impakt faktor, id\u00e9zetts\u00e9g, indexek, kvartilis stb.). Tudom\u00e1nymetriai elemz\u00e9sek k\u00e9sz\u00edt\u00e9se.<\/li> <\/ul> <h4>VI. Haszn\u00e1l\u00f3k t\u00e1j\u00e9koztat\u00e1sa, k\u00e9pz\u00e9se<\/h4> <ul> <li><a href=\"http:\/\/konyvtar.univet.hu\/?page_id=81\"><strong>kurzusok<\/strong><\/a><br \/> K\u00f6nyvt\u00e1ri informatika \u00e9s egy\u00e9b kurzusok tantervi keretben, illetve megrendel\u00e9sre tantermi vagy e-oktat\u00e1si form\u00e1ban. \u201eGyorstalpal\u00f3\u201d tanfolyamok.<\/li> <li><strong>honlap<\/strong><br \/> Az int\u00e9zm\u00e9ny honlapja naprak\u00e9sz inform\u00e1ci\u00f3kkal, \u00fajdons\u00e1gokkal.<\/li> <li><a href=\"https:\/\/univet.hu\/konyvtar\/rolunk\/hirlevel\/\"><strong>Noctua<\/strong><\/a><br \/> A honlapon \u00e9s a Kamarai \u00c1llatorvos mell\u00e9kletek\u00e9nt is megjelen\u0151 h\u00edrlev\u00e9l<\/li> <li><strong>rendezv\u00e9nyek<\/strong><br \/> A k\u00f6nyvt\u00e1r k\u00fcl\u00f6nb\u00f6z\u0151 rendezv\u00e9nyeket szervez, amelyek nyilv\u00e1nosak.<\/li> <\/ul> <h4>VII. Az egyetem- \u00e9s \u00e1llatorvosl\u00e1s t\u00f6rt\u00e9neti kutat\u00e1sok t\u00e1mogat\u00e1sa<\/h4> <ul> <li><strong>Magyar \u00c1llatorvosi Panteon<\/strong><br \/> Jeles \u00e1llatorvosok \u00e9letrajzai, k\u00e9pei, m\u0171v\u00e9szi \u00e1br\u00e1zol\u00e1sok, s\u00edrok.<\/li> <li><strong>digit\u00e1lis t\u00f6rt\u00e9neti k\u00f6nyvt\u00e1r<\/strong><br \/> A hazai \u00e9s k\u00fclf\u00f6ldi \u00e1llatorvosi irodalom kiemelked\u0151 m\u0171vei \u00e9s a Veterinarius n\u00e9h\u00e1ny \u00e9vfolyama.<\/li> <li><strong>lev\u00e9lt\u00e1ri kutat\u00f3- \u00e9s \u00fcgyf\u00e9lszolg\u00e1lat<\/strong><br \/> Az \u00c1llatorvostudom\u00e1nyi Egyetem lev\u00e9lt\u00e1ri forr\u00e1sai alapj\u00e1n.<\/li> <li><strong>ki\u00e1ll\u00edt\u00e1sok<\/strong><br \/> \u00c1lland\u00f3 \u00e9s id\u0151szaki ki\u00e1ll\u00edt\u00e1sok az\u00a0\u00c1llatorvos-t\u00f6rt\u00e9neti Gy\u0171jtem\u00e9nyben.<\/li> <\/ul> <p>Az alapszolg\u00e1ltat\u00e1sok ig\u00e9nybe v\u00e9tele ingyenes.<\/p> <p>A sz\u00e1m\u00edt\u00f3g\u00e9pek haszn\u00e1lat\u00e1hoz ingyenes regisztr\u00e1ci\u00f3 sz\u00fcks\u00e9ges. A tov\u00e1bbi szolg\u00e1ltat\u00e1sok\u00a0d\u00edjair\u00f3l a honlapon\u00a0vagy az olvas\u00f3teremben t\u00e1j\u00e9koz\u00f3dhat.<\/p> <p>K\u00e9rj\u00fck, tanulm\u00e1nyozza a haszn\u00e1lati szab\u00e1lyzatot!<\/p> <p>A k\u00f6nyvt\u00e1r ter\u00fclet\u00e9n wifi kapcsolattal saj\u00e1t sz\u00e1m\u00edt\u00f3g\u00e9p is haszn\u00e1lhat\u00f3.<\/p> <p>Egyetemi polg\u00e1rok t\u00e1voli el\u00e9r\u00e9ssel is ig\u00e9nybe vehetik az adatb\u00e1zisokat \u00e9s elektronikus k\u00f6nyveket, foly\u00f3iratokat.<\/p>","protected":false},"excerpt":{"rendered":"<p>I. Orsz\u00e1gos szolg\u00e1ltat\u00e1sok: Orsz\u00e1gos Dokumentum-ell\u00e1t\u00e1si Rendszer (ODR): a\u00a0k\u00f6nyvt\u00e1ri dokumentumok lel\u0151hely-nyilv\u00e1ntart\u00e1sa (Magyar Orsz\u00e1gos K\u00f6z\u00f6s Katal\u00f3gus) \u00e9s a k\u00f6nyvt\u00e1rk\u00f6zi k\u00f6lcs\u00f6nz\u00e9s f\u00f3ruma. Elektronikus Inform\u00e1ci\u00f3szolg\u00e1ltat\u00e1s: Nemzeti program, amely nemzetk\u00f6zi \u00e9s magyar inform\u00e1ci\u00f3forr\u00e1sok haszn\u00e1lat\u00e1t teszi lehet\u0151v\u00e9 a fels\u0151oktat\u00e1s hallgat\u00f3i, oktat\u00f3i \u00e9s kutat\u00f3i, valamint a nonprofit kutat\u00f3int\u00e9zetek sz\u00e1m\u00e1ra. Magyar Tudom\u00e1nyos M\u0171vek T\u00e1ra (MTMT): a\u00a0tudom\u00e1nyos m\u0171vek nemzeti bibliogr\u00e1fiai adatb\u00e1zisa. II. Ingyenes alapszolg\u00e1ltat\u00e1sok<\/p>\n","protected":false},"author":58,"featured_media":0,"parent":27,"menu_order":0,"comment_status":"closed","ping_status":"closed","template":"","meta":{"_acf_changed":false,"_eb_attr":"","footnotes":""},"categories":[16],"tags":[],"class_list":["post-37","page","type-page","status-publish","hentry","category-szolgaltatasok"],"acf":[],"yoast_head":"<!-- This site is optimized with the Yoast SEO plugin v27.2 - https:\/\/yoast.com\/product\/yoast-seo-wordpress\/ -->\n<title>K\u00f6nyvt\u00e1ri szolg\u00e1ltat\u00e1sok - Hut\u00ffra Ferenc K\u00f6nyvt\u00e1r, Lev\u00e9lt\u00e1r \u00e9s M\u00fazeum<\/title>\n<meta name=\"robots\" content=\"index, follow, max-snippet:-1, max-image-preview:large, max-video-preview:-1\" \/>\n<link rel=\"canonical\" href=\"https:\/\/univet.hu\/konyvtar\/szolgaltatasok\/konyvtari-szolgaltatasok\/\" \/>\n<meta property=\"og:locale\" content=\"hu_HU\" \/>\n<meta property=\"og:type\" content=\"article\" \/>\n<meta property=\"og:title\" content=\"K\u00f6nyvt\u00e1ri szolg\u00e1ltat\u00e1sok - Hut\u00ffra Ferenc K\u00f6nyvt\u00e1r, Lev\u00e9lt\u00e1r \u00e9s M\u00fazeum\" \/>\n<meta property=\"og:description\" content=\"I. Orsz\u00e1gos szolg\u00e1ltat\u00e1sok: Orsz\u00e1gos Dokumentum-ell\u00e1t\u00e1si Rendszer (ODR): a\u00a0k\u00f6nyvt\u00e1ri dokumentumok lel\u0151hely-nyilv\u00e1ntart\u00e1sa (Magyar Orsz\u00e1gos K\u00f6z\u00f6s Katal\u00f3gus) \u00e9s a k\u00f6nyvt\u00e1rk\u00f6zi k\u00f6lcs\u00f6nz\u00e9s f\u00f3ruma. Elektronikus Inform\u00e1ci\u00f3szolg\u00e1ltat\u00e1s: Nemzeti program, amely nemzetk\u00f6zi \u00e9s magyar inform\u00e1ci\u00f3forr\u00e1sok haszn\u00e1lat\u00e1t teszi lehet\u0151v\u00e9 a fels\u0151oktat\u00e1s hallgat\u00f3i, oktat\u00f3i \u00e9s kutat\u00f3i, valamint a nonprofit kutat\u00f3int\u00e9zetek sz\u00e1m\u00e1ra. Magyar Tudom\u00e1nyos M\u0171vek T\u00e1ra (MTMT): a\u00a0tudom\u00e1nyos m\u0171vek nemzeti bibliogr\u00e1fiai adatb\u00e1zisa. II. Ingyenes alapszolg\u00e1ltat\u00e1sok\" \/>\n<meta property=\"og:url\" content=\"https:\/\/univet.hu\/konyvtar\/szolgaltatasok\/konyvtari-szolgaltatasok\/\" \/>\n<meta property=\"og:site_name\" content=\"Hut\u00ffra Ferenc K\u00f6nyvt\u00e1r, Lev\u00e9lt\u00e1r \u00e9s M\u00fazeum\" \/>\n<meta property=\"article:modified_time\" content=\"2026-01-12T12:54:49+00:00\" \/>\n<meta name=\"twitter:card\" content=\"summary_large_image\" \/>\n<meta name=\"twitter:label1\" content=\"Becs\u00fclt olvas\u00e1si id\u0151\" \/>\n\t<meta name=\"twitter:data1\" content=\"3 perc\" \/>\n<script type=\"application\/ld+json\" class=\"yoast-schema-graph\">{\"@context\":\"https:\/\/schema.org\",\"@graph\":[{\"@type\":\"WebPage\",\"@id\":\"https:\/\/univet.hu\/konyvtar\/szolgaltatasok\/konyvtari-szolgaltatasok\/\",\"url\":\"https:\/\/univet.hu\/konyvtar\/szolgaltatasok\/konyvtari-szolgaltatasok\/\",\"name\":\"K\u00f6nyvt\u00e1ri szolg\u00e1ltat\u00e1sok - Hut\u00ffra Ferenc K\u00f6nyvt\u00e1r, Lev\u00e9lt\u00e1r \u00e9s M\u00fazeum\",\"isPartOf\":{\"@id\":\"https:\/\/univet.hu\/konyvtar\/#website\"},\"datePublished\":\"2025-07-09T09:17:16+00:00\",\"dateModified\":\"2026-01-12T12:54:49+00:00\",\"breadcrumb\":{\"@id\":\"https:\/\/univet.hu\/konyvtar\/szolgaltatasok\/konyvtari-szolgaltatasok\/#breadcrumb\"},\"inLanguage\":\"hu\",\"potentialAction\":[{\"@type\":\"ReadAction\",\"target\":[\"https:\/\/univet.hu\/konyvtar\/szolgaltatasok\/konyvtari-szolgaltatasok\/\"]}]},{\"@type\":\"BreadcrumbList\",\"@id\":\"https:\/\/univet.hu\/konyvtar\/szolgaltatasok\/konyvtari-szolgaltatasok\/#breadcrumb\",\"itemListElement\":[{\"@type\":\"ListItem\",\"position\":1,\"name\":\"Kezd\u0151lap\",\"item\":\"https:\/\/univet.hu\/konyvtar\/\"},{\"@type\":\"ListItem\",\"position\":2,\"name\":\"Szolg\u00e1ltat\u00e1sok\",\"item\":\"https:\/\/univet.hu\/konyvtar\/szolgaltatasok\/\"},{\"@type\":\"ListItem\",\"position\":3,\"name\":\"K\u00f6nyvt\u00e1ri szolg\u00e1ltat\u00e1sok\"}]},{\"@type\":\"WebSite\",\"@id\":\"https:\/\/univet.hu\/konyvtar\/#website\",\"url\":\"https:\/\/univet.hu\/konyvtar\/\",\"name\":\"Hut\u00ffra Ferenc K\u00f6nyvt\u00e1r, Lev\u00e9lt\u00e1r \u00e9s M\u00fazeum\",\"description\":\"\",\"potentialAction\":[{\"@type\":\"SearchAction\",\"target\":{\"@type\":\"EntryPoint\",\"urlTemplate\":\"https:\/\/univet.hu\/konyvtar\/?s={search_term_string}\"},\"query-input\":{\"@type\":\"PropertyValueSpecification\",\"valueRequired\":true,\"valueName\":\"search_term_string\"}}],\"inLanguage\":\"hu\"}]}<\/script>\n<!-- \/ Yoast SEO plugin. -->","yoast_head_json":{"title":"K\u00f6nyvt\u00e1ri szolg\u00e1ltat\u00e1sok - Hut\u00ffra Ferenc K\u00f6nyvt\u00e1r, Lev\u00e9lt\u00e1r \u00e9s M\u00fazeum","robots":{"index":"index","follow":"follow","max-snippet":"max-snippet:-1","max-image-preview":"max-image-preview:large","max-video-preview":"max-video-preview:-1"},"canonical":"https:\/\/univet.hu\/konyvtar\/szolgaltatasok\/konyvtari-szolgaltatasok\/","og_locale":"hu_HU","og_type":"article","og_title":"K\u00f6nyvt\u00e1ri szolg\u00e1ltat\u00e1sok - Hut\u00ffra Ferenc K\u00f6nyvt\u00e1r, Lev\u00e9lt\u00e1r \u00e9s M\u00fazeum","og_description":"I. Orsz\u00e1gos szolg\u00e1ltat\u00e1sok: Orsz\u00e1gos Dokumentum-ell\u00e1t\u00e1si Rendszer (ODR): a\u00a0k\u00f6nyvt\u00e1ri dokumentumok lel\u0151hely-nyilv\u00e1ntart\u00e1sa (Magyar Orsz\u00e1gos K\u00f6z\u00f6s Katal\u00f3gus) \u00e9s a k\u00f6nyvt\u00e1rk\u00f6zi k\u00f6lcs\u00f6nz\u00e9s f\u00f3ruma. Elektronikus Inform\u00e1ci\u00f3szolg\u00e1ltat\u00e1s: Nemzeti program, amely nemzetk\u00f6zi \u00e9s magyar inform\u00e1ci\u00f3forr\u00e1sok haszn\u00e1lat\u00e1t teszi lehet\u0151v\u00e9 a fels\u0151oktat\u00e1s hallgat\u00f3i, oktat\u00f3i \u00e9s kutat\u00f3i, valamint a nonprofit kutat\u00f3int\u00e9zetek sz\u00e1m\u00e1ra. Magyar Tudom\u00e1nyos M\u0171vek T\u00e1ra (MTMT): a\u00a0tudom\u00e1nyos m\u0171vek nemzeti bibliogr\u00e1fiai adatb\u00e1zisa. II. Ingyenes alapszolg\u00e1ltat\u00e1sok","og_url":"https:\/\/univet.hu\/konyvtar\/szolgaltatasok\/konyvtari-szolgaltatasok\/","og_site_name":"Hut\u00ffra Ferenc K\u00f6nyvt\u00e1r, Lev\u00e9lt\u00e1r \u00e9s M\u00fazeum","article_modified_time":"2026-01-12T12:54:49+00:00","twitter_card":"summary_large_image","twitter_misc":{"Becs\u00fclt olvas\u00e1si id\u0151":"3 perc"},"schema":{"@context":"https:\/\/schema.org","@graph":[{"@type":"WebPage","@id":"https:\/\/univet.hu\/konyvtar\/szolgaltatasok\/konyvtari-szolgaltatasok\/","url":"https:\/\/univet.hu\/konyvtar\/szolgaltatasok\/konyvtari-szolgaltatasok\/","name":"K\u00f6nyvt\u00e1ri szolg\u00e1ltat\u00e1sok - Hut\u00ffra Ferenc K\u00f6nyvt\u00e1r, Lev\u00e9lt\u00e1r \u00e9s M\u00fazeum","isPartOf":{"@id":"https:\/\/univet.hu\/konyvtar\/#website"},"datePublished":"2025-07-09T09:17:16+00:00","dateModified":"2026-01-12T12:54:49+00:00","breadcrumb":{"@id":"https:\/\/univet.hu\/konyvtar\/szolgaltatasok\/konyvtari-szolgaltatasok\/#breadcrumb"},"inLanguage":"hu","potentialAction":[{"@type":"ReadAction","target":["https:\/\/univet.hu\/konyvtar\/szolgaltatasok\/konyvtari-szolgaltatasok\/"]}]},{"@type":"BreadcrumbList","@id":"https:\/\/univet.hu\/konyvtar\/szolgaltatasok\/konyvtari-szolgaltatasok\/#breadcrumb","itemListElement":[{"@type":"ListItem","position":1,"name":"Kezd\u0151lap","item":"https:\/\/univet.hu\/konyvtar\/"},{"@type":"ListItem","position":2,"name":"Szolg\u00e1ltat\u00e1sok","item":"https:\/\/univet.hu\/konyvtar\/szolgaltatasok\/"},{"@type":"ListItem","position":3,"name":"K\u00f6nyvt\u00e1ri szolg\u00e1ltat\u00e1sok"}]},{"@type":"WebSite","@id":"https:\/\/univet.hu\/konyvtar\/#website","url":"https:\/\/univet.hu\/konyvtar\/","name":"Hut\u00ffra Ferenc K\u00f6nyvt\u00e1r, Lev\u00e9lt\u00e1r \u00e9s M\u00fazeum","description":"","potentialAction":[{"@type":"SearchAction","target":{"@type":"EntryPoint","urlTemplate":"https:\/\/univet.hu\/konyvtar\/?s={search_term_string}"},"query-input":{"@type":"PropertyValueSpecification","valueRequired":true,"valueName":"search_term_string"}}],"inLanguage":"hu"}]}},"_links":{"self":[{"href":"https:\/\/univet.hu\/konyvtar\/wp-json\/wp\/v2\/pages\/37","targetHints":{"allow":["GET"]}}],"collection":[{"href":"https:\/\/univet.hu\/konyvtar\/wp-json\/wp\/v2\/pages"}],"about":[{"href":"https:\/\/univet.hu\/konyvtar\/wp-json\/wp\/v2\/types\/page"}],"author":[{"embeddable":true,"href":"https:\/\/univet.hu\/konyvtar\/wp-json\/wp\/v2\/users\/58"}],"replies":[{"embeddable":true,"href":"https:\/\/univet.hu\/konyvtar\/wp-json\/wp\/v2\/comments?post=37"}],"version-history":[{"count":5,"href":"https:\/\/univet.hu\/konyvtar\/wp-json\/wp\/v2\/pages\/37\/revisions"}],"predecessor-version":[{"id":995,"href":"https:\/\/univet.hu\/konyvtar\/wp-json\/wp\/v2\/pages\/37\/revisions\/995"}],"up":[{"embeddable":true,"href":"https:\/\/univet.hu\/konyvtar\/wp-json\/wp\/v2\/pages\/27"}],"wp:attachment":[{"href":"https:\/\/univet.hu\/konyvtar\/wp-json\/wp\/v2\/media?parent=37"}],"wp:term":[{"taxonomy":"category","embeddable":true,"href":"https:\/\/univet.hu\/konyvtar\/wp-json\/wp\/v2\/categories?post=37"},{"taxonomy":"post_tag","embeddable":true,"href":"https:\/\/univet.hu\/konyvtar\/wp-json\/wp\/v2\/tags?post=37"}],"curies":[{"name":"wp","href":"https:\/\/api.w.org\/{rel}","templated":true}]}}