{"id":371,"date":"2025-07-09T15:50:24","date_gmt":"2025-07-09T13:50:24","guid":{"rendered":"https:\/\/univet.hu\/konyvtar\/?page_id=371"},"modified":"2026-01-12T13:54:51","modified_gmt":"2026-01-12T12:54:51","slug":"emlekules-2015","status":"publish","type":"page","link":"https:\/\/univet.hu\/konyvtar\/muzeum\/kiallitas-archivum\/emlekules-2015\/","title":{"rendered":"Eml\u00e9k\u00fcl\u00e9s Dr. Magyary-Kossa Gyula  sz\u00fclet\u00e9s\u00e9nek 150. \u00e9vfordul\u00f3ja alkalm\u00e1b\u00f3l"},"content":{"rendered":"<p>Id\u0151pont:\u00a0<strong>2015. febru\u00e1r 13., p\u00e9ntek \u2013 14 \u00f3ra<\/strong><\/p> <p>Helysz\u00edn:\u00a0<strong>SZIE \u00c1llatorvos-tudom\u00e1nyi Kar, Aula, Budapest, Istv\u00e1n u. 2.<\/strong><\/p> <p>&nbsp;<\/p> <p><strong>Program<\/strong><\/p> <p>Megnyit\u00f3<\/p> <p>Dr. Kapronczay K\u00e1roly (Magyar Orvost\u00f6rt\u00e9nelmi T\u00e1rsas\u00e1g): Magyary-Kossa Gyula helye a hazai orvost\u00f6rt\u00e9net-\u00edr\u00e1sban<\/p> <p>Dr. S\u00f3tonyi P\u00e9ter (SZIE \u00c1llatorvos-tudom\u00e1nyi Kar): A magyar \u00e1llatorvost\u00f6rt\u00e9net-\u00edr\u00e1s nagyjai<\/p> <p>Dr. K\u00f3tai Istv\u00e1n (SZIE \u00c1llatorvos-tudom\u00e1nyi Kar): A h\u00e1tt\u00e9rben: a M. kir. \u00c1llatorvosi F\u0151iskola<\/p> <p>Dr. Gazda Istv\u00e1n, Perj\u00e1mosi S\u00e1ndor (Magyar Tudom\u00e1nyt\u00f6rt\u00e9neti Int\u00e9zet): Magyary-Kossa Gyula \u00e9letm\u0171-bibliogr\u00e1fi\u00e1ja<\/p> <p>Sz\u00fcnet<\/p> <p>A Magyary-Kossa Gyula eml\u00e9keib\u0151l \u00f6ssze\u00e1ll\u00edtott alkalmi ki\u00e1ll\u00edt\u00e1s megtekint\u00e9se az \u00c1llatorvos-t\u00f6rt\u00e9neti Gy\u0171jtem\u00e9nyben<\/p> <p>Dr. Kapronczay Katalin (Semmelweis Orvost\u00f6rt\u00e9neti K\u00f6nyvt\u00e1r \u00e9s Lev\u00e9lt\u00e1r): Magyary-Kossa Gyula \u00e9s a magyar\u00a0orvosi nyelv\u00faj\u00edt\u00e1s<\/p> <p>Dr. G\u00e1lfi P\u00e9ter (SZIE \u00c1llatorvos-tudom\u00e1nyi Kar), Ko\u00f3sn\u00e9 T\u00f6r\u00f6k Erzs\u00e9bet (SZIE Kos\u00e1ry Domokos K\u00f6nyvt\u00e1r \u00e9s Lev\u00e9lt\u00e1r): Az \u00e1llatorvosi gy\u00f3gyszertan oktat\u00e1s\u00e1nak t\u00f6rt\u00e9nete \u00e9s az \u00fajra felfedezett Magyary-Kossa (a K\u00f3ssa-reakci\u00f3)<\/p> <p>Dr. Moln\u00e1r L\u00e1szl\u00f3 (Semmelweis Egyetem K\u00f6zponti Lev\u00e9lt\u00e1r) : Magyary-Kossa Gyula orvost\u00f6rt\u00e9neti k\u00e9pgy\u0171jtem\u00e9nye<\/p> <p>Orb\u00e1n \u00c9va (SZIE \u00c1llatorvos-tudom\u00e1nyi K\u00f6nyvt\u00e1r, Lev\u00e9lt\u00e1r \u00e9s M\u00fazeum): Magyary-Kossa Gyula \u00f6r\u00f6ks\u00e9ge \u00e9s az \u00e1llatorvos-t\u00f6rt\u00e9neti eml\u00e9kek gondoz\u00e1sa<\/p> <p>Fogad\u00e1s (Magyary-Kossa Gyula kedves p\u00e9nteki men\u00fcje az egykori tan\u00e1ri vacsor\u00e1k mint\u00e1j\u00e1ra)<\/p> <p><iframe loading=\"lazy\" title=\"Eml\u00e9k\u00fcl\u00e9s Dr. Magyary-Kossa Gyula sz\u00fclet\u00e9s\u00e9nek 150. \u00e9vfordul\u00f3ja alkalm\u00e1b\u00f3l\" width=\"1280\" height=\"960\" src=\"https:\/\/www.youtube.com\/embed\/79wPYCaP_y8?feature=oembed\" frameborder=\"0\" allow=\"accelerometer; autoplay; clipboard-write; encrypted-media; gyroscope; picture-in-picture; web-share\" referrerpolicy=\"strict-origin-when-cross-origin\" allowfullscreen><\/iframe><\/p>","protected":false},"excerpt":{"rendered":"<p>Id\u0151pont:\u00a02015. febru\u00e1r 13., p\u00e9ntek \u2013 14 \u00f3ra Helysz\u00edn:\u00a0SZIE \u00c1llatorvos-tudom\u00e1nyi Kar, Aula, Budapest, Istv\u00e1n u. 2. &nbsp; Program Megnyit\u00f3 Dr. Kapronczay K\u00e1roly (Magyar Orvost\u00f6rt\u00e9nelmi T\u00e1rsas\u00e1g): Magyary-Kossa Gyula helye a hazai orvost\u00f6rt\u00e9net-\u00edr\u00e1sban Dr. S\u00f3tonyi P\u00e9ter (SZIE \u00c1llatorvos-tudom\u00e1nyi Kar): A magyar \u00e1llatorvost\u00f6rt\u00e9net-\u00edr\u00e1s nagyjai Dr. K\u00f3tai Istv\u00e1n (SZIE \u00c1llatorvos-tudom\u00e1nyi Kar): A h\u00e1tt\u00e9rben: a M. kir. \u00c1llatorvosi F\u0151iskola Dr. Gazda<\/p>\n","protected":false},"author":4333,"featured_media":0,"parent":281,"menu_order":0,"comment_status":"closed","ping_status":"closed","template":"","meta":{"_acf_changed":false,"_eb_attr":"","footnotes":""},"categories":[21],"tags":[],"class_list":["post-371","page","type-page","status-publish","hentry","category-muzeum"],"acf":[],"yoast_head":"<!-- This site is optimized with the Yoast SEO plugin v27.2 - https:\/\/yoast.com\/product\/yoast-seo-wordpress\/ -->\n<title>Eml\u00e9k\u00fcl\u00e9s Dr. Magyary-Kossa Gyula sz\u00fclet\u00e9s\u00e9nek 150. \u00e9vfordul\u00f3ja alkalm\u00e1b\u00f3l - Hut\u00ffra Ferenc K\u00f6nyvt\u00e1r, Lev\u00e9lt\u00e1r \u00e9s M\u00fazeum<\/title>\n<meta name=\"robots\" content=\"index, follow, max-snippet:-1, max-image-preview:large, max-video-preview:-1\" \/>\n<link rel=\"canonical\" href=\"https:\/\/univet.hu\/konyvtar\/muzeum\/kiallitas-archivum\/emlekules-2015\/\" \/>\n<meta property=\"og:locale\" content=\"hu_HU\" \/>\n<meta property=\"og:type\" content=\"article\" \/>\n<meta property=\"og:title\" content=\"Eml\u00e9k\u00fcl\u00e9s Dr. Magyary-Kossa Gyula sz\u00fclet\u00e9s\u00e9nek 150. \u00e9vfordul\u00f3ja alkalm\u00e1b\u00f3l - Hut\u00ffra Ferenc K\u00f6nyvt\u00e1r, Lev\u00e9lt\u00e1r \u00e9s M\u00fazeum\" \/>\n<meta property=\"og:description\" content=\"Id\u0151pont:\u00a02015. febru\u00e1r 13., p\u00e9ntek \u2013 14 \u00f3ra Helysz\u00edn:\u00a0SZIE \u00c1llatorvos-tudom\u00e1nyi Kar, Aula, Budapest, Istv\u00e1n u. 2. &nbsp; Program Megnyit\u00f3 Dr. Kapronczay K\u00e1roly (Magyar Orvost\u00f6rt\u00e9nelmi T\u00e1rsas\u00e1g): Magyary-Kossa Gyula helye a hazai orvost\u00f6rt\u00e9net-\u00edr\u00e1sban Dr. S\u00f3tonyi P\u00e9ter (SZIE \u00c1llatorvos-tudom\u00e1nyi Kar): A magyar \u00e1llatorvost\u00f6rt\u00e9net-\u00edr\u00e1s nagyjai Dr. K\u00f3tai Istv\u00e1n (SZIE \u00c1llatorvos-tudom\u00e1nyi Kar): A h\u00e1tt\u00e9rben: a M. kir. \u00c1llatorvosi F\u0151iskola Dr. Gazda\" \/>\n<meta property=\"og:url\" content=\"https:\/\/univet.hu\/konyvtar\/muzeum\/kiallitas-archivum\/emlekules-2015\/\" \/>\n<meta property=\"og:site_name\" content=\"Hut\u00ffra Ferenc K\u00f6nyvt\u00e1r, Lev\u00e9lt\u00e1r \u00e9s M\u00fazeum\" \/>\n<meta property=\"article:modified_time\" content=\"2026-01-12T12:54:51+00:00\" \/>\n<meta name=\"twitter:card\" content=\"summary_large_image\" \/>\n<meta name=\"twitter:label1\" content=\"Becs\u00fclt olvas\u00e1si id\u0151\" \/>\n\t<meta name=\"twitter:data1\" content=\"1 perc\" \/>\n<script type=\"application\/ld+json\" class=\"yoast-schema-graph\">{\"@context\":\"https:\/\/schema.org\",\"@graph\":[{\"@type\":\"WebPage\",\"@id\":\"https:\/\/univet.hu\/konyvtar\/muzeum\/kiallitas-archivum\/emlekules-2015\/\",\"url\":\"https:\/\/univet.hu\/konyvtar\/muzeum\/kiallitas-archivum\/emlekules-2015\/\",\"name\":\"Eml\u00e9k\u00fcl\u00e9s Dr. Magyary-Kossa Gyula sz\u00fclet\u00e9s\u00e9nek 150. \u00e9vfordul\u00f3ja alkalm\u00e1b\u00f3l - Hut\u00ffra Ferenc K\u00f6nyvt\u00e1r, Lev\u00e9lt\u00e1r \u00e9s M\u00fazeum\",\"isPartOf\":{\"@id\":\"https:\/\/univet.hu\/konyvtar\/#website\"},\"datePublished\":\"2025-07-09T13:50:24+00:00\",\"dateModified\":\"2026-01-12T12:54:51+00:00\",\"breadcrumb\":{\"@id\":\"https:\/\/univet.hu\/konyvtar\/muzeum\/kiallitas-archivum\/emlekules-2015\/#breadcrumb\"},\"inLanguage\":\"hu\",\"potentialAction\":[{\"@type\":\"ReadAction\",\"target\":[\"https:\/\/univet.hu\/konyvtar\/muzeum\/kiallitas-archivum\/emlekules-2015\/\"]}]},{\"@type\":\"BreadcrumbList\",\"@id\":\"https:\/\/univet.hu\/konyvtar\/muzeum\/kiallitas-archivum\/emlekules-2015\/#breadcrumb\",\"itemListElement\":[{\"@type\":\"ListItem\",\"position\":1,\"name\":\"Kezd\u0151lap\",\"item\":\"https:\/\/univet.hu\/konyvtar\/\"},{\"@type\":\"ListItem\",\"position\":2,\"name\":\"M\u00fazeum\",\"item\":\"https:\/\/univet.hu\/konyvtar\/muzeum\/\"},{\"@type\":\"ListItem\",\"position\":3,\"name\":\"Ki\u00e1ll\u00edt\u00e1s arch\u00edvum\",\"item\":\"https:\/\/univet.hu\/konyvtar\/muzeum\/kiallitas-archivum\/\"},{\"@type\":\"ListItem\",\"position\":4,\"name\":\"Eml\u00e9k\u00fcl\u00e9s Dr. Magyary-Kossa Gyula sz\u00fclet\u00e9s\u00e9nek 150. \u00e9vfordul\u00f3ja alkalm\u00e1b\u00f3l\"}]},{\"@type\":\"WebSite\",\"@id\":\"https:\/\/univet.hu\/konyvtar\/#website\",\"url\":\"https:\/\/univet.hu\/konyvtar\/\",\"name\":\"Hut\u00ffra Ferenc K\u00f6nyvt\u00e1r, Lev\u00e9lt\u00e1r \u00e9s M\u00fazeum\",\"description\":\"\",\"potentialAction\":[{\"@type\":\"SearchAction\",\"target\":{\"@type\":\"EntryPoint\",\"urlTemplate\":\"https:\/\/univet.hu\/konyvtar\/?s={search_term_string}\"},\"query-input\":{\"@type\":\"PropertyValueSpecification\",\"valueRequired\":true,\"valueName\":\"search_term_string\"}}],\"inLanguage\":\"hu\"}]}<\/script>\n<!-- \/ Yoast SEO plugin. -->","yoast_head_json":{"title":"Eml\u00e9k\u00fcl\u00e9s Dr. Magyary-Kossa Gyula sz\u00fclet\u00e9s\u00e9nek 150. \u00e9vfordul\u00f3ja alkalm\u00e1b\u00f3l - Hut\u00ffra Ferenc K\u00f6nyvt\u00e1r, Lev\u00e9lt\u00e1r \u00e9s M\u00fazeum","robots":{"index":"index","follow":"follow","max-snippet":"max-snippet:-1","max-image-preview":"max-image-preview:large","max-video-preview":"max-video-preview:-1"},"canonical":"https:\/\/univet.hu\/konyvtar\/muzeum\/kiallitas-archivum\/emlekules-2015\/","og_locale":"hu_HU","og_type":"article","og_title":"Eml\u00e9k\u00fcl\u00e9s Dr. Magyary-Kossa Gyula sz\u00fclet\u00e9s\u00e9nek 150. \u00e9vfordul\u00f3ja alkalm\u00e1b\u00f3l - Hut\u00ffra Ferenc K\u00f6nyvt\u00e1r, Lev\u00e9lt\u00e1r \u00e9s M\u00fazeum","og_description":"Id\u0151pont:\u00a02015. febru\u00e1r 13., p\u00e9ntek \u2013 14 \u00f3ra Helysz\u00edn:\u00a0SZIE \u00c1llatorvos-tudom\u00e1nyi Kar, Aula, Budapest, Istv\u00e1n u. 2. &nbsp; Program Megnyit\u00f3 Dr. Kapronczay K\u00e1roly (Magyar Orvost\u00f6rt\u00e9nelmi T\u00e1rsas\u00e1g): Magyary-Kossa Gyula helye a hazai orvost\u00f6rt\u00e9net-\u00edr\u00e1sban Dr. S\u00f3tonyi P\u00e9ter (SZIE \u00c1llatorvos-tudom\u00e1nyi Kar): A magyar \u00e1llatorvost\u00f6rt\u00e9net-\u00edr\u00e1s nagyjai Dr. K\u00f3tai Istv\u00e1n (SZIE \u00c1llatorvos-tudom\u00e1nyi Kar): A h\u00e1tt\u00e9rben: a M. kir. \u00c1llatorvosi F\u0151iskola Dr. Gazda","og_url":"https:\/\/univet.hu\/konyvtar\/muzeum\/kiallitas-archivum\/emlekules-2015\/","og_site_name":"Hut\u00ffra Ferenc K\u00f6nyvt\u00e1r, Lev\u00e9lt\u00e1r \u00e9s M\u00fazeum","article_modified_time":"2026-01-12T12:54:51+00:00","twitter_card":"summary_large_image","twitter_misc":{"Becs\u00fclt olvas\u00e1si id\u0151":"1 perc"},"schema":{"@context":"https:\/\/schema.org","@graph":[{"@type":"WebPage","@id":"https:\/\/univet.hu\/konyvtar\/muzeum\/kiallitas-archivum\/emlekules-2015\/","url":"https:\/\/univet.hu\/konyvtar\/muzeum\/kiallitas-archivum\/emlekules-2015\/","name":"Eml\u00e9k\u00fcl\u00e9s Dr. Magyary-Kossa Gyula sz\u00fclet\u00e9s\u00e9nek 150. \u00e9vfordul\u00f3ja alkalm\u00e1b\u00f3l - Hut\u00ffra Ferenc K\u00f6nyvt\u00e1r, Lev\u00e9lt\u00e1r \u00e9s M\u00fazeum","isPartOf":{"@id":"https:\/\/univet.hu\/konyvtar\/#website"},"datePublished":"2025-07-09T13:50:24+00:00","dateModified":"2026-01-12T12:54:51+00:00","breadcrumb":{"@id":"https:\/\/univet.hu\/konyvtar\/muzeum\/kiallitas-archivum\/emlekules-2015\/#breadcrumb"},"inLanguage":"hu","potentialAction":[{"@type":"ReadAction","target":["https:\/\/univet.hu\/konyvtar\/muzeum\/kiallitas-archivum\/emlekules-2015\/"]}]},{"@type":"BreadcrumbList","@id":"https:\/\/univet.hu\/konyvtar\/muzeum\/kiallitas-archivum\/emlekules-2015\/#breadcrumb","itemListElement":[{"@type":"ListItem","position":1,"name":"Kezd\u0151lap","item":"https:\/\/univet.hu\/konyvtar\/"},{"@type":"ListItem","position":2,"name":"M\u00fazeum","item":"https:\/\/univet.hu\/konyvtar\/muzeum\/"},{"@type":"ListItem","position":3,"name":"Ki\u00e1ll\u00edt\u00e1s arch\u00edvum","item":"https:\/\/univet.hu\/konyvtar\/muzeum\/kiallitas-archivum\/"},{"@type":"ListItem","position":4,"name":"Eml\u00e9k\u00fcl\u00e9s Dr. Magyary-Kossa Gyula sz\u00fclet\u00e9s\u00e9nek 150. \u00e9vfordul\u00f3ja alkalm\u00e1b\u00f3l"}]},{"@type":"WebSite","@id":"https:\/\/univet.hu\/konyvtar\/#website","url":"https:\/\/univet.hu\/konyvtar\/","name":"Hut\u00ffra Ferenc K\u00f6nyvt\u00e1r, Lev\u00e9lt\u00e1r \u00e9s M\u00fazeum","description":"","potentialAction":[{"@type":"SearchAction","target":{"@type":"EntryPoint","urlTemplate":"https:\/\/univet.hu\/konyvtar\/?s={search_term_string}"},"query-input":{"@type":"PropertyValueSpecification","valueRequired":true,"valueName":"search_term_string"}}],"inLanguage":"hu"}]}},"_links":{"self":[{"href":"https:\/\/univet.hu\/konyvtar\/wp-json\/wp\/v2\/pages\/371","targetHints":{"allow":["GET"]}}],"collection":[{"href":"https:\/\/univet.hu\/konyvtar\/wp-json\/wp\/v2\/pages"}],"about":[{"href":"https:\/\/univet.hu\/konyvtar\/wp-json\/wp\/v2\/types\/page"}],"author":[{"embeddable":true,"href":"https:\/\/univet.hu\/konyvtar\/wp-json\/wp\/v2\/users\/4333"}],"replies":[{"embeddable":true,"href":"https:\/\/univet.hu\/konyvtar\/wp-json\/wp\/v2\/comments?post=371"}],"version-history":[{"count":1,"href":"https:\/\/univet.hu\/konyvtar\/wp-json\/wp\/v2\/pages\/371\/revisions"}],"predecessor-version":[{"id":372,"href":"https:\/\/univet.hu\/konyvtar\/wp-json\/wp\/v2\/pages\/371\/revisions\/372"}],"up":[{"embeddable":true,"href":"https:\/\/univet.hu\/konyvtar\/wp-json\/wp\/v2\/pages\/281"}],"wp:attachment":[{"href":"https:\/\/univet.hu\/konyvtar\/wp-json\/wp\/v2\/media?parent=371"}],"wp:term":[{"taxonomy":"category","embeddable":true,"href":"https:\/\/univet.hu\/konyvtar\/wp-json\/wp\/v2\/categories?post=371"},{"taxonomy":"post_tag","embeddable":true,"href":"https:\/\/univet.hu\/konyvtar\/wp-json\/wp\/v2\/tags?post=371"}],"curies":[{"name":"wp","href":"https:\/\/api.w.org\/{rel}","templated":true}]}}