{"id":377,"date":"2025-07-09T15:56:51","date_gmt":"2025-07-09T13:56:51","guid":{"rendered":"https:\/\/univet.hu\/konyvtar\/?page_id=377"},"modified":"2026-01-12T13:54:51","modified_gmt":"2026-01-12T12:54:51","slug":"kulturalis-orokseg-napjai-2016","status":"publish","type":"page","link":"https:\/\/univet.hu\/konyvtar\/muzeum\/kiallitas-archivum\/kulturalis-orokseg-napjai-2016\/","title":{"rendered":"Kultur\u00e1lis \u00d6r\u00f6ks\u00e9g Napjai &#8211; 2016. szeptember 13."},"content":{"rendered":"<p>Rendhagy\u00f3 erzs\u00e9betv\u00e1rosi campus n\u00e9z\u0151 t\u00far\u00e1t szervezt\u00fcnk, melyek c\u00e9lja a nagy m\u00falt\u00fa \u00e1llatorvos-k\u00e9pz\u0151 int\u00e9zm\u00e9ny t\u00f6bb, mint 130 \u00e9ves parkj\u00e1nak, \u00e9p\u00fcleteinek, az ezekben testet \u00f6lt\u0151 kultur\u00e1lis \u00e9s tudom\u00e1nyos \u00e9rt\u00e9keknek a felfedez\u00e9s volte. Az \u00e1llatorvosk\u00e9pz\u00e9s helysz\u00edn\u00e9\u00fcl szolg\u00e1l\u00f3, neorenesz\u00e1nsz st\u00edlusban \u00e9p\u00fclt, Zsolnay ker\u00e1mi\u00e1kkal \u00e9s R\u00f3th Miksa \u00fcvegablakokkal d\u00edsz\u00edtett pavilonrendszer\u0171 \u00e9p\u00fcletegy\u00fcttest \u00e9s a k\u00f6r\u00fcl\u00f6tt\u00fck lev\u0151 \u0151skertt\u00e9 fejl\u0151d\u00f6tt, szobrokkal teli parkot mutattuk be. A volt f\u0151\u00e9p\u00fcletet (ma k\u00f6nyvt\u00e1r) bel\u00fclr\u0151l is a nagyk\u00f6z\u00f6ns\u00e9g el\u00e9 t\u00e1rtuk.<\/p> <p>Az \u00e9rdekl\u0151d\u0151k a s\u00e9ta ut\u00e1n az \u00c1llatorvos-t\u00f6rt\u00e9neti Gy\u0171jtem\u00e9nyben tov\u00e1bb ismerkedhettek az \u00e1llatorvosk\u00e9pz\u00e9s jeles professzoraival, a k\u00e9pz\u00e9s t\u00f6rt\u00e9net\u00e9vel \u00e9s az \u00e1llat-eg\u00e9szs\u00e9g\u00fcgyi t\u00e1rgyakkal.<\/p> <p>Vezet\u0151 neve:<\/p> <p>V\u00e1radi Ad\u00e9l<\/p> <p><iframe loading=\"lazy\" title=\"S\u00e9ta egy erzs\u00e9betv\u00e1rosi campuson - K\u00d6N napok 2016\" width=\"1280\" height=\"960\" src=\"https:\/\/www.youtube.com\/embed\/4lBwJKr1fPA?feature=oembed\" frameborder=\"0\" allow=\"accelerometer; autoplay; clipboard-write; encrypted-media; gyroscope; picture-in-picture; web-share\" referrerpolicy=\"strict-origin-when-cross-origin\" allowfullscreen><\/iframe><\/p>","protected":false},"excerpt":{"rendered":"<p>Rendhagy\u00f3 erzs\u00e9betv\u00e1rosi campus n\u00e9z\u0151 t\u00far\u00e1t szervezt\u00fcnk, melyek c\u00e9lja a nagy m\u00falt\u00fa \u00e1llatorvos-k\u00e9pz\u0151 int\u00e9zm\u00e9ny t\u00f6bb, mint 130 \u00e9ves parkj\u00e1nak, \u00e9p\u00fcleteinek, az ezekben testet \u00f6lt\u0151 kultur\u00e1lis \u00e9s tudom\u00e1nyos \u00e9rt\u00e9keknek a felfedez\u00e9s volte. Az \u00e1llatorvosk\u00e9pz\u00e9s helysz\u00edn\u00e9\u00fcl szolg\u00e1l\u00f3, neorenesz\u00e1nsz st\u00edlusban \u00e9p\u00fclt, Zsolnay ker\u00e1mi\u00e1kkal \u00e9s R\u00f3th Miksa \u00fcvegablakokkal d\u00edsz\u00edtett pavilonrendszer\u0171 \u00e9p\u00fcletegy\u00fcttest \u00e9s a k\u00f6r\u00fcl\u00f6tt\u00fck lev\u0151 \u0151skertt\u00e9 fejl\u0151d\u00f6tt, szobrokkal teli parkot<\/p>\n","protected":false},"author":4333,"featured_media":0,"parent":281,"menu_order":0,"comment_status":"closed","ping_status":"closed","template":"","meta":{"_acf_changed":false,"_eb_attr":"","footnotes":""},"categories":[21],"tags":[],"class_list":["post-377","page","type-page","status-publish","hentry","category-muzeum"],"acf":[],"yoast_head":"<!-- This site is optimized with the Yoast SEO plugin v27.2 - https:\/\/yoast.com\/product\/yoast-seo-wordpress\/ -->\n<title>Kultur\u00e1lis \u00d6r\u00f6ks\u00e9g Napjai - 2016. szeptember 13. - Hut\u00ffra Ferenc K\u00f6nyvt\u00e1r, Lev\u00e9lt\u00e1r \u00e9s M\u00fazeum<\/title>\n<meta name=\"robots\" content=\"index, follow, max-snippet:-1, max-image-preview:large, max-video-preview:-1\" \/>\n<link rel=\"canonical\" href=\"https:\/\/univet.hu\/konyvtar\/muzeum\/kiallitas-archivum\/kulturalis-orokseg-napjai-2016\/\" \/>\n<meta property=\"og:locale\" content=\"hu_HU\" \/>\n<meta property=\"og:type\" content=\"article\" \/>\n<meta property=\"og:title\" content=\"Kultur\u00e1lis \u00d6r\u00f6ks\u00e9g Napjai - 2016. szeptember 13. - Hut\u00ffra Ferenc K\u00f6nyvt\u00e1r, Lev\u00e9lt\u00e1r \u00e9s M\u00fazeum\" \/>\n<meta property=\"og:description\" content=\"Rendhagy\u00f3 erzs\u00e9betv\u00e1rosi campus n\u00e9z\u0151 t\u00far\u00e1t szervezt\u00fcnk, melyek c\u00e9lja a nagy m\u00falt\u00fa \u00e1llatorvos-k\u00e9pz\u0151 int\u00e9zm\u00e9ny t\u00f6bb, mint 130 \u00e9ves parkj\u00e1nak, \u00e9p\u00fcleteinek, az ezekben testet \u00f6lt\u0151 kultur\u00e1lis \u00e9s tudom\u00e1nyos \u00e9rt\u00e9keknek a felfedez\u00e9s volte. Az \u00e1llatorvosk\u00e9pz\u00e9s helysz\u00edn\u00e9\u00fcl szolg\u00e1l\u00f3, neorenesz\u00e1nsz st\u00edlusban \u00e9p\u00fclt, Zsolnay ker\u00e1mi\u00e1kkal \u00e9s R\u00f3th Miksa \u00fcvegablakokkal d\u00edsz\u00edtett pavilonrendszer\u0171 \u00e9p\u00fcletegy\u00fcttest \u00e9s a k\u00f6r\u00fcl\u00f6tt\u00fck lev\u0151 \u0151skertt\u00e9 fejl\u0151d\u00f6tt, szobrokkal teli parkot\" \/>\n<meta property=\"og:url\" content=\"https:\/\/univet.hu\/konyvtar\/muzeum\/kiallitas-archivum\/kulturalis-orokseg-napjai-2016\/\" \/>\n<meta property=\"og:site_name\" content=\"Hut\u00ffra Ferenc K\u00f6nyvt\u00e1r, Lev\u00e9lt\u00e1r \u00e9s M\u00fazeum\" \/>\n<meta property=\"article:modified_time\" content=\"2026-01-12T12:54:51+00:00\" \/>\n<meta name=\"twitter:card\" content=\"summary_large_image\" \/>\n<meta name=\"twitter:label1\" content=\"Becs\u00fclt olvas\u00e1si id\u0151\" \/>\n\t<meta name=\"twitter:data1\" content=\"1 perc\" \/>\n<script type=\"application\/ld+json\" class=\"yoast-schema-graph\">{\"@context\":\"https:\/\/schema.org\",\"@graph\":[{\"@type\":\"WebPage\",\"@id\":\"https:\/\/univet.hu\/konyvtar\/muzeum\/kiallitas-archivum\/kulturalis-orokseg-napjai-2016\/\",\"url\":\"https:\/\/univet.hu\/konyvtar\/muzeum\/kiallitas-archivum\/kulturalis-orokseg-napjai-2016\/\",\"name\":\"Kultur\u00e1lis \u00d6r\u00f6ks\u00e9g Napjai - 2016. szeptember 13. - Hut\u00ffra Ferenc K\u00f6nyvt\u00e1r, Lev\u00e9lt\u00e1r \u00e9s M\u00fazeum\",\"isPartOf\":{\"@id\":\"https:\/\/univet.hu\/konyvtar\/#website\"},\"datePublished\":\"2025-07-09T13:56:51+00:00\",\"dateModified\":\"2026-01-12T12:54:51+00:00\",\"breadcrumb\":{\"@id\":\"https:\/\/univet.hu\/konyvtar\/muzeum\/kiallitas-archivum\/kulturalis-orokseg-napjai-2016\/#breadcrumb\"},\"inLanguage\":\"hu\",\"potentialAction\":[{\"@type\":\"ReadAction\",\"target\":[\"https:\/\/univet.hu\/konyvtar\/muzeum\/kiallitas-archivum\/kulturalis-orokseg-napjai-2016\/\"]}]},{\"@type\":\"BreadcrumbList\",\"@id\":\"https:\/\/univet.hu\/konyvtar\/muzeum\/kiallitas-archivum\/kulturalis-orokseg-napjai-2016\/#breadcrumb\",\"itemListElement\":[{\"@type\":\"ListItem\",\"position\":1,\"name\":\"Kezd\u0151lap\",\"item\":\"https:\/\/univet.hu\/konyvtar\/\"},{\"@type\":\"ListItem\",\"position\":2,\"name\":\"M\u00fazeum\",\"item\":\"https:\/\/univet.hu\/konyvtar\/muzeum\/\"},{\"@type\":\"ListItem\",\"position\":3,\"name\":\"Ki\u00e1ll\u00edt\u00e1s arch\u00edvum\",\"item\":\"https:\/\/univet.hu\/konyvtar\/muzeum\/kiallitas-archivum\/\"},{\"@type\":\"ListItem\",\"position\":4,\"name\":\"Kultur\u00e1lis \u00d6r\u00f6ks\u00e9g Napjai &#8211; 2016. szeptember 13.\"}]},{\"@type\":\"WebSite\",\"@id\":\"https:\/\/univet.hu\/konyvtar\/#website\",\"url\":\"https:\/\/univet.hu\/konyvtar\/\",\"name\":\"Hut\u00ffra Ferenc K\u00f6nyvt\u00e1r, Lev\u00e9lt\u00e1r \u00e9s M\u00fazeum\",\"description\":\"\",\"potentialAction\":[{\"@type\":\"SearchAction\",\"target\":{\"@type\":\"EntryPoint\",\"urlTemplate\":\"https:\/\/univet.hu\/konyvtar\/?s={search_term_string}\"},\"query-input\":{\"@type\":\"PropertyValueSpecification\",\"valueRequired\":true,\"valueName\":\"search_term_string\"}}],\"inLanguage\":\"hu\"}]}<\/script>\n<!-- \/ Yoast SEO plugin. -->","yoast_head_json":{"title":"Kultur\u00e1lis \u00d6r\u00f6ks\u00e9g Napjai - 2016. szeptember 13. - Hut\u00ffra Ferenc K\u00f6nyvt\u00e1r, Lev\u00e9lt\u00e1r \u00e9s M\u00fazeum","robots":{"index":"index","follow":"follow","max-snippet":"max-snippet:-1","max-image-preview":"max-image-preview:large","max-video-preview":"max-video-preview:-1"},"canonical":"https:\/\/univet.hu\/konyvtar\/muzeum\/kiallitas-archivum\/kulturalis-orokseg-napjai-2016\/","og_locale":"hu_HU","og_type":"article","og_title":"Kultur\u00e1lis \u00d6r\u00f6ks\u00e9g Napjai - 2016. szeptember 13. - Hut\u00ffra Ferenc K\u00f6nyvt\u00e1r, Lev\u00e9lt\u00e1r \u00e9s M\u00fazeum","og_description":"Rendhagy\u00f3 erzs\u00e9betv\u00e1rosi campus n\u00e9z\u0151 t\u00far\u00e1t szervezt\u00fcnk, melyek c\u00e9lja a nagy m\u00falt\u00fa \u00e1llatorvos-k\u00e9pz\u0151 int\u00e9zm\u00e9ny t\u00f6bb, mint 130 \u00e9ves parkj\u00e1nak, \u00e9p\u00fcleteinek, az ezekben testet \u00f6lt\u0151 kultur\u00e1lis \u00e9s tudom\u00e1nyos \u00e9rt\u00e9keknek a felfedez\u00e9s volte. Az \u00e1llatorvosk\u00e9pz\u00e9s helysz\u00edn\u00e9\u00fcl szolg\u00e1l\u00f3, neorenesz\u00e1nsz st\u00edlusban \u00e9p\u00fclt, Zsolnay ker\u00e1mi\u00e1kkal \u00e9s R\u00f3th Miksa \u00fcvegablakokkal d\u00edsz\u00edtett pavilonrendszer\u0171 \u00e9p\u00fcletegy\u00fcttest \u00e9s a k\u00f6r\u00fcl\u00f6tt\u00fck lev\u0151 \u0151skertt\u00e9 fejl\u0151d\u00f6tt, szobrokkal teli parkot","og_url":"https:\/\/univet.hu\/konyvtar\/muzeum\/kiallitas-archivum\/kulturalis-orokseg-napjai-2016\/","og_site_name":"Hut\u00ffra Ferenc K\u00f6nyvt\u00e1r, Lev\u00e9lt\u00e1r \u00e9s M\u00fazeum","article_modified_time":"2026-01-12T12:54:51+00:00","twitter_card":"summary_large_image","twitter_misc":{"Becs\u00fclt olvas\u00e1si id\u0151":"1 perc"},"schema":{"@context":"https:\/\/schema.org","@graph":[{"@type":"WebPage","@id":"https:\/\/univet.hu\/konyvtar\/muzeum\/kiallitas-archivum\/kulturalis-orokseg-napjai-2016\/","url":"https:\/\/univet.hu\/konyvtar\/muzeum\/kiallitas-archivum\/kulturalis-orokseg-napjai-2016\/","name":"Kultur\u00e1lis \u00d6r\u00f6ks\u00e9g Napjai - 2016. szeptember 13. - Hut\u00ffra Ferenc K\u00f6nyvt\u00e1r, Lev\u00e9lt\u00e1r \u00e9s M\u00fazeum","isPartOf":{"@id":"https:\/\/univet.hu\/konyvtar\/#website"},"datePublished":"2025-07-09T13:56:51+00:00","dateModified":"2026-01-12T12:54:51+00:00","breadcrumb":{"@id":"https:\/\/univet.hu\/konyvtar\/muzeum\/kiallitas-archivum\/kulturalis-orokseg-napjai-2016\/#breadcrumb"},"inLanguage":"hu","potentialAction":[{"@type":"ReadAction","target":["https:\/\/univet.hu\/konyvtar\/muzeum\/kiallitas-archivum\/kulturalis-orokseg-napjai-2016\/"]}]},{"@type":"BreadcrumbList","@id":"https:\/\/univet.hu\/konyvtar\/muzeum\/kiallitas-archivum\/kulturalis-orokseg-napjai-2016\/#breadcrumb","itemListElement":[{"@type":"ListItem","position":1,"name":"Kezd\u0151lap","item":"https:\/\/univet.hu\/konyvtar\/"},{"@type":"ListItem","position":2,"name":"M\u00fazeum","item":"https:\/\/univet.hu\/konyvtar\/muzeum\/"},{"@type":"ListItem","position":3,"name":"Ki\u00e1ll\u00edt\u00e1s arch\u00edvum","item":"https:\/\/univet.hu\/konyvtar\/muzeum\/kiallitas-archivum\/"},{"@type":"ListItem","position":4,"name":"Kultur\u00e1lis \u00d6r\u00f6ks\u00e9g Napjai &#8211; 2016. szeptember 13."}]},{"@type":"WebSite","@id":"https:\/\/univet.hu\/konyvtar\/#website","url":"https:\/\/univet.hu\/konyvtar\/","name":"Hut\u00ffra Ferenc K\u00f6nyvt\u00e1r, Lev\u00e9lt\u00e1r \u00e9s M\u00fazeum","description":"","potentialAction":[{"@type":"SearchAction","target":{"@type":"EntryPoint","urlTemplate":"https:\/\/univet.hu\/konyvtar\/?s={search_term_string}"},"query-input":{"@type":"PropertyValueSpecification","valueRequired":true,"valueName":"search_term_string"}}],"inLanguage":"hu"}]}},"_links":{"self":[{"href":"https:\/\/univet.hu\/konyvtar\/wp-json\/wp\/v2\/pages\/377","targetHints":{"allow":["GET"]}}],"collection":[{"href":"https:\/\/univet.hu\/konyvtar\/wp-json\/wp\/v2\/pages"}],"about":[{"href":"https:\/\/univet.hu\/konyvtar\/wp-json\/wp\/v2\/types\/page"}],"author":[{"embeddable":true,"href":"https:\/\/univet.hu\/konyvtar\/wp-json\/wp\/v2\/users\/4333"}],"replies":[{"embeddable":true,"href":"https:\/\/univet.hu\/konyvtar\/wp-json\/wp\/v2\/comments?post=377"}],"version-history":[{"count":1,"href":"https:\/\/univet.hu\/konyvtar\/wp-json\/wp\/v2\/pages\/377\/revisions"}],"predecessor-version":[{"id":378,"href":"https:\/\/univet.hu\/konyvtar\/wp-json\/wp\/v2\/pages\/377\/revisions\/378"}],"up":[{"embeddable":true,"href":"https:\/\/univet.hu\/konyvtar\/wp-json\/wp\/v2\/pages\/281"}],"wp:attachment":[{"href":"https:\/\/univet.hu\/konyvtar\/wp-json\/wp\/v2\/media?parent=377"}],"wp:term":[{"taxonomy":"category","embeddable":true,"href":"https:\/\/univet.hu\/konyvtar\/wp-json\/wp\/v2\/categories?post=377"},{"taxonomy":"post_tag","embeddable":true,"href":"https:\/\/univet.hu\/konyvtar\/wp-json\/wp\/v2\/tags?post=377"}],"curies":[{"name":"wp","href":"https:\/\/api.w.org\/{rel}","templated":true}]}}