{"id":409,"date":"2025-07-10T08:28:19","date_gmt":"2025-07-10T06:28:19","guid":{"rendered":"https:\/\/univet.hu\/konyvtar\/?page_id=409"},"modified":"2026-01-12T13:54:52","modified_gmt":"2026-01-12T12:54:52","slug":"muzej-2018","status":"publish","type":"page","link":"https:\/\/univet.hu\/konyvtar\/muzeum\/muzeumok-ejszakaja\/muzej-2018\/","title":{"rendered":"M\u00fazeumok \u00c9jszak\u00e1ja 2018"},"content":{"rendered":"<p><strong>M\u00fazeumok \u00e9jszak\u00e1ja \u2013 2018. j\u00fanius 23. szombat<a href=\"https:\/\/univet.hu\/konyvtar\/muzeumok-ejszakaja-2018\/web_hk24-768x512\/\" rel=\"attachment wp-att-422\"><img loading=\"lazy\" decoding=\"async\" class=\"alignright wp-image-422 size-medium\" src=\"https:\/\/univet.hu\/konyvtar\/wp-content\/uploads\/sites\/17\/2025\/07\/web_HK24-768x512-1-300x200.jpg\" alt=\"\" width=\"300\" height=\"200\" srcset=\"https:\/\/univet.hu\/konyvtar\/wp-content\/uploads\/sites\/17\/2025\/07\/web_HK24-768x512-1-300x200.jpg 300w, https:\/\/univet.hu\/konyvtar\/wp-content\/uploads\/sites\/17\/2025\/07\/web_HK24-768x512-1.jpg 768w\" sizes=\"auto, (max-width: 300px) 100vw, 300px\" \/><\/a><\/strong><\/p> <p>\u00c1llatorvost\u00f6rt\u00e9neti gy\u0171jtem\u00e9ny \u2013 \u00c1llatorvostudom\u00e1nyi Egyetem<\/p> <p><strong>Ki\u00e1ll\u00edt\u00e1sok (16:00 \u2013 24:00)<\/strong><\/p> <ul> <li>Egyetemt\u00f6rt\u00e9neti ki\u00e1ll\u00edt\u00e1s (\u00daj \u00e1lland\u00f3 ki\u00e1ll\u00edt\u00e1s) <ul> <li>T\u00e1rlatvezet\u00e9s: Egyetemt\u00f6rt\u00e9net anekdot\u00e1kkal Dr. K\u00f3tai Istv\u00e1n vezet\u00e9s\u00e9vel. Indul\u00e1si id\u0151pontok: 19.00; 21.00 \u00e9s 23.00<\/li> <\/ul> <\/li> <li>Juh\u00e1sz Alexandra PhD hallgat\u00f3 fot\u00f3ki\u00e1ll\u00edt\u00e1sa \u00e9s j\u00f3t\u00e9konys\u00e1gi fot\u00f3v\u00e1s\u00e1ra a Kruger Nemzeti Parkban k\u00e9sz\u00fclt k\u00e9peib\u0151l (Ideiglenes Ki\u00e1ll\u00edt\u00e1s)<\/li> <li>Jakab Fl\u00f3ra harmad\u00e9ves \u00e1llatorvostan-hallgat\u00f3 term\u00e9szetfot\u00f3 ki\u00e1ll\u00edt\u00e1sa (Ideiglenes Ki\u00e1ll\u00edt\u00e1s)<\/li> <li>Tudtad-e? \u00c9rdekess\u00e9gek a lovak vil\u00e1g\u00e1r\u00f3l (Ideiglenes Ki\u00e1ll\u00edt\u00e1s)<\/li> <\/ul> <p><strong><a href=\"https:\/\/univet.hu\/konyvtar\/muzeumok-ejszakaja-2018\/web_hk85-768x512\/\" rel=\"attachment wp-att-419\"><img loading=\"lazy\" decoding=\"async\" class=\"alignright wp-image-419 size-medium\" src=\"https:\/\/univet.hu\/konyvtar\/wp-content\/uploads\/sites\/17\/2025\/07\/web_HK85-768x512-1-300x200.jpg\" alt=\"\" width=\"300\" height=\"200\" srcset=\"https:\/\/univet.hu\/konyvtar\/wp-content\/uploads\/sites\/17\/2025\/07\/web_HK85-768x512-1-300x200.jpg 300w, https:\/\/univet.hu\/konyvtar\/wp-content\/uploads\/sites\/17\/2025\/07\/web_HK85-768x512-1.jpg 768w\" sizes=\"auto, (max-width: 300px) 100vw, 300px\" \/><\/a>Programok (16.00 \u2013 24.00)<\/strong><\/p> <ul> <li>Tudtad-e? \u00c1llat- \u00e9s Egyetemismereti kv\u00edz<\/li> <li>Kreat\u00edv foglalkoz\u00e1sok gyerekeknek: pap\u00edrb\u00f3l l\u00f3 k\u00e9sz\u00edt\u00e9s, lovas rajzverseny, lovas sz\u00ednez\u0151k<\/li> <li>Eml\u00e9kezz! \u2013 \u00c1llati mem\u00f3riaj\u00e1t\u00e9k<\/li> <li>3D Puzzle \u2013 Rakd ki s\u00edkban \u00e9s t\u00e9rben!<\/li> <li>Simogatni j\u00f3! \u2013 \u00c1llatsimogat\u00f3 kicsiknek \u00e9s nagyoknak<\/li> <li>\u00c9n pici p\u00f3nim \u2013 P\u00f3ni simogat\u00e1s<\/li> <li>\u00c1llati kincsvad\u00e1szat kicsiknek \u00e9s nagyoknak \u2013 a Campus kertj\u00e9ben<\/li> <\/ul> <p><strong>El\u0151ad\u00e1sok (18:45 \u2013 23:00)<\/strong><\/p> <table style=\"width: 60.3642%;height: 504px\" width=\"604\"> <tbody> <tr style=\"height: 48px\"> <td style=\"width: 19.3942%;height: 48px\" colspan=\"2\" width=\"96\">18:45<\/td> <td style=\"width: 78.9611%;height: 48px\" width=\"508\">Megnyit\u00f3<br \/> Eredm\u00e9nyhirdet\u00e9s<\/td> <\/tr> <tr style=\"height: 48px\"> <td style=\"width: 19.3942%;height: 48px\" colspan=\"2\" width=\"96\">19:00 \u2013 19:30<\/td> <td style=\"width: 78.9611%;height: 48px\" width=\"508\"><a href=\"https:\/\/univet.hu\/konyvtar\/?attachment_id=416\">Nemzeti kincs\u00fcnk a l\u00f3<\/a><br \/> El\u0151ad\u00f3: D<em>r. S\u00f3tonyi P\u00e9ter<\/em><\/td> <\/tr> <tr style=\"height: 48px\"> <td style=\"width: 19.3942%;height: 48px\" colspan=\"2\" width=\"96\">19:30 \u2013 20:00<\/td> <td style=\"width: 78.9611%;height: 48px\" width=\"508\"><a href=\"https:\/\/univet.hu\/konyvtar\/?attachment_id=413\">M\u00fazeumok \u00e9jszak\u00e1ja<\/a><br \/> El\u0151ad\u00f3: <em>Dr. Farkas R\u00f3bert<\/em><\/td> <\/tr> <tr style=\"height: 48px\"> <td style=\"width: 19.3942%;height: 48px\" colspan=\"2\" width=\"96\">20:00 \u2013 20:30<\/td> <td style=\"width: 78.9611%;height: 48px\" width=\"508\">Ma m\u00e1r meggy\u00f3gy\u00edtj\u00e1k a t\u00f6r\u00f6tt l\u00e1b\u00fa lovat<br \/> El\u0151ad\u00f3: <em>Dr. Bod\u00f3 G\u00e1bor<\/em><\/td> <\/tr> <tr style=\"height: 72px\"> <td style=\"width: 19.3942%;height: 72px\" colspan=\"2\" width=\"96\">20:30 \u2013 21:00<\/td> <td style=\"width: 78.9611%;height: 72px\" width=\"508\">Benn\u00fcnk \u00e9l\u0151 bakt\u00e9riumok \u00e9s molekul\u00e1ik \u2013 a l\u00f3t\u00f3l a szarvasmarh\u00e1n \u00e1t az emberig<br \/> El\u0151ad\u00f3: <em>Dr. M\u00e1tis G\u00e1bor<\/em><\/td> <\/tr> <tr style=\"height: 72px\"> <td style=\"width: 19.3942%;height: 72px\" colspan=\"2\" width=\"96\">21:00 \u2013 21:30<\/td> <td style=\"width: 78.9611%;height: 72px\" width=\"508\">Bolha- \u00e9s kullancsfert\u0151z\u00f6tts\u00e9g, valamint a sz\u00edvf\u00e9rgess\u00e9g megel\u0151z\u00e9s\u00e9nek lehet\u0151s\u00e9gei kuty\u00e1k \u00e9s macsk\u00e1k eset\u00e9ben<br \/> El\u0151ad\u00f3: <em>Dr. Karancsi Zita<\/em><\/td> <\/tr> <tr style=\"height: 48px\"> <td style=\"width: 19.3942%;height: 48px\" colspan=\"2\" width=\"96\">21:30 \u2013 22:00<\/td> <td style=\"width: 78.9611%;height: 48px\" width=\"508\">\u201e\u00c1llati (j\u00f3) k\u00e9mia\u201d<br \/> El\u0151ad\u00f3: <em>Dr. Vincze Zolt\u00e1n<\/em><\/td> <\/tr> <tr style=\"height: 48px\"> <td style=\"width: 19.3942%;height: 48px\" colspan=\"2\" width=\"96\">22:00 \u2013 22:30<\/td> <td style=\"width: 78.9611%;height: 48px\" width=\"508\">M\u00e9rgez\u0151 \u00e9s hallucinog\u00e9n n\u00f6v\u00e9nyek a (sz\u00e9p)irodalomban<br \/> El\u0151ad\u00f3: <em>Dr. Cserhalmi D\u00e1niel<\/em><\/td> <\/tr> <tr style=\"height: 48px\"> <td style=\"width: 19.3942%;height: 48px\" colspan=\"2\" width=\"96\">22:30 \u2013 23:00<\/td> <td style=\"width: 78.9611%;height: 48px\" width=\"508\">K\u00e9palkot\u00f3 elj\u00e1r\u00e1sok alkalmaz\u00e1sa a lovak belgy\u00f3gy\u00e1szat\u00e1ban<br \/> <em>El\u0151ad\u00f3: Dr. Bakos Zolt\u00e1n<\/em><\/td> <\/tr> <tr style=\"height: 24px\"> <td style=\"width: 19.3942%;height: 24px\" colspan=\"2\">23:00<\/td> <td style=\"width: 78.9611%;height: 24px\" width=\"508\">Z\u00e1r\u00e1s<\/td> <\/tr> <\/tbody> <\/table> <p>&nbsp;<\/p> <p><strong>Vizsg\u00e1l\u00f3dj vel\u00fcnk (19:30 \u2013 20:15)<\/strong><\/p> <ul> <li>Mi lakozik a lovak beleiben\u2026? El\u0151ad\u00f3k: <em>Dr.\u00a0Vincze Bogl\u00e1rka<\/em> \u00e9s <em>Dr. Solymosi Norbert<\/em> <ul> <li>H\u00e1zi\u00e1llatainkban \u00e9l\u0151 bakt\u00e9riumok sz\u00e1ma meghaladja a gazda testi sejtjeinek a sz\u00e1m\u00e1t. A hallgat\u00f3k \u00faj gener\u00e1ci\u00f3s szekven\u00e1l\u00e1ssal nyert adatok alapj\u00e1n, metagenomikai elemz\u00e9st v\u00e9geznek lovak bel\u00e9ben \u00e9l\u0151 bakt\u00e9riumok faj\u00f6sszet\u00e9tel\u00e9nek le\u00edr\u00e1sa c\u00e9lj\u00e1b\u00f3l.<\/li> <li>Helysz\u00edn: \u00c1TE Gy\u00f3gyszertani gyakorl\u00f3<\/li> <li>L\u00e9tsz\u00e1m: max. 10 f\u0151<\/li> <li>Regisztr\u00e1ci\u00f3: emailben a <a class=\"decrypt\" rel=\"xjolmfs\/cfbAvojwfu\/iv\" href=\"javascript:void(0);\">[Kattintson az emailc\u00edmhez]<\/a> c\u00edmen (a jelentkez\u00e9sek sorrendj\u00e9ben az els\u0151 10 visszaigazolt jelentkez\u0151t tudjuk fogadni). K\u00e9rj\u00fck az email t\u00e1rgy mez\u0151j\u00e9be \u00edrja bele: \u201cM\u00faz\u00c9j2018 \u2013 elemz\u00e9s\u201d<\/li> <li>Felszerel\u00e9s: wifi k\u00e9pes laptop sz\u00fcks\u00e9ges a statisztikai elemz\u00e9sek elv\u00e9gz\u00e9s\u00e9nek helysz\u00edni kipr\u00f3b\u00e1l\u00e1s\u00e1hoz<\/li> <\/ul> <\/li> <\/ul>","protected":false},"excerpt":{"rendered":"<p>M\u00fazeumok \u00e9jszak\u00e1ja \u2013 2018. j\u00fanius 23. szombat \u00c1llatorvost\u00f6rt\u00e9neti gy\u0171jtem\u00e9ny \u2013 \u00c1llatorvostudom\u00e1nyi Egyetem Ki\u00e1ll\u00edt\u00e1sok (16:00 \u2013 24:00) Egyetemt\u00f6rt\u00e9neti ki\u00e1ll\u00edt\u00e1s (\u00daj \u00e1lland\u00f3 ki\u00e1ll\u00edt\u00e1s) T\u00e1rlatvezet\u00e9s: Egyetemt\u00f6rt\u00e9net anekdot\u00e1kkal Dr. K\u00f3tai Istv\u00e1n vezet\u00e9s\u00e9vel. Indul\u00e1si id\u0151pontok: 19.00; 21.00 \u00e9s 23.00 Juh\u00e1sz Alexandra PhD hallgat\u00f3 fot\u00f3ki\u00e1ll\u00edt\u00e1sa \u00e9s j\u00f3t\u00e9konys\u00e1gi fot\u00f3v\u00e1s\u00e1ra a Kruger Nemzeti Parkban k\u00e9sz\u00fclt k\u00e9peib\u0151l (Ideiglenes Ki\u00e1ll\u00edt\u00e1s) Jakab Fl\u00f3ra harmad\u00e9ves \u00e1llatorvostan-hallgat\u00f3 term\u00e9szetfot\u00f3<\/p>\n","protected":false},"author":4333,"featured_media":0,"parent":384,"menu_order":3,"comment_status":"closed","ping_status":"closed","template":"","meta":{"_acf_changed":false,"_eb_attr":"","footnotes":""},"categories":[21],"tags":[],"class_list":["post-409","page","type-page","status-publish","hentry","category-muzeum"],"acf":[],"yoast_head":"<!-- This site is optimized with the Yoast SEO plugin v27.2 - https:\/\/yoast.com\/product\/yoast-seo-wordpress\/ -->\n<title>M\u00fazeumok \u00c9jszak\u00e1ja 2018 - Hut\u00ffra Ferenc K\u00f6nyvt\u00e1r, Lev\u00e9lt\u00e1r \u00e9s M\u00fazeum<\/title>\n<meta name=\"robots\" content=\"index, follow, max-snippet:-1, max-image-preview:large, max-video-preview:-1\" \/>\n<link rel=\"canonical\" href=\"https:\/\/univet.hu\/konyvtar\/muzeum\/muzeumok-ejszakaja\/muzej-2018\/\" \/>\n<meta property=\"og:locale\" content=\"hu_HU\" \/>\n<meta property=\"og:type\" content=\"article\" \/>\n<meta property=\"og:title\" content=\"M\u00fazeumok \u00c9jszak\u00e1ja 2018 - Hut\u00ffra Ferenc K\u00f6nyvt\u00e1r, Lev\u00e9lt\u00e1r \u00e9s M\u00fazeum\" \/>\n<meta property=\"og:description\" content=\"M\u00fazeumok \u00e9jszak\u00e1ja \u2013 2018. j\u00fanius 23. szombat \u00c1llatorvost\u00f6rt\u00e9neti gy\u0171jtem\u00e9ny \u2013 \u00c1llatorvostudom\u00e1nyi Egyetem Ki\u00e1ll\u00edt\u00e1sok (16:00 \u2013 24:00) Egyetemt\u00f6rt\u00e9neti ki\u00e1ll\u00edt\u00e1s (\u00daj \u00e1lland\u00f3 ki\u00e1ll\u00edt\u00e1s) T\u00e1rlatvezet\u00e9s: Egyetemt\u00f6rt\u00e9net anekdot\u00e1kkal Dr. K\u00f3tai Istv\u00e1n vezet\u00e9s\u00e9vel. Indul\u00e1si id\u0151pontok: 19.00; 21.00 \u00e9s 23.00 Juh\u00e1sz Alexandra PhD hallgat\u00f3 fot\u00f3ki\u00e1ll\u00edt\u00e1sa \u00e9s j\u00f3t\u00e9konys\u00e1gi fot\u00f3v\u00e1s\u00e1ra a Kruger Nemzeti Parkban k\u00e9sz\u00fclt k\u00e9peib\u0151l (Ideiglenes Ki\u00e1ll\u00edt\u00e1s) Jakab Fl\u00f3ra harmad\u00e9ves \u00e1llatorvostan-hallgat\u00f3 term\u00e9szetfot\u00f3\" \/>\n<meta property=\"og:url\" content=\"https:\/\/univet.hu\/konyvtar\/muzeum\/muzeumok-ejszakaja\/muzej-2018\/\" \/>\n<meta property=\"og:site_name\" content=\"Hut\u00ffra Ferenc K\u00f6nyvt\u00e1r, Lev\u00e9lt\u00e1r \u00e9s M\u00fazeum\" \/>\n<meta property=\"article:modified_time\" content=\"2026-01-12T12:54:52+00:00\" \/>\n<meta property=\"og:image\" content=\"https:\/\/univet.hu\/konyvtar\/wp-content\/uploads\/sites\/17\/2025\/07\/web_HK24-768x512-1.jpg\" \/>\n\t<meta property=\"og:image:width\" content=\"768\" \/>\n\t<meta property=\"og:image:height\" content=\"512\" \/>\n\t<meta property=\"og:image:type\" content=\"image\/jpeg\" \/>\n<meta name=\"twitter:card\" content=\"summary_large_image\" \/>\n<meta name=\"twitter:label1\" content=\"Becs\u00fclt olvas\u00e1si id\u0151\" \/>\n\t<meta name=\"twitter:data1\" content=\"3 perc\" \/>\n<script type=\"application\/ld+json\" class=\"yoast-schema-graph\">{\"@context\":\"https:\/\/schema.org\",\"@graph\":[{\"@type\":\"WebPage\",\"@id\":\"https:\/\/univet.hu\/konyvtar\/muzeum\/muzeumok-ejszakaja\/muzej-2018\/\",\"url\":\"https:\/\/univet.hu\/konyvtar\/muzeum\/muzeumok-ejszakaja\/muzej-2018\/\",\"name\":\"M\u00fazeumok \u00c9jszak\u00e1ja 2018 - Hut\u00ffra Ferenc K\u00f6nyvt\u00e1r, Lev\u00e9lt\u00e1r \u00e9s M\u00fazeum\",\"isPartOf\":{\"@id\":\"https:\/\/univet.hu\/konyvtar\/#website\"},\"primaryImageOfPage\":{\"@id\":\"https:\/\/univet.hu\/konyvtar\/muzeum\/muzeumok-ejszakaja\/muzej-2018\/#primaryimage\"},\"image\":{\"@id\":\"https:\/\/univet.hu\/konyvtar\/muzeum\/muzeumok-ejszakaja\/muzej-2018\/#primaryimage\"},\"thumbnailUrl\":\"https:\/\/univet.hu\/konyvtar\/wp-content\/uploads\/sites\/17\/2025\/07\/web_HK24-768x512-1-300x200.jpg\",\"datePublished\":\"2025-07-10T06:28:19+00:00\",\"dateModified\":\"2026-01-12T12:54:52+00:00\",\"breadcrumb\":{\"@id\":\"https:\/\/univet.hu\/konyvtar\/muzeum\/muzeumok-ejszakaja\/muzej-2018\/#breadcrumb\"},\"inLanguage\":\"hu\",\"potentialAction\":[{\"@type\":\"ReadAction\",\"target\":[\"https:\/\/univet.hu\/konyvtar\/muzeum\/muzeumok-ejszakaja\/muzej-2018\/\"]}]},{\"@type\":\"ImageObject\",\"inLanguage\":\"hu\",\"@id\":\"https:\/\/univet.hu\/konyvtar\/muzeum\/muzeumok-ejszakaja\/muzej-2018\/#primaryimage\",\"url\":\"https:\/\/univet.hu\/konyvtar\/wp-content\/uploads\/sites\/17\/2025\/07\/web_HK24-768x512-1.jpg\",\"contentUrl\":\"https:\/\/univet.hu\/konyvtar\/wp-content\/uploads\/sites\/17\/2025\/07\/web_HK24-768x512-1.jpg\",\"width\":768,\"height\":512},{\"@type\":\"BreadcrumbList\",\"@id\":\"https:\/\/univet.hu\/konyvtar\/muzeum\/muzeumok-ejszakaja\/muzej-2018\/#breadcrumb\",\"itemListElement\":[{\"@type\":\"ListItem\",\"position\":1,\"name\":\"Kezd\u0151lap\",\"item\":\"https:\/\/univet.hu\/konyvtar\/\"},{\"@type\":\"ListItem\",\"position\":2,\"name\":\"M\u00fazeum\",\"item\":\"https:\/\/univet.hu\/konyvtar\/muzeum\/\"},{\"@type\":\"ListItem\",\"position\":3,\"name\":\"M\u00fazeumok \u00c9jszak\u00e1ja\",\"item\":\"https:\/\/univet.hu\/konyvtar\/muzeum\/muzeumok-ejszakaja\/\"},{\"@type\":\"ListItem\",\"position\":4,\"name\":\"M\u00fazeumok \u00c9jszak\u00e1ja 2018\"}]},{\"@type\":\"WebSite\",\"@id\":\"https:\/\/univet.hu\/konyvtar\/#website\",\"url\":\"https:\/\/univet.hu\/konyvtar\/\",\"name\":\"Hut\u00ffra Ferenc K\u00f6nyvt\u00e1r, Lev\u00e9lt\u00e1r \u00e9s M\u00fazeum\",\"description\":\"\",\"potentialAction\":[{\"@type\":\"SearchAction\",\"target\":{\"@type\":\"EntryPoint\",\"urlTemplate\":\"https:\/\/univet.hu\/konyvtar\/?s={search_term_string}\"},\"query-input\":{\"@type\":\"PropertyValueSpecification\",\"valueRequired\":true,\"valueName\":\"search_term_string\"}}],\"inLanguage\":\"hu\"}]}<\/script>\n<!-- \/ Yoast SEO plugin. -->","yoast_head_json":{"title":"M\u00fazeumok \u00c9jszak\u00e1ja 2018 - Hut\u00ffra Ferenc K\u00f6nyvt\u00e1r, Lev\u00e9lt\u00e1r \u00e9s M\u00fazeum","robots":{"index":"index","follow":"follow","max-snippet":"max-snippet:-1","max-image-preview":"max-image-preview:large","max-video-preview":"max-video-preview:-1"},"canonical":"https:\/\/univet.hu\/konyvtar\/muzeum\/muzeumok-ejszakaja\/muzej-2018\/","og_locale":"hu_HU","og_type":"article","og_title":"M\u00fazeumok \u00c9jszak\u00e1ja 2018 - Hut\u00ffra Ferenc K\u00f6nyvt\u00e1r, Lev\u00e9lt\u00e1r \u00e9s M\u00fazeum","og_description":"M\u00fazeumok \u00e9jszak\u00e1ja \u2013 2018. j\u00fanius 23. szombat \u00c1llatorvost\u00f6rt\u00e9neti gy\u0171jtem\u00e9ny \u2013 \u00c1llatorvostudom\u00e1nyi Egyetem Ki\u00e1ll\u00edt\u00e1sok (16:00 \u2013 24:00) Egyetemt\u00f6rt\u00e9neti ki\u00e1ll\u00edt\u00e1s (\u00daj \u00e1lland\u00f3 ki\u00e1ll\u00edt\u00e1s) T\u00e1rlatvezet\u00e9s: Egyetemt\u00f6rt\u00e9net anekdot\u00e1kkal Dr. K\u00f3tai Istv\u00e1n vezet\u00e9s\u00e9vel. Indul\u00e1si id\u0151pontok: 19.00; 21.00 \u00e9s 23.00 Juh\u00e1sz Alexandra PhD hallgat\u00f3 fot\u00f3ki\u00e1ll\u00edt\u00e1sa \u00e9s j\u00f3t\u00e9konys\u00e1gi fot\u00f3v\u00e1s\u00e1ra a Kruger Nemzeti Parkban k\u00e9sz\u00fclt k\u00e9peib\u0151l (Ideiglenes Ki\u00e1ll\u00edt\u00e1s) Jakab Fl\u00f3ra harmad\u00e9ves \u00e1llatorvostan-hallgat\u00f3 term\u00e9szetfot\u00f3","og_url":"https:\/\/univet.hu\/konyvtar\/muzeum\/muzeumok-ejszakaja\/muzej-2018\/","og_site_name":"Hut\u00ffra Ferenc K\u00f6nyvt\u00e1r, Lev\u00e9lt\u00e1r \u00e9s M\u00fazeum","article_modified_time":"2026-01-12T12:54:52+00:00","og_image":[{"width":768,"height":512,"url":"https:\/\/univet.hu\/konyvtar\/wp-content\/uploads\/sites\/17\/2025\/07\/web_HK24-768x512-1.jpg","type":"image\/jpeg"}],"twitter_card":"summary_large_image","twitter_misc":{"Becs\u00fclt olvas\u00e1si id\u0151":"3 perc"},"schema":{"@context":"https:\/\/schema.org","@graph":[{"@type":"WebPage","@id":"https:\/\/univet.hu\/konyvtar\/muzeum\/muzeumok-ejszakaja\/muzej-2018\/","url":"https:\/\/univet.hu\/konyvtar\/muzeum\/muzeumok-ejszakaja\/muzej-2018\/","name":"M\u00fazeumok \u00c9jszak\u00e1ja 2018 - Hut\u00ffra Ferenc K\u00f6nyvt\u00e1r, Lev\u00e9lt\u00e1r \u00e9s M\u00fazeum","isPartOf":{"@id":"https:\/\/univet.hu\/konyvtar\/#website"},"primaryImageOfPage":{"@id":"https:\/\/univet.hu\/konyvtar\/muzeum\/muzeumok-ejszakaja\/muzej-2018\/#primaryimage"},"image":{"@id":"https:\/\/univet.hu\/konyvtar\/muzeum\/muzeumok-ejszakaja\/muzej-2018\/#primaryimage"},"thumbnailUrl":"https:\/\/univet.hu\/konyvtar\/wp-content\/uploads\/sites\/17\/2025\/07\/web_HK24-768x512-1-300x200.jpg","datePublished":"2025-07-10T06:28:19+00:00","dateModified":"2026-01-12T12:54:52+00:00","breadcrumb":{"@id":"https:\/\/univet.hu\/konyvtar\/muzeum\/muzeumok-ejszakaja\/muzej-2018\/#breadcrumb"},"inLanguage":"hu","potentialAction":[{"@type":"ReadAction","target":["https:\/\/univet.hu\/konyvtar\/muzeum\/muzeumok-ejszakaja\/muzej-2018\/"]}]},{"@type":"ImageObject","inLanguage":"hu","@id":"https:\/\/univet.hu\/konyvtar\/muzeum\/muzeumok-ejszakaja\/muzej-2018\/#primaryimage","url":"https:\/\/univet.hu\/konyvtar\/wp-content\/uploads\/sites\/17\/2025\/07\/web_HK24-768x512-1.jpg","contentUrl":"https:\/\/univet.hu\/konyvtar\/wp-content\/uploads\/sites\/17\/2025\/07\/web_HK24-768x512-1.jpg","width":768,"height":512},{"@type":"BreadcrumbList","@id":"https:\/\/univet.hu\/konyvtar\/muzeum\/muzeumok-ejszakaja\/muzej-2018\/#breadcrumb","itemListElement":[{"@type":"ListItem","position":1,"name":"Kezd\u0151lap","item":"https:\/\/univet.hu\/konyvtar\/"},{"@type":"ListItem","position":2,"name":"M\u00fazeum","item":"https:\/\/univet.hu\/konyvtar\/muzeum\/"},{"@type":"ListItem","position":3,"name":"M\u00fazeumok \u00c9jszak\u00e1ja","item":"https:\/\/univet.hu\/konyvtar\/muzeum\/muzeumok-ejszakaja\/"},{"@type":"ListItem","position":4,"name":"M\u00fazeumok \u00c9jszak\u00e1ja 2018"}]},{"@type":"WebSite","@id":"https:\/\/univet.hu\/konyvtar\/#website","url":"https:\/\/univet.hu\/konyvtar\/","name":"Hut\u00ffra Ferenc K\u00f6nyvt\u00e1r, Lev\u00e9lt\u00e1r \u00e9s M\u00fazeum","description":"","potentialAction":[{"@type":"SearchAction","target":{"@type":"EntryPoint","urlTemplate":"https:\/\/univet.hu\/konyvtar\/?s={search_term_string}"},"query-input":{"@type":"PropertyValueSpecification","valueRequired":true,"valueName":"search_term_string"}}],"inLanguage":"hu"}]}},"_links":{"self":[{"href":"https:\/\/univet.hu\/konyvtar\/wp-json\/wp\/v2\/pages\/409","targetHints":{"allow":["GET"]}}],"collection":[{"href":"https:\/\/univet.hu\/konyvtar\/wp-json\/wp\/v2\/pages"}],"about":[{"href":"https:\/\/univet.hu\/konyvtar\/wp-json\/wp\/v2\/types\/page"}],"author":[{"embeddable":true,"href":"https:\/\/univet.hu\/konyvtar\/wp-json\/wp\/v2\/users\/4333"}],"replies":[{"embeddable":true,"href":"https:\/\/univet.hu\/konyvtar\/wp-json\/wp\/v2\/comments?post=409"}],"version-history":[{"count":2,"href":"https:\/\/univet.hu\/konyvtar\/wp-json\/wp\/v2\/pages\/409\/revisions"}],"predecessor-version":[{"id":428,"href":"https:\/\/univet.hu\/konyvtar\/wp-json\/wp\/v2\/pages\/409\/revisions\/428"}],"up":[{"embeddable":true,"href":"https:\/\/univet.hu\/konyvtar\/wp-json\/wp\/v2\/pages\/384"}],"wp:attachment":[{"href":"https:\/\/univet.hu\/konyvtar\/wp-json\/wp\/v2\/media?parent=409"}],"wp:term":[{"taxonomy":"category","embeddable":true,"href":"https:\/\/univet.hu\/konyvtar\/wp-json\/wp\/v2\/categories?post=409"},{"taxonomy":"post_tag","embeddable":true,"href":"https:\/\/univet.hu\/konyvtar\/wp-json\/wp\/v2\/tags?post=409"}],"curies":[{"name":"wp","href":"https:\/\/api.w.org\/{rel}","templated":true}]}}