{"id":435,"date":"2025-07-10T08:36:33","date_gmt":"2025-07-10T06:36:33","guid":{"rendered":"https:\/\/univet.hu\/konyvtar\/?page_id=435"},"modified":"2026-01-12T13:54:52","modified_gmt":"2026-01-12T12:54:52","slug":"muzej-2017","status":"publish","type":"page","link":"https:\/\/univet.hu\/konyvtar\/muzeum\/muzeumok-ejszakaja\/muzej-2017\/","title":{"rendered":"M\u00fazeumok \u00c9jszak\u00e1ja 2017"},"content":{"rendered":"<div class=\"entry-content\"> <div class=\"page-header\"> <h5>2017. j\u00fanius 24. szombat<\/h5> <p>&nbsp;<\/p> <p><strong>El\u0151ad\u00e1sok:\u00a0<\/strong><\/p> <\/div> <div> <div> <p>19:00 \u2013 19:30: <strong>A szapor\u00edt\u00f3szervek k\u00fcl\u00f6nlegess\u00e9gei (Dr. Reinitz L\u00e1szl\u00f3 Zolt\u00e1n)<\/strong>19:30 \u2013 20:00:\u00a0<strong>Mi van a r\u00e1kok ersz\u00e9ny\u00e9ben? (Dr. Hornung Erzs\u00e9bet)<\/strong>20:00 \u2013 20:30:\u00a0<strong>Az embri\u00f3 korai fejl\u0151d\u00e9se \u2013 \u00f6sszehasonl\u00edt\u00e1sa \u00e1llatban \u00e9s emberben (Dr. Cseh S\u00e1ndor)<\/strong><\/p> <p>20:30 \u2013 21:00:<strong>\u00a0Kedv, er\u00e9nyek, lepk\u00e9k (Dr. Kis J\u00e1nos)<\/strong><\/p> <p>21:00 \u2013 21:30:\u00a0<strong>Az \u00e1llatok szaporod\u00e1s\u00e1nak \u00e9lettani alapjai (Dr. Bartha Tibor)<\/strong><\/p> <p>21:30 \u2013 22:00:\u00a0<strong>\u00c9rdekess\u00e9gek az egzotikus \u00e1llatok szaporod\u00e1s\u00e1r\u00f3l (Dr. G\u00e1l J\u00e1nos)<\/strong><\/p> <\/div> <\/div> <\/div> <div><\/div> <div> <div> <div><strong>Ki\u00e1ll\u00edt\u00e1sok:<\/strong><\/div> <\/div> <\/div> <div class=\"entry-content\"> <div> <div> <ul> <li><strong>\u00c1llatorvosl\u00e1s \u00e9s egyetemt\u00f6rt\u00e9net<\/strong><\/li> <\/ul> <\/div> <div>Az \u00e1llatorvos-t\u00f6rt\u00e9neti eml\u00e9kek rendszerezett t\u00e1r\u00e1t els\u0151 \u00edzben Daday Andr\u00e1s professzor \u00e1ll\u00edtotta fel 1937-ben az Egyetem k\u00f6zponti \u00e9p\u00fclet\u00e9ben. A h\u00e1bor\u00fa vihara jelent\u0151sen megt\u00e9p\u00e1zta \u00e9s sz\u00e9tsz\u00f3rta a sz\u00e9p gy\u0171jtem\u00e9nyt. Mai form\u00e1j\u00e1ban 1984 szeptember\u00e9ben ny\u00edlt meg a gazdag eml\u00e9kt\u00e1r. A ki\u00e1ll\u00edtott anyagot h\u00e1rmas tagoz\u00f3d\u00e1sban szeml\u00e9lheti meg a l\u00e1togat\u00f3.<\/div> <div> <ul> <li><strong>Hagyom\u00e1nyos \u00e1llattart\u00e1s Erd\u00e9lyben\u00a0<\/strong><\/li> <\/ul> <p>Dr. Per\u00e9nyi J\u00e1nos fot\u00f3ki\u00e1ll\u00edt\u00e1sa \u2013 Photo exhibition by J\u00e1nos Per\u00e9nyi, DVM<\/p> <\/div> <div> <ul> <li><strong>\u00cdgy (sz)\u00e9p\u00fclt \u2013 Campust\u00f6rt\u00e9neti fot\u00f3ki\u00e1ll\u00edt\u00e1s az 1970-es \u00e9vekben elk\u00e9sz\u00fclt \u00e9s el nem k\u00e9sz\u00fclt \u201e\u00faj\u201d \u00e9p\u00fcletekr\u0151l<\/strong><\/li> <\/ul> <p>Az \u00c1llatorvostudom\u00e1nyi Egyetem 1881 \u00f3ta m\u0171k\u00f6dik a mai campuson, az Istv\u00e1n, a Rottenbiller, a Dembinszky \u00e9s a Bethlen G\u00e1bor utca \u00e9s t\u00e9r \u00e1ltal hat\u00e1rolt telken.<\/p> <\/div> <div>\u201cA Rottenbiller utcai telken [\u2026] olasz renesz\u00e1nsz st\u00edlusban, Zsolnay-majolik\u00e1val Claude Bernard, Helmholtz, Dalton \u00e9s Lavoisier portr\u00e9j\u00e1val d\u00edsz\u00edtett, pavilon rendszerben fel\u00e9p\u00edtett int\u00e9zet [\u2026] a gazdagon f\u00e1s\u00edtott angolkertben impoz\u00e1ns l\u00e1tv\u00e1nyt ny\u00fajtott\u201d \u2013 olvashatjuk a 20 \u00e9vvel ezel\u0151tt megjelent 200 \u00e9ves a magyar \u00e1llatorvosi fels\u0151oktat\u00e1s c\u00edm\u0171 k\u00f6nyvben. Az 1881-ben kialak\u00edtott pavilonok egy r\u00e9sz\u00e9t a 20. sz\u00e1zad 60-as \u00e9s 70-es \u00e9veiben lebontott\u00e1k \u00e9s a ma is ismert \u201cl\u00e1bas h\u00e1zakat\u201d \u00e9p\u00edtett\u00e9k a hely\u00fckre, amelyek keletkez\u00e9s\u00e9vel ki\u00e1ll\u00edt\u00e1sunk foglalkozik.<\/div> <div>A ki\u00e1ll\u00edt\u00e1s els\u0151 r\u00e9sze bemutatja az 1881-ben \u00e1tadott campust \u00e9s a k\u00f6vetkez\u0151 80 \u00e9v n\u00e9h\u00e1ny \u00e9p\u00edtkez\u00e9s\u00e9t, b\u0151v\u00edt\u00e9s\u00e9t. V\u00e9g\u00fcl el\u00e9rkez\u00fcnk az 1970-es \u00e9vekben zajlott \u00e9p\u00edtkez\u00e9shez, ahol a l\u00e1togat\u00f3k l\u00e1thatnak meg nem val\u00f3sult terveket rajzon \u00e9s maketten, illetve mag\u00e1nak az \u00e9p\u00edtkez\u00e9snek a fot\u00f3kkal j\u00f3l dokument\u00e1lt folyamat\u00e1t, amelynek eredm\u00e9nyek\u00e9nt l\u00e9trej\u00f6tt \u00e9p\u00fcletegy\u00fcttesben az \u00c1llatorvos-t\u00f6rt\u00e9neti Gy\u0171jtem\u00e9ny is helyet kapott.<\/div> <div> <ul> <li><strong>P\u00e1ros \u00e9let az \u00e1llatvil\u00e1gban<\/strong><\/li> <\/ul> <\/div> <div>Az \u00c1llatorvostudom\u00e1nyi Egyetem a M\u00fazeumok \u00c9jszak\u00e1ja rendezv\u00e9nysorozat alkalm\u00e1b\u00f3l fot\u00f3p\u00e1ly\u00e1zatot hirdetett P\u00e1ros \u00e9let az \u00e1llatvil\u00e1gban c\u00edmmel, amelynek legjobb 20 fot\u00f3j\u00e1t lehet a ki\u00e1ll\u00edt\u00e1son megtekinteni.<\/div> <div>A ki\u00e1ll\u00edt\u00e1s ideje alatt a k\u00f6z\u00f6ns\u00e9g szavazhat a k\u00e9pekre.<\/div> <div>A legt\u00f6bb szavazatot kapott f\u00e9nyk\u00e9p k\u00f6z\u00f6ns\u00e9gd\u00edjas lesz.<\/div> <div><\/div> <div>On the occasion of the Night of Museums, the University of Veterinary Medicine announced a photo contest entitled Couples in the animal kingdom, the best 20 photos of which will be on show during the night programme.<\/div> <div>Visitors can vote for the photos during the exhibition.<\/div> <div>The artist of the best photo will receive an award.<\/div> <div> <ul> <li>Tudtad-e? \u2013 \u00c9rdekess\u00e9gek az \u00e1llatorvos-tudom\u00e1ny ter\u00fclet\u00e9r\u0151l<\/li> <\/ul> <\/div> <\/div> <\/div> <div> <div> <div> <div> <div><strong>T\u00e1rlatvezet\u00e9s:<\/strong><\/div> <\/div> <\/div> <\/div> <\/div> <div class=\"entry-content\"> <div> <div> <ul> <li><strong>\u00c1llatorvosl\u00e1s \u00e9s egyetemt\u00f6rt\u00e9net \u2013 t\u00e1rlatvezet\u00e9s egyetemt\u00f6rt\u00e9neti anekdot\u00e1kkal<\/strong> (18.00, 22.00, 24.00)<\/li> <\/ul> <\/div> <div> <p>A vezet\u00e9st dr. K\u00f3tai Istv\u00e1n egyetemi adjunktus tartja, akinek mag\u00e1val ragad\u00f3 el\u0151ad\u00f3i st\u00edlusa \u00e9s a sz\u00e1mtalan elhangz\u00f3 anekdota teszi a t\u00e1rlatvezet\u00e9st minden gener\u00e1ci\u00f3 sz\u00e1m\u00e1ra maradand\u00f3 \u00e9lm\u00e9nny\u00e9.<\/p> <p>A ki\u00e1ll\u00edt\u00e1s els\u0151 kilenc vitrinje az \u00e1llatgy\u00f3gy\u00e1szat eszk\u00f6zeit \u00e9s azok fejl\u0151d\u00e9s\u00e9t mutatja be, majd k\u00f6vetkezik az egyetem, ill. az \u00e1llatorvosk\u00e9pz\u00e9s t\u00f6rt\u00e9net\u00e9vel foglalkoz\u00f3 r\u00e9sz. A gy\u0171jtem\u00e9ny harmadik r\u00e9sz\u00e9t pedig az ifj. Vastagh Gy\u00f6rgy szobr\u00e1szm\u0171v\u00e9sznek a XIX-XX. sz\u00e1zad fordul\u00f3j\u00e1n k\u00e9sz\u00fclt, eredetileg demonstr\u00e1ci\u00f3s c\u00e9lokra sz\u00e1nt, m\u0171v\u00e9szi \u00e9rt\u00e9k\u0171 \u00e1llatszobrai alkotj\u00e1k.<\/p> <\/div> <\/div> <\/div> <div class=\"entry-content\"> <div> <div> <p><strong>Egy\u00e9b programok:<\/strong><\/p> <\/div> <div> <ul> <li><strong>DNS a konyh\u00e1ban \u2013 DNS izol\u00e1l\u00e1s h\u00e1ztart\u00e1sban tal\u00e1lhat\u00f3 eszk\u00f6z\u00f6kkel (bemutat\u00f3)<\/strong><\/li> <\/ul> <p>A DNS az \u00e9let tervrajza, szinte minden sejtben megtal\u00e1lhat\u00f3, sz\u00e1mos kutat\u00e1s \u00e9s film t\u00e9m\u00e1ja. A szerkezete r\u00e9g\u00f3ta ismert, de vajon szabad szemmel is l\u00e1that\u00f3v\u00e1 lehet-e tenni? Hogyan lesz \u00e9l\u0151l\u00e9ny a tervrajzb\u00f3l? Mi mindenre lehet haszn\u00e1lni? \u00c9s hogyan ker\u00fcl a konyh\u00e1ba? Ezekre a k\u00e9rd\u00e9sekre pr\u00f3b\u00e1lunk v\u00e1laszolni a bemutat\u00f3 sor\u00e1n, ahov\u00e1 minden \u00e9rdekl\u0151d\u0151t szerettel v\u00e1runk.<\/p> <\/div> <div> <ul> <li><strong>A parlagi sasok gyermekkora<\/strong>\u00a0\u2013 V\u00e1logat\u00e1s a Magyar Mad\u00e1rtani \u00e9s Term\u00e9szetv\u00e9delmi Egyes\u00fclet Helicon LIFE projekt (LIFE 10NAT\/HU\/019, www.imperialeagle.hu) \u00e9s a Term\u00e9szetfilm.hu Egyes\u00fclet r\u00f6vidfilmjeib\u0151l.<\/li> <\/ul> <p>A Magyar Mad\u00e1rtani \u00e9s Term\u00e9szetv\u00e9delmi Egyes\u00fclet Parlagisas-v\u00e9delmi Munkacsoportja m\u00e1r \u00e9vtizedek \u00f3ta fel\u00fcgyeli \u00e9s \u00f3vja a hazai parlagisas-\u00e1llom\u00e1nyt. A munk\u00e1juk a madarak megfigyel\u00e9s\u00e9n k\u00edv\u00fcl nagyon szerte\u00e1gaz\u00f3: ellen\u0151rzik a f\u00e9szkeket, meggy\u0171r\u0171zik a fi\u00f3k\u00e1kat, tudom\u00e1nyos m\u00f3dszerekkel kutatj\u00e1k a sasok \u00e9let\u00e9t, terjed\u00e9s\u00e9t, a popul\u00e1ci\u00f3 dinamik\u00e1j\u00e1t \u00e9s felveszik a harcot az \u00e9rtelmetlen m\u00e9rgez\u00e9sek ellen. A bemutatott kisfilmek ezekbe a munk\u00e1kba adnak betekint\u00e9st.<\/p> <\/div> <div> <ul> <li><strong>Madarat f\u00e9szk\u00e9r\u0151l<\/strong>\u00a0\u2013 J\u00e1t\u00e9kos ki\u00e1ll\u00edt\u00e1s a Magyar Mad\u00e1rtani \u00e9s Term\u00e9szetv\u00e9delmi Egyes\u00fclet k\u00f6zrem\u0171k\u00f6d\u00e9s\u00e9vel<\/li> <\/ul> <p>Madarainkat legink\u00e1bb \u00e9nek\u00fckr\u0151l \u00e9s tollaikr\u00f3l szoktuk felismerni, de f\u00e9szkeikb\u0151l sincs k\u00e9t egyforma. Moha, gyapj\u00fa, tollak, fak\u00e9reg, \u00e1gak, cigarettasz\u0171r\u0151\u2026 Tollas t\u00e1rsaink igencsak kreat\u00edvak, amikor f\u00e9szkeiket k\u00e9sz\u00edtik, mindent felhaszn\u00e1lnak, amit a term\u00e9szetben vagy v\u00e1rosainkban megtal\u00e1lnak. Ki k\u00f6lt od\u00faban \u00e9s ki f\u00e9szkel a f\u00f6ld\u00f6n? Van olyan mad\u00e1r aki nem csak p\u00e1rt, de otthont is egy \u00e9letre v\u00e1laszt? Mit sz\u0151 a sz\u00f6v\u0151mad\u00e1r, hol sz\u00e1ll a kakukk f\u00e9szk\u00e9re, ki f\u00e9szkel a padl\u00e1sunkra \u00e9s min f\u00fcgg a f\u00fcgg\u0151cinege? Mindenkit v\u00e1runk szeretettel, aki k\u00edv\u00e1ncsi a v\u00e1laszokra \u00e9s sz\u00edvesen megismern\u00e9 a mad\u00e1rf\u00e9szkek \u00e9s gazd\u00e1ik \u00e9let\u00e9t. F\u00e9szkek \u00e9s tollak, kirak\u00f3s \u00e9s mem\u00f3ria j\u00e1t\u00e9kok, valamint az \u00e9v madara, a tengelic v\u00e1rja az \u00e9rdekl\u0151d\u0151ket.<\/p> <ul> <li><strong>Kreat\u00edv foglalkoz\u00e1sok, j\u00e1t\u00e9kok \u2013 Creative activities, games for children<\/strong><\/li> <\/ul> <\/div> <div>Hajtogatni j\u00f3 \u2013 origami \u00e1llatok<\/div> <div>Eml\u00e9kezz \u2013 mem\u00f3riaj\u00e1t\u00e9k \u00e1llatokkal \u00e9s r\u00f6ntgenk\u00e9p\u00fckkel<\/div> <div>Rakd ki \u2013 m\u00e1gneses \u00e1llatkirak\u00f3 (sert\u00e9s \u00e9s marha) \u2013 Puzzle<\/div> <div>Nyomkeres\u0151 \u2013 tal\u00e1ld ki, melyik \u00e1llatnak melyik a nyoma!<\/div> <div>Ki mit tud? \u2013 \u00e1llatismereti tot\u00f3<\/div> <div>Nagy Kocka kirak\u00f3<\/div> <div> <ul> <li><strong>Simogatni j\u00f3! \u2013 Pet a pet! \u2013\u00a0<\/strong><\/li> <\/ul> <\/div> <div>G\u00f6r\u00e9nytart\u00f3k Egyes\u00fclete \u2013 vad\u00e1sz g\u00f6r\u00e9nyek simogat\u00e1sa<\/div> <div>Kanga Alap\u00edtv\u00e1ny \u2013 t\u00f6rpe kecske, t\u00f6rpe malac, esetleg liba simogat\u00e1s.<\/div> <div>T\u00f6rpe S\u00fcn simogat\u00f3.<\/div> <\/div> <\/div>","protected":false},"excerpt":{"rendered":"<p>2017. j\u00fanius 24. szombat &nbsp; El\u0151ad\u00e1sok:\u00a0 19:00 \u2013 19:30: A szapor\u00edt\u00f3szervek k\u00fcl\u00f6nlegess\u00e9gei (Dr. Reinitz L\u00e1szl\u00f3 Zolt\u00e1n)19:30 \u2013 20:00:\u00a0Mi van a r\u00e1kok ersz\u00e9ny\u00e9ben? (Dr. Hornung Erzs\u00e9bet)20:00 \u2013 20:30:\u00a0Az embri\u00f3 korai fejl\u0151d\u00e9se \u2013 \u00f6sszehasonl\u00edt\u00e1sa \u00e1llatban \u00e9s emberben (Dr. Cseh S\u00e1ndor) 20:30 \u2013 21:00:\u00a0Kedv, er\u00e9nyek, lepk\u00e9k (Dr. Kis J\u00e1nos) 21:00 \u2013 21:30:\u00a0Az \u00e1llatok szaporod\u00e1s\u00e1nak \u00e9lettani alapjai (Dr. Bartha<\/p>\n","protected":false},"author":4333,"featured_media":0,"parent":384,"menu_order":2,"comment_status":"closed","ping_status":"closed","template":"","meta":{"_acf_changed":false,"_eb_attr":"","footnotes":""},"categories":[21],"tags":[],"class_list":["post-435","page","type-page","status-publish","hentry","category-muzeum"],"acf":[],"yoast_head":"<!-- This site is optimized with the Yoast SEO plugin v27.2 - https:\/\/yoast.com\/product\/yoast-seo-wordpress\/ -->\n<title>M\u00fazeumok \u00c9jszak\u00e1ja 2017 - Hut\u00ffra Ferenc K\u00f6nyvt\u00e1r, Lev\u00e9lt\u00e1r \u00e9s M\u00fazeum<\/title>\n<meta name=\"robots\" content=\"index, follow, max-snippet:-1, max-image-preview:large, max-video-preview:-1\" \/>\n<link rel=\"canonical\" href=\"https:\/\/univet.hu\/konyvtar\/muzeum\/muzeumok-ejszakaja\/muzej-2017\/\" \/>\n<meta property=\"og:locale\" content=\"hu_HU\" \/>\n<meta property=\"og:type\" content=\"article\" \/>\n<meta property=\"og:title\" content=\"M\u00fazeumok \u00c9jszak\u00e1ja 2017 - Hut\u00ffra Ferenc K\u00f6nyvt\u00e1r, Lev\u00e9lt\u00e1r \u00e9s M\u00fazeum\" \/>\n<meta property=\"og:description\" content=\"2017. j\u00fanius 24. szombat &nbsp; El\u0151ad\u00e1sok:\u00a0 19:00 \u2013 19:30: A szapor\u00edt\u00f3szervek k\u00fcl\u00f6nlegess\u00e9gei (Dr. Reinitz L\u00e1szl\u00f3 Zolt\u00e1n)19:30 \u2013 20:00:\u00a0Mi van a r\u00e1kok ersz\u00e9ny\u00e9ben? (Dr. Hornung Erzs\u00e9bet)20:00 \u2013 20:30:\u00a0Az embri\u00f3 korai fejl\u0151d\u00e9se \u2013 \u00f6sszehasonl\u00edt\u00e1sa \u00e1llatban \u00e9s emberben (Dr. Cseh S\u00e1ndor) 20:30 \u2013 21:00:\u00a0Kedv, er\u00e9nyek, lepk\u00e9k (Dr. Kis J\u00e1nos) 21:00 \u2013 21:30:\u00a0Az \u00e1llatok szaporod\u00e1s\u00e1nak \u00e9lettani alapjai (Dr. Bartha\" \/>\n<meta property=\"og:url\" content=\"https:\/\/univet.hu\/konyvtar\/muzeum\/muzeumok-ejszakaja\/muzej-2017\/\" \/>\n<meta property=\"og:site_name\" content=\"Hut\u00ffra Ferenc K\u00f6nyvt\u00e1r, Lev\u00e9lt\u00e1r \u00e9s M\u00fazeum\" \/>\n<meta property=\"article:modified_time\" content=\"2026-01-12T12:54:52+00:00\" \/>\n<meta name=\"twitter:card\" content=\"summary_large_image\" \/>\n<meta name=\"twitter:label1\" content=\"Becs\u00fclt olvas\u00e1si id\u0151\" \/>\n\t<meta name=\"twitter:data1\" content=\"5 perc\" \/>\n<script type=\"application\/ld+json\" class=\"yoast-schema-graph\">{\"@context\":\"https:\/\/schema.org\",\"@graph\":[{\"@type\":\"WebPage\",\"@id\":\"https:\/\/univet.hu\/konyvtar\/muzeum\/muzeumok-ejszakaja\/muzej-2017\/\",\"url\":\"https:\/\/univet.hu\/konyvtar\/muzeum\/muzeumok-ejszakaja\/muzej-2017\/\",\"name\":\"M\u00fazeumok \u00c9jszak\u00e1ja 2017 - Hut\u00ffra Ferenc K\u00f6nyvt\u00e1r, Lev\u00e9lt\u00e1r \u00e9s M\u00fazeum\",\"isPartOf\":{\"@id\":\"https:\/\/univet.hu\/konyvtar\/#website\"},\"datePublished\":\"2025-07-10T06:36:33+00:00\",\"dateModified\":\"2026-01-12T12:54:52+00:00\",\"breadcrumb\":{\"@id\":\"https:\/\/univet.hu\/konyvtar\/muzeum\/muzeumok-ejszakaja\/muzej-2017\/#breadcrumb\"},\"inLanguage\":\"hu\",\"potentialAction\":[{\"@type\":\"ReadAction\",\"target\":[\"https:\/\/univet.hu\/konyvtar\/muzeum\/muzeumok-ejszakaja\/muzej-2017\/\"]}]},{\"@type\":\"BreadcrumbList\",\"@id\":\"https:\/\/univet.hu\/konyvtar\/muzeum\/muzeumok-ejszakaja\/muzej-2017\/#breadcrumb\",\"itemListElement\":[{\"@type\":\"ListItem\",\"position\":1,\"name\":\"Kezd\u0151lap\",\"item\":\"https:\/\/univet.hu\/konyvtar\/\"},{\"@type\":\"ListItem\",\"position\":2,\"name\":\"M\u00fazeum\",\"item\":\"https:\/\/univet.hu\/konyvtar\/muzeum\/\"},{\"@type\":\"ListItem\",\"position\":3,\"name\":\"M\u00fazeumok \u00c9jszak\u00e1ja\",\"item\":\"https:\/\/univet.hu\/konyvtar\/muzeum\/muzeumok-ejszakaja\/\"},{\"@type\":\"ListItem\",\"position\":4,\"name\":\"M\u00fazeumok \u00c9jszak\u00e1ja 2017\"}]},{\"@type\":\"WebSite\",\"@id\":\"https:\/\/univet.hu\/konyvtar\/#website\",\"url\":\"https:\/\/univet.hu\/konyvtar\/\",\"name\":\"Hut\u00ffra Ferenc K\u00f6nyvt\u00e1r, Lev\u00e9lt\u00e1r \u00e9s M\u00fazeum\",\"description\":\"\",\"potentialAction\":[{\"@type\":\"SearchAction\",\"target\":{\"@type\":\"EntryPoint\",\"urlTemplate\":\"https:\/\/univet.hu\/konyvtar\/?s={search_term_string}\"},\"query-input\":{\"@type\":\"PropertyValueSpecification\",\"valueRequired\":true,\"valueName\":\"search_term_string\"}}],\"inLanguage\":\"hu\"}]}<\/script>\n<!-- \/ Yoast SEO plugin. -->","yoast_head_json":{"title":"M\u00fazeumok \u00c9jszak\u00e1ja 2017 - Hut\u00ffra Ferenc K\u00f6nyvt\u00e1r, Lev\u00e9lt\u00e1r \u00e9s M\u00fazeum","robots":{"index":"index","follow":"follow","max-snippet":"max-snippet:-1","max-image-preview":"max-image-preview:large","max-video-preview":"max-video-preview:-1"},"canonical":"https:\/\/univet.hu\/konyvtar\/muzeum\/muzeumok-ejszakaja\/muzej-2017\/","og_locale":"hu_HU","og_type":"article","og_title":"M\u00fazeumok \u00c9jszak\u00e1ja 2017 - Hut\u00ffra Ferenc K\u00f6nyvt\u00e1r, Lev\u00e9lt\u00e1r \u00e9s M\u00fazeum","og_description":"2017. j\u00fanius 24. szombat &nbsp; El\u0151ad\u00e1sok:\u00a0 19:00 \u2013 19:30: A szapor\u00edt\u00f3szervek k\u00fcl\u00f6nlegess\u00e9gei (Dr. Reinitz L\u00e1szl\u00f3 Zolt\u00e1n)19:30 \u2013 20:00:\u00a0Mi van a r\u00e1kok ersz\u00e9ny\u00e9ben? (Dr. Hornung Erzs\u00e9bet)20:00 \u2013 20:30:\u00a0Az embri\u00f3 korai fejl\u0151d\u00e9se \u2013 \u00f6sszehasonl\u00edt\u00e1sa \u00e1llatban \u00e9s emberben (Dr. Cseh S\u00e1ndor) 20:30 \u2013 21:00:\u00a0Kedv, er\u00e9nyek, lepk\u00e9k (Dr. Kis J\u00e1nos) 21:00 \u2013 21:30:\u00a0Az \u00e1llatok szaporod\u00e1s\u00e1nak \u00e9lettani alapjai (Dr. Bartha","og_url":"https:\/\/univet.hu\/konyvtar\/muzeum\/muzeumok-ejszakaja\/muzej-2017\/","og_site_name":"Hut\u00ffra Ferenc K\u00f6nyvt\u00e1r, Lev\u00e9lt\u00e1r \u00e9s M\u00fazeum","article_modified_time":"2026-01-12T12:54:52+00:00","twitter_card":"summary_large_image","twitter_misc":{"Becs\u00fclt olvas\u00e1si id\u0151":"5 perc"},"schema":{"@context":"https:\/\/schema.org","@graph":[{"@type":"WebPage","@id":"https:\/\/univet.hu\/konyvtar\/muzeum\/muzeumok-ejszakaja\/muzej-2017\/","url":"https:\/\/univet.hu\/konyvtar\/muzeum\/muzeumok-ejszakaja\/muzej-2017\/","name":"M\u00fazeumok \u00c9jszak\u00e1ja 2017 - Hut\u00ffra Ferenc K\u00f6nyvt\u00e1r, Lev\u00e9lt\u00e1r \u00e9s M\u00fazeum","isPartOf":{"@id":"https:\/\/univet.hu\/konyvtar\/#website"},"datePublished":"2025-07-10T06:36:33+00:00","dateModified":"2026-01-12T12:54:52+00:00","breadcrumb":{"@id":"https:\/\/univet.hu\/konyvtar\/muzeum\/muzeumok-ejszakaja\/muzej-2017\/#breadcrumb"},"inLanguage":"hu","potentialAction":[{"@type":"ReadAction","target":["https:\/\/univet.hu\/konyvtar\/muzeum\/muzeumok-ejszakaja\/muzej-2017\/"]}]},{"@type":"BreadcrumbList","@id":"https:\/\/univet.hu\/konyvtar\/muzeum\/muzeumok-ejszakaja\/muzej-2017\/#breadcrumb","itemListElement":[{"@type":"ListItem","position":1,"name":"Kezd\u0151lap","item":"https:\/\/univet.hu\/konyvtar\/"},{"@type":"ListItem","position":2,"name":"M\u00fazeum","item":"https:\/\/univet.hu\/konyvtar\/muzeum\/"},{"@type":"ListItem","position":3,"name":"M\u00fazeumok \u00c9jszak\u00e1ja","item":"https:\/\/univet.hu\/konyvtar\/muzeum\/muzeumok-ejszakaja\/"},{"@type":"ListItem","position":4,"name":"M\u00fazeumok \u00c9jszak\u00e1ja 2017"}]},{"@type":"WebSite","@id":"https:\/\/univet.hu\/konyvtar\/#website","url":"https:\/\/univet.hu\/konyvtar\/","name":"Hut\u00ffra Ferenc K\u00f6nyvt\u00e1r, Lev\u00e9lt\u00e1r \u00e9s M\u00fazeum","description":"","potentialAction":[{"@type":"SearchAction","target":{"@type":"EntryPoint","urlTemplate":"https:\/\/univet.hu\/konyvtar\/?s={search_term_string}"},"query-input":{"@type":"PropertyValueSpecification","valueRequired":true,"valueName":"search_term_string"}}],"inLanguage":"hu"}]}},"_links":{"self":[{"href":"https:\/\/univet.hu\/konyvtar\/wp-json\/wp\/v2\/pages\/435","targetHints":{"allow":["GET"]}}],"collection":[{"href":"https:\/\/univet.hu\/konyvtar\/wp-json\/wp\/v2\/pages"}],"about":[{"href":"https:\/\/univet.hu\/konyvtar\/wp-json\/wp\/v2\/types\/page"}],"author":[{"embeddable":true,"href":"https:\/\/univet.hu\/konyvtar\/wp-json\/wp\/v2\/users\/4333"}],"replies":[{"embeddable":true,"href":"https:\/\/univet.hu\/konyvtar\/wp-json\/wp\/v2\/comments?post=435"}],"version-history":[{"count":4,"href":"https:\/\/univet.hu\/konyvtar\/wp-json\/wp\/v2\/pages\/435\/revisions"}],"predecessor-version":[{"id":445,"href":"https:\/\/univet.hu\/konyvtar\/wp-json\/wp\/v2\/pages\/435\/revisions\/445"}],"up":[{"embeddable":true,"href":"https:\/\/univet.hu\/konyvtar\/wp-json\/wp\/v2\/pages\/384"}],"wp:attachment":[{"href":"https:\/\/univet.hu\/konyvtar\/wp-json\/wp\/v2\/media?parent=435"}],"wp:term":[{"taxonomy":"category","embeddable":true,"href":"https:\/\/univet.hu\/konyvtar\/wp-json\/wp\/v2\/categories?post=435"},{"taxonomy":"post_tag","embeddable":true,"href":"https:\/\/univet.hu\/konyvtar\/wp-json\/wp\/v2\/tags?post=435"}],"curies":[{"name":"wp","href":"https:\/\/api.w.org\/{rel}","templated":true}]}}