{"id":51,"date":"2025-07-09T11:48:19","date_gmt":"2025-07-09T09:48:19","guid":{"rendered":"https:\/\/univet.hu\/konyvtar\/?page_id=51"},"modified":"2026-01-12T13:54:48","modified_gmt":"2026-01-12T12:54:48","slug":"dijak","status":"publish","type":"page","link":"https:\/\/univet.hu\/konyvtar\/szolgaltatasok\/dijak\/","title":{"rendered":"D\u00edjak"},"content":{"rendered":"<table style=\"border-collapse: collapse;width: 100%;height: 384px\"> <tbody> <tr style=\"height: 120px\"> <td style=\"width: 25%;text-align: center;height: 120px\"><\/td> <td style=\"width: 25%;text-align: center;height: 120px\">\u00c1TE hallgat\u00f3k, oktat\u00f3k, doktoranduszok, kutat\u00f3k \u00e9s egy\u00e9b dolgoz\u00f3k<strong>,<\/strong><br \/> 25 \u00e9v alattiak,<br \/> 70 \u00e9v felettiek,<br \/> Fogyat\u00e9kkal \u00e9l\u0151k<\/td> <td style=\"width: 25%;height: 120px;text-align: center\">M\u00e1s int\u00e9zm\u00e9nyek hallgat\u00f3i,<br \/> Nyugd\u00edjasok (70 \u00e9ves korig)<\/td> <td style=\"width: 25%;height: 120px;text-align: center\">Egy\u00e9b k\u00fcls\u0151 olvas\u00f3k<\/td> <\/tr> <tr style=\"height: 24px\"> <td style=\"width: 25%;height: 24px\"><strong>K\u00f6nyvt\u00e1rhaszn\u00e1lat (helyben)<\/strong><\/td> <td style=\"width: 75%;height: 24px;text-align: center\" colspan=\"3\">ingyenes<\/td> <\/tr> <tr style=\"height: 24px\"> <td style=\"width: 25%;height: 24px\"><strong>Beiratkoz\u00e1s<\/strong><\/td> <td style=\"width: 25%;height: 24px;text-align: center\">ingyenes<\/td> <td style=\"width: 25%;height: 24px;text-align: center\">500 Ft \/\u00e9v<\/td> <td style=\"width: 25%;height: 24px;text-align: center\">1000 Ft \/ \u00e9v<\/td> <\/tr> <tr style=\"height: 24px\"> <td style=\"width: 25%;height: 24px\"><strong>M\u00e1sol\u00e1s\/nyomtat\u00e1s<\/strong><\/td> <td style=\"width: 75%;height: 24px;text-align: center\" colspan=\"3\"> <p>A4 fekete-feh\u00e9r egyoldalas: 30 Ft \/ lap<\/p> <p>A4 fekete-feh\u00e9r k\u00e9toldalas: 35 Ft \/ lap<\/td> <\/tr> <tr style=\"height: 24px\"> <td style=\"width: 25%;height: 24px\"><strong>M\u00e1sol\u00e1s muze\u00e1lis anyagb\u00f3l<\/strong><\/td> <td style=\"width: 75%;height: 24px;text-align: center\" colspan=\"3\">90 Ft \/ oldal<\/td> <\/tr> <tr style=\"height: 24px\"> <td style=\"width: 25%;height: 24px\"><strong>Sz\u00ednes nyomtat\u00e1s<\/strong><\/td> <td style=\"width: 75%;height: 24px;text-align: center\" colspan=\"3\"> <p>A4 sz\u00ednes egyoldalas: 120 Ft \/ lap<\/p> <p>A4 sz\u00ednes k\u00e9toldalas: 200 Ft \/ lap<\/td> <\/tr> <tr style=\"height: 24px\"> <td style=\"width: 25%;height: 24px\"><strong>Cikk-szolg\u00e1ltat\u00e1s hazai k\u00f6nyvt\u00e1rb\u00f3l<\/strong><\/td> <td style=\"width: 75%;height: 24px;text-align: center\" colspan=\"3\">300 Ft \/ cikk<\/td> <\/tr> <tr style=\"height: 24px\"> <td style=\"width: 25%;height: 24px\"><strong>Cikk-szolg\u00e1ltat\u00e1s k\u00fclf\u00f6ldr\u0151l<\/strong><\/td> <td style=\"width: 75%;height: 24px;text-align: center\" colspan=\"3\">min. 9000 Ft \/ cikk \u00e9s 50% el\u0151leg fizetend\u0151 a megrendel\u00e9skor<\/td> <\/tr> <tr style=\"height: 24px\"> <td style=\"width: 25%;height: 24px\"><strong>Szkennel\u00e9s \u00f6n\u00e1ll\u00f3an<\/strong><\/td> <td style=\"width: 75%;height: 24px;text-align: center\" colspan=\"3\">ingyenes<\/td> <\/tr> <tr style=\"height: 24px\"> <td style=\"width: 25%;height: 24px\"><strong>Szkennel\u00e9s megrendel\u00e9sre<\/strong><\/td> <td style=\"width: 75%;height: 24px;text-align: center\" colspan=\"3\">60 Ft \/ oldal<\/td> <\/tr> <tr style=\"height: 24px\"> <td style=\"width: 25%;height: 24px\"><strong>CD-ROM k\u00f6lcs\u00f6nz\u00e9se<\/strong><strong><br \/> <\/strong><\/td> <td style=\"width: 75%;height: 24px;text-align: center\" colspan=\"3\">3000 Ft let\u00e9ti d\u00edj\/db<\/td> <\/tr> <tr style=\"height: 24px\"> <td style=\"width: 25%;height: 24px\"><strong>Irodalomkutat\u00e1s<\/strong><strong><br \/> <\/strong><\/td> <td style=\"width: 75%;height: 24px;text-align: center\" colspan=\"3\">9000 Ft-os \u00f3rad\u00edjt\u00f3l, egyedi aj\u00e1nlat alapj\u00e1n k\u00e9rhet\u0151.<\/td> <\/tr> <\/tbody> <\/table> <p>&nbsp;<\/p>","protected":false},"excerpt":{"rendered":"<p>\u00c1TE hallgat\u00f3k, oktat\u00f3k, doktoranduszok, kutat\u00f3k \u00e9s egy\u00e9b dolgoz\u00f3k, 25 \u00e9v alattiak, 70 \u00e9v felettiek, Fogyat\u00e9kkal \u00e9l\u0151k M\u00e1s int\u00e9zm\u00e9nyek hallgat\u00f3i, Nyugd\u00edjasok (70 \u00e9ves korig) Egy\u00e9b k\u00fcls\u0151 olvas\u00f3k K\u00f6nyvt\u00e1rhaszn\u00e1lat (helyben) ingyenes Beiratkoz\u00e1s ingyenes 500 Ft \/\u00e9v 1000 Ft \/ \u00e9v M\u00e1sol\u00e1s\/nyomtat\u00e1s A4 fekete-feh\u00e9r egyoldalas: 30 Ft \/ lap A4 fekete-feh\u00e9r k\u00e9toldalas: 35 Ft \/ lap M\u00e1sol\u00e1s muze\u00e1lis<\/p>\n","protected":false},"author":58,"featured_media":0,"parent":27,"menu_order":0,"comment_status":"closed","ping_status":"closed","template":"","meta":{"_acf_changed":false,"_eb_attr":"","footnotes":""},"categories":[16],"tags":[],"class_list":["post-51","page","type-page","status-publish","hentry","category-szolgaltatasok"],"acf":[],"yoast_head":"<!-- This site is optimized with the Yoast SEO plugin v27.2 - https:\/\/yoast.com\/product\/yoast-seo-wordpress\/ -->\n<title>D\u00edjak - Hut\u00ffra Ferenc K\u00f6nyvt\u00e1r, Lev\u00e9lt\u00e1r \u00e9s M\u00fazeum<\/title>\n<meta name=\"robots\" content=\"index, follow, max-snippet:-1, max-image-preview:large, max-video-preview:-1\" \/>\n<link rel=\"canonical\" href=\"https:\/\/univet.hu\/konyvtar\/szolgaltatasok\/dijak\/\" \/>\n<meta property=\"og:locale\" content=\"hu_HU\" \/>\n<meta property=\"og:type\" content=\"article\" \/>\n<meta property=\"og:title\" content=\"D\u00edjak - Hut\u00ffra Ferenc K\u00f6nyvt\u00e1r, Lev\u00e9lt\u00e1r \u00e9s M\u00fazeum\" \/>\n<meta property=\"og:description\" content=\"\u00c1TE hallgat\u00f3k, oktat\u00f3k, doktoranduszok, kutat\u00f3k \u00e9s egy\u00e9b dolgoz\u00f3k, 25 \u00e9v alattiak, 70 \u00e9v felettiek, Fogyat\u00e9kkal \u00e9l\u0151k M\u00e1s int\u00e9zm\u00e9nyek hallgat\u00f3i, Nyugd\u00edjasok (70 \u00e9ves korig) Egy\u00e9b k\u00fcls\u0151 olvas\u00f3k K\u00f6nyvt\u00e1rhaszn\u00e1lat (helyben) ingyenes Beiratkoz\u00e1s ingyenes 500 Ft \/\u00e9v 1000 Ft \/ \u00e9v M\u00e1sol\u00e1s\/nyomtat\u00e1s A4 fekete-feh\u00e9r egyoldalas: 30 Ft \/ lap A4 fekete-feh\u00e9r k\u00e9toldalas: 35 Ft \/ lap M\u00e1sol\u00e1s muze\u00e1lis\" \/>\n<meta property=\"og:url\" content=\"https:\/\/univet.hu\/konyvtar\/szolgaltatasok\/dijak\/\" \/>\n<meta property=\"og:site_name\" content=\"Hut\u00ffra Ferenc K\u00f6nyvt\u00e1r, Lev\u00e9lt\u00e1r \u00e9s M\u00fazeum\" \/>\n<meta property=\"article:modified_time\" content=\"2026-01-12T12:54:48+00:00\" \/>\n<meta name=\"twitter:card\" content=\"summary_large_image\" \/>\n<meta name=\"twitter:label1\" content=\"Becs\u00fclt olvas\u00e1si id\u0151\" \/>\n\t<meta name=\"twitter:data1\" content=\"1 perc\" \/>\n<script type=\"application\/ld+json\" class=\"yoast-schema-graph\">{\"@context\":\"https:\/\/schema.org\",\"@graph\":[{\"@type\":\"WebPage\",\"@id\":\"https:\/\/univet.hu\/konyvtar\/szolgaltatasok\/dijak\/\",\"url\":\"https:\/\/univet.hu\/konyvtar\/szolgaltatasok\/dijak\/\",\"name\":\"D\u00edjak - Hut\u00ffra Ferenc K\u00f6nyvt\u00e1r, Lev\u00e9lt\u00e1r \u00e9s M\u00fazeum\",\"isPartOf\":{\"@id\":\"https:\/\/univet.hu\/konyvtar\/#website\"},\"datePublished\":\"2025-07-09T09:48:19+00:00\",\"dateModified\":\"2026-01-12T12:54:48+00:00\",\"breadcrumb\":{\"@id\":\"https:\/\/univet.hu\/konyvtar\/szolgaltatasok\/dijak\/#breadcrumb\"},\"inLanguage\":\"hu\",\"potentialAction\":[{\"@type\":\"ReadAction\",\"target\":[\"https:\/\/univet.hu\/konyvtar\/szolgaltatasok\/dijak\/\"]}]},{\"@type\":\"BreadcrumbList\",\"@id\":\"https:\/\/univet.hu\/konyvtar\/szolgaltatasok\/dijak\/#breadcrumb\",\"itemListElement\":[{\"@type\":\"ListItem\",\"position\":1,\"name\":\"Kezd\u0151lap\",\"item\":\"https:\/\/univet.hu\/konyvtar\/\"},{\"@type\":\"ListItem\",\"position\":2,\"name\":\"Szolg\u00e1ltat\u00e1sok\",\"item\":\"https:\/\/univet.hu\/konyvtar\/szolgaltatasok\/\"},{\"@type\":\"ListItem\",\"position\":3,\"name\":\"D\u00edjak\"}]},{\"@type\":\"WebSite\",\"@id\":\"https:\/\/univet.hu\/konyvtar\/#website\",\"url\":\"https:\/\/univet.hu\/konyvtar\/\",\"name\":\"Hut\u00ffra Ferenc K\u00f6nyvt\u00e1r, Lev\u00e9lt\u00e1r \u00e9s M\u00fazeum\",\"description\":\"\",\"potentialAction\":[{\"@type\":\"SearchAction\",\"target\":{\"@type\":\"EntryPoint\",\"urlTemplate\":\"https:\/\/univet.hu\/konyvtar\/?s={search_term_string}\"},\"query-input\":{\"@type\":\"PropertyValueSpecification\",\"valueRequired\":true,\"valueName\":\"search_term_string\"}}],\"inLanguage\":\"hu\"}]}<\/script>\n<!-- \/ Yoast SEO plugin. -->","yoast_head_json":{"title":"D\u00edjak - Hut\u00ffra Ferenc K\u00f6nyvt\u00e1r, Lev\u00e9lt\u00e1r \u00e9s M\u00fazeum","robots":{"index":"index","follow":"follow","max-snippet":"max-snippet:-1","max-image-preview":"max-image-preview:large","max-video-preview":"max-video-preview:-1"},"canonical":"https:\/\/univet.hu\/konyvtar\/szolgaltatasok\/dijak\/","og_locale":"hu_HU","og_type":"article","og_title":"D\u00edjak - Hut\u00ffra Ferenc K\u00f6nyvt\u00e1r, Lev\u00e9lt\u00e1r \u00e9s M\u00fazeum","og_description":"\u00c1TE hallgat\u00f3k, oktat\u00f3k, doktoranduszok, kutat\u00f3k \u00e9s egy\u00e9b dolgoz\u00f3k, 25 \u00e9v alattiak, 70 \u00e9v felettiek, Fogyat\u00e9kkal \u00e9l\u0151k M\u00e1s int\u00e9zm\u00e9nyek hallgat\u00f3i, Nyugd\u00edjasok (70 \u00e9ves korig) Egy\u00e9b k\u00fcls\u0151 olvas\u00f3k K\u00f6nyvt\u00e1rhaszn\u00e1lat (helyben) ingyenes Beiratkoz\u00e1s ingyenes 500 Ft \/\u00e9v 1000 Ft \/ \u00e9v M\u00e1sol\u00e1s\/nyomtat\u00e1s A4 fekete-feh\u00e9r egyoldalas: 30 Ft \/ lap A4 fekete-feh\u00e9r k\u00e9toldalas: 35 Ft \/ lap M\u00e1sol\u00e1s muze\u00e1lis","og_url":"https:\/\/univet.hu\/konyvtar\/szolgaltatasok\/dijak\/","og_site_name":"Hut\u00ffra Ferenc K\u00f6nyvt\u00e1r, Lev\u00e9lt\u00e1r \u00e9s M\u00fazeum","article_modified_time":"2026-01-12T12:54:48+00:00","twitter_card":"summary_large_image","twitter_misc":{"Becs\u00fclt olvas\u00e1si id\u0151":"1 perc"},"schema":{"@context":"https:\/\/schema.org","@graph":[{"@type":"WebPage","@id":"https:\/\/univet.hu\/konyvtar\/szolgaltatasok\/dijak\/","url":"https:\/\/univet.hu\/konyvtar\/szolgaltatasok\/dijak\/","name":"D\u00edjak - Hut\u00ffra Ferenc K\u00f6nyvt\u00e1r, Lev\u00e9lt\u00e1r \u00e9s M\u00fazeum","isPartOf":{"@id":"https:\/\/univet.hu\/konyvtar\/#website"},"datePublished":"2025-07-09T09:48:19+00:00","dateModified":"2026-01-12T12:54:48+00:00","breadcrumb":{"@id":"https:\/\/univet.hu\/konyvtar\/szolgaltatasok\/dijak\/#breadcrumb"},"inLanguage":"hu","potentialAction":[{"@type":"ReadAction","target":["https:\/\/univet.hu\/konyvtar\/szolgaltatasok\/dijak\/"]}]},{"@type":"BreadcrumbList","@id":"https:\/\/univet.hu\/konyvtar\/szolgaltatasok\/dijak\/#breadcrumb","itemListElement":[{"@type":"ListItem","position":1,"name":"Kezd\u0151lap","item":"https:\/\/univet.hu\/konyvtar\/"},{"@type":"ListItem","position":2,"name":"Szolg\u00e1ltat\u00e1sok","item":"https:\/\/univet.hu\/konyvtar\/szolgaltatasok\/"},{"@type":"ListItem","position":3,"name":"D\u00edjak"}]},{"@type":"WebSite","@id":"https:\/\/univet.hu\/konyvtar\/#website","url":"https:\/\/univet.hu\/konyvtar\/","name":"Hut\u00ffra Ferenc K\u00f6nyvt\u00e1r, Lev\u00e9lt\u00e1r \u00e9s M\u00fazeum","description":"","potentialAction":[{"@type":"SearchAction","target":{"@type":"EntryPoint","urlTemplate":"https:\/\/univet.hu\/konyvtar\/?s={search_term_string}"},"query-input":{"@type":"PropertyValueSpecification","valueRequired":true,"valueName":"search_term_string"}}],"inLanguage":"hu"}]}},"_links":{"self":[{"href":"https:\/\/univet.hu\/konyvtar\/wp-json\/wp\/v2\/pages\/51","targetHints":{"allow":["GET"]}}],"collection":[{"href":"https:\/\/univet.hu\/konyvtar\/wp-json\/wp\/v2\/pages"}],"about":[{"href":"https:\/\/univet.hu\/konyvtar\/wp-json\/wp\/v2\/types\/page"}],"author":[{"embeddable":true,"href":"https:\/\/univet.hu\/konyvtar\/wp-json\/wp\/v2\/users\/58"}],"replies":[{"embeddable":true,"href":"https:\/\/univet.hu\/konyvtar\/wp-json\/wp\/v2\/comments?post=51"}],"version-history":[{"count":5,"href":"https:\/\/univet.hu\/konyvtar\/wp-json\/wp\/v2\/pages\/51\/revisions"}],"predecessor-version":[{"id":997,"href":"https:\/\/univet.hu\/konyvtar\/wp-json\/wp\/v2\/pages\/51\/revisions\/997"}],"up":[{"embeddable":true,"href":"https:\/\/univet.hu\/konyvtar\/wp-json\/wp\/v2\/pages\/27"}],"wp:attachment":[{"href":"https:\/\/univet.hu\/konyvtar\/wp-json\/wp\/v2\/media?parent=51"}],"wp:term":[{"taxonomy":"category","embeddable":true,"href":"https:\/\/univet.hu\/konyvtar\/wp-json\/wp\/v2\/categories?post=51"},{"taxonomy":"post_tag","embeddable":true,"href":"https:\/\/univet.hu\/konyvtar\/wp-json\/wp\/v2\/tags?post=51"}],"curies":[{"name":"wp","href":"https:\/\/api.w.org\/{rel}","templated":true}]}}