{"id":52,"date":"2025-07-09T11:41:40","date_gmt":"2025-07-09T09:41:40","guid":{"rendered":"https:\/\/univet.hu\/konyvtar\/rolunk\/nyitvatartas\/"},"modified":"2026-04-08T09:45:43","modified_gmt":"2026-04-08T07:45:43","slug":"nyitvatartas","status":"publish","type":"page","link":"https:\/\/univet.hu\/konyvtar\/rolunk\/nyitvatartas\/","title":{"rendered":"Nyitvatart\u00e1s"},"content":{"rendered":"<div class=\"entry-content\"> <h3>2025\/2026-os tan\u00e9v:<\/h3> <div> <ul> <li>M\u00e1jus 1-j\u00e9n (p\u00e9nteken) a Munka \u00fcnnep\u00e9n az olvas\u00f3terem \u00e9s az Equus tanul\u00f3hely is z\u00e1rva tart. Az Equus m\u00e1jus 2-\u00e1n (szombaton), az olvas\u00f3terem m\u00e1jus 4-\u00e9n (h\u00e9tf\u0151n) nyit ki \u00fajra a megszokott id\u0151ben.<\/li> <li>M\u00e1jus 25-\u00e9n (h\u00e9tf\u0151n) P\u00fcnk\u00f6sd miatt az olvas\u00f3terem \u00e9s az Equus tanul\u00f3hely is z\u00e1rva tart. Nyit\u00e1s m\u00e1jus 26-\u00e1n (kedden) a megszokott id\u0151ben.<\/li> <\/ul> <\/div> <h3>\u00c1ltal\u00e1nos nyitvatart\u00e1si id\u0151<strong><br \/> <\/strong><\/h3> <table style=\"width: 60.7729%\"> <tbody> <tr> <td style=\"text-align: center;width: 49.5159%\">Olvas\u00f3terem<\/td> <td style=\"text-align: center;width: 49.5159%\">Equus tanul\u00f3hely<\/td> <\/tr> <tr> <td style=\"width: 49.5159%\"> <p style=\"text-align: center\"><strong>2025. szeptember 1. \u00e9s december 22. k\u00f6z\u00f6tt<\/strong><\/p> <p style=\"text-align: center\"><strong>2026. janu\u00e1r 5. \u00e9s m\u00e1rcius 29. k\u00f6z\u00f6tt<\/strong><\/p> <p style=\"text-align: center\"><strong>2026. \u00e1prilis 7. \u00e9s j\u00fanius 26. k\u00f6z\u00f6tt<\/strong><\/p> <\/td> <td style=\"width: 49.5159%\"> <p style=\"text-align: center\"><strong>2025. szeptember 1. \u00e9s december 22. k\u00f6z\u00f6tt<\/strong><\/p> <p><strong>2026. janu\u00e1r 5. \u00e9s m\u00e1rcius 29. k\u00f6z\u00f6tt<\/strong><\/p> <p style=\"text-align: center\"><strong>2026. \u00e1prilis 7. \u00e9s j\u00fanius 26. k\u00f6z\u00f6tt<\/strong><\/p> <\/td> <\/tr> <tr> <td style=\"width: 49.5159%\">h\u00e9tf\u0151: 8.30 \u2013 18.00<\/td> <td style=\"width: 49.5159%\">h\u00e9tf\u0151: 7.00 \u2013 22.00<\/td> <\/tr> <tr> <td style=\"width: 49.5159%\">kedd: 8.30 \u2013 18.00<\/td> <td style=\"width: 49.5159%\">kedd: 7.00 \u2013 22.00<\/td> <\/tr> <tr> <td style=\"width: 49.5159%\">szerda: 8.30 \u2013 18.00<\/td> <td style=\"width: 49.5159%\">szerda: 7.00 \u2013 22.00<\/td> <\/tr> <tr> <td style=\"width: 49.5159%\">cs\u00fct\u00f6rt\u00f6k: 8.30 \u2013 20.00<\/td> <td style=\"width: 49.5159%\">cs\u00fct\u00f6rt\u00f6k: 7.00 \u2013 22.00<\/td> <\/tr> <tr> <td style=\"width: 49.5159%\">p\u00e9ntek: 9.00 \u2013 17.00<\/td> <td style=\"width: 49.5159%\">p\u00e9ntek: 7.00 \u2013 22.00<\/td> <\/tr> <tr> <td style=\"width: 49.5159%\">szombat: z\u00e1rva<\/td> <td style=\"width: 49.5159%\">szombat: 7.00 \u2013 22.00<\/td> <\/tr> <tr> <td style=\"width: 49.5159%\">vas\u00e1rnap: z\u00e1rva<a id=\"covid\"><\/a><\/td> <td style=\"width: 49.5159%\">vas\u00e1rnap: z\u00e1rva<\/td> <\/tr> <\/tbody> <\/table> <p>&nbsp;<\/p> <h3>Rendhagy\u00f3 nyitvatart\u00e1si id\u0151<strong><br \/> <\/strong><\/h3> <table> <tbody> <tr> <td style=\"text-align: center\">Olvas\u00f3terem<\/td> <td style=\"text-align: center\"> <p>Olvas\u00f3terem<\/p> <p><strong>Csak k\u00f6lcs\u00f6nz\u00e9sre!<\/strong><\/td> <td style=\"text-align: center\">Equus tanul\u00f3hely<\/td> <\/tr> <tr> <td style=\"text-align: center\"> <p><strong>2026.03.30.<\/strong> <strong>\u2013 2026.04.06.<\/strong><\/p> <p><strong>2026.06.27.<\/strong>\u00a0<strong>\u2013<\/strong><strong> 2026.07.03.<\/strong><\/p> <p><strong>2026.08.24. \u2013 2026.08.28.<\/strong><\/td> <td style=\"text-align: center\"><strong>2026.07.04. \u2013 2026.08.23.<\/strong><\/td> <td style=\"text-align: center\"><strong>2026.06.27. \u2013 2026.08.31.<\/strong><\/td> <\/tr> <tr> <td>h\u00e9tf\u0151: 8.30 \u2013 16.00<\/td> <td>h\u00e9tf\u0151: 8.30 \u2013 12.00<\/td> <td>h\u00e9tf\u0151: z\u00e1rva<\/td> <\/tr> <tr> <td>kedd: 8.30 \u2013 16.00<\/td> <td>kedd: 12.30 \u2013 15.30<\/td> <td>kedd: z\u00e1rva<\/td> <\/tr> <tr> <td>szerda: 8.30 \u2013 16.00<\/td> <td>szerda: 8.30 \u2013 12.00<\/td> <td>szerda: z\u00e1rva<\/td> <\/tr> <tr> <td>cs\u00fct\u00f6rt\u00f6k: 8.30 \u2013 16.00<\/td> <td>cs\u00fct\u00f6rt\u00f6k: 12.30 \u2013 15.30<\/td> <td>cs\u00fct\u00f6rt\u00f6k: z\u00e1rva<\/td> <\/tr> <tr> <td>p\u00e9ntek: 9.00 \u2013 12.30<\/td> <td>p\u00e9ntek: 9.00 \u2013 12.00<\/td> <td>p\u00e9ntek: z\u00e1rva<\/td> <\/tr> <tr> <td>szombat: z\u00e1rva<\/td> <td>szombat: z\u00e1rva<\/td> <td>szombat: z\u00e1rva<\/td> <\/tr> <tr> <td>vas\u00e1rnap: z\u00e1rva<a id=\"covid\"><\/a><\/td> <td>vas\u00e1rnap: z\u00e1rva<a id=\"covid\"><\/a><\/td> <td>vas\u00e1rnap: z\u00e1rva<a id=\"covid\"><\/a><\/td> <\/tr> <\/tbody> <\/table> <p>&nbsp;<\/p> <h3>\u00dcnnepnapok 2026<\/h3> <p><strong>A \u201cD\u201d \u00e9p\u00fclet (Olvas\u00f3terem \u00e9s az Equus tanul\u00f3hely is) z\u00e1rva tart az al\u00e1bbi id\u0151pontokban:<\/strong><\/p> <ul> <li>\u00daj\u00e9v \u2013 janu\u00e1r 1.<\/li> <li>Nemzeti \u00fcnnep \u2013 m\u00e1rcius 15.<\/li> <li>Nagyp\u00e9ntek \u00e9s H\u00fasv\u00e9t \u2013 \u00e1prilis 3 \u2013 6.<\/li> <li>Munka \u00fcnnepe \u2013 m\u00e1jus 1.<\/li> <li>P\u00fcnk\u00f6sd h\u00e9tf\u0151 \u2013 m\u00e1jus 25.<\/li> <li>Nemzeti \u00fcnnep \u00e9s egy\u00e9b \u2013 augusztus 20 \u2013 21.<\/li> <li>Nemzeti \u00fcnnep \u2013 okt\u00f3ber 23.<\/li> <li>Nemzeti \u00fcnnep \u2013 november 1.<\/li> <li>T\u00e9li sz\u00fcnet \u2013 december 24. \u00e9s\u00a0 janu\u00e1r 1. k\u00f6z\u00f6tt<\/li> <\/ul> <\/div>","protected":false},"excerpt":{"rendered":"<p>2025\/2026-os tan\u00e9v: M\u00e1jus 1-j\u00e9n (p\u00e9nteken) a Munka \u00fcnnep\u00e9n az olvas\u00f3terem \u00e9s az Equus tanul\u00f3hely is z\u00e1rva tart. Az Equus m\u00e1jus 2-\u00e1n (szombaton), az olvas\u00f3terem m\u00e1jus 4-\u00e9n (h\u00e9tf\u0151n) nyit ki \u00fajra a megszokott id\u0151ben. M\u00e1jus 25-\u00e9n (h\u00e9tf\u0151n) P\u00fcnk\u00f6sd miatt az olvas\u00f3terem \u00e9s az Equus tanul\u00f3hely is z\u00e1rva tart. Nyit\u00e1s m\u00e1jus 26-\u00e1n (kedden) a megszokott id\u0151ben. \u00c1ltal\u00e1nos<\/p>\n","protected":false},"author":4333,"featured_media":0,"parent":36,"menu_order":1,"comment_status":"closed","ping_status":"closed","template":"","meta":{"_acf_changed":false,"_eb_attr":"","footnotes":""},"categories":[17],"tags":[],"class_list":["post-52","page","type-page","status-publish","hentry","category-rolunk"],"acf":[],"yoast_head":"<!-- This site is optimized with the Yoast SEO plugin v27.2 - https:\/\/yoast.com\/product\/yoast-seo-wordpress\/ -->\n<title>Nyitvatart\u00e1s - Hut\u00ffra Ferenc K\u00f6nyvt\u00e1r, Lev\u00e9lt\u00e1r \u00e9s M\u00fazeum<\/title>\n<meta name=\"robots\" content=\"index, follow, max-snippet:-1, max-image-preview:large, max-video-preview:-1\" \/>\n<link rel=\"canonical\" href=\"https:\/\/univet.hu\/konyvtar\/rolunk\/nyitvatartas\/\" \/>\n<meta property=\"og:locale\" content=\"hu_HU\" \/>\n<meta property=\"og:type\" content=\"article\" \/>\n<meta property=\"og:title\" content=\"Nyitvatart\u00e1s - Hut\u00ffra Ferenc K\u00f6nyvt\u00e1r, Lev\u00e9lt\u00e1r \u00e9s M\u00fazeum\" \/>\n<meta property=\"og:description\" content=\"2025\/2026-os tan\u00e9v: M\u00e1jus 1-j\u00e9n (p\u00e9nteken) a Munka \u00fcnnep\u00e9n az olvas\u00f3terem \u00e9s az Equus tanul\u00f3hely is z\u00e1rva tart. Az Equus m\u00e1jus 2-\u00e1n (szombaton), az olvas\u00f3terem m\u00e1jus 4-\u00e9n (h\u00e9tf\u0151n) nyit ki \u00fajra a megszokott id\u0151ben. M\u00e1jus 25-\u00e9n (h\u00e9tf\u0151n) P\u00fcnk\u00f6sd miatt az olvas\u00f3terem \u00e9s az Equus tanul\u00f3hely is z\u00e1rva tart. Nyit\u00e1s m\u00e1jus 26-\u00e1n (kedden) a megszokott id\u0151ben. \u00c1ltal\u00e1nos\" \/>\n<meta property=\"og:url\" content=\"https:\/\/univet.hu\/konyvtar\/rolunk\/nyitvatartas\/\" \/>\n<meta property=\"og:site_name\" content=\"Hut\u00ffra Ferenc K\u00f6nyvt\u00e1r, Lev\u00e9lt\u00e1r \u00e9s M\u00fazeum\" \/>\n<meta property=\"article:modified_time\" content=\"2026-04-08T07:45:43+00:00\" \/>\n<meta name=\"twitter:card\" content=\"summary_large_image\" \/>\n<meta name=\"twitter:label1\" content=\"Becs\u00fclt olvas\u00e1si id\u0151\" \/>\n\t<meta name=\"twitter:data1\" content=\"2 perc\" \/>\n<script type=\"application\/ld+json\" class=\"yoast-schema-graph\">{\"@context\":\"https:\/\/schema.org\",\"@graph\":[{\"@type\":\"WebPage\",\"@id\":\"https:\/\/univet.hu\/konyvtar\/rolunk\/nyitvatartas\/\",\"url\":\"https:\/\/univet.hu\/konyvtar\/rolunk\/nyitvatartas\/\",\"name\":\"Nyitvatart\u00e1s - Hut\u00ffra Ferenc K\u00f6nyvt\u00e1r, Lev\u00e9lt\u00e1r \u00e9s M\u00fazeum\",\"isPartOf\":{\"@id\":\"https:\/\/univet.hu\/konyvtar\/#website\"},\"datePublished\":\"2025-07-09T09:41:40+00:00\",\"dateModified\":\"2026-04-08T07:45:43+00:00\",\"breadcrumb\":{\"@id\":\"https:\/\/univet.hu\/konyvtar\/rolunk\/nyitvatartas\/#breadcrumb\"},\"inLanguage\":\"hu\",\"potentialAction\":[{\"@type\":\"ReadAction\",\"target\":[\"https:\/\/univet.hu\/konyvtar\/rolunk\/nyitvatartas\/\"]}]},{\"@type\":\"BreadcrumbList\",\"@id\":\"https:\/\/univet.hu\/konyvtar\/rolunk\/nyitvatartas\/#breadcrumb\",\"itemListElement\":[{\"@type\":\"ListItem\",\"position\":1,\"name\":\"Kezd\u0151lap\",\"item\":\"https:\/\/univet.hu\/konyvtar\/\"},{\"@type\":\"ListItem\",\"position\":2,\"name\":\"R\u00f3lunk\",\"item\":\"https:\/\/univet.hu\/konyvtar\/rolunk\/\"},{\"@type\":\"ListItem\",\"position\":3,\"name\":\"Nyitvatart\u00e1s\"}]},{\"@type\":\"WebSite\",\"@id\":\"https:\/\/univet.hu\/konyvtar\/#website\",\"url\":\"https:\/\/univet.hu\/konyvtar\/\",\"name\":\"Hut\u00ffra Ferenc K\u00f6nyvt\u00e1r, Lev\u00e9lt\u00e1r \u00e9s M\u00fazeum\",\"description\":\"\",\"potentialAction\":[{\"@type\":\"SearchAction\",\"target\":{\"@type\":\"EntryPoint\",\"urlTemplate\":\"https:\/\/univet.hu\/konyvtar\/?s={search_term_string}\"},\"query-input\":{\"@type\":\"PropertyValueSpecification\",\"valueRequired\":true,\"valueName\":\"search_term_string\"}}],\"inLanguage\":\"hu\"}]}<\/script>\n<!-- \/ Yoast SEO plugin. -->","yoast_head_json":{"title":"Nyitvatart\u00e1s - Hut\u00ffra Ferenc K\u00f6nyvt\u00e1r, Lev\u00e9lt\u00e1r \u00e9s M\u00fazeum","robots":{"index":"index","follow":"follow","max-snippet":"max-snippet:-1","max-image-preview":"max-image-preview:large","max-video-preview":"max-video-preview:-1"},"canonical":"https:\/\/univet.hu\/konyvtar\/rolunk\/nyitvatartas\/","og_locale":"hu_HU","og_type":"article","og_title":"Nyitvatart\u00e1s - Hut\u00ffra Ferenc K\u00f6nyvt\u00e1r, Lev\u00e9lt\u00e1r \u00e9s M\u00fazeum","og_description":"2025\/2026-os tan\u00e9v: M\u00e1jus 1-j\u00e9n (p\u00e9nteken) a Munka \u00fcnnep\u00e9n az olvas\u00f3terem \u00e9s az Equus tanul\u00f3hely is z\u00e1rva tart. Az Equus m\u00e1jus 2-\u00e1n (szombaton), az olvas\u00f3terem m\u00e1jus 4-\u00e9n (h\u00e9tf\u0151n) nyit ki \u00fajra a megszokott id\u0151ben. M\u00e1jus 25-\u00e9n (h\u00e9tf\u0151n) P\u00fcnk\u00f6sd miatt az olvas\u00f3terem \u00e9s az Equus tanul\u00f3hely is z\u00e1rva tart. Nyit\u00e1s m\u00e1jus 26-\u00e1n (kedden) a megszokott id\u0151ben. \u00c1ltal\u00e1nos","og_url":"https:\/\/univet.hu\/konyvtar\/rolunk\/nyitvatartas\/","og_site_name":"Hut\u00ffra Ferenc K\u00f6nyvt\u00e1r, Lev\u00e9lt\u00e1r \u00e9s M\u00fazeum","article_modified_time":"2026-04-08T07:45:43+00:00","twitter_card":"summary_large_image","twitter_misc":{"Becs\u00fclt olvas\u00e1si id\u0151":"2 perc"},"schema":{"@context":"https:\/\/schema.org","@graph":[{"@type":"WebPage","@id":"https:\/\/univet.hu\/konyvtar\/rolunk\/nyitvatartas\/","url":"https:\/\/univet.hu\/konyvtar\/rolunk\/nyitvatartas\/","name":"Nyitvatart\u00e1s - Hut\u00ffra Ferenc K\u00f6nyvt\u00e1r, Lev\u00e9lt\u00e1r \u00e9s M\u00fazeum","isPartOf":{"@id":"https:\/\/univet.hu\/konyvtar\/#website"},"datePublished":"2025-07-09T09:41:40+00:00","dateModified":"2026-04-08T07:45:43+00:00","breadcrumb":{"@id":"https:\/\/univet.hu\/konyvtar\/rolunk\/nyitvatartas\/#breadcrumb"},"inLanguage":"hu","potentialAction":[{"@type":"ReadAction","target":["https:\/\/univet.hu\/konyvtar\/rolunk\/nyitvatartas\/"]}]},{"@type":"BreadcrumbList","@id":"https:\/\/univet.hu\/konyvtar\/rolunk\/nyitvatartas\/#breadcrumb","itemListElement":[{"@type":"ListItem","position":1,"name":"Kezd\u0151lap","item":"https:\/\/univet.hu\/konyvtar\/"},{"@type":"ListItem","position":2,"name":"R\u00f3lunk","item":"https:\/\/univet.hu\/konyvtar\/rolunk\/"},{"@type":"ListItem","position":3,"name":"Nyitvatart\u00e1s"}]},{"@type":"WebSite","@id":"https:\/\/univet.hu\/konyvtar\/#website","url":"https:\/\/univet.hu\/konyvtar\/","name":"Hut\u00ffra Ferenc K\u00f6nyvt\u00e1r, Lev\u00e9lt\u00e1r \u00e9s M\u00fazeum","description":"","potentialAction":[{"@type":"SearchAction","target":{"@type":"EntryPoint","urlTemplate":"https:\/\/univet.hu\/konyvtar\/?s={search_term_string}"},"query-input":{"@type":"PropertyValueSpecification","valueRequired":true,"valueName":"search_term_string"}}],"inLanguage":"hu"}]}},"_links":{"self":[{"href":"https:\/\/univet.hu\/konyvtar\/wp-json\/wp\/v2\/pages\/52","targetHints":{"allow":["GET"]}}],"collection":[{"href":"https:\/\/univet.hu\/konyvtar\/wp-json\/wp\/v2\/pages"}],"about":[{"href":"https:\/\/univet.hu\/konyvtar\/wp-json\/wp\/v2\/types\/page"}],"author":[{"embeddable":true,"href":"https:\/\/univet.hu\/konyvtar\/wp-json\/wp\/v2\/users\/4333"}],"replies":[{"embeddable":true,"href":"https:\/\/univet.hu\/konyvtar\/wp-json\/wp\/v2\/comments?post=52"}],"version-history":[{"count":46,"href":"https:\/\/univet.hu\/konyvtar\/wp-json\/wp\/v2\/pages\/52\/revisions"}],"predecessor-version":[{"id":1421,"href":"https:\/\/univet.hu\/konyvtar\/wp-json\/wp\/v2\/pages\/52\/revisions\/1421"}],"up":[{"embeddable":true,"href":"https:\/\/univet.hu\/konyvtar\/wp-json\/wp\/v2\/pages\/36"}],"wp:attachment":[{"href":"https:\/\/univet.hu\/konyvtar\/wp-json\/wp\/v2\/media?parent=52"}],"wp:term":[{"taxonomy":"category","embeddable":true,"href":"https:\/\/univet.hu\/konyvtar\/wp-json\/wp\/v2\/categories?post=52"},{"taxonomy":"post_tag","embeddable":true,"href":"https:\/\/univet.hu\/konyvtar\/wp-json\/wp\/v2\/tags?post=52"}],"curies":[{"name":"wp","href":"https:\/\/api.w.org\/{rel}","templated":true}]}}