{"id":59,"date":"2025-07-09T11:50:14","date_gmt":"2025-07-09T09:50:14","guid":{"rendered":"https:\/\/univet.hu\/konyvtar\/?page_id=59"},"modified":"2026-01-12T13:54:49","modified_gmt":"2026-01-12T12:54:49","slug":"mtmt","status":"publish","type":"page","link":"https:\/\/univet.hu\/konyvtar\/szolgaltatasok\/mtmt\/","title":{"rendered":"MTMT"},"content":{"rendered":"<div><a href=\"https:\/\/www.mtmt.hu\/\" target=\"_blank\" rel=\"noopener noreferrer\">A Magyar Tudom\u00e1nyos M\u0171vek T\u00e1ra<\/a>\u00a0a magyar szerz\u0151k tudom\u00e1nyos publik\u00e1ci\u00f3inak \u00e9s az azokat id\u00e9z\u0151 k\u00f6zlem\u00e9nyeknek a hiteles bibliogr\u00e1fiai adatb\u00e1zisa.<br \/> Az Egyetem dolgoz\u00f3inak \u00e9s PhD-hallgat\u00f3inak tudom\u00e1nyos k\u00f6zlem\u00e9nyei 2007-t\u0151l teljes k\u00f6r\u0171en, a nem tudom\u00e1nyos jelleg\u0171 \u00e9s a 2007. \u00e9v el\u0151tti k\u00f6zlem\u00e9nyek opcion\u00e1lisan szerepelnek az adatb\u00e1zisban.<\/div> <div>Az \u00c1TE dolgoz\u00f3inak MTMT-vel kapcsolatos k\u00f6telezetts\u00e9geit az 1\/2016-os sz\u00e1m\u00fa rektori utas\u00edt\u00e1s tartalmazza.<\/div> <div> <p>2019. nyar\u00e1t\u00f3l az \u00c1llatorvostudom\u00e1nyi Egyetemmel k\u00f6zalkalmazotti munkaviszonyban \u00e1ll\u00f3 minden dolgoz\u00f3nak az egyetemhez vagy szervezeti egys\u00e9g\u00e9hez affili\u00e1lt tudom\u00e1nyos szakcikkeit (ide\u00e9rtve az \u00f6sszefoglal\u00f3\/review cikkeket \u00e9s r\u00f6vid k\u00f6zlem\u00e9nyt\/short communication is), konferencia k\u00f6zlem\u00e9nyeit (nem absztrakt), k\u00f6nyveit \u00e9s k\u00f6nyvfejezeteit a k\u00f6nyvt\u00e1r munkat\u00e1rsai felviszik az MTMT-be.<\/p> <p>A rendszer m\u0171k\u00f6d\u00e9s\u00e9nek el\u0151felt\u00e9tele, hogy a levelez\u0151 szerz\u0151 a cikk megjelen\u00e9sekor felvegye a kapcsolatot a k\u00f6nyvt\u00e1rral az <a class=\"decrypt\" rel=\"nunuAvojwfu\/iv\" href=\"javascript:void(0);\">[Kattintson az emailc\u00edmhez]<\/a> email c\u00edmen.<\/p> <\/div> <hr \/> <p>Az Egyetem megb\u00edzott MTMT adminisztr\u00e1torai:<\/p> <p><strong>Winkler Bea<\/strong>\u00a0\u2013 MTMT f\u0151adminisztr\u00e1tor<\/p> <ul> <li>Email: <a class=\"decrypt\" rel=\"xjolmfs\/cfbAvojwfu\/iv\" href=\"javascript:void(0);\">[Kattintson az emailc\u00edmhez]<\/a><\/li> <li>Telefon: +36 1 478 4226\u00a0vagy +36 1 478 4100<\/li> <li>Mell\u00e9k: 8801, 8814<\/li> <\/ul> <p><strong>Miszori Katalin<\/strong>\u00a0\u2013 MTMT f\u0151adminisztr\u00e1tor (tart\u00f3san t\u00e1vol)<\/p> <ul> <li>Email: <a class=\"decrypt\" rel=\"njt{psj\/lbubmjoAvojwfu\/iv\" href=\"javascript:void(0);\">[Kattintson az emailc\u00edmhez]<\/a><\/li> <li>Telefon: +36 1 478 4226 vagy +36 1 478 4100<\/li> <li>Mell\u00e9k: 8812, 8814<\/li> <\/ul> <p><strong>Bir\u00f3 Bettina<\/strong><\/p> <ul> <li>Email: <a class=\"decrypt\" rel=\"cjsp\/cfuujobAvojwfu\/iv\" href=\"javascript:void(0);\">[Kattintson az emailc\u00edmhez]<\/a><\/li> <li>Telefon: +36 1 478 4226\u00a0vagy +36 1 478 4100<\/li> <li>Mell\u00e9k: 8802, 8814<\/li> <\/ul> <p>Tov\u00e1bbi adminisztr\u00e1torok:<\/p> <p><strong>Mudri Di\u00e1na<\/strong><\/p> <ul> <li>Email: <a class=\"decrypt\" rel=\"nvesj\/ejbobAvojwfu\/iv\" href=\"javascript:void(0);\">[Kattintson az emailc\u00edmhez]<\/a><\/li> <li>Telefon: +36 1 478 4226\u00a0vagy +36 1 478 4100<\/li> <li>Mell\u00e9k: 8800, 8814<\/li> <\/ul> <p><strong>Osv\u00e1th Emese<\/strong><\/p> <ul> <li>Email: <a class=\"decrypt\" rel=\"ptwbui\/fnftfAvojwfu\/iv\" href=\"javascript:void(0);\">[Kattintson az emailc\u00edmhez]<\/a><\/li> <li>Telefon: +36 1 478 4226\u00a0vagy +36 1 478 4100<\/li> <li>Mell\u00e9k: 8816, 8814<\/li> <\/ul> <p><strong>P\u00e1lfyn\u00e9 Varga Orsolya<\/strong><\/p> <ul> <li>Email: <a class=\"decrypt\" rel=\"wbshb\/pstpmzbAvojwfu\/iv\" href=\"javascript:void(0);\">[Kattintson az emailc\u00edmhez]<\/a><\/li> <li>Telefon: +36 1 478 4226\u00a0vagy +36 1 478 4100<\/li> <li>Mell\u00e9k: 8809, 8814<\/li> <\/ul>","protected":false},"excerpt":{"rendered":"<p>A Magyar Tudom\u00e1nyos M\u0171vek T\u00e1ra\u00a0a magyar szerz\u0151k tudom\u00e1nyos publik\u00e1ci\u00f3inak \u00e9s az azokat id\u00e9z\u0151 k\u00f6zlem\u00e9nyeknek a hiteles bibliogr\u00e1fiai adatb\u00e1zisa. Az Egyetem dolgoz\u00f3inak \u00e9s PhD-hallgat\u00f3inak tudom\u00e1nyos k\u00f6zlem\u00e9nyei 2007-t\u0151l teljes k\u00f6r\u0171en, a nem tudom\u00e1nyos jelleg\u0171 \u00e9s a 2007. \u00e9v el\u0151tti k\u00f6zlem\u00e9nyek opcion\u00e1lisan szerepelnek az adatb\u00e1zisban. Az \u00c1TE dolgoz\u00f3inak MTMT-vel kapcsolatos k\u00f6telezetts\u00e9geit az 1\/2016-os sz\u00e1m\u00fa rektori utas\u00edt\u00e1s tartalmazza. 2019.<\/p>\n","protected":false},"author":58,"featured_media":0,"parent":27,"menu_order":0,"comment_status":"closed","ping_status":"closed","template":"","meta":{"_acf_changed":false,"_eb_attr":"","footnotes":""},"categories":[16],"tags":[],"class_list":["post-59","page","type-page","status-publish","hentry","category-szolgaltatasok"],"acf":[],"yoast_head":"<!-- This site is optimized with the Yoast SEO plugin v27.2 - https:\/\/yoast.com\/product\/yoast-seo-wordpress\/ -->\n<title>MTMT - Hut\u00ffra Ferenc K\u00f6nyvt\u00e1r, Lev\u00e9lt\u00e1r \u00e9s M\u00fazeum<\/title>\n<meta name=\"robots\" content=\"index, follow, max-snippet:-1, max-image-preview:large, max-video-preview:-1\" \/>\n<link rel=\"canonical\" href=\"https:\/\/univet.hu\/konyvtar\/szolgaltatasok\/mtmt\/\" \/>\n<meta property=\"og:locale\" content=\"hu_HU\" \/>\n<meta property=\"og:type\" content=\"article\" \/>\n<meta property=\"og:title\" content=\"MTMT - Hut\u00ffra Ferenc K\u00f6nyvt\u00e1r, Lev\u00e9lt\u00e1r \u00e9s M\u00fazeum\" \/>\n<meta property=\"og:description\" content=\"A Magyar Tudom\u00e1nyos M\u0171vek T\u00e1ra\u00a0a magyar szerz\u0151k tudom\u00e1nyos publik\u00e1ci\u00f3inak \u00e9s az azokat id\u00e9z\u0151 k\u00f6zlem\u00e9nyeknek a hiteles bibliogr\u00e1fiai adatb\u00e1zisa. Az Egyetem dolgoz\u00f3inak \u00e9s PhD-hallgat\u00f3inak tudom\u00e1nyos k\u00f6zlem\u00e9nyei 2007-t\u0151l teljes k\u00f6r\u0171en, a nem tudom\u00e1nyos jelleg\u0171 \u00e9s a 2007. \u00e9v el\u0151tti k\u00f6zlem\u00e9nyek opcion\u00e1lisan szerepelnek az adatb\u00e1zisban. Az \u00c1TE dolgoz\u00f3inak MTMT-vel kapcsolatos k\u00f6telezetts\u00e9geit az 1\/2016-os sz\u00e1m\u00fa rektori utas\u00edt\u00e1s tartalmazza. 2019.\" \/>\n<meta property=\"og:url\" content=\"https:\/\/univet.hu\/konyvtar\/szolgaltatasok\/mtmt\/\" \/>\n<meta property=\"og:site_name\" content=\"Hut\u00ffra Ferenc K\u00f6nyvt\u00e1r, Lev\u00e9lt\u00e1r \u00e9s M\u00fazeum\" \/>\n<meta property=\"article:modified_time\" content=\"2026-01-12T12:54:49+00:00\" \/>\n<meta name=\"twitter:card\" content=\"summary_large_image\" \/>\n<meta name=\"twitter:label1\" content=\"Becs\u00fclt olvas\u00e1si id\u0151\" \/>\n\t<meta name=\"twitter:data1\" content=\"2 perc\" \/>\n<script type=\"application\/ld+json\" class=\"yoast-schema-graph\">{\"@context\":\"https:\/\/schema.org\",\"@graph\":[{\"@type\":\"WebPage\",\"@id\":\"https:\/\/univet.hu\/konyvtar\/szolgaltatasok\/mtmt\/\",\"url\":\"https:\/\/univet.hu\/konyvtar\/szolgaltatasok\/mtmt\/\",\"name\":\"MTMT - Hut\u00ffra Ferenc K\u00f6nyvt\u00e1r, Lev\u00e9lt\u00e1r \u00e9s M\u00fazeum\",\"isPartOf\":{\"@id\":\"https:\/\/univet.hu\/konyvtar\/#website\"},\"datePublished\":\"2025-07-09T09:50:14+00:00\",\"dateModified\":\"2026-01-12T12:54:49+00:00\",\"breadcrumb\":{\"@id\":\"https:\/\/univet.hu\/konyvtar\/szolgaltatasok\/mtmt\/#breadcrumb\"},\"inLanguage\":\"hu\",\"potentialAction\":[{\"@type\":\"ReadAction\",\"target\":[\"https:\/\/univet.hu\/konyvtar\/szolgaltatasok\/mtmt\/\"]}]},{\"@type\":\"BreadcrumbList\",\"@id\":\"https:\/\/univet.hu\/konyvtar\/szolgaltatasok\/mtmt\/#breadcrumb\",\"itemListElement\":[{\"@type\":\"ListItem\",\"position\":1,\"name\":\"Kezd\u0151lap\",\"item\":\"https:\/\/univet.hu\/konyvtar\/\"},{\"@type\":\"ListItem\",\"position\":2,\"name\":\"Szolg\u00e1ltat\u00e1sok\",\"item\":\"https:\/\/univet.hu\/konyvtar\/szolgaltatasok\/\"},{\"@type\":\"ListItem\",\"position\":3,\"name\":\"MTMT\"}]},{\"@type\":\"WebSite\",\"@id\":\"https:\/\/univet.hu\/konyvtar\/#website\",\"url\":\"https:\/\/univet.hu\/konyvtar\/\",\"name\":\"Hut\u00ffra Ferenc K\u00f6nyvt\u00e1r, Lev\u00e9lt\u00e1r \u00e9s M\u00fazeum\",\"description\":\"\",\"potentialAction\":[{\"@type\":\"SearchAction\",\"target\":{\"@type\":\"EntryPoint\",\"urlTemplate\":\"https:\/\/univet.hu\/konyvtar\/?s={search_term_string}\"},\"query-input\":{\"@type\":\"PropertyValueSpecification\",\"valueRequired\":true,\"valueName\":\"search_term_string\"}}],\"inLanguage\":\"hu\"}]}<\/script>\n<!-- \/ Yoast SEO plugin. -->","yoast_head_json":{"title":"MTMT - Hut\u00ffra Ferenc K\u00f6nyvt\u00e1r, Lev\u00e9lt\u00e1r \u00e9s M\u00fazeum","robots":{"index":"index","follow":"follow","max-snippet":"max-snippet:-1","max-image-preview":"max-image-preview:large","max-video-preview":"max-video-preview:-1"},"canonical":"https:\/\/univet.hu\/konyvtar\/szolgaltatasok\/mtmt\/","og_locale":"hu_HU","og_type":"article","og_title":"MTMT - Hut\u00ffra Ferenc K\u00f6nyvt\u00e1r, Lev\u00e9lt\u00e1r \u00e9s M\u00fazeum","og_description":"A Magyar Tudom\u00e1nyos M\u0171vek T\u00e1ra\u00a0a magyar szerz\u0151k tudom\u00e1nyos publik\u00e1ci\u00f3inak \u00e9s az azokat id\u00e9z\u0151 k\u00f6zlem\u00e9nyeknek a hiteles bibliogr\u00e1fiai adatb\u00e1zisa. Az Egyetem dolgoz\u00f3inak \u00e9s PhD-hallgat\u00f3inak tudom\u00e1nyos k\u00f6zlem\u00e9nyei 2007-t\u0151l teljes k\u00f6r\u0171en, a nem tudom\u00e1nyos jelleg\u0171 \u00e9s a 2007. \u00e9v el\u0151tti k\u00f6zlem\u00e9nyek opcion\u00e1lisan szerepelnek az adatb\u00e1zisban. Az \u00c1TE dolgoz\u00f3inak MTMT-vel kapcsolatos k\u00f6telezetts\u00e9geit az 1\/2016-os sz\u00e1m\u00fa rektori utas\u00edt\u00e1s tartalmazza. 2019.","og_url":"https:\/\/univet.hu\/konyvtar\/szolgaltatasok\/mtmt\/","og_site_name":"Hut\u00ffra Ferenc K\u00f6nyvt\u00e1r, Lev\u00e9lt\u00e1r \u00e9s M\u00fazeum","article_modified_time":"2026-01-12T12:54:49+00:00","twitter_card":"summary_large_image","twitter_misc":{"Becs\u00fclt olvas\u00e1si id\u0151":"2 perc"},"schema":{"@context":"https:\/\/schema.org","@graph":[{"@type":"WebPage","@id":"https:\/\/univet.hu\/konyvtar\/szolgaltatasok\/mtmt\/","url":"https:\/\/univet.hu\/konyvtar\/szolgaltatasok\/mtmt\/","name":"MTMT - Hut\u00ffra Ferenc K\u00f6nyvt\u00e1r, Lev\u00e9lt\u00e1r \u00e9s M\u00fazeum","isPartOf":{"@id":"https:\/\/univet.hu\/konyvtar\/#website"},"datePublished":"2025-07-09T09:50:14+00:00","dateModified":"2026-01-12T12:54:49+00:00","breadcrumb":{"@id":"https:\/\/univet.hu\/konyvtar\/szolgaltatasok\/mtmt\/#breadcrumb"},"inLanguage":"hu","potentialAction":[{"@type":"ReadAction","target":["https:\/\/univet.hu\/konyvtar\/szolgaltatasok\/mtmt\/"]}]},{"@type":"BreadcrumbList","@id":"https:\/\/univet.hu\/konyvtar\/szolgaltatasok\/mtmt\/#breadcrumb","itemListElement":[{"@type":"ListItem","position":1,"name":"Kezd\u0151lap","item":"https:\/\/univet.hu\/konyvtar\/"},{"@type":"ListItem","position":2,"name":"Szolg\u00e1ltat\u00e1sok","item":"https:\/\/univet.hu\/konyvtar\/szolgaltatasok\/"},{"@type":"ListItem","position":3,"name":"MTMT"}]},{"@type":"WebSite","@id":"https:\/\/univet.hu\/konyvtar\/#website","url":"https:\/\/univet.hu\/konyvtar\/","name":"Hut\u00ffra Ferenc K\u00f6nyvt\u00e1r, Lev\u00e9lt\u00e1r \u00e9s M\u00fazeum","description":"","potentialAction":[{"@type":"SearchAction","target":{"@type":"EntryPoint","urlTemplate":"https:\/\/univet.hu\/konyvtar\/?s={search_term_string}"},"query-input":{"@type":"PropertyValueSpecification","valueRequired":true,"valueName":"search_term_string"}}],"inLanguage":"hu"}]}},"_links":{"self":[{"href":"https:\/\/univet.hu\/konyvtar\/wp-json\/wp\/v2\/pages\/59","targetHints":{"allow":["GET"]}}],"collection":[{"href":"https:\/\/univet.hu\/konyvtar\/wp-json\/wp\/v2\/pages"}],"about":[{"href":"https:\/\/univet.hu\/konyvtar\/wp-json\/wp\/v2\/types\/page"}],"author":[{"embeddable":true,"href":"https:\/\/univet.hu\/konyvtar\/wp-json\/wp\/v2\/users\/58"}],"replies":[{"embeddable":true,"href":"https:\/\/univet.hu\/konyvtar\/wp-json\/wp\/v2\/comments?post=59"}],"version-history":[{"count":1,"href":"https:\/\/univet.hu\/konyvtar\/wp-json\/wp\/v2\/pages\/59\/revisions"}],"predecessor-version":[{"id":60,"href":"https:\/\/univet.hu\/konyvtar\/wp-json\/wp\/v2\/pages\/59\/revisions\/60"}],"up":[{"embeddable":true,"href":"https:\/\/univet.hu\/konyvtar\/wp-json\/wp\/v2\/pages\/27"}],"wp:attachment":[{"href":"https:\/\/univet.hu\/konyvtar\/wp-json\/wp\/v2\/media?parent=59"}],"wp:term":[{"taxonomy":"category","embeddable":true,"href":"https:\/\/univet.hu\/konyvtar\/wp-json\/wp\/v2\/categories?post=59"},{"taxonomy":"post_tag","embeddable":true,"href":"https:\/\/univet.hu\/konyvtar\/wp-json\/wp\/v2\/tags?post=59"}],"curies":[{"name":"wp","href":"https:\/\/api.w.org\/{rel}","templated":true}]}}